{"id":89796,"date":"2023-07-22T12:07:12","date_gmt":"2023-07-22T10:07:12","guid":{"rendered":"https:\/\/datawords.com\/personal-data-management\/"},"modified":"2025-12-03T15:27:02","modified_gmt":"2025-12-03T14:27:02","slug":"personal-data-management","status":"publish","type":"page","link":"https:\/\/datawords.com\/tl\/personal-data-management\/","title":{"rendered":"Personal data management"},"content":{"rendered":"\t\t<div data-elementor-type=\"wp-page\" data-elementor-id=\"89796\" class=\"elementor elementor-89796 elementor-8143\" data-elementor-post-type=\"page\">\n\t\t\t\t\t\t<section class=\"elementor-section elementor-top-section elementor-element elementor-element-f839cb8 elementor-section-boxed elementor-section-height-default elementor-section-height-default\" data-id=\"f839cb8\" data-element_type=\"section\" data-settings=\"{&quot;background_background&quot;:&quot;classic&quot;}\">\n\t\t\t\t\t\t<div class=\"elementor-container elementor-column-gap-default\">\n\t\t\t\t\t<div class=\"elementor-column elementor-col-100 elementor-top-column elementor-element elementor-element-38ac31f\" data-id=\"38ac31f\" data-element_type=\"column\" data-settings=\"{&quot;background_background&quot;:&quot;classic&quot;}\">\n\t\t\t<div class=\"elementor-widget-wrap elementor-element-populated\">\n\t\t\t\t\t\t<section class=\"elementor-section elementor-inner-section elementor-element elementor-element-49dbc91 elementor-section-boxed elementor-section-height-default elementor-section-height-default\" data-id=\"49dbc91\" data-element_type=\"section\">\n\t\t\t\t\t\t<div class=\"elementor-container elementor-column-gap-default\">\n\t\t\t\t\t<div class=\"elementor-column elementor-col-100 elementor-inner-column elementor-element elementor-element-279eb8a\" data-id=\"279eb8a\" data-element_type=\"column\">\n\t\t\t<div class=\"elementor-widget-wrap elementor-element-populated\">\n\t\t\t\t\t\t<div class=\"elementor-element elementor-element-cecb9f4 textchange elementor-widget__width-initial elementor-widget elementor-widget-text-editor\" data-id=\"cecb9f4\" data-element_type=\"widget\" data-widget_type=\"text-editor.default\">\n\t\t\t\t<div class=\"elementor-widget-container\">\n\t\t\t\t\t\t\t\t\t<h1><strong>PAMAMAHALA NG<\/strong><br> PERSONAL NA DATA<\/h1>\t\t\t\t\t\t\t\t<\/div>\n\t\t\t\t<\/div>\n\t\t\t\t\t<\/div>\n\t\t<\/div>\n\t\t\t\t\t<\/div>\n\t\t<\/section>\n\t\t\t\t\t<\/div>\n\t\t<\/div>\n\t\t\t\t\t<\/div>\n\t\t<\/section>\n\t\t<div class=\"elementor-element elementor-element-d4fd733 e-flex e-con-boxed e-con e-parent\" data-id=\"d4fd733\" data-element_type=\"container\" data-settings=\"{&quot;background_background&quot;:&quot;classic&quot;}\">\n\t\t\t\t\t<div class=\"e-con-inner\">\n\t\t\t\t<div class=\"elementor-element elementor-element-c4c9972 elementor-widget elementor-widget-spacer\" data-id=\"c4c9972\" data-element_type=\"widget\" data-widget_type=\"spacer.default\">\n\t\t\t\t<div class=\"elementor-widget-container\">\n\t\t\t\t\t\t\t<div class=\"elementor-spacer\">\n\t\t\t<div class=\"elementor-spacer-inner\"><\/div>\n\t\t<\/div>\n\t\t\t\t\t\t<\/div>\n\t\t\t\t<\/div>\n\t\t\t\t\t<\/div>\n\t\t\t\t<\/div>\n\t\t\t\t<section class=\"elementor-section elementor-top-section elementor-element elementor-element-0109d5c whitetxt elementor-section-boxed elementor-section-height-default elementor-section-height-default\" data-id=\"0109d5c\" data-element_type=\"section\" data-settings=\"{&quot;background_background&quot;:&quot;classic&quot;}\">\n\t\t\t\t\t\t<div class=\"elementor-container elementor-column-gap-default\">\n\t\t\t\t\t<div class=\"elementor-column elementor-col-100 elementor-top-column elementor-element elementor-element-bc0f333\" data-id=\"bc0f333\" data-element_type=\"column\">\n\t\t\t<div class=\"elementor-widget-wrap elementor-element-populated\">\n\t\t\t\t\t\t<section class=\"elementor-section elementor-inner-section elementor-element elementor-element-61180fb elementor-section-boxed elementor-section-height-default elementor-section-height-default\" data-id=\"61180fb\" data-element_type=\"section\">\n\t\t\t\t\t\t<div class=\"elementor-container elementor-column-gap-default\">\n\t\t\t\t\t<div class=\"elementor-column elementor-col-100 elementor-inner-column elementor-element elementor-element-eddf026\" data-id=\"eddf026\" data-element_type=\"column\">\n\t\t\t<div class=\"elementor-widget-wrap elementor-element-populated\">\n\t\t\t\t\t\t<div class=\"elementor-element elementor-element-8b362c0 elementor-widget elementor-widget-heading\" data-id=\"8b362c0\" data-element_type=\"widget\" data-widget_type=\"heading.default\">\n\t\t\t\t<div class=\"elementor-widget-container\">\n\t\t\t\t\t<p class=\"elementor-heading-title elementor-size-default\">Ganap na alam ng Datawords ang mga regulasyong namamahala sa proteksiyon ng personal na data. Sa pag-iisip na ito, nilalayon naming gawing malinaw at madaling ma-access ang lahat ng impormasyong nauugnay sa pagproseso ng data sa pamamagitan ng aming website hangga't maaari, nauugnay man ito sa isang simpleng kahilingan sa impormasyon, isang subscription sa aming newsletter o isang aplikasyon para sa trabaho sa amin.\n\n<\/p>\t\t\t\t<\/div>\n\t\t\t\t<\/div>\n\t\t\t\t<div class=\"elementor-element elementor-element-c737e14 elementor-widget elementor-widget-heading\" data-id=\"c737e14\" data-element_type=\"widget\" data-widget_type=\"heading.default\">\n\t\t\t\t<div class=\"elementor-widget-container\">\n\t\t\t\t\t<p class=\"elementor-heading-title elementor-size-default\">Ang layunin ng patakaran sa proteksiyon ng personal na data ng Datawords ay ipaalam sa iyo ang tungkol sa kung paano gagamitin ang data na nakolekta sa pamamagitan ng website na ito, gayundin ang tungkol sa iyong mga karapatan at kung paano mo ito magagamit.\n\n<\/p>\t\t\t\t<\/div>\n\t\t\t\t<\/div>\n\t\t\t\t<div class=\"elementor-element elementor-element-b0ef53f elementor-widget elementor-widget-heading\" data-id=\"b0ef53f\" data-element_type=\"widget\" data-widget_type=\"heading.default\">\n\t\t\t\t<div class=\"elementor-widget-container\">\n\t\t\t\t\t<p class=\"elementor-heading-title elementor-size-default\">Sinasalamin din ng patakarang ito ang mga prinsipyo ng pagiging kumpidensiyal at seguridad ng data ng Datawords. Ang pagpoproseso ng data ay mahalaga sa Datawords, kaya mahalaga para sa aming negosyo na ito ay isinasagawa nang ligtas at alinsunod sa iyong mga kagustuhan.\n\n\n<\/p>\t\t\t\t<\/div>\n\t\t\t\t<\/div>\n\t\t\t\t<div class=\"elementor-element elementor-element-c92df97 elementor-widget elementor-widget-heading\" data-id=\"c92df97\" data-element_type=\"widget\" data-widget_type=\"heading.default\">\n\t\t\t\t<div class=\"elementor-widget-container\">\n\t\t\t\t\t<p class=\"elementor-heading-title elementor-size-default\">Bago kumpirmahin ang pagsusumite ng iyong personal na data sa pamamagitan ng aming website, sumasang-ayon kang basahin at tanggapin ang patakarang ito. Sa pamamagitan ng pagtanggap, ibinibigay mo ang iyong malinaw at walang alinlangan na pahintulot para iproseso ng Datawords ang iyong kahilingan gamit ang data na isinumite para sa layuning ito.\n\n\n<\/p>\t\t\t\t<\/div>\n\t\t\t\t<\/div>\n\t\t\t\t<div class=\"elementor-element elementor-element-62d8f43 elementor-widget__width-inherit textchange elementor-widget elementor-widget-text-editor\" data-id=\"62d8f43\" data-element_type=\"widget\" data-widget_type=\"text-editor.default\">\n\t\t\t\t<div class=\"elementor-widget-container\">\n\t\t\t\t\t\t\t\t\t<h2><strong>Mga paninindigan de ng<\/strong> Datawords<\/h2>\n\n\t\t\t\t\t\t\t\t<\/div>\n\t\t\t\t<\/div>\n\t\t\t\t<div class=\"elementor-element elementor-element-b786be3 elementor-widget elementor-widget-heading\" data-id=\"b786be3\" data-element_type=\"widget\" data-widget_type=\"heading.default\">\n\t\t\t\t<div class=\"elementor-widget-container\">\n\t\t\t\t\t<p class=\"elementor-heading-title elementor-size-default\">Ang Datawords ay nangangako sa pagsunod sa batas ng France na may kaugnayan sa personal na data, sa partikular na batas blg. 78-17 ng Enero 6, 1978 sa pagproseso ng data, mga file ng data at mga indibiduwal na kalayaan. Bilang karagdagan, ang Datawords ay nakatuon sa pagsunod sa General Data Protection Regulation (GDPR) 2016\/679 ng European Parliament at ng Konseho of Abril 27, 2016, na ipinatupad mula noong Mayo 25, 2018.\n\n<\/p>\t\t\t\t<\/div>\n\t\t\t\t<\/div>\n\t\t\t\t<div class=\"elementor-element elementor-element-8c8d50b elementor-widget elementor-widget-heading\" data-id=\"8c8d50b\" data-element_type=\"widget\" data-widget_type=\"heading.default\">\n\t\t\t\t<div class=\"elementor-widget-container\">\n\t\t\t\t\t<p class=\"elementor-heading-title elementor-size-default\">Kaya't ipinangako namin na gamitin ang personal na data na natatanggap namin lamang alinsunod sa mga layunin kung saan ito isinumite.\n\n<\/p>\t\t\t\t<\/div>\n\t\t\t\t<\/div>\n\t\t\t\t<div class=\"elementor-element elementor-element-191fc1e elementor-widget elementor-widget-heading\" data-id=\"191fc1e\" data-element_type=\"widget\" data-widget_type=\"heading.default\">\n\t\t\t\t<div class=\"elementor-widget-container\">\n\t\t\t\t\t<p class=\"elementor-heading-title elementor-size-default\">Nangangako rin ang Datawords na ilagay ang lahat ng pang-organisasyon at teknikal na mga hakbang na kinakailangan upang sumunod sa mga nabanggit na teksto, at upang matiyak ang antas ng seguridad na naaangkop sa mga layunin ng pagproseso at katangian ng data.\n\n<\/p>\t\t\t\t<\/div>\n\t\t\t\t<\/div>\n\t\t\t\t<div class=\"elementor-element elementor-element-5737e78 elementor-widget elementor-widget-heading\" data-id=\"5737e78\" data-element_type=\"widget\" data-widget_type=\"heading.default\">\n\t\t\t\t<div class=\"elementor-widget-container\">\n\t\t\t\t\t<p class=\"elementor-heading-title elementor-size-default\">Kung mayroon kang anumang mga tanong tungkol sa patakarang ito, mangyaring makipag-ugnayan sa Datawords sa dpo@datawords.com.\n\n<\/p>\t\t\t\t<\/div>\n\t\t\t\t<\/div>\n\t\t\t\t<div class=\"elementor-element elementor-element-9e0d07a elementor-widget__width-inherit textchange elementor-widget elementor-widget-text-editor\" data-id=\"9e0d07a\" data-element_type=\"widget\" data-widget_type=\"text-editor.default\">\n\t\t\t\t<div class=\"elementor-widget-container\">\n\t\t\t\t\t\t\t\t\t<h2><strong>Sino ang kokolekta<\/strong> ng iyong data?<\/h2>\t\t\t\t\t\t\t\t<\/div>\n\t\t\t\t<\/div>\n\t\t\t\t<div class=\"elementor-element elementor-element-8511849 elementor-widget elementor-widget-heading\" data-id=\"8511849\" data-element_type=\"widget\" data-widget_type=\"heading.default\">\n\t\t\t\t<div class=\"elementor-widget-container\">\n\t\t\t\t\t<p class=\"elementor-heading-title elementor-size-default\">Para sa pagkolekta ng personal na data ng mga bisita nito sa pamamagitan ng website nito, gumaganap ang Datawords bilang data controller at direktang kinokolekta ang nasabing data.\n\n\n<\/p>\t\t\t\t<\/div>\n\t\t\t\t<\/div>\n\t\t\t\t<div class=\"elementor-element elementor-element-9a7fdd0 elementor-widget elementor-widget-heading\" data-id=\"9a7fdd0\" data-element_type=\"widget\" data-widget_type=\"heading.default\">\n\t\t\t\t<div class=\"elementor-widget-container\">\n\t\t\t\t\t<p class=\"elementor-heading-title elementor-size-default\">Ang nakarehistrong opisina ng Datawords ay matatagpuan sa sumusunod na address:\n<br><br>\n\nDatawords<br>\n66 rue de Villiers<br>\n92300 Levallois-Perret<br>\nFrance<\/p>\t\t\t\t<\/div>\n\t\t\t\t<\/div>\n\t\t\t\t<div class=\"elementor-element elementor-element-66f7bcf elementor-widget elementor-widget-heading\" data-id=\"66f7bcf\" data-element_type=\"widget\" data-widget_type=\"heading.default\">\n\t\t\t\t<div class=\"elementor-widget-container\">\n\t\t\t\t\t<p class=\"elementor-heading-title elementor-size-default\">Ang Datawords Datasia ay isang soci\u00e9t\u00e9 par actions simplifi\u00e9e (pinasimpleng joint stock na kompanya) nakarehistro sa Nanterre Trade and Companies Register sa ilalim ng numerong 431 857 317, na may share capital na \u20ac127,960.00.\n\n\n<\/p>\t\t\t\t<\/div>\n\t\t\t\t<\/div>\n\t\t\t\t<div class=\"elementor-element elementor-element-db96fa4 elementor-widget__width-inherit textchange elementor-widget elementor-widget-text-editor\" data-id=\"db96fa4\" data-element_type=\"widget\" data-widget_type=\"text-editor.default\">\n\t\t\t\t<div class=\"elementor-widget-container\">\n\t\t\t\t\t\t\t\t\t<h2><strong>Bakit kinokolekta ng<\/strong> Datawords ang iyong personal na data?<\/h2>\t\t\t\t\t\t\t\t<\/div>\n\t\t\t\t<\/div>\n\t\t\t\t<div class=\"elementor-element elementor-element-e5f006b elementor-widget elementor-widget-image-box\" data-id=\"e5f006b\" data-element_type=\"widget\" data-widget_type=\"image-box.default\">\n\t\t\t\t<div class=\"elementor-widget-container\">\n\t\t\t\t\t<div class=\"elementor-image-box-wrapper\"><div class=\"elementor-image-box-content\"><h3 class=\"elementor-image-box-title\">Personal na data na isinumite sa loob ng aming tab ng contact<\/h3><\/div><\/div>\t\t\t\t<\/div>\n\t\t\t\t<\/div>\n\t\t\t\t<div class=\"elementor-element elementor-element-b9a3e50 elementor-widget elementor-widget-heading\" data-id=\"b9a3e50\" data-element_type=\"widget\" data-widget_type=\"heading.default\">\n\t\t\t\t<div class=\"elementor-widget-container\">\n\t\t\t\t\t<p class=\"elementor-heading-title elementor-size-default\">Ang personal na data na isinumite sa loob ng aming tab ng contact ay ang impormasyon sa pakikipag-ugnayan na pinili mong ibahagi sa amin. Ang layunin ng impormasyong ito ay para kilalanin ka at para bigyan kami ng pagkakataong makabalik sa iyo nang may posibleng pag-unawa sa iyong mga pangangailangan.\n\n<\/p>\t\t\t\t<\/div>\n\t\t\t\t<\/div>\n\t\t\t\t<div class=\"elementor-element elementor-element-cc94072 elementor-widget elementor-widget-heading\" data-id=\"cc94072\" data-element_type=\"widget\" data-widget_type=\"heading.default\">\n\t\t\t\t<div class=\"elementor-widget-container\">\n\t\t\t\t\t<p class=\"elementor-heading-title elementor-size-default\">Kung maipadala mo sa amin ang file na iyong pinili upang suportahan ang iyong kahilingan sa pamamagitan ng aming website, nais ipaalala sa iyo ng Datawords na hindi ito sapilitan. Gayunpaman, kung magpasya kang gamitin ang opsiyong ito, ganap kang responsable sa pagpili ng impormasyong ibinigay sa dokumentong ito. Gayundin ang naaangkop sa mensahe na maaari mong isulat at ilakip sa tabi ng kahilingan.\n\n<\/p>\t\t\t\t<\/div>\n\t\t\t\t<\/div>\n\t\t\t\t<div class=\"elementor-element elementor-element-accaf5b elementor-widget elementor-widget-heading\" data-id=\"accaf5b\" data-element_type=\"widget\" data-widget_type=\"heading.default\">\n\t\t\t\t<div class=\"elementor-widget-container\">\n\t\t\t\t\t<p class=\"elementor-heading-title elementor-size-default\">Kapag sumang-ayon kang isumite ang iyong personal na data sa Datawords, sumasang-ayon ka rin na maaaring gamitin ng Datawords ang data na ito sa loob ng mga limitasyon ng mga layuning nakadetalye sa itaas.\n\n<\/p>\t\t\t\t<\/div>\n\t\t\t\t<\/div>\n\t\t\t\t<div class=\"elementor-element elementor-element-627ade0 elementor-widget elementor-widget-image-box\" data-id=\"627ade0\" data-element_type=\"widget\" data-widget_type=\"image-box.default\">\n\t\t\t\t<div class=\"elementor-widget-container\">\n\t\t\t\t\t<div class=\"elementor-image-box-wrapper\"><div class=\"elementor-image-box-content\"><h3 class=\"elementor-image-box-title\">Personal na data na isinumite bilang bahagi ng isang aplikasyon sa trabaho<\/h3><\/div><\/div>\t\t\t\t<\/div>\n\t\t\t\t<\/div>\n\t\t\t\t<div class=\"elementor-element elementor-element-67881b5 elementor-widget elementor-widget-heading\" data-id=\"67881b5\" data-element_type=\"widget\" data-widget_type=\"heading.default\">\n\t\t\t\t<div class=\"elementor-widget-container\">\n\t\t\t\t\t<p class=\"elementor-heading-title elementor-size-default\">Ang lahat ng personal na data na isinumite sa pamamagitan ng aming website bilang bahagi ng proseso ng recruitment, iyon ay, ang iyong (mga) apelyido at (mga) pangalan, e-mail address, CV at cover letter, ay ginagamit upang suriin ang iyong aplikasyon nang tumpak hangga't maaari at makipag-ugnayan upang ipaalam sa iyo ang resulta ng aming proseso sa recruitment.\n\n\n<\/p>\t\t\t\t<\/div>\n\t\t\t\t<\/div>\n\t\t\t\t<div class=\"elementor-element elementor-element-272a224 elementor-widget elementor-widget-image-box\" data-id=\"272a224\" data-element_type=\"widget\" data-widget_type=\"image-box.default\">\n\t\t\t\t<div class=\"elementor-widget-container\">\n\t\t\t\t\t<div class=\"elementor-image-box-wrapper\"><div class=\"elementor-image-box-content\"><h3 class=\"elementor-image-box-title\">Personal na data na isinumite bilang bahagi ng suskrisyon sa newsletter<\/h3><\/div><\/div>\t\t\t\t<\/div>\n\t\t\t\t<\/div>\n\t\t\t\t<div class=\"elementor-element elementor-element-08aabc9 elementor-widget elementor-widget-heading\" data-id=\"08aabc9\" data-element_type=\"widget\" data-widget_type=\"heading.default\">\n\t\t\t\t<div class=\"elementor-widget-container\">\n\t\t\t\t\t<p class=\"elementor-heading-title elementor-size-default\">Kapag ipinadala mo sa amin ang iyong personal na data upang matanggap ang aming newsletter, ginagamit lamang ng Datawords ang impormasyong ito para sa nakasaad na layunin. Maaari kang mag-unsubscribe sa pamamagitan ng pag-click sa naaangkop na link sa bawat newsletter.\n\n\n<\/p>\t\t\t\t<\/div>\n\t\t\t\t<\/div>\n\t\t\t\t<div class=\"elementor-element elementor-element-82bd1b5 elementor-widget__width-inherit textchange elementor-widget elementor-widget-text-editor\" data-id=\"82bd1b5\" data-element_type=\"widget\" data-widget_type=\"text-editor.default\">\n\t\t\t\t<div class=\"elementor-widget-container\">\n\t\t\t\t\t\t\t\t\t<h2><strong> Gumagamit ba ng cookies ang <\/strong> website ng Datawords?<\/h2>\n\n\t\t\t\t\t\t\t\t<\/div>\n\t\t\t\t<\/div>\n\t\t\t\t<div class=\"elementor-element elementor-element-9268eb6 elementor-widget elementor-widget-text-editor\" data-id=\"9268eb6\" data-element_type=\"widget\" data-widget_type=\"text-editor.default\">\n\t\t\t\t<div class=\"elementor-widget-container\">\n\t\t\t\t\t\t\t\t\tGumagamit ang Datawords ng cookies sa website nito. Ito ay nagpapahintulot sa aming website na gumana nang maayos, upang makakuha ng istatistikal na impormasyon tungkol sa iyong paggamit ng website, at upang ipasa ang impormasyon sa mga ikatlong partido para sa mga layunin ng marketing. Para sa higit pang impormasyon, mangyaring bumisita sa aming pahina ng \n&#8220;<a style=\"color: white!important;\" href=\"https:\/\/datawords.com\/fr\/gestion-des-cookies\/\">\u201cPamamahala ng cookies\u201d<\/a>&#8220;.\t\t\t\t\t\t\t\t<\/div>\n\t\t\t\t<\/div>\n\t\t\t\t<div class=\"elementor-element elementor-element-e4f375a elementor-widget__width-inherit textchange elementor-widget elementor-widget-text-editor\" data-id=\"e4f375a\" data-element_type=\"widget\" data-widget_type=\"text-editor.default\">\n\t\t\t\t<div class=\"elementor-widget-container\">\n\t\t\t\t\t\t\t\t\t<h2><strong>Gaano katagal nakaimbak<\/strong> ang data mo?<\/h2>\n\t\t\t\t\t\t\t\t<\/div>\n\t\t\t\t<\/div>\n\t\t\t\t<div class=\"elementor-element elementor-element-b64d838 elementor-widget elementor-widget-heading\" data-id=\"b64d838\" data-element_type=\"widget\" data-widget_type=\"heading.default\">\n\t\t\t\t<div class=\"elementor-widget-container\">\n\t\t\t\t\t<p class=\"elementor-heading-title elementor-size-default\">Ang lahat ng data na nakolekta sa aming mga form ng pagkontak ay pinananatili lamang hangga't kinakailangan upang matupad ang (mga) layunin kung saan ito nakolekta.\n\n<\/p>\t\t\t\t<\/div>\n\t\t\t\t<\/div>\n\t\t\t\t<div class=\"elementor-element elementor-element-d1a1170 elementor-widget elementor-widget-heading\" data-id=\"d1a1170\" data-element_type=\"widget\" data-widget_type=\"heading.default\">\n\t\t\t\t<div class=\"elementor-widget-container\">\n\t\t\t\t\t<p class=\"elementor-heading-title elementor-size-default\">Ang data na isinumite bilang bahagi ng isang aplikasyon sa trabaho ay maaaring itago (a) sa loob ng dalawang taon sa kaso ng anumang hindi matagumpay na aplikasyon na maaaring may kaugnayan sa isang alok na trabaho sa hinaharap o (b) para sa tagal ng aming pakikipagtulungan at hanggang 5 hanggang 10 taon pagkatapos nito. Ang data na nakolekta kapag nag-subscribe ka sa aming newsletter ay itatago hangga't ibinibigay mo ang iyong pahintulot sa pagsusumite ng data na ito.\n\n\n<\/p>\t\t\t\t<\/div>\n\t\t\t\t<\/div>\n\t\t\t\t<div class=\"elementor-element elementor-element-306ffaa elementor-widget__width-inherit textchange elementor-widget elementor-widget-text-editor\" data-id=\"306ffaa\" data-element_type=\"widget\" data-widget_type=\"text-editor.default\">\n\t\t\t\t<div class=\"elementor-widget-container\">\n\t\t\t\t\t\t\t\t\t<h2><strong>Sino ang makaka-access<\/strong> ng iyong data?<\/h2>\n\t\t\t\t\t\t\t\t<\/div>\n\t\t\t\t<\/div>\n\t\t\t\t<div class=\"elementor-element elementor-element-7e0da73 elementor-widget elementor-widget-heading\" data-id=\"7e0da73\" data-element_type=\"widget\" data-widget_type=\"heading.default\">\n\t\t\t\t<div class=\"elementor-widget-container\">\n\t\t\t\t\t<p class=\"elementor-heading-title elementor-size-default\">Ang mga karampatang tao lamang na mahalaga sa wastong pagpoproseso ng iyong data ang maaaring maka-access ito.\n\n<\/p>\t\t\t\t<\/div>\n\t\t\t\t<\/div>\n\t\t\t\t<div class=\"elementor-element elementor-element-6ef8064 elementor-widget elementor-widget-heading\" data-id=\"6ef8064\" data-element_type=\"widget\" data-widget_type=\"heading.default\">\n\t\t\t\t<div class=\"elementor-widget-container\">\n\t\t\t\t\t<p class=\"elementor-heading-title elementor-size-default\">Hindi kailanman ibebenta ng Datawords ang iyong data. Ang anumang komunikasyon ng iyong data sa isang ikatlong partido ay gagawin lamang sa iyong pahintulot, upang mapabuti ang iyong karanasan sa aming website o sa loob ng balangkas ng pagpapatupad ng isang kontrata na dati mong nilagdaan.\n\n<\/p>\t\t\t\t<\/div>\n\t\t\t\t<\/div>\n\t\t\t\t<div class=\"elementor-element elementor-element-417aa8a elementor-widget__width-inherit textchange elementor-widget elementor-widget-text-editor\" data-id=\"417aa8a\" data-element_type=\"widget\" data-widget_type=\"text-editor.default\">\n\t\t\t\t<div class=\"elementor-widget-container\">\n\t\t\t\t\t\t\t\t\t<h2><strong>Paano gamitin ang iyong<\/strong> mga karapatan<\/h2>\t\t\t\t\t\t\t\t<\/div>\n\t\t\t\t<\/div>\n\t\t\t\t<div class=\"elementor-element elementor-element-f8d81da elementor-widget elementor-widget-heading\" data-id=\"f8d81da\" data-element_type=\"widget\" data-widget_type=\"heading.default\">\n\t\t\t\t<div class=\"elementor-widget-container\">\n\t\t\t\t\t<p class=\"elementor-heading-title elementor-size-default\">Kapag sumang-ayon kang ibigay sa amin ang iyong data, may karapatan kang i-access, itama, tutulan at tanggalin ang pagproseso ng nasabing data.\n\n<\/p>\t\t\t\t<\/div>\n\t\t\t\t<\/div>\n\t\t\t\t<div class=\"elementor-element elementor-element-5fa737c elementor-widget elementor-widget-heading\" data-id=\"5fa737c\" data-element_type=\"widget\" data-widget_type=\"heading.default\">\n\t\t\t\t<div class=\"elementor-widget-container\">\n\t\t\t\t\t<p class=\"elementor-heading-title elementor-size-default\">Alinsunod sa GDPR mayroon kang karapatan sa pag-access sa iyong personal na data, karapatang itama at tanggalin ang data na ito, karapatang limitahan ang pagproseso ng data na ito, karapatan sa portability ng data na ito at karapatang tumutol sa pagproseso nito .\n\n<\/p>\t\t\t\t<\/div>\n\t\t\t\t<\/div>\n\t\t\t\t<div class=\"elementor-element elementor-element-3a0e573 elementor-widget elementor-widget-heading\" data-id=\"3a0e573\" data-element_type=\"widget\" data-widget_type=\"heading.default\">\n\t\t\t\t<div class=\"elementor-widget-container\">\n\t\t\t\t\t<p class=\"elementor-heading-title elementor-size-default\">Ang mga karapatang ito ay maaaring gamitin sa pamamagitan ng pagpapadala ng iyong kahilingan sa pamamagitan ng e-mail sa sumusunod na address: dpo@datawords.com o sa pamamagitan ng koreo sa:<br>\nDatawords<br>\nDPO<br>\n66 rue de Villiers<br>\n92300 Levallois-Perret<br>\nFrance<\/p>\t\t\t\t<\/div>\n\t\t\t\t<\/div>\n\t\t\t\t<div class=\"elementor-element elementor-element-f77f632 elementor-widget elementor-widget-heading\" data-id=\"f77f632\" data-element_type=\"widget\" data-widget_type=\"heading.default\">\n\t\t\t\t<div class=\"elementor-widget-container\">\n\t\t\t\t\t<p class=\"elementor-heading-title elementor-size-default\">Nangangako ang Datawords na gawin ang lahat ng kinakailangang hakbang sa lalong madaling panahon pagkatapos matanggap ang iyong kahilingan at ipaalam sa iyo ang anumang pagkilos na ginawa.\n\n<\/p>\t\t\t\t<\/div>\n\t\t\t\t<\/div>\n\t\t\t\t<div class=\"elementor-element elementor-element-0991c78 elementor-widget elementor-widget-heading\" data-id=\"0991c78\" data-element_type=\"widget\" data-widget_type=\"heading.default\">\n\t\t\t\t<div class=\"elementor-widget-container\">\n\t\t\t\t\t<p class=\"elementor-heading-title elementor-size-default\">Kung nag-subscribe ka sa aming newsletter, maaari kang mag-unsubscribe anumang oras sa pamamagitan ng pag-click sa link sa bawat newsletter.\n\n<\/p>\t\t\t\t<\/div>\n\t\t\t\t<\/div>\n\t\t\t\t<div class=\"elementor-element elementor-element-4b11716 elementor-widget__width-inherit textchange elementor-widget elementor-widget-text-editor\" data-id=\"4b11716\" data-element_type=\"widget\" data-widget_type=\"text-editor.default\">\n\t\t\t\t<div class=\"elementor-widget-container\">\n\t\t\t\t\t\t\t\t\t<h2><strong>Mga pagbabago sa <\/strong> patakarang ito<\/h2>\n\t\t\t\t\t\t\t\t<\/div>\n\t\t\t\t<\/div>\n\t\t\t\t<div class=\"elementor-element elementor-element-4ae9ea1 elementor-widget elementor-widget-heading\" data-id=\"4ae9ea1\" data-element_type=\"widget\" data-widget_type=\"heading.default\">\n\t\t\t\t<div class=\"elementor-widget-container\">\n\t\t\t\t\t<p class=\"elementor-heading-title elementor-size-default\">Inilalaan ng Datawords ang karapatang baguhin at i-update ang patakaran sa privacy nito anumang oras alinsunod sa naaangkop na batas.\n\n<\/p>\t\t\t\t<\/div>\n\t\t\t\t<\/div>\n\t\t\t\t\t<\/div>\n\t\t<\/div>\n\t\t\t\t\t<\/div>\n\t\t<\/section>\n\t\t\t\t\t<\/div>\n\t\t<\/div>\n\t\t\t\t\t<\/div>\n\t\t<\/section>\n\t\t\t\t<\/div>\n\t\t","protected":false},"excerpt":{"rendered":"<p>PAMAMAHALA NG PERSONAL NA DATA Ganap na alam ng Datawords ang mga regulasyong namamahala sa proteksiyon ng personal na data. Sa pag-iisip na ito, nilalayon naming gawing malinaw at madaling ma-access ang lahat ng impormasyong nauugnay sa pagproseso ng data sa pamamagitan ng aming website hangga&#8217;t maaari, nauugnay man ito sa isang simpleng kahilingan sa [&hellip;]<\/p>\n","protected":false},"author":1,"featured_media":0,"parent":0,"menu_order":0,"comment_status":"closed","ping_status":"closed","template":"","meta":{"_acf_changed":false,"content-type":"","footnotes":""},"class_list":["post-89796","page","type-page","status-publish","hentry"],"acf":[],"_links":{"self":[{"href":"https:\/\/datawords.com\/tl\/wp-json\/wp\/v2\/pages\/89796","targetHints":{"allow":["GET"]}}],"collection":[{"href":"https:\/\/datawords.com\/tl\/wp-json\/wp\/v2\/pages"}],"about":[{"href":"https:\/\/datawords.com\/tl\/wp-json\/wp\/v2\/types\/page"}],"author":[{"embeddable":true,"href":"https:\/\/datawords.com\/tl\/wp-json\/wp\/v2\/users\/1"}],"replies":[{"embeddable":true,"href":"https:\/\/datawords.com\/tl\/wp-json\/wp\/v2\/comments?post=89796"}],"version-history":[{"count":0,"href":"https:\/\/datawords.com\/tl\/wp-json\/wp\/v2\/pages\/89796\/revisions"}],"wp:attachment":[{"href":"https:\/\/datawords.com\/tl\/wp-json\/wp\/v2\/media?parent=89796"}],"curies":[{"name":"wp","href":"https:\/\/api.w.org\/{rel}","templated":true}]}}