{"id":31574,"date":"2023-07-25T12:33:30","date_gmt":"2023-07-25T10:33:30","guid":{"rendered":"https:\/\/datawords.com\/nossos-valores\/"},"modified":"2026-02-06T10:55:17","modified_gmt":"2026-02-06T09:55:17","slug":"carreiras-nossos-valores","status":"publish","type":"page","link":"https:\/\/datawords.com\/pt-br\/carreiras-nossos-valores\/","title":{"rendered":"Carreiras\/Nossos valores"},"content":{"rendered":"\t\t<div data-elementor-type=\"wp-page\" data-elementor-id=\"31574\" class=\"elementor elementor-31574 elementor-8463\" data-elementor-post-type=\"page\">\n\t\t\t\t<div class=\"elementor-element elementor-element-b1c74be e-flex e-con-boxed e-con e-parent\" data-id=\"b1c74be\" data-element_type=\"container\" data-settings=\"{&quot;background_background&quot;:&quot;classic&quot;}\">\n\t\t\t\t\t<div class=\"e-con-inner\">\n\t\t<div class=\"elementor-element elementor-element-b5a7965 e-con-full e-flex e-con e-child\" data-id=\"b5a7965\" data-element_type=\"container\">\n\t\t\t\t<div class=\"elementor-element elementor-element-f8c823f textchange elementor-widget__width-initial elementor-widget elementor-widget-text-editor\" data-id=\"f8c823f\" data-element_type=\"widget\" data-widget_type=\"text-editor.default\">\n\t\t\t\t<div class=\"elementor-widget-container\">\n\t\t\t\t\t\t\t\t\t<h1><strong>Nossos<\/strong><br>\nvalores<\/h1>\n\t\t\t\t\t\t\t\t<\/div>\n\t\t\t\t<\/div>\n\t\t\t\t<\/div>\n\t\t\t\t\t<\/div>\n\t\t\t\t<\/div>\n\t\t<div class=\"elementor-element elementor-element-db3b3b0 nos-valeurs e-flex e-con-boxed e-con e-parent\" data-id=\"db3b3b0\" data-element_type=\"container\" data-settings=\"{&quot;background_background&quot;:&quot;gradient&quot;}\">\n\t\t\t\t\t<div class=\"e-con-inner\">\n\t\t<div class=\"elementor-element elementor-element-c3002b7 e-con-full e-flex e-con e-child\" data-id=\"c3002b7\" data-element_type=\"container\">\n\t\t<div class=\"elementor-element elementor-element-6dfc56e e-con-full e-flex e-con e-child\" data-id=\"6dfc56e\" data-element_type=\"container\">\n\t\t\t\t<div class=\"elementor-element elementor-element-36f0633 elementor-widget elementor-widget-heading\" data-id=\"36f0633\" data-element_type=\"widget\" data-widget_type=\"heading.default\">\n\t\t\t\t<div class=\"elementor-widget-container\">\n\t\t\t\t\t<p class=\"elementor-heading-title elementor-size-default\">Desde a cria\u00e7\u00e3o da Datawords, os seis fundadores, devido \u00e0 sua diversidade cultural, est\u00e3o convencidos de que o multiculturalismo cria valor. Acreditamos at\u00e9 que esta \u00e9 a receita para o sucesso nos neg\u00f3cios de hoje. E o fato de que a Datawords cresce h\u00e1 mais de 20 anos \u00e9 a melhor prova disso. \u00c9 por isso que os valores que norteiam a nossa tomada de decis\u00e3o podem ser resumidos em duas palavras: <\/p>\t\t\t\t<\/div>\n\t\t\t\t<\/div>\n\t\t\t\t<div class=\"elementor-element elementor-element-f86e434 elementor-widget__width-initial elementor-widget elementor-widget-heading\" data-id=\"f86e434\" data-element_type=\"widget\" data-widget_type=\"heading.default\">\n\t\t\t\t<div class=\"elementor-widget-container\">\n\t\t\t\t\t<h4 class=\"elementor-heading-title elementor-size-default\">EVERYONE MATTERS\n\n<\/h4>\t\t\t\t<\/div>\n\t\t\t\t<\/div>\n\t\t\t\t<div class=\"elementor-element elementor-element-eae9dc4 elementor-widget elementor-widget-heading\" data-id=\"eae9dc4\" data-element_type=\"widget\" data-widget_type=\"heading.default\">\n\t\t\t\t<div class=\"elementor-widget-container\">\n\t\t\t\t\t<p class=\"elementor-heading-title elementor-size-default\">Esta cren\u00e7a desafia-nos a colocar as necessidades e o bem-estar de todos os nossos stakeholders em primeiro lugar.<\/p>\t\t\t\t<\/div>\n\t\t\t\t<\/div>\n\t\t\t\t<\/div>\n\t\t\t\t<\/div>\n\t\t\t\t\t<\/div>\n\t\t\t\t<\/div>\n\t\t<div class=\"elementor-element elementor-element-200c8fc notre-kredos e-flex e-con-boxed e-con e-parent\" data-id=\"200c8fc\" data-element_type=\"container\" data-settings=\"{&quot;background_background&quot;:&quot;classic&quot;}\">\n\t\t\t\t\t<div class=\"e-con-inner\">\n\t\t<div class=\"elementor-element elementor-element-2e27e04 e-flex e-con-boxed e-con e-child\" data-id=\"2e27e04\" data-element_type=\"container\">\n\t\t\t\t\t<div class=\"e-con-inner\">\n\t\t\t\t<div class=\"elementor-element elementor-element-0d07280 elementor-widget elementor-widget-heading\" data-id=\"0d07280\" data-element_type=\"widget\" data-widget_type=\"heading.default\">\n\t\t\t\t<div class=\"elementor-widget-container\">\n\t\t\t\t\t<h2 class=\"elementor-heading-title elementor-size-default\">NOSSO\n<\/h2>\t\t\t\t<\/div>\n\t\t\t\t<\/div>\n\t\t\t\t<div class=\"elementor-element elementor-element-da2cd1f elementor-widget elementor-widget-heading\" data-id=\"da2cd1f\" data-element_type=\"widget\" data-widget_type=\"heading.default\">\n\t\t\t\t<div class=\"elementor-widget-container\">\n\t\t\t\t\t<h2 class=\"elementor-heading-title elementor-size-default\">Kredo*<\/h2>\t\t\t\t<\/div>\n\t\t\t\t<\/div>\n\t\t\t\t\t<\/div>\n\t\t\t\t<\/div>\n\t\t<div class=\"elementor-element elementor-element-5cb2951 notre-kredo e-flex e-con-boxed e-con e-child\" data-id=\"5cb2951\" data-element_type=\"container\">\n\t\t\t\t\t<div class=\"e-con-inner\">\n\t\t<div class=\"elementor-element elementor-element-1e4fb53 e-con-full shape-content-right e-flex e-con e-child\" data-id=\"1e4fb53\" data-element_type=\"container\">\n\t\t\t\t<div class=\"elementor-element elementor-element-a82855d employees-matter elementor-widget elementor-widget-image-box\" data-id=\"a82855d\" data-element_type=\"widget\" data-widget_type=\"image-box.default\">\n\t\t\t\t<div class=\"elementor-widget-container\">\n\t\t\t\t\t<div class=\"elementor-image-box-wrapper\"><div class=\"elementor-image-box-content\"><h3 class=\"elementor-image-box-title\">Employees matter<\/h3><p class=\"elementor-image-box-description\">Cada colaborador em todo o mundo \u00e9 importante para n\u00f3s. Seja qual for a sua origem, g\u00eanero, religi\u00e3o ou especialidade, todos carregam dentro de si uma hist\u00f3ria, uma intelig\u00eancia, um potencial \u00fanico que merece ser reconhecido e compartilhado. Defendemos a necessidade de respeito m\u00fatuo e escuta atenta. Acreditamos que cada colaborador \u00e9 uma pe\u00e7a de um quebra-cabe\u00e7a complexo; que individual e\/ou coletivamente, ele(a) tem o poder de fazer a diferen\u00e7a de forma harmoniosa. Garantimos que cada colaborador encontre o seu lugar para concretizar plenamente o seu potencial.<\/p><\/div><\/div>\t\t\t\t<\/div>\n\t\t\t\t<\/div>\n\t\t\t\t<\/div>\n\t\t<div class=\"elementor-element elementor-element-ad51a83 e-con-full shape-content-right e-flex e-con e-child\" data-id=\"ad51a83\" data-element_type=\"container\">\n\t\t\t\t<div class=\"elementor-element elementor-element-114f102 employees-matter elementor-widget elementor-widget-image-box\" data-id=\"114f102\" data-element_type=\"widget\" data-widget_type=\"image-box.default\">\n\t\t\t\t<div class=\"elementor-widget-container\">\n\t\t\t\t\t<div class=\"elementor-image-box-wrapper\"><div class=\"elementor-image-box-content\"><h3 class=\"elementor-image-box-title\">Clients matter<\/h3><p class=\"elementor-image-box-description\">Cada um dos nossos clientes \u00e9 importante. Sua satisfa\u00e7\u00e3o e sucesso s\u00e3o nossa principal prioridade. Temos o compromisso de oferecer produtos e servi\u00e7os de qualidade excepcional, a fim de transmitir uma mensagem relevante para cada um de seus consumidores ATAWADAC**. Procuramos construir uma rela\u00e7\u00e3o de confian\u00e7a com todos, adaptando-nos continuamente \u00e0 evolu\u00e7\u00e3o tecnol\u00f3gica do mercado e buscando inovar. Essa abordagem nos permite atender melhor \u00e0s suas expectativas. Os nossos clientes, quaisquer que sejam as suas origens, devem obter de n\u00f3s as condi\u00e7\u00f5es para um lucro justo.\n\n<\/p><\/div><\/div>\t\t\t\t<\/div>\n\t\t\t\t<\/div>\n\t\t\t\t<\/div>\n\t\t<div class=\"elementor-element elementor-element-5bf73dc e-con-full shape-content-right e-flex e-con e-child\" data-id=\"5bf73dc\" data-element_type=\"container\">\n\t\t\t\t<div class=\"elementor-element elementor-element-ecc4e6a employees-matter elementor-widget elementor-widget-image-box\" data-id=\"ecc4e6a\" data-element_type=\"widget\" data-widget_type=\"image-box.default\">\n\t\t\t\t<div class=\"elementor-widget-container\">\n\t\t\t\t\t<div class=\"elementor-image-box-wrapper\"><div class=\"elementor-image-box-content\"><h3 class=\"elementor-image-box-title\">Communities matter<\/h3><p class=\"elementor-image-box-description\">As comunidades em que vivemos s\u00e3o importantes para o bem-estar de todos. Devemos respeit\u00e1-las e contribuir tanto quanto poss\u00edvel para manter o seu equil\u00edbrio, sendo bons cidad\u00e3os, pagando a nossa parte justa de impostos e utilizando a nossa engenhosidade multicultural para agir socialmente, proteger o nosso meio ambiente e os nossos recursos naturais.\n\n<\/p><\/div><\/div>\t\t\t\t<\/div>\n\t\t\t\t<\/div>\n\t\t\t\t<\/div>\n\t\t<div class=\"elementor-element elementor-element-018473b e-con-full shape-content-right e-flex e-con e-child\" data-id=\"018473b\" data-element_type=\"container\">\n\t\t\t\t<div class=\"elementor-element elementor-element-3dfa79a employees-matter elementor-widget elementor-widget-image-box\" data-id=\"3dfa79a\" data-element_type=\"widget\" data-widget_type=\"image-box.default\">\n\t\t\t\t<div class=\"elementor-widget-container\">\n\t\t\t\t\t<div class=\"elementor-image-box-wrapper\"><div class=\"elementor-image-box-content\"><h3 class=\"elementor-image-box-title\">Shareholders matter<\/h3><p class=\"elementor-image-box-description\">Por fim, nossos acionistas tamb\u00e9m s\u00e3o importantes para n\u00f3s! Nosso neg\u00f3cio deve ser orientado para um resultado justo. Estamos apaixonadamente comprometidos em aproveitar o que est\u00e1 come\u00e7ando. Criamos valor investindo continuamente em atua\u00e7\u00e3o multicultural. Agindo de acordo com estes princ\u00edpios, garantiremos aos nossos acionistas um retorno justo do seu investimento.\n\n<\/p><\/div><\/div>\t\t\t\t<\/div>\n\t\t\t\t<\/div>\n\t\t\t\t<\/div>\n\t\t\t\t\t<\/div>\n\t\t\t\t<\/div>\n\t\t<div class=\"elementor-element elementor-element-440048f e-flex e-con-boxed e-con e-child\" data-id=\"440048f\" data-element_type=\"container\">\n\t\t\t\t\t<div class=\"e-con-inner\">\n\t\t\t\t<div class=\"elementor-element elementor-element-f86ced0 elementor-widget__width-initial elementor-widget elementor-widget-heading\" data-id=\"f86ced0\" data-element_type=\"widget\" data-widget_type=\"heading.default\">\n\t\t\t\t<div class=\"elementor-widget-container\">\n\t\t\t\t\t<p class=\"elementor-heading-title elementor-size-default\">*\u201dCredo\u201d em esperanto, uma l\u00edngua internacional usada por pessoas de pelo menos 120 pa\u00edses ao redor do mundo.\n.<br>\u2028**A qualquer hora, em qualquer lugar, em qualquer dispositivo, em qualquer cultura.<\/p>\t\t\t\t<\/div>\n\t\t\t\t<\/div>\n\t\t\t\t\t<\/div>\n\t\t\t\t<\/div>\n\t\t\t\t\t<\/div>\n\t\t\t\t<\/div>\n\t\t<div class=\"elementor-element elementor-element-72e918b multi-competence e-flex e-con-boxed e-con e-parent\" data-id=\"72e918b\" data-element_type=\"container\" data-settings=\"{&quot;background_background&quot;:&quot;classic&quot;}\">\n\t\t\t\t\t<div class=\"e-con-inner\">\n\t\t<div class=\"elementor-element elementor-element-17559d6 e-con-full e-flex e-con e-child\" data-id=\"17559d6\" data-element_type=\"container\">\n\t\t<div class=\"elementor-element elementor-element-0b3db0d e-con-full e-flex e-con e-child\" data-id=\"0b3db0d\" data-element_type=\"container\">\n\t\t\t\t<div class=\"elementor-element elementor-element-1e6e820 elementor-widget elementor-widget-heading\" data-id=\"1e6e820\" data-element_type=\"widget\" data-widget_type=\"heading.default\">\n\t\t\t\t<div class=\"elementor-widget-container\">\n\t\t\t\t\t<h2 class=\"elementor-heading-title elementor-size-default\">Whistle<\/h2>\t\t\t\t<\/div>\n\t\t\t\t<\/div>\n\t\t\t\t<div class=\"elementor-element elementor-element-c5e413a elementor-widget elementor-widget-heading\" data-id=\"c5e413a\" data-element_type=\"widget\" data-widget_type=\"heading.default\">\n\t\t\t\t<div class=\"elementor-widget-container\">\n\t\t\t\t\t<h2 class=\"elementor-heading-title elementor-size-default\">blower<\/h2>\t\t\t\t<\/div>\n\t\t\t\t<\/div>\n\t\t<div class=\"elementor-element elementor-element-c88c602 e-con-full e-flex e-con e-child\" data-id=\"c88c602\" data-element_type=\"container\">\n\t\t\t\t<div class=\"elementor-element elementor-element-706ccef elementor-widget elementor-widget-heading\" data-id=\"706ccef\" data-element_type=\"widget\" data-widget_type=\"heading.default\">\n\t\t\t\t<div class=\"elementor-widget-container\">\n\t\t\t\t\t<h2 class=\"elementor-heading-title elementor-size-default\">Na Datawords, cada voz importa. O respeito m\u00fatuo e a escuta atenta s\u00e3o essenciais para o nosso sucesso.<\/h2>\t\t\t\t<\/div>\n\t\t\t\t<\/div>\n\t\t\t\t<div class=\"elementor-element elementor-element-c5baa0f elementor-widget elementor-widget-text-editor\" data-id=\"c5baa0f\" data-element_type=\"widget\" data-widget_type=\"text-editor.default\">\n\t\t\t\t<div class=\"elementor-widget-container\">\n\t\t\t\t\t\t\t\t\tEstamos comprometidos em promover os valores de justi\u00e7a e lealdade em todas as nossas a\u00e7\u00f5es. \u00c9 responsabilidade de todos os nossos colaboradores e parceiros comerciais relatar qualquer viola\u00e7\u00e3o desses princ\u00edpios.\t\t\t\t\t\t\t\t<\/div>\n\t\t\t\t<\/div>\n\t\t\t\t<div class=\"elementor-element elementor-element-56ebbfc elementor-widget elementor-widget-text-editor\" data-id=\"56ebbfc\" data-element_type=\"widget\" data-widget_type=\"text-editor.default\">\n\t\t\t\t<div class=\"elementor-widget-container\">\n\t\t\t\t\t\t\t\t\tSe voc\u00ea presenciar uma situa\u00e7\u00e3o anti\u00e9tica, mesmo que em potencial, recomendamos que utilize nosso canal confidencial para relatar o ocorrido. Esse canal assegura uma comunica\u00e7\u00e3o completamente an\u00f4nima e protegida. Juntos, podemos garantir que nosso ambiente de trabalho continue sendo seguro, respeitoso e justo para todos.\n\n\t\t\t\t\t\t\t\t<\/div>\n\t\t\t\t<\/div>\n\t\t\t\t<\/div>\n\t\t\t\t<div class=\"elementor-element elementor-element-bf2a185 elementor-align-left btnall elementor-widget elementor-widget-button\" data-id=\"bf2a185\" data-element_type=\"widget\" data-widget_type=\"button.default\">\n\t\t\t\t<div class=\"elementor-widget-container\">\n\t\t\t\t\t\t\t\t\t<div class=\"elementor-button-wrapper\">\n\t\t\t\t\t<a class=\"elementor-button elementor-button-link elementor-size-sm\" href=\"https:\/\/datawords.whistlelink.com\/\" target=\"_blank\" rel=\"noopener\">\n\t\t\t\t\t\t<span class=\"elementor-button-content-wrapper\">\n\t\t\t\t\t\t<span class=\"elementor-button-icon\">\n\t\t\t\t<i aria-hidden=\"true\" class=\"icon icon-arrow-right\"><\/i>\t\t\t<\/span>\n\t\t\t\t\t\t\t\t\t<span class=\"elementor-button-text\">Fazer uma den\u00fancia<\/span>\n\t\t\t\t\t<\/span>\n\t\t\t\t\t<\/a>\n\t\t\t\t<\/div>\n\t\t\t\t\t\t\t\t<\/div>\n\t\t\t\t<\/div>\n\t\t\t\t<\/div>\n\t\t\t\t<\/div>\n\t\t\t\t\t<\/div>\n\t\t\t\t<\/div>\n\t\t<div class=\"elementor-element elementor-element-30e8cbc multi-culter e-flex e-con-boxed e-con e-parent\" data-id=\"30e8cbc\" data-element_type=\"container\" data-settings=\"{&quot;background_background&quot;:&quot;classic&quot;}\">\n\t\t\t\t\t<div class=\"e-con-inner\">\n\t\t<div class=\"elementor-element elementor-element-0ebc1ff e-con-full e-flex e-con e-child\" data-id=\"0ebc1ff\" data-element_type=\"container\">\n\t\t<div class=\"elementor-element elementor-element-fb4a838 e-con-full e-flex e-con e-child\" data-id=\"fb4a838\" data-element_type=\"container\">\n\t\t\t\t<div class=\"elementor-element elementor-element-f329120 elementor-widget elementor-widget-image\" data-id=\"f329120\" data-element_type=\"widget\" data-widget_type=\"image.default\">\n\t\t\t\t<div class=\"elementor-widget-container\">\n\t\t\t\t\t\t\t\t\t\t\t\t\t\t\t<img fetchpriority=\"high\" decoding=\"async\" width=\"577\" height=\"577\" src=\"https:\/\/datawords.com\/wp-content\/uploads\/2026\/02\/team_datawords.avif\" class=\"attachment-full size-full wp-image-307328\" alt=\"\" srcset=\"https:\/\/datawords.com\/wp-content\/uploads\/2026\/02\/team_datawords.avif 577w, https:\/\/datawords.com\/wp-content\/uploads\/2026\/02\/team_datawords-300x300.avif 300w, https:\/\/datawords.com\/wp-content\/uploads\/2026\/02\/team_datawords-150x150.avif 150w\" sizes=\"(max-width: 577px) 100vw, 577px\" \/>\t\t\t\t\t\t\t\t\t\t\t\t\t\t\t<\/div>\n\t\t\t\t<\/div>\n\t\t\t\t<\/div>\n\t\t<div class=\"elementor-element elementor-element-ab65694 e-con-full e-flex e-con e-child\" data-id=\"ab65694\" data-element_type=\"container\">\n\t\t\t\t<div class=\"elementor-element elementor-element-bbf223c elementor-widget elementor-widget-heading\" data-id=\"bbf223c\" data-element_type=\"widget\" data-widget_type=\"heading.default\">\n\t\t\t\t<div class=\"elementor-widget-container\">\n\t\t\t\t\t<p class=\"elementor-heading-title elementor-size-default\">junte-se \u00e0<\/p>\t\t\t\t<\/div>\n\t\t\t\t<\/div>\n\t\t\t\t<div class=\"elementor-element elementor-element-fd32b7d elementor-widget elementor-widget-heading\" data-id=\"fd32b7d\" data-element_type=\"widget\" data-widget_type=\"heading.default\">\n\t\t\t\t<div class=\"elementor-widget-container\">\n\t\t\t\t\t<h2 class=\"elementor-heading-title elementor-size-default\">nossa equipe<\/h2>\t\t\t\t<\/div>\n\t\t\t\t<\/div>\n\t\t\t\t<div class=\"elementor-element elementor-element-214870c elementor-widget elementor-widget-heading\" data-id=\"214870c\" data-element_type=\"widget\" data-widget_type=\"heading.default\">\n\t\t\t\t<div class=\"elementor-widget-container\">\n\t\t\t\t\t<h5 class=\"elementor-heading-title elementor-size-default\">Somos uma comunidade com foco na conex\u00e3o!<\/h5>\t\t\t\t<\/div>\n\t\t\t\t<\/div>\n\t\t\t\t<div class=\"elementor-element elementor-element-32139dd elementor-widget__width-initial elementor-widget elementor-widget-heading\" data-id=\"32139dd\" data-element_type=\"widget\" data-widget_type=\"heading.default\">\n\t\t\t\t<div class=\"elementor-widget-container\">\n\t\t\t\t\t<p class=\"elementor-heading-title elementor-size-default\">Conectamos todas as novas tecnologias.<br>\nConectamos a intelig\u00eancia humana e tecnol\u00f3gica.<br>\nCriamos um ambiente em que a diferen\u00e7a \u00e9 poss\u00edvel e gera valor.<\/p>\t\t\t\t<\/div>\n\t\t\t\t<\/div>\n\t\t\t\t<\/div>\n\t\t\t\t<\/div>\n\t\t\t\t\t<\/div>\n\t\t\t\t<\/div>\n\t\t\t\t<\/div>\n\t\t","protected":false},"excerpt":{"rendered":"<p>Nossos valores Desde a cria\u00e7\u00e3o da Datawords, os seis fundadores, devido \u00e0 sua diversidade cultural, est\u00e3o convencidos de que o multiculturalismo cria valor. Acreditamos at\u00e9 que esta \u00e9 a receita para o sucesso nos neg\u00f3cios de hoje. E o fato de que a Datawords cresce h\u00e1 mais de 20 anos \u00e9 a melhor prova disso. [&hellip;]<\/p>\n","protected":false},"author":42,"featured_media":0,"parent":0,"menu_order":0,"comment_status":"closed","ping_status":"closed","template":"","meta":{"_acf_changed":false,"content-type":"","footnotes":""},"class_list":["post-31574","page","type-page","status-publish","hentry"],"acf":[],"_links":{"self":[{"href":"https:\/\/datawords.com\/pt-br\/wp-json\/wp\/v2\/pages\/31574","targetHints":{"allow":["GET"]}}],"collection":[{"href":"https:\/\/datawords.com\/pt-br\/wp-json\/wp\/v2\/pages"}],"about":[{"href":"https:\/\/datawords.com\/pt-br\/wp-json\/wp\/v2\/types\/page"}],"author":[{"embeddable":true,"href":"https:\/\/datawords.com\/pt-br\/wp-json\/wp\/v2\/users\/42"}],"replies":[{"embeddable":true,"href":"https:\/\/datawords.com\/pt-br\/wp-json\/wp\/v2\/comments?post=31574"}],"version-history":[{"count":0,"href":"https:\/\/datawords.com\/pt-br\/wp-json\/wp\/v2\/pages\/31574\/revisions"}],"wp:attachment":[{"href":"https:\/\/datawords.com\/pt-br\/wp-json\/wp\/v2\/media?parent=31574"}],"curies":[{"name":"wp","href":"https:\/\/api.w.org\/{rel}","templated":true}]}}