{"id":31561,"date":"2023-07-25T08:42:54","date_gmt":"2023-07-25T06:42:54","guid":{"rendered":"https:\/\/datawords.com\/trabalhe-na-datawords\/"},"modified":"2026-02-06T11:14:36","modified_gmt":"2026-02-06T10:14:36","slug":"carreira-trabalhe-na-datawords","status":"publish","type":"page","link":"https:\/\/datawords.com\/pt-br\/carreira-trabalhe-na-datawords\/","title":{"rendered":"Carreira > Trabalhe na Datawords"},"content":{"rendered":"\t\t<div data-elementor-type=\"wp-page\" data-elementor-id=\"31561\" class=\"elementor elementor-31561 elementor-8154\" data-elementor-post-type=\"page\">\n\t\t\t\t<div class=\"elementor-element elementor-element-a2a0faf e-flex e-con-boxed e-con e-parent\" data-id=\"a2a0faf\" data-element_type=\"container\" data-settings=\"{&quot;background_background&quot;:&quot;classic&quot;}\">\n\t\t\t\t\t<div class=\"e-con-inner\">\n\t\t<div class=\"elementor-element elementor-element-8e40af4 e-con-full e-flex e-con e-child\" data-id=\"8e40af4\" data-element_type=\"container\">\n\t\t<div class=\"elementor-element elementor-element-2bfdbc0 e-con-full e-flex e-con e-child\" data-id=\"2bfdbc0\" data-element_type=\"container\">\n\t\t\t\t<div class=\"elementor-element elementor-element-421087c textchange elementor-widget__width-initial elementor-widget-mobile__width-inherit elementor-widget elementor-widget-text-editor\" data-id=\"421087c\" data-element_type=\"widget\" data-widget_type=\"text-editor.default\">\n\t\t\t\t<div class=\"elementor-widget-container\">\n\t\t\t\t\t\t\t\t\t<h1><strong>Trabalhe na<\/strong><br>\nDatawords<\/h1>\n\t\t\t\t\t\t\t\t<\/div>\n\t\t\t\t<\/div>\n\t\t\t\t<\/div>\n\t\t\t\t<\/div>\n\t\t\t\t\t<\/div>\n\t\t\t\t<\/div>\n\t\t<div class=\"elementor-element elementor-element-a4bc2ca nos-valeurs e-flex e-con-boxed e-con e-parent\" data-id=\"a4bc2ca\" data-element_type=\"container\" data-settings=\"{&quot;background_background&quot;:&quot;classic&quot;}\">\n\t\t\t\t\t<div class=\"e-con-inner\">\n\t\t<div class=\"elementor-element elementor-element-bf13235 e-con-full e-flex e-con e-child\" data-id=\"bf13235\" data-element_type=\"container\">\n\t\t<div class=\"elementor-element elementor-element-8751713 e-con-full e-flex e-con e-child\" data-id=\"8751713\" data-element_type=\"container\">\n\t\t\t\t<div class=\"elementor-element elementor-element-546aa2d elementor-widget elementor-widget-heading\" data-id=\"546aa2d\" data-element_type=\"widget\" data-widget_type=\"heading.default\">\n\t\t\t\t<div class=\"elementor-widget-container\">\n\t\t\t\t\t<p class=\"elementor-heading-title elementor-size-default\">A Datawords \u00e9 uma empresa dirigida por colaboradores que tem como miss\u00e3o oferecer \u00e0s marcas internacionais conte\u00fados localmente relevantes em qualquer lugar, a qualquer hora, independentemente da plataforma digital utilizada e da cultura-alvo.\n\nPara entregar desempenho aos seus clientes, a Datawords valoriza a diversidade de identidades, culturas, valores, formas de pensar, origens ou habilidades. Isso \u00e9 o que chamamos de multiculturalismo.<br>\n<br>\u00c9 por isso que promover a diferen\u00e7a \u00e9 a base da nossa pol\u00edtica de Recursos Humanos. Ent\u00e3o, seja voc\u00ea um profissional de marketing digital, criativo, desenvolvedor, tradutor, gerente de projetos ou especialista em pesquisa, redes sociais ou UX, seja qual for o seu pa\u00eds de origem, seja voc\u00ea f\u00e3 de teatro ou de futebol, voc\u00ea ser\u00e1 bem-vindo(a) aqui!<\/p>\t\t\t\t<\/div>\n\t\t\t\t<\/div>\n\t\t\t\t<\/div>\n\t\t\t\t<\/div>\n\t\t\t\t\t<\/div>\n\t\t\t\t<\/div>\n\t\t<div class=\"elementor-element elementor-element-c35a6b6 every-one-matter e-flex e-con-boxed e-con e-parent\" data-id=\"c35a6b6\" data-element_type=\"container\" data-settings=\"{&quot;background_background&quot;:&quot;classic&quot;}\">\n\t\t\t\t\t<div class=\"e-con-inner\">\n\t\t<div class=\"elementor-element elementor-element-c967285 e-con-full e-flex e-con e-child\" data-id=\"c967285\" data-element_type=\"container\">\n\t\t<div class=\"elementor-element elementor-element-cab9e78 e-con-full travailler-chez-datawords e-flex e-con e-child\" data-id=\"cab9e78\" data-element_type=\"container\">\n\t\t\t\t<div class=\"elementor-element elementor-element-03f7080 elementor-widget elementor-widget-image\" data-id=\"03f7080\" data-element_type=\"widget\" data-widget_type=\"image.default\">\n\t\t\t\t<div class=\"elementor-widget-container\">\n\t\t\t\t\t\t\t\t\t\t\t\t\t\t\t<img fetchpriority=\"high\" decoding=\"async\" width=\"577\" height=\"650\" src=\"https:\/\/datawords.com\/wp-content\/uploads\/2026\/02\/matters.avif\" class=\"attachment-full size-full wp-image-307606\" alt=\"\" srcset=\"https:\/\/datawords.com\/wp-content\/uploads\/2026\/02\/matters.avif 577w, https:\/\/datawords.com\/wp-content\/uploads\/2026\/02\/matters-266x300.avif 266w\" sizes=\"(max-width: 577px) 100vw, 577px\" \/>\t\t\t\t\t\t\t\t\t\t\t\t\t\t\t<\/div>\n\t\t\t\t<\/div>\n\t\t\t\t<\/div>\n\t\t<div class=\"elementor-element elementor-element-cd2c040 e-con-full e-flex e-con e-child\" data-id=\"cd2c040\" data-element_type=\"container\">\n\t\t\t\t<div class=\"elementor-element elementor-element-7fc6f76 elementor-widget elementor-widget-heading\" data-id=\"7fc6f76\" data-element_type=\"widget\" data-widget_type=\"heading.default\">\n\t\t\t\t<div class=\"elementor-widget-container\">\n\t\t\t\t\t<p class=\"elementor-heading-title elementor-size-default\">Everyone<\/p>\t\t\t\t<\/div>\n\t\t\t\t<\/div>\n\t\t\t\t<div class=\"elementor-element elementor-element-428d67e elementor-widget elementor-widget-heading\" data-id=\"428d67e\" data-element_type=\"widget\" data-widget_type=\"heading.default\">\n\t\t\t\t<div class=\"elementor-widget-container\">\n\t\t\t\t\t<h2 class=\"elementor-heading-title elementor-size-default\">matters<\/h2>\t\t\t\t<\/div>\n\t\t\t\t<\/div>\n\t\t\t\t<div class=\"elementor-element elementor-element-40f03ef elementor-widget__width-initial elementor-widget elementor-widget-heading\" data-id=\"40f03ef\" data-element_type=\"widget\" data-widget_type=\"heading.default\">\n\t\t\t\t<div class=\"elementor-widget-container\">\n\t\t\t\t\t<p class=\"elementor-heading-title elementor-size-default\">Esta cren\u00e7a desafia-nos a colocar as necessidades e o bem-estar de todos os nossos stakeholders em primeiro lugar.<\/p>\t\t\t\t<\/div>\n\t\t\t\t<\/div>\n\t\t\t\t<div class=\"elementor-element elementor-element-c47aef8 elementor-widget__width-initial elementor-widget elementor-widget-heading\" data-id=\"c47aef8\" data-element_type=\"widget\" data-widget_type=\"heading.default\">\n\t\t\t\t<div class=\"elementor-widget-container\">\n\t\t\t\t\t<p class=\"elementor-heading-title elementor-size-default\">Desde a cria\u00e7\u00e3o da Datawords, os seis fundadores, devido \u00e0 sua diversidade cultural, est\u00e3o convencidos de que o multiculturalismo cria valor. Acreditamos at\u00e9 que esta \u00e9 a receita para o sucesso nos neg\u00f3cios de hoje. E o fato de que a Datawords cresce h\u00e1 mais de 20 anos \u00e9 a melhor prova disso.<\/p>\t\t\t\t<\/div>\n\t\t\t\t<\/div>\n\t\t\t\t<div class=\"elementor-element elementor-element-22db494 elementor-align-left btnall elementor-widget elementor-widget-button\" data-id=\"22db494\" data-element_type=\"widget\" data-widget_type=\"button.default\">\n\t\t\t\t<div class=\"elementor-widget-container\">\n\t\t\t\t\t\t\t\t\t<div class=\"elementor-button-wrapper\">\n\t\t\t\t\t<a class=\"elementor-button elementor-button-link elementor-size-sm\" href=\"https:\/\/datawords.com\/pt-br\/carrieres\/carriere-nos-valeurs\/\">\n\t\t\t\t\t\t<span class=\"elementor-button-content-wrapper\">\n\t\t\t\t\t\t<span class=\"elementor-button-icon\">\n\t\t\t\t<i aria-hidden=\"true\" class=\"icon icon-arrow-right\"><\/i>\t\t\t<\/span>\n\t\t\t\t\t\t\t\t\t<span class=\"elementor-button-text\">Nosso kredo<\/span>\n\t\t\t\t\t<\/span>\n\t\t\t\t\t<\/a>\n\t\t\t\t<\/div>\n\t\t\t\t\t\t\t\t<\/div>\n\t\t\t\t<\/div>\n\t\t\t\t<\/div>\n\t\t\t\t<\/div>\n\t\t\t\t\t<\/div>\n\t\t\t\t<\/div>\n\t\t<div class=\"elementor-element elementor-element-6251ce8 multi-competence e-flex e-con-boxed e-con e-parent\" data-id=\"6251ce8\" data-element_type=\"container\" data-settings=\"{&quot;background_background&quot;:&quot;classic&quot;}\">\n\t\t\t\t\t<div class=\"e-con-inner\">\n\t\t<div class=\"elementor-element elementor-element-206a22c e-con-full e-flex e-con e-child\" data-id=\"206a22c\" data-element_type=\"container\">\n\t\t<div class=\"elementor-element elementor-element-dce9433 e-con-full e-flex e-con e-child\" data-id=\"dce9433\" data-element_type=\"container\">\n\t\t\t\t<div class=\"elementor-element elementor-element-7275211 elementor-widget elementor-widget-heading\" data-id=\"7275211\" data-element_type=\"widget\" data-widget_type=\"heading.default\">\n\t\t\t\t<div class=\"elementor-widget-container\">\n\t\t\t\t\t<h2 class=\"elementor-heading-title elementor-size-default\">Multi-<\/h2>\t\t\t\t<\/div>\n\t\t\t\t<\/div>\n\t\t\t\t<div class=\"elementor-element elementor-element-21f6fd1 elementor-widget elementor-widget-heading\" data-id=\"21f6fd1\" data-element_type=\"widget\" data-widget_type=\"heading.default\">\n\t\t\t\t<div class=\"elementor-widget-container\">\n\t\t\t\t\t<h2 class=\"elementor-heading-title elementor-size-default\">habilidade<\/h2>\t\t\t\t<\/div>\n\t\t\t\t<\/div>\n\t\t\t\t<div class=\"elementor-element elementor-element-4c21ae3 elementor-widget elementor-widget-text-editor\" data-id=\"4c21ae3\" data-element_type=\"widget\" data-widget_type=\"text-editor.default\">\n\t\t\t\t<div class=\"elementor-widget-container\">\n\t\t\t\t\t\t\t\t\tEm um mundo cada vez mais digital, onde as ferramentas e as necessidades est\u00e3o em constante evolu\u00e7\u00e3o, as nossas equipes devem apresentar as melhores habilidades para oferecer aos nossos clientes solu\u00e7\u00f5es tecnol\u00f3gicas avan\u00e7adas. \u00c9 por isso que a Datawords apoia o desenvolvimento dos seus colaboradores, oferecendo-lhes v\u00e1rios projetos, em m\u00faltiplas plataformas, com v\u00e1rios clientes. Estas experi\u00eancias de aprendizagem permitem que os v\u00e1rios especialistas dominem as tecnologias mais inovadoras do mercado e permane\u00e7am na vanguarda em sua \u00e1rea de especializa\u00e7\u00e3o.\t\t\t\t\t\t\t\t<\/div>\n\t\t\t\t<\/div>\n\t\t\t\t<\/div>\n\t\t\t\t<\/div>\n\t\t<div class=\"elementor-element elementor-element-8b3275c e-con-full e-flex e-con e-child\" data-id=\"8b3275c\" data-element_type=\"container\">\n\t\t<div class=\"elementor-element elementor-element-74492b6 e-con-full e-flex e-con e-child\" data-id=\"74492b6\" data-element_type=\"container\">\n\t\t\t\t<div class=\"elementor-element elementor-element-26b2c5b elementor-widget elementor-widget-image\" data-id=\"26b2c5b\" data-element_type=\"widget\" data-widget_type=\"image.default\">\n\t\t\t\t<div class=\"elementor-widget-container\">\n\t\t\t\t\t\t\t\t\t\t\t\t\t\t\t<img decoding=\"async\" width=\"577\" height=\"650\" src=\"https:\/\/datawords.com\/wp-content\/uploads\/2026\/02\/competence.avif\" class=\"attachment-full size-full wp-image-307630\" alt=\"\" srcset=\"https:\/\/datawords.com\/wp-content\/uploads\/2026\/02\/competence.avif 577w, https:\/\/datawords.com\/wp-content\/uploads\/2026\/02\/competence-266x300.avif 266w\" sizes=\"(max-width: 577px) 100vw, 577px\" \/>\t\t\t\t\t\t\t\t\t\t\t\t\t\t\t<\/div>\n\t\t\t\t<\/div>\n\t\t\t\t<\/div>\n\t\t\t\t<\/div>\n\t\t\t\t\t<\/div>\n\t\t\t\t<\/div>\n\t\t<div class=\"elementor-element elementor-element-e98eb1f multi-culter e-flex e-con-boxed e-con e-parent\" data-id=\"e98eb1f\" data-element_type=\"container\" data-settings=\"{&quot;background_background&quot;:&quot;classic&quot;}\">\n\t\t\t\t\t<div class=\"e-con-inner\">\n\t\t<div class=\"elementor-element elementor-element-fda2be4 e-con-full e-flex e-con e-child\" data-id=\"fda2be4\" data-element_type=\"container\">\n\t\t<div class=\"elementor-element elementor-element-f87269d e-con-full e-flex e-con e-child\" data-id=\"f87269d\" data-element_type=\"container\">\n\t\t\t\t<div class=\"elementor-element elementor-element-0dc0061 elementor-widget elementor-widget-image\" data-id=\"0dc0061\" data-element_type=\"widget\" data-widget_type=\"image.default\">\n\t\t\t\t<div class=\"elementor-widget-container\">\n\t\t\t\t\t\t\t\t\t\t\t\t\t\t\t<img decoding=\"async\" width=\"577\" height=\"650\" src=\"https:\/\/datawords.com\/wp-content\/uploads\/2026\/02\/culturelle.avif\" class=\"attachment-full size-full wp-image-307676\" alt=\"\" srcset=\"https:\/\/datawords.com\/wp-content\/uploads\/2026\/02\/culturelle.avif 577w, https:\/\/datawords.com\/wp-content\/uploads\/2026\/02\/culturelle-266x300.avif 266w\" sizes=\"(max-width: 577px) 100vw, 577px\" \/>\t\t\t\t\t\t\t\t\t\t\t\t\t\t\t<\/div>\n\t\t\t\t<\/div>\n\t\t\t\t<\/div>\n\t\t<div class=\"elementor-element elementor-element-ce7aee7 e-con-full e-flex e-con e-child\" data-id=\"ce7aee7\" data-element_type=\"container\">\n\t\t\t\t<div class=\"elementor-element elementor-element-d334de2 elementor-widget elementor-widget-heading\" data-id=\"d334de2\" data-element_type=\"widget\" data-widget_type=\"heading.default\">\n\t\t\t\t<div class=\"elementor-widget-container\">\n\t\t\t\t\t<h2 class=\"elementor-heading-title elementor-size-default\">Multi-<\/h2>\t\t\t\t<\/div>\n\t\t\t\t<\/div>\n\t\t\t\t<div class=\"elementor-element elementor-element-5091b89 elementor-widget elementor-widget-heading\" data-id=\"5091b89\" data-element_type=\"widget\" data-widget_type=\"heading.default\">\n\t\t\t\t<div class=\"elementor-widget-container\">\n\t\t\t\t\t<h2 class=\"elementor-heading-title elementor-size-default\">cultural<\/h2>\t\t\t\t<\/div>\n\t\t\t\t<\/div>\n\t\t\t\t<div class=\"elementor-element elementor-element-cdd1de9 elementor-widget elementor-widget-text-editor\" data-id=\"cdd1de9\" data-element_type=\"widget\" data-widget_type=\"text-editor.default\">\n\t\t\t\t<div class=\"elementor-widget-container\">\n\t\t\t\t\t\t\t\t\t<p>A Datawords est\u00e1 presente na Europa, \u00c1sia e Am\u00e9rica do Norte, com 25 hubs, incluindo Paris, Luxemburgo, Berlim, Londres, Barcelona, \u200b\u200bMil\u00e3o, Seul, Hong Kong, T\u00f3quio, Xangai, Manila, Nova York e Miami. Dentro de cada um desses escrit\u00f3rios, oferecemos diariamente aos nossos colaboradores uma experi\u00eancia internacional. Os projetos em que trabalhamos s\u00e3o de \u00e2mbito global; nossas equipes v\u00eam dos quatro cantos do mundo, falamos todos os idiomas nos corredores dos nossos escrit\u00f3rios\u2026 Datawords, uma empresa 100% multicultural.<\/p>\t\t\t\t\t\t\t\t<\/div>\n\t\t\t\t<\/div>\n\t\t\t\t<\/div>\n\t\t\t\t<\/div>\n\t\t\t\t\t<\/div>\n\t\t\t\t<\/div>\n\t\t\t\t<\/div>\n\t\t","protected":false},"excerpt":{"rendered":"<p>Trabalhe na Datawords A Datawords \u00e9 uma empresa dirigida por colaboradores que tem como miss\u00e3o oferecer \u00e0s marcas internacionais conte\u00fados localmente relevantes em qualquer lugar, a qualquer hora, independentemente da plataforma digital utilizada e da cultura-alvo. Para entregar desempenho aos seus clientes, a Datawords valoriza a diversidade de identidades, culturas, valores, formas de pensar, origens [&hellip;]<\/p>\n","protected":false},"author":42,"featured_media":0,"parent":0,"menu_order":0,"comment_status":"closed","ping_status":"closed","template":"","meta":{"_acf_changed":false,"content-type":"","footnotes":""},"class_list":["post-31561","page","type-page","status-publish","hentry"],"acf":[],"_links":{"self":[{"href":"https:\/\/datawords.com\/pt-br\/wp-json\/wp\/v2\/pages\/31561","targetHints":{"allow":["GET"]}}],"collection":[{"href":"https:\/\/datawords.com\/pt-br\/wp-json\/wp\/v2\/pages"}],"about":[{"href":"https:\/\/datawords.com\/pt-br\/wp-json\/wp\/v2\/types\/page"}],"author":[{"embeddable":true,"href":"https:\/\/datawords.com\/pt-br\/wp-json\/wp\/v2\/users\/42"}],"replies":[{"embeddable":true,"href":"https:\/\/datawords.com\/pt-br\/wp-json\/wp\/v2\/comments?post=31561"}],"version-history":[{"count":0,"href":"https:\/\/datawords.com\/pt-br\/wp-json\/wp\/v2\/pages\/31561\/revisions"}],"wp:attachment":[{"href":"https:\/\/datawords.com\/pt-br\/wp-json\/wp\/v2\/media?parent=31561"}],"curies":[{"name":"wp","href":"https:\/\/api.w.org\/{rel}","templated":true}]}}