{"id":31559,"date":"2023-07-22T12:10:27","date_gmt":"2023-07-22T10:10:27","guid":{"rendered":"https:\/\/datawords.com\/avisos-legais\/"},"modified":"2026-02-09T07:59:00","modified_gmt":"2026-02-09T06:59:00","slug":"avisos-legais","status":"publish","type":"page","link":"https:\/\/datawords.com\/pt-br\/avisos-legais\/","title":{"rendered":"Avisos legais"},"content":{"rendered":"\t\t<div data-elementor-type=\"wp-page\" data-elementor-id=\"31559\" class=\"elementor elementor-31559 elementor-8148\" data-elementor-post-type=\"page\">\n\t\t\t\t\t\t<section class=\"elementor-section elementor-top-section elementor-element elementor-element-de16404 duisc_shadow elementor-section-boxed elementor-section-height-default elementor-section-height-default\" data-id=\"de16404\" data-element_type=\"section\" data-settings=\"{&quot;background_background&quot;:&quot;classic&quot;}\">\n\t\t\t\t\t\t<div class=\"elementor-container elementor-column-gap-default\">\n\t\t\t\t\t<div class=\"elementor-column elementor-col-100 elementor-top-column elementor-element elementor-element-1e33ac1\" data-id=\"1e33ac1\" data-element_type=\"column\">\n\t\t\t<div class=\"elementor-widget-wrap elementor-element-populated\">\n\t\t\t\t\t\t<section class=\"elementor-section elementor-inner-section elementor-element elementor-element-b54a36e elementor-section-boxed elementor-section-height-default elementor-section-height-default\" data-id=\"b54a36e\" data-element_type=\"section\">\n\t\t\t\t\t\t<div class=\"elementor-container elementor-column-gap-default\">\n\t\t\t\t\t<div class=\"elementor-column elementor-col-100 elementor-inner-column elementor-element elementor-element-936da47\" data-id=\"936da47\" data-element_type=\"column\">\n\t\t\t<div class=\"elementor-widget-wrap elementor-element-populated\">\n\t\t\t\t<div class=\"elementor-element elementor-element-d66f4fe e-flex e-con-boxed e-con e-parent\" data-id=\"d66f4fe\" data-element_type=\"container\">\n\t\t\t\t\t<div class=\"e-con-inner\">\n\t\t\t\t<div class=\"elementor-element elementor-element-0eb64c9 textchange elementor-widget__width-initial elementor-widget elementor-widget-text-editor\" data-id=\"0eb64c9\" data-element_type=\"widget\" data-widget_type=\"text-editor.default\">\n\t\t\t\t<div class=\"elementor-widget-container\">\n\t\t\t\t\t\t\t\t\t<h1><strong>MEN\u00c7\u00d5ES<\/strong> LEGAIS<\/h1>\n\t\t\t\t\t\t\t\t<\/div>\n\t\t\t\t<\/div>\n\t\t\t\t\t<\/div>\n\t\t\t\t<\/div>\n\t\t\t\t<div class=\"elementor-element elementor-element-7ea6eb4 elementor-widget elementor-widget-heading\" data-id=\"7ea6eb4\" data-element_type=\"widget\" data-widget_type=\"heading.default\">\n\t\t\t\t<div class=\"elementor-widget-container\">\n\t\t\t\t\t<p class=\"elementor-heading-title elementor-size-default\">O site Datawords (doravante site) pertence \u00e0 empresa Datawords Datasia, empresa do Grupo Datawords (doravante Datawords), com sede em 66 Rue de Villiers, 92300 Levallois-Perret, com capital de \u20ac127.960,00, registrada no Registro Comercial de Nanterre sob o n\u00famero 431 857 317, IVA FR96431857317.\n\n<\/p>\t\t\t\t<\/div>\n\t\t\t\t<\/div>\n\t\t<div class=\"elementor-element elementor-element-5f75f05 e-grid e-con-full e-con e-parent\" data-id=\"5f75f05\" data-element_type=\"container\">\n\t\t<div class=\"elementor-element elementor-element-bcf1253 e-con-full bxgra e-flex e-con e-child\" data-id=\"bcf1253\" data-element_type=\"container\" data-settings=\"{&quot;background_background&quot;:&quot;classic&quot;}\">\n\t\t\t\t<div class=\"elementor-element elementor-element-6a88a31 elementor-widget elementor-widget-heading\" data-id=\"6a88a31\" data-element_type=\"widget\" data-widget_type=\"heading.default\">\n\t\t\t\t<div class=\"elementor-widget-container\">\n\t\t\t\t\t<h2 class=\"elementor-heading-title elementor-size-default\">O site \u00e9 hospedado por:\n<\/h2>\t\t\t\t<\/div>\n\t\t\t\t<\/div>\n\t\t\t\t<div class=\"elementor-element elementor-element-07ab53a elementor-widget elementor-widget-heading\" data-id=\"07ab53a\" data-element_type=\"widget\" data-widget_type=\"heading.default\">\n\t\t\t\t<div class=\"elementor-widget-container\">\n\t\t\t\t\t<p class=\"elementor-heading-title elementor-size-default\">OVH<br>\n2, rue Kellerman<br>59100 ROUBAIX<br>FRANCE<br>\nO data center est\u00e1 localizado em Gravelines: <a href=\"https:\/\/www.societe.com\/etablissement\/ovh-42476141900052-4a.html\" target=\"_blank\" rel=\"noopener\">https:\/\/www.societe.com\/etablissement\/ovh-42476141900052-4a.html<\/a><br><\/p>\t\t\t\t<\/div>\n\t\t\t\t<\/div>\n\t\t\t\t<\/div>\n\t\t<div class=\"elementor-element elementor-element-ea7f9d0 e-con-full bxgra e-flex e-con e-child\" data-id=\"ea7f9d0\" data-element_type=\"container\" data-settings=\"{&quot;background_background&quot;:&quot;classic&quot;}\">\n\t\t\t\t<div class=\"elementor-element elementor-element-7942b12 elementor-widget elementor-widget-heading\" data-id=\"7942b12\" data-element_type=\"widget\" data-widget_type=\"heading.default\">\n\t\t\t\t<div class=\"elementor-widget-container\">\n\t\t\t\t\t<h2 class=\"elementor-heading-title elementor-size-default\">O site \u00e9 desenvolvido por:<\/h2>\t\t\t\t<\/div>\n\t\t\t\t<\/div>\n\t\t\t\t<div class=\"elementor-element elementor-element-8130882 elementor-widget elementor-widget-heading\" data-id=\"8130882\" data-element_type=\"widget\" data-widget_type=\"heading.default\">\n\t\t\t\t<div class=\"elementor-widget-container\">\n\t\t\t\t\t<p class=\"elementor-heading-title elementor-size-default\">Desenvolvedor : Serkan Sahin <br> Respons\u00e1vel : Alexandre Crazover <br> E-mail : <span>dpo@datawords.com<\/span><br> Tel : +33 1 75 33 80 80<\/p>\t\t\t\t<\/div>\n\t\t\t\t<\/div>\n\t\t\t\t<\/div>\n\t\t\t\t<\/div>\n\t\t\t\t<div class=\"elementor-element elementor-element-10fcf5d elementor-widget elementor-widget-heading\" data-id=\"10fcf5d\" data-element_type=\"widget\" data-widget_type=\"heading.default\">\n\t\t\t\t<div class=\"elementor-widget-container\">\n\t\t\t\t\t<p class=\"elementor-heading-title elementor-size-default\">Estes avisos incluem as condi\u00e7\u00f5es de utiliza\u00e7\u00e3o do site pelos usu\u00e1rios.\n\n<\/p>\t\t\t\t<\/div>\n\t\t\t\t<\/div>\n\t\t<div class=\"elementor-element elementor-element-0039732 e-con-full e-flex e-con e-parent\" data-id=\"0039732\" data-element_type=\"container\">\n\t\t\t\t<div class=\"elementor-element elementor-element-15fdb20 elementor-widget elementor-widget-heading\" data-id=\"15fdb20\" data-element_type=\"widget\" data-widget_type=\"heading.default\">\n\t\t\t\t<div class=\"elementor-widget-container\">\n\t\t\t\t\t<h2 class=\"elementor-heading-title elementor-size-default\">Termos \n\n<\/h2>\t\t\t\t<\/div>\n\t\t\t\t<\/div>\n\t\t\t\t<div class=\"elementor-element elementor-element-556fb48 elementor-widget elementor-widget-heading\" data-id=\"556fb48\" data-element_type=\"widget\" data-widget_type=\"heading.default\">\n\t\t\t\t<div class=\"elementor-widget-container\">\n\t\t\t\t\t<h2 class=\"elementor-heading-title elementor-size-default\">de uso<\/h2>\t\t\t\t<\/div>\n\t\t\t\t<\/div>\n\t\t\t\t<\/div>\n\t\t\t\t<div class=\"elementor-element elementor-element-643c664 elementor-widget elementor-widget-heading\" data-id=\"643c664\" data-element_type=\"widget\" data-widget_type=\"heading.default\">\n\t\t\t\t<div class=\"elementor-widget-container\">\n\t\t\t\t\t<p class=\"elementor-heading-title elementor-size-default\">O site Datawords apresenta as atividades da ag\u00eancia e as suas equipes.\n\n<\/p>\t\t\t\t<\/div>\n\t\t\t\t<\/div>\n\t\t\t\t<div class=\"elementor-element elementor-element-9d4f675 elementor-widget elementor-widget-heading\" data-id=\"9d4f675\" data-element_type=\"widget\" data-widget_type=\"heading.default\">\n\t\t\t\t<div class=\"elementor-widget-container\">\n\t\t\t\t\t<p class=\"elementor-heading-title elementor-size-default\">Presume-se que qualquer usu\u00e1rio que acesse e navegue pelo site tenha aceito as presentes condi\u00e7\u00f5es de utiliza\u00e7\u00e3o e dever\u00e1 respeitar os seus termos.\n\n<\/p>\t\t\t\t<\/div>\n\t\t\t\t<\/div>\n\t\t\t\t<div class=\"elementor-element elementor-element-6559df3 elementor-widget elementor-widget-heading\" data-id=\"6559df3\" data-element_type=\"widget\" data-widget_type=\"heading.default\">\n\t\t\t\t<div class=\"elementor-widget-container\">\n\t\t\t\t\t<p class=\"elementor-heading-title elementor-size-default\">Estas condi\u00e7\u00f5es de utiliza\u00e7\u00e3o n\u00e3o se aplicam aos m\u00f3dulos integrados no site que permitem a comunica\u00e7\u00e3o com sites e plataformas de terceiros que tenham determinado as suas pr\u00f3prias condi\u00e7\u00f5es de utiliza\u00e7\u00e3o. Convidamos todos os usu\u00e1rios a lerem as condi\u00e7\u00f5es de uso destes m\u00f3dulos com seus respectivos editores.<\/p>\t\t\t\t<\/div>\n\t\t\t\t<\/div>\n\t\t\t\t<div class=\"elementor-element elementor-element-b222d62 elementor-widget elementor-widget-heading\" data-id=\"b222d62\" data-element_type=\"widget\" data-widget_type=\"heading.default\">\n\t\t\t\t<div class=\"elementor-widget-container\">\n\t\t\t\t\t<p class=\"elementor-heading-title elementor-size-default\">Estas condi\u00e7\u00f5es podem ser modificadas a qualquer momento. Quaisquer modifica\u00e7\u00f5es ser\u00e3o publicadas no site e presume-se que qualquer usu\u00e1rio que acesse o site ap\u00f3s sua publica\u00e7\u00e3o ter\u00e1 aceito estas modifica\u00e7\u00f5es.\n\n<\/p>\t\t\t\t<\/div>\n\t\t\t\t<\/div>\n\t\t\t\t<div class=\"elementor-element elementor-element-13ae96e elementor-widget elementor-widget-heading\" data-id=\"13ae96e\" data-element_type=\"widget\" data-widget_type=\"heading.default\">\n\t\t\t\t<div class=\"elementor-widget-container\">\n\t\t\t\t\t<p class=\"elementor-heading-title elementor-size-default\">Estas condi\u00e7\u00f5es de utiliza\u00e7\u00e3o est\u00e3o sujeitas \u00e0 lei francesa e qualquer lit\u00edgio relativo, em particular, \u00e0 sua aplica\u00e7\u00e3o e interpreta\u00e7\u00e3o ser\u00e1 apresentado ao Tribunal Comercial de Paris.\n\n<\/p>\t\t\t\t<\/div>\n\t\t\t\t<\/div>\n\t\t<div class=\"elementor-element elementor-element-98e5fe7 e-con-full e-flex e-con e-parent\" data-id=\"98e5fe7\" data-element_type=\"container\">\n\t\t\t\t<div class=\"elementor-element elementor-element-6957f9c elementor-widget elementor-widget-heading\" data-id=\"6957f9c\" data-element_type=\"widget\" data-widget_type=\"heading.default\">\n\t\t\t\t<div class=\"elementor-widget-container\">\n\t\t\t\t\t<h2 class=\"elementor-heading-title elementor-size-default\">Propriedade \n\n<\/h2>\t\t\t\t<\/div>\n\t\t\t\t<\/div>\n\t\t\t\t<div class=\"elementor-element elementor-element-36dea78 elementor-widget elementor-widget-heading\" data-id=\"36dea78\" data-element_type=\"widget\" data-widget_type=\"heading.default\">\n\t\t\t\t<div class=\"elementor-widget-container\">\n\t\t\t\t\t<h2 class=\"elementor-heading-title elementor-size-default\">intelectual<\/h2>\t\t\t\t<\/div>\n\t\t\t\t<\/div>\n\t\t\t\t<\/div>\n\t\t\t\t<div class=\"elementor-element elementor-element-8e3309a elementor-widget elementor-widget-heading\" data-id=\"8e3309a\" data-element_type=\"widget\" data-widget_type=\"heading.default\">\n\t\t\t\t<div class=\"elementor-widget-container\">\n\t\t\t\t\t<p class=\"elementor-heading-title elementor-size-default\">Todos os elementos e conte\u00fados que comp\u00f5em o site Datawords est\u00e3o protegidos pela Propriedade Intelectual, incluindo, nomeadamente, mas n\u00e3o limitado a, qualquer logotipo, marca, fotografia, v\u00eddeo, texto, desenho, gr\u00e1fico e apresenta\u00e7\u00e3o.\n\n<\/p>\t\t\t\t<\/div>\n\t\t\t\t<\/div>\n\t\t\t\t<div class=\"elementor-element elementor-element-68402da elementor-widget elementor-widget-heading\" data-id=\"68402da\" data-element_type=\"widget\" data-widget_type=\"heading.default\">\n\t\t\t\t<div class=\"elementor-widget-container\">\n\t\t\t\t\t<p class=\"elementor-heading-title elementor-size-default\">Qualquer reprodu\u00e7\u00e3o, distribui\u00e7\u00e3o, c\u00f3pia, adapta\u00e7\u00e3o, cita\u00e7\u00e3o de todo ou parte deste site, em qualquer meio e para qualquer uso, \u00e9 estritamente proibida sem a autoriza\u00e7\u00e3o pr\u00e9via do titular dos direitos, Datawords, salvo indica\u00e7\u00e3o em contr\u00e1rio.\n\n<\/p>\t\t\t\t<\/div>\n\t\t\t\t<\/div>\n\t\t\t\t<div class=\"elementor-element elementor-element-62ba7d0 elementor-widget elementor-widget-heading\" data-id=\"62ba7d0\" data-element_type=\"widget\" data-widget_type=\"heading.default\">\n\t\t\t\t<div class=\"elementor-widget-container\">\n\t\t\t\t\t<p class=\"elementor-heading-title elementor-size-default\">A Datawords recusa explicitamente que a totalidade ou parte do conte\u00fado do seu site, ou alguns dos elementos que o comp\u00f5em ou que nele se encontram publicados, qualquer que seja a sua natureza, sejam explorados por qualquer intelig\u00eancia artificial.\n\n<\/p>\t\t\t\t<\/div>\n\t\t\t\t<\/div>\n\t\t<div class=\"elementor-element elementor-element-6db51cc e-con-full e-flex e-con e-parent\" data-id=\"6db51cc\" data-element_type=\"container\">\n\t\t\t\t<div class=\"elementor-element elementor-element-01b0b01 elementor-widget elementor-widget-heading\" data-id=\"01b0b01\" data-element_type=\"widget\" data-widget_type=\"heading.default\">\n\t\t\t\t<div class=\"elementor-widget-container\">\n\t\t\t\t\t<h2 class=\"elementor-heading-title elementor-size-default\">Links entre o site da Datawords\n\n<\/h2>\t\t\t\t<\/div>\n\t\t\t\t<\/div>\n\t\t\t\t<div class=\"elementor-element elementor-element-8fc227c elementor-widget elementor-widget-heading\" data-id=\"8fc227c\" data-element_type=\"widget\" data-widget_type=\"heading.default\">\n\t\t\t\t<div class=\"elementor-widget-container\">\n\t\t\t\t\t<h2 class=\"elementor-heading-title elementor-size-default\">e sites externos<\/h2>\t\t\t\t<\/div>\n\t\t\t\t<\/div>\n\t\t\t\t<\/div>\n\t\t\t\t<div class=\"elementor-element elementor-element-3708cf7 elementor-widget elementor-widget-heading\" data-id=\"3708cf7\" data-element_type=\"widget\" data-widget_type=\"heading.default\">\n\t\t\t\t<div class=\"elementor-widget-container\">\n\t\t\t\t\t<p class=\"elementor-heading-title elementor-size-default\">Qualquer link de um site externo para o site da Datawords est\u00e1 sujeito \u00e0 autoriza\u00e7\u00e3o pr\u00e9via da Datawords, que se reserva o direito de perseguir qualquer infrator. No entanto, a disponibiliza\u00e7\u00e3o de aplica\u00e7\u00f5es e m\u00f3dulos que ofere\u00e7am esta possibilidade equivale \u00e0 autoriza\u00e7\u00e3o da Datawords.\n\n<\/p>\t\t\t\t<\/div>\n\t\t\t\t<\/div>\n\t\t\t\t<div class=\"elementor-element elementor-element-cf5ef8e elementor-widget elementor-widget-heading\" data-id=\"cf5ef8e\" data-element_type=\"widget\" data-widget_type=\"heading.default\">\n\t\t\t\t<div class=\"elementor-widget-container\">\n\t\t\t\t\t<p class=\"elementor-heading-title elementor-size-default\">A Datawords declina qualquer responsabilidade relacionada a qualquer link presente em um site externo e referente ao site e n\u00e3o pode, em caso algum, presumir-se que esteja associada a conte\u00fados presentes neste site de terceiros pela simples exist\u00eancia deste hiperlink.\n\n<\/p>\t\t\t\t<\/div>\n\t\t\t\t<\/div>\n\t\t\t\t<div class=\"elementor-element elementor-element-d1c3265 elementor-widget elementor-widget-heading\" data-id=\"d1c3265\" data-element_type=\"widget\" data-widget_type=\"heading.default\">\n\t\t\t\t<div class=\"elementor-widget-container\">\n\t\t\t\t\t<p class=\"elementor-heading-title elementor-size-default\">O site cont\u00e9m links que redirecionam para outros sites do Grupo Datawords, sites parceiros e\/ou sites de terceiros. A Datawords n\u00e3o tem qualquer controle sobre esses outros sites de terceiros, n\u00e3o podendo em caso algum ser respons\u00e1vel pelo conte\u00fado ou pelas condi\u00e7\u00f5es de utiliza\u00e7\u00e3o espec\u00edficas dos mesmos, nomeadamente em termos de respeito pela vida privada. A Datawords n\u00e3o pode, em caso algum, ser responsabilizada por quaisquer danos sofridos em um site para o qual um dos seus internautas tenha sido redirecionado.<\/p>\t\t\t\t<\/div>\n\t\t\t\t<\/div>\n\t\t\t\t<div class=\"elementor-element elementor-element-b9c8a54 elementor-widget elementor-widget-heading\" data-id=\"b9c8a54\" data-element_type=\"widget\" data-widget_type=\"heading.default\">\n\t\t\t\t<div class=\"elementor-widget-container\">\n\t\t\t\t\t<p class=\"elementor-heading-title elementor-size-default\">Em nenhuma hip\u00f3tese, a Datawords se apropria do conte\u00fado presente em sites externos assim acess\u00edveis.\n\n<\/p>\t\t\t\t<\/div>\n\t\t\t\t<\/div>\n\t\t\t\t<div class=\"elementor-element elementor-element-cddfb74 elementor-widget elementor-widget-heading\" data-id=\"cddfb74\" data-element_type=\"widget\" data-widget_type=\"heading.default\">\n\t\t\t\t<div class=\"elementor-widget-container\">\n\t\t\t\t\t<h2 class=\"elementor-heading-title elementor-size-default\">Responsabilidade\n\n<\/h2>\t\t\t\t<\/div>\n\t\t\t\t<\/div>\n\t\t\t\t<div class=\"elementor-element elementor-element-d8a6e55 elementor-widget elementor-widget-heading\" data-id=\"d8a6e55\" data-element_type=\"widget\" data-widget_type=\"heading.default\">\n\t\t\t\t<div class=\"elementor-widget-container\">\n\t\t\t\t\t<p class=\"elementor-heading-title elementor-size-default\">A Datawords atualiza regularmente os conte\u00fados e sistemas existentes no site, de forma a permitir o acesso e utiliza\u00e7\u00e3o do site nas melhores condi\u00e7\u00f5es para os seus usu\u00e1rios.\n\n<\/p>\t\t\t\t<\/div>\n\t\t\t\t<\/div>\n\t\t\t\t<div class=\"elementor-element elementor-element-89842f3 elementor-widget elementor-widget-heading\" data-id=\"89842f3\" data-element_type=\"widget\" data-widget_type=\"heading.default\">\n\t\t\t\t<div class=\"elementor-widget-container\">\n\t\t\t\t\t<p class=\"elementor-heading-title elementor-size-default\">No entanto, a Datawords n\u00e3o pode garantir em tempo real a atualidade, plenitude, exatid\u00e3o e integralidade do conte\u00fado publicado no site.\n\n<\/p>\t\t\t\t<\/div>\n\t\t\t\t<\/div>\n\t\t\t\t<div class=\"elementor-element elementor-element-d8c0291 elementor-widget elementor-widget-heading\" data-id=\"d8c0291\" data-element_type=\"widget\" data-widget_type=\"heading.default\">\n\t\t\t\t<div class=\"elementor-widget-container\">\n\t\t\t\t\t<p class=\"elementor-heading-title elementor-size-default\">Neste contexto, o usu\u00e1rio tem plena consci\u00eancia de que o conte\u00fado presente no site \u00e9 fornecido apenas para fins informativos.\n\n<\/p>\t\t\t\t<\/div>\n\t\t\t\t<\/div>\n\t\t\t\t<div class=\"elementor-element elementor-element-6c8df87 elementor-widget elementor-widget-heading\" data-id=\"6c8df87\" data-element_type=\"widget\" data-widget_type=\"heading.default\">\n\t\t\t\t<div class=\"elementor-widget-container\">\n\t\t\t\t\t<p class=\"elementor-heading-title elementor-size-default\">A Datawords n\u00e3o pode ser responsabilizada por quaisquer inconvenientes ou danos causados \u200b\u200ba um usu\u00e1rio pelas a\u00e7\u00f5es de terceiros que, por meios t\u00e9cnicos injustos, utilizaram a informa\u00e7\u00e3o publicada no site. A Empresa assegura, no entanto, que p\u00f5e em pr\u00e1tica os meios ao seu dispor para combater qualquer a\u00e7\u00e3o deste tipo, estando ainda limitada pelos constrangimentos inerentes \u00e0 Internet.\n\n<\/p>\t\t\t\t<\/div>\n\t\t\t\t<\/div>\n\t\t\t\t<div class=\"elementor-element elementor-element-add2bc3 elementor-widget elementor-widget-heading\" data-id=\"add2bc3\" data-element_type=\"widget\" data-widget_type=\"heading.default\">\n\t\t\t\t<div class=\"elementor-widget-container\">\n\t\t\t\t\t<p class=\"elementor-heading-title elementor-size-default\">A Empresa n\u00e3o pode ser responsabilizada por quaisquer danos sofridos tendo em conta nomeadamente a qualidade da rede de Internet e\/ou configura\u00e7\u00f5es t\u00e9cnicas.\n\n<\/p>\t\t\t\t<\/div>\n\t\t\t\t<\/div>\n\t\t\t\t<div class=\"elementor-element elementor-element-3caaa1f elementor-widget elementor-widget-heading\" data-id=\"3caaa1f\" data-element_type=\"widget\" data-widget_type=\"heading.default\">\n\t\t\t\t<div class=\"elementor-widget-container\">\n\t\t\t\t\t<p class=\"elementor-heading-title elementor-size-default\">O site foi desenvolvido em ambiente t\u00e9cnico escolhido pela Datawords e est\u00e1 atualizado para garantir sua acessibilidade. No entanto, a Datawords n\u00e3o garante de forma alguma a total acessibilidade do site ou a aus\u00eancia de erros e bugs em particular. Cada internauta que encontre alguma dificuldade em sua navega\u00e7\u00e3o \u00e9 convidado a informar o webmaster por e-mail, sem que a Datawords seja obrigada a solucionar esta quest\u00e3o.\n\n<\/p>\t\t\t\t<\/div>\n\t\t\t\t<\/div>\n\t\t\t\t<div class=\"elementor-element elementor-element-61152de elementor-widget elementor-widget-heading\" data-id=\"61152de\" data-element_type=\"widget\" data-widget_type=\"heading.default\">\n\t\t\t\t<div class=\"elementor-widget-container\">\n\t\t\t\t\t<p class=\"elementor-heading-title elementor-size-default\">A Datawords n\u00e3o poder\u00e1 ser responsabilizada por qualquer mau funcionamento, bug, deteriora\u00e7\u00e3o de qualquer m\u00f3dulo externo, ou causada por este m\u00f3dulo externo, permitindo a comunica\u00e7\u00e3o com sites\/plataformas externas que t\u00eam gest\u00e3o e controle exclusivos destes m\u00f3dulos.\n\n<\/p>\t\t\t\t<\/div>\n\t\t\t\t<\/div>\n\t\t\t\t<div class=\"elementor-element elementor-element-af0ccde elementor-widget elementor-widget-heading\" data-id=\"af0ccde\" data-element_type=\"widget\" data-widget_type=\"heading.default\">\n\t\t\t\t<div class=\"elementor-widget-container\">\n\t\t\t\t\t<p class=\"elementor-heading-title elementor-size-default\">A Datawords ter\u00e1 o direito de perseguir qualquer pessoa que tenha danificado o site da Datawords por qualquer meio, tanto \u00e0 sua estrutura t\u00e9cnica como ao conte\u00fado publicado (c\u00f3pia il\u00edcita, hacking, envio de arquivo malicioso etc.).\n\n<\/p>\t\t\t\t<\/div>\n\t\t\t\t<\/div>\n\t\t\t\t<div class=\"elementor-element elementor-element-07e6419 elementor-widget elementor-widget-heading\" data-id=\"07e6419\" data-element_type=\"widget\" data-widget_type=\"heading.default\">\n\t\t\t\t<div class=\"elementor-widget-container\">\n\t\t\t\t\t<p class=\"elementor-heading-title elementor-size-default\">\u00a9 Datawords 2025<\/p>\t\t\t\t<\/div>\n\t\t\t\t<\/div>\n\t\t\t\t\t<\/div>\n\t\t<\/div>\n\t\t\t\t\t<\/div>\n\t\t<\/section>\n\t\t\t\t\t<\/div>\n\t\t<\/div>\n\t\t\t\t\t<\/div>\n\t\t<\/section>\n\t\t\t\t<\/div>\n\t\t","protected":false},"excerpt":{"rendered":"<p>MEN\u00c7\u00d5ES LEGAIS O site Datawords (doravante site) pertence \u00e0 empresa Datawords Datasia, empresa do Grupo Datawords (doravante Datawords), com sede em 66 Rue de Villiers, 92300 Levallois-Perret, com capital de \u20ac127.960,00, registrada no Registro Comercial de Nanterre sob o n\u00famero 431 857 317, IVA FR96431857317. O site \u00e9 hospedado por: OVH 2, rue Kellerman59100 ROUBAIXFRANCE [&hellip;]<\/p>\n","protected":false},"author":42,"featured_media":0,"parent":0,"menu_order":0,"comment_status":"closed","ping_status":"closed","template":"","meta":{"_acf_changed":false,"content-type":"","footnotes":""},"class_list":["post-31559","page","type-page","status-publish","hentry"],"acf":[],"_links":{"self":[{"href":"https:\/\/datawords.com\/pt-br\/wp-json\/wp\/v2\/pages\/31559","targetHints":{"allow":["GET"]}}],"collection":[{"href":"https:\/\/datawords.com\/pt-br\/wp-json\/wp\/v2\/pages"}],"about":[{"href":"https:\/\/datawords.com\/pt-br\/wp-json\/wp\/v2\/types\/page"}],"author":[{"embeddable":true,"href":"https:\/\/datawords.com\/pt-br\/wp-json\/wp\/v2\/users\/42"}],"replies":[{"embeddable":true,"href":"https:\/\/datawords.com\/pt-br\/wp-json\/wp\/v2\/comments?post=31559"}],"version-history":[{"count":0,"href":"https:\/\/datawords.com\/pt-br\/wp-json\/wp\/v2\/pages\/31559\/revisions"}],"wp:attachment":[{"href":"https:\/\/datawords.com\/pt-br\/wp-json\/wp\/v2\/media?parent=31559"}],"curies":[{"name":"wp","href":"https:\/\/api.w.org\/{rel}","templated":true}]}}