{"id":30731,"date":"2023-06-29T13:45:10","date_gmt":"2023-06-29T11:45:10","guid":{"rendered":"https:\/\/datawords.com\/crescimento-omnichannel-por-cultura\/"},"modified":"2025-11-07T00:46:43","modified_gmt":"2025-11-06T23:46:43","slug":"crescimento-omnicanal-atraves-da-cultura","status":"publish","type":"page","link":"https:\/\/datawords.com\/pt-br\/crescimento-omnicanal-atraves-da-cultura\/","title":{"rendered":"Crescimento omnicanal atrav\u00e9s da cultura"},"content":{"rendered":"\t\t<div data-elementor-type=\"wp-page\" data-elementor-id=\"30731\" class=\"elementor elementor-30731 elementor-6413\" data-elementor-post-type=\"page\">\n\t\t\t\t<div class=\"elementor-element elementor-element-8e097b4 e-flex e-con-boxed e-con e-parent\" data-id=\"8e097b4\" data-element_type=\"container\" data-settings=\"{&quot;background_background&quot;:&quot;classic&quot;}\">\n\t\t\t\t\t<div class=\"e-con-inner\">\n\t\t<div class=\"elementor-element elementor-element-e5710dd e-con-full e-flex e-con e-child\" data-id=\"e5710dd\" data-element_type=\"container\">\n\t\t\t\t<div class=\"elementor-element elementor-element-ee6f7d0 textchange elementor-widget__width-initial elementor-hidden-desktop elementor-hidden-tablet elementor-widget elementor-widget-text-editor\" data-id=\"ee6f7d0\" data-element_type=\"widget\" data-widget_type=\"text-editor.default\">\n\t\t\t\t<div class=\"elementor-widget-container\">\n\t\t\t\t\t\t\t\t\t<h1><strong> AUMENTE SUA VISIBILIDADE LOCAL<\/strong>\nCOM COER\u00caNCIA GLOBAL<\/h1>\t\t\t\t\t\t\t\t<\/div>\n\t\t\t\t<\/div>\n\t\t\t\t<div class=\"elementor-element elementor-element-e7d1f1d textchange elementor-widget__width-initial elementor-hidden-mobile elementor-widget elementor-widget-text-editor\" data-id=\"e7d1f1d\" data-element_type=\"widget\" data-widget_type=\"text-editor.default\">\n\t\t\t\t<div class=\"elementor-widget-container\">\n\t\t\t\t\t\t\t\t\t<h1><strong> AUMENTE SUA VISIBILIDADE LOCAL<\/strong><br>\nCOM COER\u00caNCIA GLOBAL<\/h1>\t\t\t\t\t\t\t\t<\/div>\n\t\t\t\t<\/div>\n\t\t\t\t<\/div>\n\t\t\t\t\t<\/div>\n\t\t\t\t<\/div>\n\t\t<div class=\"elementor-element elementor-element-415498b nos-valeurs e-flex e-con-boxed e-con e-parent\" data-id=\"415498b\" data-element_type=\"container\" data-settings=\"{&quot;background_background&quot;:&quot;gradient&quot;}\">\n\t\t\t\t\t<div class=\"e-con-inner\">\n\t\t<div class=\"elementor-element elementor-element-af36182 e-con-full e-flex e-con e-child\" data-id=\"af36182\" data-element_type=\"container\">\n\t\t<div class=\"elementor-element elementor-element-8e37ecc e-con-full e-flex e-con e-child\" data-id=\"8e37ecc\" data-element_type=\"container\">\n\t\t\t\t<div class=\"elementor-element elementor-element-69228c9 elementor-widget elementor-widget-heading\" data-id=\"69228c9\" data-element_type=\"widget\" data-widget_type=\"heading.default\">\n\t\t\t\t<div class=\"elementor-widget-container\">\n\t\t\t\t\t<p class=\"elementor-heading-title elementor-size-default\">Para uma estrat\u00e9gia de comunica\u00e7\u00e3o eficaz \u00e9 crucial estabelecer um relacionamento com cada comunidade\/cliente. Para as marcas internacionais, \u00e9 igualmente importante n\u00e3o permitir que as diferen\u00e7as culturais afetem o seu desempenho.\n\n<\/p>\t\t\t\t<\/div>\n\t\t\t\t<\/div>\n\t\t\t\t<div class=\"elementor-element elementor-element-053b81c elementor-widget elementor-widget-heading\" data-id=\"053b81c\" data-element_type=\"widget\" data-widget_type=\"heading.default\">\n\t\t\t\t<div class=\"elementor-widget-container\">\n\t\t\t\t\t<p class=\"elementor-heading-title elementor-size-default\">Na Datawords oferecemos um servi\u00e7o omnichannel abrangente para ajudar nossos clientes a crescer em cada mercado-alvo, utilizando estrat\u00e9gias adaptadas \u00e0s especificidades culturais locais para cada canal de comunica\u00e7\u00e3o.\n\n<\/p>\t\t\t\t<\/div>\n\t\t\t\t<\/div>\n\t\t\t\t<\/div>\n\t\t\t\t<\/div>\n\t\t\t\t\t<\/div>\n\t\t\t\t<\/div>\n\t\t<div class=\"elementor-element elementor-element-de3c80a notre-kredos e-flex e-con-boxed e-con e-parent\" data-id=\"de3c80a\" data-element_type=\"container\" data-settings=\"{&quot;background_background&quot;:&quot;classic&quot;}\">\n\t\t\t\t\t<div class=\"e-con-inner\">\n\t\t<div class=\"elementor-element elementor-element-af0b6ff e-flex e-con-boxed e-con e-child\" data-id=\"af0b6ff\" data-element_type=\"container\">\n\t\t\t\t\t<div class=\"e-con-inner\">\n\t\t\t\t<div class=\"elementor-element elementor-element-21c3c0a elementor-widget elementor-widget-heading\" data-id=\"21c3c0a\" data-element_type=\"widget\" data-widget_type=\"heading.default\">\n\t\t\t\t<div class=\"elementor-widget-container\">\n\t\t\t\t\t<h2 class=\"elementor-heading-title elementor-size-default\">NOSSA\n<\/h2>\t\t\t\t<\/div>\n\t\t\t\t<\/div>\n\t\t\t\t<div class=\"elementor-element elementor-element-136aab3 elementor-widget elementor-widget-heading\" data-id=\"136aab3\" data-element_type=\"widget\" data-widget_type=\"heading.default\">\n\t\t\t\t<div class=\"elementor-widget-container\">\n\t\t\t\t\t<h2 class=\"elementor-heading-title elementor-size-default\">EXPERTISE<\/h2>\t\t\t\t<\/div>\n\t\t\t\t<\/div>\n\t\t\t\t\t<\/div>\n\t\t\t\t<\/div>\n\t\t<div class=\"elementor-element elementor-element-99d3415 notre-kredo e-flex e-con-boxed e-con e-child\" data-id=\"99d3415\" data-element_type=\"container\">\n\t\t\t\t\t<div class=\"e-con-inner\">\n\t\t<div class=\"elementor-element elementor-element-f48b03b e-con-full shape-content-right e-flex e-con e-child\" data-id=\"f48b03b\" data-element_type=\"container\">\n\t\t\t\t<div class=\"elementor-element elementor-element-f75346b employees-matter elementor-widget elementor-widget-image-box\" data-id=\"f75346b\" data-element_type=\"widget\" data-widget_type=\"image-box.default\">\n\t\t\t\t<div class=\"elementor-widget-container\">\n\t\t\t\t\t<div class=\"elementor-image-box-wrapper\"><div class=\"elementor-image-box-content\"><h3 class=\"elementor-image-box-title\">SEO<\/h3><p class=\"elementor-image-box-description\">Levamos em conta a sua realidade cultural e o DNA da sua marca, recomendando uma estrat\u00e9gia sem\u00e2ntica adaptada a cada mercado. Produzimos o modelo do texto principal e a sua adapta\u00e7\u00e3o para cada subsidi\u00e1ria; tamb\u00e9m escrevemos conte\u00fados editoriais e realizamos o netlinking local (\u00faltima milha) para aumentar a performance da marca e otimizar o seu SEO nos motores de busca e nos seus portais de e-retail em cada pa\u00eds.\n\n<\/p><\/div><\/div>\t\t\t\t<\/div>\n\t\t\t\t<\/div>\n\t\t\t\t<\/div>\n\t\t<div class=\"elementor-element elementor-element-4044d08 e-con-full shape-content-right e-flex e-con e-child\" data-id=\"4044d08\" data-element_type=\"container\">\n\t\t\t\t<div class=\"elementor-element elementor-element-a24fa22 employees-matter elementor-widget elementor-widget-image-box\" data-id=\"a24fa22\" data-element_type=\"widget\" data-widget_type=\"image-box.default\">\n\t\t\t\t<div class=\"elementor-widget-container\">\n\t\t\t\t\t<div class=\"elementor-image-box-wrapper\"><div class=\"elementor-image-box-content\"><h3 class=\"elementor-image-box-title\">M\u00eddia paga<\/h3><p class=\"elementor-image-box-description\">Contamos com especialistas em publicidade paga localizados em mais de 25 pa\u00edses para criar campanhas de m\u00eddia eficazes e relevantes localmente. Estamos empenhados em maximizar a convers\u00e3o e a rentabilidade do seu neg\u00f3cio, garantindo ao mesmo tempo a manuten\u00e7\u00e3o da imagem da sua marca em cada um dos seus pa\u00edses, gra\u00e7as a uma estrat\u00e9gia global de SEO e pay-per-click.\n\n<\/p><\/div><\/div>\t\t\t\t<\/div>\n\t\t\t\t<\/div>\n\t\t\t\t<\/div>\n\t\t<div class=\"elementor-element elementor-element-fcecac3 e-con-full shape-content-right e-flex e-con e-child\" data-id=\"fcecac3\" data-element_type=\"container\">\n\t\t\t\t<div class=\"elementor-element elementor-element-028faab employees-matter elementor-widget elementor-widget-image-box\" data-id=\"028faab\" data-element_type=\"widget\" data-widget_type=\"image-box.default\">\n\t\t\t\t<div class=\"elementor-widget-container\">\n\t\t\t\t\t<div class=\"elementor-image-box-wrapper\"><div class=\"elementor-image-box-content\"><h3 class=\"elementor-image-box-title\">Redes sociais<\/h3><p class=\"elementor-image-box-description\">A nossa abordagem multicultural permite-nos ajud\u00e1-lo a escolher as redes sociais mais relevantes para cada regi\u00e3o e a compreender melhor os c\u00f3digos culturais. Criamos um conte\u00fado global e o adaptamos para suas subsidi\u00e1rias, enquanto planejamos e gerenciamos a modera\u00e7\u00e3o e a reputa\u00e7\u00e3o digital localmente. Resultado: uma presen\u00e7a eficaz e consistente em cada um dos seus pa\u00edses nas redes sociais.\n\n<\/p><\/div><\/div>\t\t\t\t<\/div>\n\t\t\t\t<\/div>\n\t\t\t\t<\/div>\n\t\t<div class=\"elementor-element elementor-element-20e185b e-con-full shape-content-right e-flex e-con e-child\" data-id=\"20e185b\" data-element_type=\"container\">\n\t\t\t\t<div class=\"elementor-element elementor-element-cff137d employees-matter elementor-widget elementor-widget-image-box\" data-id=\"cff137d\" data-element_type=\"widget\" data-widget_type=\"image-box.default\">\n\t\t\t\t<div class=\"elementor-widget-container\">\n\t\t\t\t\t<div class=\"elementor-image-box-wrapper\"><div class=\"elementor-image-box-content\"><h3 class=\"elementor-image-box-title\">M\u00faltiplas plataformas ao vivo<\/h3><p class=\"elementor-image-box-description\">O contato ao vivo faz parte de um princ\u00edpio de conversa com os consumidores. Por meio de chatbot e plataformas de streaming, permite oferecer experi\u00eancias personalizadas. Trabalhamos com nossos clientes para entender seu p\u00fablico local, fornecer conte\u00fado relevante e proporcionar solu\u00e7\u00f5es multil\u00edngues interconect\u00e1veis \u200b\u200be personalizadas para gerar servi\u00e7os personalizados com consist\u00eancia de marca.\n\n<\/p><\/div><\/div>\t\t\t\t<\/div>\n\t\t\t\t<\/div>\n\t\t\t\t<\/div>\n\t\t\t\t\t<\/div>\n\t\t\t\t<\/div>\n\t\t\t\t\t<\/div>\n\t\t\t\t<\/div>\n\t\t\t\t<\/div>\n\t\t","protected":false},"excerpt":{"rendered":"<p>AUMENTE SUA VISIBILIDADE LOCAL COM COER\u00caNCIA GLOBAL AUMENTE SUA VISIBILIDADE LOCAL COM COER\u00caNCIA GLOBAL Para uma estrat\u00e9gia de comunica\u00e7\u00e3o eficaz \u00e9 crucial estabelecer um relacionamento com cada comunidade\/cliente. Para as marcas internacionais, \u00e9 igualmente importante n\u00e3o permitir que as diferen\u00e7as culturais afetem o seu desempenho. Na Datawords oferecemos um servi\u00e7o omnichannel abrangente para ajudar nossos [&hellip;]<\/p>\n","protected":false},"author":1,"featured_media":30754,"parent":0,"menu_order":0,"comment_status":"closed","ping_status":"closed","template":"","meta":{"_acf_changed":false,"content-type":"","footnotes":""},"class_list":["post-30731","page","type-page","status-publish","has-post-thumbnail","hentry"],"acf":[],"_links":{"self":[{"href":"https:\/\/datawords.com\/pt-br\/wp-json\/wp\/v2\/pages\/30731","targetHints":{"allow":["GET"]}}],"collection":[{"href":"https:\/\/datawords.com\/pt-br\/wp-json\/wp\/v2\/pages"}],"about":[{"href":"https:\/\/datawords.com\/pt-br\/wp-json\/wp\/v2\/types\/page"}],"author":[{"embeddable":true,"href":"https:\/\/datawords.com\/pt-br\/wp-json\/wp\/v2\/users\/1"}],"replies":[{"embeddable":true,"href":"https:\/\/datawords.com\/pt-br\/wp-json\/wp\/v2\/comments?post=30731"}],"version-history":[{"count":0,"href":"https:\/\/datawords.com\/pt-br\/wp-json\/wp\/v2\/pages\/30731\/revisions"}],"wp:featuredmedia":[{"embeddable":true,"href":"https:\/\/datawords.com\/pt-br\/wp-json\/wp\/v2\/media\/30754"}],"wp:attachment":[{"href":"https:\/\/datawords.com\/pt-br\/wp-json\/wp\/v2\/media?parent=30731"}],"curies":[{"name":"wp","href":"https:\/\/api.w.org\/{rel}","templated":true}]}}