{"id":30705,"date":"2023-06-30T10:50:36","date_gmt":"2023-06-30T08:50:36","guid":{"rendered":"https:\/\/datawords.com\/consultoria-em-transformacao-digital-multicultural\/"},"modified":"2025-10-23T01:34:04","modified_gmt":"2025-10-22T23:34:04","slug":"consultoria-em-transformacao-digital-multicultural","status":"publish","type":"page","link":"https:\/\/datawords.com\/pt-br\/consultoria-em-transformacao-digital-multicultural\/","title":{"rendered":"Consultoria em transforma\u00e7\u00e3o digital multicultural"},"content":{"rendered":"\t\t<div data-elementor-type=\"wp-page\" data-elementor-id=\"30705\" class=\"elementor elementor-30705 elementor-6527\" data-elementor-post-type=\"page\">\n\t\t\t\t<div class=\"elementor-element elementor-element-e85a034 e-flex e-con-boxed e-con e-parent\" data-id=\"e85a034\" data-element_type=\"container\" data-settings=\"{&quot;background_background&quot;:&quot;classic&quot;}\">\n\t\t\t\t\t<div class=\"e-con-inner\">\n\t\t<div class=\"elementor-element elementor-element-8bd37c8 e-con-full e-flex e-con e-child\" data-id=\"8bd37c8\" data-element_type=\"container\">\n\t\t\t\t<div class=\"elementor-element elementor-element-69cab21 textchange elementor-widget__width-initial elementor-hidden-desktop elementor-hidden-tablet elementor-widget elementor-widget-text-editor\" data-id=\"69cab21\" data-element_type=\"widget\" data-widget_type=\"text-editor.default\">\n\t\t\t\t<div class=\"elementor-widget-container\">\n\t\t\t\t\t\t\t\t\t<h1><strong>EXPLORE O PODER<\/strong><br>\nDO MULTICULTURALISMO<\/h1>\t\t\t\t\t\t\t\t<\/div>\n\t\t\t\t<\/div>\n\t\t\t\t<div class=\"elementor-element elementor-element-4098114 textchange elementor-widget__width-initial elementor-hidden-mobile elementor-widget elementor-widget-text-editor\" data-id=\"4098114\" data-element_type=\"widget\" data-widget_type=\"text-editor.default\">\n\t\t\t\t<div class=\"elementor-widget-container\">\n\t\t\t\t\t\t\t\t\t<h1><strong>EXPLORE O PODER<\/strong><br>\nDO MULTICULTURALISMO<\/h1>\n\t\t\t\t\t\t\t\t<\/div>\n\t\t\t\t<\/div>\n\t\t\t\t<\/div>\n\t\t\t\t\t<\/div>\n\t\t\t\t<\/div>\n\t\t<div class=\"elementor-element elementor-element-d37aa07 nos-valeurs e-flex e-con-boxed e-con e-parent\" data-id=\"d37aa07\" data-element_type=\"container\" data-settings=\"{&quot;background_background&quot;:&quot;gradient&quot;}\">\n\t\t\t\t\t<div class=\"e-con-inner\">\n\t\t<div class=\"elementor-element elementor-element-3791269 e-con-full e-flex e-con e-child\" data-id=\"3791269\" data-element_type=\"container\">\n\t\t<div class=\"elementor-element elementor-element-1bab0bf e-con-full e-flex e-con e-child\" data-id=\"1bab0bf\" data-element_type=\"container\">\n\t\t\t\t<div class=\"elementor-element elementor-element-3f699c2 elementor-widget elementor-widget-heading\" data-id=\"3f699c2\" data-element_type=\"widget\" data-widget_type=\"heading.default\">\n\t\t\t\t<div class=\"elementor-widget-container\">\n\t\t\t\t\t<p class=\"elementor-heading-title elementor-size-default\">Produzir continuamente conte\u00fados em escala global e adapt\u00e1-los a cada cultura, encontrar uma estrutura organizacional eficaz para gerenciar conte\u00fados, automatizar os ecossistemas digitais para maior desempenho: h\u00e1 muitos desafios que as marcas internacionais devem enfrentar para permanecer relevantes.\n\n<\/p>\t\t\t\t<\/div>\n\t\t\t\t<\/div>\n\t\t\t\t<div class=\"elementor-element elementor-element-f68cc3a elementor-widget elementor-widget-heading\" data-id=\"f68cc3a\" data-element_type=\"widget\" data-widget_type=\"heading.default\">\n\t\t\t\t<div class=\"elementor-widget-container\">\n\t\t\t\t\t<p class=\"elementor-heading-title elementor-size-default\">Na Datawords, nossos consultores especialistas em transforma\u00e7\u00e3o digital multicultural trabalham em estreita colabora\u00e7\u00e3o com voc\u00ea para definir solu\u00e7\u00f5es sob medida que atendam aos seus desafios digitais globais e locais. Ajudamos voc\u00ea a aproveitar o poder da multiculturalidade, seja em termos de organiza\u00e7\u00e3o, processos, automa\u00e7\u00e3o ou conectividade.\n\n<\/p>\t\t\t\t<\/div>\n\t\t\t\t<\/div>\n\t\t\t\t<\/div>\n\t\t\t\t<\/div>\n\t\t\t\t\t<\/div>\n\t\t\t\t<\/div>\n\t\t<div class=\"elementor-element elementor-element-7c8ce3b notre-kredos e-flex e-con-boxed e-con e-parent\" data-id=\"7c8ce3b\" data-element_type=\"container\" data-settings=\"{&quot;background_background&quot;:&quot;classic&quot;}\">\n\t\t\t\t\t<div class=\"e-con-inner\">\n\t\t<div class=\"elementor-element elementor-element-3436ca3 e-flex e-con-boxed e-con e-child\" data-id=\"3436ca3\" data-element_type=\"container\">\n\t\t\t\t\t<div class=\"e-con-inner\">\n\t\t\t\t<div class=\"elementor-element elementor-element-e5ffad5 elementor-widget elementor-widget-heading\" data-id=\"e5ffad5\" data-element_type=\"widget\" data-widget_type=\"heading.default\">\n\t\t\t\t<div class=\"elementor-widget-container\">\n\t\t\t\t\t<h2 class=\"elementor-heading-title elementor-size-default\">NOSSA<\/h2>\t\t\t\t<\/div>\n\t\t\t\t<\/div>\n\t\t\t\t<div class=\"elementor-element elementor-element-84276fa elementor-widget elementor-widget-heading\" data-id=\"84276fa\" data-element_type=\"widget\" data-widget_type=\"heading.default\">\n\t\t\t\t<div class=\"elementor-widget-container\">\n\t\t\t\t\t<h2 class=\"elementor-heading-title elementor-size-default\">Expertise<\/h2>\t\t\t\t<\/div>\n\t\t\t\t<\/div>\n\t\t\t\t\t<\/div>\n\t\t\t\t<\/div>\n\t\t<div class=\"elementor-element elementor-element-9fa0f93 notre-kredo e-flex e-con-boxed e-con e-child\" data-id=\"9fa0f93\" data-element_type=\"container\">\n\t\t\t\t\t<div class=\"e-con-inner\">\n\t\t<div class=\"elementor-element elementor-element-c364c3b e-con-full shape-content-right e-flex e-con e-child\" data-id=\"c364c3b\" data-element_type=\"container\">\n\t\t\t\t<div class=\"elementor-element elementor-element-febed14 employees-matter elementor-widget elementor-widget-image-box\" data-id=\"febed14\" data-element_type=\"widget\" data-widget_type=\"image-box.default\">\n\t\t\t\t<div class=\"elementor-widget-container\">\n\t\t\t\t\t<div class=\"elementor-image-box-wrapper\"><div class=\"elementor-image-box-content\"><h3 class=\"elementor-image-box-title\">Processos de organiza\u00e7\u00e3o e neg\u00f3cios<\/h3><p class=\"elementor-image-box-description\">Trabalhamos com voc\u00ea para desenvolver uma organiza\u00e7\u00e3o sob medida e ajud\u00e1-lo a gerenciar todos os processos de neg\u00f3cios associados (gest\u00e3o, opera\u00e7\u00e3o, suporte, indicadores de desempenho) para que voc\u00ea possa distribuir conte\u00fado relevante em tempo recorde em qualquer lugar, a qualquer hora e atrav\u00e9s de qualquer ponto de contato, independentemente do contexto cultural.<\/p><\/div><\/div>\t\t\t\t<\/div>\n\t\t\t\t<\/div>\n\t\t\t\t<\/div>\n\t\t<div class=\"elementor-element elementor-element-61c902b e-con-full shape-content-right e-flex e-con e-child\" data-id=\"61c902b\" data-element_type=\"container\">\n\t\t\t\t<div class=\"elementor-element elementor-element-f64520d employees-matter elementor-widget elementor-widget-image-box\" data-id=\"f64520d\" data-element_type=\"widget\" data-widget_type=\"image-box.default\">\n\t\t\t\t<div class=\"elementor-widget-container\">\n\t\t\t\t\t<div class=\"elementor-image-box-wrapper\"><div class=\"elementor-image-box-content\"><h3 class=\"elementor-image-box-title\">Intelig\u00eancia sem\u00e2ntica de mercado<\/h3><p class=\"elementor-image-box-description\">Ajudamos as marcas a criar a sua pr\u00f3pria intelig\u00eancia sem\u00e2ntica personalizada: uma verdadeira mem\u00f3ria de tradu\u00e7\u00e3o, que inclui o tom e os elementos de vocabul\u00e1rio caracter\u00edsticos de cada conte\u00fado. Isto permite acelerar a adapta\u00e7\u00e3o do seu conte\u00fado \u00e0s realidades culturais locais, preservando ao mesmo tempo a identidade da sua marca.<\/p><\/div><\/div>\t\t\t\t<\/div>\n\t\t\t\t<\/div>\n\t\t\t\t<\/div>\n\t\t<div class=\"elementor-element elementor-element-67dedbe e-con-full shape-content-right e-flex e-con e-child\" data-id=\"67dedbe\" data-element_type=\"container\">\n\t\t\t\t<div class=\"elementor-element elementor-element-7f095fd employees-matter elementor-widget elementor-widget-image-box\" data-id=\"7f095fd\" data-element_type=\"widget\" data-widget_type=\"image-box.default\">\n\t\t\t\t<div class=\"elementor-widget-container\">\n\t\t\t\t\t<div class=\"elementor-image-box-wrapper\"><div class=\"elementor-image-box-content\"><h3 class=\"elementor-image-box-title\">Conectividade<\/h3><p class=\"elementor-image-box-description\">Identificamos as tecnologias para conectar ao seu ecossistema e permitir que sua organiza\u00e7\u00e3o gerencie com efici\u00eancia um grande conjunto de informa\u00e7\u00f5es de produtos, ativos sem\u00e2nticos e visuais, a fim de acelerar o tempo de lan\u00e7amento do seu conte\u00fado digital no mercado.\n\n<\/p><\/div><\/div>\t\t\t\t<\/div>\n\t\t\t\t<\/div>\n\t\t\t\t<\/div>\n\t\t<div class=\"elementor-element elementor-element-d45b6f9 e-con-full shape-content-right e-flex e-con e-child\" data-id=\"d45b6f9\" data-element_type=\"container\">\n\t\t\t\t<div class=\"elementor-element elementor-element-4861b5c employees-matter elementor-widget elementor-widget-image-box\" data-id=\"4861b5c\" data-element_type=\"widget\" data-widget_type=\"image-box.default\">\n\t\t\t\t<div class=\"elementor-widget-container\">\n\t\t\t\t\t<div class=\"elementor-image-box-wrapper\"><div class=\"elementor-image-box-content\"><h3 class=\"elementor-image-box-title\">Automa\u00e7\u00e3o<\/h3><p class=\"elementor-image-box-description\">Trabalhamos com marcas l\u00edderes internacionais para automatizar seus processos criativos e de neg\u00f3cios utilizando modernas ferramentas tecnol\u00f3gicas baseadas em intelig\u00eancia artificial e humana. Essa abordagem cria melhor consist\u00eancia de marca e velocidade de execu\u00e7\u00e3o ideal sem afetar a qualidade.\n\n<\/p><\/div><\/div>\t\t\t\t<\/div>\n\t\t\t\t<\/div>\n\t\t\t\t<\/div>\n\t\t\t\t\t<\/div>\n\t\t\t\t<\/div>\n\t\t\t\t\t<\/div>\n\t\t\t\t<\/div>\n\t\t\t\t<\/div>\n\t\t","protected":false},"excerpt":{"rendered":"<p>EXPLORE O PODER DO MULTICULTURALISMO EXPLORE O PODER DO MULTICULTURALISMO Produzir continuamente conte\u00fados em escala global e adapt\u00e1-los a cada cultura, encontrar uma estrutura organizacional eficaz para gerenciar conte\u00fados, automatizar os ecossistemas digitais para maior desempenho: h\u00e1 muitos desafios que as marcas internacionais devem enfrentar para permanecer relevantes. Na Datawords, nossos consultores especialistas em transforma\u00e7\u00e3o [&hellip;]<\/p>\n","protected":false},"author":1,"featured_media":30711,"parent":0,"menu_order":0,"comment_status":"closed","ping_status":"closed","template":"","meta":{"_acf_changed":false,"content-type":"","footnotes":""},"class_list":["post-30705","page","type-page","status-publish","has-post-thumbnail","hentry"],"acf":[],"_links":{"self":[{"href":"https:\/\/datawords.com\/pt-br\/wp-json\/wp\/v2\/pages\/30705","targetHints":{"allow":["GET"]}}],"collection":[{"href":"https:\/\/datawords.com\/pt-br\/wp-json\/wp\/v2\/pages"}],"about":[{"href":"https:\/\/datawords.com\/pt-br\/wp-json\/wp\/v2\/types\/page"}],"author":[{"embeddable":true,"href":"https:\/\/datawords.com\/pt-br\/wp-json\/wp\/v2\/users\/1"}],"replies":[{"embeddable":true,"href":"https:\/\/datawords.com\/pt-br\/wp-json\/wp\/v2\/comments?post=30705"}],"version-history":[{"count":0,"href":"https:\/\/datawords.com\/pt-br\/wp-json\/wp\/v2\/pages\/30705\/revisions"}],"wp:featuredmedia":[{"embeddable":true,"href":"https:\/\/datawords.com\/pt-br\/wp-json\/wp\/v2\/media\/30711"}],"wp:attachment":[{"href":"https:\/\/datawords.com\/pt-br\/wp-json\/wp\/v2\/media?parent=30705"}],"curies":[{"name":"wp","href":"https:\/\/api.w.org\/{rel}","templated":true}]}}