{"id":287718,"date":"2025-06-11T12:19:03","date_gmt":"2025-06-11T10:19:03","guid":{"rendered":"https:\/\/datawords.com\/cookies-management\/"},"modified":"2026-02-05T13:25:40","modified_gmt":"2026-02-05T12:25:40","slug":"cookies-management","status":"publish","type":"page","link":"https:\/\/datawords.com\/pt-br\/cookies-management\/","title":{"rendered":"Cookies management"},"content":{"rendered":"\t\t<div data-elementor-type=\"wp-page\" data-elementor-id=\"287718\" class=\"elementor elementor-287718 elementor-174309\" data-elementor-post-type=\"page\">\n\t\t\t\t<div class=\"elementor-element elementor-element-78dc57a7 cookiebgshadow e-flex e-con-boxed e-con e-parent\" data-id=\"78dc57a7\" data-element_type=\"container\" data-settings=\"{&quot;background_background&quot;:&quot;classic&quot;}\">\n\t\t\t\t\t<div class=\"e-con-inner\">\n\t\t<div class=\"elementor-element elementor-element-6f9d596f e-con-full e-flex e-con e-child\" data-id=\"6f9d596f\" data-element_type=\"container\">\n\t\t\t\t<div class=\"elementor-element elementor-element-6e62e4a elementor-widget__width-inherit textchange elementor-widget elementor-widget-text-editor\" data-id=\"6e62e4a\" data-element_type=\"widget\" data-widget_type=\"text-editor.default\">\n\t\t\t\t<div class=\"elementor-widget-container\">\n\t\t\t\t\t\t\t\t\t<h1><strong>GERENCIAMENTO DE<\/strong> COOKIES<\/h1>\t\t\t\t\t\t\t\t<\/div>\n\t\t\t\t<\/div>\n\t\t\t\t<\/div>\n\t\t<div class=\"elementor-element elementor-element-1e16e105 e-con-full e-flex e-con e-child\" data-id=\"1e16e105\" data-element_type=\"container\">\n\t\t\t\t<div class=\"elementor-element elementor-element-94bf222 elementor-widget__width-inherit textchange elementor-widget elementor-widget-text-editor\" data-id=\"94bf222\" data-element_type=\"widget\" data-widget_type=\"text-editor.default\">\n\t\t\t\t<div class=\"elementor-widget-container\">\n\t\t\t\t\t\t\t\t\t<h2><strong>O que \u00e9 <\/strong>um cookie?<\/h2>\n\n\t\t\t\t\t\t\t\t<\/div>\n\t\t\t\t<\/div>\n\t\t\t\t<\/div>\n\t\t<div class=\"elementor-element elementor-element-2808596a e-con-full e-flex e-con e-child\" data-id=\"2808596a\" data-element_type=\"container\">\n\t\t\t\t<div class=\"elementor-element elementor-element-4ed52d19 elementor-widget elementor-widget-heading\" data-id=\"4ed52d19\" data-element_type=\"widget\" data-widget_type=\"heading.default\">\n\t\t\t\t<div class=\"elementor-widget-container\">\n\t\t\t\t\t<p class=\"elementor-heading-title elementor-size-default\">Um cookie \u00e9 um pequeno arquivo de computador, um rastreador, inserido para ser lido ao consultar um site, ler um e-mail, instalar ou usar um software ou aplicativo m\u00f3vel, independentemente do tipo de dispositivo utilizado (computador, smartphone, e-reader digital, consoles de videogame conectados \u00e0 Internet etc.).\n\n<\/p>\t\t\t\t<\/div>\n\t\t\t\t<\/div>\n\t\t<div class=\"elementor-element elementor-element-2c676784 e-con-full e-flex e-con e-child\" data-id=\"2c676784\" data-element_type=\"container\">\n\t\t\t\t<div class=\"elementor-element elementor-element-53c011c elementor-widget__width-inherit textchange elementor-widget elementor-widget-text-editor\" data-id=\"53c011c\" data-element_type=\"widget\" data-widget_type=\"text-editor.default\">\n\t\t\t\t<div class=\"elementor-widget-container\">\n\t\t\t\t\t\t\t\t\t<h2><strong>Quem insere<\/strong> estes cookies?<\/h2>\n\t\t\t\t\t\t\t\t<\/div>\n\t\t\t\t<\/div>\n\t\t\t\t<\/div>\n\t\t\t\t<\/div>\n\t\t<div class=\"elementor-element elementor-element-78f72d7 e-con-full e-flex e-con e-child\" data-id=\"78f72d7\" data-element_type=\"container\">\n\t\t\t\t<div class=\"elementor-element elementor-element-99b0a92 elementor-widget elementor-widget-heading\" data-id=\"99b0a92\" data-element_type=\"widget\" data-widget_type=\"heading.default\">\n\t\t\t\t<div class=\"elementor-widget-container\">\n\t\t\t\t\t<p class=\"elementor-heading-title elementor-size-default\">Os cookies enviados para o seu dispositivo a partir do nosso site podem ser inseridos pela Datawords ou por terceiros.\n\n<\/p>\t\t\t\t<\/div>\n\t\t\t\t<\/div>\n\t\t<div class=\"elementor-element elementor-element-27a0c25c e-con-full e-flex e-con e-child\" data-id=\"27a0c25c\" data-element_type=\"container\">\n\t\t\t\t<div class=\"elementor-element elementor-element-b594bcb elementor-widget__width-inherit textchange elementor-widget elementor-widget-text-editor\" data-id=\"b594bcb\" data-element_type=\"widget\" data-widget_type=\"text-editor.default\">\n\t\t\t\t<div class=\"elementor-widget-container\">\n\t\t\t\t\t\t\t\t\t<h2><strong>Quais cookies<\/strong> n\u00f3s utilizamos?<\/h2>\n\n\t\t\t\t\t\t\t\t<\/div>\n\t\t\t\t<\/div>\n\t\t\t\t<\/div>\n\t\t\t\t<\/div>\n\t\t<div class=\"elementor-element elementor-element-a2d2ec7 e-con-full e-flex e-con e-child\" data-id=\"a2d2ec7\" data-element_type=\"container\">\n\t\t\t\t<div class=\"elementor-element elementor-element-73a06066 elementor-widget elementor-widget-heading\" data-id=\"73a06066\" data-element_type=\"widget\" data-widget_type=\"heading.default\">\n\t\t\t\t<div class=\"elementor-widget-container\">\n\t\t\t\t\t<p class=\"elementor-heading-title elementor-size-default\">Quando voc\u00ea se conecta a uma das p\u00e1ginas do nosso site, poderemos, dependendo das suas prefer\u00eancias, aceitar a inser\u00e7\u00e3o de determinados cookies no seu dispositivo, permitindo-nos reconhecer o seu dispositivo durante o per\u00edodo de validade do cookie em quest\u00e3o. O site Datawords utiliza quatro categorias de cookies:\n\n<\/p>\t\t\t\t<\/div>\n\t\t\t\t<\/div>\n\t\t\t\t<\/div>\n\t\t<div class=\"elementor-element elementor-element-4c027252 e-con-full e-flex e-con e-child\" data-id=\"4c027252\" data-element_type=\"container\">\n\t\t\t\t<div class=\"elementor-element elementor-element-0652c6b elementor-widget elementor-widget-image-box\" data-id=\"0652c6b\" data-element_type=\"widget\" data-widget_type=\"image-box.default\">\n\t\t\t\t<div class=\"elementor-widget-container\">\n\t\t\t\t\t<div class=\"elementor-image-box-wrapper\"><div class=\"elementor-image-box-content\"><h3 class=\"elementor-image-box-title\">Cookies essenciais<\/h3><p class=\"elementor-image-box-description\">Estes cookies s\u00e3o estritamente necess\u00e1rios para o funcionamento do nosso site. Nosso site n\u00e3o pode funcionar sem esses cookies.\n\n<\/p><\/div><\/div>\t\t\t\t<\/div>\n\t\t\t\t<\/div>\n\t\t\t\t<\/div>\n\t\t<div class=\"elementor-element elementor-element-48a26ac2 e-con-full e-flex e-con e-child\" data-id=\"48a26ac2\" data-element_type=\"container\">\n\t\t\t\t<div class=\"elementor-element elementor-element-adbb40e elementor-widget elementor-widget-image-box\" data-id=\"adbb40e\" data-element_type=\"widget\" data-widget_type=\"image-box.default\">\n\t\t\t\t<div class=\"elementor-widget-container\">\n\t\t\t\t\t<div class=\"elementor-image-box-wrapper\"><div class=\"elementor-image-box-content\"><h3 class=\"elementor-image-box-title\">Cookies funcionais<\/h3><p class=\"elementor-image-box-description\">Estes cookies permitem personalizar e melhorar a sua experi\u00eancia, tornando a sua navega\u00e7\u00e3o no nosso site mais f\u00e1cil e r\u00e1pida. Os cookies funcionais permitem-nos lembrar as suas prefer\u00eancias como visitante e personalizar as suas visitas.\n\n<\/p><\/div><\/div>\t\t\t\t<\/div>\n\t\t\t\t<\/div>\n\t\t\t\t<\/div>\n\t\t<div class=\"elementor-element elementor-element-6aad4a8f e-con-full e-flex e-con e-child\" data-id=\"6aad4a8f\" data-element_type=\"container\">\n\t\t\t\t<div class=\"elementor-element elementor-element-aa84cc8 elementor-widget elementor-widget-image-box\" data-id=\"aa84cc8\" data-element_type=\"widget\" data-widget_type=\"image-box.default\">\n\t\t\t\t<div class=\"elementor-widget-container\">\n\t\t\t\t\t<div class=\"elementor-image-box-wrapper\"><div class=\"elementor-image-box-content\"><h3 class=\"elementor-image-box-title\">Cookies estat\u00edsticos<\/h3><p class=\"elementor-image-box-description\">Os cookies estat\u00edsticos ajudam-nos a compreender como os visitantes acessam ou l\u00eaem o nosso conte\u00fado e interagem com o nosso website. Recolhemos informa\u00e7\u00f5es estat\u00edsticas sobre os nossos visitantes, por exemplo, como visitaram o nosso site antes de acessar nossas diversas p\u00e1ginas. Utilizamos estes cookies para determinar que tipo de conte\u00fado os nossos visitantes mais visualizam, o que nos permite melhorar o nosso site e o seu conte\u00fado.\n\n<\/p><\/div><\/div>\t\t\t\t<\/div>\n\t\t\t\t<\/div>\n\t\t\t\t<\/div>\n\t\t<div class=\"elementor-element elementor-element-75e30f53 e-con-full e-flex e-con e-child\" data-id=\"75e30f53\" data-element_type=\"container\">\n\t\t\t\t<div class=\"elementor-element elementor-element-b92442d elementor-widget elementor-widget-image-box\" data-id=\"b92442d\" data-element_type=\"widget\" data-widget_type=\"image-box.default\">\n\t\t\t\t<div class=\"elementor-widget-container\">\n\t\t\t\t\t<div class=\"elementor-image-box-wrapper\"><div class=\"elementor-image-box-content\"><h3 class=\"elementor-image-box-title\">Cookies de marketing<\/h3><p class=\"elementor-image-box-description\">Terceiros usam cookies pr\u00f3prios e de terceiros, especialmente para:\n<\/p><\/div><\/div>\t\t\t\t<\/div>\n\t\t\t\t<\/div>\n\t\t\t\t<div class=\"elementor-element elementor-element-5ea2edd5 elementor-icon-list--layout-traditional elementor-list-item-link-full_width elementor-widget elementor-widget-icon-list\" data-id=\"5ea2edd5\" data-element_type=\"widget\" data-widget_type=\"icon-list.default\">\n\t\t\t\t<div class=\"elementor-widget-container\">\n\t\t\t\t\t\t\t<ul class=\"elementor-icon-list-items\">\n\t\t\t\t\t\t\t<li class=\"elementor-icon-list-item\">\n\t\t\t\t\t\t\t\t\t\t\t<span class=\"elementor-icon-list-icon\">\n\t\t\t\t\t\t\t<i aria-hidden=\"true\" class=\"fas fa-circle\"><\/i>\t\t\t\t\t\t<\/span>\n\t\t\t\t\t\t\t\t\t\t<span class=\"elementor-icon-list-text\">ajudar a exibir an\u00fancios relevantes para voc\u00ea com base em seus interesses. Isso geralmente \u00e9 chamado de publicidade comportamental on-line (OBA).<\/span>\n\t\t\t\t\t\t\t\t\t<\/li>\n\t\t\t\t\t\t\t\t<li class=\"elementor-icon-list-item\">\n\t\t\t\t\t\t\t\t\t\t\t<span class=\"elementor-icon-list-icon\">\n\t\t\t\t\t\t\t<i aria-hidden=\"true\" class=\"fas fa-circle\"><\/i>\t\t\t\t\t\t<\/span>\n\t\t\t\t\t\t\t\t\t\t<span class=\"elementor-icon-list-text\">limitar o n\u00famero de vezes que voc\u00ea v\u00ea o mesmo an\u00fancio (limite de frequ\u00eancia).<\/span>\n\t\t\t\t\t\t\t\t\t<\/li>\n\t\t\t\t\t\t\t\t<li class=\"elementor-icon-list-item\">\n\t\t\t\t\t\t\t\t\t\t\t<span class=\"elementor-icon-list-icon\">\n\t\t\t\t\t\t\t<i aria-hidden=\"true\" class=\"fas fa-circle\"><\/i>\t\t\t\t\t\t<\/span>\n\t\t\t\t\t\t\t\t\t\t<span class=\"elementor-icon-list-text\">medir a efic\u00e1cia dos an\u00fancios veiculados.<\/span>\n\t\t\t\t\t\t\t\t\t<\/li>\n\t\t\t\t\t\t<\/ul>\n\t\t\t\t\t\t<\/div>\n\t\t\t\t<\/div>\n\t\t\t\t<div class=\"elementor-element elementor-element-5d59d44c elementor-widget elementor-widget-heading\" data-id=\"5d59d44c\" data-element_type=\"widget\" data-widget_type=\"heading.default\">\n\t\t\t\t<div class=\"elementor-widget-container\">\n\t\t\t\t\t<p class=\"elementor-heading-title elementor-size-default\">Estes cookies est\u00e3o relacionados \u00e0s funcionalidades de sites de terceiros. Observe que voc\u00ea pode retirar seu consentimento para a configura\u00e7\u00e3o de cookies para conte\u00fado de marketing personalizado a qualquer momento.\n\n<\/p>\t\t\t\t<\/div>\n\t\t\t\t<\/div>\n\t\t\t\t<\/div>\n\t\t<div class=\"elementor-element elementor-element-634efc75 e-con-full e-flex e-con e-child\" data-id=\"634efc75\" data-element_type=\"container\">\n\t\t\t\t<div class=\"elementor-element elementor-element-d92ae11 elementor-widget__width-inherit textchange elementor-widget elementor-widget-text-editor\" data-id=\"d92ae11\" data-element_type=\"widget\" data-widget_type=\"text-editor.default\">\n\t\t\t\t<div class=\"elementor-widget-container\">\n\t\t\t\t\t\t\t\t\t<h2><strong>Como escolher<\/strong> esses cookies?<\/h2>\n\t\t\t\t\t\t\t\t<\/div>\n\t\t\t\t<\/div>\n\t\t\t\t<\/div>\n\t\t<div class=\"elementor-element elementor-element-41d04918 e-con-full e-flex e-con e-child\" data-id=\"41d04918\" data-element_type=\"container\">\n\t\t\t\t<div class=\"elementor-element elementor-element-3332e445 elementor-widget elementor-widget-heading\" data-id=\"3332e445\" data-element_type=\"widget\" data-widget_type=\"heading.default\">\n\t\t\t\t<div class=\"elementor-widget-container\">\n\t\t\t\t\t<p class=\"elementor-heading-title elementor-size-default\">Voc\u00ea poder\u00e1 definir suas prefer\u00eancias entre os cookies mencionados ao clicar no banner de cookies e selecionar \u201cRecusar\u201d ou diretamente nas configura\u00e7\u00f5es do seu navegador. Para permitir que voc\u00ea altere suas prefer\u00eancias de cookies neste site, acesse as seguintes configura\u00e7\u00f5es clicando aqui.\n<\/p>\t\t\t\t<\/div>\n\t\t\t\t<\/div>\n\t\t\t\t<div class=\"elementor-element elementor-element-3e9fbdb1 elementor-widget elementor-widget-heading\" data-id=\"3e9fbdb1\" data-element_type=\"widget\" data-widget_type=\"heading.default\">\n\t\t\t\t<div class=\"elementor-widget-container\">\n\t\t\t\t\t<p class=\"elementor-heading-title elementor-size-default\">Se voc\u00ea optar por configurar seu navegador para cancelar o rastreamento do Google Analytics em todos os sites, visite https:\/\/tools.google.com\/dlpage\/gaoptout. Neste site, voc\u00ea encontrar\u00e1 informa\u00e7\u00f5es sobre um plug-in de navegador que pode ser instalado para impedir o uso de seus dados pelo Google Analytics.\n<\/p>\t\t\t\t<\/div>\n\t\t\t\t<\/div>\n\t\t\t\t<\/div>\n\t\t\t\t\t<\/div>\n\t\t\t\t<\/div>\n\t\t\t\t<\/div>\n\t\t","protected":false},"excerpt":{"rendered":"<p>GERENCIAMENTO DE COOKIES O que \u00e9 um cookie? Um cookie \u00e9 um pequeno arquivo de computador, um rastreador, inserido para ser lido ao consultar um site, ler um e-mail, instalar ou usar um software ou aplicativo m\u00f3vel, independentemente do tipo de dispositivo utilizado (computador, smartphone, e-reader digital, consoles de videogame conectados \u00e0 Internet etc.). Quem [&hellip;]<\/p>\n","protected":false},"author":2,"featured_media":0,"parent":0,"menu_order":0,"comment_status":"closed","ping_status":"closed","template":"","meta":{"_acf_changed":false,"content-type":"","footnotes":""},"class_list":["post-287718","page","type-page","status-publish","hentry"],"acf":[],"_links":{"self":[{"href":"https:\/\/datawords.com\/pt-br\/wp-json\/wp\/v2\/pages\/287718","targetHints":{"allow":["GET"]}}],"collection":[{"href":"https:\/\/datawords.com\/pt-br\/wp-json\/wp\/v2\/pages"}],"about":[{"href":"https:\/\/datawords.com\/pt-br\/wp-json\/wp\/v2\/types\/page"}],"author":[{"embeddable":true,"href":"https:\/\/datawords.com\/pt-br\/wp-json\/wp\/v2\/users\/2"}],"replies":[{"embeddable":true,"href":"https:\/\/datawords.com\/pt-br\/wp-json\/wp\/v2\/comments?post=287718"}],"version-history":[{"count":0,"href":"https:\/\/datawords.com\/pt-br\/wp-json\/wp\/v2\/pages\/287718\/revisions"}],"wp:attachment":[{"href":"https:\/\/datawords.com\/pt-br\/wp-json\/wp\/v2\/media?parent=287718"}],"curies":[{"name":"wp","href":"https:\/\/api.w.org\/{rel}","templated":true}]}}