{"id":287651,"date":"2025-07-09T13:32:11","date_gmt":"2025-07-09T11:32:11","guid":{"rendered":"https:\/\/datawords.com\/chat-bot\/"},"modified":"2025-12-03T13:41:33","modified_gmt":"2025-12-03T12:41:33","slug":"chat-bot","status":"publish","type":"page","link":"https:\/\/datawords.com\/pt-br\/chat-bot\/","title":{"rendered":"Chat Bot"},"content":{"rendered":"\t\t<div data-elementor-type=\"wp-page\" data-elementor-id=\"287651\" class=\"elementor elementor-287651 elementor-185052\" data-elementor-post-type=\"page\">\n\t\t\t\t<div class=\"elementor-element elementor-element-2b1b811 e-flex e-con-boxed e-con e-parent\" data-id=\"2b1b811\" data-element_type=\"container\" data-settings=\"{&quot;background_background&quot;:&quot;classic&quot;}\">\n\t\t\t\t\t<div class=\"e-con-inner\">\n\t\t<div class=\"elementor-element elementor-element-211a8b1 e-con-full e-flex e-con e-child\" data-id=\"211a8b1\" data-element_type=\"container\">\n\t\t\t\t<div class=\"elementor-element elementor-element-596868a textchange elementor-widget__width-initial elementor-widget-mobile__width-inherit elementor-hidden-mobile elementor-widget elementor-widget-text-editor\" data-id=\"596868a\" data-element_type=\"widget\" data-widget_type=\"text-editor.default\">\n\t\t\t\t<div class=\"elementor-widget-container\">\n\t\t\t\t\t\t\t\t\t<h1>Engajamento do cliente\n<strong><br>\ne Ferramentas Conversacionais<\/strong><\/h1>\t\t\t\t\t\t\t\t<\/div>\n\t\t\t\t<\/div>\n\t\t\t\t<div class=\"elementor-element elementor-element-2945dd2 textchange elementor-widget__width-initial elementor-widget-mobile__width-inherit elementor-hidden-desktop elementor-hidden-tablet elementor-widget elementor-widget-text-editor\" data-id=\"2945dd2\" data-element_type=\"widget\" data-widget_type=\"text-editor.default\">\n\t\t\t\t<div class=\"elementor-widget-container\">\n\t\t\t\t\t\t\t\t\t<h1>Engajamento do cliente\n<strong>\ne Ferramentas Conversacionais<\/strong><\/h1>\t\t\t\t\t\t\t\t<\/div>\n\t\t\t\t<\/div>\n\t\t\t\t<\/div>\n\t\t\t\t\t<\/div>\n\t\t\t\t<\/div>\n\t\t<div class=\"elementor-element elementor-element-8ff7248 pourquoi-datawords e-flex e-con-boxed e-con e-parent\" data-id=\"8ff7248\" data-element_type=\"container\" data-settings=\"{&quot;background_background&quot;:&quot;classic&quot;}\">\n\t\t\t\t\t<div class=\"e-con-inner\">\n\t\t<div class=\"elementor-element elementor-element-ea60af2 e-con-full e-flex e-con e-child\" data-id=\"ea60af2\" data-element_type=\"container\">\n\t\t\t\t<div class=\"elementor-element elementor-element-486e42e elementor-widget-mobile__width-inherit elementor-widget elementor-widget-text-editor\" data-id=\"486e42e\" data-element_type=\"widget\" data-widget_type=\"text-editor.default\">\n\t\t\t\t<div class=\"elementor-widget-container\">\n\t\t\t\t\t\t\t\t\tEm um cen\u00e1rio digital em constante mudan\u00e7a, onde as empresas atribuem cada vez mais import\u00e2ncia \u00e0s intera\u00e7\u00f5es com os seus clientes, o com\u00e9rcio conversacional tornou-se uma estrat\u00e9gia essencial para interagir com os consumidores de uma forma mais personalizada e envolvente: assistentes de live chats em sites de e-commerce, clientela individual em mensagens de aplicativos para lojas de varejo, automa\u00e7\u00e3o de jornadas de marketing e CRM via chatbots e muito mais.\n\n\t\t\t\t\t\t\t\t<\/div>\n\t\t\t\t<\/div>\n\t\t\t\t<div class=\"elementor-element elementor-element-736dfe9 textchange elementor-widget__width-initial elementor-widget-mobile__width-inherit elementor-hidden-desktop elementor-hidden-tablet elementor-widget elementor-widget-text-editor\" data-id=\"736dfe9\" data-element_type=\"widget\" data-widget_type=\"text-editor.default\">\n\t\t\t\t<div class=\"elementor-widget-container\">\n\t\t\t\t\t\t\t\t\t<h2><strong>NOSSO<\/strong><br> SAVOIR-FAIRE\n<\/h2>\t\t\t\t\t\t\t\t<\/div>\n\t\t\t\t<\/div>\n\t\t\t\t<div class=\"elementor-element elementor-element-afba9d8 textchange elementor-widget__width-initial elementor-widget-mobile__width-inherit elementor-hidden-mobile elementor-widget elementor-widget-text-editor\" data-id=\"afba9d8\" data-element_type=\"widget\" data-widget_type=\"text-editor.default\">\n\t\t\t\t<div class=\"elementor-widget-container\">\n\t\t\t\t\t\t\t\t\t<h2><strong>NOSSO<\/strong> SAVOIR-FAIRE\n<\/h2>\n\t\t\t\t\t\t\t\t<\/div>\n\t\t\t\t<\/div>\n\t\t\t\t<div class=\"elementor-element elementor-element-d5bb76e elementor-widget-mobile__width-inherit elementor-widget elementor-widget-text-editor\" data-id=\"d5bb76e\" data-element_type=\"widget\" data-widget_type=\"text-editor.default\">\n\t\t\t\t<div class=\"elementor-widget-container\">\n\t\t\t\t\t\t\t\t\tAproveitando tecnologias como o processamento de linguagem natural, o reconhecimento da fala e a intelig\u00eancia artificial generativa (GenAI), aproveitamos o potencial do com\u00e9rcio conversacional para fortalecer a presen\u00e7a da marca e aumentar as vendas atrav\u00e9s de plataformas de mensagens instant\u00e2neas.\n\n\t\t\t\t\t\t\t\t<\/div>\n\t\t\t\t<\/div>\n\t\t\t\t<\/div>\n\t\t<div class=\"elementor-element elementor-element-74e61a3 notre-expertise e-con-full e-flex e-con e-child\" data-id=\"74e61a3\" data-element_type=\"container\" data-settings=\"{&quot;background_background&quot;:&quot;classic&quot;}\">\n\t\t<div class=\"elementor-element elementor-element-2f1a5e5 e-con-full notre-kredo e-flex e-con e-child\" data-id=\"2f1a5e5\" data-element_type=\"container\" data-settings=\"{&quot;background_background&quot;:&quot;classic&quot;}\">\n\t\t<div class=\"elementor-element elementor-element-0b9a854 e-con-full shape-content-right e-flex e-con e-child\" data-id=\"0b9a854\" data-element_type=\"container\" data-settings=\"{&quot;background_background&quot;:&quot;classic&quot;}\">\n\t\t\t\t<div class=\"elementor-element elementor-element-2a6ce01 elementor-widget elementor-widget-image-box\" data-id=\"2a6ce01\" data-element_type=\"widget\" data-widget_type=\"image-box.default\">\n\t\t\t\t<div class=\"elementor-widget-container\">\n\t\t\t\t\t<div class=\"elementor-image-box-wrapper\"><div class=\"elementor-image-box-content\"><h3 class=\"elementor-image-box-title\">Solu\u00e7\u00f5es omnichannel flex\u00edveis<\/h3><p class=\"elementor-image-box-description\">Com a Whatsquare, nossa subsidi\u00e1ria especializada em com\u00e9rcio conversacional e l\u00edder de mercado em chatbots na \u00c1sia, somos capazes de oferecer solu\u00e7\u00f5es multil\u00edngues que promovem intera\u00e7\u00f5es com seus clientes em todas as plataformas de mensagens relevantes, incluindo WhatsApp, Facebook Messenger, LINE, KaKao Talk, WeChat, iMessage ,SMS, etc.\n.<br><br>\nAl\u00e9m da funcionalidade abrangente e pronta para uso, a solu\u00e7\u00e3o omnichannel \u00e9 totalmente personaliz\u00e1vel com integra\u00e7\u00f5es profundas de sistemas, incluindo CRM, e-commerce, PDV e AR, adaptadas \u00e0 experi\u00eancia sofisticada e prestigiada do cliente de cada marca.\n<\/p><\/div><\/div>\t\t\t\t<\/div>\n\t\t\t\t<\/div>\n\t\t\t\t<\/div>\n\t\t<div class=\"elementor-element elementor-element-5440c8e e-con-full shape-content-right e-flex e-con e-child\" data-id=\"5440c8e\" data-element_type=\"container\" data-settings=\"{&quot;background_background&quot;:&quot;classic&quot;}\">\n\t\t\t\t<div class=\"elementor-element elementor-element-b88a678 elementor-widget elementor-widget-image-box\" data-id=\"b88a678\" data-element_type=\"widget\" data-widget_type=\"image-box.default\">\n\t\t\t\t<div class=\"elementor-widget-container\">\n\t\t\t\t\t<div class=\"elementor-image-box-wrapper\"><div class=\"elementor-image-box-content\"><h3 class=\"elementor-image-box-title\">Chatbots inteligentes e personalizados<\/h3><p class=\"elementor-image-box-description\">Os chatbots tornaram-se ferramentas essenciais para otimizar a experi\u00eancia do cliente em aplicativos de mensagens. Gra\u00e7as \u00e0 intelig\u00eancia artificial e aos algoritmos de personaliza\u00e7\u00e3o avan\u00e7ados, os nossos chatbots podem: fornecer respostas r\u00e1pidas e relevantes \u00e0s perguntas dos usu\u00e1rios,\nrecomendar produtos e servi\u00e7os adequados \u00e0s suas necessidades, orientar os clientes ao longo da sua jornada de compra, coletar informa\u00e7\u00f5es sobre as prefer\u00eancias do cliente, iniciar transa\u00e7\u00f5es.<\/p><\/div><\/div>\t\t\t\t<\/div>\n\t\t\t\t<\/div>\n\t\t\t\t<\/div>\n\t\t<div class=\"elementor-element elementor-element-0be65e1 e-con-full shape-content-right e-flex e-con e-child\" data-id=\"0be65e1\" data-element_type=\"container\" data-settings=\"{&quot;background_background&quot;:&quot;classic&quot;}\">\n\t\t\t\t<div class=\"elementor-element elementor-element-e8ce321 elementor-widget elementor-widget-image-box\" data-id=\"e8ce321\" data-element_type=\"widget\" data-widget_type=\"image-box.default\">\n\t\t\t\t<div class=\"elementor-widget-container\">\n\t\t\t\t\t<div class=\"elementor-image-box-wrapper\"><div class=\"elementor-image-box-content\"><h3 class=\"elementor-image-box-title\">Abordagem abrangente e centrada no usu\u00e1rio<\/h3><p class=\"elementor-image-box-description\">Colocamos o usu\u00e1rio no centro da nossa abordagem ao com\u00e9rcio conversacional. Ao compreender as necessidades, prefer\u00eancias e comportamentos dos consumidores, somos capazes de projetar as jornadas dos clientes e criar experi\u00eancias de usu\u00e1rio que fortale\u00e7am a conex\u00e3o entre sua marca e seus clientes, desde a descoberta at\u00e9 o engajamento, a convers\u00e3o e a recompra. Seja oferecendo um atendimento eficaz ao cliente, oferecendo recomenda\u00e7\u00f5es personalizadas ou contando hist\u00f3rias convincentes, nossas solu\u00e7\u00f5es de com\u00e9rcio conversacional s\u00e3o projetadas para agregar valor a cada intera\u00e7\u00e3o.\n<\/p><\/div><\/div>\t\t\t\t<\/div>\n\t\t\t\t<\/div>\n\t\t\t\t<\/div>\n\t\t<div class=\"elementor-element elementor-element-c3ef213 e-con-full shape-content-right e-flex e-con e-child\" data-id=\"c3ef213\" data-element_type=\"container\" data-settings=\"{&quot;background_background&quot;:&quot;classic&quot;}\">\n\t\t\t\t<div class=\"elementor-element elementor-element-e9facac elementor-widget elementor-widget-image-box\" data-id=\"e9facac\" data-element_type=\"widget\" data-widget_type=\"image-box.default\">\n\t\t\t\t<div class=\"elementor-widget-container\">\n\t\t\t\t\t<div class=\"elementor-image-box-wrapper\"><div class=\"elementor-image-box-content\"><h3 class=\"elementor-image-box-title\">Conversas interessantes impulsionadas por IA<\/h3><p class=\"elementor-image-box-description\">Nossas solu\u00e7\u00f5es exclusivas evoluem de acordo com as necessidades da sua empresa e dos seus clientes. Gra\u00e7as \u00e0 an\u00e1lise aprofundada de dados e insights em tempo real, somos capazes de otimizar continuamente o desempenho dos seus chatbots e adaptar a nossa estrat\u00e9gia com base nas tend\u00eancias do mercado e no feedback dos usu\u00e1rios.\n<\/p><\/div><\/div>\t\t\t\t<\/div>\n\t\t\t\t<\/div>\n\t\t\t\t<\/div>\n\t\t\t\t<\/div>\n\t\t\t\t<\/div>\n\t\t\t\t\t<\/div>\n\t\t\t\t<\/div>\n\t\t<div class=\"elementor-element elementor-element-4af0788 e-flex e-con-boxed e-con e-parent\" data-id=\"4af0788\" data-element_type=\"container\" data-settings=\"{&quot;background_background&quot;:&quot;classic&quot;}\">\n\t\t\t\t\t<div class=\"e-con-inner\">\n\t\t<div class=\"elementor-element elementor-element-d331a55 e-con-full e-flex e-con e-child\" data-id=\"d331a55\" data-element_type=\"container\">\n\t\t\t\t<div class=\"elementor-element elementor-element-1e05d70 textchange elementor-widget__width-initial elementor-widget-mobile__width-inherit elementor-widget elementor-widget-text-editor\" data-id=\"1e05d70\" data-element_type=\"widget\" data-widget_type=\"text-editor.default\">\n\t\t\t\t<div class=\"elementor-widget-container\">\n\t\t\t\t\t\t\t\t\t<h2>POR QUE O COM\u00c9RCIO <strong>CONVERSACIONAL<\/strong><\/h2>\n\t\t\t\t\t\t\t\t<\/div>\n\t\t\t\t<\/div>\n\t\t\t\t<\/div>\n\t\t<div class=\"elementor-element elementor-element-91a0ebd e-con-full e-flex e-con e-child\" data-id=\"91a0ebd\" data-element_type=\"container\" data-settings=\"{&quot;background_background&quot;:&quot;video&quot;}\">\n\t\t\t\t<div class=\"elementor-element elementor-element-e30410a elementor-vertical-align-top elementor-widget elementor-widget-image-box\" data-id=\"e30410a\" data-element_type=\"widget\" data-widget_type=\"image-box.default\">\n\t\t\t\t<div class=\"elementor-widget-container\">\n\t\t\t\t\t<div class=\"elementor-image-box-wrapper\"><div class=\"elementor-image-box-content\"><h3 class=\"elementor-image-box-title\">Orquestramos campanhas precisas nas redes sociais para gerar engajamento e valor com:<\/h3><\/div><\/div>\t\t\t\t<\/div>\n\t\t\t\t<\/div>\n\t\t\t\t<div class=\"elementor-element elementor-element-098b592 elementor-align-left multiculturelle elementor-icon-list--layout-traditional elementor-list-item-link-full_width elementor-widget elementor-widget-icon-list\" data-id=\"098b592\" data-element_type=\"widget\" data-widget_type=\"icon-list.default\">\n\t\t\t\t<div class=\"elementor-widget-container\">\n\t\t\t\t\t\t\t<ul class=\"elementor-icon-list-items\">\n\t\t\t\t\t\t\t<li class=\"elementor-icon-list-item\">\n\t\t\t\t\t\t\t\t\t\t\t<span class=\"elementor-icon-list-icon\">\n\t\t\t\t\t\t\t<i aria-hidden=\"true\" class=\"fas fa-circle\"><\/i>\t\t\t\t\t\t<\/span>\n\t\t\t\t\t\t\t\t\t\t<span class=\"elementor-icon-list-text\">Fideliza\u00e7\u00e3o do Cliente: intera\u00e7\u00f5es personalizadas que fortalecem o di\u00e1logo cont\u00ednuo com a marca e aumentam a reten\u00e7\u00e3o.<\/span>\n\t\t\t\t\t\t\t\t\t<\/li>\n\t\t\t\t\t\t\t\t<li class=\"elementor-icon-list-item\">\n\t\t\t\t\t\t\t\t\t\t\t<span class=\"elementor-icon-list-icon\">\n\t\t\t\t\t\t\t<i aria-hidden=\"true\" class=\"fas fa-circle\"><\/i>\t\t\t\t\t\t<\/span>\n\t\t\t\t\t\t\t\t\t\t<span class=\"elementor-icon-list-text\">Impulso nas Vendas: sugest\u00f5es de produtos e promo\u00e7\u00f5es direcionadas via chatbots para gerar compras no momento certo.<\/span>\n\t\t\t\t\t\t\t\t\t<\/li>\n\t\t\t\t\t\t\t\t<li class=\"elementor-icon-list-item\">\n\t\t\t\t\t\t\t\t\t\t\t<span class=\"elementor-icon-list-icon\">\n\t\t\t\t\t\t\t<i aria-hidden=\"true\" class=\"fas fa-circle\"><\/i>\t\t\t\t\t\t<\/span>\n\t\t\t\t\t\t\t\t\t\t<span class=\"elementor-icon-list-text\">Dados Conversacionais: insights valiosos obtidos nas intera\u00e7\u00f5es para alimentar seus chatbots e personalizar a experi\u00eancia do cliente.<\/span>\n\t\t\t\t\t\t\t\t\t<\/li>\n\t\t\t\t\t\t\t\t<li class=\"elementor-icon-list-item\">\n\t\t\t\t\t\t\t\t\t\t\t<span class=\"elementor-icon-list-icon\">\n\t\t\t\t\t\t\t<i aria-hidden=\"true\" class=\"fas fa-circle\"><\/i>\t\t\t\t\t\t<\/span>\n\t\t\t\t\t\t\t\t\t\t<span class=\"elementor-icon-list-text\">Qualifica\u00e7\u00e3o de Leads: automa\u00e7\u00e3o que direciona os prospects ao interlocutor certo por meio de formul\u00e1rios integrados.<\/span>\n\t\t\t\t\t\t\t\t\t<\/li>\n\t\t\t\t\t\t\t\t<li class=\"elementor-icon-list-item\">\n\t\t\t\t\t\t\t\t\t\t\t<span class=\"elementor-icon-list-icon\">\n\t\t\t\t\t\t\t<i aria-hidden=\"true\" class=\"fas fa-circle\"><\/i>\t\t\t\t\t\t<\/span>\n\t\t\t\t\t\t\t\t\t\t<span class=\"elementor-icon-list-text\">Redu\u00e7\u00e3o do Abandono de Carrinho: suporte instant\u00e2neo e lembretes proativos via mensagens para concluir a compra.<\/span>\n\t\t\t\t\t\t\t\t\t<\/li>\n\t\t\t\t\t\t<\/ul>\n\t\t\t\t\t\t<\/div>\n\t\t\t\t<\/div>\n\t\t\t\t<div class=\"elementor-element elementor-element-88b9c44 elementor-widget-mobile__width-inherit elementor-widget elementor-widget-text-editor\" data-id=\"88b9c44\" data-element_type=\"widget\" data-widget_type=\"text-editor.default\">\n\t\t\t\t<div class=\"elementor-widget-container\">\n\t\t\t\t\t\t\t\t\tSeja para melhorar o atendimento ao cliente, aumentar suas vendas ou fidelizar clientes, a Datawords fornece as ferramentas e os recursos necess\u00e1rios para voc\u00ea atingir seus objetivos.\t\t\t\t\t\t\t\t<\/div>\n\t\t\t\t<\/div>\n\t\t\t\t<\/div>\n\t\t\t\t\t<\/div>\n\t\t\t\t<\/div>\n\t\t\t\t<\/div>\n\t\t","protected":false},"excerpt":{"rendered":"<p>Engajamento do cliente e Ferramentas Conversacionais Engajamento do cliente e Ferramentas Conversacionais Em um cen\u00e1rio digital em constante mudan\u00e7a, onde as empresas atribuem cada vez mais import\u00e2ncia \u00e0s intera\u00e7\u00f5es com os seus clientes, o com\u00e9rcio conversacional tornou-se uma estrat\u00e9gia essencial para interagir com os consumidores de uma forma mais personalizada e envolvente: assistentes de live [&hellip;]<\/p>\n","protected":false},"author":1,"featured_media":30698,"parent":0,"menu_order":0,"comment_status":"closed","ping_status":"closed","template":"","meta":{"_acf_changed":false,"content-type":"","footnotes":""},"class_list":["post-287651","page","type-page","status-publish","has-post-thumbnail","hentry"],"acf":[],"_links":{"self":[{"href":"https:\/\/datawords.com\/pt-br\/wp-json\/wp\/v2\/pages\/287651","targetHints":{"allow":["GET"]}}],"collection":[{"href":"https:\/\/datawords.com\/pt-br\/wp-json\/wp\/v2\/pages"}],"about":[{"href":"https:\/\/datawords.com\/pt-br\/wp-json\/wp\/v2\/types\/page"}],"author":[{"embeddable":true,"href":"https:\/\/datawords.com\/pt-br\/wp-json\/wp\/v2\/users\/1"}],"replies":[{"embeddable":true,"href":"https:\/\/datawords.com\/pt-br\/wp-json\/wp\/v2\/comments?post=287651"}],"version-history":[{"count":0,"href":"https:\/\/datawords.com\/pt-br\/wp-json\/wp\/v2\/pages\/287651\/revisions"}],"wp:featuredmedia":[{"embeddable":true,"href":"https:\/\/datawords.com\/pt-br\/wp-json\/wp\/v2\/media\/30698"}],"wp:attachment":[{"href":"https:\/\/datawords.com\/pt-br\/wp-json\/wp\/v2\/media?parent=287651"}],"curies":[{"name":"wp","href":"https:\/\/api.w.org\/{rel}","templated":true}]}}