{"id":287647,"date":"2025-07-09T09:03:35","date_gmt":"2025-07-09T07:03:35","guid":{"rendered":"https:\/\/datawords.com\/culture-et-ia\/"},"modified":"2025-10-22T04:21:03","modified_gmt":"2025-10-22T02:21:03","slug":"culture-et-ia","status":"publish","type":"page","link":"https:\/\/datawords.com\/pt-br\/culture-et-ia\/","title":{"rendered":"Culture et IA"},"content":{"rendered":"\t\t<div data-elementor-type=\"wp-page\" data-elementor-id=\"287647\" class=\"elementor elementor-287647 elementor-179482\" data-elementor-post-type=\"page\">\n\t\t\t\t<div class=\"elementor-element elementor-element-10b03ce e-flex e-con-boxed e-con e-parent\" data-id=\"10b03ce\" data-element_type=\"container\" data-settings=\"{&quot;background_background&quot;:&quot;classic&quot;}\">\n\t\t\t\t\t<div class=\"e-con-inner\">\n\t\t<div class=\"elementor-element elementor-element-d8108be e-con-full e-flex e-con e-child\" data-id=\"d8108be\" data-element_type=\"container\">\n\t\t\t\t<div class=\"elementor-element elementor-element-58fd393 textchange elementor-widget elementor-widget-text-editor\" data-id=\"58fd393\" data-element_type=\"widget\" data-widget_type=\"text-editor.default\">\n\t\t\t\t<div class=\"elementor-widget-container\">\n\t\t\t\t\t\t\t\t\t<h1><strong>Criar conte\u00fado<br>\nmais rapidamente<\/strong><br>\ne em uma escala maior<\/h1>\n\n\t\t\t\t\t\t\t\t<\/div>\n\t\t\t\t<\/div>\n\t\t\t\t<\/div>\n\t\t\t\t\t<\/div>\n\t\t\t\t<\/div>\n\t\t<div class=\"elementor-element elementor-element-fa219da e-flex e-con-boxed e-con e-parent\" data-id=\"fa219da\" data-element_type=\"container\" data-settings=\"{&quot;background_background&quot;:&quot;classic&quot;}\">\n\t\t\t\t\t<div class=\"e-con-inner\">\n\t\t<div class=\"elementor-element elementor-element-348586eb e-con-full e-flex e-con e-child\" data-id=\"348586eb\" data-element_type=\"container\">\n\t\t<div class=\"elementor-element elementor-element-4c7f3c7a e-con-full e-flex e-con e-child\" data-id=\"4c7f3c7a\" data-element_type=\"container\">\n\t\t\t\t<div class=\"elementor-element elementor-element-20b58a40 elementor-widget__width-initial elementor-widget elementor-widget-heading\" data-id=\"20b58a40\" data-element_type=\"widget\" data-widget_type=\"heading.default\">\n\t\t\t\t<div class=\"elementor-widget-container\">\n\t\t\t\t\t<p class=\"elementor-heading-title elementor-size-default\">Na Datawords, combinamos a velocidade da IA com a delicadeza da intelig\u00eancia emocional para ajudar marcas globais a criar, implantar e gerenciar conte\u00fado que conecta pessoas em todo o mundo.<\/p>\t\t\t\t<\/div>\n\t\t\t\t<\/div>\n\t\t\t\t<div class=\"elementor-element elementor-element-82cd5a6 elementor-widget__width-initial elementor-widget elementor-widget-heading\" data-id=\"82cd5a6\" data-element_type=\"widget\" data-widget_type=\"heading.default\">\n\t\t\t\t<div class=\"elementor-widget-container\">\n\t\t\t\t\t<h4 class=\"elementor-heading-title elementor-size-default\">Por que as marcas internacionais t\u00eam dificuldade com o conte\u00fado internacional?<\/h4>\t\t\t\t<\/div>\n\t\t\t\t<\/div>\n\t\t\t\t<div class=\"elementor-element elementor-element-39795f5 elementor-widget__width-initial elementor-widget elementor-widget-heading\" data-id=\"39795f5\" data-element_type=\"widget\" data-widget_type=\"heading.default\">\n\t\t\t\t<div class=\"elementor-widget-container\">\n\t\t\t\t\t<p class=\"elementor-heading-title elementor-size-default\">Suas equipes est\u00e3o sob press\u00e3o para produzir mais e mais conte\u00fado: mais r\u00e1pido, com menor custo e em mais plataformas. Quando o conte\u00fado consegue estabelecer uma conex\u00e3o, ele gera fidelidade, convers\u00e3o e crescimento global. \u00c9 a\u00ed que entramos.<\/p>\t\t\t\t<\/div>\n\t\t\t\t<\/div>\n\t\t\t\t<div class=\"elementor-element elementor-element-20ae45d elementor-widget__width-initial elementor-widget elementor-widget-heading\" data-id=\"20ae45d\" data-element_type=\"widget\" data-widget_type=\"heading.default\">\n\t\t\t\t<div class=\"elementor-widget-container\">\n\t\t\t\t\t<p class=\"elementor-heading-title elementor-size-default\">Com a Datawords, voc\u00ea pode criar e adaptar um conte\u00fado que fale a linguagem certa e expresse a emo\u00e7\u00e3o certa, onde quer que seus clientes estejam.<\/p>\t\t\t\t<\/div>\n\t\t\t\t<\/div>\n\t\t\t\t<div class=\"elementor-element elementor-element-f0de0d5 elementor-widget__width-initial elementor-widget elementor-widget-heading\" data-id=\"f0de0d5\" data-element_type=\"widget\" data-widget_type=\"heading.default\">\n\t\t\t\t<div class=\"elementor-widget-container\">\n\t\t\t\t\t<h4 class=\"elementor-heading-title elementor-size-default\">Orquestra\u00e7\u00e3o de IA + Intelig\u00eancia Emocional: um modelo sob medida para aumentar o desempenho<\/h4>\t\t\t\t<\/div>\n\t\t\t\t<\/div>\n\t\t\t\t<div class=\"elementor-element elementor-element-9147aec elementor-widget__width-initial elementor-widget elementor-widget-heading\" data-id=\"9147aec\" data-element_type=\"widget\" data-widget_type=\"heading.default\">\n\t\t\t\t<div class=\"elementor-widget-container\">\n\t\t\t\t\t<p class=\"elementor-heading-title elementor-size-default\">Na Datawords, n\u00e3o nos limitamos a gerar conte\u00fado. Com mais de 25 anos de experi\u00eancia trabalhando com as maiores marcas do mundo, nossa for\u00e7a est\u00e1 em reunir as pessoas certas, as tecnologias certas e os processos certos para criar, adaptar e fornecer conte\u00fado de alto desempenho em qualquer lugar do mundo.<\/p>\t\t\t\t<\/div>\n\t\t\t\t<\/div>\n\t\t\t\t<\/div>\n\t\t\t\t<\/div>\n\t\t\t\t\t<\/div>\n\t\t\t\t<\/div>\n\t\t<div class=\"elementor-element elementor-element-330f142 shape-about e-flex e-con-boxed e-con e-parent\" data-id=\"330f142\" data-element_type=\"container\" data-settings=\"{&quot;background_background&quot;:&quot;classic&quot;}\">\n\t\t\t\t\t<div class=\"e-con-inner\">\n\t\t<div class=\"elementor-element elementor-element-e65f2e8 e-con-full e-flex e-con e-child\" data-id=\"e65f2e8\" data-element_type=\"container\">\n\t\t\t\t<div class=\"elementor-element elementor-element-6c251d5 elementor-widget elementor-widget-heading\" data-id=\"6c251d5\" data-element_type=\"widget\" data-widget_type=\"heading.default\">\n\t\t\t\t<div class=\"elementor-widget-container\">\n\t\t\t\t\t<h2 class=\"elementor-heading-title elementor-size-default\">Como<\/h2>\t\t\t\t<\/div>\n\t\t\t\t<\/div>\n\t\t\t\t<div class=\"elementor-element elementor-element-6d48d7c elementor-widget elementor-widget-heading\" data-id=\"6d48d7c\" data-element_type=\"widget\" data-widget_type=\"heading.default\">\n\t\t\t\t<div class=\"elementor-widget-container\">\n\t\t\t\t\t<h2 class=\"elementor-heading-title elementor-size-default\">funciona<\/h2>\t\t\t\t<\/div>\n\t\t\t\t<\/div>\n\t\t\t\t<\/div>\n\t\t<div class=\"elementor-element elementor-element-bea44dc e-con-full notre-approche e-flex e-con e-child\" data-id=\"bea44dc\" data-element_type=\"container\">\n\t\t<div class=\"elementor-element elementor-element-f1a26f6 e-con-full shape-content-right e-flex e-con e-child\" data-id=\"f1a26f6\" data-element_type=\"container\">\n\t\t\t\t<div class=\"elementor-element elementor-element-8a95eab elementor-widget elementor-widget-image-box\" data-id=\"8a95eab\" data-element_type=\"widget\" data-widget_type=\"image-box.default\">\n\t\t\t\t<div class=\"elementor-widget-container\">\n\t\t\t\t\t<div class=\"elementor-image-box-wrapper\"><div class=\"elementor-image-box-content\"><h3 class=\"elementor-image-box-title\">REFLETIR<\/h3><p class=\"elementor-image-box-description\">Come\u00e7amos analisando seu ecossistema de conte\u00fado, seus canais, seus p\u00fablicos e suas ferramentas tecnol\u00f3gicas para projetar um modelo de localiza\u00e7\u00e3o personalizado e otimizado para maior efici\u00eancia.<\/p><\/div><\/div>\t\t\t\t<\/div>\n\t\t\t\t<\/div>\n\t\t\t\t<\/div>\n\t\t<div class=\"elementor-element elementor-element-df8a991 e-con-full shape-content-right e-flex e-con e-child\" data-id=\"df8a991\" data-element_type=\"container\" data-settings=\"{&quot;background_background&quot;:&quot;classic&quot;}\">\n\t\t\t\t<div class=\"elementor-element elementor-element-069b5cb elementor-widget elementor-widget-image-box\" data-id=\"069b5cb\" data-element_type=\"widget\" data-widget_type=\"image-box.default\">\n\t\t\t\t<div class=\"elementor-widget-container\">\n\t\t\t\t\t<div class=\"elementor-image-box-wrapper\"><div class=\"elementor-image-box-content\"><h3 class=\"elementor-image-box-title\">DEFINIR<\/h3><p class=\"elementor-image-box-description\">Combinamos tecnologias de ponta (LLMs, APIs, integra\u00e7\u00f5es) com nossa rede de especialistas culturais nativos para criar uma solu\u00e7\u00e3o inteligente, dimension\u00e1vel e localmente relevante.<\/p><\/div><\/div>\t\t\t\t<\/div>\n\t\t\t\t<\/div>\n\t\t\t\t<\/div>\n\t\t<div class=\"elementor-element elementor-element-580da3d e-con-full shape-content-right e-flex e-con e-child\" data-id=\"580da3d\" data-element_type=\"container\" data-settings=\"{&quot;background_background&quot;:&quot;classic&quot;}\">\n\t\t\t\t<div class=\"elementor-element elementor-element-9022644 elementor-widget elementor-widget-image-box\" data-id=\"9022644\" data-element_type=\"widget\" data-widget_type=\"image-box.default\">\n\t\t\t\t<div class=\"elementor-widget-container\">\n\t\t\t\t\t<div class=\"elementor-image-box-wrapper\"><div class=\"elementor-image-box-content\"><h3 class=\"elementor-image-box-title\">ENTREGAR<\/h3><p class=\"elementor-image-box-description\">Supervisionamos as opera\u00e7\u00f5es di\u00e1rias e otimizamos continuamente o desempenho: criando, adaptando e gerenciando at\u00e9 10 mil ativos por semana em todos os mercados.<\/p><\/div><\/div>\t\t\t\t<\/div>\n\t\t\t\t<\/div>\n\t\t\t\t<\/div>\n\t\t\t\t<\/div>\n\t\t\t\t<div class=\"elementor-element elementor-element-ea93d6e elementor-align-right btnall elementor-mobile-align-center elementor-widget elementor-widget-button\" data-id=\"ea93d6e\" data-element_type=\"widget\" data-widget_type=\"button.default\">\n\t\t\t\t<div class=\"elementor-widget-container\">\n\t\t\t\t\t\t\t\t\t<div class=\"elementor-button-wrapper\">\n\t\t\t\t\t<a class=\"elementor-button elementor-button-link elementor-size-sm\" href=\"https:\/\/datawords.com\/pt-br\/methodologie\/\">\n\t\t\t\t\t\t<span class=\"elementor-button-content-wrapper\">\n\t\t\t\t\t\t<span class=\"elementor-button-icon\">\n\t\t\t\t<i aria-hidden=\"true\" class=\"icon icon-arrow-right\"><\/i>\t\t\t<\/span>\n\t\t\t\t\t\t\t\t\t<span class=\"elementor-button-text\">Nossa metodologia<\/span>\n\t\t\t\t\t<\/span>\n\t\t\t\t\t<\/a>\n\t\t\t\t<\/div>\n\t\t\t\t\t\t\t\t<\/div>\n\t\t\t\t<\/div>\n\t\t\t\t\t<\/div>\n\t\t\t\t<\/div>\n\t\t<div class=\"elementor-element elementor-element-b70fbf6 pourquoi-datawords e-flex e-con-boxed e-con e-parent\" data-id=\"b70fbf6\" data-element_type=\"container\" data-settings=\"{&quot;background_background&quot;:&quot;classic&quot;}\">\n\t\t\t\t\t<div class=\"e-con-inner\">\n\t\t<div class=\"elementor-element elementor-element-234fa44e e-con-full e-flex e-con e-child\" data-id=\"234fa44e\" data-element_type=\"container\">\n\t\t\t\t<div class=\"elementor-element elementor-element-33857b5 elementor-widget elementor-widget-heading\" data-id=\"33857b5\" data-element_type=\"widget\" data-widget_type=\"heading.default\">\n\t\t\t\t<div class=\"elementor-widget-container\">\n\t\t\t\t\t<h2 class=\"elementor-heading-title elementor-size-default\">por que<\/h2>\t\t\t\t<\/div>\n\t\t\t\t<\/div>\n\t\t\t\t<div class=\"elementor-element elementor-element-2ec5df9 elementor-widget elementor-widget-heading\" data-id=\"2ec5df9\" data-element_type=\"widget\" data-widget_type=\"heading.default\">\n\t\t\t\t<div class=\"elementor-widget-container\">\n\t\t\t\t\t<h2 class=\"elementor-heading-title elementor-size-default\">datawords?<\/h2>\t\t\t\t<\/div>\n\t\t\t\t<\/div>\n\t\t\t\t<\/div>\n\t\t<div class=\"elementor-element elementor-element-e8c6510 e-con-full bxgra-main e-flex e-con e-child\" data-id=\"e8c6510\" data-element_type=\"container\" data-settings=\"{&quot;background_background&quot;:&quot;classic&quot;}\">\n\t\t<div class=\"elementor-element elementor-element-bbcfc0c e-flex e-con-boxed e-con e-child\" data-id=\"bbcfc0c\" data-element_type=\"container\">\n\t\t\t\t\t<div class=\"e-con-inner\">\n\t\t<div class=\"elementor-element elementor-element-86e87db e-con-full pourquoi-datawords-blog e-flex e-con e-child\" data-id=\"86e87db\" data-element_type=\"container\">\n\t\t\t\t<div class=\"elementor-element elementor-element-6fa0a19 elementor-widget__width-inherit elementor-widget elementor-widget-heading\" data-id=\"6fa0a19\" data-element_type=\"widget\" data-widget_type=\"heading.default\">\n\t\t\t\t<div class=\"elementor-widget-container\">\n\t\t\t\t\t<h2 class=\"elementor-heading-title elementor-size-default\">+10 000<\/h2>\t\t\t\t<\/div>\n\t\t\t\t<\/div>\n\t\t\t\t<\/div>\n\t\t\t\t<div class=\"elementor-element elementor-element-51b5f7b elementor-widget__width-initial pourquoi-datawords-blog elementor-widget elementor-widget-heading\" data-id=\"51b5f7b\" data-element_type=\"widget\" data-widget_type=\"heading.default\">\n\t\t\t\t<div class=\"elementor-widget-container\">\n\t\t\t\t\t<h2 class=\"elementor-heading-title elementor-size-default\">ativos criados e gerenciados por semana\n<\/h2>\t\t\t\t<\/div>\n\t\t\t\t<\/div>\n\t\t\t\t\t<\/div>\n\t\t\t\t<\/div>\n\t\t\t\t<\/div>\n\t\t<div class=\"elementor-element elementor-element-3811a91 e-con-full e-flex e-con e-child\" data-id=\"3811a91\" data-element_type=\"container\" data-settings=\"{&quot;background_background&quot;:&quot;classic&quot;}\">\n\t\t<div class=\"elementor-element elementor-element-032942f e-con-full e-flex e-con e-child\" data-id=\"032942f\" data-element_type=\"container\" data-settings=\"{&quot;background_background&quot;:&quot;classic&quot;}\">\n\t\t<div class=\"elementor-element elementor-element-84a8d57 e-con-full bxgra1 e-flex e-con e-child\" data-id=\"84a8d57\" data-element_type=\"container\">\n\t\t\t\t<div class=\"elementor-element elementor-element-56873fa elementor-widget elementor-widget-heading\" data-id=\"56873fa\" data-element_type=\"widget\" data-widget_type=\"heading.default\">\n\t\t\t\t<div class=\"elementor-widget-container\">\n\t\t\t\t\t<h2 class=\"elementor-heading-title elementor-size-default\">x3<\/h2>\t\t\t\t<\/div>\n\t\t\t\t<\/div>\n\t\t\t\t<div class=\"elementor-element elementor-element-4d865b3 elementor-widget elementor-widget-heading\" data-id=\"4d865b3\" data-element_type=\"widget\" data-widget_type=\"heading.default\">\n\t\t\t\t<div class=\"elementor-widget-container\">\n\t\t\t\t\t<p class=\"elementor-heading-title elementor-size-default\">time-to-market acelerado<\/p>\t\t\t\t<\/div>\n\t\t\t\t<\/div>\n\t\t\t\t<\/div>\n\t\t<div class=\"elementor-element elementor-element-6ed952e e-con-full bxgra3 e-flex e-con e-child\" data-id=\"6ed952e\" data-element_type=\"container\">\n\t\t\t\t<div class=\"elementor-element elementor-element-a42e090 elementor-widget elementor-widget-heading\" data-id=\"a42e090\" data-element_type=\"widget\" data-widget_type=\"heading.default\">\n\t\t\t\t<div class=\"elementor-widget-container\">\n\t\t\t\t\t<h2 class=\"elementor-heading-title elementor-size-default\">95%<\/h2>\t\t\t\t<\/div>\n\t\t\t\t<\/div>\n\t\t\t\t<div class=\"elementor-element elementor-element-bcabb8e elementor-widget elementor-widget-heading\" data-id=\"bcabb8e\" data-element_type=\"widget\" data-widget_type=\"heading.default\">\n\t\t\t\t<div class=\"elementor-widget-container\">\n\t\t\t\t\t<p class=\"elementor-heading-title elementor-size-default\">ativos utilizados localmente\n<\/p>\t\t\t\t<\/div>\n\t\t\t\t<\/div>\n\t\t\t\t<\/div>\n\t\t\t\t<\/div>\n\t\t<div class=\"elementor-element elementor-element-3edb7e4 e-con-full e-flex e-con e-child\" data-id=\"3edb7e4\" data-element_type=\"container\">\n\t\t<div class=\"elementor-element elementor-element-9f46c83 e-con-full bxgra2 e-flex e-con e-child\" data-id=\"9f46c83\" data-element_type=\"container\">\n\t\t\t\t<div class=\"elementor-element elementor-element-a4f9940 elementor-widget elementor-widget-heading\" data-id=\"a4f9940\" data-element_type=\"widget\" data-widget_type=\"heading.default\">\n\t\t\t\t<div class=\"elementor-widget-container\">\n\t\t\t\t\t<h2 class=\"elementor-heading-title elementor-size-default\">-30%<\/h2>\t\t\t\t<\/div>\n\t\t\t\t<\/div>\n\t\t\t\t<div class=\"elementor-element elementor-element-c3023ff elementor-widget elementor-widget-heading\" data-id=\"c3023ff\" data-element_type=\"widget\" data-widget_type=\"heading.default\">\n\t\t\t\t<div class=\"elementor-widget-container\">\n\t\t\t\t\t<p class=\"elementor-heading-title elementor-size-default\">custo por ativo localizado\n<\/p>\t\t\t\t<\/div>\n\t\t\t\t<\/div>\n\t\t\t\t<\/div>\n\t\t<div class=\"elementor-element elementor-element-055f5ec e-con-full bxgra4 e-flex e-con e-child\" data-id=\"055f5ec\" data-element_type=\"container\">\n\t\t\t\t<div class=\"elementor-element elementor-element-391597f elementor-widget elementor-widget-heading\" data-id=\"391597f\" data-element_type=\"widget\" data-widget_type=\"heading.default\">\n\t\t\t\t<div class=\"elementor-widget-container\">\n\t\t\t\t\t<h2 class=\"elementor-heading-title elementor-size-default\">+160<\/h2>\t\t\t\t<\/div>\n\t\t\t\t<\/div>\n\t\t\t\t<div class=\"elementor-element elementor-element-5e5072c elementor-widget elementor-widget-heading\" data-id=\"5e5072c\" data-element_type=\"widget\" data-widget_type=\"heading.default\">\n\t\t\t\t<div class=\"elementor-widget-container\">\n\t\t\t\t\t<p class=\"elementor-heading-title elementor-size-default\">culturas atendidas<\/p>\t\t\t\t<\/div>\n\t\t\t\t<\/div>\n\t\t\t\t<\/div>\n\t\t\t\t<\/div>\n\t\t\t\t<\/div>\n\t\t\t\t\t<\/div>\n\t\t\t\t<\/div>\n\t\t\t\t<\/div>\n\t\t","protected":false},"excerpt":{"rendered":"<p>Criar conte\u00fado mais rapidamente e em uma escala maior Na Datawords, combinamos a velocidade da IA com a delicadeza da intelig\u00eancia emocional para ajudar marcas globais a criar, implantar e gerenciar conte\u00fado que conecta pessoas em todo o mundo. Por que as marcas internacionais t\u00eam dificuldade com o conte\u00fado internacional? Suas equipes est\u00e3o sob press\u00e3o [&hellip;]<\/p>\n","protected":false},"author":1,"featured_media":0,"parent":0,"menu_order":0,"comment_status":"closed","ping_status":"closed","template":"elementor_header_footer","meta":{"_acf_changed":false,"content-type":"","footnotes":""},"class_list":["post-287647","page","type-page","status-publish","hentry"],"acf":[],"_links":{"self":[{"href":"https:\/\/datawords.com\/pt-br\/wp-json\/wp\/v2\/pages\/287647","targetHints":{"allow":["GET"]}}],"collection":[{"href":"https:\/\/datawords.com\/pt-br\/wp-json\/wp\/v2\/pages"}],"about":[{"href":"https:\/\/datawords.com\/pt-br\/wp-json\/wp\/v2\/types\/page"}],"author":[{"embeddable":true,"href":"https:\/\/datawords.com\/pt-br\/wp-json\/wp\/v2\/users\/1"}],"replies":[{"embeddable":true,"href":"https:\/\/datawords.com\/pt-br\/wp-json\/wp\/v2\/comments?post=287647"}],"version-history":[{"count":0,"href":"https:\/\/datawords.com\/pt-br\/wp-json\/wp\/v2\/pages\/287647\/revisions"}],"wp:attachment":[{"href":"https:\/\/datawords.com\/pt-br\/wp-json\/wp\/v2\/media?parent=287647"}],"curies":[{"name":"wp","href":"https:\/\/api.w.org\/{rel}","templated":true}]}}