{"id":287645,"date":"2025-07-09T12:51:52","date_gmt":"2025-07-09T10:51:52","guid":{"rendered":"https:\/\/datawords.com\/creation-campagne\/"},"modified":"2026-03-03T14:54:02","modified_gmt":"2026-03-03T13:54:02","slug":"creation-campagne","status":"publish","type":"page","link":"https:\/\/datawords.com\/pt-br\/creation-campagne\/","title":{"rendered":"Creation Campagne"},"content":{"rendered":"\t\t<div data-elementor-type=\"wp-page\" data-elementor-id=\"287645\" class=\"elementor elementor-287645 elementor-184884\" data-elementor-post-type=\"page\">\n\t\t\t\t<div class=\"elementor-element elementor-element-2b1b811 e-flex e-con-boxed e-con e-parent\" data-id=\"2b1b811\" data-element_type=\"container\" data-settings=\"{&quot;background_background&quot;:&quot;classic&quot;}\">\n\t\t\t\t\t<div class=\"e-con-inner\">\n\t\t<div class=\"elementor-element elementor-element-211a8b1 e-con-full e-flex e-con e-child\" data-id=\"211a8b1\" data-element_type=\"container\">\n\t\t\t\t<div class=\"elementor-element elementor-element-596868a textchange elementor-widget__width-initial elementor-widget-mobile__width-inherit elementor-widget elementor-widget-text-editor\" data-id=\"596868a\" data-element_type=\"widget\" data-widget_type=\"text-editor.default\">\n\t\t\t\t<div class=\"elementor-widget-container\">\n\t\t\t\t\t\t\t\t\t<h1><strong>Cria\u00e7\u00e3o de campanha<\/strong><br>\nGlobal<\/h1>\t\t\t\t\t\t\t\t<\/div>\n\t\t\t\t<\/div>\n\t\t\t\t<\/div>\n\t\t\t\t\t<\/div>\n\t\t\t\t<\/div>\n\t\t<div class=\"elementor-element elementor-element-8ff7248 pourquoi-datawords e-flex e-con-boxed e-con e-parent\" data-id=\"8ff7248\" data-element_type=\"container\" data-settings=\"{&quot;background_background&quot;:&quot;classic&quot;}\">\n\t\t\t\t\t<div class=\"e-con-inner\">\n\t\t<div class=\"elementor-element elementor-element-ea60af2 e-con-full e-flex e-con e-child\" data-id=\"ea60af2\" data-element_type=\"container\">\n\t\t\t\t<div class=\"elementor-element elementor-element-7343839 elementor-widget-mobile__width-inherit elementor-widget elementor-widget-text-editor\" data-id=\"7343839\" data-element_type=\"widget\" data-widget_type=\"text-editor.default\">\n\t\t\t\t<div class=\"elementor-widget-container\">\n\t\t\t\t\t\t\t\t\tCriar campanhas de comunica\u00e7\u00e3o eficazes e relevantes localmente \u00e9 um grande desafio, refor\u00e7ado por um mundo globalizado e marcado pela hiperpersonaliza\u00e7\u00e3o e suas especificidades regionais.\t\t\t\t\t\t\t\t<\/div>\n\t\t\t\t<\/div>\n\t\t\t\t<div class=\"elementor-element elementor-element-736dfe9 textchange elementor-widget-mobile__width-inherit elementor-hidden-mobile elementor-widget elementor-widget-text-editor\" data-id=\"736dfe9\" data-element_type=\"widget\" data-widget_type=\"text-editor.default\">\n\t\t\t\t<div class=\"elementor-widget-container\">\n\t\t\t\t\t\t\t\t\t<h2><strong>Nossa<\/strong> EXPERTISE<\/h2>\n\t\t\t\t\t\t\t\t<\/div>\n\t\t\t\t<\/div>\n\t\t\t\t<div class=\"elementor-element elementor-element-09182ac textchange elementor-widget-mobile__width-inherit elementor-hidden-desktop elementor-hidden-tablet elementor-widget elementor-widget-text-editor\" data-id=\"09182ac\" data-element_type=\"widget\" data-widget_type=\"text-editor.default\">\n\t\t\t\t<div class=\"elementor-widget-container\">\n\t\t\t\t\t\t\t\t\t<h2><strong>Nossa<\/strong><br>\nEXPERTISE<\/h2>\t\t\t\t\t\t\t\t<\/div>\n\t\t\t\t<\/div>\n\t\t\t\t<div class=\"elementor-element elementor-element-d5bb76e elementor-widget-mobile__width-inherit elementor-widget elementor-widget-text-editor\" data-id=\"d5bb76e\" data-element_type=\"widget\" data-widget_type=\"text-editor.default\">\n\t\t\t\t<div class=\"elementor-widget-container\">\n\t\t\t\t\t\t\t\t\tElaboramos campanhas multiculturais que realmente ressoam com os p\u00fablicos locais. Nossa abordagem baseia-se em uma compreens\u00e3o profunda das culturas e na cria\u00e7\u00e3o de conte\u00fados que cativam e engajam cada audi\u00eancia.\t\t\t\t\t\t\t\t<\/div>\n\t\t\t\t<\/div>\n\t\t\t\t<\/div>\n\t\t<div class=\"elementor-element elementor-element-74e61a3 notre-expertise e-con-full e-flex e-con e-child\" data-id=\"74e61a3\" data-element_type=\"container\" data-settings=\"{&quot;background_background&quot;:&quot;classic&quot;}\">\n\t\t<div class=\"elementor-element elementor-element-2f1a5e5 e-con-full notre-kredo e-flex e-con e-child\" data-id=\"2f1a5e5\" data-element_type=\"container\" data-settings=\"{&quot;background_background&quot;:&quot;classic&quot;}\">\n\t\t<div class=\"elementor-element elementor-element-0b9a854 e-con-full shape-content-right e-flex e-con e-child\" data-id=\"0b9a854\" data-element_type=\"container\">\n\t\t\t\t<div class=\"elementor-element elementor-element-2a6ce01 elementor-widget elementor-widget-image-box\" data-id=\"2a6ce01\" data-element_type=\"widget\" data-widget_type=\"image-box.default\">\n\t\t\t\t<div class=\"elementor-widget-container\">\n\t\t\t\t\t<div class=\"elementor-image-box-wrapper\"><div class=\"elementor-image-box-content\"><h3 class=\"elementor-image-box-title\">Comunica\u00e7\u00e3o centrada nas culturas locais<\/h3><p class=\"elementor-image-box-description\">Analisamos os dados locais para entender as expectativas de cada mercado e adaptar toda a campanha (estrat\u00e9gia, cria\u00e7\u00e3o, conte\u00fados) \u00e0s particularidades culturais dos seus p\u00fablicos-alvo.<\/p><\/div><\/div>\t\t\t\t<\/div>\n\t\t\t\t<\/div>\n\t\t\t\t<\/div>\n\t\t<div class=\"elementor-element elementor-element-5440c8e e-con-full shape-content-right e-flex e-con e-child\" data-id=\"5440c8e\" data-element_type=\"container\" data-settings=\"{&quot;background_background&quot;:&quot;classic&quot;}\">\n\t\t\t\t<div class=\"elementor-element elementor-element-b88a678 elementor-widget elementor-widget-image-box\" data-id=\"b88a678\" data-element_type=\"widget\" data-widget_type=\"image-box.default\">\n\t\t\t\t<div class=\"elementor-widget-container\">\n\t\t\t\t\t<div class=\"elementor-image-box-wrapper\"><div class=\"elementor-image-box-content\"><h3 class=\"elementor-image-box-title\">Estrat\u00e9gia criativa sob medida<\/h3><p class=\"elementor-image-box-description\">Fazemos muito mais do que traduzir mensagens: criamos um conceito global com forte impacto emocional, ajust\u00e1vel \u00e0s sensibilidades locais, e o implementamos de forma coerente atrav\u00e9s da nossa rede internacional.<\/p><\/div><\/div>\t\t\t\t<\/div>\n\t\t\t\t<\/div>\n\t\t\t\t<\/div>\n\t\t<div class=\"elementor-element elementor-element-0be65e1 e-con-full shape-content-right e-flex e-con e-child\" data-id=\"0be65e1\" data-element_type=\"container\" data-settings=\"{&quot;background_background&quot;:&quot;classic&quot;}\">\n\t\t\t\t<div class=\"elementor-element elementor-element-e8ce321 elementor-widget elementor-widget-image-box\" data-id=\"e8ce321\" data-element_type=\"widget\" data-widget_type=\"image-box.default\">\n\t\t\t\t<div class=\"elementor-widget-container\">\n\t\t\t\t\t<div class=\"elementor-image-box-wrapper\"><div class=\"elementor-image-box-content\"><h3 class=\"elementor-image-box-title\">Cria\u00e7\u00e3o de conte\u00fado multicanal<\/h3><p class=\"elementor-image-box-description\">Desenvolvemos campanhas multicanais (redes sociais, sites, materiais impressos, assets audiovisuais) em estreita colabora\u00e7\u00e3o com as equipes locais, produzindo visuais, v\u00eddeos e textos culturalmente relevantes e envolventes.<\/p><\/div><\/div>\t\t\t\t<\/div>\n\t\t\t\t<\/div>\n\t\t\t\t<\/div>\n\t\t<div class=\"elementor-element elementor-element-c3ef213 e-con-full shape-content-right e-flex e-con e-child\" data-id=\"c3ef213\" data-element_type=\"container\" data-settings=\"{&quot;background_background&quot;:&quot;classic&quot;}\">\n\t\t\t\t<div class=\"elementor-element elementor-element-e9facac elementor-widget elementor-widget-image-box\" data-id=\"e9facac\" data-element_type=\"widget\" data-widget_type=\"image-box.default\">\n\t\t\t\t<div class=\"elementor-widget-container\">\n\t\t\t\t\t<div class=\"elementor-image-box-wrapper\"><div class=\"elementor-image-box-content\"><h3 class=\"elementor-image-box-title\">Colabora\u00e7\u00e3o transversal com equipes locais<\/h3><p class=\"elementor-image-box-description\">O sucesso de uma campanha de comunica\u00e7\u00e3o multicultural depende de uma colabora\u00e7\u00e3o pr\u00f3xima com as equipes locais (gest\u00e3o de cronogramas, fusos hor\u00e1rios). Ajustamos conte\u00fados e mensagens para criar campanhas multiculturais relevantes que celebram a diversidade.<\/p><\/div><\/div>\t\t\t\t<\/div>\n\t\t\t\t<\/div>\n\t\t\t\t<\/div>\n\t\t<div class=\"elementor-element elementor-element-073d654 e-con-full shape-content-right e-flex e-con e-child\" data-id=\"073d654\" data-element_type=\"container\" data-settings=\"{&quot;background_background&quot;:&quot;classic&quot;}\">\n\t\t\t\t<div class=\"elementor-element elementor-element-568b044 elementor-widget elementor-widget-image-box\" data-id=\"568b044\" data-element_type=\"widget\" data-widget_type=\"image-box.default\">\n\t\t\t\t<div class=\"elementor-widget-container\">\n\t\t\t\t\t<div class=\"elementor-image-box-wrapper\"><div class=\"elementor-image-box-content\"><h3 class=\"elementor-image-box-title\">Inova\u00e7\u00e3o criativa e adapta\u00e7\u00e3o cont\u00ednua<\/h3><p class=\"elementor-image-box-description\">Em constante monitoramento de tend\u00eancias e inova\u00e7\u00f5es, adaptamos nossas estrat\u00e9gias criativas em tempo real, integrando feedbacks continuamente e ajustando conte\u00fados para maximizar seu impacto, respondendo rapidamente \u00e0s mudan\u00e7as do mercado e \u00e0s expectativas de nossos parceiros.<\/p><\/div><\/div>\t\t\t\t<\/div>\n\t\t\t\t<\/div>\n\t\t\t\t<\/div>\n\t\t\t\t<\/div>\n\t\t\t\t<\/div>\n\t\t\t\t<div class=\"elementor-element elementor-element-e0dc999 elementor-widget-mobile__width-inherit elementor-hidden-desktop elementor-hidden-tablet elementor-hidden-mobile elementor-widget elementor-widget-text-editor\" data-id=\"e0dc999\" data-element_type=\"widget\" data-widget_type=\"text-editor.default\">\n\t\t\t\t<div class=\"elementor-widget-container\">\n\t\t\t\t\t\t\t\t\tCriar campanhas de comunica\u00e7\u00e3o eficazes e relevantes localmente \u00e9 um grande desafio, refor\u00e7ado por um mundo globalizado e marcado pela hiperpersonaliza\u00e7\u00e3o e suas especificidades regionais.\t\t\t\t\t\t\t\t<\/div>\n\t\t\t\t<\/div>\n\t\t\t\t\t<\/div>\n\t\t\t\t<\/div>\n\t\t<div class=\"elementor-element elementor-element-749f5c5 pour-vichy elementor-hidden-desktop elementor-hidden-tablet elementor-hidden-mobile e-flex e-con-boxed e-con e-parent\" data-id=\"749f5c5\" data-element_type=\"container\" data-settings=\"{&quot;background_background&quot;:&quot;classic&quot;}\">\n\t\t\t\t\t<div class=\"e-con-inner\">\n\t\t<div class=\"elementor-element elementor-element-ef6588c e-con-full e-flex e-con e-child\" data-id=\"ef6588c\" data-element_type=\"container\">\n\t\t\t\t<div class=\"elementor-element elementor-element-58ccd04 textchange elementor-widget__width-initial elementor-widget-mobile__width-inherit elementor-widget elementor-widget-text-editor\" data-id=\"58ccd04\" data-element_type=\"widget\" data-widget_type=\"text-editor.default\">\n\t\t\t\t<div class=\"elementor-widget-container\">\n\t\t\t\t\t\t\t\t\t<h2><strong>Campanha multicultural<br>\n\n<\/strong>Para Vichy<\/h2>\n\t\t\t\t\t\t\t\t<\/div>\n\t\t\t\t<\/div>\n\t\t\t\t<div class=\"elementor-element elementor-element-daa338d elementor-widget-mobile__width-inherit elementor-widget elementor-widget-text-editor\" data-id=\"daa338d\" data-element_type=\"widget\" data-widget_type=\"text-editor.default\">\n\t\t\t\t<div class=\"elementor-widget-container\">\n\t\t\t\t\t\t\t\t\tPara o lan\u00e7amento internacional da sua linha de protetor solar, desenvolvemos uma estrat\u00e9gia criativa que considera as sensibilidades de diferentes mercados. Criamos conte\u00fados visuais e textuais cuidadosamente adaptados para ressoar com os p\u00fablicos locais, mantendo ao mesmo tempo uma coer\u00eancia global da marca.\t\t\t\t\t\t\t\t<\/div>\n\t\t\t\t<\/div>\n\t\t\t\t<\/div>\n\t\t<div class=\"elementor-element elementor-element-d14eaa0 e-con-full our_achievements_case e-flex e-con e-child\" data-id=\"d14eaa0\" data-element_type=\"container\" data-settings=\"{&quot;background_background&quot;:&quot;classic&quot;}\">\n\t\t<div class=\"elementor-element elementor-element-fe7009c e-con-full e-flex e-con e-child\" data-id=\"fe7009c\" data-element_type=\"container\">\n\t\t<div class=\"elementor-element elementor-element-bba844c e-con-full e-flex e-con e-child\" data-id=\"bba844c\" data-element_type=\"container\" data-settings=\"{&quot;background_background&quot;:&quot;video&quot;,&quot;background_play_on_mobile&quot;:&quot;yes&quot;}\">\n\t\t\t\t<div class=\"elementor-element elementor-element-c15dfd7 elementor-widget elementor-widget-image\" data-id=\"c15dfd7\" data-element_type=\"widget\" data-widget_type=\"image.default\">\n\t\t\t\t<div class=\"elementor-widget-container\">\n\t\t\t\t\t\t\t\t\t\t\t\t\t\t\t<img fetchpriority=\"high\" decoding=\"async\" width=\"591\" height=\"591\" src=\"https:\/\/datawords.com\/wp-content\/uploads\/2025\/07\/Frame-951-2.png\" class=\"attachment-full size-full wp-image-184931\" alt=\"\" srcset=\"https:\/\/datawords.com\/wp-content\/uploads\/2025\/07\/Frame-951-2.png 591w, https:\/\/datawords.com\/wp-content\/uploads\/2025\/07\/Frame-951-2-300x300.png 300w, https:\/\/datawords.com\/wp-content\/uploads\/2025\/07\/Frame-951-2-150x150.png 150w\" sizes=\"(max-width: 591px) 100vw, 591px\" \/>\t\t\t\t\t\t\t\t\t\t\t\t\t\t\t<\/div>\n\t\t\t\t<\/div>\n\t\t\t\t<\/div>\n\t\t\t\t<\/div>\n\t\t<div class=\"elementor-element elementor-element-a90947f cases-slider e-con-full e-flex e-con e-child\" data-id=\"a90947f\" data-element_type=\"container\">\n\t\t<div class=\"elementor-element elementor-element-2fc93c5 e-con-full e-flex e-con e-child\" data-id=\"2fc93c5\" data-element_type=\"container\">\n\t\t<div class=\"elementor-element elementor-element-26b0734 e-con-full e-flex e-con e-child\" data-id=\"26b0734\" data-element_type=\"container\" data-settings=\"{&quot;background_background&quot;:&quot;classic&quot;}\">\n\t\t\t\t<div class=\"elementor-element elementor-element-21bf425 elementor-widget elementor-widget-image\" data-id=\"21bf425\" data-element_type=\"widget\" data-widget_type=\"image.default\">\n\t\t\t\t<div class=\"elementor-widget-container\">\n\t\t\t\t\t\t\t\t\t\t\t\t\t\t\t<img decoding=\"async\" width=\"283\" height=\"284\" src=\"https:\/\/datawords.com\/wp-content\/uploads\/2024\/12\/Frame-936-3.png\" class=\"attachment-full size-full wp-image-180725\" alt=\"\" srcset=\"https:\/\/datawords.com\/wp-content\/uploads\/2024\/12\/Frame-936-3.png 283w, https:\/\/datawords.com\/wp-content\/uploads\/2024\/12\/Frame-936-3-150x150.png 150w\" sizes=\"(max-width: 283px) 100vw, 283px\" \/>\t\t\t\t\t\t\t\t\t\t\t\t\t\t\t<\/div>\n\t\t\t\t<\/div>\n\t\t\t\t<\/div>\n\t\t<div class=\"elementor-element elementor-element-80947f0 e-con-full elementor-hidden-mobile e-flex e-con e-child\" data-id=\"80947f0\" data-element_type=\"container\">\n\t\t\t\t<div class=\"elementor-element elementor-element-f3051ca elementor-widget elementor-widget-image\" data-id=\"f3051ca\" data-element_type=\"widget\" data-widget_type=\"image.default\">\n\t\t\t\t<div class=\"elementor-widget-container\">\n\t\t\t\t\t\t\t\t\t\t\t\t\t\t\t<img decoding=\"async\" width=\"282\" height=\"284\" src=\"https:\/\/datawords.com\/wp-content\/uploads\/2025\/07\/Rectangle-128-1.jpg\" class=\"attachment-full size-full wp-image-193689\" alt=\"\" srcset=\"https:\/\/datawords.com\/wp-content\/uploads\/2025\/07\/Rectangle-128-1.jpg 282w, https:\/\/datawords.com\/wp-content\/uploads\/2025\/07\/Rectangle-128-1-150x150.jpg 150w\" sizes=\"(max-width: 282px) 100vw, 282px\" \/>\t\t\t\t\t\t\t\t\t\t\t\t\t\t\t<\/div>\n\t\t\t\t<\/div>\n\t\t\t\t<\/div>\n\t\t\t\t<\/div>\n\t\t<div class=\"elementor-element elementor-element-19f912d e-con-full swiper-slider e-flex e-con e-child\" data-id=\"19f912d\" data-element_type=\"container\" data-settings=\"{&quot;background_background&quot;:&quot;classic&quot;}\">\n\t\t\t\t<div class=\"elementor-element elementor-element-c0278a8 elementor-vertical-align-top elementor-widget elementor-widget-image-box\" data-id=\"c0278a8\" data-element_type=\"widget\" data-widget_type=\"image-box.default\">\n\t\t\t\t<div class=\"elementor-widget-container\">\n\t\t\t\t\t<div class=\"elementor-image-box-wrapper\"><div class=\"elementor-image-box-content\"><h3 class=\"elementor-image-box-title\">caso do cliente<\/h3><p class=\"elementor-image-box-description\">Desenvolver uma estrat\u00e9gia criativa considerando as sensibilidades de diferentes mercados<\/p><\/div><\/div>\t\t\t\t<\/div>\n\t\t\t\t<\/div>\n\t\t\t\t<div class=\"elementor-element elementor-element-df80422 elementor-align-left elementor-widget__width-inherit elementor-widget elementor-widget-button\" data-id=\"df80422\" data-element_type=\"widget\" data-widget_type=\"button.default\">\n\t\t\t\t<div class=\"elementor-widget-container\">\n\t\t\t\t\t\t\t\t\t<div class=\"elementor-button-wrapper\">\n\t\t\t\t\t<a class=\"elementor-button elementor-button-link elementor-size-sm\" href=\"https:\/\/datawords.com\/pt-br\/vichy\/\">\n\t\t\t\t\t\t<span class=\"elementor-button-content-wrapper\">\n\t\t\t\t\t\t<span class=\"elementor-button-icon\">\n\t\t\t\t<i aria-hidden=\"true\" class=\"icon icon-arrow-right\"><\/i>\t\t\t<\/span>\n\t\t\t\t\t\t\t\t\t<span class=\"elementor-button-text\">Ler mais<\/span>\n\t\t\t\t\t<\/span>\n\t\t\t\t\t<\/a>\n\t\t\t\t<\/div>\n\t\t\t\t\t\t\t\t<\/div>\n\t\t\t\t<\/div>\n\t\t\t\t<\/div>\n\t\t\t\t<\/div>\n\t\t\t\t<\/div>\n\t\t\t\t<div class=\"elementor-element elementor-element-cf29302 elementor-align-right btnall elementor-mobile-align-center elementor-widget elementor-widget-button\" data-id=\"cf29302\" data-element_type=\"widget\" data-widget_type=\"button.default\">\n\t\t\t\t<div class=\"elementor-widget-container\">\n\t\t\t\t\t\t\t\t\t<div class=\"elementor-button-wrapper\">\n\t\t\t\t\t<a class=\"elementor-button elementor-button-link elementor-size-sm\" href=\"https:\/\/datawords.com\/pt-br\/notre-actualite\/#cas\">\n\t\t\t\t\t\t<span class=\"elementor-button-content-wrapper\">\n\t\t\t\t\t\t<span class=\"elementor-button-icon\">\n\t\t\t\t<i aria-hidden=\"true\" class=\"icon icon-arrow-right\"><\/i>\t\t\t<\/span>\n\t\t\t\t\t\t\t\t\t<span class=\"elementor-button-text\">Ver tudo<\/span>\n\t\t\t\t\t<\/span>\n\t\t\t\t\t<\/a>\n\t\t\t\t<\/div>\n\t\t\t\t\t\t\t\t<\/div>\n\t\t\t\t<\/div>\n\t\t\t\t\t<\/div>\n\t\t\t\t<\/div>\n\t\t<div class=\"elementor-element elementor-element-4af0788 e-flex e-con-boxed e-con e-parent\" data-id=\"4af0788\" data-element_type=\"container\" data-settings=\"{&quot;background_background&quot;:&quot;classic&quot;}\">\n\t\t\t\t\t<div class=\"e-con-inner\">\n\t\t<div class=\"elementor-element elementor-element-d331a55 e-con-full e-flex e-con e-child\" data-id=\"d331a55\" data-element_type=\"container\">\n\t\t\t\t<div class=\"elementor-element elementor-element-1e05d70 textchange elementor-widget__width-initial elementor-widget-mobile__width-inherit elementor-widget elementor-widget-text-editor\" data-id=\"1e05d70\" data-element_type=\"widget\" data-widget_type=\"text-editor.default\">\n\t\t\t\t<div class=\"elementor-widget-container\">\n\t\t\t\t\t\t\t\t\t<h2><strong>Passe para a comunica\u00e7\u00e3o<\/strong><br>\nGlobal<\/h2>\t\t\t\t\t\t\t\t<\/div>\n\t\t\t\t<\/div>\n\t\t\t\t<\/div>\n\t\t<div class=\"elementor-element elementor-element-91a0ebd e-con-full e-flex e-con e-child\" data-id=\"91a0ebd\" data-element_type=\"container\" data-settings=\"{&quot;background_background&quot;:&quot;video&quot;}\">\n\t\t\t\t<div class=\"elementor-element elementor-element-e30410a elementor-vertical-align-top elementor-widget elementor-widget-image-box\" data-id=\"e30410a\" data-element_type=\"widget\" data-widget_type=\"image-box.default\">\n\t\t\t\t<div class=\"elementor-widget-container\">\n\t\t\t\t\t<div class=\"elementor-image-box-wrapper\"><div class=\"elementor-image-box-content\"><h3 class=\"elementor-image-box-title\">Crie campanhas de comunica\u00e7\u00e3o multiculturais eficazes.<\/h3><\/div><\/div>\t\t\t\t<\/div>\n\t\t\t\t<\/div>\n\t\t\t\t<div class=\"elementor-element elementor-element-098b592 elementor-align-left multiculturelle elementor-icon-list--layout-traditional elementor-list-item-link-full_width elementor-widget elementor-widget-icon-list\" data-id=\"098b592\" data-element_type=\"widget\" data-widget_type=\"icon-list.default\">\n\t\t\t\t<div class=\"elementor-widget-container\">\n\t\t\t\t\t\t\t<ul class=\"elementor-icon-list-items\">\n\t\t\t\t\t\t\t<li class=\"elementor-icon-list-item\">\n\t\t\t\t\t\t\t\t\t\t\t<span class=\"elementor-icon-list-icon\">\n\t\t\t\t\t\t\t<i aria-hidden=\"true\" class=\"fas fa-circle\"><\/i>\t\t\t\t\t\t<\/span>\n\t\t\t\t\t\t\t\t\t\t<span class=\"elementor-icon-list-text\">Compreens\u00e3o detalhada das sensibilidades locais<\/span>\n\t\t\t\t\t\t\t\t\t<\/li>\n\t\t\t\t\t\t\t\t<li class=\"elementor-icon-list-item\">\n\t\t\t\t\t\t\t\t\t\t\t<span class=\"elementor-icon-list-icon\">\n\t\t\t\t\t\t\t<i aria-hidden=\"true\" class=\"fas fa-circle\"><\/i>\t\t\t\t\t\t<\/span>\n\t\t\t\t\t\t\t\t\t\t<span class=\"elementor-icon-list-text\">Estrat\u00e9gia criativa robusta<\/span>\n\t\t\t\t\t\t\t\t\t<\/li>\n\t\t\t\t\t\t\t\t<li class=\"elementor-icon-list-item\">\n\t\t\t\t\t\t\t\t\t\t\t<span class=\"elementor-icon-list-icon\">\n\t\t\t\t\t\t\t<i aria-hidden=\"true\" class=\"fas fa-circle\"><\/i>\t\t\t\t\t\t<\/span>\n\t\t\t\t\t\t\t\t\t\t<span class=\"elementor-icon-list-text\">Colabora\u00e7\u00e3o estreita com as equipes locais<\/span>\n\t\t\t\t\t\t\t\t\t<\/li>\n\t\t\t\t\t\t<\/ul>\n\t\t\t\t\t\t<\/div>\n\t\t\t\t<\/div>\n\t\t\t\t<div class=\"elementor-element elementor-element-88b9c44 elementor-widget-mobile__width-inherit elementor-widget elementor-widget-text-editor\" data-id=\"88b9c44\" data-element_type=\"widget\" data-widget_type=\"text-editor.default\">\n\t\t\t\t<div class=\"elementor-widget-container\">\n\t\t\t\t\t\t\t\t\tNa Datawords, combinamos esses elementos para oferecer aos nossos clientes campanhas que realmente atingem cada audi\u00eancia. Ao colocar a especificidade cultural no centro do nosso processo criativo, ajudamos as marcas a se conectarem profundamente com seus p\u00fablicos, onde quer que estejam no mundo.\t\t\t\t\t\t\t\t<\/div>\n\t\t\t\t<\/div>\n\t\t\t\t<\/div>\n\t\t\t\t\t<\/div>\n\t\t\t\t<\/div>\n\t\t\t\t<\/div>\n\t\t","protected":false},"excerpt":{"rendered":"<p>Cria\u00e7\u00e3o de campanha Global Criar campanhas de comunica\u00e7\u00e3o eficazes e relevantes localmente \u00e9 um grande desafio, refor\u00e7ado por um mundo globalizado e marcado pela hiperpersonaliza\u00e7\u00e3o e suas especificidades regionais. Nossa EXPERTISE Nossa EXPERTISE Elaboramos campanhas multiculturais que realmente ressoam com os p\u00fablicos locais. Nossa abordagem baseia-se em uma compreens\u00e3o profunda das culturas e na cria\u00e7\u00e3o [&hellip;]<\/p>\n","protected":false},"author":1,"featured_media":30698,"parent":0,"menu_order":0,"comment_status":"closed","ping_status":"closed","template":"","meta":{"_acf_changed":false,"content-type":"","footnotes":""},"class_list":["post-287645","page","type-page","status-publish","has-post-thumbnail","hentry"],"acf":[],"_links":{"self":[{"href":"https:\/\/datawords.com\/pt-br\/wp-json\/wp\/v2\/pages\/287645","targetHints":{"allow":["GET"]}}],"collection":[{"href":"https:\/\/datawords.com\/pt-br\/wp-json\/wp\/v2\/pages"}],"about":[{"href":"https:\/\/datawords.com\/pt-br\/wp-json\/wp\/v2\/types\/page"}],"author":[{"embeddable":true,"href":"https:\/\/datawords.com\/pt-br\/wp-json\/wp\/v2\/users\/1"}],"replies":[{"embeddable":true,"href":"https:\/\/datawords.com\/pt-br\/wp-json\/wp\/v2\/comments?post=287645"}],"version-history":[{"count":3,"href":"https:\/\/datawords.com\/pt-br\/wp-json\/wp\/v2\/pages\/287645\/revisions"}],"predecessor-version":[{"id":313594,"href":"https:\/\/datawords.com\/pt-br\/wp-json\/wp\/v2\/pages\/287645\/revisions\/313594"}],"wp:featuredmedia":[{"embeddable":true,"href":"https:\/\/datawords.com\/pt-br\/wp-json\/wp\/v2\/media\/30698"}],"wp:attachment":[{"href":"https:\/\/datawords.com\/pt-br\/wp-json\/wp\/v2\/media?parent=287645"}],"curies":[{"name":"wp","href":"https:\/\/api.w.org\/{rel}","templated":true}]}}