{"id":287650,"date":"2025-07-09T13:32:11","date_gmt":"2025-07-09T11:32:11","guid":{"rendered":"https:\/\/datawords.com\/chat-bot\/"},"modified":"2025-12-02T15:18:37","modified_gmt":"2025-12-02T14:18:37","slug":"chat-bot","status":"publish","type":"page","link":"https:\/\/datawords.com\/nl\/chat-bot\/","title":{"rendered":"Chat Bot"},"content":{"rendered":"\t\t<div data-elementor-type=\"wp-page\" data-elementor-id=\"287650\" class=\"elementor elementor-287650 elementor-185052\" data-elementor-post-type=\"page\">\n\t\t\t\t<div class=\"elementor-element elementor-element-2b1b811 e-flex e-con-boxed e-con e-parent\" data-id=\"2b1b811\" data-element_type=\"container\" data-settings=\"{&quot;background_background&quot;:&quot;classic&quot;}\">\n\t\t\t\t\t<div class=\"e-con-inner\">\n\t\t<div class=\"elementor-element elementor-element-211a8b1 e-con-full e-flex e-con e-child\" data-id=\"211a8b1\" data-element_type=\"container\">\n\t\t\t\t<div class=\"elementor-element elementor-element-596868a textchange elementor-widget__width-initial elementor-widget-mobile__width-inherit elementor-hidden-mobile elementor-widget elementor-widget-text-editor\" data-id=\"596868a\" data-element_type=\"widget\" data-widget_type=\"text-editor.default\">\n\t\t\t\t<div class=\"elementor-widget-container\">\n\t\t\t\t\t\t\t\t\t<h1>conversatiegedreven <br><strong>business<\/strong><\/h1>\t\t\t\t\t\t\t\t<\/div>\n\t\t\t\t<\/div>\n\t\t\t\t<div class=\"elementor-element elementor-element-2945dd2 textchange elementor-widget__width-initial elementor-widget-mobile__width-inherit elementor-hidden-desktop elementor-hidden-tablet elementor-widget elementor-widget-text-editor\" data-id=\"2945dd2\" data-element_type=\"widget\" data-widget_type=\"text-editor.default\">\n\t\t\t\t<div class=\"elementor-widget-container\">\n\t\t\t\t\t\t\t\t\t<h1>conversatiegedreven <strong>business<\/strong><\/h1>\t\t\t\t\t\t\t\t<\/div>\n\t\t\t\t<\/div>\n\t\t\t\t<\/div>\n\t\t\t\t\t<\/div>\n\t\t\t\t<\/div>\n\t\t<div class=\"elementor-element elementor-element-8ff7248 pourquoi-datawords e-flex e-con-boxed e-con e-parent\" data-id=\"8ff7248\" data-element_type=\"container\" data-settings=\"{&quot;background_background&quot;:&quot;classic&quot;}\">\n\t\t\t\t\t<div class=\"e-con-inner\">\n\t\t<div class=\"elementor-element elementor-element-ea60af2 e-con-full e-flex e-con e-child\" data-id=\"ea60af2\" data-element_type=\"container\">\n\t\t\t\t<div class=\"elementor-element elementor-element-486e42e elementor-widget-mobile__width-inherit elementor-widget elementor-widget-text-editor\" data-id=\"486e42e\" data-element_type=\"widget\" data-widget_type=\"text-editor.default\">\n\t\t\t\t<div class=\"elementor-widget-container\">\n\t\t\t\t\t\t\t\t\tIn een veranderend digitaal landschap waar bedrijven steeds meer nadruk leggen op klantinteractie, is conversational commerce een onmisbare strategie geworden om de communicatie met je klant persoonlijk en aantrekkelijk te maken: denk aan de live chatassistent op e-commerce sites, \u00e9\u00e9n-op-\u00e9\u00e9n klantenservice op messaging-apps, de automatisering van marketing- en CRM-trajecten via chatbots.\t\t\t\t\t\t\t\t<\/div>\n\t\t\t\t<\/div>\n\t\t\t\t<div class=\"elementor-element elementor-element-736dfe9 textchange elementor-widget__width-initial elementor-widget-mobile__width-inherit elementor-hidden-desktop elementor-hidden-tablet elementor-widget elementor-widget-text-editor\" data-id=\"736dfe9\" data-element_type=\"widget\" data-widget_type=\"text-editor.default\">\n\t\t\t\t<div class=\"elementor-widget-container\">\n\t\t\t\t\t\t\t\t\t<h2><strong>onze<br><\/strong>\nEXPERTISE<\/h2>\t\t\t\t\t\t\t\t<\/div>\n\t\t\t\t<\/div>\n\t\t\t\t<div class=\"elementor-element elementor-element-afba9d8 textchange elementor-widget__width-initial elementor-widget-mobile__width-inherit elementor-hidden-mobile elementor-widget elementor-widget-text-editor\" data-id=\"afba9d8\" data-element_type=\"widget\" data-widget_type=\"text-editor.default\">\n\t\t\t\t<div class=\"elementor-widget-container\">\n\t\t\t\t\t\t\t\t\t<h2><strong>Onze<\/strong> EXPERTISE<\/h2>\t\t\t\t\t\t\t\t<\/div>\n\t\t\t\t<\/div>\n\t\t\t\t<div class=\"elementor-element elementor-element-d5bb76e elementor-widget-mobile__width-inherit elementor-widget elementor-widget-text-editor\" data-id=\"d5bb76e\" data-element_type=\"widget\" data-widget_type=\"text-editor.default\">\n\t\t\t\t<div class=\"elementor-widget-container\">\n\t\t\t\t\t\t\t\t\tDoor gebruik te maken van technologie\u00ebn zoals natuurlijke taalverwerking, spraakherkenning en generatieve kunstmatige intelligentie (GenAI), ontsluiten we het potentieel van conversational commerce om de aanwezigheid van merken te versterken en de verkoop via instant messaging-platforms te verhogen.\n\n\t\t\t\t\t\t\t\t<\/div>\n\t\t\t\t<\/div>\n\t\t\t\t<\/div>\n\t\t<div class=\"elementor-element elementor-element-74e61a3 notre-expertise e-con-full e-flex e-con e-child\" data-id=\"74e61a3\" data-element_type=\"container\" data-settings=\"{&quot;background_background&quot;:&quot;classic&quot;}\">\n\t\t<div class=\"elementor-element elementor-element-2f1a5e5 e-con-full notre-kredo e-flex e-con e-child\" data-id=\"2f1a5e5\" data-element_type=\"container\" data-settings=\"{&quot;background_background&quot;:&quot;classic&quot;}\">\n\t\t<div class=\"elementor-element elementor-element-0b9a854 e-con-full shape-content-right e-flex e-con e-child\" data-id=\"0b9a854\" data-element_type=\"container\" data-settings=\"{&quot;background_background&quot;:&quot;classic&quot;}\">\n\t\t\t\t<div class=\"elementor-element elementor-element-2a6ce01 elementor-widget elementor-widget-image-box\" data-id=\"2a6ce01\" data-element_type=\"widget\" data-widget_type=\"image-box.default\">\n\t\t\t\t<div class=\"elementor-widget-container\">\n\t\t\t\t\t<div class=\"elementor-image-box-wrapper\"><div class=\"elementor-image-box-content\"><h3 class=\"elementor-image-box-title\">Flexibele omnichannel-oplossingen<\/h3><p class=\"elementor-image-box-description\">Met Whatsquare, onze dochteronderneming die gespecialiseerd is in conversational commerce en in Azi\u00eb marktleider is op het gebied van chatbots, kunnen we meertalige oplossingen bieden die interactie met je klanten stimuleren op alle relevante berichtenplatforms, waaronder WhatsApp, Facebook Messenger, LINE, KaKao Talk, WeChat, iMessage, SMS, enz.<br><br>\nNaast uitgebreide kant-en-klare functies is de omnichannel-oplossing volledig aanpasbaar met ge\u00efntegreerde systemen zoals CRM, eCommerce POS en AR, voor een geavanceerde, premium klantenervaring voor elk merk.<\/p><\/div><\/div>\t\t\t\t<\/div>\n\t\t\t\t<\/div>\n\t\t\t\t<\/div>\n\t\t<div class=\"elementor-element elementor-element-5440c8e e-con-full shape-content-right e-flex e-con e-child\" data-id=\"5440c8e\" data-element_type=\"container\" data-settings=\"{&quot;background_background&quot;:&quot;classic&quot;}\">\n\t\t\t\t<div class=\"elementor-element elementor-element-b88a678 elementor-widget elementor-widget-image-box\" data-id=\"b88a678\" data-element_type=\"widget\" data-widget_type=\"image-box.default\">\n\t\t\t\t<div class=\"elementor-widget-container\">\n\t\t\t\t\t<div class=\"elementor-image-box-wrapper\"><div class=\"elementor-image-box-content\"><h3 class=\"elementor-image-box-title\">Slimme en gepersonaliseerde chatbots<\/h3><p class=\"elementor-image-box-description\">Chatbots zijn onmisbare hulpmiddelen geworden bij het optimaliseren van de gebruikerservaring op messaging-apps. Dankzij kunstmatige intelligentie en geavanceerde personalisatie-algoritmen kunnen onze chatbots:\n\nSnel en relevant antwoorden op vragen van gebruikers;\nProducten en diensten aanbevelen die op de behoeften van de klant zijn afgestemd;\nKlanten door het aankoopproces begeleiden;\nInformatie verzamelen over klantvoorkeuren; en\nTransacties initi\u00ebren.<\/p><\/div><\/div>\t\t\t\t<\/div>\n\t\t\t\t<\/div>\n\t\t\t\t<\/div>\n\t\t<div class=\"elementor-element elementor-element-0be65e1 e-con-full shape-content-right e-flex e-con e-child\" data-id=\"0be65e1\" data-element_type=\"container\" data-settings=\"{&quot;background_background&quot;:&quot;classic&quot;}\">\n\t\t\t\t<div class=\"elementor-element elementor-element-e8ce321 elementor-widget elementor-widget-image-box\" data-id=\"e8ce321\" data-element_type=\"widget\" data-widget_type=\"image-box.default\">\n\t\t\t\t<div class=\"elementor-widget-container\">\n\t\t\t\t\t<div class=\"elementor-image-box-wrapper\"><div class=\"elementor-image-box-content\"><h3 class=\"elementor-image-box-title\">Een uitgebreide, gebruikersgerichte aanpak<\/h3><p class=\"elementor-image-box-description\">Bij onze benadering van conversational commerce staat de gebruiker centraal. Door de behoeften, voorkeuren en gewoonten van consumenten te begrijpen, kunnen wij gebruikerservaringen cre\u00ebren die de band tussen je merk en je klant versterken. We verzorgen het hele traject, van de eerste kennismaking met het merk tot een groeiende betrokkenheid, conversieratio en herhaalde aankopen. Of het nu gaat om het bieden van effici\u00ebnte klantenservice, het geven van gepersonaliseerde aanbevelingen of het brengen van een overtuigend verhaal: onze conversational commerce-oplossingen zijn ontworpen om waarde toe te voegen aan elke interactie.\n\n<\/p><\/div><\/div>\t\t\t\t<\/div>\n\t\t\t\t<\/div>\n\t\t\t\t<\/div>\n\t\t<div class=\"elementor-element elementor-element-c3ef213 e-con-full shape-content-right e-flex e-con e-child\" data-id=\"c3ef213\" data-element_type=\"container\" data-settings=\"{&quot;background_background&quot;:&quot;classic&quot;}\">\n\t\t\t\t<div class=\"elementor-element elementor-element-e9facac elementor-widget elementor-widget-image-box\" data-id=\"e9facac\" data-element_type=\"widget\" data-widget_type=\"image-box.default\">\n\t\t\t\t<div class=\"elementor-widget-container\">\n\t\t\t\t\t<div class=\"elementor-image-box-wrapper\"><div class=\"elementor-image-box-content\"><h3 class=\"elementor-image-box-title\">Vloeiende gesprekken aangestuurd door AI<\/h3><p class=\"elementor-image-box-description\">Onze unieke oplossingen evolueren mee met de behoeften van je bedrijf en klanten. Dankzij diepgaande gegevensanalyse en realtime inzichten kunnen wij de prestaties van je chatbots voortdurend optimaliseren en onze strategie aanpassen aan de hand van markttrends en de feedback van gebruikers.<\/p><\/div><\/div>\t\t\t\t<\/div>\n\t\t\t\t<\/div>\n\t\t\t\t<\/div>\n\t\t\t\t<\/div>\n\t\t\t\t<\/div>\n\t\t\t\t\t<\/div>\n\t\t\t\t<\/div>\n\t\t<div class=\"elementor-element elementor-element-4af0788 e-flex e-con-boxed e-con e-parent\" data-id=\"4af0788\" data-element_type=\"container\" data-settings=\"{&quot;background_background&quot;:&quot;classic&quot;}\">\n\t\t\t\t\t<div class=\"e-con-inner\">\n\t\t<div class=\"elementor-element elementor-element-d331a55 e-con-full e-flex e-con e-child\" data-id=\"d331a55\" data-element_type=\"container\">\n\t\t\t\t<div class=\"elementor-element elementor-element-1e05d70 textchange elementor-widget__width-initial elementor-widget-mobile__width-inherit elementor-widget elementor-widget-text-editor\" data-id=\"1e05d70\" data-element_type=\"widget\" data-widget_type=\"text-editor.default\">\n\t\t\t\t<div class=\"elementor-widget-container\">\n\t\t\t\t\t\t\t\t\t<h2>Waarom conversational <br><strong>commerce?<\/strong><\/h2>\t\t\t\t\t\t\t\t<\/div>\n\t\t\t\t<\/div>\n\t\t\t\t<\/div>\n\t\t<div class=\"elementor-element elementor-element-91a0ebd e-con-full e-flex e-con e-child\" data-id=\"91a0ebd\" data-element_type=\"container\" data-settings=\"{&quot;background_background&quot;:&quot;video&quot;}\">\n\t\t\t\t<div class=\"elementor-element elementor-element-e30410a elementor-vertical-align-top elementor-widget elementor-widget-image-box\" data-id=\"e30410a\" data-element_type=\"widget\" data-widget_type=\"image-box.default\">\n\t\t\t\t<div class=\"elementor-widget-container\">\n\t\t\t\t\t<div class=\"elementor-image-box-wrapper\"><div class=\"elementor-image-box-content\"><h3 class=\"elementor-image-box-title\">Wij orkestreren gerichte socialemediacampagnes om betrokkenheid en waarde te cre\u00ebren met:<\/h3><\/div><\/div>\t\t\t\t<\/div>\n\t\t\t\t<\/div>\n\t\t\t\t<div class=\"elementor-element elementor-element-098b592 elementor-align-left multiculturelle elementor-icon-list--layout-traditional elementor-list-item-link-full_width elementor-widget elementor-widget-icon-list\" data-id=\"098b592\" data-element_type=\"widget\" data-widget_type=\"icon-list.default\">\n\t\t\t\t<div class=\"elementor-widget-container\">\n\t\t\t\t\t\t\t<ul class=\"elementor-icon-list-items\">\n\t\t\t\t\t\t\t<li class=\"elementor-icon-list-item\">\n\t\t\t\t\t\t\t\t\t\t\t<span class=\"elementor-icon-list-icon\">\n\t\t\t\t\t\t\t<i aria-hidden=\"true\" class=\"fas fa-circle\"><\/i>\t\t\t\t\t\t<\/span>\n\t\t\t\t\t\t\t\t\t\t<span class=\"elementor-icon-list-text\">Klantloyaliteit: gepersonaliseerde interacties verbeteren de klantenbinding. Elke uitwisseling maakt deel uit van een voortdurende dialoog tussen de klant en het merk, waardoor de klantervaring wordt verbeterd en de betrokkenheid wordt gestimuleerd.<\/span>\n\t\t\t\t\t\t\t\t\t<\/li>\n\t\t\t\t\t\t\t\t<li class=\"elementor-icon-list-item\">\n\t\t\t\t\t\t\t\t\t\t\t<span class=\"elementor-icon-list-icon\">\n\t\t\t\t\t\t\t<i aria-hidden=\"true\" class=\"fas fa-circle\"><\/i>\t\t\t\t\t\t<\/span>\n\t\t\t\t\t\t\t\t\t\t<span class=\"elementor-icon-list-text\">Verkoopstimulansen: door op het juiste moment interesse te wekken, stimuleren online conversatietools de verkoop, met name door relevante productaanbevelingen en gerichte promoties aan te bieden via chatbots of widgets.<\/span>\n\t\t\t\t\t\t\t\t\t<\/li>\n\t\t\t\t\t\t\t\t<li class=\"elementor-icon-list-item\">\n\t\t\t\t\t\t\t\t\t\t\t<span class=\"elementor-icon-list-icon\">\n\t\t\t\t\t\t\t<i aria-hidden=\"true\" class=\"fas fa-circle\"><\/i>\t\t\t\t\t\t<\/span>\n\t\t\t\t\t\t\t\t\t\t<span class=\"elementor-icon-list-text\">Conversational data van klanten: gesprekken met klanten zijn een geweldige bron van informatie. Ze zijn een voortdurende input voor het optimaliseren van onze lingu\u00efstische modellen en bieden inzicht in consumentenvoorkeuren. Als deze gegevens veilig worden gebruikt, maken ze gepersonaliseerde klantervaringen mogelijk en verhogen ze de klantenbinding.<\/span>\n\t\t\t\t\t\t\t\t\t<\/li>\n\t\t\t\t\t\t\t\t<li class=\"elementor-icon-list-item\">\n\t\t\t\t\t\t\t\t\t\t\t<span class=\"elementor-icon-list-icon\">\n\t\t\t\t\t\t\t<i aria-hidden=\"true\" class=\"fas fa-circle\"><\/i>\t\t\t\t\t\t<\/span>\n\t\t\t\t\t\t\t\t\t\t<span class=\"elementor-icon-list-text\">Leadkwalificatie: automatisering helpt om leads te kwalificeren en gesprekken naar de juiste mensen te leiden. Ingebedde formulieren verzamelen informatie om ervoor te zorgen dat interacties relevant en effectief zijn.<\/span>\n\t\t\t\t\t\t\t\t\t<\/li>\n\t\t\t\t\t\t\t\t<li class=\"elementor-icon-list-item\">\n\t\t\t\t\t\t\t\t\t\t\t<span class=\"elementor-icon-list-icon\">\n\t\t\t\t\t\t\t<i aria-hidden=\"true\" class=\"fas fa-circle\"><\/i>\t\t\t\t\t\t<\/span>\n\t\t\t\t\t\t\t\t\t\t<span class=\"elementor-icon-list-text\">Minder vroegtijdig afgebroken aankoopprocessen: conversational commerce zorgt voor minder vroegtijdig afgebroken aankoopprocessen door directe ondersteuning te bieden aan de klant en de betrokkenheid tijdens het hele aankoopproces te behouden. De messaging-toepassingen op e-commerce websites kunnen proactief berichten versturen om het afronden van aankopen te stimuleren.<\/span>\n\t\t\t\t\t\t\t\t\t<\/li>\n\t\t\t\t\t\t<\/ul>\n\t\t\t\t\t\t<\/div>\n\t\t\t\t<\/div>\n\t\t\t\t<div class=\"elementor-element elementor-element-88b9c44 elementor-widget-mobile__width-inherit elementor-widget elementor-widget-text-editor\" data-id=\"88b9c44\" data-element_type=\"widget\" data-widget_type=\"text-editor.default\">\n\t\t\t\t<div class=\"elementor-widget-container\">\n\t\t\t\t\t\t\t\t\tOf je nu je klantenservice wilt verbeteren, je verkoop wilt verhogen of je klantenbinding wilt versterken, Datawords biedt je de hulpmiddelen en bronnen die je nodig hebt om je doelen te bereiken. Neem vandaag nog contact met ons op om te ontdekken hoe wij je kunnen helpen je klantinteracties om te zetten in groeikansen.\n\n\t\t\t\t\t\t\t\t<\/div>\n\t\t\t\t<\/div>\n\t\t\t\t<\/div>\n\t\t\t\t\t<\/div>\n\t\t\t\t<\/div>\n\t\t\t\t<\/div>\n\t\t","protected":false},"excerpt":{"rendered":"<p>conversatiegedreven business conversatiegedreven business In een veranderend digitaal landschap waar bedrijven steeds meer nadruk leggen op klantinteractie, is conversational commerce een onmisbare strategie geworden om de communicatie met je klant persoonlijk en aantrekkelijk te maken: denk aan de live chatassistent op e-commerce sites, \u00e9\u00e9n-op-\u00e9\u00e9n klantenservice op messaging-apps, de automatisering van marketing- en CRM-trajecten via chatbots. [&hellip;]<\/p>\n","protected":false},"author":1,"featured_media":31207,"parent":0,"menu_order":0,"comment_status":"closed","ping_status":"closed","template":"","meta":{"_acf_changed":false,"content-type":"","footnotes":""},"class_list":["post-287650","page","type-page","status-publish","has-post-thumbnail","hentry"],"acf":[],"_links":{"self":[{"href":"https:\/\/datawords.com\/nl\/wp-json\/wp\/v2\/pages\/287650","targetHints":{"allow":["GET"]}}],"collection":[{"href":"https:\/\/datawords.com\/nl\/wp-json\/wp\/v2\/pages"}],"about":[{"href":"https:\/\/datawords.com\/nl\/wp-json\/wp\/v2\/types\/page"}],"author":[{"embeddable":true,"href":"https:\/\/datawords.com\/nl\/wp-json\/wp\/v2\/users\/1"}],"replies":[{"embeddable":true,"href":"https:\/\/datawords.com\/nl\/wp-json\/wp\/v2\/comments?post=287650"}],"version-history":[{"count":0,"href":"https:\/\/datawords.com\/nl\/wp-json\/wp\/v2\/pages\/287650\/revisions"}],"wp:featuredmedia":[{"embeddable":true,"href":"https:\/\/datawords.com\/nl\/wp-json\/wp\/v2\/media\/31207"}],"wp:attachment":[{"href":"https:\/\/datawords.com\/nl\/wp-json\/wp\/v2\/media?parent=287650"}],"curies":[{"name":"wp","href":"https:\/\/api.w.org\/{rel}","templated":true}]}}