{"id":90300,"date":"2023-06-30T10:50:36","date_gmt":"2023-06-30T08:50:36","guid":{"rendered":"https:\/\/datawords.com\/multicultureel-adviesbureau-voor-digitale-transformatie\/"},"modified":"2025-11-21T15:00:51","modified_gmt":"2025-11-21T14:00:51","slug":"multicultureel-adviesbureau-voor-digitale-transformatie","status":"publish","type":"page","link":"https:\/\/datawords.com\/nl-be\/multicultureel-adviesbureau-voor-digitale-transformatie\/","title":{"rendered":"Multicultureel adviesbureau voor digitale transformatie"},"content":{"rendered":"\t\t<div data-elementor-type=\"wp-page\" data-elementor-id=\"90300\" class=\"elementor elementor-90300 elementor-6527\" data-elementor-post-type=\"page\">\n\t\t\t\t<div class=\"elementor-element elementor-element-a45e7ad e-flex e-con-boxed e-con e-parent\" data-id=\"a45e7ad\" data-element_type=\"container\" data-settings=\"{&quot;background_background&quot;:&quot;classic&quot;}\">\n\t\t\t\t\t<div class=\"e-con-inner\">\n\t\t<div class=\"elementor-element elementor-element-b9e878e e-con-full e-flex e-con e-child\" data-id=\"b9e878e\" data-element_type=\"container\">\n\t\t\t\t<div class=\"elementor-element elementor-element-7a2f9cc textchange elementor-widget__width-initial elementor-hidden-desktop elementor-hidden-tablet elementor-widget elementor-widget-text-editor\" data-id=\"7a2f9cc\" data-element_type=\"widget\" data-widget_type=\"text-editor.default\">\n\t\t\t\t<div class=\"elementor-widget-container\">\n\t\t\t\t\t\t\t\t\t<h1><strong>BENUT DE KRACHT<\/strong> VAN MULTICULTURALISME<\/h1>\t\t\t\t\t\t\t\t<\/div>\n\t\t\t\t<\/div>\n\t\t\t\t<div class=\"elementor-element elementor-element-9694a0a textchange elementor-widget__width-initial elementor-hidden-mobile elementor-widget elementor-widget-text-editor\" data-id=\"9694a0a\" data-element_type=\"widget\" data-widget_type=\"text-editor.default\">\n\t\t\t\t<div class=\"elementor-widget-container\">\n\t\t\t\t\t\t\t\t\t<h1><strong>BENUT DE KRACHT<\/strong><br> VAN MULTICULTURALISME<\/h1>\t\t\t\t\t\t\t\t<\/div>\n\t\t\t\t<\/div>\n\t\t\t\t<\/div>\n\t\t\t\t\t<\/div>\n\t\t\t\t<\/div>\n\t\t<div class=\"elementor-element elementor-element-2d3d6eb nos-valeurs e-flex e-con-boxed e-con e-parent\" data-id=\"2d3d6eb\" data-element_type=\"container\" data-settings=\"{&quot;background_background&quot;:&quot;gradient&quot;}\">\n\t\t\t\t\t<div class=\"e-con-inner\">\n\t\t<div class=\"elementor-element elementor-element-2d8df7c e-con-full e-flex e-con e-child\" data-id=\"2d8df7c\" data-element_type=\"container\">\n\t\t<div class=\"elementor-element elementor-element-dffca4d e-con-full e-flex e-con e-child\" data-id=\"dffca4d\" data-element_type=\"container\">\n\t\t\t\t<div class=\"elementor-element elementor-element-bb4892a elementor-widget elementor-widget-heading\" data-id=\"bb4892a\" data-element_type=\"widget\" data-widget_type=\"heading.default\">\n\t\t\t\t<div class=\"elementor-widget-container\">\n\t\t\t\t\t<p class=\"elementor-heading-title elementor-size-default\">Voortdurend content produceren op globaal niveau en deze aanpassen aan elke cultuur, een effici\u00ebnte organisatiestructuur vinden om content te beheren, digitale ecosystemen automatiseren voor betere prestaties: dit zijn slechts enkele van de uitdagingen die internationale merken moeten aangaan om met anderen te kunnen concurreren en te blijven groeien.\n\n<\/p>\t\t\t\t<\/div>\n\t\t\t\t<\/div>\n\t\t\t\t<div class=\"elementor-element elementor-element-fe57ad3 elementor-widget elementor-widget-heading\" data-id=\"fe57ad3\" data-element_type=\"widget\" data-widget_type=\"heading.default\">\n\t\t\t\t<div class=\"elementor-widget-container\">\n\t\t\t\t\t<p class=\"elementor-heading-title elementor-size-default\">Bij Datawords werken onze experts in multiculturele digitale transformatie nauw met u samen om oplossingen op maat te vinden voor uw globale \u00e9n lokale digitale uitdagingen. Van organisatie en processen tot automatisering en connectiviteit: wij helpen u de kracht van multiculturalisme te omarmen.\n\n<\/p>\t\t\t\t<\/div>\n\t\t\t\t<\/div>\n\t\t\t\t<\/div>\n\t\t\t\t<\/div>\n\t\t\t\t\t<\/div>\n\t\t\t\t<\/div>\n\t\t<div class=\"elementor-element elementor-element-80545b6 notre-kredos e-flex e-con-boxed e-con e-parent\" data-id=\"80545b6\" data-element_type=\"container\" data-settings=\"{&quot;background_background&quot;:&quot;classic&quot;}\">\n\t\t\t\t\t<div class=\"e-con-inner\">\n\t\t<div class=\"elementor-element elementor-element-3a0706e e-flex e-con-boxed e-con e-child\" data-id=\"3a0706e\" data-element_type=\"container\">\n\t\t\t\t\t<div class=\"e-con-inner\">\n\t\t\t\t<div class=\"elementor-element elementor-element-14e21f5 elementor-widget elementor-widget-heading\" data-id=\"14e21f5\" data-element_type=\"widget\" data-widget_type=\"heading.default\">\n\t\t\t\t<div class=\"elementor-widget-container\">\n\t\t\t\t\t<h2 class=\"elementor-heading-title elementor-size-default\">ONZE<\/h2>\t\t\t\t<\/div>\n\t\t\t\t<\/div>\n\t\t\t\t<div class=\"elementor-element elementor-element-c650cbd elementor-widget elementor-widget-heading\" data-id=\"c650cbd\" data-element_type=\"widget\" data-widget_type=\"heading.default\">\n\t\t\t\t<div class=\"elementor-widget-container\">\n\t\t\t\t\t<h2 class=\"elementor-heading-title elementor-size-default\">Expertise<\/h2>\t\t\t\t<\/div>\n\t\t\t\t<\/div>\n\t\t\t\t\t<\/div>\n\t\t\t\t<\/div>\n\t\t<div class=\"elementor-element elementor-element-7136c74 notre-kredo e-flex e-con-boxed e-con e-child\" data-id=\"7136c74\" data-element_type=\"container\">\n\t\t\t\t\t<div class=\"e-con-inner\">\n\t\t<div class=\"elementor-element elementor-element-a3277e2 e-con-full shape-content-right e-flex e-con e-child\" data-id=\"a3277e2\" data-element_type=\"container\">\n\t\t\t\t<div class=\"elementor-element elementor-element-3b01ffd employees-matter elementor-widget elementor-widget-image-box\" data-id=\"3b01ffd\" data-element_type=\"widget\" data-widget_type=\"image-box.default\">\n\t\t\t\t<div class=\"elementor-widget-container\">\n\t\t\t\t\t<div class=\"elementor-image-box-wrapper\"><div class=\"elementor-image-box-content\"><h3 class=\"elementor-image-box-title\">Organisatie en bedrijfsprocessen<\/h3><p class=\"elementor-image-box-description\">We werken met u samen om een organisatie op maat te cre\u00ebren en helpen u bij het beheren van alle bijbehorende bedrijfsprocessen (management, bedrijfsactiviteiten, ondersteuning, prestatie-indicatoren, enz.), zodat u in recordtijd relevante inhoud kunt leveren, en dat overal en altijd, via elk contactpunt, ongeacht de culturele context.\n\n<\/p><\/div><\/div>\t\t\t\t<\/div>\n\t\t\t\t<\/div>\n\t\t\t\t<\/div>\n\t\t<div class=\"elementor-element elementor-element-30108d5 e-con-full shape-content-right e-flex e-con e-child\" data-id=\"30108d5\" data-element_type=\"container\">\n\t\t\t\t<div class=\"elementor-element elementor-element-1670483 employees-matter elementor-widget elementor-widget-image-box\" data-id=\"1670483\" data-element_type=\"widget\" data-widget_type=\"image-box.default\">\n\t\t\t\t<div class=\"elementor-widget-container\">\n\t\t\t\t\t<div class=\"elementor-image-box-wrapper\"><div class=\"elementor-image-box-content\"><h3 class=\"elementor-image-box-title\">Semantische merkintelligentie<\/h3><p class=\"elementor-image-box-description\">We helpen merken om hun eigen semantische intelligentie op maat te cre\u00ebren: een doeltreffend vertaalgeheugen dat de juiste toon en onderscheidende woordenschat bevat voor elke soort content. Hierdoor kunt u content sneller aanpassen aan lokale culturele omstandigheden, zonder hierbij uw merkidentiteit uit het oog te verliezen.\n\n<\/p><\/div><\/div>\t\t\t\t<\/div>\n\t\t\t\t<\/div>\n\t\t\t\t<\/div>\n\t\t<div class=\"elementor-element elementor-element-a4f4f70 e-con-full shape-content-right e-flex e-con e-child\" data-id=\"a4f4f70\" data-element_type=\"container\">\n\t\t\t\t<div class=\"elementor-element elementor-element-4f2173f employees-matter elementor-widget elementor-widget-image-box\" data-id=\"4f2173f\" data-element_type=\"widget\" data-widget_type=\"image-box.default\">\n\t\t\t\t<div class=\"elementor-widget-container\">\n\t\t\t\t\t<div class=\"elementor-image-box-wrapper\"><div class=\"elementor-image-box-content\"><h3 class=\"elementor-image-box-title\">Connectiviteit<\/h3><p class=\"elementor-image-box-description\">We identificeren de technologie\u00ebn die met het ecosysteem van uw bedrijf moeten worden verbonden om zo een grote hoeveelheid productinformatie, semantische en visuele bronnen effici\u00ebnt te beheren en de marktintroductietijd van uw digitale content te versnellen.\n\n<\/p><\/div><\/div>\t\t\t\t<\/div>\n\t\t\t\t<\/div>\n\t\t\t\t<\/div>\n\t\t<div class=\"elementor-element elementor-element-c7712a5 e-con-full shape-content-right e-flex e-con e-child\" data-id=\"c7712a5\" data-element_type=\"container\">\n\t\t\t\t<div class=\"elementor-element elementor-element-f2d758f employees-matter elementor-widget elementor-widget-image-box\" data-id=\"f2d758f\" data-element_type=\"widget\" data-widget_type=\"image-box.default\">\n\t\t\t\t<div class=\"elementor-widget-container\">\n\t\t\t\t\t<div class=\"elementor-image-box-wrapper\"><div class=\"elementor-image-box-content\"><h3 class=\"elementor-image-box-title\">Automatisering<\/h3><p class=\"elementor-image-box-description\">We werken samen met 's werelds grootste merken om hun creatieve en commerci\u00eble processen te automatiseren met behulp van moderne technologische tools die worden aangedreven door artifici\u00eble \u00e9n menselijke intelligentie. Deze aanpak zorgt voor een grotere merkconsistentie en een optimale uitvoeringssnelheid, zonder dat dit ten koste gaat van de kwaliteit.\n\n<\/p><\/div><\/div>\t\t\t\t<\/div>\n\t\t\t\t<\/div>\n\t\t\t\t<\/div>\n\t\t\t\t\t<\/div>\n\t\t\t\t<\/div>\n\t\t\t\t\t<\/div>\n\t\t\t\t<\/div>\n\t\t\t\t<\/div>\n\t\t","protected":false},"excerpt":{"rendered":"<p>BENUT DE KRACHT VAN MULTICULTURALISME BENUT DE KRACHT VAN MULTICULTURALISME Voortdurend content produceren op globaal niveau en deze aanpassen aan elke cultuur, een effici\u00ebnte organisatiestructuur vinden om content te beheren, digitale ecosystemen automatiseren voor betere prestaties: dit zijn slechts enkele van de uitdagingen die internationale merken moeten aangaan om met anderen te kunnen concurreren en [&hellip;]<\/p>\n","protected":false},"author":1,"featured_media":90302,"parent":0,"menu_order":0,"comment_status":"closed","ping_status":"closed","template":"","meta":{"_acf_changed":false,"content-type":"","footnotes":""},"class_list":["post-90300","page","type-page","status-publish","has-post-thumbnail","hentry"],"acf":[],"_links":{"self":[{"href":"https:\/\/datawords.com\/nl-be\/wp-json\/wp\/v2\/pages\/90300","targetHints":{"allow":["GET"]}}],"collection":[{"href":"https:\/\/datawords.com\/nl-be\/wp-json\/wp\/v2\/pages"}],"about":[{"href":"https:\/\/datawords.com\/nl-be\/wp-json\/wp\/v2\/types\/page"}],"author":[{"embeddable":true,"href":"https:\/\/datawords.com\/nl-be\/wp-json\/wp\/v2\/users\/1"}],"replies":[{"embeddable":true,"href":"https:\/\/datawords.com\/nl-be\/wp-json\/wp\/v2\/comments?post=90300"}],"version-history":[{"count":0,"href":"https:\/\/datawords.com\/nl-be\/wp-json\/wp\/v2\/pages\/90300\/revisions"}],"wp:featuredmedia":[{"embeddable":true,"href":"https:\/\/datawords.com\/nl-be\/wp-json\/wp\/v2\/media\/90302"}],"wp:attachment":[{"href":"https:\/\/datawords.com\/nl-be\/wp-json\/wp\/v2\/media?parent=90300"}],"curies":[{"name":"wp","href":"https:\/\/api.w.org\/{rel}","templated":true}]}}