{"id":31272,"date":"2023-07-25T12:33:30","date_gmt":"2023-07-25T10:33:30","guid":{"rendered":"https:\/\/datawords.com\/i-nostri-valori\/"},"modified":"2026-02-06T10:54:18","modified_gmt":"2026-02-06T09:54:18","slug":"i-nostri-valori","status":"publish","type":"page","link":"https:\/\/datawords.com\/it\/i-nostri-valori\/","title":{"rendered":"I nostri valori"},"content":{"rendered":"\t\t<div data-elementor-type=\"wp-page\" data-elementor-id=\"31272\" class=\"elementor elementor-31272 elementor-8463\" data-elementor-post-type=\"page\">\n\t\t\t\t<div class=\"elementor-element elementor-element-38c2b66 e-flex e-con-boxed e-con e-parent\" data-id=\"38c2b66\" data-element_type=\"container\" data-settings=\"{&quot;background_background&quot;:&quot;classic&quot;}\">\n\t\t\t\t\t<div class=\"e-con-inner\">\n\t\t<div class=\"elementor-element elementor-element-28b0763 e-con-full e-flex e-con e-child\" data-id=\"28b0763\" data-element_type=\"container\">\n\t\t\t\t<div class=\"elementor-element elementor-element-d03ba58 textchange elementor-widget__width-initial elementor-hidden-mobile elementor-widget elementor-widget-text-editor\" data-id=\"d03ba58\" data-element_type=\"widget\" data-widget_type=\"text-editor.default\">\n\t\t\t\t<div class=\"elementor-widget-container\">\n\t\t\t\t\t\t\t\t\t<h1><strong>I NOSTRI<br> <\/strong>VALORI<\/h1>\t\t\t\t\t\t\t\t<\/div>\n\t\t\t\t<\/div>\n\t\t\t\t<div class=\"elementor-element elementor-element-536e6f5 textchange elementor-widget__width-initial elementor-hidden-desktop elementor-hidden-tablet elementor-widget elementor-widget-text-editor\" data-id=\"536e6f5\" data-element_type=\"widget\" data-widget_type=\"text-editor.default\">\n\t\t\t\t<div class=\"elementor-widget-container\">\n\t\t\t\t\t\t\t\t\t<h1><strong>I NOSTRI<br \/><\/strong>VALORI<\/h1>\t\t\t\t\t\t\t\t<\/div>\n\t\t\t\t<\/div>\n\t\t\t\t<\/div>\n\t\t\t\t\t<\/div>\n\t\t\t\t<\/div>\n\t\t<div class=\"elementor-element elementor-element-93dfd72 nos-valeurs e-flex e-con-boxed e-con e-parent\" data-id=\"93dfd72\" data-element_type=\"container\" data-settings=\"{&quot;background_background&quot;:&quot;gradient&quot;}\">\n\t\t\t\t\t<div class=\"e-con-inner\">\n\t\t<div class=\"elementor-element elementor-element-a26394c e-con-full e-flex e-con e-child\" data-id=\"a26394c\" data-element_type=\"container\">\n\t\t<div class=\"elementor-element elementor-element-9a04b75 e-con-full e-flex e-con e-child\" data-id=\"9a04b75\" data-element_type=\"container\">\n\t\t\t\t<div class=\"elementor-element elementor-element-4954f6e elementor-widget elementor-widget-heading\" data-id=\"4954f6e\" data-element_type=\"widget\" data-widget_type=\"heading.default\">\n\t\t\t\t<div class=\"elementor-widget-container\">\n\t\t\t\t\t<p class=\"elementor-heading-title elementor-size-default\">Fin dall\u2019inizio, i 6 fondatori di Datawords, con la loro diversit\u00e0 culturale, sono stati convinti che la multiculturalit\u00e0 crei valore. Anzi, crediamo che sia la ricetta per il successo nel mondo degli affari di oggi. Il fatto che Datawords sia in crescita da oltre 20 anni ne \u00e8 la prova migliore. Ecco perch\u00e9 i valori che guidano il nostro processo decisionale possono essere riassunti in due parole:<\/p>\t\t\t\t<\/div>\n\t\t\t\t<\/div>\n\t\t\t\t<div class=\"elementor-element elementor-element-c623102 elementor-widget__width-initial elementor-widget elementor-widget-heading\" data-id=\"c623102\" data-element_type=\"widget\" data-widget_type=\"heading.default\">\n\t\t\t\t<div class=\"elementor-widget-container\">\n\t\t\t\t\t<h4 class=\"elementor-heading-title elementor-size-default\">EVERYONE MATTERS<\/h4>\t\t\t\t<\/div>\n\t\t\t\t<\/div>\n\t\t\t\t<div class=\"elementor-element elementor-element-d2a262b elementor-widget elementor-widget-heading\" data-id=\"d2a262b\" data-element_type=\"widget\" data-widget_type=\"heading.default\">\n\t\t\t\t<div class=\"elementor-widget-container\">\n\t\t\t\t\t<p class=\"elementor-heading-title elementor-size-default\">Questa convinzione ci spinge a mettere al primo posto le esigenze e il benessere di tutti i nostri stakeholder.<\/p>\t\t\t\t<\/div>\n\t\t\t\t<\/div>\n\t\t\t\t<\/div>\n\t\t\t\t<\/div>\n\t\t\t\t\t<\/div>\n\t\t\t\t<\/div>\n\t\t<div class=\"elementor-element elementor-element-a7ba34f notre-kredos e-flex e-con-boxed e-con e-parent\" data-id=\"a7ba34f\" data-element_type=\"container\" data-settings=\"{&quot;background_background&quot;:&quot;classic&quot;}\">\n\t\t\t\t\t<div class=\"e-con-inner\">\n\t\t<div class=\"elementor-element elementor-element-2ad9870 e-flex e-con-boxed e-con e-child\" data-id=\"2ad9870\" data-element_type=\"container\">\n\t\t\t\t\t<div class=\"e-con-inner\">\n\t\t\t\t<div class=\"elementor-element elementor-element-a4f2485 elementor-widget elementor-widget-heading\" data-id=\"a4f2485\" data-element_type=\"widget\" data-widget_type=\"heading.default\">\n\t\t\t\t<div class=\"elementor-widget-container\">\n\t\t\t\t\t<h2 class=\"elementor-heading-title elementor-size-default\">Il NOSTRO<\/h2>\t\t\t\t<\/div>\n\t\t\t\t<\/div>\n\t\t\t\t<div class=\"elementor-element elementor-element-08ccf70 elementor-widget elementor-widget-heading\" data-id=\"08ccf70\" data-element_type=\"widget\" data-widget_type=\"heading.default\">\n\t\t\t\t<div class=\"elementor-widget-container\">\n\t\t\t\t\t<h2 class=\"elementor-heading-title elementor-size-default\">credo*<\/h2>\t\t\t\t<\/div>\n\t\t\t\t<\/div>\n\t\t\t\t\t<\/div>\n\t\t\t\t<\/div>\n\t\t<div class=\"elementor-element elementor-element-3084253 notre-kredo e-flex e-con-boxed e-con e-child\" data-id=\"3084253\" data-element_type=\"container\">\n\t\t\t\t\t<div class=\"e-con-inner\">\n\t\t<div class=\"elementor-element elementor-element-73defe9 e-con-full shape-content-right e-flex e-con e-child\" data-id=\"73defe9\" data-element_type=\"container\">\n\t\t\t\t<div class=\"elementor-element elementor-element-272fdec employees-matter elementor-widget elementor-widget-image-box\" data-id=\"272fdec\" data-element_type=\"widget\" data-widget_type=\"image-box.default\">\n\t\t\t\t<div class=\"elementor-widget-container\">\n\t\t\t\t\t<div class=\"elementor-image-box-wrapper\"><div class=\"elementor-image-box-content\"><h3 class=\"elementor-image-box-title\">I dipendenti sono importanti<\/h3><p class=\"elementor-image-box-description\">Diamo valore a ogni dipendente in tutto il mondo. Indipendentemente dal background, dal genere, dalla religione o dalle competenze, ogni persona ha una storia, un\u2019intelligenza e un potenziale unici che meritano di essere riconosciuti e condivisi. Sosteniamo la necessit\u00e0 di un rispetto reciproco e di un ascolto attento. Crediamo che ogni dipendente sia un pezzo di un puzzle complesso: individualmente e\/o collettivamente, ha il potere di fare la differenza in modo armonioso. Dobbiamo assicurarci che ognuno trovi il proprio posto per esprimere tutto il suo potenziale.\n<\/p><\/div><\/div>\t\t\t\t<\/div>\n\t\t\t\t<\/div>\n\t\t\t\t<\/div>\n\t\t<div class=\"elementor-element elementor-element-5056ee0 e-con-full shape-content-right e-flex e-con e-child\" data-id=\"5056ee0\" data-element_type=\"container\">\n\t\t\t\t<div class=\"elementor-element elementor-element-7db9cc1 employees-matter elementor-widget elementor-widget-image-box\" data-id=\"7db9cc1\" data-element_type=\"widget\" data-widget_type=\"image-box.default\">\n\t\t\t\t<div class=\"elementor-widget-container\">\n\t\t\t\t\t<div class=\"elementor-image-box-wrapper\"><div class=\"elementor-image-box-content\"><h3 class=\"elementor-image-box-title\">I clienti contano<\/h3><p class=\"elementor-image-box-description\">Ogni singolo cliente \u00e8 importante. La soddisfazione e il successo di ciascuno di essi sono la nostra massima priorit\u00e0. Ci impegniamo a offrire prodotti e servizi di qualit\u00e0 eccezionale per trasmettere un messaggio rilevante a ciascuno dei loro consumatori ATAWADAC**. Puntiamo a costruire un rapporto di fiducia con tutti, innovando e adattandoci continuamente agli sviluppi tecnologici del mercato. Questo approccio ci permette di soddisfare le loro esigenze nel modo pi\u00f9 efficace possibile. I nostri clienti, a prescindere dal loro background, devono ottenere da noi le giuste condizioni per un profitto equo.\n<\/p><\/div><\/div>\t\t\t\t<\/div>\n\t\t\t\t<\/div>\n\t\t\t\t<\/div>\n\t\t<div class=\"elementor-element elementor-element-933a90c e-con-full shape-content-right e-flex e-con e-child\" data-id=\"933a90c\" data-element_type=\"container\">\n\t\t\t\t<div class=\"elementor-element elementor-element-141db63 employees-matter elementor-widget elementor-widget-image-box\" data-id=\"141db63\" data-element_type=\"widget\" data-widget_type=\"image-box.default\">\n\t\t\t\t<div class=\"elementor-widget-container\">\n\t\t\t\t\t<div class=\"elementor-image-box-wrapper\"><div class=\"elementor-image-box-content\"><h3 class=\"elementor-image-box-title\">Le comunit\u00e0 sono importanti<\/h3><p class=\"elementor-image-box-description\">Le comunit\u00e0 in cui viviamo sono importanti per il benessere di tutti. Dobbiamo rispettarle e contribuire il pi\u00f9 possibile a sostenerle, comportandoci da buoni cittadini, pagando la nostra giusta quota di tasse e usando la nostra ingegnosit\u00e0 multiculturale per agire socialmente e proteggere l\u2019ambiente e le risorse naturali.\n<\/p><\/div><\/div>\t\t\t\t<\/div>\n\t\t\t\t<\/div>\n\t\t\t\t<\/div>\n\t\t<div class=\"elementor-element elementor-element-23200f4 e-con-full shape-content-right e-flex e-con e-child\" data-id=\"23200f4\" data-element_type=\"container\">\n\t\t\t\t<div class=\"elementor-element elementor-element-63047aa employees-matter elementor-widget elementor-widget-image-box\" data-id=\"63047aa\" data-element_type=\"widget\" data-widget_type=\"image-box.default\">\n\t\t\t\t<div class=\"elementor-widget-container\">\n\t\t\t\t\t<div class=\"elementor-image-box-wrapper\"><div class=\"elementor-image-box-content\"><h3 class=\"elementor-image-box-title\">Gli azionisti sono importanti<\/h3><p class=\"elementor-image-box-description\">Infine, anche i nostri azionisti sono importanti per noi! La nostra attivit\u00e0 deve essere orientata verso un risultato equo. Ci impegniamo con passione a cogliere ci\u00f2 che \u00e8 solo all\u2019inizio. Creiamo valore investendo continuamente in performance multiculturali. Agendo secondo questi principi, garantiremo ai nostri azionisti un giusto ritorno sul loro investimento.\n<\/p><\/div><\/div>\t\t\t\t<\/div>\n\t\t\t\t<\/div>\n\t\t\t\t<\/div>\n\t\t\t\t\t<\/div>\n\t\t\t\t<\/div>\n\t\t<div class=\"elementor-element elementor-element-7ed4d27 e-flex e-con-boxed e-con e-child\" data-id=\"7ed4d27\" data-element_type=\"container\">\n\t\t\t\t\t<div class=\"e-con-inner\">\n\t\t\t\t<div class=\"elementor-element elementor-element-8c98eb2 elementor-widget__width-initial elementor-widget elementor-widget-heading\" data-id=\"8c98eb2\" data-element_type=\"widget\" data-widget_type=\"heading.default\">\n\t\t\t\t<div class=\"elementor-widget-container\">\n\t\t\t\t\t<p class=\"elementor-heading-title elementor-size-default\">*\u201cCredo\u201d in esperanto, una lingua internazionale utilizzata da persone provenienti da almeno 120 paesi del mondo.<br>\u2028**AnyTime, AnyWhere, Any Device, Any Culture.<\/p>\t\t\t\t<\/div>\n\t\t\t\t<\/div>\n\t\t\t\t\t<\/div>\n\t\t\t\t<\/div>\n\t\t\t\t\t<\/div>\n\t\t\t\t<\/div>\n\t\t<div class=\"elementor-element elementor-element-9b2da8f multi-competence e-flex e-con-boxed e-con e-parent\" data-id=\"9b2da8f\" data-element_type=\"container\" id=\"alert\" data-settings=\"{&quot;background_background&quot;:&quot;classic&quot;}\">\n\t\t\t\t\t<div class=\"e-con-inner\">\n\t\t<div class=\"elementor-element elementor-element-a3e686a e-con-full e-flex e-con e-child\" data-id=\"a3e686a\" data-element_type=\"container\">\n\t\t<div class=\"elementor-element elementor-element-1a43404 e-con-full e-flex e-con e-child\" data-id=\"1a43404\" data-element_type=\"container\">\n\t\t\t\t<div class=\"elementor-element elementor-element-f88c9a8 elementor-widget elementor-widget-heading\" data-id=\"f88c9a8\" data-element_type=\"widget\" data-widget_type=\"heading.default\">\n\t\t\t\t<div class=\"elementor-widget-container\">\n\t\t\t\t\t<h2 class=\"elementor-heading-title elementor-size-default\">Sistema<\/h2>\t\t\t\t<\/div>\n\t\t\t\t<\/div>\n\t\t\t\t<div class=\"elementor-element elementor-element-2154ad8 elementor-widget elementor-widget-heading\" data-id=\"2154ad8\" data-element_type=\"widget\" data-widget_type=\"heading.default\">\n\t\t\t\t<div class=\"elementor-widget-container\">\n\t\t\t\t\t<h2 class=\"elementor-heading-title elementor-size-default\">di avviso<\/h2>\t\t\t\t<\/div>\n\t\t\t\t<\/div>\n\t\t<div class=\"elementor-element elementor-element-875d70b e-con-full e-flex e-con e-child\" data-id=\"875d70b\" data-element_type=\"container\">\n\t\t\t\t<div class=\"elementor-element elementor-element-e5044a8 elementor-widget elementor-widget-heading\" data-id=\"e5044a8\" data-element_type=\"widget\" data-widget_type=\"heading.default\">\n\t\t\t\t<div class=\"elementor-widget-container\">\n\t\t\t\t\t<h2 class=\"elementor-heading-title elementor-size-default\">A Datawords ogni voce conta. Il rispetto reciproco e l\u2019ascolto attento sono essenziali per il nostro successo.<\/h2>\t\t\t\t<\/div>\n\t\t\t\t<\/div>\n\t\t\t\t<div class=\"elementor-element elementor-element-6569e60 elementor-widget elementor-widget-text-editor\" data-id=\"6569e60\" data-element_type=\"widget\" data-widget_type=\"text-editor.default\">\n\t\t\t\t<div class=\"elementor-widget-container\">\n\t\t\t\t\t\t\t\t\tCi impegniamo a sostenere i valori di correttezza e lealt\u00e0 in tutto ci\u00f2 che facciamo. \u00c8 responsabilit\u00e0 di tutti i nostri dipendenti e partner commerciali segnalare eventuali violazioni di questi principi.\t\t\t\t\t\t\t\t<\/div>\n\t\t\t\t<\/div>\n\t\t\t\t<div class=\"elementor-element elementor-element-956e502 elementor-widget elementor-widget-text-editor\" data-id=\"956e502\" data-element_type=\"widget\" data-widget_type=\"text-editor.default\">\n\t\t\t\t<div class=\"elementor-widget-container\">\n\t\t\t\t\t\t\t\t\tSe sei testimone di una situazione non etica, anche potenziale, ti invitiamo a segnalarla attraverso il nostro canale riservato. Questo sistema garantisce una comunicazione totalmente anonima e protetta. Insieme, facciamo in modo che il nostro ambiente di lavoro rimanga sicuro, rispettoso ed equo per tutti.\t\t\t\t\t\t\t\t<\/div>\n\t\t\t\t<\/div>\n\t\t\t\t<\/div>\n\t\t\t\t<div class=\"elementor-element elementor-element-7e3e951 elementor-align-left btnall elementor-widget elementor-widget-button\" data-id=\"7e3e951\" data-element_type=\"widget\" data-widget_type=\"button.default\">\n\t\t\t\t<div class=\"elementor-widget-container\">\n\t\t\t\t\t\t\t\t\t<div class=\"elementor-button-wrapper\">\n\t\t\t\t\t<a class=\"elementor-button elementor-button-link elementor-size-sm\" href=\"https:\/\/datawords.whistlelink.com\/\" target=\"_blank\" rel=\"noopener\">\n\t\t\t\t\t\t<span class=\"elementor-button-content-wrapper\">\n\t\t\t\t\t\t<span class=\"elementor-button-icon\">\n\t\t\t\t<i aria-hidden=\"true\" class=\"icon icon-arrow-right\"><\/i>\t\t\t<\/span>\n\t\t\t\t\t\t\t\t\t<span class=\"elementor-button-text\">Fare una segnalazione<\/span>\n\t\t\t\t\t<\/span>\n\t\t\t\t\t<\/a>\n\t\t\t\t<\/div>\n\t\t\t\t\t\t\t\t<\/div>\n\t\t\t\t<\/div>\n\t\t\t\t<\/div>\n\t\t\t\t<\/div>\n\t\t\t\t\t<\/div>\n\t\t\t\t<\/div>\n\t\t<div class=\"elementor-element elementor-element-b6be304 multi-culter e-flex e-con-boxed e-con e-parent\" data-id=\"b6be304\" data-element_type=\"container\" data-settings=\"{&quot;background_background&quot;:&quot;classic&quot;}\">\n\t\t\t\t\t<div class=\"e-con-inner\">\n\t\t<div class=\"elementor-element elementor-element-f090dfa e-con-full e-flex e-con e-child\" data-id=\"f090dfa\" data-element_type=\"container\">\n\t\t<div class=\"elementor-element elementor-element-063c048 e-con-full e-flex e-con e-child\" data-id=\"063c048\" data-element_type=\"container\">\n\t\t\t\t<div class=\"elementor-element elementor-element-72fa2d0 elementor-widget elementor-widget-image\" data-id=\"72fa2d0\" data-element_type=\"widget\" data-widget_type=\"image.default\">\n\t\t\t\t<div class=\"elementor-widget-container\">\n\t\t\t\t\t\t\t\t\t\t\t\t\t\t\t<img fetchpriority=\"high\" decoding=\"async\" width=\"577\" height=\"577\" src=\"https:\/\/datawords.com\/wp-content\/uploads\/2026\/02\/team_datawords.avif\" class=\"attachment-full size-full wp-image-307325\" alt=\"\" srcset=\"https:\/\/datawords.com\/wp-content\/uploads\/2026\/02\/team_datawords.avif 577w, https:\/\/datawords.com\/wp-content\/uploads\/2026\/02\/team_datawords-300x300.avif 300w, https:\/\/datawords.com\/wp-content\/uploads\/2026\/02\/team_datawords-150x150.avif 150w\" sizes=\"(max-width: 577px) 100vw, 577px\" \/>\t\t\t\t\t\t\t\t\t\t\t\t\t\t\t<\/div>\n\t\t\t\t<\/div>\n\t\t\t\t<\/div>\n\t\t<div class=\"elementor-element elementor-element-268b6ea e-con-full e-flex e-con e-child\" data-id=\"268b6ea\" data-element_type=\"container\">\n\t\t\t\t<div class=\"elementor-element elementor-element-c17f532 elementor-widget elementor-widget-heading\" data-id=\"c17f532\" data-element_type=\"widget\" data-widget_type=\"heading.default\">\n\t\t\t\t<div class=\"elementor-widget-container\">\n\t\t\t\t\t<p class=\"elementor-heading-title elementor-size-default\">Entra nel \n<\/p>\t\t\t\t<\/div>\n\t\t\t\t<\/div>\n\t\t\t\t<div class=\"elementor-element elementor-element-9aa9f2f elementor-widget elementor-widget-heading\" data-id=\"9aa9f2f\" data-element_type=\"widget\" data-widget_type=\"heading.default\">\n\t\t\t\t<div class=\"elementor-widget-container\">\n\t\t\t\t\t<h2 class=\"elementor-heading-title elementor-size-default\">nostro team<\/h2>\t\t\t\t<\/div>\n\t\t\t\t<\/div>\n\t\t\t\t<div class=\"elementor-element elementor-element-d70b331 elementor-widget elementor-widget-heading\" data-id=\"d70b331\" data-element_type=\"widget\" data-widget_type=\"heading.default\">\n\t\t\t\t<div class=\"elementor-widget-container\">\n\t\t\t\t\t<h5 class=\"elementor-heading-title elementor-size-default\">Siamo una community di connettori!<\/h5>\t\t\t\t<\/div>\n\t\t\t\t<\/div>\n\t\t\t\t<div class=\"elementor-element elementor-element-d492433 elementor-widget__width-initial elementor-widget elementor-widget-heading\" data-id=\"d492433\" data-element_type=\"widget\" data-widget_type=\"heading.default\">\n\t\t\t\t<div class=\"elementor-widget-container\">\n\t\t\t\t\t<p class=\"elementor-heading-title elementor-size-default\">\nConnettiamo tutte le nuove tecnologie, uniamo l\u2019intelligenza umana e quella tecnologica e creiamo un ambiente in cui la diversit\u00e0 \u00e8 possibile e genera valore!\n<\/p>\t\t\t\t<\/div>\n\t\t\t\t<\/div>\n\t\t\t\t<\/div>\n\t\t\t\t<\/div>\n\t\t\t\t\t<\/div>\n\t\t\t\t<\/div>\n\t\t\t\t<\/div>\n\t\t","protected":false},"excerpt":{"rendered":"<p>I NOSTRI VALORI I NOSTRIVALORI Fin dall\u2019inizio, i 6 fondatori di Datawords, con la loro diversit\u00e0 culturale, sono stati convinti che la multiculturalit\u00e0 crei valore. Anzi, crediamo che sia la ricetta per il successo nel mondo degli affari di oggi. Il fatto che Datawords sia in crescita da oltre 20 anni ne \u00e8 la prova [&hellip;]<\/p>\n","protected":false},"author":42,"featured_media":0,"parent":0,"menu_order":0,"comment_status":"closed","ping_status":"closed","template":"","meta":{"_acf_changed":false,"content-type":"","footnotes":""},"class_list":["post-31272","page","type-page","status-publish","hentry"],"acf":[],"_links":{"self":[{"href":"https:\/\/datawords.com\/it\/wp-json\/wp\/v2\/pages\/31272","targetHints":{"allow":["GET"]}}],"collection":[{"href":"https:\/\/datawords.com\/it\/wp-json\/wp\/v2\/pages"}],"about":[{"href":"https:\/\/datawords.com\/it\/wp-json\/wp\/v2\/types\/page"}],"author":[{"embeddable":true,"href":"https:\/\/datawords.com\/it\/wp-json\/wp\/v2\/users\/42"}],"replies":[{"embeddable":true,"href":"https:\/\/datawords.com\/it\/wp-json\/wp\/v2\/comments?post=31272"}],"version-history":[{"count":0,"href":"https:\/\/datawords.com\/it\/wp-json\/wp\/v2\/pages\/31272\/revisions"}],"wp:attachment":[{"href":"https:\/\/datawords.com\/it\/wp-json\/wp\/v2\/media?parent=31272"}],"curies":[{"name":"wp","href":"https:\/\/api.w.org\/{rel}","templated":true}]}}