{"id":31266,"date":"2023-07-25T08:42:54","date_gmt":"2023-07-25T06:42:54","guid":{"rendered":"https:\/\/datawords.com\/lavorare-da-datawords\/"},"modified":"2026-02-06T11:12:51","modified_gmt":"2026-02-06T10:12:51","slug":"carriere-lavorare-da-datawords","status":"publish","type":"page","link":"https:\/\/datawords.com\/it\/carriere-lavorare-da-datawords\/","title":{"rendered":"Carriere\/Lavorare da Datawords"},"content":{"rendered":"\t\t<div data-elementor-type=\"wp-page\" data-elementor-id=\"31266\" class=\"elementor elementor-31266 elementor-8154\" data-elementor-post-type=\"page\">\n\t\t\t\t<div class=\"elementor-element elementor-element-a010032 e-flex e-con-boxed e-con e-parent\" data-id=\"a010032\" data-element_type=\"container\" data-settings=\"{&quot;background_background&quot;:&quot;classic&quot;}\">\n\t\t\t\t\t<div class=\"e-con-inner\">\n\t\t<div class=\"elementor-element elementor-element-dd79a4d e-con-full e-flex e-con e-child\" data-id=\"dd79a4d\" data-element_type=\"container\">\n\t\t<div class=\"elementor-element elementor-element-bad1258 e-con-full e-flex e-con e-child\" data-id=\"bad1258\" data-element_type=\"container\">\n\t\t\t\t<div class=\"elementor-element elementor-element-968a83e textchange elementor-widget__width-initial elementor-widget-mobile__width-inherit elementor-widget elementor-widget-text-editor\" data-id=\"968a83e\" data-element_type=\"widget\" data-widget_type=\"text-editor.default\">\n\t\t\t\t<div class=\"elementor-widget-container\">\n\t\t\t\t\t\t\t\t\t<h1><strong>Lavora presso<\/strong><br>\nDatawords<\/h1>\t\t\t\t\t\t\t\t<\/div>\n\t\t\t\t<\/div>\n\t\t\t\t<\/div>\n\t\t\t\t<\/div>\n\t\t\t\t\t<\/div>\n\t\t\t\t<\/div>\n\t\t<div class=\"elementor-element elementor-element-06bf7f8 nos-valeurs e-flex e-con-boxed e-con e-parent\" data-id=\"06bf7f8\" data-element_type=\"container\" data-settings=\"{&quot;background_background&quot;:&quot;classic&quot;}\">\n\t\t\t\t\t<div class=\"e-con-inner\">\n\t\t<div class=\"elementor-element elementor-element-eebde37 e-con-full e-flex e-con e-child\" data-id=\"eebde37\" data-element_type=\"container\">\n\t\t<div class=\"elementor-element elementor-element-a039ce9 e-con-full e-flex e-con e-child\" data-id=\"a039ce9\" data-element_type=\"container\">\n\t\t\t\t<div class=\"elementor-element elementor-element-2bb274c elementor-widget elementor-widget-heading\" data-id=\"2bb274c\" data-element_type=\"widget\" data-widget_type=\"heading.default\">\n\t\t\t\t<div class=\"elementor-widget-container\">\n\t\t\t\t\t<p class=\"elementor-heading-title elementor-size-default\">Datawords \u00e8 un\u2019azienda gestita da persone la cui missione \u00e8 fornire ai brand internazionali contenuti rilevanti a livello locale, ovunque e in qualsiasi momento, indipendentemente dalla piattaforma digitale utilizzata e dalla cultura di destinazione.\n<br>\n<br>\nPer offrire ai propri clienti prestazioni di alto livello, Datawords valorizza la diversit\u00e0 di identit\u00e0, culture, valori, modi di pensare, percorsi lavorativi e competenze. \u00c8 ci\u00f2 che chiamiamo \"multiculturalit\u00e0\".\nEcco perch\u00e9 la promozione delle differenze \u00e8 alla base della nostra politica sulle Risorse Umane. Digital marketing, sviluppo software, traduzione, project management, search, social o UX: quale che sia il tuo ambito di specializzazione, da qualunque paese tu provenga, che tu abbia una passione per le arti drammatiche o per il calcio, ti diamo il benvenuto!<\/p>\t\t\t\t<\/div>\n\t\t\t\t<\/div>\n\t\t\t\t<\/div>\n\t\t\t\t<\/div>\n\t\t\t\t\t<\/div>\n\t\t\t\t<\/div>\n\t\t<div class=\"elementor-element elementor-element-65c487d every-one-matter e-flex e-con-boxed e-con e-parent\" data-id=\"65c487d\" data-element_type=\"container\" data-settings=\"{&quot;background_background&quot;:&quot;classic&quot;}\">\n\t\t\t\t\t<div class=\"e-con-inner\">\n\t\t<div class=\"elementor-element elementor-element-6ac2995 e-con-full e-flex e-con e-child\" data-id=\"6ac2995\" data-element_type=\"container\">\n\t\t<div class=\"elementor-element elementor-element-306e867 e-con-full travailler-chez-datawords e-flex e-con e-child\" data-id=\"306e867\" data-element_type=\"container\">\n\t\t\t\t<div class=\"elementor-element elementor-element-fe79134 elementor-widget elementor-widget-image\" data-id=\"fe79134\" data-element_type=\"widget\" data-widget_type=\"image.default\">\n\t\t\t\t<div class=\"elementor-widget-container\">\n\t\t\t\t\t\t\t\t\t\t\t\t\t\t\t<img fetchpriority=\"high\" decoding=\"async\" width=\"577\" height=\"650\" src=\"https:\/\/datawords.com\/wp-content\/uploads\/2026\/02\/matters.avif\" class=\"attachment-full size-full wp-image-307603\" alt=\"\" srcset=\"https:\/\/datawords.com\/wp-content\/uploads\/2026\/02\/matters.avif 577w, https:\/\/datawords.com\/wp-content\/uploads\/2026\/02\/matters-266x300.avif 266w\" sizes=\"(max-width: 577px) 100vw, 577px\" \/>\t\t\t\t\t\t\t\t\t\t\t\t\t\t\t<\/div>\n\t\t\t\t<\/div>\n\t\t\t\t<\/div>\n\t\t<div class=\"elementor-element elementor-element-b0546ef e-con-full e-flex e-con e-child\" data-id=\"b0546ef\" data-element_type=\"container\">\n\t\t\t\t<div class=\"elementor-element elementor-element-f150897 elementor-widget elementor-widget-heading\" data-id=\"f150897\" data-element_type=\"widget\" data-widget_type=\"heading.default\">\n\t\t\t\t<div class=\"elementor-widget-container\">\n\t\t\t\t\t<p class=\"elementor-heading-title elementor-size-default\">Everyone<\/p>\t\t\t\t<\/div>\n\t\t\t\t<\/div>\n\t\t\t\t<div class=\"elementor-element elementor-element-46d0560 elementor-widget elementor-widget-heading\" data-id=\"46d0560\" data-element_type=\"widget\" data-widget_type=\"heading.default\">\n\t\t\t\t<div class=\"elementor-widget-container\">\n\t\t\t\t\t<h2 class=\"elementor-heading-title elementor-size-default\">matters<\/h2>\t\t\t\t<\/div>\n\t\t\t\t<\/div>\n\t\t\t\t<div class=\"elementor-element elementor-element-f2f6248 elementor-widget__width-initial elementor-widget elementor-widget-heading\" data-id=\"f2f6248\" data-element_type=\"widget\" data-widget_type=\"heading.default\">\n\t\t\t\t<div class=\"elementor-widget-container\">\n\t\t\t\t\t<p class=\"elementor-heading-title elementor-size-default\">I valori che guidano ogni nostra decisione possono essere riassunti in due parole: EVERYONE MATTERS. Questa convinzione ci spinge a mettere al primo posto le esigenze e il benessere di tutti i soggetti interessati. <br><br>Fin dall\u2019inizio i 6 fondatori di Datawords, culturalmente diversi, erano convinti che la multiculturalit\u00e0 creasse valore. Di fatto, crediamo che sia il segreto del successo nell\u2019odierno mondo degli affari. E il fatto che Datawords continui a crescere da oltre 20 anni ne \u00e8 la prova migliore.\n<\/p>\t\t\t\t<\/div>\n\t\t\t\t<\/div>\n\t\t\t\t<div class=\"elementor-element elementor-element-f1577a9 elementor-align-left btnall elementor-widget elementor-widget-button\" data-id=\"f1577a9\" data-element_type=\"widget\" data-widget_type=\"button.default\">\n\t\t\t\t<div class=\"elementor-widget-container\">\n\t\t\t\t\t\t\t\t\t<div class=\"elementor-button-wrapper\">\n\t\t\t\t\t<a class=\"elementor-button elementor-button-link elementor-size-sm\" href=\"https:\/\/datawords.com\/it\/i-nostri-valori\/\">\n\t\t\t\t\t\t<span class=\"elementor-button-content-wrapper\">\n\t\t\t\t\t\t<span class=\"elementor-button-icon\">\n\t\t\t\t<i aria-hidden=\"true\" class=\"icon icon-arrow-right\"><\/i>\t\t\t<\/span>\n\t\t\t\t\t\t\t\t\t<span class=\"elementor-button-text\">Il nostro credo<\/span>\n\t\t\t\t\t<\/span>\n\t\t\t\t\t<\/a>\n\t\t\t\t<\/div>\n\t\t\t\t\t\t\t\t<\/div>\n\t\t\t\t<\/div>\n\t\t\t\t<\/div>\n\t\t\t\t<\/div>\n\t\t\t\t\t<\/div>\n\t\t\t\t<\/div>\n\t\t<div class=\"elementor-element elementor-element-610a772 multi-competence e-flex e-con-boxed e-con e-parent\" data-id=\"610a772\" data-element_type=\"container\" data-settings=\"{&quot;background_background&quot;:&quot;classic&quot;}\">\n\t\t\t\t\t<div class=\"e-con-inner\">\n\t\t<div class=\"elementor-element elementor-element-4cd6fb5 e-con-full e-flex e-con e-child\" data-id=\"4cd6fb5\" data-element_type=\"container\">\n\t\t<div class=\"elementor-element elementor-element-75126ab e-con-full e-flex e-con e-child\" data-id=\"75126ab\" data-element_type=\"container\">\n\t\t\t\t<div class=\"elementor-element elementor-element-d4130fd elementor-widget elementor-widget-heading\" data-id=\"d4130fd\" data-element_type=\"widget\" data-widget_type=\"heading.default\">\n\t\t\t\t<div class=\"elementor-widget-container\">\n\t\t\t\t\t<h2 class=\"elementor-heading-title elementor-size-default\">UN'AZIENDA<\/h2>\t\t\t\t<\/div>\n\t\t\t\t<\/div>\n\t\t\t\t<div class=\"elementor-element elementor-element-3f7f113 elementor-widget elementor-widget-heading\" data-id=\"3f7f113\" data-element_type=\"widget\" data-widget_type=\"heading.default\">\n\t\t\t\t<div class=\"elementor-widget-container\">\n\t\t\t\t\t<h2 class=\"elementor-heading-title elementor-size-default\">FORMATIVA<\/h2>\t\t\t\t<\/div>\n\t\t\t\t<\/div>\n\t\t\t\t<div class=\"elementor-element elementor-element-9345b8f elementor-widget elementor-widget-text-editor\" data-id=\"9345b8f\" data-element_type=\"widget\" data-widget_type=\"text-editor.default\">\n\t\t\t\t<div class=\"elementor-widget-container\">\n\t\t\t\t\t\t\t\t\t<p style=\"font-weight: 400;\">Diamo valore a ogni dipendente in tutto il mondo. <b><strong>Ci assicuriamo che ognuno trovi il proprio posto per esprimere tutto il suo potenziale.<\/strong><\/b> In un mondo sempre pi\u00f9 digitale, dove gli strumenti e le esigenze sono in continua evoluzione, <b><strong>i nostri team devono avere le migliori competenze<\/strong><\/b> per offrire ai clienti soluzioni tecnologiche avanzate. Ecco perch\u00e9 Datawords sostiene lo sviluppo dei suoi dipendenti offrendo loro un\u2019ampia gamma di progetti, su pi\u00f9 piattaforme, con una variet\u00e0 di clienti. Queste esperienze formative <b><strong>consentono ai nostri esperti di padroneggiare le tecnologie<\/strong><\/b> pi\u00f9 innovative sul mercato e di essere sempre all\u2019avanguardia nel loro settore di competenza.<\/p>\t\t\t\t\t\t\t\t<\/div>\n\t\t\t\t<\/div>\n\t\t\t\t<\/div>\n\t\t\t\t<\/div>\n\t\t<div class=\"elementor-element elementor-element-df4d02e e-con-full e-flex e-con e-child\" data-id=\"df4d02e\" data-element_type=\"container\">\n\t\t<div class=\"elementor-element elementor-element-8a551b8 e-con-full e-flex e-con e-child\" data-id=\"8a551b8\" data-element_type=\"container\">\n\t\t\t\t<div class=\"elementor-element elementor-element-c98fdb3 elementor-widget elementor-widget-image\" data-id=\"c98fdb3\" data-element_type=\"widget\" data-widget_type=\"image.default\">\n\t\t\t\t<div class=\"elementor-widget-container\">\n\t\t\t\t\t\t\t\t\t\t\t\t\t\t\t<img decoding=\"async\" width=\"577\" height=\"650\" src=\"https:\/\/datawords.com\/wp-content\/uploads\/2026\/02\/competence.avif\" class=\"attachment-full size-full wp-image-307627\" alt=\"\" srcset=\"https:\/\/datawords.com\/wp-content\/uploads\/2026\/02\/competence.avif 577w, https:\/\/datawords.com\/wp-content\/uploads\/2026\/02\/competence-266x300.avif 266w\" sizes=\"(max-width: 577px) 100vw, 577px\" \/>\t\t\t\t\t\t\t\t\t\t\t\t\t\t\t<\/div>\n\t\t\t\t<\/div>\n\t\t\t\t<\/div>\n\t\t\t\t<\/div>\n\t\t\t\t\t<\/div>\n\t\t\t\t<\/div>\n\t\t<div class=\"elementor-element elementor-element-93260fc multi-culter e-flex e-con-boxed e-con e-parent\" data-id=\"93260fc\" data-element_type=\"container\" data-settings=\"{&quot;background_background&quot;:&quot;classic&quot;}\">\n\t\t\t\t\t<div class=\"e-con-inner\">\n\t\t<div class=\"elementor-element elementor-element-e4f2a19 e-con-full e-flex e-con e-child\" data-id=\"e4f2a19\" data-element_type=\"container\">\n\t\t<div class=\"elementor-element elementor-element-60e7742 e-con-full e-flex e-con e-child\" data-id=\"60e7742\" data-element_type=\"container\">\n\t\t\t\t<div class=\"elementor-element elementor-element-ae4a245 elementor-widget elementor-widget-image\" data-id=\"ae4a245\" data-element_type=\"widget\" data-widget_type=\"image.default\">\n\t\t\t\t<div class=\"elementor-widget-container\">\n\t\t\t\t\t\t\t\t\t\t\t\t\t\t\t<img decoding=\"async\" width=\"577\" height=\"650\" src=\"https:\/\/datawords.com\/wp-content\/uploads\/2026\/02\/culturelle.avif\" class=\"attachment-full size-full wp-image-307673\" alt=\"\" srcset=\"https:\/\/datawords.com\/wp-content\/uploads\/2026\/02\/culturelle.avif 577w, https:\/\/datawords.com\/wp-content\/uploads\/2026\/02\/culturelle-266x300.avif 266w\" sizes=\"(max-width: 577px) 100vw, 577px\" \/>\t\t\t\t\t\t\t\t\t\t\t\t\t\t\t<\/div>\n\t\t\t\t<\/div>\n\t\t\t\t<\/div>\n\t\t<div class=\"elementor-element elementor-element-ddc1202 e-con-full e-flex e-con e-child\" data-id=\"ddc1202\" data-element_type=\"container\">\n\t\t\t\t<div class=\"elementor-element elementor-element-cc11dd7 elementor-widget elementor-widget-heading\" data-id=\"cc11dd7\" data-element_type=\"widget\" data-widget_type=\"heading.default\">\n\t\t\t\t<div class=\"elementor-widget-container\">\n\t\t\t\t\t<h2 class=\"elementor-heading-title elementor-size-default\">UN'AZIENDA<\/h2>\t\t\t\t<\/div>\n\t\t\t\t<\/div>\n\t\t\t\t<div class=\"elementor-element elementor-element-ba5bd95 elementor-widget elementor-widget-heading\" data-id=\"ba5bd95\" data-element_type=\"widget\" data-widget_type=\"heading.default\">\n\t\t\t\t<div class=\"elementor-widget-container\">\n\t\t\t\t\t<h2 class=\"elementor-heading-title elementor-size-default\">GLOBALE<\/h2>\t\t\t\t<\/div>\n\t\t\t\t<\/div>\n\t\t\t\t<div class=\"elementor-element elementor-element-12ad40c elementor-widget elementor-widget-text-editor\" data-id=\"12ad40c\" data-element_type=\"widget\" data-widget_type=\"text-editor.default\">\n\t\t\t\t<div class=\"elementor-widget-container\">\n\t\t\t\t\t\t\t\t\t<p style=\"font-weight: 400;\">Datawords opera in Europa, Asia e Nord America, con <b><strong>25 sedi<\/strong><\/b> tra cui Parigi, Lussemburgo, Berlino, Londra, Barcellona, Milano, Seoul, Hong Kong, Tokyo, Shanghai, Manila, New York e Miami. In ognuna di queste sedi, offriamo ai nostri dipendenti <b><strong>un<\/strong><\/b><b><strong>\u2019<\/strong><\/b><b><strong>esperienza internazionale su base quotidiana.<\/strong><\/b> I progetti a cui lavoriamo sono di portata globale; <b><strong>i nostri team provengono dai quattro angoli del mondo,<\/strong><\/b> nei corridoi dei nostri uffici si parlano tutte le lingue&#8230; Datawords, un\u2019azienda 100% multiculturale.<\/p>\t\t\t\t\t\t\t\t<\/div>\n\t\t\t\t<\/div>\n\t\t\t\t<\/div>\n\t\t\t\t<\/div>\n\t\t\t\t\t<\/div>\n\t\t\t\t<\/div>\n\t\t\t\t<\/div>\n\t\t","protected":false},"excerpt":{"rendered":"<p>Lavora presso Datawords Datawords \u00e8 un\u2019azienda gestita da persone la cui missione \u00e8 fornire ai brand internazionali contenuti rilevanti a livello locale, ovunque e in qualsiasi momento, indipendentemente dalla piattaforma digitale utilizzata e dalla cultura di destinazione. Per offrire ai propri clienti prestazioni di alto livello, Datawords valorizza la diversit\u00e0 di identit\u00e0, culture, valori, modi [&hellip;]<\/p>\n","protected":false},"author":1,"featured_media":0,"parent":0,"menu_order":0,"comment_status":"closed","ping_status":"closed","template":"","meta":{"_acf_changed":false,"content-type":"","footnotes":""},"class_list":["post-31266","page","type-page","status-publish","hentry"],"acf":[],"_links":{"self":[{"href":"https:\/\/datawords.com\/it\/wp-json\/wp\/v2\/pages\/31266","targetHints":{"allow":["GET"]}}],"collection":[{"href":"https:\/\/datawords.com\/it\/wp-json\/wp\/v2\/pages"}],"about":[{"href":"https:\/\/datawords.com\/it\/wp-json\/wp\/v2\/types\/page"}],"author":[{"embeddable":true,"href":"https:\/\/datawords.com\/it\/wp-json\/wp\/v2\/users\/1"}],"replies":[{"embeddable":true,"href":"https:\/\/datawords.com\/it\/wp-json\/wp\/v2\/comments?post=31266"}],"version-history":[{"count":0,"href":"https:\/\/datawords.com\/it\/wp-json\/wp\/v2\/pages\/31266\/revisions"}],"wp:attachment":[{"href":"https:\/\/datawords.com\/it\/wp-json\/wp\/v2\/media?parent=31266"}],"curies":[{"name":"wp","href":"https:\/\/api.w.org\/{rel}","templated":true}]}}