{"id":31260,"date":"2023-07-22T12:10:27","date_gmt":"2023-07-22T10:10:27","guid":{"rendered":"https:\/\/datawords.com\/note-legali\/"},"modified":"2025-09-11T21:03:58","modified_gmt":"2025-09-11T19:03:58","slug":"note-legali","status":"publish","type":"page","link":"https:\/\/datawords.com\/it\/note-legali\/","title":{"rendered":"Note legali"},"content":{"rendered":"\t\t<div data-elementor-type=\"wp-page\" data-elementor-id=\"31260\" class=\"elementor elementor-31260 elementor-8148\" data-elementor-post-type=\"page\">\n\t\t\t\t\t\t<section class=\"elementor-section elementor-top-section elementor-element elementor-element-e1e06c8 duisc_shadow elementor-section-boxed elementor-section-height-default elementor-section-height-default\" data-id=\"e1e06c8\" data-element_type=\"section\" data-settings=\"{&quot;background_background&quot;:&quot;classic&quot;}\">\n\t\t\t\t\t\t<div class=\"elementor-container elementor-column-gap-default\">\n\t\t\t\t\t<div class=\"elementor-column elementor-col-100 elementor-top-column elementor-element elementor-element-64e8458\" data-id=\"64e8458\" data-element_type=\"column\">\n\t\t\t<div class=\"elementor-widget-wrap elementor-element-populated\">\n\t\t\t\t\t\t<section class=\"elementor-section elementor-inner-section elementor-element elementor-element-a6d9ea4 elementor-section-boxed elementor-section-height-default elementor-section-height-default\" data-id=\"a6d9ea4\" data-element_type=\"section\">\n\t\t\t\t\t\t<div class=\"elementor-container elementor-column-gap-default\">\n\t\t\t\t\t<div class=\"elementor-column elementor-col-100 elementor-inner-column elementor-element elementor-element-b57900e\" data-id=\"b57900e\" data-element_type=\"column\">\n\t\t\t<div class=\"elementor-widget-wrap elementor-element-populated\">\n\t\t\t\t<div class=\"elementor-element elementor-element-d7fc198 e-flex e-con-boxed e-con e-parent\" data-id=\"d7fc198\" data-element_type=\"container\">\n\t\t\t\t\t<div class=\"e-con-inner\">\n\t\t\t\t<div class=\"elementor-element elementor-element-bff09bb textchange elementor-widget__width-initial elementor-widget elementor-widget-text-editor\" data-id=\"bff09bb\" data-element_type=\"widget\" data-widget_type=\"text-editor.default\">\n\t\t\t\t<div class=\"elementor-widget-container\">\n\t\t\t\t\t\t\t\t\t<h1 class=\"elementor-heading-title elementor-size-default\"><strong>NOTE <\/strong>LEGALI<\/h1>\t\t\t\t\t\t\t\t<\/div>\n\t\t\t\t<\/div>\n\t\t\t\t\t<\/div>\n\t\t\t\t<\/div>\n\t\t\t\t<div class=\"elementor-element elementor-element-1b69aae elementor-widget elementor-widget-heading\" data-id=\"1b69aae\" data-element_type=\"widget\" data-widget_type=\"heading.default\">\n\t\t\t\t<div class=\"elementor-widget-container\">\n\t\t\t\t\t<p class=\"elementor-heading-title elementor-size-default\">Il sito Datawords (di seguito, \u201cil sito\u201d) \u00e8 di propriet\u00e0 di Datawords Datasia, societ\u00e0 del Gruppo Datawords (di seguito, \u201cDatawords\u201d), con sede legale in 66 Rue de Villiers, 92300 Levallois-Perret, Francia, e capitale di 127.960,00 euro, iscritta al Registro del Commercio e delle Imprese di Nanterre con il numero 431 857 317, IVA FR96431857317.\n<\/p>\t\t\t\t<\/div>\n\t\t\t\t<\/div>\n\t\t<div class=\"elementor-element elementor-element-e3ccbc8 e-grid e-con-full e-con e-parent\" data-id=\"e3ccbc8\" data-element_type=\"container\">\n\t\t<div class=\"elementor-element elementor-element-c7467e7 e-con-full bxgra e-flex e-con e-child\" data-id=\"c7467e7\" data-element_type=\"container\" data-settings=\"{&quot;background_background&quot;:&quot;classic&quot;}\">\n\t\t\t\t<div class=\"elementor-element elementor-element-c995b5d elementor-widget elementor-widget-heading\" data-id=\"c995b5d\" data-element_type=\"widget\" data-widget_type=\"heading.default\">\n\t\t\t\t<div class=\"elementor-widget-container\">\n\t\t\t\t\t<h2 class=\"elementor-heading-title elementor-size-default\">L\u2019hosting del sito \u00e8 fornito da:<\/h2>\t\t\t\t<\/div>\n\t\t\t\t<\/div>\n\t\t\t\t<div class=\"elementor-element elementor-element-723674f elementor-widget elementor-widget-heading\" data-id=\"723674f\" data-element_type=\"widget\" data-widget_type=\"heading.default\">\n\t\t\t\t<div class=\"elementor-widget-container\">\n\t\t\t\t\t<p class=\"elementor-heading-title elementor-size-default\"><a href=\"https:\/\/www.societe.com\/etablissement\/ovh-42476141900052-4a.htmltarget=_blankhttps:\/\/www.societe.com\/etablissement\/ovh-42476141900052-4a.html\/abr\" target=\"_blank\" rel=\"noopener\">OVH<br>\n2 rue Kellermann<br> 59 100 Roubaix - Francia<br>\nIl centro di elaborazione dati si trova a Gravelines<\/a><\/p>\t\t\t\t<\/div>\n\t\t\t\t<\/div>\n\t\t\t\t<\/div>\n\t\t<div class=\"elementor-element elementor-element-f983348 e-con-full bxgra e-flex e-con e-child\" data-id=\"f983348\" data-element_type=\"container\" data-settings=\"{&quot;background_background&quot;:&quot;classic&quot;}\">\n\t\t\t\t<div class=\"elementor-element elementor-element-14e2d53 elementor-widget elementor-widget-heading\" data-id=\"14e2d53\" data-element_type=\"widget\" data-widget_type=\"heading.default\">\n\t\t\t\t<div class=\"elementor-widget-container\">\n\t\t\t\t\t<h2 class=\"elementor-heading-title elementor-size-default\">Il sito \u00e8 curato e sviluppato da:<\/h2>\t\t\t\t<\/div>\n\t\t\t\t<\/div>\n\t\t\t\t<div class=\"elementor-element elementor-element-bc25b6a elementor-widget elementor-widget-heading\" data-id=\"bc25b6a\" data-element_type=\"widget\" data-widget_type=\"heading.default\">\n\t\t\t\t<div class=\"elementor-widget-container\">\n\t\t\t\t\t<p class=\"elementor-heading-title elementor-size-default\">Sviluppatore: Serkan Sahin <br> Pubblicazione: Alexandre Crazover <br> E-mail : <span>dpo@datawordsdev.kinsta.cloud<\/span><br> Tel : +33 1 75 33 80 80<\/p>\t\t\t\t<\/div>\n\t\t\t\t<\/div>\n\t\t\t\t<\/div>\n\t\t\t\t<\/div>\n\t\t\t\t<div class=\"elementor-element elementor-element-b930c42 elementor-widget elementor-widget-heading\" data-id=\"b930c42\" data-element_type=\"widget\" data-widget_type=\"heading.default\">\n\t\t\t\t<div class=\"elementor-widget-container\">\n\t\t\t\t\t<p class=\"elementor-heading-title elementor-size-default\">Le presenti note legali comprendono le condizioni d\u2019uso del sito da parte degli utenti.\n<\/p>\t\t\t\t<\/div>\n\t\t\t\t<\/div>\n\t\t<div class=\"elementor-element elementor-element-c8f5339 e-con-full e-flex e-con e-parent\" data-id=\"c8f5339\" data-element_type=\"container\">\n\t\t\t\t<div class=\"elementor-element elementor-element-c434c36 elementor-widget elementor-widget-heading\" data-id=\"c434c36\" data-element_type=\"widget\" data-widget_type=\"heading.default\">\n\t\t\t\t<div class=\"elementor-widget-container\">\n\t\t\t\t\t<h2 class=\"elementor-heading-title elementor-size-default\">Termini e condizioni\n\n<\/h2>\t\t\t\t<\/div>\n\t\t\t\t<\/div>\n\t\t\t\t<div class=\"elementor-element elementor-element-65c4c90 elementor-widget elementor-widget-heading\" data-id=\"65c4c90\" data-element_type=\"widget\" data-widget_type=\"heading.default\">\n\t\t\t\t<div class=\"elementor-widget-container\">\n\t\t\t\t\t<h2 class=\"elementor-heading-title elementor-size-default\">d\u2019uso\n\n<\/h2>\t\t\t\t<\/div>\n\t\t\t\t<\/div>\n\t\t\t\t<\/div>\n\t\t\t\t<div class=\"elementor-element elementor-element-8ea8090 elementor-widget elementor-widget-heading\" data-id=\"8ea8090\" data-element_type=\"widget\" data-widget_type=\"heading.default\">\n\t\t\t\t<div class=\"elementor-widget-container\">\n\t\t\t\t\t<p class=\"elementor-heading-title elementor-size-default\">Il sito web Datawords presenta le attivit\u00e0 e i team dell\u2019agenzia.<\/p>\t\t\t\t<\/div>\n\t\t\t\t<\/div>\n\t\t\t\t<div class=\"elementor-element elementor-element-d5231d3 elementor-widget elementor-widget-heading\" data-id=\"d5231d3\" data-element_type=\"widget\" data-widget_type=\"heading.default\">\n\t\t\t\t<div class=\"elementor-widget-container\">\n\t\t\t\t\t<p class=\"elementor-heading-title elementor-size-default\">Ogni utente che accede e naviga sul sito si presume abbia accettato le presenti condizioni d\u2019uso ed \u00e8 tenuto a rispettarle.<\/p>\t\t\t\t<\/div>\n\t\t\t\t<\/div>\n\t\t\t\t<div class=\"elementor-element elementor-element-ce8da52 elementor-widget elementor-widget-heading\" data-id=\"ce8da52\" data-element_type=\"widget\" data-widget_type=\"heading.default\">\n\t\t\t\t<div class=\"elementor-widget-container\">\n\t\t\t\t\t<p class=\"elementor-heading-title elementor-size-default\">Le presenti condizioni d\u2019uso non si applicano ai moduli integrati nel sito che consentono la comunicazione con siti e piattaforme di terzi che hanno stabilito le proprie condizioni d\u2019uso. Invitiamo tutti gli utenti a consultare le condizioni d\u2019uso di questi moduli presso i rispettivi editori.<\/p>\t\t\t\t<\/div>\n\t\t\t\t<\/div>\n\t\t\t\t<div class=\"elementor-element elementor-element-102941c elementor-widget elementor-widget-heading\" data-id=\"102941c\" data-element_type=\"widget\" data-widget_type=\"heading.default\">\n\t\t\t\t<div class=\"elementor-widget-container\">\n\t\t\t\t\t<p class=\"elementor-heading-title elementor-size-default\">Le presenti condizioni possono essere modificate in qualsiasi momento. Eventuali modifiche saranno pubblicate sul sito e si presume che gli utenti che accedono al sito dopo la loro pubblicazione abbiano accettato tali modifiche.<\/p>\t\t\t\t<\/div>\n\t\t\t\t<\/div>\n\t\t\t\t<div class=\"elementor-element elementor-element-f7a8b33 elementor-widget elementor-widget-heading\" data-id=\"f7a8b33\" data-element_type=\"widget\" data-widget_type=\"heading.default\">\n\t\t\t\t<div class=\"elementor-widget-container\">\n\t\t\t\t\t<p class=\"elementor-heading-title elementor-size-default\">Le presenti condizioni d\u2019uso sono disciplinate dal diritto francese e qualsiasi controversia relativa alla loro applicazione e interpretazione sar\u00e0 sottoposta al Tribunale del Commercio di Parigi.\n<\/p>\t\t\t\t<\/div>\n\t\t\t\t<\/div>\n\t\t<div class=\"elementor-element elementor-element-2db3059 e-con-full e-flex e-con e-parent\" data-id=\"2db3059\" data-element_type=\"container\">\n\t\t\t\t<div class=\"elementor-element elementor-element-b4374ad elementor-widget elementor-widget-heading\" data-id=\"b4374ad\" data-element_type=\"widget\" data-widget_type=\"heading.default\">\n\t\t\t\t<div class=\"elementor-widget-container\">\n\t\t\t\t\t<h2 class=\"elementor-heading-title elementor-size-default\">Propriet\u00e0<\/h2>\t\t\t\t<\/div>\n\t\t\t\t<\/div>\n\t\t\t\t<div class=\"elementor-element elementor-element-f07996d elementor-widget elementor-widget-heading\" data-id=\"f07996d\" data-element_type=\"widget\" data-widget_type=\"heading.default\">\n\t\t\t\t<div class=\"elementor-widget-container\">\n\t\t\t\t\t<h2 class=\"elementor-heading-title elementor-size-default\"> Intellettuale<\/h2>\t\t\t\t<\/div>\n\t\t\t\t<\/div>\n\t\t\t\t<\/div>\n\t\t\t\t<div class=\"elementor-element elementor-element-bf5acdf elementor-widget elementor-widget-heading\" data-id=\"bf5acdf\" data-element_type=\"widget\" data-widget_type=\"heading.default\">\n\t\t\t\t<div class=\"elementor-widget-container\">\n\t\t\t\t\t<p class=\"elementor-heading-title elementor-size-default\">Tutti gli elementi e i contenuti del sito Datawords sono protetti da diritti di propriet\u00e0 intellettuale, compresi, a titolo esemplificativo, loghi, marchi registrati, foto, video, testi, disegni, grafici e presentazioni.\n<\/p>\t\t\t\t<\/div>\n\t\t\t\t<\/div>\n\t\t\t\t<div class=\"elementor-element elementor-element-e1fa655 elementor-widget elementor-widget-heading\" data-id=\"e1fa655\" data-element_type=\"widget\" data-widget_type=\"heading.default\">\n\t\t\t\t<div class=\"elementor-widget-container\">\n\t\t\t\t\t<p class=\"elementor-heading-title elementor-size-default\">La riproduzione, la distribuzione, la copia, l\u2019adattamento e la citazione di tutto o parte di questo sito, su qualunque supporto e per qualsiasi scopo, sono severamente vietati senza la preventiva autorizzazione del titolare dei diritti, Datawords, salvo diversa indicazione.\n<\/p>\t\t\t\t<\/div>\n\t\t\t\t<\/div>\n\t\t\t\t<div class=\"elementor-element elementor-element-8c3cd1a elementor-widget elementor-widget-heading\" data-id=\"8c3cd1a\" data-element_type=\"widget\" data-widget_type=\"heading.default\">\n\t\t\t\t<div class=\"elementor-widget-container\">\n\t\t\t\t\t<p class=\"elementor-heading-title elementor-size-default\">Datawords nega esplicitamente l\u2019utilizzo, totale o parziale, del contenuto del suo sito o degli elementi che lo compongono o che vi sono pubblicati, da parte di qualsiasi tipo di intelligenza artificiale.\n<\/p>\t\t\t\t<\/div>\n\t\t\t\t<\/div>\n\t\t<div class=\"elementor-element elementor-element-a32a999 e-con-full e-flex e-con e-parent\" data-id=\"a32a999\" data-element_type=\"container\">\n\t\t\t\t<div class=\"elementor-element elementor-element-fa36a7a elementor-widget elementor-widget-heading\" data-id=\"fa36a7a\" data-element_type=\"widget\" data-widget_type=\"heading.default\">\n\t\t\t\t<div class=\"elementor-widget-container\">\n\t\t\t\t\t<h2 class=\"elementor-heading-title elementor-size-default\">Collegamenti tra il sito Datawords e\n<\/h2>\t\t\t\t<\/div>\n\t\t\t\t<\/div>\n\t\t\t\t<div class=\"elementor-element elementor-element-49bf442 elementor-widget elementor-widget-heading\" data-id=\"49bf442\" data-element_type=\"widget\" data-widget_type=\"heading.default\">\n\t\t\t\t<div class=\"elementor-widget-container\">\n\t\t\t\t\t<h2 class=\"elementor-heading-title elementor-size-default\"> siti esterni<\/h2>\t\t\t\t<\/div>\n\t\t\t\t<\/div>\n\t\t\t\t<\/div>\n\t\t\t\t<div class=\"elementor-element elementor-element-227cab2 elementor-widget elementor-widget-heading\" data-id=\"227cab2\" data-element_type=\"widget\" data-widget_type=\"heading.default\">\n\t\t\t\t<div class=\"elementor-widget-container\">\n\t\t\t\t\t<p class=\"elementor-heading-title elementor-size-default\">Qualsiasi link da un sito esterno al sito Datawords \u00e8 soggetto alla preventiva autorizzazione di Datawords, che si riserva il diritto di intraprendere azioni legali nei confronti dei trasgressori. Tuttavia, la messa a disposizione di applicazioni e moduli che offrono questa possibilit\u00e0 equivale all\u2019autorizzazione di Datawords.\n<\/p>\t\t\t\t<\/div>\n\t\t\t\t<\/div>\n\t\t\t\t<div class=\"elementor-element elementor-element-3bca32a elementor-widget elementor-widget-heading\" data-id=\"3bca32a\" data-element_type=\"widget\" data-widget_type=\"heading.default\">\n\t\t\t\t<div class=\"elementor-widget-container\">\n\t\t\t\t\t<p class=\"elementor-heading-title elementor-size-default\">Datawords non si assume alcuna responsabilit\u00e0 per eventuali link da siti esterni verso questo sito e non pu\u00f2 essere ritenuta responsabile per il contenuto di tali siti di terzi semplicemente in virt\u00f9 dell\u2019esistenza di tali link.\n<\/p>\t\t\t\t<\/div>\n\t\t\t\t<\/div>\n\t\t\t\t<div class=\"elementor-element elementor-element-ca64bfa elementor-widget elementor-widget-heading\" data-id=\"ca64bfa\" data-element_type=\"widget\" data-widget_type=\"heading.default\">\n\t\t\t\t<div class=\"elementor-widget-container\">\n\t\t\t\t\t<p class=\"elementor-heading-title elementor-size-default\">Il sito contiene link ad altri siti del Gruppo Datawords, a siti di partner e\/o a siti di terzi. Datawords non ha alcun controllo su tali siti di terzi e non pu\u00f2 essere ritenuta responsabile del loro contenuto o delle loro condizioni d\u2019uso, in particolare per quanto riguarda la privacy. Datawords non pu\u00f2 essere ritenuta responsabile di eventuali danni subiti su un sito verso il quale \u00e8 stato reindirizzato uno dei suoi utenti.\n<\/p>\t\t\t\t<\/div>\n\t\t\t\t<\/div>\n\t\t\t\t<div class=\"elementor-element elementor-element-ed61983 elementor-widget elementor-widget-heading\" data-id=\"ed61983\" data-element_type=\"widget\" data-widget_type=\"heading.default\">\n\t\t\t\t<div class=\"elementor-widget-container\">\n\t\t\t\t\t<p class=\"elementor-heading-title elementor-size-default\">Datawords non si assume alcuna responsabilit\u00e0 per il contenuto dei siti esterni accessibili in questo modo.\n<\/p>\t\t\t\t<\/div>\n\t\t\t\t<\/div>\n\t\t<div class=\"elementor-element elementor-element-8457f76 e-con-full e-flex e-con e-parent\" data-id=\"8457f76\" data-element_type=\"container\">\n\t\t\t\t<div class=\"elementor-element elementor-element-400913a elementor-widget elementor-widget-heading\" data-id=\"400913a\" data-element_type=\"widget\" data-widget_type=\"heading.default\">\n\t\t\t\t<div class=\"elementor-widget-container\">\n\t\t\t\t\t<h2 class=\"elementor-heading-title elementor-size-default\">Limitazione <\/h2>\t\t\t\t<\/div>\n\t\t\t\t<\/div>\n\t\t\t\t<div class=\"elementor-element elementor-element-11bc3d0 elementor-widget elementor-widget-heading\" data-id=\"11bc3d0\" data-element_type=\"widget\" data-widget_type=\"heading.default\">\n\t\t\t\t<div class=\"elementor-widget-container\">\n\t\t\t\t\t<h2 class=\"elementor-heading-title elementor-size-default\">di responsabilit\u00e0<\/h2>\t\t\t\t<\/div>\n\t\t\t\t<\/div>\n\t\t\t\t<\/div>\n\t\t\t\t<div class=\"elementor-element elementor-element-8b14ef7 elementor-widget elementor-widget-heading\" data-id=\"8b14ef7\" data-element_type=\"widget\" data-widget_type=\"heading.default\">\n\t\t\t\t<div class=\"elementor-widget-container\">\n\t\t\t\t\t<p class=\"elementor-heading-title elementor-size-default\">Datawords aggiorna regolarmente i contenuti e i sistemi del sito per far s\u00ec che gli utenti possano accedere al sito e utilizzarlo nelle migliori condizioni possibili.\n<\/p>\t\t\t\t<\/div>\n\t\t\t\t<\/div>\n\t\t\t\t<div class=\"elementor-element elementor-element-0fb7acb elementor-widget elementor-widget-heading\" data-id=\"0fb7acb\" data-element_type=\"widget\" data-widget_type=\"heading.default\">\n\t\t\t\t<div class=\"elementor-widget-container\">\n\t\t\t\t\t<p class=\"elementor-heading-title elementor-size-default\">Tuttavia, Datawords non pu\u00f2 garantire che i contenuti pubblicati sul sito siano sempre aggiornati, completi, accurati o esaustivi.\n<\/p>\t\t\t\t<\/div>\n\t\t\t\t<\/div>\n\t\t\t\t<div class=\"elementor-element elementor-element-aec5d65 elementor-widget elementor-widget-heading\" data-id=\"aec5d65\" data-element_type=\"widget\" data-widget_type=\"heading.default\">\n\t\t\t\t<div class=\"elementor-widget-container\">\n\t\t\t\t\t<p class=\"elementor-heading-title elementor-size-default\">L\u2019utente \u00e8 pienamente consapevole che i contenuti del sito sono forniti a scopo puramente informativo.\n<\/p>\t\t\t\t<\/div>\n\t\t\t\t<\/div>\n\t\t\t\t<div class=\"elementor-element elementor-element-3649bb2 elementor-widget elementor-widget-heading\" data-id=\"3649bb2\" data-element_type=\"widget\" data-widget_type=\"heading.default\">\n\t\t\t\t<div class=\"elementor-widget-container\">\n\t\t\t\t\t<p class=\"elementor-heading-title elementor-size-default\">Datawords non pu\u00f2 essere ritenuta responsabile di eventuali inconvenienti o danni causati a un utente dalle azioni di terzi che, con mezzi tecnici scorretti, abbiano utilizzato le informazioni pubblicate sul sito. Tuttavia, la Societ\u00e0 assicura che far\u00e0 tutto il possibile per contrastare tali azioni, pur essendo limitata dai vincoli inerenti a Internet.\n<\/p>\t\t\t\t<\/div>\n\t\t\t\t<\/div>\n\t\t\t\t<div class=\"elementor-element elementor-element-d9ba1c8 elementor-widget elementor-widget-heading\" data-id=\"d9ba1c8\" data-element_type=\"widget\" data-widget_type=\"heading.default\">\n\t\t\t\t<div class=\"elementor-widget-container\">\n\t\t\t\t\t<p class=\"elementor-heading-title elementor-size-default\">La Societ\u00e0 non pu\u00f2 essere ritenuta responsabile di eventuali danni subiti, specialmente in considerazione della qualit\u00e0 della rete Internet e\/o delle configurazioni tecniche.\n<\/p>\t\t\t\t<\/div>\n\t\t\t\t<\/div>\n\t\t\t\t<div class=\"elementor-element elementor-element-11c867f elementor-widget elementor-widget-heading\" data-id=\"11c867f\" data-element_type=\"widget\" data-widget_type=\"heading.default\">\n\t\t\t\t<div class=\"elementor-widget-container\">\n\t\t\t\t\t<p class=\"elementor-heading-title elementor-size-default\">Il sito \u00e8 stato sviluppato in un ambiente tecnico scelto da Datawords e viene aggiornato per garantirne l\u2019accessibilit\u00e0. Tuttavia, Datawords non garantisce l\u2019accessibilit\u00e0 totale del sito, n\u00e9 l\u2019assenza di errori o bug. Qualsiasi utente di Internet che riscontri un problema di navigazione \u00e8 invitato a informare il webmaster via e-mail, senza che Datawords sia obbligata a risolvere il problema.\n<\/p>\t\t\t\t<\/div>\n\t\t\t\t<\/div>\n\t\t\t\t<div class=\"elementor-element elementor-element-6c8cc94 elementor-widget elementor-widget-heading\" data-id=\"6c8cc94\" data-element_type=\"widget\" data-widget_type=\"heading.default\">\n\t\t\t\t<div class=\"elementor-widget-container\">\n\t\t\t\t\t<p class=\"elementor-heading-title elementor-size-default\">Datawords non pu\u00f2 essere ritenuta responsabile di eventuali malfunzionamenti, bug, deterioramenti di moduli esterni o causati da moduli esterni che consentono la comunicazione con siti\/piattaforme esterni detentori della gestione e del controllo esclusivo di tali moduli.\n<\/p>\t\t\t\t<\/div>\n\t\t\t\t<\/div>\n\t\t\t\t<div class=\"elementor-element elementor-element-b92dab8 elementor-widget elementor-widget-heading\" data-id=\"b92dab8\" data-element_type=\"widget\" data-widget_type=\"heading.default\">\n\t\t\t\t<div class=\"elementor-widget-container\">\n\t\t\t\t\t<p class=\"elementor-heading-title elementor-size-default\">Datawords si riserva il diritto di intraprendere azioni legali contro chiunque, con qualsiasi mezzo, arrechi danni al sito Datawords, tanto alla struttura tecnica quanto ai contenuti pubblicati (copia illegale, hacking, invio di file dannosi, ecc.).\n<\/p>\t\t\t\t<\/div>\n\t\t\t\t<\/div>\n\t\t\t\t<div class=\"elementor-element elementor-element-499ddf3 elementor-widget elementor-widget-heading\" data-id=\"499ddf3\" data-element_type=\"widget\" data-widget_type=\"heading.default\">\n\t\t\t\t<div class=\"elementor-widget-container\">\n\t\t\t\t\t<p class=\"elementor-heading-title elementor-size-default\">\u00a9 Datawords 2025<\/p>\t\t\t\t<\/div>\n\t\t\t\t<\/div>\n\t\t\t\t\t<\/div>\n\t\t<\/div>\n\t\t\t\t\t<\/div>\n\t\t<\/section>\n\t\t\t\t\t<\/div>\n\t\t<\/div>\n\t\t\t\t\t<\/div>\n\t\t<\/section>\n\t\t\t\t<\/div>\n\t\t","protected":false},"excerpt":{"rendered":"<p>NOTE LEGALI Il sito Datawords (di seguito, \u201cil sito\u201d) \u00e8 di propriet\u00e0 di Datawords Datasia, societ\u00e0 del Gruppo Datawords (di seguito, \u201cDatawords\u201d), con sede legale in 66 Rue de Villiers, 92300 Levallois-Perret, Francia, e capitale di 127.960,00 euro, iscritta al Registro del Commercio e delle Imprese di Nanterre con il numero 431 857 317, IVA [&hellip;]<\/p>\n","protected":false},"author":1,"featured_media":0,"parent":0,"menu_order":0,"comment_status":"closed","ping_status":"closed","template":"","meta":{"_acf_changed":false,"content-type":"","footnotes":""},"class_list":["post-31260","page","type-page","status-publish","hentry"],"acf":[],"_links":{"self":[{"href":"https:\/\/datawords.com\/it\/wp-json\/wp\/v2\/pages\/31260","targetHints":{"allow":["GET"]}}],"collection":[{"href":"https:\/\/datawords.com\/it\/wp-json\/wp\/v2\/pages"}],"about":[{"href":"https:\/\/datawords.com\/it\/wp-json\/wp\/v2\/types\/page"}],"author":[{"embeddable":true,"href":"https:\/\/datawords.com\/it\/wp-json\/wp\/v2\/users\/1"}],"replies":[{"embeddable":true,"href":"https:\/\/datawords.com\/it\/wp-json\/wp\/v2\/comments?post=31260"}],"version-history":[{"count":0,"href":"https:\/\/datawords.com\/it\/wp-json\/wp\/v2\/pages\/31260\/revisions"}],"wp:attachment":[{"href":"https:\/\/datawords.com\/it\/wp-json\/wp\/v2\/media?parent=31260"}],"curies":[{"name":"wp","href":"https:\/\/api.w.org\/{rel}","templated":true}]}}