{"id":31257,"date":"2023-07-22T12:07:12","date_gmt":"2023-07-22T10:07:12","guid":{"rendered":"https:\/\/datawords.com\/dichiarazione-sulla-privacy\/"},"modified":"2026-02-04T07:34:39","modified_gmt":"2026-02-04T06:34:39","slug":"gestione-dei-dati-personali","status":"publish","type":"page","link":"https:\/\/datawords.com\/it\/gestione-dei-dati-personali\/","title":{"rendered":"Gestione dei dati personali"},"content":{"rendered":"\t\t<div data-elementor-type=\"wp-page\" data-elementor-id=\"31257\" class=\"elementor elementor-31257 elementor-8143\" data-elementor-post-type=\"page\">\n\t\t\t\t\t\t<section class=\"elementor-section elementor-top-section elementor-element elementor-element-e9d5e49 elementor-section-boxed elementor-section-height-default elementor-section-height-default\" data-id=\"e9d5e49\" data-element_type=\"section\" data-settings=\"{&quot;background_background&quot;:&quot;classic&quot;}\">\n\t\t\t\t\t\t<div class=\"elementor-container elementor-column-gap-default\">\n\t\t\t\t\t<div class=\"elementor-column elementor-col-100 elementor-top-column elementor-element elementor-element-ded97ec\" data-id=\"ded97ec\" data-element_type=\"column\" data-settings=\"{&quot;background_background&quot;:&quot;classic&quot;}\">\n\t\t\t<div class=\"elementor-widget-wrap elementor-element-populated\">\n\t\t\t\t\t\t<section class=\"elementor-section elementor-inner-section elementor-element elementor-element-742bec8 elementor-section-boxed elementor-section-height-default elementor-section-height-default\" data-id=\"742bec8\" data-element_type=\"section\">\n\t\t\t\t\t\t<div class=\"elementor-container elementor-column-gap-default\">\n\t\t\t\t\t<div class=\"elementor-column elementor-col-100 elementor-inner-column elementor-element elementor-element-d98326e\" data-id=\"d98326e\" data-element_type=\"column\">\n\t\t\t<div class=\"elementor-widget-wrap elementor-element-populated\">\n\t\t\t\t\t\t<div class=\"elementor-element elementor-element-8338d45 textchange elementor-widget__width-initial elementor-widget elementor-widget-text-editor\" data-id=\"8338d45\" data-element_type=\"widget\" data-widget_type=\"text-editor.default\">\n\t\t\t\t<div class=\"elementor-widget-container\">\n\t\t\t\t\t\t\t\t\t<strong>Gestione dei<\/strong><br> dati personali\t\t\t\t\t\t\t\t<\/div>\n\t\t\t\t<\/div>\n\t\t\t\t\t<\/div>\n\t\t<\/div>\n\t\t\t\t\t<\/div>\n\t\t<\/section>\n\t\t\t\t\t<\/div>\n\t\t<\/div>\n\t\t\t\t\t<\/div>\n\t\t<\/section>\n\t\t<div class=\"elementor-element elementor-element-a451f9a e-flex e-con-boxed e-con e-parent\" data-id=\"a451f9a\" data-element_type=\"container\" data-settings=\"{&quot;background_background&quot;:&quot;classic&quot;}\">\n\t\t\t\t\t<div class=\"e-con-inner\">\n\t\t\t\t<div class=\"elementor-element elementor-element-4673ba7 elementor-widget elementor-widget-spacer\" data-id=\"4673ba7\" data-element_type=\"widget\" data-widget_type=\"spacer.default\">\n\t\t\t\t<div class=\"elementor-widget-container\">\n\t\t\t\t\t\t\t<div class=\"elementor-spacer\">\n\t\t\t<div class=\"elementor-spacer-inner\"><\/div>\n\t\t<\/div>\n\t\t\t\t\t\t<\/div>\n\t\t\t\t<\/div>\n\t\t\t\t\t<\/div>\n\t\t\t\t<\/div>\n\t\t\t\t<section class=\"elementor-section elementor-top-section elementor-element elementor-element-658c4ca whitetxt elementor-section-boxed elementor-section-height-default elementor-section-height-default\" data-id=\"658c4ca\" data-element_type=\"section\" data-settings=\"{&quot;background_background&quot;:&quot;classic&quot;}\">\n\t\t\t\t\t\t<div class=\"elementor-container elementor-column-gap-default\">\n\t\t\t\t\t<div class=\"elementor-column elementor-col-100 elementor-top-column elementor-element elementor-element-69628cf\" data-id=\"69628cf\" data-element_type=\"column\">\n\t\t\t<div class=\"elementor-widget-wrap elementor-element-populated\">\n\t\t\t\t\t\t<section class=\"elementor-section elementor-inner-section elementor-element elementor-element-06217c1 elementor-section-boxed elementor-section-height-default elementor-section-height-default\" data-id=\"06217c1\" data-element_type=\"section\">\n\t\t\t\t\t\t<div class=\"elementor-container elementor-column-gap-default\">\n\t\t\t\t\t<div class=\"elementor-column elementor-col-100 elementor-inner-column elementor-element elementor-element-f083099\" data-id=\"f083099\" data-element_type=\"column\">\n\t\t\t<div class=\"elementor-widget-wrap elementor-element-populated\">\n\t\t\t\t\t\t<div class=\"elementor-element elementor-element-28a5f0a elementor-widget elementor-widget-heading\" data-id=\"28a5f0a\" data-element_type=\"widget\" data-widget_type=\"heading.default\">\n\t\t\t\t<div class=\"elementor-widget-container\">\n\t\t\t\t\t<p class=\"elementor-heading-title elementor-size-default\">\nDatawords \u00e8 pienamente consapevole delle normative che regolano la protezione dei dati personali. Per questo motivo, ci proponiamo di rendere il pi\u00f9 possibile chiare e accessibili tutte le informazioni relative al trattamento dei dati effettuato tramite il nostro sito web, che si tratti di una semplice richiesta di informazioni, di un'iscrizione alla nostra newsletter o di una candidatura per un posto di lavoro presso la nostra azienda.<\/p>\t\t\t\t<\/div>\n\t\t\t\t<\/div>\n\t\t\t\t<div class=\"elementor-element elementor-element-e669d07 elementor-widget elementor-widget-heading\" data-id=\"e669d07\" data-element_type=\"widget\" data-widget_type=\"heading.default\">\n\t\t\t\t<div class=\"elementor-widget-container\">\n\t\t\t\t\t<p class=\"elementor-heading-title elementor-size-default\">Lo scopo dell'informativa sulla protezione dei dati personali di Datawords \u00e8 informarti sulle modalit\u00e0 di utilizzo dei dati raccolti tramite questo sito web, nonch\u00e9 sui tuoi diritti e sulle modalit\u00e0 di esercizio degli stessi.\n\n<\/p>\t\t\t\t<\/div>\n\t\t\t\t<\/div>\n\t\t\t\t<div class=\"elementor-element elementor-element-7d4f8b6 elementor-widget elementor-widget-heading\" data-id=\"7d4f8b6\" data-element_type=\"widget\" data-widget_type=\"heading.default\">\n\t\t\t\t<div class=\"elementor-widget-container\">\n\t\t\t\t\t<p class=\"elementor-heading-title elementor-size-default\">La presente informativa riflette anche i principi di riservatezza e sicurezza dei dati di Datawords. Il trattamento dei dati \u00e8 fondamentale per Datawords, quindi per la nostra attivit\u00e0 \u00e8 essenziale che venga effettuato in modo sicuro e in conformit\u00e0 con la tua volont\u00e0.\n\n<\/p>\t\t\t\t<\/div>\n\t\t\t\t<\/div>\n\t\t\t\t<div class=\"elementor-element elementor-element-44fbcbb elementor-widget elementor-widget-heading\" data-id=\"44fbcbb\" data-element_type=\"widget\" data-widget_type=\"heading.default\">\n\t\t\t\t<div class=\"elementor-widget-container\">\n\t\t\t\t\t<p class=\"elementor-heading-title elementor-size-default\">Prima di confermare l'invio dei tuoi dati personali tramite il nostro sito web, ti impegni a leggere e accettare la presente informativa. Accettandola, acconsenti in modo chiaro e inequivocabile all'elaborazione della tua richiesta da parte di Datawords, tramite l'utilizzo dei dati inviati a tale scopo.\n\n<\/p>\t\t\t\t<\/div>\n\t\t\t\t<\/div>\n\t\t\t\t<div class=\"elementor-element elementor-element-1fdc304 elementor-widget__width-inherit textchange elementor-widget elementor-widget-text-editor\" data-id=\"1fdc304\" data-element_type=\"widget\" data-widget_type=\"text-editor.default\">\n\t\t\t\t<div class=\"elementor-widget-container\">\n\t\t\t\t\t\t\t\t\t<h2><strong>Impegni di<\/strong> Datawords<\/h2>\t\t\t\t\t\t\t\t<\/div>\n\t\t\t\t<\/div>\n\t\t\t\t<div class=\"elementor-element elementor-element-3939f8c elementor-widget elementor-widget-heading\" data-id=\"3939f8c\" data-element_type=\"widget\" data-widget_type=\"heading.default\">\n\t\t\t\t<div class=\"elementor-widget-container\">\n\t\t\t\t\t<p class=\"elementor-heading-title elementor-size-default\">Datawords si impegna a rispettare la legislazione francese in materia di dati personali, in particolare la legge n. 78-17 del 6 gennaio 1978 relativa al trattamento dei dati, agli archivi e alle libert\u00e0 individuali. Inoltre, Datawords si impegna a rispettare il Regolamento Generale sulla Protezione dei Dati (GDPR) 2016\/679 del Parlamento europeo e del Consiglio del 27 aprile 2016, in vigore dal 25 maggio 2018.<\/p>\t\t\t\t<\/div>\n\t\t\t\t<\/div>\n\t\t\t\t<div class=\"elementor-element elementor-element-a77a1b0 elementor-widget elementor-widget-heading\" data-id=\"a77a1b0\" data-element_type=\"widget\" data-widget_type=\"heading.default\">\n\t\t\t\t<div class=\"elementor-widget-container\">\n\t\t\t\t\t<p class=\"elementor-heading-title elementor-size-default\">Ci impegniamo pertanto a utilizzare i dati personali che riceviamo solo in conformit\u00e0 agli scopi per cui sono stati inviati.<\/p>\t\t\t\t<\/div>\n\t\t\t\t<\/div>\n\t\t\t\t<div class=\"elementor-element elementor-element-828fb23 elementor-widget elementor-widget-heading\" data-id=\"828fb23\" data-element_type=\"widget\" data-widget_type=\"heading.default\">\n\t\t\t\t<div class=\"elementor-widget-container\">\n\t\t\t\t\t<p class=\"elementor-heading-title elementor-size-default\">Datawords si impegna inoltre a implementare tutte le misure organizzative e tecniche necessarie a rispettare i testi sopra citati e a garantire un livello di sicurezza adeguato alle finalit\u00e0 del trattamento e alla natura dei dati.\n\n<\/p>\t\t\t\t<\/div>\n\t\t\t\t<\/div>\n\t\t\t\t<div class=\"elementor-element elementor-element-edc52b9 elementor-widget elementor-widget-heading\" data-id=\"edc52b9\" data-element_type=\"widget\" data-widget_type=\"heading.default\">\n\t\t\t\t<div class=\"elementor-widget-container\">\n\t\t\t\t\t<p class=\"elementor-heading-title elementor-size-default\">In caso di domande sulla presente informativa, puoi contattare Datawords all'indirizzo dpo@datawordsdev.kinsta.cloud.<\/p>\t\t\t\t<\/div>\n\t\t\t\t<\/div>\n\t\t\t\t<div class=\"elementor-element elementor-element-755f483 elementor-widget__width-inherit textchange elementor-widget elementor-widget-text-editor\" data-id=\"755f483\" data-element_type=\"widget\" data-widget_type=\"text-editor.default\">\n\t\t\t\t<div class=\"elementor-widget-container\">\n\t\t\t\t\t\t\t\t\t<h2><strong>Chi raccoglie i dati<\/strong> personali?<\/h2>\n\t\t\t\t\t\t\t\t<\/div>\n\t\t\t\t<\/div>\n\t\t\t\t<div class=\"elementor-element elementor-element-59234d8 elementor-widget elementor-widget-heading\" data-id=\"59234d8\" data-element_type=\"widget\" data-widget_type=\"heading.default\">\n\t\t\t\t<div class=\"elementor-widget-container\">\n\t\t\t\t\t<p class=\"elementor-heading-title elementor-size-default\">Per la raccolta dei dati personali dei visitatori attraverso il proprio sito web, Datawords agisce in qualit\u00e0 di titolare del trattamento e raccoglie direttamente tali dati.\n\n<\/p>\t\t\t\t<\/div>\n\t\t\t\t<\/div>\n\t\t\t\t<div class=\"elementor-element elementor-element-e283d99 elementor-widget elementor-widget-heading\" data-id=\"e283d99\" data-element_type=\"widget\" data-widget_type=\"heading.default\">\n\t\t\t\t<div class=\"elementor-widget-container\">\n\t\t\t\t\t<p class=\"elementor-heading-title elementor-size-default\">La sede legale di Datawords si trova al seguente indirizzo:\n<br><br>\n\nDatawords<br>\n66 rue de Villiers<br>\n92300 Levallois-Perret<br>\nFrance<\/p>\t\t\t\t<\/div>\n\t\t\t\t<\/div>\n\t\t\t\t<div class=\"elementor-element elementor-element-2abfe72 elementor-widget elementor-widget-heading\" data-id=\"2abfe72\" data-element_type=\"widget\" data-widget_type=\"heading.default\">\n\t\t\t\t<div class=\"elementor-widget-container\">\n\t\t\t\t\t<p class=\"elementor-heading-title elementor-size-default\">Datawords Datasia \u00e8 una soci\u00e9t\u00e9 par actions simplifi\u00e9e (societ\u00e0 per azioni semplificata) iscritta al Registro del Commercio e delle Imprese di Nanterre con il numero 431 857 317, con un capitale sociale di 127.960,00 euro.\n\n<\/p>\t\t\t\t<\/div>\n\t\t\t\t<\/div>\n\t\t\t\t<div class=\"elementor-element elementor-element-ec9ae84 elementor-widget__width-inherit textchange elementor-widget elementor-widget-text-editor\" data-id=\"ec9ae84\" data-element_type=\"widget\" data-widget_type=\"text-editor.default\">\n\t\t\t\t<div class=\"elementor-widget-container\">\n\t\t\t\t\t\t\t\t\t<h2><strong>finalit\u00e0 del trattamento<\/strong><br> dei dati personali<\/h2>\t\t\t\t\t\t\t\t<\/div>\n\t\t\t\t<\/div>\n\t\t\t\t<div class=\"elementor-element elementor-element-d80cd65 elementor-widget elementor-widget-image-box\" data-id=\"d80cd65\" data-element_type=\"widget\" data-widget_type=\"image-box.default\">\n\t\t\t\t<div class=\"elementor-widget-container\">\n\t\t\t\t\t<div class=\"elementor-image-box-wrapper\"><div class=\"elementor-image-box-content\"><h3 class=\"elementor-image-box-title\">Dati personali inviati tramite la nostra scheda di contatto<\/h3><\/div><\/div>\t\t\t\t<\/div>\n\t\t\t\t<\/div>\n\t\t\t\t<div class=\"elementor-element elementor-element-e50f665 elementor-widget elementor-widget-heading\" data-id=\"e50f665\" data-element_type=\"widget\" data-widget_type=\"heading.default\">\n\t\t\t\t<div class=\"elementor-widget-container\">\n\t\t\t\t\t<p class=\"elementor-heading-title elementor-size-default\">I dati personali inviati tramite la nostra scheda di contatto sono le informazioni di contatto che hai scelto di condividere con noi. Lo scopo di queste informazioni \u00e8 quello di identificarti e di permetterci di rispondere alle tue esigenze nel miglior modo possibile.<\/p>\t\t\t\t<\/div>\n\t\t\t\t<\/div>\n\t\t\t\t<div class=\"elementor-element elementor-element-81e0088 elementor-widget elementor-widget-heading\" data-id=\"81e0088\" data-element_type=\"widget\" data-widget_type=\"heading.default\">\n\t\t\t\t<div class=\"elementor-widget-container\">\n\t\t\t\t\t<p class=\"elementor-heading-title elementor-size-default\">Se lo desideri, puoi inviarci il file di tua scelta a supporto della tua richiesta tramite il nostro sito web, ma Datawords ti ricorda che questo non \u00e8 in alcun modo obbligatorio. Tuttavia, se decidi di avvalerti di questa opzione, sarai interamente responsabile della scelta delle informazioni fornite in questo documento. Lo stesso vale per il messaggio che puoi scrivere e allegare alla richiesta.\n\n<\/p>\t\t\t\t<\/div>\n\t\t\t\t<\/div>\n\t\t\t\t<div class=\"elementor-element elementor-element-17909ae elementor-widget elementor-widget-heading\" data-id=\"17909ae\" data-element_type=\"widget\" data-widget_type=\"heading.default\">\n\t\t\t\t<div class=\"elementor-widget-container\">\n\t\t\t\t\t<p class=\"elementor-heading-title elementor-size-default\">Quando accetti di inviare i tuoi dati personali a Datawords, accetti anche che Datawords possa utilizzarli nei limiti delle finalit\u00e0 sopra descritte.\n\n<\/p>\t\t\t\t<\/div>\n\t\t\t\t<\/div>\n\t\t\t\t<div class=\"elementor-element elementor-element-eae465a elementor-widget elementor-widget-image-box\" data-id=\"eae465a\" data-element_type=\"widget\" data-widget_type=\"image-box.default\">\n\t\t\t\t<div class=\"elementor-widget-container\">\n\t\t\t\t\t<div class=\"elementor-image-box-wrapper\"><div class=\"elementor-image-box-content\"><h3 class=\"elementor-image-box-title\">Dati personali inviati nell'ambito di una candidatura<\/h3><\/div><\/div>\t\t\t\t<\/div>\n\t\t\t\t<\/div>\n\t\t\t\t<div class=\"elementor-element elementor-element-5b2dded elementor-widget elementor-widget-heading\" data-id=\"5b2dded\" data-element_type=\"widget\" data-widget_type=\"heading.default\">\n\t\t\t\t<div class=\"elementor-widget-container\">\n\t\t\t\t\t<p class=\"elementor-heading-title elementor-size-default\">Tutti i dati personali inviati tramite il nostro sito web nell'ambito di un processo di reclutamento \u2013 ossia il nome, il cognome, l'indirizzo e-mail, il CV e la lettera di presentazione \u2013 vengono utilizzati per analizzare la tua candidatura nel modo pi\u00f9 accurato possibile e per contattarti allo scopo di informarti dell'esito del nostro processo di reclutamento.<\/p>\t\t\t\t<\/div>\n\t\t\t\t<\/div>\n\t\t\t\t<div class=\"elementor-element elementor-element-cc831e6 elementor-widget elementor-widget-image-box\" data-id=\"cc831e6\" data-element_type=\"widget\" data-widget_type=\"image-box.default\">\n\t\t\t\t<div class=\"elementor-widget-container\">\n\t\t\t\t\t<div class=\"elementor-image-box-wrapper\"><div class=\"elementor-image-box-content\"><h3 class=\"elementor-image-box-title\">Dati personali inviati nell'ambito dell'iscrizione alla newsletter<\/h3><\/div><\/div>\t\t\t\t<\/div>\n\t\t\t\t<\/div>\n\t\t\t\t<div class=\"elementor-element elementor-element-371ed52 elementor-widget elementor-widget-heading\" data-id=\"371ed52\" data-element_type=\"widget\" data-widget_type=\"heading.default\">\n\t\t\t\t<div class=\"elementor-widget-container\">\n\t\t\t\t\t<p class=\"elementor-heading-title elementor-size-default\">Quando ci invii i tuoi dati personali per ricevere la nostra newsletter, Datawords li utilizza unicamente per la finalit\u00e0 dichiarata. \u00c8 possibile annullare l'iscrizione cliccando sull'apposito link presente in ogni newsletter.<\/p>\t\t\t\t<\/div>\n\t\t\t\t<\/div>\n\t\t\t\t<div class=\"elementor-element elementor-element-b95004e elementor-widget__width-inherit textchange elementor-widget elementor-widget-text-editor\" data-id=\"b95004e\" data-element_type=\"widget\" data-widget_type=\"text-editor.default\">\n\t\t\t\t<div class=\"elementor-widget-container\">\n\t\t\t\t\t\t\t\t\t<h2><strong>Il sito web Datawords<\/strong><br> utilizza i cookie?<\/h2>\t\t\t\t\t\t\t\t<\/div>\n\t\t\t\t<\/div>\n\t\t\t\t<div class=\"elementor-element elementor-element-46d799d elementor-widget elementor-widget-text-editor\" data-id=\"46d799d\" data-element_type=\"widget\" data-widget_type=\"text-editor.default\">\n\t\t\t\t<div class=\"elementor-widget-container\">\n\t\t\t\t\t\t\t\t\t<p>Datawords utilizza i cookie per far funzionare il sito, per raccogliere informazioni statistiche sull\u2019uso che ne fanno i visitatori e per comunicare informazioni a terzi a scopo di marketing. Per maggiori informazioni, ti invitiamo a consultare la pagina \u201c<a href=\"https:\/\/datawords.com\/it\/gestione-dei-cookie\/\">Gestione dei cookie<\/a>\u201d .<\/p>\t\t\t\t\t\t\t\t<\/div>\n\t\t\t\t<\/div>\n\t\t\t\t<div class=\"elementor-element elementor-element-89727bb elementor-widget__width-inherit textchange elementor-widget elementor-widget-text-editor\" data-id=\"89727bb\" data-element_type=\"widget\" data-widget_type=\"text-editor.default\">\n\t\t\t\t<div class=\"elementor-widget-container\">\n\t\t\t\t\t\t\t\t\t<h2><strong>Per quanto tempo vengono conservati<\/strong> i dati personali?<\/h2>\t\t\t\t\t\t\t\t<\/div>\n\t\t\t\t<\/div>\n\t\t\t\t<div class=\"elementor-element elementor-element-e53b6e5 elementor-widget elementor-widget-heading\" data-id=\"e53b6e5\" data-element_type=\"widget\" data-widget_type=\"heading.default\">\n\t\t\t\t<div class=\"elementor-widget-container\">\n\t\t\t\t\t<p class=\"elementor-heading-title elementor-size-default\">Tutti i dati raccolti tramite i nostri moduli di contatto vengono conservati unicamente per il tempo necessario a conseguire lo scopo o gli scopi per cui sono stati raccolti.<\/p>\t\t\t\t<\/div>\n\t\t\t\t<\/div>\n\t\t\t\t<div class=\"elementor-element elementor-element-764bd83 elementor-widget elementor-widget-heading\" data-id=\"764bd83\" data-element_type=\"widget\" data-widget_type=\"heading.default\">\n\t\t\t\t<div class=\"elementor-widget-container\">\n\t\t\t\t\t<p class=\"elementor-heading-title elementor-size-default\">I dati inviati nell'ambito di una candidatura possono essere conservati (a) per due anni nel caso di candidature non accolte che potrebbero essere rilevanti per una futura offerta di lavoro o (b) per la durata della nostra collaborazione e fino a 5-10 anni dopo la sua conclusione. I dati raccolti con l'iscrizione alla nostra newsletter saranno conservati finch\u00e9 darai il tuo consenso all'invio di tali dati.<\/p>\t\t\t\t<\/div>\n\t\t\t\t<\/div>\n\t\t\t\t<div class=\"elementor-element elementor-element-6b88a5f elementor-widget__width-inherit textchange elementor-widget elementor-widget-text-editor\" data-id=\"6b88a5f\" data-element_type=\"widget\" data-widget_type=\"text-editor.default\">\n\t\t\t\t<div class=\"elementor-widget-container\">\n\t\t\t\t\t\t\t\t\t<h2><strong>Chi pu\u00f2 accedere ai<\/strong><br> dati personali?<\/h2>\t\t\t\t\t\t\t\t<\/div>\n\t\t\t\t<\/div>\n\t\t\t\t<div class=\"elementor-element elementor-element-f34089d elementor-widget elementor-widget-heading\" data-id=\"f34089d\" data-element_type=\"widget\" data-widget_type=\"heading.default\">\n\t\t\t\t<div class=\"elementor-widget-container\">\n\t\t\t\t\t<p class=\"elementor-heading-title elementor-size-default\">Possono accedervi solo le persone competenti e indispensabili per il corretto trattamento dei dati personali.<\/p>\t\t\t\t<\/div>\n\t\t\t\t<\/div>\n\t\t\t\t<div class=\"elementor-element elementor-element-d6becc9 elementor-widget elementor-widget-heading\" data-id=\"d6becc9\" data-element_type=\"widget\" data-widget_type=\"heading.default\">\n\t\t\t\t<div class=\"elementor-widget-container\">\n\t\t\t\t\t<p class=\"elementor-heading-title elementor-size-default\">Datawords non vender\u00e0 mai i tuoi dati. Qualsiasi comunicazione dei tuoi dati a terzi avverr\u00e0 solo con il tuo consenso, al fine di migliorare la tua esperienza sul nostro sito web o nell'ambito dell'esecuzione di un contratto da te precedentemente sottoscritto.<\/p>\t\t\t\t<\/div>\n\t\t\t\t<\/div>\n\t\t\t\t<div class=\"elementor-element elementor-element-41f53ac elementor-widget__width-inherit textchange elementor-widget elementor-widget-text-editor\" data-id=\"41f53ac\" data-element_type=\"widget\" data-widget_type=\"text-editor.default\">\n\t\t\t\t<div class=\"elementor-widget-container\">\n\t\t\t\t\t\t\t\t\t<h2><strong>Come esercitare<\/strong><br \/>i tuoi diritti<\/h2>\t\t\t\t\t\t\t\t<\/div>\n\t\t\t\t<\/div>\n\t\t\t\t<div class=\"elementor-element elementor-element-35a0634 elementor-widget elementor-widget-heading\" data-id=\"35a0634\" data-element_type=\"widget\" data-widget_type=\"heading.default\">\n\t\t\t\t<div class=\"elementor-widget-container\">\n\t\t\t\t\t<p class=\"elementor-heading-title elementor-size-default\">Quando accetti di fornirci i tuoi dati, hai un diritto di accesso, rettifica, opposizione al trattamento e cancellazione di tali dati.<\/p>\t\t\t\t<\/div>\n\t\t\t\t<\/div>\n\t\t\t\t<div class=\"elementor-element elementor-element-25eaf6a elementor-widget elementor-widget-heading\" data-id=\"25eaf6a\" data-element_type=\"widget\" data-widget_type=\"heading.default\">\n\t\t\t\t<div class=\"elementor-widget-container\">\n\t\t\t\t\t<p class=\"elementor-heading-title elementor-size-default\">In conformit\u00e0 con il GDPR, disponi del diritto di accesso, rettifica e cancellazione dei tuoi dati personali, del diritto di limitazione del trattamento di tali dati, del diritto alla portabilit\u00e0 di tali dati e del diritto di opposizione al loro trattamento.<\/p>\t\t\t\t<\/div>\n\t\t\t\t<\/div>\n\t\t\t\t<div class=\"elementor-element elementor-element-1a5efa1 elementor-widget elementor-widget-heading\" data-id=\"1a5efa1\" data-element_type=\"widget\" data-widget_type=\"heading.default\">\n\t\t\t\t<div class=\"elementor-widget-container\">\n\t\t\t\t\t<p class=\"elementor-heading-title elementor-size-default\">Tali diritti possono essere esercitati inviando una richiesta tramite e-mail al seguente indirizzo: dpo@datawordsdev.kinsta.cloud oppure per posta a:\ndpo@datawords.com \nou par courrier postal:<br>\nDatawords<br>\nDPO<br>\n66 rue de Villiers<br>\n92300 Levallois-Perret<br>\nFrance<\/p>\t\t\t\t<\/div>\n\t\t\t\t<\/div>\n\t\t\t\t<div class=\"elementor-element elementor-element-39c6640 elementor-widget elementor-widget-heading\" data-id=\"39c6640\" data-element_type=\"widget\" data-widget_type=\"heading.default\">\n\t\t\t\t<div class=\"elementor-widget-container\">\n\t\t\t\t\t<p class=\"elementor-heading-title elementor-size-default\">Datawords si impegna ad adottare tutte le misure necessarie nel pi\u00f9 breve tempo possibile dopo la ricezione della tua richiesta e a notificarti eventuali azioni intraprese.<\/p>\t\t\t\t<\/div>\n\t\t\t\t<\/div>\n\t\t\t\t<div class=\"elementor-element elementor-element-8dade55 elementor-widget elementor-widget-heading\" data-id=\"8dade55\" data-element_type=\"widget\" data-widget_type=\"heading.default\">\n\t\t\t\t<div class=\"elementor-widget-container\">\n\t\t\t\t\t<p class=\"elementor-heading-title elementor-size-default\">Se hai effettuato l'iscrizione alla nostra newsletter, puoi annullarla in qualsiasi momento cliccando sul link presente in ogni newsletter.<\/p>\t\t\t\t<\/div>\n\t\t\t\t<\/div>\n\t\t\t\t<div class=\"elementor-element elementor-element-736beb8 elementor-widget__width-inherit textchange elementor-widget elementor-widget-text-editor\" data-id=\"736beb8\" data-element_type=\"widget\" data-widget_type=\"text-editor.default\">\n\t\t\t\t<div class=\"elementor-widget-container\">\n\t\t\t\t\t\t\t\t\t<h2><strong>Modifiche alla<\/strong><br> presente informativa<\/h2>\t\t\t\t\t\t\t\t<\/div>\n\t\t\t\t<\/div>\n\t\t\t\t<div class=\"elementor-element elementor-element-06bd3df elementor-widget elementor-widget-heading\" data-id=\"06bd3df\" data-element_type=\"widget\" data-widget_type=\"heading.default\">\n\t\t\t\t<div class=\"elementor-widget-container\">\n\t\t\t\t\t<p class=\"elementor-heading-title elementor-size-default\">Datawords si riserva il diritto di modificare e aggiornare la propria informativa sulla privacy in qualsiasi momento, in conformit\u00e0 con le leggi vigenti.<\/p>\t\t\t\t<\/div>\n\t\t\t\t<\/div>\n\t\t\t\t\t<\/div>\n\t\t<\/div>\n\t\t\t\t\t<\/div>\n\t\t<\/section>\n\t\t\t\t\t<\/div>\n\t\t<\/div>\n\t\t\t\t\t<\/div>\n\t\t<\/section>\n\t\t\t\t<\/div>\n\t\t","protected":false},"excerpt":{"rendered":"<p>Gestione dei dati personali Datawords \u00e8 pienamente consapevole delle normative che regolano la protezione dei dati personali. Per questo motivo, ci proponiamo di rendere il pi\u00f9 possibile chiare e accessibili tutte le informazioni relative al trattamento dei dati effettuato tramite il nostro sito web, che si tratti di una semplice richiesta di informazioni, di un&#8217;iscrizione [&hellip;]<\/p>\n","protected":false},"author":1,"featured_media":0,"parent":0,"menu_order":0,"comment_status":"closed","ping_status":"closed","template":"","meta":{"_acf_changed":false,"content-type":"","footnotes":""},"class_list":["post-31257","page","type-page","status-publish","hentry"],"acf":[],"_links":{"self":[{"href":"https:\/\/datawords.com\/it\/wp-json\/wp\/v2\/pages\/31257","targetHints":{"allow":["GET"]}}],"collection":[{"href":"https:\/\/datawords.com\/it\/wp-json\/wp\/v2\/pages"}],"about":[{"href":"https:\/\/datawords.com\/it\/wp-json\/wp\/v2\/types\/page"}],"author":[{"embeddable":true,"href":"https:\/\/datawords.com\/it\/wp-json\/wp\/v2\/users\/1"}],"replies":[{"embeddable":true,"href":"https:\/\/datawords.com\/it\/wp-json\/wp\/v2\/comments?post=31257"}],"version-history":[{"count":0,"href":"https:\/\/datawords.com\/it\/wp-json\/wp\/v2\/pages\/31257\/revisions"}],"wp:attachment":[{"href":"https:\/\/datawords.com\/it\/wp-json\/wp\/v2\/media?parent=31257"}],"curies":[{"name":"wp","href":"https:\/\/api.w.org\/{rel}","templated":true}]}}