{"id":30882,"date":"2023-06-29T13:45:10","date_gmt":"2023-06-29T11:45:10","guid":{"rendered":"https:\/\/datawords.com\/sviluppo-omnicanale-per-cultura\/"},"modified":"2025-11-03T22:41:07","modified_gmt":"2025-11-03T21:41:07","slug":"crescita-omnicanale-per-cultura","status":"publish","type":"page","link":"https:\/\/datawords.com\/it\/crescita-omnicanale-per-cultura\/","title":{"rendered":"Crescita omnicanale per cultura"},"content":{"rendered":"\t\t<div data-elementor-type=\"wp-page\" data-elementor-id=\"30882\" class=\"elementor elementor-30882 elementor-6413\" data-elementor-post-type=\"page\">\n\t\t\t\t<div class=\"elementor-element elementor-element-dbe9d3c e-flex e-con-boxed e-con e-parent\" data-id=\"dbe9d3c\" data-element_type=\"container\" data-settings=\"{&quot;background_background&quot;:&quot;classic&quot;}\">\n\t\t\t\t\t<div class=\"e-con-inner\">\n\t\t<div class=\"elementor-element elementor-element-70d8921 e-con-full e-flex e-con e-child\" data-id=\"70d8921\" data-element_type=\"container\">\n\t\t\t\t<div class=\"elementor-element elementor-element-3c3180c textchange elementor-widget__width-initial elementor-widget elementor-widget-text-editor\" data-id=\"3c3180c\" data-element_type=\"widget\" data-widget_type=\"text-editor.default\">\n\t\t\t\t<div class=\"elementor-widget-container\">\n\t\t\t\t\t\t\t\t\t<strong>Amplificate la vostra visibilit\u00e0 locale<\/strong> con una coerenza globale\t\t\t\t\t\t\t\t<\/div>\n\t\t\t\t<\/div>\n\t\t\t\t<\/div>\n\t\t\t\t\t<\/div>\n\t\t\t\t<\/div>\n\t\t<div class=\"elementor-element elementor-element-39bb1d5 nos-valeurs e-flex e-con-boxed e-con e-parent\" data-id=\"39bb1d5\" data-element_type=\"container\" data-settings=\"{&quot;background_background&quot;:&quot;gradient&quot;}\">\n\t\t\t\t\t<div class=\"e-con-inner\">\n\t\t<div class=\"elementor-element elementor-element-15ac0d7 e-con-full e-flex e-con e-child\" data-id=\"15ac0d7\" data-element_type=\"container\">\n\t\t<div class=\"elementor-element elementor-element-c92ac3c e-con-full e-flex e-con e-child\" data-id=\"c92ac3c\" data-element_type=\"container\">\n\t\t\t\t<div class=\"elementor-element elementor-element-caf38a2 elementor-widget elementor-widget-heading\" data-id=\"caf38a2\" data-element_type=\"widget\" data-widget_type=\"heading.default\">\n\t\t\t\t<div class=\"elementor-widget-container\">\n\t\t\t\t\t<p class=\"elementor-heading-title elementor-size-default\">Per una strategia di comunicazione efficace, \u00e8 fondamentale stabilire un rapporto con ogni comunit\u00e0\/cliente. Ma per i brand internazionali \u00e8 altrettanto importante che le differenze culturali non ostacolino la performance.\n<\/p>\t\t\t\t<\/div>\n\t\t\t\t<\/div>\n\t\t\t\t<div class=\"elementor-element elementor-element-2d1b185 elementor-widget elementor-widget-heading\" data-id=\"2d1b185\" data-element_type=\"widget\" data-widget_type=\"heading.default\">\n\t\t\t\t<div class=\"elementor-widget-container\">\n\t\t\t\t\t<p class=\"elementor-heading-title elementor-size-default\">Datawords offre un servizio omnicanale comprensivo per aiutare i clienti a crescere in ogni mercato di riferimento, sfruttando strategie culturalmente rilevanti per ogni canale comunicativo.<\/p>\t\t\t\t<\/div>\n\t\t\t\t<\/div>\n\t\t\t\t<\/div>\n\t\t\t\t<\/div>\n\t\t\t\t\t<\/div>\n\t\t\t\t<\/div>\n\t\t<div class=\"elementor-element elementor-element-3aee647 notre-kredos e-flex e-con-boxed e-con e-parent\" data-id=\"3aee647\" data-element_type=\"container\" data-settings=\"{&quot;background_background&quot;:&quot;classic&quot;}\">\n\t\t\t\t\t<div class=\"e-con-inner\">\n\t\t<div class=\"elementor-element elementor-element-2350ee6 e-flex e-con-boxed e-con e-child\" data-id=\"2350ee6\" data-element_type=\"container\">\n\t\t\t\t\t<div class=\"e-con-inner\">\n\t\t\t\t<div class=\"elementor-element elementor-element-1d08d40 elementor-widget elementor-widget-heading\" data-id=\"1d08d40\" data-element_type=\"widget\" data-widget_type=\"heading.default\">\n\t\t\t\t<div class=\"elementor-widget-container\">\n\t\t\t\t\t<h2 class=\"elementor-heading-title elementor-size-default\">LE NOSTRE<\/h2>\t\t\t\t<\/div>\n\t\t\t\t<\/div>\n\t\t\t\t<div class=\"elementor-element elementor-element-ea1be5a elementor-widget elementor-widget-heading\" data-id=\"ea1be5a\" data-element_type=\"widget\" data-widget_type=\"heading.default\">\n\t\t\t\t<div class=\"elementor-widget-container\">\n\t\t\t\t\t<h2 class=\"elementor-heading-title elementor-size-default\">COMPETENZE<\/h2>\t\t\t\t<\/div>\n\t\t\t\t<\/div>\n\t\t\t\t\t<\/div>\n\t\t\t\t<\/div>\n\t\t<div class=\"elementor-element elementor-element-ef59203 notre-kredo e-flex e-con-boxed e-con e-child\" data-id=\"ef59203\" data-element_type=\"container\">\n\t\t\t\t\t<div class=\"e-con-inner\">\n\t\t<div class=\"elementor-element elementor-element-b16f896 e-con-full shape-content-right e-flex e-con e-child\" data-id=\"b16f896\" data-element_type=\"container\">\n\t\t\t\t<div class=\"elementor-element elementor-element-21dbc8f employees-matter elementor-widget elementor-widget-image-box\" data-id=\"21dbc8f\" data-element_type=\"widget\" data-widget_type=\"image-box.default\">\n\t\t\t\t<div class=\"elementor-widget-container\">\n\t\t\t\t\t<div class=\"elementor-image-box-wrapper\"><div class=\"elementor-image-box-content\"><h3 class=\"elementor-image-box-title\">SEO<\/h3><p class=\"elementor-image-box-description\">Prendiamo in considerazione le tue realt\u00e0 culturali e il DNA del brand per suggerire una strategia semantica adattata a ogni mercato. Produciamo il modello per il testo principale e lo adattiamo a ogni filiale. Inoltre, redigiamo contenuti editoriali ed eseguiamo netlinking a livello locale per favorire la performance del brand e ottimizzare il posizionamento del motore di ricerca e dei punti e-retail in ogni paese.\n<\/p><\/div><\/div>\t\t\t\t<\/div>\n\t\t\t\t<\/div>\n\t\t\t\t<\/div>\n\t\t<div class=\"elementor-element elementor-element-3e8a815 e-con-full shape-content-right e-flex e-con e-child\" data-id=\"3e8a815\" data-element_type=\"container\">\n\t\t\t\t<div class=\"elementor-element elementor-element-98c1d10 employees-matter elementor-widget elementor-widget-image-box\" data-id=\"98c1d10\" data-element_type=\"widget\" data-widget_type=\"image-box.default\">\n\t\t\t\t<div class=\"elementor-widget-container\">\n\t\t\t\t\t<div class=\"elementor-image-box-wrapper\"><div class=\"elementor-image-box-content\"><h3 class=\"elementor-image-box-title\">Media a pagamento<\/h3><p class=\"elementor-image-box-description\">Mettiamo a disposizione i nostri esperti di pubblicit\u00e0 a pagamento in oltre 25 paesi per creare campagne media efficaci e culturalmente rilevanti. Ci impegniamo a ottimizzare la conversione e redditivit\u00e0 della tua azienda, conservando l\u2019immagine del brand in ognuno dei tuoi paesi tramite una strategia SEO e pay-per-click completa.\n<\/p><\/div><\/div>\t\t\t\t<\/div>\n\t\t\t\t<\/div>\n\t\t\t\t<\/div>\n\t\t<div class=\"elementor-element elementor-element-ca77b2d e-con-full shape-content-right e-flex e-con e-child\" data-id=\"ca77b2d\" data-element_type=\"container\">\n\t\t\t\t<div class=\"elementor-element elementor-element-bdd7b5d employees-matter elementor-widget elementor-widget-image-box\" data-id=\"bdd7b5d\" data-element_type=\"widget\" data-widget_type=\"image-box.default\">\n\t\t\t\t<div class=\"elementor-widget-container\">\n\t\t\t\t\t<div class=\"elementor-image-box-wrapper\"><div class=\"elementor-image-box-content\"><h3 class=\"elementor-image-box-title\">Piattaforme di social media<\/h3><p class=\"elementor-image-box-description\">Il nostro approccio multiculturale ci consente di aiutarti a scegliere le piattaforme di social media pi\u00f9 rilevanti per ogni regione e a comprenderne al meglio i codici culturali. Creiamo contenuti globali e li adattiamo alle tue filiali, pianificandone e gestendone la moderazione e la e-reputation a livello locale. Il risultato: una presenza efficace e coerente sulle piattaforme di social media in ciascuno dei tuoi paesi.\n<\/p><\/div><\/div>\t\t\t\t<\/div>\n\t\t\t\t<\/div>\n\t\t\t\t<\/div>\n\t\t<div class=\"elementor-element elementor-element-18defad e-con-full shape-content-right e-flex e-con e-child\" data-id=\"18defad\" data-element_type=\"container\">\n\t\t\t\t<div class=\"elementor-element elementor-element-3ac31b3 employees-matter elementor-widget elementor-widget-image-box\" data-id=\"3ac31b3\" data-element_type=\"widget\" data-widget_type=\"image-box.default\">\n\t\t\t\t<div class=\"elementor-widget-container\">\n\t\t\t\t\t<div class=\"elementor-image-box-wrapper\"><div class=\"elementor-image-box-content\"><h3 class=\"elementor-image-box-title\">Multipiattaforma live<\/h3><p class=\"elementor-image-box-description\">Gli eventi live sono parte integrante del dialogo con i clienti. Attraverso chatbot e piattaforme di streaming, \u00e8 possibile offrire una variet\u00e0 di esperienze personalizzate. Collaboriamo con i nostri clienti per capire il loro target locale, proporre contenuti rilevanti e offrire soluzioni multiculturali interconnesse garantendo un servizio su misura e una coerenza con lo spirito del marchio.\n<\/p><\/div><\/div>\t\t\t\t<\/div>\n\t\t\t\t<\/div>\n\t\t\t\t<\/div>\n\t\t\t\t\t<\/div>\n\t\t\t\t<\/div>\n\t\t\t\t\t<\/div>\n\t\t\t\t<\/div>\n\t\t\t\t<\/div>\n\t\t","protected":false},"excerpt":{"rendered":"<p>Amplificate la vostra visibilit\u00e0 locale con una coerenza globale Per una strategia di comunicazione efficace, \u00e8 fondamentale stabilire un rapporto con ogni comunit\u00e0\/cliente. Ma per i brand internazionali \u00e8 altrettanto importante che le differenze culturali non ostacolino la performance. Datawords offre un servizio omnicanale comprensivo per aiutare i clienti a crescere in ogni mercato di [&hellip;]<\/p>\n","protected":false},"author":42,"featured_media":26961,"parent":0,"menu_order":0,"comment_status":"closed","ping_status":"closed","template":"","meta":{"_acf_changed":false,"content-type":"","footnotes":""},"class_list":["post-30882","page","type-page","status-publish","has-post-thumbnail","hentry"],"acf":[],"_links":{"self":[{"href":"https:\/\/datawords.com\/it\/wp-json\/wp\/v2\/pages\/30882","targetHints":{"allow":["GET"]}}],"collection":[{"href":"https:\/\/datawords.com\/it\/wp-json\/wp\/v2\/pages"}],"about":[{"href":"https:\/\/datawords.com\/it\/wp-json\/wp\/v2\/types\/page"}],"author":[{"embeddable":true,"href":"https:\/\/datawords.com\/it\/wp-json\/wp\/v2\/users\/42"}],"replies":[{"embeddable":true,"href":"https:\/\/datawords.com\/it\/wp-json\/wp\/v2\/comments?post=30882"}],"version-history":[{"count":0,"href":"https:\/\/datawords.com\/it\/wp-json\/wp\/v2\/pages\/30882\/revisions"}],"wp:featuredmedia":[{"embeddable":true,"href":"https:\/\/datawords.com\/it\/wp-json\/wp\/v2\/media\/26961"}],"wp:attachment":[{"href":"https:\/\/datawords.com\/it\/wp-json\/wp\/v2\/media?parent=30882"}],"curies":[{"name":"wp","href":"https:\/\/api.w.org\/{rel}","templated":true}]}}