{"id":82102,"date":"2023-07-25T12:33:30","date_gmt":"2023-07-25T10:33:30","guid":{"rendered":"https:\/\/datawords.com\/i-nostri-valori\/"},"modified":"2026-02-06T10:50:40","modified_gmt":"2026-02-06T09:50:40","slug":"i-nostri-valori","status":"publish","type":"page","link":"https:\/\/datawords.com\/it-ch\/i-nostri-valori\/","title":{"rendered":"I nostri valori"},"content":{"rendered":"\t\t<div data-elementor-type=\"wp-page\" data-elementor-id=\"82102\" class=\"elementor elementor-82102 elementor-8463\" data-elementor-post-type=\"page\">\n\t\t\t\t<div class=\"elementor-element elementor-element-f031c17 e-flex e-con-boxed e-con e-parent\" data-id=\"f031c17\" data-element_type=\"container\" data-settings=\"{&quot;background_background&quot;:&quot;classic&quot;}\">\n\t\t\t\t\t<div class=\"e-con-inner\">\n\t\t<div class=\"elementor-element elementor-element-2a24b7b e-con-full e-flex e-con e-child\" data-id=\"2a24b7b\" data-element_type=\"container\">\n\t\t\t\t<div class=\"elementor-element elementor-element-3517d7d textchange elementor-widget__width-initial elementor-hidden-desktop elementor-hidden-tablet elementor-widget elementor-widget-text-editor\" data-id=\"3517d7d\" data-element_type=\"widget\" data-widget_type=\"text-editor.default\">\n\t\t\t\t<div class=\"elementor-widget-container\">\n\t\t\t\t\t\t\t\t\t<h1><strong>I NOSTRI<\/strong><br>\nvalori<\/h1>\t\t\t\t\t\t\t\t<\/div>\n\t\t\t\t<\/div>\n\t\t\t\t<div class=\"elementor-element elementor-element-f94259c textchange elementor-widget__width-initial elementor-hidden-mobile elementor-widget elementor-widget-text-editor\" data-id=\"f94259c\" data-element_type=\"widget\" data-widget_type=\"text-editor.default\">\n\t\t\t\t<div class=\"elementor-widget-container\">\n\t\t\t\t\t\t\t\t\t<h1><strong>I NOSTRI<\/strong><br> valori<\/h1>\t\t\t\t\t\t\t\t<\/div>\n\t\t\t\t<\/div>\n\t\t\t\t<\/div>\n\t\t\t\t\t<\/div>\n\t\t\t\t<\/div>\n\t\t<div class=\"elementor-element elementor-element-964ae3c nos-valeurs e-flex e-con-boxed e-con e-parent\" data-id=\"964ae3c\" data-element_type=\"container\" data-settings=\"{&quot;background_background&quot;:&quot;gradient&quot;}\">\n\t\t\t\t\t<div class=\"e-con-inner\">\n\t\t<div class=\"elementor-element elementor-element-b408c55 e-con-full e-flex e-con e-child\" data-id=\"b408c55\" data-element_type=\"container\">\n\t\t<div class=\"elementor-element elementor-element-e0b3618 e-con-full e-flex e-con e-child\" data-id=\"e0b3618\" data-element_type=\"container\">\n\t\t\t\t<div class=\"elementor-element elementor-element-07d6a8a elementor-widget elementor-widget-heading\" data-id=\"07d6a8a\" data-element_type=\"widget\" data-widget_type=\"heading.default\">\n\t\t\t\t<div class=\"elementor-widget-container\">\n\t\t\t\t\t<p class=\"elementor-heading-title elementor-size-default\">Fin dall\u2019inizio, i 6 fondatori di Datawords, con la loro diversit\u00e0 culturale, sono stati convinti che la multiculturalit\u00e0 crei valore. Anzi, crediamo che sia la ricetta per il successo nel mondo degli affari di oggi. Il fatto che Datawords sia in crescita da oltre 20 anni ne \u00e8 la prova migliore. Ecco perch\u00e9 i valori che guidano il nostro processo decisionale possono essere riassunti in due parole:<\/p>\t\t\t\t<\/div>\n\t\t\t\t<\/div>\n\t\t\t\t<div class=\"elementor-element elementor-element-272f3b8 elementor-widget__width-initial elementor-widget elementor-widget-heading\" data-id=\"272f3b8\" data-element_type=\"widget\" data-widget_type=\"heading.default\">\n\t\t\t\t<div class=\"elementor-widget-container\">\n\t\t\t\t\t<h4 class=\"elementor-heading-title elementor-size-default\">EVERYONE MATTERS<\/h4>\t\t\t\t<\/div>\n\t\t\t\t<\/div>\n\t\t\t\t<div class=\"elementor-element elementor-element-d82d97f elementor-widget elementor-widget-heading\" data-id=\"d82d97f\" data-element_type=\"widget\" data-widget_type=\"heading.default\">\n\t\t\t\t<div class=\"elementor-widget-container\">\n\t\t\t\t\t<p class=\"elementor-heading-title elementor-size-default\">Questa convinzione ci spinge a mettere al primo posto le esigenze e il benessere di tutti i nostri stakeholder.<\/p>\t\t\t\t<\/div>\n\t\t\t\t<\/div>\n\t\t\t\t<\/div>\n\t\t\t\t<\/div>\n\t\t\t\t\t<\/div>\n\t\t\t\t<\/div>\n\t\t<div class=\"elementor-element elementor-element-71a603b notre-kredos e-flex e-con-boxed e-con e-parent\" data-id=\"71a603b\" data-element_type=\"container\" data-settings=\"{&quot;background_background&quot;:&quot;classic&quot;}\">\n\t\t\t\t\t<div class=\"e-con-inner\">\n\t\t<div class=\"elementor-element elementor-element-e3b7f3c e-flex e-con-boxed e-con e-child\" data-id=\"e3b7f3c\" data-element_type=\"container\">\n\t\t\t\t\t<div class=\"e-con-inner\">\n\t\t\t\t<div class=\"elementor-element elementor-element-9481e60 elementor-widget elementor-widget-heading\" data-id=\"9481e60\" data-element_type=\"widget\" data-widget_type=\"heading.default\">\n\t\t\t\t<div class=\"elementor-widget-container\">\n\t\t\t\t\t<h2 class=\"elementor-heading-title elementor-size-default\">Il NOSTRO<\/h2>\t\t\t\t<\/div>\n\t\t\t\t<\/div>\n\t\t\t\t<div class=\"elementor-element elementor-element-bcc3a59 elementor-widget elementor-widget-heading\" data-id=\"bcc3a59\" data-element_type=\"widget\" data-widget_type=\"heading.default\">\n\t\t\t\t<div class=\"elementor-widget-container\">\n\t\t\t\t\t<h2 class=\"elementor-heading-title elementor-size-default\">credo*<\/h2>\t\t\t\t<\/div>\n\t\t\t\t<\/div>\n\t\t\t\t\t<\/div>\n\t\t\t\t<\/div>\n\t\t<div class=\"elementor-element elementor-element-75ce92b notre-kredo e-flex e-con-boxed e-con e-child\" data-id=\"75ce92b\" data-element_type=\"container\">\n\t\t\t\t\t<div class=\"e-con-inner\">\n\t\t<div class=\"elementor-element elementor-element-ba49e2e e-con-full shape-content-right e-flex e-con e-child\" data-id=\"ba49e2e\" data-element_type=\"container\">\n\t\t\t\t<div class=\"elementor-element elementor-element-17b673b employees-matter elementor-widget elementor-widget-image-box\" data-id=\"17b673b\" data-element_type=\"widget\" data-widget_type=\"image-box.default\">\n\t\t\t\t<div class=\"elementor-widget-container\">\n\t\t\t\t\t<div class=\"elementor-image-box-wrapper\"><div class=\"elementor-image-box-content\"><h3 class=\"elementor-image-box-title\">I dipendenti sono importanti<\/h3><p class=\"elementor-image-box-description\">Diamo valore a ogni dipendente in tutto il mondo. Indipendentemente dal background, dal genere, dalla religione o dalle competenze, ognuno ha una storia, un'intelligenza e un potenziale unici che meritano di essere riconosciuti e condivisi. Promuoviamo l'importanza del rispetto reciproco e dell'ascolto attento. Crediamo che ogni dipendente sia un tassello di un puzzle complesso: che individualmente e\/o collettivamente, abbia il potere di fare la differenza in modo armonioso. Dobbiamo assicurarci che ogni dipendente trovi il proprio posto per esprimere appieno il proprio potenziale.<\/p><\/div><\/div>\t\t\t\t<\/div>\n\t\t\t\t<\/div>\n\t\t\t\t<\/div>\n\t\t<div class=\"elementor-element elementor-element-749237b e-con-full shape-content-right e-flex e-con e-child\" data-id=\"749237b\" data-element_type=\"container\">\n\t\t\t\t<div class=\"elementor-element elementor-element-655cc40 employees-matter elementor-widget elementor-widget-image-box\" data-id=\"655cc40\" data-element_type=\"widget\" data-widget_type=\"image-box.default\">\n\t\t\t\t<div class=\"elementor-widget-container\">\n\t\t\t\t\t<div class=\"elementor-image-box-wrapper\"><div class=\"elementor-image-box-content\"><h3 class=\"elementor-image-box-title\">I clienti contano<\/h3><p class=\"elementor-image-box-description\">Ogni nostro cliente \u00e8 importante. La loro soddisfazione e il loro successo sono la nostra massima priorit\u00e0. Ci impegniamo a offrire prodotti e servizi di qualit\u00e0 eccezionale per trasmettere un messaggio rilevante a ciascuno dei loro consumatori, ATAWADAC**. Ci sforziamo di costruire un rapporto di fiducia con tutti, adattandoci continuamente agli sviluppi tecnologici del mercato e innovando. Questo approccio ci permette di soddisfare le loro aspettative nel modo pi\u00f9 efficace possibile. Indipendentemente dalle loro origini, i nostri clienti devono essere in grado di ottenere un giusto ritorno da noi.<\/p><\/div><\/div>\t\t\t\t<\/div>\n\t\t\t\t<\/div>\n\t\t\t\t<\/div>\n\t\t<div class=\"elementor-element elementor-element-3eb7b25 e-con-full shape-content-right e-flex e-con e-child\" data-id=\"3eb7b25\" data-element_type=\"container\">\n\t\t\t\t<div class=\"elementor-element elementor-element-e5aeff7 employees-matter elementor-widget elementor-widget-image-box\" data-id=\"e5aeff7\" data-element_type=\"widget\" data-widget_type=\"image-box.default\">\n\t\t\t\t<div class=\"elementor-widget-container\">\n\t\t\t\t\t<div class=\"elementor-image-box-wrapper\"><div class=\"elementor-image-box-content\"><h3 class=\"elementor-image-box-title\">Le comunit\u00e0 sono importanti<\/h3><p class=\"elementor-image-box-description\">Le comunit\u00e0 in cui viviamo sono importanti per il benessere di tutti. Dobbiamo rispettarle e contribuire il pi\u00f9 possibile a sostenerle, comportandoci da buoni cittadini, pagando la nostra giusta quota di tasse e usando la nostra ingegnosit\u00e0 multiculturale per agire socialmente e proteggere l\u2019ambiente e le risorse naturali.\n<\/p><\/div><\/div>\t\t\t\t<\/div>\n\t\t\t\t<\/div>\n\t\t\t\t<\/div>\n\t\t<div class=\"elementor-element elementor-element-7268775 e-con-full shape-content-right e-flex e-con e-child\" data-id=\"7268775\" data-element_type=\"container\">\n\t\t\t\t<div class=\"elementor-element elementor-element-b0978a4 employees-matter elementor-widget elementor-widget-image-box\" data-id=\"b0978a4\" data-element_type=\"widget\" data-widget_type=\"image-box.default\">\n\t\t\t\t<div class=\"elementor-widget-container\">\n\t\t\t\t\t<div class=\"elementor-image-box-wrapper\"><div class=\"elementor-image-box-content\"><h3 class=\"elementor-image-box-title\">Gli azionisti sono importanti<\/h3><p class=\"elementor-image-box-description\">Infine, anche i nostri azionisti sono importanti per noi! La nostra attivit\u00e0 deve essere orientata verso un risultato equo. Ci impegniamo con passione a cogliere ci\u00f2 che \u00e8 solo all\u2019inizio. Creiamo valore investendo continuamente in performance multiculturali. Agendo secondo questi principi, garantiremo ai nostri azionisti un giusto ritorno sul loro investimento.\n<\/p><\/div><\/div>\t\t\t\t<\/div>\n\t\t\t\t<\/div>\n\t\t\t\t<\/div>\n\t\t\t\t\t<\/div>\n\t\t\t\t<\/div>\n\t\t\t\t<div class=\"elementor-element elementor-element-999760b employees-matter elementor-widget elementor-widget-image-box\" data-id=\"999760b\" data-element_type=\"widget\" data-widget_type=\"image-box.default\">\n\t\t\t\t<div class=\"elementor-widget-container\">\n\t\t\t\t\t<div class=\"elementor-image-box-wrapper\"><div class=\"elementor-image-box-content\"><p class=\"elementor-image-box-description\"> <\/p><\/div><\/div>\t\t\t\t<\/div>\n\t\t\t\t<\/div>\n\t\t<div class=\"elementor-element elementor-element-734ff0b e-flex e-con-boxed e-con e-child\" data-id=\"734ff0b\" data-element_type=\"container\">\n\t\t\t\t\t<div class=\"e-con-inner\">\n\t\t\t\t<div class=\"elementor-element elementor-element-0cf4b5c elementor-widget__width-initial elementor-widget elementor-widget-heading\" data-id=\"0cf4b5c\" data-element_type=\"widget\" data-widget_type=\"heading.default\">\n\t\t\t\t<div class=\"elementor-widget-container\">\n\t\t\t\t\t<p class=\"elementor-heading-title elementor-size-default\"><a href=\"\">*\u201cCredo\u201d in esperanto, una lingua internazionale utilizzata da persone provenienti da almeno 120 paesi del mondo.<br>\u2028**AnyTime, AnyWhere, Any Device, Any Culture.**In qualsiasi momento, ovunque, con qualsiasi dispositivo, in qualsiasi cultura.<\/a><\/p>\t\t\t\t<\/div>\n\t\t\t\t<\/div>\n\t\t\t\t\t<\/div>\n\t\t\t\t<\/div>\n\t\t\t\t\t<\/div>\n\t\t\t\t<\/div>\n\t\t<div class=\"elementor-element elementor-element-083ff52 e-flex e-con-boxed e-con e-parent\" data-id=\"083ff52\" data-element_type=\"container\" id=\"alert\" data-settings=\"{&quot;background_background&quot;:&quot;classic&quot;}\">\n\t\t\t\t\t<div class=\"e-con-inner\">\n\t\t<div class=\"elementor-element elementor-element-861c863 e-con-full e-flex e-con e-child\" data-id=\"861c863\" data-element_type=\"container\">\n\t\t<div class=\"elementor-element elementor-element-9dd6dc2 e-con-full e-flex e-con e-child\" data-id=\"9dd6dc2\" data-element_type=\"container\">\n\t\t\t\t<div class=\"elementor-element elementor-element-619a76f elementor-widget elementor-widget-heading\" data-id=\"619a76f\" data-element_type=\"widget\" data-widget_type=\"heading.default\">\n\t\t\t\t<div class=\"elementor-widget-container\">\n\t\t\t\t\t<h2 class=\"elementor-heading-title elementor-size-default\">Sistema <\/h2>\t\t\t\t<\/div>\n\t\t\t\t<\/div>\n\t\t\t\t<div class=\"elementor-element elementor-element-d855e84 elementor-widget elementor-widget-heading\" data-id=\"d855e84\" data-element_type=\"widget\" data-widget_type=\"heading.default\">\n\t\t\t\t<div class=\"elementor-widget-container\">\n\t\t\t\t\t<h2 class=\"elementor-heading-title elementor-size-default\">di avviso<\/h2>\t\t\t\t<\/div>\n\t\t\t\t<\/div>\n\t\t<div class=\"elementor-element elementor-element-618779b e-con-full e-flex e-con e-child\" data-id=\"618779b\" data-element_type=\"container\">\n\t\t\t\t<div class=\"elementor-element elementor-element-2ec2672 elementor-widget elementor-widget-heading\" data-id=\"2ec2672\" data-element_type=\"widget\" data-widget_type=\"heading.default\">\n\t\t\t\t<div class=\"elementor-widget-container\">\n\t\t\t\t\t<h2 class=\"elementor-heading-title elementor-size-default\">A Datawords ogni voce conta. Il rispetto reciproco e l\u2019ascolto attento sono essenziali per il nostro successo.<\/h2>\t\t\t\t<\/div>\n\t\t\t\t<\/div>\n\t\t\t\t<div class=\"elementor-element elementor-element-9683e27 elementor-widget elementor-widget-text-editor\" data-id=\"9683e27\" data-element_type=\"widget\" data-widget_type=\"text-editor.default\">\n\t\t\t\t<div class=\"elementor-widget-container\">\n\t\t\t\t\t\t\t\t\tCi impegniamo a sostenere i valori di correttezza e lealt\u00e0 in tutto ci\u00f2 che facciamo. \u00c8 responsabilit\u00e0 di tutti i nostri dipendenti e partner commerciali segnalare eventuali violazioni di questi principi.\t\t\t\t\t\t\t\t<\/div>\n\t\t\t\t<\/div>\n\t\t\t\t<div class=\"elementor-element elementor-element-1317ba8 elementor-widget elementor-widget-text-editor\" data-id=\"1317ba8\" data-element_type=\"widget\" data-widget_type=\"text-editor.default\">\n\t\t\t\t<div class=\"elementor-widget-container\">\n\t\t\t\t\t\t\t\t\tSe sei testimone di una situazione non etica, anche potenziale, ti invitiamo a segnalarla attraverso il nostro canale riservato. Questo sistema garantisce una comunicazione totalmente anonima e protetta. Insieme, facciamo in modo che il nostro ambiente di lavoro rimanga sicuro, rispettoso ed equo per tutti.\t\t\t\t\t\t\t\t<\/div>\n\t\t\t\t<\/div>\n\t\t\t\t<\/div>\n\t\t\t\t<div class=\"elementor-element elementor-element-44d2178 elementor-align-left btnall elementor-widget elementor-widget-button\" data-id=\"44d2178\" data-element_type=\"widget\" data-widget_type=\"button.default\">\n\t\t\t\t<div class=\"elementor-widget-container\">\n\t\t\t\t\t\t\t\t\t<div class=\"elementor-button-wrapper\">\n\t\t\t\t\t<a class=\"elementor-button elementor-button-link elementor-size-sm\" href=\"https:\/\/datawords.whistlelink.com\/\" target=\"_blank\" rel=\"noopener\">\n\t\t\t\t\t\t<span class=\"elementor-button-content-wrapper\">\n\t\t\t\t\t\t<span class=\"elementor-button-icon\">\n\t\t\t\t<i aria-hidden=\"true\" class=\"icon icon-arrow-right\"><\/i>\t\t\t<\/span>\n\t\t\t\t\t\t\t\t\t<span class=\"elementor-button-text\">Fare una segnalazione<\/span>\n\t\t\t\t\t<\/span>\n\t\t\t\t\t<\/a>\n\t\t\t\t<\/div>\n\t\t\t\t\t\t\t\t<\/div>\n\t\t\t\t<\/div>\n\t\t\t\t<\/div>\n\t\t\t\t<\/div>\n\t\t\t\t\t<\/div>\n\t\t\t\t<\/div>\n\t\t<div class=\"elementor-element elementor-element-5b0c426 e-flex e-con-boxed e-con e-parent\" data-id=\"5b0c426\" data-element_type=\"container\" data-settings=\"{&quot;background_background&quot;:&quot;classic&quot;}\">\n\t\t\t\t\t<div class=\"e-con-inner\">\n\t\t<div class=\"elementor-element elementor-element-79cc636 e-con-full e-flex e-con e-child\" data-id=\"79cc636\" data-element_type=\"container\">\n\t\t<div class=\"elementor-element elementor-element-544f5ee e-con-full e-flex e-con e-child\" data-id=\"544f5ee\" data-element_type=\"container\">\n\t\t\t\t<div class=\"elementor-element elementor-element-c1f701d elementor-widget elementor-widget-image\" data-id=\"c1f701d\" data-element_type=\"widget\" data-widget_type=\"image.default\">\n\t\t\t\t<div class=\"elementor-widget-container\">\n\t\t\t\t\t\t\t\t\t\t\t\t\t\t\t<img fetchpriority=\"high\" decoding=\"async\" width=\"577\" height=\"577\" src=\"https:\/\/datawords.com\/wp-content\/uploads\/2026\/02\/team_datawords.avif\" class=\"attachment-full size-full wp-image-307311\" alt=\"\" srcset=\"https:\/\/datawords.com\/wp-content\/uploads\/2026\/02\/team_datawords.avif 577w, https:\/\/datawords.com\/wp-content\/uploads\/2026\/02\/team_datawords-300x300.avif 300w, https:\/\/datawords.com\/wp-content\/uploads\/2026\/02\/team_datawords-150x150.avif 150w\" sizes=\"(max-width: 577px) 100vw, 577px\" \/>\t\t\t\t\t\t\t\t\t\t\t\t\t\t\t<\/div>\n\t\t\t\t<\/div>\n\t\t\t\t<\/div>\n\t\t<div class=\"elementor-element elementor-element-5b46079 e-con-full e-flex e-con e-child\" data-id=\"5b46079\" data-element_type=\"container\">\n\t\t\t\t<div class=\"elementor-element elementor-element-6db0b1e elementor-widget elementor-widget-heading\" data-id=\"6db0b1e\" data-element_type=\"widget\" data-widget_type=\"heading.default\">\n\t\t\t\t<div class=\"elementor-widget-container\">\n\t\t\t\t\t<p class=\"elementor-heading-title elementor-size-default\">Entra nel \n<\/p>\t\t\t\t<\/div>\n\t\t\t\t<\/div>\n\t\t\t\t<div class=\"elementor-element elementor-element-89d5977 elementor-widget elementor-widget-heading\" data-id=\"89d5977\" data-element_type=\"widget\" data-widget_type=\"heading.default\">\n\t\t\t\t<div class=\"elementor-widget-container\">\n\t\t\t\t\t<h2 class=\"elementor-heading-title elementor-size-default\">nostro team<\/h2>\t\t\t\t<\/div>\n\t\t\t\t<\/div>\n\t\t\t\t<div class=\"elementor-element elementor-element-84e886c elementor-widget elementor-widget-heading\" data-id=\"84e886c\" data-element_type=\"widget\" data-widget_type=\"heading.default\">\n\t\t\t\t<div class=\"elementor-widget-container\">\n\t\t\t\t\t<h5 class=\"elementor-heading-title elementor-size-default\">Siamo una comunit\u00e0 di connettori!<\/h5>\t\t\t\t<\/div>\n\t\t\t\t<\/div>\n\t\t\t\t<div class=\"elementor-element elementor-element-ead5afc elementor-widget__width-initial elementor-widget elementor-widget-heading\" data-id=\"ead5afc\" data-element_type=\"widget\" data-widget_type=\"heading.default\">\n\t\t\t\t<div class=\"elementor-widget-container\">\n\t\t\t\t\t<p class=\"elementor-heading-title elementor-size-default\">Connettiamo tutte le nuove tecnologie, uniamo l\u2019intelligenza umana e quella tecnologica e creiamo un ambiente in cui la diversit\u00e0 \u00e8 possibile e genera valore!\n<\/p>\t\t\t\t<\/div>\n\t\t\t\t<\/div>\n\t\t\t\t<\/div>\n\t\t\t\t<\/div>\n\t\t\t\t\t<\/div>\n\t\t\t\t<\/div>\n\t\t\t\t<\/div>\n\t\t","protected":false},"excerpt":{"rendered":"<p>I NOSTRI valori I NOSTRI valori Fin dall\u2019inizio, i 6 fondatori di Datawords, con la loro diversit\u00e0 culturale, sono stati convinti che la multiculturalit\u00e0 crei valore. Anzi, crediamo che sia la ricetta per il successo nel mondo degli affari di oggi. Il fatto che Datawords sia in crescita da oltre 20 anni ne \u00e8 la [&hellip;]<\/p>\n","protected":false},"author":42,"featured_media":0,"parent":0,"menu_order":0,"comment_status":"closed","ping_status":"closed","template":"","meta":{"_acf_changed":false,"content-type":"","footnotes":""},"class_list":["post-82102","page","type-page","status-publish","hentry"],"acf":[],"_links":{"self":[{"href":"https:\/\/datawords.com\/it-ch\/wp-json\/wp\/v2\/pages\/82102","targetHints":{"allow":["GET"]}}],"collection":[{"href":"https:\/\/datawords.com\/it-ch\/wp-json\/wp\/v2\/pages"}],"about":[{"href":"https:\/\/datawords.com\/it-ch\/wp-json\/wp\/v2\/types\/page"}],"author":[{"embeddable":true,"href":"https:\/\/datawords.com\/it-ch\/wp-json\/wp\/v2\/users\/42"}],"replies":[{"embeddable":true,"href":"https:\/\/datawords.com\/it-ch\/wp-json\/wp\/v2\/comments?post=82102"}],"version-history":[{"count":0,"href":"https:\/\/datawords.com\/it-ch\/wp-json\/wp\/v2\/pages\/82102\/revisions"}],"wp:attachment":[{"href":"https:\/\/datawords.com\/it-ch\/wp-json\/wp\/v2\/media?parent=82102"}],"curies":[{"name":"wp","href":"https:\/\/api.w.org\/{rel}","templated":true}]}}