{"id":82094,"date":"2023-07-22T12:07:12","date_gmt":"2023-07-22T10:07:12","guid":{"rendered":"https:\/\/datawords.com\/gestione-dei-dati-personali\/"},"modified":"2025-11-04T05:15:44","modified_gmt":"2025-11-04T04:15:44","slug":"gestione-dei-dati-personali","status":"publish","type":"page","link":"https:\/\/datawords.com\/it-ch\/gestione-dei-dati-personali\/","title":{"rendered":"Gestione dei dati personali"},"content":{"rendered":"\t\t<div data-elementor-type=\"wp-page\" data-elementor-id=\"82094\" class=\"elementor elementor-82094 elementor-8143\" data-elementor-post-type=\"page\">\n\t\t\t\t\t\t<section class=\"elementor-section elementor-top-section elementor-element elementor-element-24fa498 elementor-section-boxed elementor-section-height-default elementor-section-height-default\" data-id=\"24fa498\" data-element_type=\"section\" data-settings=\"{&quot;background_background&quot;:&quot;classic&quot;}\">\n\t\t\t\t\t\t<div class=\"elementor-container elementor-column-gap-default\">\n\t\t\t\t\t<div class=\"elementor-column elementor-col-100 elementor-top-column elementor-element elementor-element-b98408a\" data-id=\"b98408a\" data-element_type=\"column\" data-settings=\"{&quot;background_background&quot;:&quot;classic&quot;}\">\n\t\t\t<div class=\"elementor-widget-wrap elementor-element-populated\">\n\t\t\t\t\t\t<section class=\"elementor-section elementor-inner-section elementor-element elementor-element-ba57344 elementor-section-boxed elementor-section-height-default elementor-section-height-default\" data-id=\"ba57344\" data-element_type=\"section\">\n\t\t\t\t\t\t<div class=\"elementor-container elementor-column-gap-default\">\n\t\t\t\t\t<div class=\"elementor-column elementor-col-100 elementor-inner-column elementor-element elementor-element-f21bcfe\" data-id=\"f21bcfe\" data-element_type=\"column\">\n\t\t\t<div class=\"elementor-widget-wrap elementor-element-populated\">\n\t\t\t\t\t\t<div class=\"elementor-element elementor-element-166f42b textchange elementor-widget__width-initial elementor-widget elementor-widget-text-editor\" data-id=\"166f42b\" data-element_type=\"widget\" data-widget_type=\"text-editor.default\">\n\t\t\t\t<div class=\"elementor-widget-container\">\n\t\t\t\t\t\t\t\t\t<strong>Gestione dei<\/strong><br> dati personali\t\t\t\t\t\t\t\t<\/div>\n\t\t\t\t<\/div>\n\t\t\t\t\t<\/div>\n\t\t<\/div>\n\t\t\t\t\t<\/div>\n\t\t<\/section>\n\t\t\t\t\t<\/div>\n\t\t<\/div>\n\t\t\t\t\t<\/div>\n\t\t<\/section>\n\t\t<div class=\"elementor-element elementor-element-e35f877 e-flex e-con-boxed e-con e-parent\" data-id=\"e35f877\" data-element_type=\"container\" data-settings=\"{&quot;background_background&quot;:&quot;classic&quot;}\">\n\t\t\t\t\t<div class=\"e-con-inner\">\n\t\t\t\t<div class=\"elementor-element elementor-element-2e82189 elementor-widget elementor-widget-spacer\" data-id=\"2e82189\" data-element_type=\"widget\" data-widget_type=\"spacer.default\">\n\t\t\t\t<div class=\"elementor-widget-container\">\n\t\t\t\t\t\t\t<div class=\"elementor-spacer\">\n\t\t\t<div class=\"elementor-spacer-inner\"><\/div>\n\t\t<\/div>\n\t\t\t\t\t\t<\/div>\n\t\t\t\t<\/div>\n\t\t\t\t\t<\/div>\n\t\t\t\t<\/div>\n\t\t\t\t<section class=\"elementor-section elementor-top-section elementor-element elementor-element-175c773 whitetxt elementor-section-boxed elementor-section-height-default elementor-section-height-default\" data-id=\"175c773\" data-element_type=\"section\" data-settings=\"{&quot;background_background&quot;:&quot;classic&quot;}\">\n\t\t\t\t\t\t<div class=\"elementor-container elementor-column-gap-default\">\n\t\t\t\t\t<div class=\"elementor-column elementor-col-100 elementor-top-column elementor-element elementor-element-d9044aa\" data-id=\"d9044aa\" data-element_type=\"column\">\n\t\t\t<div class=\"elementor-widget-wrap elementor-element-populated\">\n\t\t\t\t\t\t<section class=\"elementor-section elementor-inner-section elementor-element elementor-element-e6d77a5 elementor-section-boxed elementor-section-height-default elementor-section-height-default\" data-id=\"e6d77a5\" data-element_type=\"section\">\n\t\t\t\t\t\t<div class=\"elementor-container elementor-column-gap-default\">\n\t\t\t\t\t<div class=\"elementor-column elementor-col-100 elementor-inner-column elementor-element elementor-element-b1b1311\" data-id=\"b1b1311\" data-element_type=\"column\">\n\t\t\t<div class=\"elementor-widget-wrap elementor-element-populated\">\n\t\t\t\t\t\t<div class=\"elementor-element elementor-element-0f584cb elementor-widget elementor-widget-heading\" data-id=\"0f584cb\" data-element_type=\"widget\" data-widget_type=\"heading.default\">\n\t\t\t\t<div class=\"elementor-widget-container\">\n\t\t\t\t\t<p class=\"elementor-heading-title elementor-size-default\">\nDatawords \u00e8 pienamente consapevole delle normative che regolano la protezione dei dati personali. Per questo motivo, ci proponiamo di rendere il pi\u00f9 possibile chiare e accessibili tutte le informazioni relative al trattamento dei dati effettuato tramite il nostro sito web, che si tratti di una semplice richiesta di informazioni, di un'iscrizione alla nostra newsletter o di una candidatura per un posto di lavoro presso la nostra azienda.<\/p>\t\t\t\t<\/div>\n\t\t\t\t<\/div>\n\t\t\t\t<div class=\"elementor-element elementor-element-4c276fe elementor-widget elementor-widget-heading\" data-id=\"4c276fe\" data-element_type=\"widget\" data-widget_type=\"heading.default\">\n\t\t\t\t<div class=\"elementor-widget-container\">\n\t\t\t\t\t<p class=\"elementor-heading-title elementor-size-default\">Lo scopo dell'informativa sulla protezione dei dati personali di Datawords \u00e8 informarti sulle modalit\u00e0 di utilizzo dei dati raccolti tramite questo sito web, nonch\u00e9 sui tuoi diritti e sulle modalit\u00e0 di esercizio degli stessi.\n\n<\/p>\t\t\t\t<\/div>\n\t\t\t\t<\/div>\n\t\t\t\t<div class=\"elementor-element elementor-element-42d2b00 elementor-widget elementor-widget-heading\" data-id=\"42d2b00\" data-element_type=\"widget\" data-widget_type=\"heading.default\">\n\t\t\t\t<div class=\"elementor-widget-container\">\n\t\t\t\t\t<p class=\"elementor-heading-title elementor-size-default\">La presente informativa riflette anche i principi di riservatezza e sicurezza dei dati di Datawords. Il trattamento dei dati \u00e8 fondamentale per Datawords, quindi per la nostra attivit\u00e0 \u00e8 essenziale che venga effettuato in modo sicuro e in conformit\u00e0 con la tua volont\u00e0.\n\n<\/p>\t\t\t\t<\/div>\n\t\t\t\t<\/div>\n\t\t\t\t<div class=\"elementor-element elementor-element-3945126 elementor-widget elementor-widget-heading\" data-id=\"3945126\" data-element_type=\"widget\" data-widget_type=\"heading.default\">\n\t\t\t\t<div class=\"elementor-widget-container\">\n\t\t\t\t\t<p class=\"elementor-heading-title elementor-size-default\">Prima di confermare l'invio dei tuoi dati personali tramite il nostro sito web, ti impegni a leggere e accettare la presente informativa. Accettandola, acconsenti in modo chiaro e inequivocabile all'elaborazione della tua richiesta da parte di Datawords, tramite l'utilizzo dei dati inviati a tale scopo.\n\n<\/p>\t\t\t\t<\/div>\n\t\t\t\t<\/div>\n\t\t\t\t<div class=\"elementor-element elementor-element-b1d96f9 elementor-widget__width-inherit textchange elementor-widget elementor-widget-text-editor\" data-id=\"b1d96f9\" data-element_type=\"widget\" data-widget_type=\"text-editor.default\">\n\t\t\t\t<div class=\"elementor-widget-container\">\n\t\t\t\t\t\t\t\t\t<h2><strong>Impegni di<\/strong> Datawords<\/h2>\t\t\t\t\t\t\t\t<\/div>\n\t\t\t\t<\/div>\n\t\t\t\t<div class=\"elementor-element elementor-element-bb7fdbe elementor-widget elementor-widget-heading\" data-id=\"bb7fdbe\" data-element_type=\"widget\" data-widget_type=\"heading.default\">\n\t\t\t\t<div class=\"elementor-widget-container\">\n\t\t\t\t\t<p class=\"elementor-heading-title elementor-size-default\">Datawords si impegna a rispettare la legislazione francese in materia di dati personali, in particolare la legge n. 78-17 del 6 gennaio 1978 relativa al trattamento dei dati, agli archivi e alle libert\u00e0 individuali. Inoltre, Datawords si impegna a rispettare il Regolamento Generale sulla Protezione dei Dati (GDPR) 2016\/679 del Parlamento europeo e del Consiglio del 27 aprile 2016, in vigore dal 25 maggio 2018.<\/p>\t\t\t\t<\/div>\n\t\t\t\t<\/div>\n\t\t\t\t<div class=\"elementor-element elementor-element-f16b17d elementor-widget elementor-widget-heading\" data-id=\"f16b17d\" data-element_type=\"widget\" data-widget_type=\"heading.default\">\n\t\t\t\t<div class=\"elementor-widget-container\">\n\t\t\t\t\t<p class=\"elementor-heading-title elementor-size-default\">Ci impegniamo pertanto a utilizzare i dati personali che riceviamo solo in conformit\u00e0 agli scopi per cui sono stati inviati.<\/p>\t\t\t\t<\/div>\n\t\t\t\t<\/div>\n\t\t\t\t<div class=\"elementor-element elementor-element-e6627f5 elementor-widget elementor-widget-heading\" data-id=\"e6627f5\" data-element_type=\"widget\" data-widget_type=\"heading.default\">\n\t\t\t\t<div class=\"elementor-widget-container\">\n\t\t\t\t\t<p class=\"elementor-heading-title elementor-size-default\">Datawords si impegna inoltre a implementare tutte le misure organizzative e tecniche necessarie a rispettare i testi sopra citati e a garantire un livello di sicurezza adeguato alle finalit\u00e0 del trattamento e alla natura dei dati.\n\n<\/p>\t\t\t\t<\/div>\n\t\t\t\t<\/div>\n\t\t\t\t<div class=\"elementor-element elementor-element-6b4190f elementor-widget elementor-widget-heading\" data-id=\"6b4190f\" data-element_type=\"widget\" data-widget_type=\"heading.default\">\n\t\t\t\t<div class=\"elementor-widget-container\">\n\t\t\t\t\t<p class=\"elementor-heading-title elementor-size-default\">In caso di domande sulla presente informativa, puoi contattare Datawords all'indirizzo dpo@datawordsdev.kinsta.cloud.<\/p>\t\t\t\t<\/div>\n\t\t\t\t<\/div>\n\t\t\t\t<div class=\"elementor-element elementor-element-b482b47 elementor-widget__width-inherit textchange elementor-widget elementor-widget-text-editor\" data-id=\"b482b47\" data-element_type=\"widget\" data-widget_type=\"text-editor.default\">\n\t\t\t\t<div class=\"elementor-widget-container\">\n\t\t\t\t\t\t\t\t\t<h2><strong>Chi raccoglie i dati<\/strong> personali?<\/h2>\n\t\t\t\t\t\t\t\t<\/div>\n\t\t\t\t<\/div>\n\t\t\t\t<div class=\"elementor-element elementor-element-9c59a28 elementor-widget elementor-widget-heading\" data-id=\"9c59a28\" data-element_type=\"widget\" data-widget_type=\"heading.default\">\n\t\t\t\t<div class=\"elementor-widget-container\">\n\t\t\t\t\t<p class=\"elementor-heading-title elementor-size-default\">Per la raccolta dei dati personali dei visitatori attraverso il proprio sito web, Datawords agisce in qualit\u00e0 di titolare del trattamento e raccoglie direttamente tali dati.\n\n<\/p>\t\t\t\t<\/div>\n\t\t\t\t<\/div>\n\t\t\t\t<div class=\"elementor-element elementor-element-cfef6dc elementor-widget elementor-widget-heading\" data-id=\"cfef6dc\" data-element_type=\"widget\" data-widget_type=\"heading.default\">\n\t\t\t\t<div class=\"elementor-widget-container\">\n\t\t\t\t\t<p class=\"elementor-heading-title elementor-size-default\">La sede legale di Datawords si trova al seguente indirizzo:\n<br><br>\n\nDatawords<br>\n66 rue de Villiers<br>\n92300 Levallois-Perret<br>\nFrance<\/p>\t\t\t\t<\/div>\n\t\t\t\t<\/div>\n\t\t\t\t<div class=\"elementor-element elementor-element-bd7fe5d elementor-widget elementor-widget-heading\" data-id=\"bd7fe5d\" data-element_type=\"widget\" data-widget_type=\"heading.default\">\n\t\t\t\t<div class=\"elementor-widget-container\">\n\t\t\t\t\t<p class=\"elementor-heading-title elementor-size-default\">Datawords Datasia \u00e8 una soci\u00e9t\u00e9 par actions simplifi\u00e9e (societ\u00e0 per azioni semplificata) iscritta al Registro del Commercio e delle Imprese di Nanterre con il numero 431 857 317, con un capitale sociale di 127.960,00 euro.\n\n<\/p>\t\t\t\t<\/div>\n\t\t\t\t<\/div>\n\t\t\t\t<div class=\"elementor-element elementor-element-0ce3fcf elementor-widget__width-inherit textchange elementor-widget elementor-widget-text-editor\" data-id=\"0ce3fcf\" data-element_type=\"widget\" data-widget_type=\"text-editor.default\">\n\t\t\t\t<div class=\"elementor-widget-container\">\n\t\t\t\t\t\t\t\t\t<h2><strong>finalit\u00e0 del trattamento<\/strong><br> dei dati personali<\/h2>\t\t\t\t\t\t\t\t<\/div>\n\t\t\t\t<\/div>\n\t\t\t\t<div class=\"elementor-element elementor-element-7fd88b9 elementor-widget__width-inherit textchange elementor-widget elementor-widget-text-editor\" data-id=\"7fd88b9\" data-element_type=\"widget\" data-widget_type=\"text-editor.default\">\n\t\t\t\t<div class=\"elementor-widget-container\">\n\t\t\t\t\t\t\t\t\t<p>Dati personali inviati tramite la nostra scheda di contatto<p>\t\t\t\t\t\t\t\t<\/div>\n\t\t\t\t<\/div>\n\t\t\t\t<div class=\"elementor-element elementor-element-005860e elementor-widget elementor-widget-heading\" data-id=\"005860e\" data-element_type=\"widget\" data-widget_type=\"heading.default\">\n\t\t\t\t<div class=\"elementor-widget-container\">\n\t\t\t\t\t<p class=\"elementor-heading-title elementor-size-default\">I dati personali inviati tramite la nostra scheda di contatto sono le informazioni di contatto che hai scelto di condividere con noi. Lo scopo di queste informazioni \u00e8 quello di identificarti e di permetterci di rispondere alle tue esigenze nel miglior modo possibile.<\/p>\t\t\t\t<\/div>\n\t\t\t\t<\/div>\n\t\t\t\t<div class=\"elementor-element elementor-element-508a525 elementor-widget elementor-widget-heading\" data-id=\"508a525\" data-element_type=\"widget\" data-widget_type=\"heading.default\">\n\t\t\t\t<div class=\"elementor-widget-container\">\n\t\t\t\t\t<p class=\"elementor-heading-title elementor-size-default\">Se lo desideri, puoi inviarci il file di tua scelta a supporto della tua richiesta tramite il nostro sito web, ma Datawords ti ricorda che questo non \u00e8 in alcun modo obbligatorio. Tuttavia, se decidi di avvalerti di questa opzione, sarai interamente responsabile della scelta delle informazioni fornite in questo documento. Lo stesso vale per il messaggio che puoi scrivere e allegare alla richiesta.\n\n<\/p>\t\t\t\t<\/div>\n\t\t\t\t<\/div>\n\t\t\t\t<div class=\"elementor-element elementor-element-d836891 elementor-widget elementor-widget-heading\" data-id=\"d836891\" data-element_type=\"widget\" data-widget_type=\"heading.default\">\n\t\t\t\t<div class=\"elementor-widget-container\">\n\t\t\t\t\t<p class=\"elementor-heading-title elementor-size-default\">Quando accetti di inviare i tuoi dati personali a Datawords, accetti anche che Datawords possa utilizzarli nei limiti delle finalit\u00e0 sopra descritte.\n\n<\/p>\t\t\t\t<\/div>\n\t\t\t\t<\/div>\n\t\t\t\t<div class=\"elementor-element elementor-element-e1a5d2d elementor-widget__width-inherit textchange elementor-widget elementor-widget-text-editor\" data-id=\"e1a5d2d\" data-element_type=\"widget\" data-widget_type=\"text-editor.default\">\n\t\t\t\t<div class=\"elementor-widget-container\">\n\t\t\t\t\t\t\t\t\t<p>Dati personali inviati nell&#8217;ambito di una candidatura<p>\t\t\t\t\t\t\t\t<\/div>\n\t\t\t\t<\/div>\n\t\t\t\t<div class=\"elementor-element elementor-element-db4e6fc elementor-widget elementor-widget-heading\" data-id=\"db4e6fc\" data-element_type=\"widget\" data-widget_type=\"heading.default\">\n\t\t\t\t<div class=\"elementor-widget-container\">\n\t\t\t\t\t<p class=\"elementor-heading-title elementor-size-default\">Tutti i dati personali inviati tramite il nostro sito web nell'ambito di un processo di reclutamento \u2013 ossia il nome, il cognome, l'indirizzo e-mail, il CV e la lettera di presentazione \u2013 vengono utilizzati per analizzare la tua candidatura nel modo pi\u00f9 accurato possibile e per contattarti allo scopo di informarti dell'esito del nostro processo di reclutamento.<\/p>\t\t\t\t<\/div>\n\t\t\t\t<\/div>\n\t\t\t\t<div class=\"elementor-element elementor-element-fc891d8 elementor-widget__width-inherit textchange elementor-widget elementor-widget-text-editor\" data-id=\"fc891d8\" data-element_type=\"widget\" data-widget_type=\"text-editor.default\">\n\t\t\t\t<div class=\"elementor-widget-container\">\n\t\t\t\t\t\t\t\t\t<p>Dati personali inviati nell&#8217;ambito dell&#8217;iscrizione alla newsletter<p>\t\t\t\t\t\t\t\t<\/div>\n\t\t\t\t<\/div>\n\t\t\t\t<div class=\"elementor-element elementor-element-1fabb27 elementor-widget elementor-widget-heading\" data-id=\"1fabb27\" data-element_type=\"widget\" data-widget_type=\"heading.default\">\n\t\t\t\t<div class=\"elementor-widget-container\">\n\t\t\t\t\t<p class=\"elementor-heading-title elementor-size-default\">Quando ci invii i tuoi dati personali per ricevere la nostra newsletter, Datawords li utilizza unicamente per la finalit\u00e0 dichiarata. \u00c8 possibile annullare l'iscrizione cliccando sull'apposito link presente in ogni newsletter.<\/p>\t\t\t\t<\/div>\n\t\t\t\t<\/div>\n\t\t\t\t<div class=\"elementor-element elementor-element-bcfe5cb elementor-widget__width-inherit textchange elementor-widget elementor-widget-text-editor\" data-id=\"bcfe5cb\" data-element_type=\"widget\" data-widget_type=\"text-editor.default\">\n\t\t\t\t<div class=\"elementor-widget-container\">\n\t\t\t\t\t\t\t\t\t<h2><strong>Il sito web Datawords<\/strong><br> utilizza i cookie?<\/h2>\t\t\t\t\t\t\t\t<\/div>\n\t\t\t\t<\/div>\n\t\t\t\t<div class=\"elementor-element elementor-element-e865aea elementor-widget elementor-widget-text-editor\" data-id=\"e865aea\" data-element_type=\"widget\" data-widget_type=\"text-editor.default\">\n\t\t\t\t<div class=\"elementor-widget-container\">\n\t\t\t\t\t\t\t\t\tDatawords utilizza i cookie per far funzionare il sito, per raccogliere informazioni statistiche sull\u2019uso che ne fanno i visitatori e per comunicare informazioni a terzi a scopo di marketing. Per maggiori informazioni, ti invitiamo a consultare la pagina \u201c<a href=\"https:\/\/datawords.com\/it-ch\/gestione-dei-cookie\/\">Gestione dei cookie<\/a>\u201d .\t\t\t\t\t\t\t\t<\/div>\n\t\t\t\t<\/div>\n\t\t\t\t<div class=\"elementor-element elementor-element-ea9d8c0 elementor-widget__width-inherit textchange elementor-widget elementor-widget-text-editor\" data-id=\"ea9d8c0\" data-element_type=\"widget\" data-widget_type=\"text-editor.default\">\n\t\t\t\t<div class=\"elementor-widget-container\">\n\t\t\t\t\t\t\t\t\t<h2><strong>Per quanto tempo vengono conservati<\/strong> i dati personali?<\/h2>\t\t\t\t\t\t\t\t<\/div>\n\t\t\t\t<\/div>\n\t\t\t\t<div class=\"elementor-element elementor-element-1a9bd23 elementor-widget elementor-widget-heading\" data-id=\"1a9bd23\" data-element_type=\"widget\" data-widget_type=\"heading.default\">\n\t\t\t\t<div class=\"elementor-widget-container\">\n\t\t\t\t\t<p class=\"elementor-heading-title elementor-size-default\">Tutti i dati raccolti tramite i nostri moduli di contatto vengono conservati unicamente per il tempo necessario a conseguire lo scopo o gli scopi per cui sono stati raccolti.<\/p>\t\t\t\t<\/div>\n\t\t\t\t<\/div>\n\t\t\t\t<div class=\"elementor-element elementor-element-c708c06 elementor-widget elementor-widget-heading\" data-id=\"c708c06\" data-element_type=\"widget\" data-widget_type=\"heading.default\">\n\t\t\t\t<div class=\"elementor-widget-container\">\n\t\t\t\t\t<p class=\"elementor-heading-title elementor-size-default\">I dati inviati nell'ambito di una candidatura possono essere conservati (a) per due anni nel caso di candidature non accolte che potrebbero essere rilevanti per una futura offerta di lavoro o (b) per la durata della nostra collaborazione e fino a 5-10 anni dopo la sua conclusione. I dati raccolti con l'iscrizione alla nostra newsletter saranno conservati finch\u00e9 darai il tuo consenso all'invio di tali dati.<\/p>\t\t\t\t<\/div>\n\t\t\t\t<\/div>\n\t\t\t\t<div class=\"elementor-element elementor-element-9b0a9a8 elementor-widget__width-inherit textchange elementor-widget elementor-widget-text-editor\" data-id=\"9b0a9a8\" data-element_type=\"widget\" data-widget_type=\"text-editor.default\">\n\t\t\t\t<div class=\"elementor-widget-container\">\n\t\t\t\t\t\t\t\t\t<h2><strong>Chi pu\u00f2 accedere ai<\/strong><br> dati personali?<\/h2>\t\t\t\t\t\t\t\t<\/div>\n\t\t\t\t<\/div>\n\t\t\t\t<div class=\"elementor-element elementor-element-331196d elementor-widget elementor-widget-heading\" data-id=\"331196d\" data-element_type=\"widget\" data-widget_type=\"heading.default\">\n\t\t\t\t<div class=\"elementor-widget-container\">\n\t\t\t\t\t<p class=\"elementor-heading-title elementor-size-default\">Possono accedervi solo le persone competenti e indispensabili per il corretto trattamento dei dati personali.<\/p>\t\t\t\t<\/div>\n\t\t\t\t<\/div>\n\t\t\t\t<div class=\"elementor-element elementor-element-bbfdfa2 elementor-widget elementor-widget-heading\" data-id=\"bbfdfa2\" data-element_type=\"widget\" data-widget_type=\"heading.default\">\n\t\t\t\t<div class=\"elementor-widget-container\">\n\t\t\t\t\t<p class=\"elementor-heading-title elementor-size-default\">Datawords non vender\u00e0 mai i tuoi dati. Qualsiasi comunicazione dei tuoi dati a terzi avverr\u00e0 solo con il tuo consenso, al fine di migliorare la tua esperienza sul nostro sito web o nell'ambito dell'esecuzione di un contratto da te precedentemente sottoscritto.<\/p>\t\t\t\t<\/div>\n\t\t\t\t<\/div>\n\t\t\t\t<div class=\"elementor-element elementor-element-6d85ffc elementor-widget__width-inherit textchange elementor-widget elementor-widget-text-editor\" data-id=\"6d85ffc\" data-element_type=\"widget\" data-widget_type=\"text-editor.default\">\n\t\t\t\t<div class=\"elementor-widget-container\">\n\t\t\t\t\t\t\t\t\t<h2><strong>Come esercitare<\/strong><br \/>i tuoi diritti<\/h2>\t\t\t\t\t\t\t\t<\/div>\n\t\t\t\t<\/div>\n\t\t\t\t<div class=\"elementor-element elementor-element-89de96b elementor-widget elementor-widget-heading\" data-id=\"89de96b\" data-element_type=\"widget\" data-widget_type=\"heading.default\">\n\t\t\t\t<div class=\"elementor-widget-container\">\n\t\t\t\t\t<p class=\"elementor-heading-title elementor-size-default\">Quando accetti di fornirci i tuoi dati, hai un diritto di accesso, rettifica, opposizione al trattamento e cancellazione di tali dati.<\/p>\t\t\t\t<\/div>\n\t\t\t\t<\/div>\n\t\t\t\t<div class=\"elementor-element elementor-element-f17eb82 elementor-widget elementor-widget-heading\" data-id=\"f17eb82\" data-element_type=\"widget\" data-widget_type=\"heading.default\">\n\t\t\t\t<div class=\"elementor-widget-container\">\n\t\t\t\t\t<p class=\"elementor-heading-title elementor-size-default\">In conformit\u00e0 con il GDPR, disponi del diritto di accesso, rettifica e cancellazione dei tuoi dati personali, del diritto di limitazione del trattamento di tali dati, del diritto alla portabilit\u00e0 di tali dati e del diritto di opposizione al loro trattamento.<\/p>\t\t\t\t<\/div>\n\t\t\t\t<\/div>\n\t\t\t\t<div class=\"elementor-element elementor-element-3e35208 elementor-widget elementor-widget-heading\" data-id=\"3e35208\" data-element_type=\"widget\" data-widget_type=\"heading.default\">\n\t\t\t\t<div class=\"elementor-widget-container\">\n\t\t\t\t\t<p class=\"elementor-heading-title elementor-size-default\">Tali diritti possono essere esercitati inviando una richiesta tramite e-mail al seguente indirizzo: dpo@datawordsdev.kinsta.cloud oppure per posta a:\ndpo@datawords.com \nou par courrier postal:<br>\nDatawords<br>\nDPO<br>\n66 rue de Villiers<br>\n92300 Levallois-Perret<br>\nFrance<\/p>\t\t\t\t<\/div>\n\t\t\t\t<\/div>\n\t\t\t\t<div class=\"elementor-element elementor-element-7147897 elementor-widget elementor-widget-heading\" data-id=\"7147897\" data-element_type=\"widget\" data-widget_type=\"heading.default\">\n\t\t\t\t<div class=\"elementor-widget-container\">\n\t\t\t\t\t<p class=\"elementor-heading-title elementor-size-default\">Datawords si impegna ad adottare tutte le misure necessarie nel pi\u00f9 breve tempo possibile dopo la ricezione della tua richiesta e a notificarti eventuali azioni intraprese.<\/p>\t\t\t\t<\/div>\n\t\t\t\t<\/div>\n\t\t\t\t<div class=\"elementor-element elementor-element-7491ae7 elementor-widget elementor-widget-heading\" data-id=\"7491ae7\" data-element_type=\"widget\" data-widget_type=\"heading.default\">\n\t\t\t\t<div class=\"elementor-widget-container\">\n\t\t\t\t\t<p class=\"elementor-heading-title elementor-size-default\">Se hai effettuato l'iscrizione alla nostra newsletter, puoi annullarla in qualsiasi momento cliccando sul link presente in ogni newsletter.<\/p>\t\t\t\t<\/div>\n\t\t\t\t<\/div>\n\t\t\t\t<div class=\"elementor-element elementor-element-882df91 elementor-widget__width-inherit textchange elementor-widget elementor-widget-text-editor\" data-id=\"882df91\" data-element_type=\"widget\" data-widget_type=\"text-editor.default\">\n\t\t\t\t<div class=\"elementor-widget-container\">\n\t\t\t\t\t\t\t\t\t<h2><strong>Modifiche alla<\/strong><br> presente informativa<\/h2>\t\t\t\t\t\t\t\t<\/div>\n\t\t\t\t<\/div>\n\t\t\t\t<div class=\"elementor-element elementor-element-822b6ef elementor-widget elementor-widget-heading\" data-id=\"822b6ef\" data-element_type=\"widget\" data-widget_type=\"heading.default\">\n\t\t\t\t<div class=\"elementor-widget-container\">\n\t\t\t\t\t<p class=\"elementor-heading-title elementor-size-default\">Datawords si riserva il diritto di modificare e aggiornare la propria informativa sulla privacy in qualsiasi momento, in conformit\u00e0 con le leggi vigenti.<\/p>\t\t\t\t<\/div>\n\t\t\t\t<\/div>\n\t\t\t\t\t<\/div>\n\t\t<\/div>\n\t\t\t\t\t<\/div>\n\t\t<\/section>\n\t\t\t\t\t<\/div>\n\t\t<\/div>\n\t\t\t\t\t<\/div>\n\t\t<\/section>\n\t\t\t\t<\/div>\n\t\t","protected":false},"excerpt":{"rendered":"<p>Gestione dei dati personali Datawords \u00e8 pienamente consapevole delle normative che regolano la protezione dei dati personali. Per questo motivo, ci proponiamo di rendere il pi\u00f9 possibile chiare e accessibili tutte le informazioni relative al trattamento dei dati effettuato tramite il nostro sito web, che si tratti di una semplice richiesta di informazioni, di un&#8217;iscrizione [&hellip;]<\/p>\n","protected":false},"author":1,"featured_media":0,"parent":0,"menu_order":0,"comment_status":"closed","ping_status":"closed","template":"","meta":{"_acf_changed":false,"content-type":"","footnotes":""},"class_list":["post-82094","page","type-page","status-publish","hentry"],"acf":[],"_links":{"self":[{"href":"https:\/\/datawords.com\/it-ch\/wp-json\/wp\/v2\/pages\/82094","targetHints":{"allow":["GET"]}}],"collection":[{"href":"https:\/\/datawords.com\/it-ch\/wp-json\/wp\/v2\/pages"}],"about":[{"href":"https:\/\/datawords.com\/it-ch\/wp-json\/wp\/v2\/types\/page"}],"author":[{"embeddable":true,"href":"https:\/\/datawords.com\/it-ch\/wp-json\/wp\/v2\/users\/1"}],"replies":[{"embeddable":true,"href":"https:\/\/datawords.com\/it-ch\/wp-json\/wp\/v2\/comments?post=82094"}],"version-history":[{"count":0,"href":"https:\/\/datawords.com\/it-ch\/wp-json\/wp\/v2\/pages\/82094\/revisions"}],"wp:attachment":[{"href":"https:\/\/datawords.com\/it-ch\/wp-json\/wp\/v2\/media?parent=82094"}],"curies":[{"name":"wp","href":"https:\/\/api.w.org\/{rel}","templated":true}]}}