{"id":82083,"date":"2023-07-25T08:42:54","date_gmt":"2023-07-25T06:42:54","guid":{"rendered":"https:\/\/datawords.com\/carriere-lavorare-da-datawords\/"},"modified":"2026-02-06T11:05:15","modified_gmt":"2026-02-06T10:05:15","slug":"carriere-lavorare-da-datawords","status":"publish","type":"page","link":"https:\/\/datawords.com\/it-ch\/carriere-lavorare-da-datawords\/","title":{"rendered":"Carriere\/Lavorare da Datawords"},"content":{"rendered":"\t\t<div data-elementor-type=\"wp-page\" data-elementor-id=\"82083\" class=\"elementor elementor-82083 elementor-8154\" data-elementor-post-type=\"page\">\n\t\t\t\t<div class=\"elementor-element elementor-element-6a97a63 e-flex e-con-boxed e-con e-parent\" data-id=\"6a97a63\" data-element_type=\"container\" data-settings=\"{&quot;background_background&quot;:&quot;classic&quot;}\">\n\t\t\t\t\t<div class=\"e-con-inner\">\n\t\t<div class=\"elementor-element elementor-element-32e9876 e-con-full e-flex e-con e-child\" data-id=\"32e9876\" data-element_type=\"container\">\n\t\t\t\t<div class=\"elementor-element elementor-element-63f0767 textchange elementor-widget__width-initial elementor-widget-mobile__width-inherit elementor-widget elementor-widget-text-editor\" data-id=\"63f0767\" data-element_type=\"widget\" data-widget_type=\"text-editor.default\">\n\t\t\t\t<div class=\"elementor-widget-container\">\n\t\t\t\t\t\t\t\t\t<h1><strong>Lavora presso<\/strong><br>\nDatawords<\/h1>\t\t\t\t\t\t\t\t<\/div>\n\t\t\t\t<\/div>\n\t\t\t\t<\/div>\n\t\t\t\t\t<\/div>\n\t\t\t\t<\/div>\n\t\t<div class=\"elementor-element elementor-element-fdf8b3f nos-valeurs e-flex e-con-boxed e-con e-parent\" data-id=\"fdf8b3f\" data-element_type=\"container\" data-settings=\"{&quot;background_background&quot;:&quot;gradient&quot;}\">\n\t\t\t\t\t<div class=\"e-con-inner\">\n\t\t<div class=\"elementor-element elementor-element-ac26a46 e-con-full e-flex e-con e-child\" data-id=\"ac26a46\" data-element_type=\"container\">\n\t\t<div class=\"elementor-element elementor-element-533d600 e-con-full e-flex e-con e-child\" data-id=\"533d600\" data-element_type=\"container\">\n\t\t\t\t<div class=\"elementor-element elementor-element-dd979e4 elementor-widget elementor-widget-heading\" data-id=\"dd979e4\" data-element_type=\"widget\" data-widget_type=\"heading.default\">\n\t\t\t\t<div class=\"elementor-widget-container\">\n\t\t\t\t\t<p class=\"elementor-heading-title elementor-size-default\">Datawords \u00e8 un'azienda gestita da persone la cui missione \u00e8 fornire a marchi internazionali contenuti pertinenti a livello locale, ovunque e in qualsiasi momento, indipendentemente dalla piattaforma digitale utilizzata e dalla cultura di riferimento.\n<br><br>\nPer offrire le massime prestazioni ai propri clienti, Datawords valorizza la diversit\u00e0 di identit\u00e0, culture, valori, modi di pensare, percorsi di carriera e competenze. Lo chiamiamo multiculturalismo. <br><br>\nEcco perch\u00e9 promuovere la diversit\u00e0 \u00e8 il pilastro della nostra politica delle risorse umane. Quindi, che tu sia un digital marketer, un creativo, uno sviluppatore, un traduttore, un project manager o un esperto di ricerca, social o UX, da qualsiasi paese tu provenga, che tu sia appassionato di arti drammatiche o di calcio, sei il benvenuto!<\/p>\t\t\t\t<\/div>\n\t\t\t\t<\/div>\n\t\t\t\t<\/div>\n\t\t\t\t<\/div>\n\t\t\t\t\t<\/div>\n\t\t\t\t<\/div>\n\t\t<div class=\"elementor-element elementor-element-733770f every-one-matter e-flex e-con-boxed e-con e-parent\" data-id=\"733770f\" data-element_type=\"container\" data-settings=\"{&quot;background_background&quot;:&quot;classic&quot;}\">\n\t\t\t\t\t<div class=\"e-con-inner\">\n\t\t<div class=\"elementor-element elementor-element-656ec02 e-con-full e-flex e-con e-child\" data-id=\"656ec02\" data-element_type=\"container\">\n\t\t<div class=\"elementor-element elementor-element-bfcf78c e-con-full travailler-chez-datawords e-flex e-con e-child\" data-id=\"bfcf78c\" data-element_type=\"container\">\n\t\t\t\t<div class=\"elementor-element elementor-element-a4cbf6f elementor-widget elementor-widget-image\" data-id=\"a4cbf6f\" data-element_type=\"widget\" data-widget_type=\"image.default\">\n\t\t\t\t<div class=\"elementor-widget-container\">\n\t\t\t\t\t\t\t\t\t\t\t\t\t\t\t<img fetchpriority=\"high\" decoding=\"async\" width=\"577\" height=\"650\" src=\"https:\/\/datawords.com\/wp-content\/uploads\/2026\/02\/matters.avif\" class=\"attachment-full size-full wp-image-307589\" alt=\"\" srcset=\"https:\/\/datawords.com\/wp-content\/uploads\/2026\/02\/matters.avif 577w, https:\/\/datawords.com\/wp-content\/uploads\/2026\/02\/matters-266x300.avif 266w\" sizes=\"(max-width: 577px) 100vw, 577px\" \/>\t\t\t\t\t\t\t\t\t\t\t\t\t\t\t<\/div>\n\t\t\t\t<\/div>\n\t\t\t\t<\/div>\n\t\t<div class=\"elementor-element elementor-element-d7597f9 e-con-full e-flex e-con e-child\" data-id=\"d7597f9\" data-element_type=\"container\">\n\t\t\t\t<div class=\"elementor-element elementor-element-6d85a63 elementor-widget elementor-widget-heading\" data-id=\"6d85a63\" data-element_type=\"widget\" data-widget_type=\"heading.default\">\n\t\t\t\t<div class=\"elementor-widget-container\">\n\t\t\t\t\t<p class=\"elementor-heading-title elementor-size-default\">Everyone<\/p>\t\t\t\t<\/div>\n\t\t\t\t<\/div>\n\t\t\t\t<div class=\"elementor-element elementor-element-d0f2eed elementor-widget elementor-widget-heading\" data-id=\"d0f2eed\" data-element_type=\"widget\" data-widget_type=\"heading.default\">\n\t\t\t\t<div class=\"elementor-widget-container\">\n\t\t\t\t\t<h2 class=\"elementor-heading-title elementor-size-default\">Matters<\/h2>\t\t\t\t<\/div>\n\t\t\t\t<\/div>\n\t\t\t\t<div class=\"elementor-element elementor-element-cbecaee elementor-widget__width-initial elementor-widget elementor-widget-heading\" data-id=\"cbecaee\" data-element_type=\"widget\" data-widget_type=\"heading.default\">\n\t\t\t\t<div class=\"elementor-widget-container\">\n\t\t\t\t\t<p class=\"elementor-heading-title elementor-size-default\">I valori che guidano ogni nostra decisione possono essere riassunti in due parole: EVERYONE MATTERS. Questa convinzione ci spinge a mettere al primo posto le esigenze e il benessere di tutti i soggetti interessati.\n<\/p>\t\t\t\t<\/div>\n\t\t\t\t<\/div>\n\t\t\t\t<div class=\"elementor-element elementor-element-e6d3abf elementor-widget__width-initial elementor-widget elementor-widget-heading\" data-id=\"e6d3abf\" data-element_type=\"widget\" data-widget_type=\"heading.default\">\n\t\t\t\t<div class=\"elementor-widget-container\">\n\t\t\t\t\t<p class=\"elementor-heading-title elementor-size-default\">Fin dall\u2019inizio i 6 fondatori di Datawords, culturalmente diversi, erano convinti che la multiculturalit\u00e0 creasse valore. Di fatto, crediamo che sia il segreto del successo nell\u2019odierno mondo degli affari. E il fatto che Datawords continui a crescere da oltre 20 anni ne \u00e8 la prova migliore.\n\n<\/p>\t\t\t\t<\/div>\n\t\t\t\t<\/div>\n\t\t\t\t<div class=\"elementor-element elementor-element-2210541 elementor-align-left btnall elementor-widget elementor-widget-button\" data-id=\"2210541\" data-element_type=\"widget\" data-widget_type=\"button.default\">\n\t\t\t\t<div class=\"elementor-widget-container\">\n\t\t\t\t\t\t\t\t\t<div class=\"elementor-button-wrapper\">\n\t\t\t\t\t<a class=\"elementor-button elementor-button-link elementor-size-sm\" href=\"https:\/\/datawords.com\/it-ch\/i-nostri-valori\/\">\n\t\t\t\t\t\t<span class=\"elementor-button-content-wrapper\">\n\t\t\t\t\t\t<span class=\"elementor-button-icon\">\n\t\t\t\t<i aria-hidden=\"true\" class=\"icon icon-arrow-right\"><\/i>\t\t\t<\/span>\n\t\t\t\t\t\t\t\t\t<span class=\"elementor-button-text\">Il nostro credo<\/span>\n\t\t\t\t\t<\/span>\n\t\t\t\t\t<\/a>\n\t\t\t\t<\/div>\n\t\t\t\t\t\t\t\t<\/div>\n\t\t\t\t<\/div>\n\t\t\t\t<\/div>\n\t\t\t\t<\/div>\n\t\t\t\t\t<\/div>\n\t\t\t\t<\/div>\n\t\t<div class=\"elementor-element elementor-element-33ee6ba multi-competence e-flex e-con-boxed e-con e-parent\" data-id=\"33ee6ba\" data-element_type=\"container\" data-settings=\"{&quot;background_background&quot;:&quot;classic&quot;}\">\n\t\t\t\t\t<div class=\"e-con-inner\">\n\t\t<div class=\"elementor-element elementor-element-10f04bf e-con-full e-flex e-con e-child\" data-id=\"10f04bf\" data-element_type=\"container\">\n\t\t<div class=\"elementor-element elementor-element-caa6d5d e-con-full e-flex e-con e-child\" data-id=\"caa6d5d\" data-element_type=\"container\">\n\t\t\t\t<div class=\"elementor-element elementor-element-9b247a8 elementor-widget elementor-widget-heading\" data-id=\"9b247a8\" data-element_type=\"widget\" data-widget_type=\"heading.default\">\n\t\t\t\t<div class=\"elementor-widget-container\">\n\t\t\t\t\t<h2 class=\"elementor-heading-title elementor-size-default\">Un apprendimento<\/h2>\t\t\t\t<\/div>\n\t\t\t\t<\/div>\n\t\t\t\t<div class=\"elementor-element elementor-element-3aea88d elementor-widget elementor-widget-heading\" data-id=\"3aea88d\" data-element_type=\"widget\" data-widget_type=\"heading.default\">\n\t\t\t\t<div class=\"elementor-widget-container\">\n\t\t\t\t\t<h2 class=\"elementor-heading-title elementor-size-default\">Azienda<\/h2>\t\t\t\t<\/div>\n\t\t\t\t<\/div>\n\t\t\t\t<div class=\"elementor-element elementor-element-a4c75a0 elementor-widget elementor-widget-text-editor\" data-id=\"a4c75a0\" data-element_type=\"widget\" data-widget_type=\"text-editor.default\">\n\t\t\t\t<div class=\"elementor-widget-container\">\n\t\t\t\t\t\t\t\t\tDiamo valore a ogni dipendente in tutto il mondo. Ci assicuriamo che ognuno trovi il proprio posto per esprimere tutto il suo potenziale. In un mondo sempre pi\u00f9 digitale, dove gli strumenti e le esigenze sono in continua evoluzione, i nostri team devono avere le migliori competenze per offrire ai clienti soluzioni tecnologiche avanzate. Ecco perch\u00e9 Datawords sostiene lo sviluppo dei suoi dipendenti offrendo loro un\u2019ampia gamma di progetti, su pi\u00f9 piattaforme, con una variet\u00e0 di clienti. Queste esperienze formative consentono ai nostri esperti di padroneggiare le tecnologie pi\u00f9 innovative sul mercato e di essere sempre all\u2019avanguardia nel loro settore di competenza.\n\n\t\t\t\t\t\t\t\t<\/div>\n\t\t\t\t<\/div>\n\t\t\t\t<\/div>\n\t\t\t\t<\/div>\n\t\t<div class=\"elementor-element elementor-element-430a79b e-con-full e-flex e-con e-child\" data-id=\"430a79b\" data-element_type=\"container\">\n\t\t<div class=\"elementor-element elementor-element-eefd521 e-con-full e-flex e-con e-child\" data-id=\"eefd521\" data-element_type=\"container\">\n\t\t\t\t<div class=\"elementor-element elementor-element-3b912b2 elementor-widget elementor-widget-image\" data-id=\"3b912b2\" data-element_type=\"widget\" data-widget_type=\"image.default\">\n\t\t\t\t<div class=\"elementor-widget-container\">\n\t\t\t\t\t\t\t\t\t\t\t\t\t\t\t<img decoding=\"async\" width=\"577\" height=\"650\" src=\"https:\/\/datawords.com\/wp-content\/uploads\/2026\/02\/competence.avif\" class=\"attachment-full size-full wp-image-307613\" alt=\"\" srcset=\"https:\/\/datawords.com\/wp-content\/uploads\/2026\/02\/competence.avif 577w, https:\/\/datawords.com\/wp-content\/uploads\/2026\/02\/competence-266x300.avif 266w\" sizes=\"(max-width: 577px) 100vw, 577px\" \/>\t\t\t\t\t\t\t\t\t\t\t\t\t\t\t<\/div>\n\t\t\t\t<\/div>\n\t\t\t\t<\/div>\n\t\t\t\t<\/div>\n\t\t\t\t\t<\/div>\n\t\t\t\t<\/div>\n\t\t<div class=\"elementor-element elementor-element-e7a9317 multi-culter e-flex e-con-boxed e-con e-parent\" data-id=\"e7a9317\" data-element_type=\"container\" data-settings=\"{&quot;background_background&quot;:&quot;classic&quot;}\">\n\t\t\t\t\t<div class=\"e-con-inner\">\n\t\t<div class=\"elementor-element elementor-element-759493e e-con-full e-flex e-con e-child\" data-id=\"759493e\" data-element_type=\"container\">\n\t\t<div class=\"elementor-element elementor-element-ee92c8f e-con-full e-flex e-con e-child\" data-id=\"ee92c8f\" data-element_type=\"container\">\n\t\t\t\t<div class=\"elementor-element elementor-element-49b827a elementor-widget elementor-widget-image\" data-id=\"49b827a\" data-element_type=\"widget\" data-widget_type=\"image.default\">\n\t\t\t\t<div class=\"elementor-widget-container\">\n\t\t\t\t\t\t\t\t\t\t\t\t\t\t\t<img decoding=\"async\" width=\"577\" height=\"650\" src=\"https:\/\/datawords.com\/wp-content\/uploads\/2026\/02\/culturelle.avif\" class=\"attachment-full size-full wp-image-307659\" alt=\"\" srcset=\"https:\/\/datawords.com\/wp-content\/uploads\/2026\/02\/culturelle.avif 577w, https:\/\/datawords.com\/wp-content\/uploads\/2026\/02\/culturelle-266x300.avif 266w\" sizes=\"(max-width: 577px) 100vw, 577px\" \/>\t\t\t\t\t\t\t\t\t\t\t\t\t\t\t<\/div>\n\t\t\t\t<\/div>\n\t\t\t\t<\/div>\n\t\t<div class=\"elementor-element elementor-element-e55b9c8 e-con-full e-flex e-con e-child\" data-id=\"e55b9c8\" data-element_type=\"container\">\n\t\t\t\t<div class=\"elementor-element elementor-element-5c8195e elementor-widget elementor-widget-heading\" data-id=\"5c8195e\" data-element_type=\"widget\" data-widget_type=\"heading.default\">\n\t\t\t\t<div class=\"elementor-widget-container\">\n\t\t\t\t\t<h2 class=\"elementor-heading-title elementor-size-default\">A cultural<\/h2>\t\t\t\t<\/div>\n\t\t\t\t<\/div>\n\t\t\t\t<div class=\"elementor-element elementor-element-8646187 elementor-widget elementor-widget-heading\" data-id=\"8646187\" data-element_type=\"widget\" data-widget_type=\"heading.default\">\n\t\t\t\t<div class=\"elementor-widget-container\">\n\t\t\t\t\t<h2 class=\"elementor-heading-title elementor-size-default\">azienda<\/h2>\t\t\t\t<\/div>\n\t\t\t\t<\/div>\n\t\t\t\t<div class=\"elementor-element elementor-element-343de1d elementor-widget elementor-widget-text-editor\" data-id=\"343de1d\" data-element_type=\"widget\" data-widget_type=\"text-editor.default\">\n\t\t\t\t<div class=\"elementor-widget-container\">\n\t\t\t\t\t\t\t\t\t<p>Datawords opera in Europa, Asia e Nord America, con 25 sedi tra cui Parigi, Lussemburgo, Berlino, Londra, Barcellona, Milano, Seoul, Hong Kong, Tokyo, Shanghai, Manila, New York e Miami. In ognuna di queste sedi, offriamo ai nostri dipendenti un\u2019esperienza internazionale su base quotidiana. I progetti a cui lavoriamo sono di portata globale; i nostri team provengono dai quattro angoli del mondo, nei corridoi dei nostri uffici si parlano tutte le lingue\u2026 Datawords, un\u2019azienda 100% multiculturale.<\/p>\t\t\t\t\t\t\t\t<\/div>\n\t\t\t\t<\/div>\n\t\t\t\t<\/div>\n\t\t\t\t<\/div>\n\t\t\t\t\t<\/div>\n\t\t\t\t<\/div>\n\t\t\t\t<\/div>\n\t\t","protected":false},"excerpt":{"rendered":"<p>Lavora presso Datawords Datawords \u00e8 un&#8217;azienda gestita da persone la cui missione \u00e8 fornire a marchi internazionali contenuti pertinenti a livello locale, ovunque e in qualsiasi momento, indipendentemente dalla piattaforma digitale utilizzata e dalla cultura di riferimento. Per offrire le massime prestazioni ai propri clienti, Datawords valorizza la diversit\u00e0 di identit\u00e0, culture, valori, modi di [&hellip;]<\/p>\n","protected":false},"author":42,"featured_media":0,"parent":0,"menu_order":0,"comment_status":"closed","ping_status":"closed","template":"","meta":{"_acf_changed":false,"content-type":"","footnotes":""},"class_list":["post-82083","page","type-page","status-publish","hentry"],"acf":[],"_links":{"self":[{"href":"https:\/\/datawords.com\/it-ch\/wp-json\/wp\/v2\/pages\/82083","targetHints":{"allow":["GET"]}}],"collection":[{"href":"https:\/\/datawords.com\/it-ch\/wp-json\/wp\/v2\/pages"}],"about":[{"href":"https:\/\/datawords.com\/it-ch\/wp-json\/wp\/v2\/types\/page"}],"author":[{"embeddable":true,"href":"https:\/\/datawords.com\/it-ch\/wp-json\/wp\/v2\/users\/42"}],"replies":[{"embeddable":true,"href":"https:\/\/datawords.com\/it-ch\/wp-json\/wp\/v2\/comments?post=82083"}],"version-history":[{"count":0,"href":"https:\/\/datawords.com\/it-ch\/wp-json\/wp\/v2\/pages\/82083\/revisions"}],"wp:attachment":[{"href":"https:\/\/datawords.com\/it-ch\/wp-json\/wp\/v2\/media?parent=82083"}],"curies":[{"name":"wp","href":"https:\/\/api.w.org\/{rel}","templated":true}]}}