{"id":6527,"date":"2023-06-30T10:50:36","date_gmt":"2023-06-30T08:50:36","guid":{"rendered":"https:\/\/datawords.com\/?page_id=6527"},"modified":"2025-10-29T17:47:38","modified_gmt":"2025-10-29T16:47:38","slug":"transformation-digitale","status":"publish","type":"page","link":"https:\/\/datawords.com\/fr\/transformation-digitale\/","title":{"rendered":"Conseil en transformation digitale multiculturelle"},"content":{"rendered":"\t\t<div data-elementor-type=\"wp-page\" data-elementor-id=\"6527\" class=\"elementor elementor-6527\" data-elementor-post-type=\"page\">\n\t\t\t\t<div class=\"elementor-element elementor-element-a03a353 e-flex e-con-boxed e-con e-parent\" data-id=\"a03a353\" data-element_type=\"container\" data-settings=\"{&quot;background_background&quot;:&quot;classic&quot;}\">\n\t\t\t\t\t<div class=\"e-con-inner\">\n\t\t<div class=\"elementor-element elementor-element-a63fc36 e-con-full e-flex e-con e-child\" data-id=\"a63fc36\" data-element_type=\"container\">\n\t\t\t\t<div class=\"elementor-element elementor-element-ab74e95 textchange elementor-widget__width-initial elementor-hidden-desktop elementor-hidden-tablet elementor-widget elementor-widget-text-editor\" data-id=\"ab74e95\" data-element_type=\"widget\" data-widget_type=\"text-editor.default\">\n\t\t\t\t<div class=\"elementor-widget-container\">\n\t\t\t\t\t\t\t\t\tExploitez la puissance <strong>de la multiculturalit\u00e9 !<\/strong>\t\t\t\t\t\t\t\t<\/div>\n\t\t\t\t<\/div>\n\t\t\t\t<div class=\"elementor-element elementor-element-d31519b textchange elementor-widget__width-initial elementor-hidden-mobile elementor-widget elementor-widget-text-editor\" data-id=\"d31519b\" data-element_type=\"widget\" data-widget_type=\"text-editor.default\">\n\t\t\t\t<div class=\"elementor-widget-container\">\n\t\t\t\t\t\t\t\t\t<strong>Exploitez la puissance<\/strong><br>\nde la multiculturalit\u00e9 !\t\t\t\t\t\t\t\t<\/div>\n\t\t\t\t<\/div>\n\t\t\t\t<\/div>\n\t\t\t\t\t<\/div>\n\t\t\t\t<\/div>\n\t\t<div class=\"elementor-element elementor-element-abbf706 nos-valeurs e-flex e-con-boxed e-con e-parent\" data-id=\"abbf706\" data-element_type=\"container\" data-settings=\"{&quot;background_background&quot;:&quot;gradient&quot;}\">\n\t\t\t\t\t<div class=\"e-con-inner\">\n\t\t<div class=\"elementor-element elementor-element-60adef0 e-con-full e-flex e-con e-child\" data-id=\"60adef0\" data-element_type=\"container\">\n\t\t<div class=\"elementor-element elementor-element-ec64b04 e-con-full e-flex e-con e-child\" data-id=\"ec64b04\" data-element_type=\"container\">\n\t\t\t\t<div class=\"elementor-element elementor-element-cd1f108 elementor-widget elementor-widget-heading\" data-id=\"cd1f108\" data-element_type=\"widget\" data-widget_type=\"heading.default\">\n\t\t\t\t<div class=\"elementor-widget-container\">\n\t\t\t\t\t<p class=\"elementor-heading-title elementor-size-default\">Produire continuellement des contenus \u00e0 l'\u00e9chelle mondiale et les adapter \u00e0 chaque culture, trouver une structure organisationnelle efficace pour g\u00e9rer les contenus, automatiser les \u00e9cosyst\u00e8mes digitaux pour plus de performance : autant de d\u00e9fis que les marques internationales doivent relever pour rester dans la course \u00e0 la croissance.<\/p>\t\t\t\t<\/div>\n\t\t\t\t<\/div>\n\t\t\t\t<div class=\"elementor-element elementor-element-e604418 elementor-widget elementor-widget-heading\" data-id=\"e604418\" data-element_type=\"widget\" data-widget_type=\"heading.default\">\n\t\t\t\t<div class=\"elementor-widget-container\">\n\t\t\t\t\t<p class=\"elementor-heading-title elementor-size-default\">Chez Datawords, nos consultants experts en transformation digitale multiculturelle travaillent en \u00e9troite collaboration avec vous pour\u00a0d\u00e9finir des solutions sur mesure r\u00e9pondant \u00e0 vos enjeux digitaux mondiaux et locaux.\u00a0Nous vous aidons \u00e0 exploiter la puissance de la multiculturalit\u00e9 que ce soit en mati\u00e8re d'organisation, de processus, d'automatisation ou de connectivit\u00e9.<\/p>\t\t\t\t<\/div>\n\t\t\t\t<\/div>\n\t\t\t\t<\/div>\n\t\t\t\t<\/div>\n\t\t\t\t\t<\/div>\n\t\t\t\t<\/div>\n\t\t<div class=\"elementor-element elementor-element-7a40a1e notre-kredos e-flex e-con-boxed e-con e-parent\" data-id=\"7a40a1e\" data-element_type=\"container\" data-settings=\"{&quot;background_background&quot;:&quot;classic&quot;}\">\n\t\t\t\t\t<div class=\"e-con-inner\">\n\t\t<div class=\"elementor-element elementor-element-4d980cb e-flex e-con-boxed e-con e-child\" data-id=\"4d980cb\" data-element_type=\"container\">\n\t\t\t\t\t<div class=\"e-con-inner\">\n\t\t\t\t<div class=\"elementor-element elementor-element-25a79e2 elementor-widget elementor-widget-heading\" data-id=\"25a79e2\" data-element_type=\"widget\" data-widget_type=\"heading.default\">\n\t\t\t\t<div class=\"elementor-widget-container\">\n\t\t\t\t\t<h2 class=\"elementor-heading-title elementor-size-default\">NOTRE<\/h2>\t\t\t\t<\/div>\n\t\t\t\t<\/div>\n\t\t\t\t<div class=\"elementor-element elementor-element-43a5a05 elementor-widget elementor-widget-heading\" data-id=\"43a5a05\" data-element_type=\"widget\" data-widget_type=\"heading.default\">\n\t\t\t\t<div class=\"elementor-widget-container\">\n\t\t\t\t\t<h2 class=\"elementor-heading-title elementor-size-default\">Expertise<\/h2>\t\t\t\t<\/div>\n\t\t\t\t<\/div>\n\t\t\t\t\t<\/div>\n\t\t\t\t<\/div>\n\t\t<div class=\"elementor-element elementor-element-bb260fb notre-kredo e-flex e-con-boxed e-con e-child\" data-id=\"bb260fb\" data-element_type=\"container\">\n\t\t\t\t\t<div class=\"e-con-inner\">\n\t\t<div class=\"elementor-element elementor-element-fbfcb07 e-con-full shape-content-right e-flex e-con e-child\" data-id=\"fbfcb07\" data-element_type=\"container\">\n\t\t\t\t<div class=\"elementor-element elementor-element-38d9493 employees-matter elementor-widget elementor-widget-image-box\" data-id=\"38d9493\" data-element_type=\"widget\" data-widget_type=\"image-box.default\">\n\t\t\t\t<div class=\"elementor-widget-container\">\n\t\t\t\t\t<div class=\"elementor-image-box-wrapper\"><div class=\"elementor-image-box-content\"><h3 class=\"elementor-image-box-title\">Organisation et processus m\u00e9tier<\/h3><p class=\"elementor-image-box-description\">Nous travaillons avec vous pour \u00e9laborer une organisation sur mesure et vous aider dans la gestion de l\u2019ensemble des processus m\u00e9tier associ\u00e9s (management, op\u00e9rationnel, support, indicateurs de performance) afin que vous puissiez diffuser en un temps record des contenus pertinents n'importe o\u00f9, n'importe quand et via n'importe quel point de contact, quel que soit le contexte culturel.<\/p><\/div><\/div>\t\t\t\t<\/div>\n\t\t\t\t<\/div>\n\t\t\t\t<\/div>\n\t\t<div class=\"elementor-element elementor-element-1ba74fb e-con-full shape-content-right e-flex e-con e-child\" data-id=\"1ba74fb\" data-element_type=\"container\">\n\t\t\t\t<div class=\"elementor-element elementor-element-adc3071 employees-matter elementor-widget elementor-widget-image-box\" data-id=\"adc3071\" data-element_type=\"widget\" data-widget_type=\"image-box.default\">\n\t\t\t\t<div class=\"elementor-widget-container\">\n\t\t\t\t\t<div class=\"elementor-image-box-wrapper\"><div class=\"elementor-image-box-content\"><h3 class=\"elementor-image-box-title\">Intelligence s\u00e9mantique de marque<\/h3><p class=\"elementor-image-box-description\">Nous aidons les marques \u00e0 cr\u00e9er leur propre intelligence s\u00e9mantique sur mesure : une v\u00e9ritable m\u00e9moire de traduction, qui inclut le ton et les \u00e9l\u00e9ments de vocabulaire distinctifs pour chaque contenu. Cela vous permet d'acc\u00e9l\u00e9rer l\u2019adaptation de vos contenus aux r\u00e9alit\u00e9s culturelles locales tout en pr\u00e9servant votre identit\u00e9 de marque.<\/p><\/div><\/div>\t\t\t\t<\/div>\n\t\t\t\t<\/div>\n\t\t\t\t<\/div>\n\t\t<div class=\"elementor-element elementor-element-1a4b195 e-con-full shape-content-right e-flex e-con e-child\" data-id=\"1a4b195\" data-element_type=\"container\">\n\t\t\t\t<div class=\"elementor-element elementor-element-72a21d8 employees-matter elementor-widget elementor-widget-image-box\" data-id=\"72a21d8\" data-element_type=\"widget\" data-widget_type=\"image-box.default\">\n\t\t\t\t<div class=\"elementor-widget-container\">\n\t\t\t\t\t<div class=\"elementor-image-box-wrapper\"><div class=\"elementor-image-box-content\"><h3 class=\"elementor-image-box-title\">Connectivit\u00e9<\/h3><p class=\"elementor-image-box-description\">Nous identifions les technologies \u00e0 connecter \u00e0 votre \u00e9cosyst\u00e8me pour permettre \u00e0 votre organisation de g\u00e9rer efficacement un grand ensemble d'informations produit, de ressources s\u00e9mantiques et visuelles afin d'acc\u00e9l\u00e9rer le d\u00e9lai de mise sur le march\u00e9 de vos contenus digitaux.<\/p><\/div><\/div>\t\t\t\t<\/div>\n\t\t\t\t<\/div>\n\t\t\t\t<\/div>\n\t\t<div class=\"elementor-element elementor-element-27f54db e-con-full shape-content-right e-flex e-con e-child\" data-id=\"27f54db\" data-element_type=\"container\">\n\t\t\t\t<div class=\"elementor-element elementor-element-94ce94e employees-matter elementor-widget elementor-widget-image-box\" data-id=\"94ce94e\" data-element_type=\"widget\" data-widget_type=\"image-box.default\">\n\t\t\t\t<div class=\"elementor-widget-container\">\n\t\t\t\t\t<div class=\"elementor-image-box-wrapper\"><div class=\"elementor-image-box-content\"><h3 class=\"elementor-image-box-title\">Automatisation<\/h3><p class=\"elementor-image-box-description\">Nous travaillons avec les plus grandes marques internationales pour automatiser leurs processus cr\u00e9atifs et commerciaux \u00e0 l\u2019aide d\u2019outils technologiques modernes bas\u00e9s sur l\u2019intelligence artificielle et humaine. Cette d\u00e9marche cr\u00e9e une meilleure coh\u00e9rence de marque et une vitesse d\u2019ex\u00e9cution optimale sans impacter la qualit\u00e9.<\/p><\/div><\/div>\t\t\t\t<\/div>\n\t\t\t\t<\/div>\n\t\t\t\t<\/div>\n\t\t\t\t\t<\/div>\n\t\t\t\t<\/div>\n\t\t\t\t\t<\/div>\n\t\t\t\t<\/div>\n\t\t\t\t<\/div>\n\t\t","protected":false},"excerpt":{"rendered":"<p>Exploitez la puissance de la multiculturalit\u00e9 !Exploitez la puissance de la multiculturalit\u00e9 ! Produire continuellement des contenus \u00e0 l&#8217;\u00e9chelle mondiale et les adapter \u00e0 chaque culture, trouver une structure organisationnelle efficace pour g\u00e9rer les contenus, automatiser les \u00e9cosyst\u00e8mes digitaux pour plus de performance : autant de d\u00e9fis que les marques internationales doivent relever pour rester [&hellip;]<\/p>\n","protected":false},"author":1,"featured_media":17691,"parent":0,"menu_order":0,"comment_status":"closed","ping_status":"closed","template":"","meta":{"_acf_changed":false,"content-type":"","footnotes":""},"class_list":["post-6527","page","type-page","status-publish","has-post-thumbnail","hentry"],"acf":[],"_links":{"self":[{"href":"https:\/\/datawords.com\/fr\/wp-json\/wp\/v2\/pages\/6527","targetHints":{"allow":["GET"]}}],"collection":[{"href":"https:\/\/datawords.com\/fr\/wp-json\/wp\/v2\/pages"}],"about":[{"href":"https:\/\/datawords.com\/fr\/wp-json\/wp\/v2\/types\/page"}],"author":[{"embeddable":true,"href":"https:\/\/datawords.com\/fr\/wp-json\/wp\/v2\/users\/1"}],"replies":[{"embeddable":true,"href":"https:\/\/datawords.com\/fr\/wp-json\/wp\/v2\/comments?post=6527"}],"version-history":[{"count":0,"href":"https:\/\/datawords.com\/fr\/wp-json\/wp\/v2\/pages\/6527\/revisions"}],"wp:featuredmedia":[{"embeddable":true,"href":"https:\/\/datawords.com\/fr\/wp-json\/wp\/v2\/media\/17691"}],"wp:attachment":[{"href":"https:\/\/datawords.com\/fr\/wp-json\/wp\/v2\/media?parent=6527"}],"curies":[{"name":"wp","href":"https:\/\/api.w.org\/{rel}","templated":true}]}}