{"id":82122,"date":"2023-06-29T13:45:10","date_gmt":"2023-06-29T11:45:10","guid":{"rendered":"https:\/\/datawords.com\/croissance-omnicanale-par-culture\/"},"modified":"2025-10-17T12:14:46","modified_gmt":"2025-10-17T10:14:46","slug":"croissance-omnicanale-par-culture","status":"publish","type":"page","link":"https:\/\/datawords.com\/fr-lu\/croissance-omnicanale-par-culture\/","title":{"rendered":"Croissance omnicanale par culture"},"content":{"rendered":"\t\t<div data-elementor-type=\"wp-page\" data-elementor-id=\"82122\" class=\"elementor elementor-82122 elementor-6413\" data-elementor-post-type=\"page\">\n\t\t\t\t<div class=\"elementor-element elementor-element-61e6374 e-flex e-con-boxed e-con e-parent\" data-id=\"61e6374\" data-element_type=\"container\" data-settings=\"{&quot;background_background&quot;:&quot;classic&quot;}\">\n\t\t\t\t\t<div class=\"e-con-inner\">\n\t\t<div class=\"elementor-element elementor-element-39f66a7 e-con-full e-flex e-con e-child\" data-id=\"39f66a7\" data-element_type=\"container\">\n\t\t\t\t<div class=\"elementor-element elementor-element-6c4f012 textchange elementor-widget__width-initial elementor-hidden-desktop elementor-hidden-tablet elementor-widget elementor-widget-text-editor\" data-id=\"6c4f012\" data-element_type=\"widget\" data-widget_type=\"text-editor.default\">\n\t\t\t\t<div class=\"elementor-widget-container\">\n\t\t\t\t\t\t\t\t\t<strong>Amplifiez la visibilit\u00e9 locale<\/strong> avec une coh\u00e9rence globale\t\t\t\t\t\t\t\t<\/div>\n\t\t\t\t<\/div>\n\t\t\t\t<div class=\"elementor-element elementor-element-d156e70 textchange elementor-widget__width-initial elementor-hidden-mobile elementor-widget elementor-widget-text-editor\" data-id=\"d156e70\" data-element_type=\"widget\" data-widget_type=\"text-editor.default\">\n\t\t\t\t<div class=\"elementor-widget-container\">\n\t\t\t\t\t\t\t\t\t<strong> Amplifiez la visibilit\u00e9 locale<\/strong>\navec une coh\u00e9rence globale\t\t\t\t\t\t\t\t<\/div>\n\t\t\t\t<\/div>\n\t\t\t\t<\/div>\n\t\t\t\t\t<\/div>\n\t\t\t\t<\/div>\n\t\t<div class=\"elementor-element elementor-element-8233ce7 nos-valeurs e-flex e-con-boxed e-con e-parent\" data-id=\"8233ce7\" data-element_type=\"container\" data-settings=\"{&quot;background_background&quot;:&quot;gradient&quot;}\">\n\t\t\t\t\t<div class=\"e-con-inner\">\n\t\t<div class=\"elementor-element elementor-element-bd6dbea e-con-full e-flex e-con e-child\" data-id=\"bd6dbea\" data-element_type=\"container\">\n\t\t<div class=\"elementor-element elementor-element-6ba6bea e-con-full e-flex e-con e-child\" data-id=\"6ba6bea\" data-element_type=\"container\">\n\t\t\t\t<div class=\"elementor-element elementor-element-5f14a31 elementor-widget elementor-widget-heading\" data-id=\"5f14a31\" data-element_type=\"widget\" data-widget_type=\"heading.default\">\n\t\t\t\t<div class=\"elementor-widget-container\">\n\t\t\t\t\t<p class=\"elementor-heading-title elementor-size-default\">Pour une strat\u00e9gie de communication efficace, il est crucial d'\u00e9tablir une relation avec chaque communaut\u00e9 \/ client. Mais pour les marques internationales, il est tout aussi important de ne pas laisser les diff\u00e9rences culturelles entraver la performance.<\/p>\t\t\t\t<\/div>\n\t\t\t\t<\/div>\n\t\t\t\t<div class=\"elementor-element elementor-element-a51ef72 elementor-widget elementor-widget-heading\" data-id=\"a51ef72\" data-element_type=\"widget\" data-widget_type=\"heading.default\">\n\t\t\t\t<div class=\"elementor-widget-container\">\n\t\t\t\t\t<p class=\"elementor-heading-title elementor-size-default\">Chez Datawords, nous proposons un service omnicanal complet pour aider nos clients \u00e0 se d\u00e9velopper sur chaque march\u00e9 cible, en utilisant des strat\u00e9gies adapt\u00e9es aux sp\u00e9cificit\u00e9s culturelles locales pour chaque canal de communication.<\/p>\t\t\t\t<\/div>\n\t\t\t\t<\/div>\n\t\t\t\t<\/div>\n\t\t\t\t<\/div>\n\t\t\t\t\t<\/div>\n\t\t\t\t<\/div>\n\t\t<div class=\"elementor-element elementor-element-703d0c3 notre-kredos e-flex e-con-boxed e-con e-parent\" data-id=\"703d0c3\" data-element_type=\"container\" data-settings=\"{&quot;background_background&quot;:&quot;classic&quot;}\">\n\t\t\t\t\t<div class=\"e-con-inner\">\n\t\t<div class=\"elementor-element elementor-element-6392c9b e-flex e-con-boxed e-con e-child\" data-id=\"6392c9b\" data-element_type=\"container\">\n\t\t\t\t\t<div class=\"e-con-inner\">\n\t\t\t\t<div class=\"elementor-element elementor-element-ff6f91d elementor-widget elementor-widget-heading\" data-id=\"ff6f91d\" data-element_type=\"widget\" data-widget_type=\"heading.default\">\n\t\t\t\t<div class=\"elementor-widget-container\">\n\t\t\t\t\t<h2 class=\"elementor-heading-title elementor-size-default\">NOTRE<\/h2>\t\t\t\t<\/div>\n\t\t\t\t<\/div>\n\t\t\t\t<div class=\"elementor-element elementor-element-5f55638 elementor-widget elementor-widget-heading\" data-id=\"5f55638\" data-element_type=\"widget\" data-widget_type=\"heading.default\">\n\t\t\t\t<div class=\"elementor-widget-container\">\n\t\t\t\t\t<h2 class=\"elementor-heading-title elementor-size-default\">Expertise<\/h2>\t\t\t\t<\/div>\n\t\t\t\t<\/div>\n\t\t\t\t\t<\/div>\n\t\t\t\t<\/div>\n\t\t<div class=\"elementor-element elementor-element-215c330 notre-kredo e-flex e-con-boxed e-con e-child\" data-id=\"215c330\" data-element_type=\"container\">\n\t\t\t\t\t<div class=\"e-con-inner\">\n\t\t<div class=\"elementor-element elementor-element-da072f4 e-con-full shape-content-right e-flex e-con e-child\" data-id=\"da072f4\" data-element_type=\"container\">\n\t\t\t\t<div class=\"elementor-element elementor-element-10c6a1d employees-matter elementor-widget elementor-widget-image-box\" data-id=\"10c6a1d\" data-element_type=\"widget\" data-widget_type=\"image-box.default\">\n\t\t\t\t<div class=\"elementor-widget-container\">\n\t\t\t\t\t<div class=\"elementor-image-box-wrapper\"><div class=\"elementor-image-box-content\"><h3 class=\"elementor-image-box-title\">SEO<\/h3><p class=\"elementor-image-box-description\">Nous prenons en compte vos r\u00e9alit\u00e9s culturelles et l'ADN de votre marque en vous recommandant une strat\u00e9gie s\u00e9mantique adapt\u00e9e \u00e0 chaque march\u00e9. Nous produisons le mod\u00e8le de texte principal ainsi que son adaptation pour chaque filiale ; nous r\u00e9digeons \u00e9galement des contenus \u00e9ditoriaux et r\u00e9alisons le netlinking en local (last kilom\u00e8tre) pour augmenter la performance de la marque afin d\u2019optimiser votre r\u00e9f\u00e9rencement sur les moteurs de recherche et vos e-retailers dans chaque pays.<\/p><\/div><\/div>\t\t\t\t<\/div>\n\t\t\t\t<\/div>\n\t\t\t\t<\/div>\n\t\t<div class=\"elementor-element elementor-element-35f401f e-con-full shape-content-right e-flex e-con e-child\" data-id=\"35f401f\" data-element_type=\"container\">\n\t\t\t\t<div class=\"elementor-element elementor-element-cb46b7d employees-matter elementor-widget elementor-widget-image-box\" data-id=\"cb46b7d\" data-element_type=\"widget\" data-widget_type=\"image-box.default\">\n\t\t\t\t<div class=\"elementor-widget-container\">\n\t\t\t\t\t<div class=\"elementor-image-box-wrapper\"><div class=\"elementor-image-box-content\"><h3 class=\"elementor-image-box-title\">Paid media<\/h3><p class=\"elementor-image-box-description\">Nous mettons \u00e0 votre disposition des experts de la publicit\u00e9 payante localis\u00e9s dans plus de 25 pays pour cr\u00e9er des campagnes m\u00e9dia efficaces et pertinentes localement. Nous nous engageons ainsi \u00e0 maximiser la conversion et la rentabilit\u00e9 de votre entreprise, tout en garantissant le maintien de votre image de marque dans chacun de vos pays gr\u00e2ce \u00e0 une strat\u00e9gie globale de r\u00e9f\u00e9rencement et de paiement par clic.<\/p><\/div><\/div>\t\t\t\t<\/div>\n\t\t\t\t<\/div>\n\t\t\t\t<\/div>\n\t\t<div class=\"elementor-element elementor-element-b337a29 e-con-full shape-content-right e-flex e-con e-child\" data-id=\"b337a29\" data-element_type=\"container\">\n\t\t\t\t<div class=\"elementor-element elementor-element-d6bfe75 employees-matter elementor-widget elementor-widget-image-box\" data-id=\"d6bfe75\" data-element_type=\"widget\" data-widget_type=\"image-box.default\">\n\t\t\t\t<div class=\"elementor-widget-container\">\n\t\t\t\t\t<div class=\"elementor-image-box-wrapper\"><div class=\"elementor-image-box-content\"><h3 class=\"elementor-image-box-title\">R\u00e9seaux sociaux<\/h3><p class=\"elementor-image-box-description\">Notre approche multiculturelle nous permet de vous aider \u00e0 choisir les m\u00e9dias sociaux les plus pertinents pour chaque r\u00e9gion et \u00e0 mieux comprendre les codes culturels. Nous cr\u00e9ons des contenus globaux et les adaptons pour vos filiales, tout en planifiant et en g\u00e9rant la mod\u00e9ration et l'e-r\u00e9putation localement. R\u00e9sultat : une pr\u00e9sence efficace et coh\u00e9rente dans chacun de vos pays sur les r\u00e9seaux sociaux.<\/p><\/div><\/div>\t\t\t\t<\/div>\n\t\t\t\t<\/div>\n\t\t\t\t<\/div>\n\t\t<div class=\"elementor-element elementor-element-85b823c e-con-full shape-content-right e-flex e-con e-child\" data-id=\"85b823c\" data-element_type=\"container\">\n\t\t\t\t<div class=\"elementor-element elementor-element-60a5bc6 employees-matter elementor-widget elementor-widget-image-box\" data-id=\"60a5bc6\" data-element_type=\"widget\" data-widget_type=\"image-box.default\">\n\t\t\t\t<div class=\"elementor-widget-container\">\n\t\t\t\t\t<div class=\"elementor-image-box-wrapper\"><div class=\"elementor-image-box-content\"><h3 class=\"elementor-image-box-title\">Live multi-plateforme<\/h3><p class=\"elementor-image-box-description\">Le live s\u2019inscrit dans un principe de conversation avec les consommateurs. Via des plateformes de chatbot, de streaming, il permet d\u2019offrir des exp\u00e9riences personnalis\u00e9es. Nous travaillons avec nos clients pour comprendre leurs audiences locales, proposer des contenus pertinents et offrir des solutions multilingues sur mesure et interconnectables afin d\u2019offrir un service adapt\u00e9 et une coh\u00e9rence de marque.<\/p><\/div><\/div>\t\t\t\t<\/div>\n\t\t\t\t<\/div>\n\t\t\t\t<\/div>\n\t\t\t\t\t<\/div>\n\t\t\t\t<\/div>\n\t\t\t\t\t<\/div>\n\t\t\t\t<\/div>\n\t\t\t\t<\/div>\n\t\t","protected":false},"excerpt":{"rendered":"<p>Amplifiez la visibilit\u00e9 locale avec une coh\u00e9rence globale Amplifiez la visibilit\u00e9 locale avec une coh\u00e9rence globale Pour une strat\u00e9gie de communication efficace, il est crucial d&#8217;\u00e9tablir une relation avec chaque communaut\u00e9 \/ client. Mais pour les marques internationales, il est tout aussi important de ne pas laisser les diff\u00e9rences culturelles entraver la performance. Chez Datawords, [&hellip;]<\/p>\n","protected":false},"author":1,"featured_media":82124,"parent":0,"menu_order":0,"comment_status":"closed","ping_status":"closed","template":"","meta":{"_acf_changed":false,"content-type":"","footnotes":""},"class_list":["post-82122","page","type-page","status-publish","has-post-thumbnail","hentry"],"acf":[],"_links":{"self":[{"href":"https:\/\/datawords.com\/fr-lu\/wp-json\/wp\/v2\/pages\/82122","targetHints":{"allow":["GET"]}}],"collection":[{"href":"https:\/\/datawords.com\/fr-lu\/wp-json\/wp\/v2\/pages"}],"about":[{"href":"https:\/\/datawords.com\/fr-lu\/wp-json\/wp\/v2\/types\/page"}],"author":[{"embeddable":true,"href":"https:\/\/datawords.com\/fr-lu\/wp-json\/wp\/v2\/users\/1"}],"replies":[{"embeddable":true,"href":"https:\/\/datawords.com\/fr-lu\/wp-json\/wp\/v2\/comments?post=82122"}],"version-history":[{"count":0,"href":"https:\/\/datawords.com\/fr-lu\/wp-json\/wp\/v2\/pages\/82122\/revisions"}],"wp:featuredmedia":[{"embeddable":true,"href":"https:\/\/datawords.com\/fr-lu\/wp-json\/wp\/v2\/media\/82124"}],"wp:attachment":[{"href":"https:\/\/datawords.com\/fr-lu\/wp-json\/wp\/v2\/media?parent=82122"}],"curies":[{"name":"wp","href":"https:\/\/api.w.org\/{rel}","templated":true}]}}