{"id":287111,"date":"2025-05-23T14:57:51","date_gmt":"2025-05-23T12:57:51","guid":{"rendered":"https:\/\/datawords.com\/notre-histoire\/"},"modified":"2025-10-31T12:32:10","modified_gmt":"2025-10-31T11:32:10","slug":"notre-histoire","status":"publish","type":"page","link":"https:\/\/datawords.com\/fr-lu\/notre-histoire\/","title":{"rendered":"Notre histoire"},"content":{"rendered":"\t\t<div data-elementor-type=\"wp-page\" data-elementor-id=\"287111\" class=\"elementor elementor-287111 elementor-169379\" data-elementor-post-type=\"page\">\n\t\t\t\t<div class=\"elementor-element elementor-element-22b00382 e-flex e-con-boxed e-con e-parent\" data-id=\"22b00382\" data-element_type=\"container\" data-settings=\"{&quot;background_background&quot;:&quot;video&quot;,&quot;background_play_on_mobile&quot;:&quot;yes&quot;,&quot;background_video_link&quot;:&quot;https:\\\/\\\/datawords.com\\\/wp-content\\\/uploads\\\/2025\\\/07\\\/Manifesto_V7_version-site-web_V6-1920x1333-H265.mp4&quot;}\">\n\t\t\t\t\t<div class=\"e-con-inner\">\n\t\t<div class=\"elementor-background-video-container\" aria-hidden=\"true\">\n\t\t\t\t\t\t\t<video class=\"elementor-background-video-hosted\" autoplay muted playsinline loop><\/video>\n\t\t\t\t\t<\/div><div class=\"elementor-element elementor-element-e571c4d e-con-full e-flex e-con e-child\" data-id=\"e571c4d\" data-element_type=\"container\">\n\t\t\t\t<div class=\"elementor-element elementor-element-d2d8a71 textchange elementor-hidden-desktop elementor-hidden-tablet elementor-widget elementor-widget-text-editor\" data-id=\"d2d8a71\" data-element_type=\"widget\" data-widget_type=\"text-editor.default\">\n\t\t\t\t<div class=\"elementor-widget-container\">\n\t\t\t\t\t\t\t\t\t<h1><strong>Connectons votre marque<\/strong> \u00e0 plus de 160 culture<\/h1>\t\t\t\t\t\t\t\t<\/div>\n\t\t\t\t<\/div>\n\t\t\t\t<div class=\"elementor-element elementor-element-ceb2cd1 textchange elementor-hidden-mobile elementor-widget elementor-widget-text-editor\" data-id=\"ceb2cd1\" data-element_type=\"widget\" data-widget_type=\"text-editor.default\">\n\t\t\t\t<div class=\"elementor-widget-container\">\n\t\t\t\t\t\t\t\t\t<h1><strong>Connectons votre<\/strong><br><strong>marque \u00e0 plus<\/strong><br> de 160 cultures<\/h1>\t\t\t\t\t\t\t\t<\/div>\n\t\t\t\t<\/div>\n\t\t\t\t<\/div>\n\t\t\t\t\t<\/div>\n\t\t\t\t<\/div>\n\t\t<div class=\"elementor-element elementor-element-fa219da about-us-plus e-flex e-con-boxed e-con e-parent\" data-id=\"fa219da\" data-element_type=\"container\" data-settings=\"{&quot;background_background&quot;:&quot;classic&quot;}\">\n\t\t\t\t\t<div class=\"e-con-inner\">\n\t\t<div class=\"elementor-element elementor-element-348586eb e-con-full e-flex e-con e-child\" data-id=\"348586eb\" data-element_type=\"container\">\n\t\t<div class=\"elementor-element elementor-element-4c7f3c7a e-con-full e-flex e-con e-child\" data-id=\"4c7f3c7a\" data-element_type=\"container\">\n\t\t\t\t<div class=\"elementor-element elementor-element-20b58a40 elementor-widget__width-initial elementor-widget elementor-widget-heading\" data-id=\"20b58a40\" data-element_type=\"widget\" data-widget_type=\"heading.default\">\n\t\t\t\t<div class=\"elementor-widget-container\">\n\t\t\t\t\t<p class=\"elementor-heading-title elementor-size-default\">Chez Datawords, nous croyons que chaque culture et chaque contexte m\u00e9rite une attention unique. Prendre soin de ces nuances et respecter chaque sp\u00e9cificit\u00e9, partout dans le monde : c\u2019est notre engagement, c\u2019est notre savoir-faire.<\/p>\t\t\t\t<\/div>\n\t\t\t\t<\/div>\n\t\t\t\t<div class=\"elementor-element elementor-element-82cd5a6 elementor-widget__width-initial elementor-widget elementor-widget-heading\" data-id=\"82cd5a6\" data-element_type=\"widget\" data-widget_type=\"heading.default\">\n\t\t\t\t<div class=\"elementor-widget-container\">\n\t\t\t\t\t<h4 class=\"elementor-heading-title elementor-size-default\">Notre mission<\/h4>\t\t\t\t<\/div>\n\t\t\t\t<\/div>\n\t\t\t\t<div class=\"elementor-element elementor-element-39795f5 elementor-widget__width-initial elementor-widget elementor-widget-heading\" data-id=\"39795f5\" data-element_type=\"widget\" data-widget_type=\"heading.default\">\n\t\t\t\t<div class=\"elementor-widget-container\">\n\t\t\t\t\t<p class=\"elementor-heading-title elementor-size-default\">Orchestrer intelligence artificielle et intelligence \u00e9motionnelle pour cr\u00e9er, d\u00e9ployer\u2028et manager chaque jour une infinit\u00e9 de contenus qui r\u00e9sonnent avec authenticit\u00e9 dans plus de 160 cultures.<\/p>\t\t\t\t<\/div>\n\t\t\t\t<\/div>\n\t\t<div class=\"elementor-element elementor-element-526981c e-con-full e-flex e-con e-child\" data-id=\"526981c\" data-element_type=\"container\">\n\t\t\t\t<div class=\"elementor-element elementor-element-ff2b389 elementor-widget elementor-widget-heading\" data-id=\"ff2b389\" data-element_type=\"widget\" data-widget_type=\"heading.default\">\n\t\t\t\t<div class=\"elementor-widget-container\">\n\t\t\t\t\t<h2 class=\"elementor-heading-title elementor-size-default\">NOTRE<\/h2>\t\t\t\t<\/div>\n\t\t\t\t<\/div>\n\t\t\t\t<div class=\"elementor-element elementor-element-132b974 elementor-widget elementor-widget-heading\" data-id=\"132b974\" data-element_type=\"widget\" data-widget_type=\"heading.default\">\n\t\t\t\t<div class=\"elementor-widget-container\">\n\t\t\t\t\t<h2 class=\"elementor-heading-title elementor-size-default\">MOD\u00e8le<\/h2>\t\t\t\t<\/div>\n\t\t\t\t<\/div>\n\t\t\t\t<\/div>\n\t\t\t\t<\/div>\n\t\t\t\t<\/div>\n\t\t\t\t\t<\/div>\n\t\t\t\t<\/div>\n\t\t<div class=\"elementor-element elementor-element-330f142 shape-about e-flex e-con-boxed e-con e-parent\" data-id=\"330f142\" data-element_type=\"container\" data-settings=\"{&quot;background_background&quot;:&quot;classic&quot;}\">\n\t\t\t\t\t<div class=\"e-con-inner\">\n\t\t<div class=\"elementor-element elementor-element-a398396 e-flex e-con-boxed e-con e-child\" data-id=\"a398396\" data-element_type=\"container\" data-settings=\"{&quot;background_background&quot;:&quot;classic&quot;}\">\n\t\t\t\t\t<div class=\"e-con-inner\">\n\t\t<div class=\"elementor-element elementor-element-0879c1e e-con-full shape-content-right e-flex e-con e-child\" data-id=\"0879c1e\" data-element_type=\"container\">\n\t\t\t\t<div class=\"elementor-element elementor-element-39e47ec elementor-widget elementor-widget-image-box\" data-id=\"39e47ec\" data-element_type=\"widget\" data-widget_type=\"image-box.default\">\n\t\t\t\t<div class=\"elementor-widget-container\">\n\t\t\t\t\t<div class=\"elementor-image-box-wrapper\"><div class=\"elementor-image-box-content\"><h3 class=\"elementor-image-box-title\">Nous sommes connect\u00e9s<\/h3><p class=\"elementor-image-box-description\">Notre monde \u00e9volue vite. Nous int\u00e9grons en continu de nouvelles expertises et technologies pour r\u00e9pondre aux enjeux culturels et digitaux de nos clients.<\/p><\/div><\/div>\t\t\t\t<\/div>\n\t\t\t\t<\/div>\n\t\t\t\t<div class=\"elementor-element elementor-element-baae876 animation-move-right-hover elementor-widget elementor-widget-button\" data-id=\"baae876\" data-element_type=\"widget\" data-widget_type=\"button.default\">\n\t\t\t\t<div class=\"elementor-widget-container\">\n\t\t\t\t\t\t\t\t\t<div class=\"elementor-button-wrapper\">\n\t\t\t\t\t<a class=\"elementor-button elementor-button-link elementor-size-sm\" href=\"https:\/\/datawords.com\/fr-lu\/nos-partenaires\/\">\n\t\t\t\t\t\t<span class=\"elementor-button-content-wrapper\">\n\t\t\t\t\t\t<span class=\"elementor-button-icon\">\n\t\t\t\t<i aria-hidden=\"true\" class=\"icon icon-arrow-right\"><\/i>\t\t\t<\/span>\n\t\t\t\t\t\t\t\t\t<span class=\"elementor-button-text\">Nos partenaires<\/span>\n\t\t\t\t\t<\/span>\n\t\t\t\t\t<\/a>\n\t\t\t\t<\/div>\n\t\t\t\t\t\t\t\t<\/div>\n\t\t\t\t<\/div>\n\t\t\t\t<\/div>\n\t\t\t\t\t<\/div>\n\t\t\t\t<\/div>\n\t\t<div class=\"elementor-element elementor-element-bcb2ed0 e-flex e-con-boxed e-con e-child\" data-id=\"bcb2ed0\" data-element_type=\"container\" data-settings=\"{&quot;background_background&quot;:&quot;classic&quot;}\">\n\t\t\t\t\t<div class=\"e-con-inner\">\n\t\t<div class=\"elementor-element elementor-element-da43650 e-con-full shape-content-right e-flex e-con e-child\" data-id=\"da43650\" data-element_type=\"container\">\n\t\t\t\t<div class=\"elementor-element elementor-element-a3db058 elementor-widget elementor-widget-image-box\" data-id=\"a3db058\" data-element_type=\"widget\" data-widget_type=\"image-box.default\">\n\t\t\t\t<div class=\"elementor-widget-container\">\n\t\t\t\t\t<div class=\"elementor-image-box-wrapper\"><div class=\"elementor-image-box-content\"><h3 class=\"elementor-image-box-title\">Nous sommes des connecteurs<\/h3><p class=\"elementor-image-box-description\">\u00c0 partir de vos besoins et de votre \u00e9cosyst\u00e8me, nous construisons un mod\u00e8le unique \u201ctechnologie + humain\u201d pour d\u00e9livrer l'excellence op\u00e9rationnelle \u00e0 grande \u00e9chelle.<\/p><\/div><\/div>\t\t\t\t<\/div>\n\t\t\t\t<\/div>\n\t\t\t\t<div class=\"elementor-element elementor-element-ea9dcf2 animation-move-right-hover elementor-widget elementor-widget-button\" data-id=\"ea9dcf2\" data-element_type=\"widget\" data-widget_type=\"button.default\">\n\t\t\t\t<div class=\"elementor-widget-container\">\n\t\t\t\t\t\t\t\t\t<div class=\"elementor-button-wrapper\">\n\t\t\t\t\t<a class=\"elementor-button elementor-button-link elementor-size-sm\" href=\"https:\/\/datawords.com\/fr-lu\/methodologie\/\">\n\t\t\t\t\t\t<span class=\"elementor-button-content-wrapper\">\n\t\t\t\t\t\t<span class=\"elementor-button-icon\">\n\t\t\t\t<i aria-hidden=\"true\" class=\"icon icon-arrow-right\"><\/i>\t\t\t<\/span>\n\t\t\t\t\t\t\t\t\t<span class=\"elementor-button-text\">Notre m\u00e9thodologie<\/span>\n\t\t\t\t\t<\/span>\n\t\t\t\t\t<\/a>\n\t\t\t\t<\/div>\n\t\t\t\t\t\t\t\t<\/div>\n\t\t\t\t<\/div>\n\t\t\t\t<\/div>\n\t\t\t\t\t<\/div>\n\t\t\t\t<\/div>\n\t\t<div class=\"elementor-element elementor-element-714aa1b e-flex e-con-boxed e-con e-child\" data-id=\"714aa1b\" data-element_type=\"container\" data-settings=\"{&quot;background_background&quot;:&quot;classic&quot;}\">\n\t\t\t\t\t<div class=\"e-con-inner\">\n\t\t<div class=\"elementor-element elementor-element-33ffb87 e-con-full shape-content-right e-flex e-con e-child\" data-id=\"33ffb87\" data-element_type=\"container\">\n\t\t\t\t<div class=\"elementor-element elementor-element-4c49b41 elementor-widget elementor-widget-image-box\" data-id=\"4c49b41\" data-element_type=\"widget\" data-widget_type=\"image-box.default\">\n\t\t\t\t<div class=\"elementor-widget-container\">\n\t\t\t\t\t<div class=\"elementor-image-box-wrapper\"><div class=\"elementor-image-box-content\"><h3 class=\"elementor-image-box-title\">Nous connectons les talents<\/h3><p class=\"elementor-image-box-description\">Chaque jour, nous cr\u00e9ons un environnement qui favorise la connexion entre diff\u00e9rentes cultures et expertises, m\u00eame au sein de notre organisation d\u00e9centralis\u00e9e, pour maximiser notre impact collectif.<\/p><\/div><\/div>\t\t\t\t<\/div>\n\t\t\t\t<\/div>\n\t\t\t\t<div class=\"elementor-element elementor-element-4013607 animation-move-right-hover elementor-widget elementor-widget-button\" data-id=\"4013607\" data-element_type=\"widget\" data-widget_type=\"button.default\">\n\t\t\t\t<div class=\"elementor-widget-container\">\n\t\t\t\t\t\t\t\t\t<div class=\"elementor-button-wrapper\">\n\t\t\t\t\t<a class=\"elementor-button elementor-button-link elementor-size-sm\" href=\"https:\/\/datawords.com\/fr-lu\/carriere-nos-valeurs\/\">\n\t\t\t\t\t\t<span class=\"elementor-button-content-wrapper\">\n\t\t\t\t\t\t<span class=\"elementor-button-icon\">\n\t\t\t\t<i aria-hidden=\"true\" class=\"icon icon-arrow-right\"><\/i>\t\t\t<\/span>\n\t\t\t\t\t\t\t\t\t<span class=\"elementor-button-text\">Nos valeurs<\/span>\n\t\t\t\t\t<\/span>\n\t\t\t\t\t<\/a>\n\t\t\t\t<\/div>\n\t\t\t\t\t\t\t\t<\/div>\n\t\t\t\t<\/div>\n\t\t\t\t<\/div>\n\t\t\t\t\t<\/div>\n\t\t\t\t<\/div>\n\t\t\t\t\t<\/div>\n\t\t\t\t<\/div>\n\t\t<div class=\"elementor-element elementor-element-40333ae e-con-full services e-flex e-con e-parent\" data-id=\"40333ae\" data-element_type=\"container\" data-settings=\"{&quot;background_background&quot;:&quot;classic&quot;}\">\n\t\t<div class=\"elementor-element elementor-element-0365089 e-flex e-con-boxed e-con e-child\" data-id=\"0365089\" data-element_type=\"container\">\n\t\t\t\t\t<div class=\"e-con-inner\">\n\t\t<div class=\"elementor-element elementor-element-1c29e6b e-con-full e-flex e-con e-child\" data-id=\"1c29e6b\" data-element_type=\"container\">\n\t\t\t\t<div class=\"elementor-element elementor-element-77bae4d elementor-widget elementor-widget-heading\" data-id=\"77bae4d\" data-element_type=\"widget\" data-widget_type=\"heading.default\">\n\t\t\t\t<div class=\"elementor-widget-container\">\n\t\t\t\t\t<h2 class=\"elementor-heading-title elementor-size-default\">Nos <\/h2>\t\t\t\t<\/div>\n\t\t\t\t<\/div>\n\t\t\t\t<div class=\"elementor-element elementor-element-8a3675c elementor-widget elementor-widget-heading\" data-id=\"8a3675c\" data-element_type=\"widget\" data-widget_type=\"heading.default\">\n\t\t\t\t<div class=\"elementor-widget-container\">\n\t\t\t\t\t<h2 class=\"elementor-heading-title elementor-size-default\">services<\/h2>\t\t\t\t<\/div>\n\t\t\t\t<\/div>\n\t\t\t\t<\/div>\n\t\t\t\t\t<\/div>\n\t\t\t\t<\/div>\n\t\t<div class=\"elementor-element elementor-element-00929bf e-con-full e-flex e-con e-child\" data-id=\"00929bf\" data-element_type=\"container\">\n\t\t\t\t<div class=\"elementor-element elementor-element-46ed068 elementor-hidden-mobile elementor-widget-divider--view-line elementor-widget elementor-widget-divider\" data-id=\"46ed068\" data-element_type=\"widget\" data-widget_type=\"divider.default\">\n\t\t\t\t<div class=\"elementor-widget-container\">\n\t\t\t\t\t\t\t<div class=\"elementor-divider\">\n\t\t\t<span class=\"elementor-divider-separator\">\n\t\t\t\t\t\t<\/span>\n\t\t<\/div>\n\t\t\t\t\t\t<\/div>\n\t\t\t\t<\/div>\n\t\t<div class=\"elementor-element elementor-element-7abd166 e-grid sha e-con-boxed e-con e-child\" data-id=\"7abd166\" data-element_type=\"container\">\n\t\t\t\t\t<div class=\"e-con-inner\">\n\t\t\t\t<div class=\"elementor-element elementor-element-fe58ea0 elementor-mobile-position-left animation-move-right-hover elementor-view-default elementor-position-top elementor-widget elementor-widget-icon-box\" data-id=\"fe58ea0\" data-element_type=\"widget\" data-widget_type=\"icon-box.default\">\n\t\t\t\t<div class=\"elementor-widget-container\">\n\t\t\t\t\t\t\t<div class=\"elementor-icon-box-wrapper\">\n\n\t\t\t\t\t\t<div class=\"elementor-icon-box-icon\">\n\t\t\t\t<span  class=\"elementor-icon\">\n\t\t\t\t<i aria-hidden=\"true\" class=\"fas fa-circle\"><\/i>\t\t\t\t<\/span>\n\t\t\t<\/div>\n\t\t\t\n\t\t\t\t\t\t<div class=\"elementor-icon-box-content\">\n\n\t\t\t\t\t\t\t\t\t<h3 class=\"elementor-icon-box-title\">\n\t\t\t\t\t\t<span  >\n\t\t\t\t\t\t\tCREATION\t\t\t\t\t\t<\/span>\n\t\t\t\t\t<\/h3>\n\t\t\t\t\n\t\t\t\t\t\t\t\t\t<p class=\"elementor-icon-box-description\">\n\t\t\t\t\t\t<a href=\"https:\/\/datawords.com\/fr-lu\/creation\/\">Campagnes 360<\/a>\n<br>\n<a href=\"https:\/\/datawords.com\/fr-lu\/production\/\">Studio de production<\/a>\n<br>\n<a href=\"https:\/\/datawords.com\/fr-lu\/amplification-creative\/\">Amplification cr\u00e9ative<\/a>\n\t\t\t\t\t<\/p>\n\t\t\t\t\n\t\t\t<\/div>\n\t\t\t\n\t\t<\/div>\n\t\t\t\t\t\t<\/div>\n\t\t\t\t<\/div>\n\t\t\t\t<div class=\"elementor-element elementor-element-95b22fa elementor-mobile-position-left animation-move-right-hover elementor-view-default elementor-position-top elementor-widget elementor-widget-icon-box\" data-id=\"95b22fa\" data-element_type=\"widget\" data-widget_type=\"icon-box.default\">\n\t\t\t\t<div class=\"elementor-widget-container\">\n\t\t\t\t\t\t\t<div class=\"elementor-icon-box-wrapper\">\n\n\t\t\t\t\t\t<div class=\"elementor-icon-box-icon\">\n\t\t\t\t<span  class=\"elementor-icon\">\n\t\t\t\t<i aria-hidden=\"true\" class=\"fas fa-circle\"><\/i>\t\t\t\t<\/span>\n\t\t\t<\/div>\n\t\t\t\n\t\t\t\t\t\t<div class=\"elementor-icon-box-content\">\n\n\t\t\t\t\t\t\t\t\t<h3 class=\"elementor-icon-box-title\">\n\t\t\t\t\t\t<span  >\n\t\t\t\t\t\t\tDEPLOIEMENT\t\t\t\t\t\t<\/span>\n\t\t\t\t\t<\/h3>\n\t\t\t\t\n\t\t\t\t\t\t\t\t\t<p class=\"elementor-icon-box-description\">\n\t\t\t\t\t\t<a href=\"https:\/\/datawords.com\/fr-lu\/semantique\/\">Contenus s\u00e9mantique<\/a>\n<br>\n<a href=\"https:\/\/datawords.com\/fr-lu\/visuel-audio\/\">Contenus audio<\/a>\n<br>\n<a href=\"https:\/\/datawords.com\/fr-lu\/visuel-audio\/\">Contenus vid\u00e9o<\/a>\n\t\t\t\t\t<\/p>\n\t\t\t\t\n\t\t\t<\/div>\n\t\t\t\n\t\t<\/div>\n\t\t\t\t\t\t<\/div>\n\t\t\t\t<\/div>\n\t\t\t\t<div class=\"elementor-element elementor-element-91a80cb elementor-mobile-position-left animation-move-right-hover elementor-view-default elementor-position-top elementor-widget elementor-widget-icon-box\" data-id=\"91a80cb\" data-element_type=\"widget\" data-widget_type=\"icon-box.default\">\n\t\t\t\t<div class=\"elementor-widget-container\">\n\t\t\t\t\t\t\t<div class=\"elementor-icon-box-wrapper\">\n\n\t\t\t\t\t\t<div class=\"elementor-icon-box-icon\">\n\t\t\t\t<span  class=\"elementor-icon\">\n\t\t\t\t<i aria-hidden=\"true\" class=\"fas fa-circle\"><\/i>\t\t\t\t<\/span>\n\t\t\t<\/div>\n\t\t\t\n\t\t\t\t\t\t<div class=\"elementor-icon-box-content\">\n\n\t\t\t\t\t\t\t\t\t<h3 class=\"elementor-icon-box-title\">\n\t\t\t\t\t\t<span  >\n\t\t\t\t\t\t\tMANAGEMENT\t\t\t\t\t\t<\/span>\n\t\t\t\t\t<\/h3>\n\t\t\t\t\n\t\t\t\t\t\t\t\t\t<p class=\"elementor-icon-box-description\">\n\t\t\t\t\t\t<a href=\"https:\/\/datawords.com\/fr-lu\/surveillance-de-marque\/\">Surveillance  de marque\n<\/a>\n<br>\n<a href=\"https:\/\/datawords.com\/fr-lu\/visibilite-organique\/\">Visibilit\u00e9 organique<\/a>\n<br>\n<a href=\"https:\/\/datawords.com\/fr-lu\/experience-clients\/\">Experience clients<\/a>\n\t\t\t\t\t<\/p>\n\t\t\t\t\n\t\t\t<\/div>\n\t\t\t\n\t\t<\/div>\n\t\t\t\t\t\t<\/div>\n\t\t\t\t<\/div>\n\t\t\t\t\t<\/div>\n\t\t\t\t<\/div>\n\t\t\t\t<\/div>\n\t\t\t\t<\/div>\n\t\t<div class=\"elementor-element elementor-element-b70fbf6 abtscounter e-flex e-con-boxed e-con e-parent\" data-id=\"b70fbf6\" data-element_type=\"container\" data-settings=\"{&quot;background_background&quot;:&quot;classic&quot;}\">\n\t\t\t\t\t<div class=\"e-con-inner\">\n\t\t<div class=\"elementor-element elementor-element-234fa44e e-con-full e-flex e-con e-child\" data-id=\"234fa44e\" data-element_type=\"container\">\n\t\t\t\t<div class=\"elementor-element elementor-element-33857b5 elementor-widget elementor-widget-heading\" data-id=\"33857b5\" data-element_type=\"widget\" data-widget_type=\"heading.default\">\n\t\t\t\t<div class=\"elementor-widget-container\">\n\t\t\t\t\t<h2 class=\"elementor-heading-title elementor-size-default\">pourquoi<\/h2>\t\t\t\t<\/div>\n\t\t\t\t<\/div>\n\t\t\t\t<div class=\"elementor-element elementor-element-2ec5df9 elementor-widget elementor-widget-heading\" data-id=\"2ec5df9\" data-element_type=\"widget\" data-widget_type=\"heading.default\">\n\t\t\t\t<div class=\"elementor-widget-container\">\n\t\t\t\t\t<h2 class=\"elementor-heading-title elementor-size-default\">datawords ?<\/h2>\t\t\t\t<\/div>\n\t\t\t\t<\/div>\n\t\t\t\t<\/div>\n\t\t<div class=\"elementor-element elementor-element-c4998f1 e-con-full e-flex e-con e-child\" data-id=\"c4998f1\" data-element_type=\"container\">\n\t\t<div class=\"elementor-element elementor-element-e8ad43b e-con-full e-flex e-con e-child\" data-id=\"e8ad43b\" data-element_type=\"container\">\n\t\t<div class=\"elementor-element elementor-element-6d16c08 e-con-full bxgra1 e-flex e-con e-child\" data-id=\"6d16c08\" data-element_type=\"container\" data-settings=\"{&quot;background_background&quot;:&quot;classic&quot;}\">\n\t\t\t\t<div class=\"elementor-element elementor-element-fbe63c2 elementor-widget elementor-widget-heading\" data-id=\"fbe63c2\" data-element_type=\"widget\" data-widget_type=\"heading.default\">\n\t\t\t\t<div class=\"elementor-widget-container\">\n\t\t\t\t\t<h2 class=\"elementor-heading-title elementor-size-default\">-50%<\/h2>\t\t\t\t<\/div>\n\t\t\t\t<\/div>\n\t\t\t\t<div class=\"elementor-element elementor-element-cbdf916 elementor-widget elementor-widget-heading\" data-id=\"cbdf916\" data-element_type=\"widget\" data-widget_type=\"heading.default\">\n\t\t\t\t<div class=\"elementor-widget-container\">\n\t\t\t\t\t<p class=\"elementor-heading-title elementor-size-default\">d\u2019emails op\u00e9rationnels<\/p>\t\t\t\t<\/div>\n\t\t\t\t<\/div>\n\t\t\t\t<\/div>\n\t\t<div class=\"elementor-element elementor-element-5813323 e-con-full bxgra3 e-flex e-con e-child\" data-id=\"5813323\" data-element_type=\"container\">\n\t\t\t\t<div class=\"elementor-element elementor-element-011010f elementor-widget elementor-widget-heading\" data-id=\"011010f\" data-element_type=\"widget\" data-widget_type=\"heading.default\">\n\t\t\t\t<div class=\"elementor-widget-container\">\n\t\t\t\t\t<h2 class=\"elementor-heading-title elementor-size-default\">-30%<\/h2>\t\t\t\t<\/div>\n\t\t\t\t<\/div>\n\t\t\t\t<div class=\"elementor-element elementor-element-f4b2e55 elementor-widget elementor-widget-heading\" data-id=\"f4b2e55\" data-element_type=\"widget\" data-widget_type=\"heading.default\">\n\t\t\t\t<div class=\"elementor-widget-container\">\n\t\t\t\t\t<p class=\"elementor-heading-title elementor-size-default\">r\u00e9duction du co\u00fbt par asset<\/p>\t\t\t\t<\/div>\n\t\t\t\t<\/div>\n\t\t\t\t<\/div>\n\t\t<div class=\"elementor-element elementor-element-adfe326 e-con-full bxgra3 e-flex e-con e-child\" data-id=\"adfe326\" data-element_type=\"container\">\n\t\t\t\t<div class=\"elementor-element elementor-element-d880584 elementor-widget elementor-widget-heading\" data-id=\"d880584\" data-element_type=\"widget\" data-widget_type=\"heading.default\">\n\t\t\t\t<div class=\"elementor-widget-container\">\n\t\t\t\t\t<h2 class=\"elementor-heading-title elementor-size-default\">24\/7<\/h2>\t\t\t\t<\/div>\n\t\t\t\t<\/div>\n\t\t\t\t<div class=\"elementor-element elementor-element-50ab784 elementor-widget elementor-widget-heading\" data-id=\"50ab784\" data-element_type=\"widget\" data-widget_type=\"heading.default\">\n\t\t\t\t<div class=\"elementor-widget-container\">\n\t\t\t\t\t<p class=\"elementor-heading-title elementor-size-default\">op\u00e9rationnel sans interruption<\/p>\t\t\t\t<\/div>\n\t\t\t\t<\/div>\n\t\t\t\t<\/div>\n\t\t\t\t<\/div>\n\t\t<div class=\"elementor-element elementor-element-3d72c0c e-con-full e-flex e-con e-child\" data-id=\"3d72c0c\" data-element_type=\"container\">\n\t\t<div class=\"elementor-element elementor-element-69d986a e-con-full bxgra2 e-flex e-con e-child\" data-id=\"69d986a\" data-element_type=\"container\" data-settings=\"{&quot;background_background&quot;:&quot;classic&quot;}\">\n\t\t\t\t<div class=\"elementor-element elementor-element-b25a318 elementor-widget elementor-widget-heading\" data-id=\"b25a318\" data-element_type=\"widget\" data-widget_type=\"heading.default\">\n\t\t\t\t<div class=\"elementor-widget-container\">\n\t\t\t\t\t<h2 class=\"elementor-heading-title elementor-size-default\">97,8%<\/h2>\t\t\t\t<\/div>\n\t\t\t\t<\/div>\n\t\t\t\t<div class=\"elementor-element elementor-element-ef2c4e6 elementor-widget elementor-widget-heading\" data-id=\"ef2c4e6\" data-element_type=\"widget\" data-widget_type=\"heading.default\">\n\t\t\t\t<div class=\"elementor-widget-container\">\n\t\t\t\t\t<p class=\"elementor-heading-title elementor-size-default\">de satisfaction client<\/p>\t\t\t\t<\/div>\n\t\t\t\t<\/div>\n\t\t\t\t<\/div>\n\t\t<div class=\"elementor-element elementor-element-60d3351 e-con-full bxgra4 e-flex e-con e-child\" data-id=\"60d3351\" data-element_type=\"container\" data-settings=\"{&quot;background_background&quot;:&quot;classic&quot;}\">\n\t\t\t\t<div class=\"elementor-element elementor-element-5757b39 elementor-widget elementor-widget-heading\" data-id=\"5757b39\" data-element_type=\"widget\" data-widget_type=\"heading.default\">\n\t\t\t\t<div class=\"elementor-widget-container\">\n\t\t\t\t\t<h2 class=\"elementor-heading-title elementor-size-default\">100%<\/h2>\t\t\t\t<\/div>\n\t\t\t\t<\/div>\n\t\t\t\t<div class=\"elementor-element elementor-element-d1df318 elementor-widget elementor-widget-heading\" data-id=\"d1df318\" data-element_type=\"widget\" data-widget_type=\"heading.default\">\n\t\t\t\t<div class=\"elementor-widget-container\">\n\t\t\t\t\t<p class=\"elementor-heading-title elementor-size-default\">de coh\u00e9rence globale<\/p>\t\t\t\t<\/div>\n\t\t\t\t<\/div>\n\t\t\t\t<\/div>\n\t\t<div class=\"elementor-element elementor-element-bfa8f97 e-con-full bxgra4 e-flex e-con e-child\" data-id=\"bfa8f97\" data-element_type=\"container\" data-settings=\"{&quot;background_background&quot;:&quot;classic&quot;}\">\n\t\t\t\t<div class=\"elementor-element elementor-element-58d9c5c elementor-widget elementor-widget-heading\" data-id=\"58d9c5c\" data-element_type=\"widget\" data-widget_type=\"heading.default\">\n\t\t\t\t<div class=\"elementor-widget-container\">\n\t\t\t\t\t<h2 class=\"elementor-heading-title elementor-size-default\">X3<\/h2>\t\t\t\t<\/div>\n\t\t\t\t<\/div>\n\t\t\t\t<div class=\"elementor-element elementor-element-600a1d0 elementor-widget elementor-widget-heading\" data-id=\"600a1d0\" data-element_type=\"widget\" data-widget_type=\"heading.default\">\n\t\t\t\t<div class=\"elementor-widget-container\">\n\t\t\t\t\t<p class=\"elementor-heading-title elementor-size-default\">time-to-market acc\u00e9l\u00e9r\u00e9<\/p>\t\t\t\t<\/div>\n\t\t\t\t<\/div>\n\t\t\t\t<\/div>\n\t\t\t\t<\/div>\n\t\t\t\t<\/div>\n\t\t\t\t\t<\/div>\n\t\t\t\t<\/div>\n\t\t\t\t<\/div>\n\t\t","protected":false},"excerpt":{"rendered":"<p>Connectons votre marque \u00e0 plus de 160 culture Connectons votremarque \u00e0 plus de 160 cultures Chez Datawords, nous croyons que chaque culture et chaque contexte m\u00e9rite une attention unique. Prendre soin de ces nuances et respecter chaque sp\u00e9cificit\u00e9, partout dans le monde : c\u2019est notre engagement, c\u2019est notre savoir-faire. Notre mission Orchestrer intelligence artificielle et [&hellip;]<\/p>\n","protected":false},"author":2,"featured_media":0,"parent":0,"menu_order":0,"comment_status":"closed","ping_status":"closed","template":"elementor_header_footer","meta":{"_acf_changed":false,"content-type":"","footnotes":""},"class_list":["post-287111","page","type-page","status-publish","hentry"],"acf":[],"_links":{"self":[{"href":"https:\/\/datawords.com\/fr-lu\/wp-json\/wp\/v2\/pages\/287111","targetHints":{"allow":["GET"]}}],"collection":[{"href":"https:\/\/datawords.com\/fr-lu\/wp-json\/wp\/v2\/pages"}],"about":[{"href":"https:\/\/datawords.com\/fr-lu\/wp-json\/wp\/v2\/types\/page"}],"author":[{"embeddable":true,"href":"https:\/\/datawords.com\/fr-lu\/wp-json\/wp\/v2\/users\/2"}],"replies":[{"embeddable":true,"href":"https:\/\/datawords.com\/fr-lu\/wp-json\/wp\/v2\/comments?post=287111"}],"version-history":[{"count":0,"href":"https:\/\/datawords.com\/fr-lu\/wp-json\/wp\/v2\/pages\/287111\/revisions"}],"wp:attachment":[{"href":"https:\/\/datawords.com\/fr-lu\/wp-json\/wp\/v2\/media?parent=287111"}],"curies":[{"name":"wp","href":"https:\/\/api.w.org\/{rel}","templated":true}]}}