{"id":89507,"date":"2023-07-22T12:10:27","date_gmt":"2023-07-22T10:10:27","guid":{"rendered":"https:\/\/datawords.com\/mentions-legales\/"},"modified":"2025-09-03T10:07:34","modified_gmt":"2025-09-03T08:07:34","slug":"mentions-legales","status":"publish","type":"page","link":"https:\/\/datawords.com\/fr-ch\/mentions-legales\/","title":{"rendered":"Mentions l\u00e9gales"},"content":{"rendered":"\t\t<div data-elementor-type=\"wp-page\" data-elementor-id=\"89507\" class=\"elementor elementor-89507 elementor-8148\" data-elementor-post-type=\"page\">\n\t\t\t\t\t\t<section class=\"elementor-section elementor-top-section elementor-element elementor-element-fd0361c duisc_shadow elementor-section-boxed elementor-section-height-default elementor-section-height-default\" data-id=\"fd0361c\" data-element_type=\"section\" data-settings=\"{&quot;background_background&quot;:&quot;classic&quot;}\">\n\t\t\t\t\t\t<div class=\"elementor-container elementor-column-gap-default\">\n\t\t\t\t\t<div class=\"elementor-column elementor-col-100 elementor-top-column elementor-element elementor-element-a7ac290\" data-id=\"a7ac290\" data-element_type=\"column\">\n\t\t\t<div class=\"elementor-widget-wrap elementor-element-populated\">\n\t\t\t\t\t\t<section class=\"elementor-section elementor-inner-section elementor-element elementor-element-5dec600 elementor-section-boxed elementor-section-height-default elementor-section-height-default\" data-id=\"5dec600\" data-element_type=\"section\">\n\t\t\t\t\t\t<div class=\"elementor-container elementor-column-gap-default\">\n\t\t\t\t\t<div class=\"elementor-column elementor-col-100 elementor-inner-column elementor-element elementor-element-043d31f\" data-id=\"043d31f\" data-element_type=\"column\">\n\t\t\t<div class=\"elementor-widget-wrap elementor-element-populated\">\n\t\t\t\t<div class=\"elementor-element elementor-element-8ca0dda e-flex e-con-boxed e-con e-parent\" data-id=\"8ca0dda\" data-element_type=\"container\">\n\t\t\t\t\t<div class=\"e-con-inner\">\n\t\t\t\t<div class=\"elementor-element elementor-element-8ac2d80 textchange elementor-widget__width-initial elementor-widget elementor-widget-text-editor\" data-id=\"8ac2d80\" data-element_type=\"widget\" data-widget_type=\"text-editor.default\">\n\t\t\t\t<div class=\"elementor-widget-container\">\n\t\t\t\t\t\t\t\t\t<p><strong>Mentions<\/strong> l\u00e9gales<\/p>\t\t\t\t\t\t\t\t<\/div>\n\t\t\t\t<\/div>\n\t\t\t\t\t<\/div>\n\t\t\t\t<\/div>\n\t\t\t\t<div class=\"elementor-element elementor-element-222d624 elementor-widget elementor-widget-heading\" data-id=\"222d624\" data-element_type=\"widget\" data-widget_type=\"heading.default\">\n\t\t\t\t<div class=\"elementor-widget-container\">\n\t\t\t\t\t<p class=\"elementor-heading-title elementor-size-default\">Le site <u>Datawords<\/u> (ci-apr\u00e8s le site) appartient \u00e0 la soci\u00e9t\u00e9 Datawords Datasia, soci\u00e9t\u00e9 du Groupe Datawords (ci-apr\u00e8s Datawords), ayant son si\u00e8ge social au 66 Rue de Villiers, 92300 Levallois-Perret, au capital de 127 960,00 \u20ac, immatricul\u00e9e au registre du commerce de Nanterre sous le num\u00e9ro 431 857 317, TVA FR96431857317.<\/p>\t\t\t\t<\/div>\n\t\t\t\t<\/div>\n\t\t<div class=\"elementor-element elementor-element-9b509a6 e-grid e-con-full e-con e-parent\" data-id=\"9b509a6\" data-element_type=\"container\">\n\t\t<div class=\"elementor-element elementor-element-e89bcaa e-con-full bxgra e-flex e-con e-child\" data-id=\"e89bcaa\" data-element_type=\"container\" data-settings=\"{&quot;background_background&quot;:&quot;classic&quot;}\">\n\t\t\t\t<div class=\"elementor-element elementor-element-106accc elementor-widget elementor-widget-heading\" data-id=\"106accc\" data-element_type=\"widget\" data-widget_type=\"heading.default\">\n\t\t\t\t<div class=\"elementor-widget-container\">\n\t\t\t\t\t<h2 class=\"elementor-heading-title elementor-size-default\">Le site est h\u00e9berg\u00e9 par : <\/h2>\t\t\t\t<\/div>\n\t\t\t\t<\/div>\n\t\t\t\t<div class=\"elementor-element elementor-element-d9b0ae4 elementor-widget elementor-widget-heading\" data-id=\"d9b0ae4\" data-element_type=\"widget\" data-widget_type=\"heading.default\">\n\t\t\t\t<div class=\"elementor-widget-container\">\n\t\t\t\t\t<p class=\"elementor-heading-title elementor-size-default\">OVH<br>\n2, rue Kellerman<br>59100 ROUBAIX<br>FRANCE<br>\nLe centre de donn\u00e9es est situ\u00e9 \u00e0 Gravelines: <a href=\"https:\/\/www.societe.com\/etablissement\/ovh-42476141900052-4a.html\" target=\"_blank\" rel=\"noopener\">https:\/\/www.societe.com\/etablissement\/ovh-42476141900052-4a.html<\/a><br><\/p>\t\t\t\t<\/div>\n\t\t\t\t<\/div>\n\t\t\t\t<\/div>\n\t\t<div class=\"elementor-element elementor-element-143d75b e-con-full bxgra e-flex e-con e-child\" data-id=\"143d75b\" data-element_type=\"container\" data-settings=\"{&quot;background_background&quot;:&quot;classic&quot;}\">\n\t\t\t\t<div class=\"elementor-element elementor-element-870bba9 elementor-widget elementor-widget-heading\" data-id=\"870bba9\" data-element_type=\"widget\" data-widget_type=\"heading.default\">\n\t\t\t\t<div class=\"elementor-widget-container\">\n\t\t\t\t\t<h2 class=\"elementor-heading-title elementor-size-default\">Le site est d\u00e9velopp\u00e9 par :<\/h2>\t\t\t\t<\/div>\n\t\t\t\t<\/div>\n\t\t\t\t<div class=\"elementor-element elementor-element-dd56a09 elementor-widget elementor-widget-heading\" data-id=\"dd56a09\" data-element_type=\"widget\" data-widget_type=\"heading.default\">\n\t\t\t\t<div class=\"elementor-widget-container\">\n\t\t\t\t\t<p class=\"elementor-heading-title elementor-size-default\">D\u00e9veloppeur : Serkan Sahin <br> Responsable : Alexandre Crazover <br> E-mail : <span>dpo@datawords.com<\/span><br> Tel : +33 1 75 33 80 80<\/p>\t\t\t\t<\/div>\n\t\t\t\t<\/div>\n\t\t\t\t<\/div>\n\t\t\t\t<\/div>\n\t\t\t\t<div class=\"elementor-element elementor-element-085586a elementor-widget elementor-widget-heading\" data-id=\"085586a\" data-element_type=\"widget\" data-widget_type=\"heading.default\">\n\t\t\t\t<div class=\"elementor-widget-container\">\n\t\t\t\t\t<p class=\"elementor-heading-title elementor-size-default\">Les pr\u00e9sentes mentions incluent les conditions d\u2019utilisation du site par les utilisateurs.<\/p>\t\t\t\t<\/div>\n\t\t\t\t<\/div>\n\t\t<div class=\"elementor-element elementor-element-50f9050 e-con-full e-flex e-con e-parent\" data-id=\"50f9050\" data-element_type=\"container\">\n\t\t\t\t<div class=\"elementor-element elementor-element-1161189 elementor-widget elementor-widget-heading\" data-id=\"1161189\" data-element_type=\"widget\" data-widget_type=\"heading.default\">\n\t\t\t\t<div class=\"elementor-widget-container\">\n\t\t\t\t\t<h2 class=\"elementor-heading-title elementor-size-default\">Conditions<\/h2>\t\t\t\t<\/div>\n\t\t\t\t<\/div>\n\t\t\t\t<div class=\"elementor-element elementor-element-e4e02bc elementor-widget elementor-widget-heading\" data-id=\"e4e02bc\" data-element_type=\"widget\" data-widget_type=\"heading.default\">\n\t\t\t\t<div class=\"elementor-widget-container\">\n\t\t\t\t\t<h2 class=\"elementor-heading-title elementor-size-default\">d'utilisation<\/h2>\t\t\t\t<\/div>\n\t\t\t\t<\/div>\n\t\t\t\t<\/div>\n\t\t\t\t<div class=\"elementor-element elementor-element-12fd641 elementor-widget elementor-widget-heading\" data-id=\"12fd641\" data-element_type=\"widget\" data-widget_type=\"heading.default\">\n\t\t\t\t<div class=\"elementor-widget-container\">\n\t\t\t\t\t<p class=\"elementor-heading-title elementor-size-default\">Le site Datawords expose l\u2019activit\u00e9 de l\u2019agence et vous pr\u00e9sente ses \u00e9quipes.<\/p>\t\t\t\t<\/div>\n\t\t\t\t<\/div>\n\t\t\t\t<div class=\"elementor-element elementor-element-e7c59b7 elementor-widget elementor-widget-heading\" data-id=\"e7c59b7\" data-element_type=\"widget\" data-widget_type=\"heading.default\">\n\t\t\t\t<div class=\"elementor-widget-container\">\n\t\t\t\t\t<p class=\"elementor-heading-title elementor-size-default\">Tout utilisateur acc\u00e9dant et naviguant sur le site est pr\u00e9sum\u00e9 avoir accept\u00e9 les pr\u00e9sentes conditions d\u2019utilisation et se doit d\u2019en respecter les termes.<\/p>\t\t\t\t<\/div>\n\t\t\t\t<\/div>\n\t\t\t\t<div class=\"elementor-element elementor-element-69b7bb3 elementor-widget elementor-widget-heading\" data-id=\"69b7bb3\" data-element_type=\"widget\" data-widget_type=\"heading.default\">\n\t\t\t\t<div class=\"elementor-widget-container\">\n\t\t\t\t\t<p class=\"elementor-heading-title elementor-size-default\">Les pr\u00e9sentes conditions d\u2019utilisation ne s\u2019appliquent pas aux modules int\u00e9gr\u00e9s au sein du site permettant la communication avec des sites et plateformes tiers ayant d\u00e9termin\u00e9 leurs propres conditions d\u2019utilisation. Nous invitons tout utilisateur \u00e0 prendre connaissance des conditions d\u2019utilisation de ces modules aupr\u00e8s de leurs \u00e9diteurs respectifs. <\/p>\t\t\t\t<\/div>\n\t\t\t\t<\/div>\n\t\t\t\t<div class=\"elementor-element elementor-element-abe0d17 elementor-widget elementor-widget-heading\" data-id=\"abe0d17\" data-element_type=\"widget\" data-widget_type=\"heading.default\">\n\t\t\t\t<div class=\"elementor-widget-container\">\n\t\t\t\t\t<p class=\"elementor-heading-title elementor-size-default\">Les pr\u00e9sentes conditions peuvent \u00eatre modifi\u00e9es \u00e0 tout moment. Toute modification sera publi\u00e9e sur le site et tout utilisateur acc\u00e9dant au site apr\u00e8s leur publication sera pr\u00e9sum\u00e9 avoir accept\u00e9 les modifications. <\/p>\t\t\t\t<\/div>\n\t\t\t\t<\/div>\n\t\t\t\t<div class=\"elementor-element elementor-element-f5caaba elementor-widget elementor-widget-heading\" data-id=\"f5caaba\" data-element_type=\"widget\" data-widget_type=\"heading.default\">\n\t\t\t\t<div class=\"elementor-widget-container\">\n\t\t\t\t\t<p class=\"elementor-heading-title elementor-size-default\">Les pr\u00e9sentes conditions d\u2019utilisation sont soumises \u00e0 la loi fran\u00e7aise et tout litige concernant notamment leur application et leur interpr\u00e9tation sera pr\u00e9sent\u00e9 devant le Tribunal de commerce de Paris.<\/p>\t\t\t\t<\/div>\n\t\t\t\t<\/div>\n\t\t<div class=\"elementor-element elementor-element-a21c31f e-con-full e-flex e-con e-parent\" data-id=\"a21c31f\" data-element_type=\"container\">\n\t\t\t\t<div class=\"elementor-element elementor-element-76005e4 elementor-widget elementor-widget-heading\" data-id=\"76005e4\" data-element_type=\"widget\" data-widget_type=\"heading.default\">\n\t\t\t\t<div class=\"elementor-widget-container\">\n\t\t\t\t\t<h2 class=\"elementor-heading-title elementor-size-default\">Propri\u00e9t\u00e9<\/h2>\t\t\t\t<\/div>\n\t\t\t\t<\/div>\n\t\t\t\t<div class=\"elementor-element elementor-element-006c6fa elementor-widget elementor-widget-heading\" data-id=\"006c6fa\" data-element_type=\"widget\" data-widget_type=\"heading.default\">\n\t\t\t\t<div class=\"elementor-widget-container\">\n\t\t\t\t\t<h2 class=\"elementor-heading-title elementor-size-default\">Intellectuelle<\/h2>\t\t\t\t<\/div>\n\t\t\t\t<\/div>\n\t\t\t\t<\/div>\n\t\t\t\t<div class=\"elementor-element elementor-element-a6be75a elementor-widget elementor-widget-heading\" data-id=\"a6be75a\" data-element_type=\"widget\" data-widget_type=\"heading.default\">\n\t\t\t\t<div class=\"elementor-widget-container\">\n\t\t\t\t\t<p class=\"elementor-heading-title elementor-size-default\">L\u2019ensemble des \u00e9l\u00e9ments et contenus composant le site Datawords est prot\u00e9g\u00e9 au titre de la propri\u00e9t\u00e9 Intellectuelle, incluant notamment mais non limitativement tout logo, marque, photo, vid\u00e9o, textes, dessins, graphiques et pr\u00e9sentations.<\/p>\t\t\t\t<\/div>\n\t\t\t\t<\/div>\n\t\t\t\t<div class=\"elementor-element elementor-element-dfe780f elementor-widget elementor-widget-heading\" data-id=\"dfe780f\" data-element_type=\"widget\" data-widget_type=\"heading.default\">\n\t\t\t\t<div class=\"elementor-widget-container\">\n\t\t\t\t\t<p class=\"elementor-heading-title elementor-size-default\">Toute reproduction, diffusion, copie, adaptation, citation de tout ou partie de ce site, sur quelque support que ce soit et pour quelque utilisation que ce soit, est formellement interdite sauf autorisation pr\u00e9alable du titulaire des droits, Datawords, sauf mention contraire.<\/p>\t\t\t\t<\/div>\n\t\t\t\t<\/div>\n\t\t\t\t<div class=\"elementor-element elementor-element-ebf2fd2 elementor-widget elementor-widget-heading\" data-id=\"ebf2fd2\" data-element_type=\"widget\" data-widget_type=\"heading.default\">\n\t\t\t\t<div class=\"elementor-widget-container\">\n\t\t\t\t\t<p class=\"elementor-heading-title elementor-size-default\">Datawords refuse explicitement que tout ou partie du contenu de son site, ou certains des \u00e9l\u00e9ments qui le composent ou qui y sont publi\u00e9s, quelle qu\u2019en soit la nature, soient exploit\u00e9s par une intelligence artificielle quelle qu\u2019elle soit.<\/p>\t\t\t\t<\/div>\n\t\t\t\t<\/div>\n\t\t<div class=\"elementor-element elementor-element-50bffcc e-con-full e-flex e-con e-parent\" data-id=\"50bffcc\" data-element_type=\"container\">\n\t\t\t\t<div class=\"elementor-element elementor-element-69195ba elementor-widget elementor-widget-heading\" data-id=\"69195ba\" data-element_type=\"widget\" data-widget_type=\"heading.default\">\n\t\t\t\t<div class=\"elementor-widget-container\">\n\t\t\t\t\t<h2 class=\"elementor-heading-title elementor-size-default\">Liens entre le site Datawords et<\/h2>\t\t\t\t<\/div>\n\t\t\t\t<\/div>\n\t\t\t\t<div class=\"elementor-element elementor-element-a74e653 elementor-widget elementor-widget-heading\" data-id=\"a74e653\" data-element_type=\"widget\" data-widget_type=\"heading.default\">\n\t\t\t\t<div class=\"elementor-widget-container\">\n\t\t\t\t\t<h2 class=\"elementor-heading-title elementor-size-default\">les sites externes<\/h2>\t\t\t\t<\/div>\n\t\t\t\t<\/div>\n\t\t\t\t<\/div>\n\t\t\t\t<div class=\"elementor-element elementor-element-815b2a9 elementor-widget elementor-widget-heading\" data-id=\"815b2a9\" data-element_type=\"widget\" data-widget_type=\"heading.default\">\n\t\t\t\t<div class=\"elementor-widget-container\">\n\t\t\t\t\t<p class=\"elementor-heading-title elementor-size-default\">Tout lien d\u2019un site externe vers le site Datawords est soumis \u00e0 autorisation pr\u00e9alable de Datawords qui se r\u00e9serve le droit de poursuivre tout contrevenant. Toutefois la mise \u00e0 disposition d\u2019application et module offrant cette possibilit\u00e9 \u00e9quivaut \u00e0 une autorisation de Datawords. <\/p>\t\t\t\t<\/div>\n\t\t\t\t<\/div>\n\t\t\t\t<div class=\"elementor-element elementor-element-2342360 elementor-widget elementor-widget-heading\" data-id=\"2342360\" data-element_type=\"widget\" data-widget_type=\"heading.default\">\n\t\t\t\t<div class=\"elementor-widget-container\">\n\t\t\t\t\t<p class=\"elementor-heading-title elementor-size-default\">Datawords d\u00e9cline toute responsabilit\u00e9 concernant tout lien pr\u00e9sent sur un site externe et renvoyant vers le site et ne pourra en aucun cas \u00eatre pr\u00e9sum\u00e9 associ\u00e9 \u00e0 un contenu pr\u00e9sent au sein de ce site tiers par la simple existence de cet hyperlien.<\/p>\t\t\t\t<\/div>\n\t\t\t\t<\/div>\n\t\t\t\t<div class=\"elementor-element elementor-element-d19df6e elementor-widget elementor-widget-heading\" data-id=\"d19df6e\" data-element_type=\"widget\" data-widget_type=\"heading.default\">\n\t\t\t\t<div class=\"elementor-widget-container\">\n\t\t\t\t\t<p class=\"elementor-heading-title elementor-size-default\">Le site contient des liens redirigeant vers les autres sites du groupe Datawords, des sites partenaires et\/ou des sites tiers. Datawords n\u2019a pas la ma\u00eetrise de ces autres sites tiers, et ne peut en aucun cas r\u00e9pondre du contenu ou des conditions d\u2019utilisation qui leur sont propres, notamment en mati\u00e8re de respect de la vie priv\u00e9e. Datawords ne pourra en aucun cas \u00eatre tenue responsable pour tout dommage subi sur un site vers lequel un de ses internautes aurait \u00e9t\u00e9 redirig\u00e9.  <\/p>\t\t\t\t<\/div>\n\t\t\t\t<\/div>\n\t\t\t\t<div class=\"elementor-element elementor-element-7e0abb1 elementor-widget elementor-widget-heading\" data-id=\"7e0abb1\" data-element_type=\"widget\" data-widget_type=\"heading.default\">\n\t\t\t\t<div class=\"elementor-widget-container\">\n\t\t\t\t\t<p class=\"elementor-heading-title elementor-size-default\">En aucun cas, Datawords ne s\u2019approprie le contenu pr\u00e9sent sur les sites ext\u00e9rieurs ainsi accessibles.<\/p>\t\t\t\t<\/div>\n\t\t\t\t<\/div>\n\t\t\t\t<div class=\"elementor-element elementor-element-b2fd7e3 elementor-widget elementor-widget-heading\" data-id=\"b2fd7e3\" data-element_type=\"widget\" data-widget_type=\"heading.default\">\n\t\t\t\t<div class=\"elementor-widget-container\">\n\t\t\t\t\t<h2 class=\"elementor-heading-title elementor-size-default\">Responsabilit\u00e9<\/h2>\t\t\t\t<\/div>\n\t\t\t\t<\/div>\n\t\t\t\t<div class=\"elementor-element elementor-element-48b0f70 elementor-widget elementor-widget-heading\" data-id=\"48b0f70\" data-element_type=\"widget\" data-widget_type=\"heading.default\">\n\t\t\t\t<div class=\"elementor-widget-container\">\n\t\t\t\t\t<p class=\"elementor-heading-title elementor-size-default\">Datawords effectue une mise \u00e0 jour r\u00e9guli\u00e8re du contenu et des dispositifs en place sur le site afin de permettre l\u2019acc\u00e8s et l\u2019utilisation du site dans les meilleures conditions pour ses utilisateurs.<\/p>\t\t\t\t<\/div>\n\t\t\t\t<\/div>\n\t\t\t\t<div class=\"elementor-element elementor-element-6e7b9b2 elementor-widget elementor-widget-heading\" data-id=\"6e7b9b2\" data-element_type=\"widget\" data-widget_type=\"heading.default\">\n\t\t\t\t<div class=\"elementor-widget-container\">\n\t\t\t\t\t<p class=\"elementor-heading-title elementor-size-default\">Cependant Datawords ne peut garantir en temps r\u00e9el l\u2019actualit\u00e9, l\u2019exhaustivit\u00e9, l\u2019exactitude, et l\u2019int\u00e9gralit\u00e9 des contenus publi\u00e9s sur le site.<\/p>\t\t\t\t<\/div>\n\t\t\t\t<\/div>\n\t\t\t\t<div class=\"elementor-element elementor-element-4a74e0d elementor-widget elementor-widget-heading\" data-id=\"4a74e0d\" data-element_type=\"widget\" data-widget_type=\"heading.default\">\n\t\t\t\t<div class=\"elementor-widget-container\">\n\t\t\t\t\t<p class=\"elementor-heading-title elementor-size-default\">L\u2019utilisateur a dans ce cadre pleinement conscience que les contenus pr\u00e9sents sur le site sont donn\u00e9s \u00e0 titre indicatif.<\/p>\t\t\t\t<\/div>\n\t\t\t\t<\/div>\n\t\t\t\t<div class=\"elementor-element elementor-element-086ebc5 elementor-widget elementor-widget-heading\" data-id=\"086ebc5\" data-element_type=\"widget\" data-widget_type=\"heading.default\">\n\t\t\t\t<div class=\"elementor-widget-container\">\n\t\t\t\t\t<p class=\"elementor-heading-title elementor-size-default\">Datawords ne peut \u00eatre tenue responsable de tout d\u00e9sagr\u00e9ment et\/ou dommage caus\u00e9 \u00e0 un utilisateur par les actions d\u2019un tiers, qui par un moyen technique d\u00e9loyal a utilis\u00e9 les informations diffus\u00e9es sur le site. La Soci\u00e9t\u00e9 assure toutefois mettre en pratique les moyens \u00e0 sa disposition pour lutter contre toute action de ce type, tout en \u00e9tant limit\u00e9e par les contraintes inh\u00e9rentes \u00e0 Internet. <\/p>\t\t\t\t<\/div>\n\t\t\t\t<\/div>\n\t\t\t\t<div class=\"elementor-element elementor-element-8e47c39 elementor-widget elementor-widget-heading\" data-id=\"8e47c39\" data-element_type=\"widget\" data-widget_type=\"heading.default\">\n\t\t\t\t<div class=\"elementor-widget-container\">\n\t\t\t\t\t<p class=\"elementor-heading-title elementor-size-default\">La Soci\u00e9t\u00e9 ne peut \u00eatre tenue responsable d\u2019un quelconque dommage subi compte tenu notamment de la qualit\u00e9 du r\u00e9seau Internet et\/ou des configurations techniques.<\/p>\t\t\t\t<\/div>\n\t\t\t\t<\/div>\n\t\t\t\t<div class=\"elementor-element elementor-element-ff9f12f elementor-widget elementor-widget-heading\" data-id=\"ff9f12f\" data-element_type=\"widget\" data-widget_type=\"heading.default\">\n\t\t\t\t<div class=\"elementor-widget-container\">\n\t\t\t\t\t<p class=\"elementor-heading-title elementor-size-default\">Le site a \u00e9t\u00e9 d\u00e9velopp\u00e9 dans un environnement technique choisi par Datawords, et est mis \u00e0 jour de mani\u00e8re \u00e0 assurer son accessibilit\u00e9. Toutefois Datawords ne garantit en aucun cas une accessibilit\u00e9 totale du site ni l\u2019absence d\u2019erreurs et bugs notamment. Chaque internaute rencontrant une difficult\u00e9 dans sa navigation est invit\u00e9 \u00e0 en informer le webmaster par e-mail sans que Datawords ne soit tenue de r\u00e9soudre cette derni\u00e8re.  <\/p>\t\t\t\t<\/div>\n\t\t\t\t<\/div>\n\t\t\t\t<div class=\"elementor-element elementor-element-8357f5e elementor-widget elementor-widget-heading\" data-id=\"8357f5e\" data-element_type=\"widget\" data-widget_type=\"heading.default\">\n\t\t\t\t<div class=\"elementor-widget-container\">\n\t\t\t\t\t<p class=\"elementor-heading-title elementor-size-default\">Datawords ne pourra \u00eatre tenue responsable de tout dysfonctionnement, bug, d\u00e9t\u00e9rioration de tout module externe, ou caus\u00e9 par ce module externe, permettant la communication avec des sites\/plateformes externes qui ont seuls la gestion et ma\u00eetrise de ces modules.<\/p>\t\t\t\t<\/div>\n\t\t\t\t<\/div>\n\t\t\t\t<div class=\"elementor-element elementor-element-fe3a010 elementor-widget elementor-widget-heading\" data-id=\"fe3a010\" data-element_type=\"widget\" data-widget_type=\"heading.default\">\n\t\t\t\t<div class=\"elementor-widget-container\">\n\t\t\t\t\t<p class=\"elementor-heading-title elementor-size-default\">Datawords sera en droit de poursuivre toute personne ayant port\u00e9 atteinte par quelque moyen que ce soit au site Datawords, tant \u00e0 sa structure technique qu\u2019au contenu publi\u00e9 (copie illicite, hacking, envoi d\u2019un fichier malveillant etc.).<\/p>\t\t\t\t<\/div>\n\t\t\t\t<\/div>\n\t\t\t\t<div class=\"elementor-element elementor-element-6ec6542 elementor-widget elementor-widget-heading\" data-id=\"6ec6542\" data-element_type=\"widget\" data-widget_type=\"heading.default\">\n\t\t\t\t<div class=\"elementor-widget-container\">\n\t\t\t\t\t<p class=\"elementor-heading-title elementor-size-default\">\u00a9 Datawords 2025<\/p>\t\t\t\t<\/div>\n\t\t\t\t<\/div>\n\t\t\t\t\t<\/div>\n\t\t<\/div>\n\t\t\t\t\t<\/div>\n\t\t<\/section>\n\t\t\t\t\t<\/div>\n\t\t<\/div>\n\t\t\t\t\t<\/div>\n\t\t<\/section>\n\t\t\t\t<\/div>\n\t\t","protected":false},"excerpt":{"rendered":"<p>Mentions l\u00e9gales Le site Datawords (ci-apr\u00e8s le site) appartient \u00e0 la soci\u00e9t\u00e9 Datawords Datasia, soci\u00e9t\u00e9 du Groupe Datawords (ci-apr\u00e8s Datawords), ayant son si\u00e8ge social au 66 Rue de Villiers, 92300 Levallois-Perret, au capital de 127 960,00 \u20ac, immatricul\u00e9e au registre du commerce de Nanterre sous le num\u00e9ro 431 857 317, TVA FR96431857317. Le site est [&hellip;]<\/p>\n","protected":false},"author":1,"featured_media":0,"parent":0,"menu_order":0,"comment_status":"closed","ping_status":"closed","template":"","meta":{"_acf_changed":false,"content-type":"","footnotes":""},"class_list":["post-89507","page","type-page","status-publish","hentry"],"acf":[],"_links":{"self":[{"href":"https:\/\/datawords.com\/fr-ch\/wp-json\/wp\/v2\/pages\/89507","targetHints":{"allow":["GET"]}}],"collection":[{"href":"https:\/\/datawords.com\/fr-ch\/wp-json\/wp\/v2\/pages"}],"about":[{"href":"https:\/\/datawords.com\/fr-ch\/wp-json\/wp\/v2\/types\/page"}],"author":[{"embeddable":true,"href":"https:\/\/datawords.com\/fr-ch\/wp-json\/wp\/v2\/users\/1"}],"replies":[{"embeddable":true,"href":"https:\/\/datawords.com\/fr-ch\/wp-json\/wp\/v2\/comments?post=89507"}],"version-history":[{"count":0,"href":"https:\/\/datawords.com\/fr-ch\/wp-json\/wp\/v2\/pages\/89507\/revisions"}],"wp:attachment":[{"href":"https:\/\/datawords.com\/fr-ch\/wp-json\/wp\/v2\/media?parent=89507"}],"curies":[{"name":"wp","href":"https:\/\/api.w.org\/{rel}","templated":true}]}}