{"id":89486,"date":"2023-07-25T12:33:30","date_gmt":"2023-07-25T10:33:30","guid":{"rendered":"https:\/\/datawords.com\/carriere-nos-valeurs\/"},"modified":"2026-02-06T10:54:01","modified_gmt":"2026-02-06T09:54:01","slug":"carriere-nos-valeurs","status":"publish","type":"page","link":"https:\/\/datawords.com\/fr-ch\/carriere-nos-valeurs\/","title":{"rendered":"Carri\u00e8re\/Nos valeurs"},"content":{"rendered":"\t\t<div data-elementor-type=\"wp-page\" data-elementor-id=\"89486\" class=\"elementor elementor-89486 elementor-8463\" data-elementor-post-type=\"page\">\n\t\t\t\t<div class=\"elementor-element elementor-element-63746a9 e-flex e-con-boxed e-con e-parent\" data-id=\"63746a9\" data-element_type=\"container\" data-settings=\"{&quot;background_background&quot;:&quot;classic&quot;}\">\n\t\t\t\t\t<div class=\"e-con-inner\">\n\t\t<div class=\"elementor-element elementor-element-2f75474 e-con-full e-flex e-con e-child\" data-id=\"2f75474\" data-element_type=\"container\">\n\t\t\t\t<div class=\"elementor-element elementor-element-9de167a textchange elementor-widget__width-initial elementor-hidden-mobile elementor-widget elementor-widget-text-editor\" data-id=\"9de167a\" data-element_type=\"widget\" data-widget_type=\"text-editor.default\">\n\t\t\t\t<div class=\"elementor-widget-container\">\n\t\t\t\t\t\t\t\t\t<h1><strong>Nos <\/strong><br>VALEURS<\/h1>\t\t\t\t\t\t\t\t<\/div>\n\t\t\t\t<\/div>\n\t\t\t\t<div class=\"elementor-element elementor-element-55e5c3c textchange elementor-widget__width-initial elementor-hidden-desktop elementor-hidden-tablet elementor-widget elementor-widget-text-editor\" data-id=\"55e5c3c\" data-element_type=\"widget\" data-widget_type=\"text-editor.default\">\n\t\t\t\t<div class=\"elementor-widget-container\">\n\t\t\t\t\t\t\t\t\t<h1><strong>Nos<\/strong><br \/>VALEURS<\/h1>\t\t\t\t\t\t\t\t<\/div>\n\t\t\t\t<\/div>\n\t\t\t\t<\/div>\n\t\t\t\t\t<\/div>\n\t\t\t\t<\/div>\n\t\t<div class=\"elementor-element elementor-element-7a55977 nos-valeurs e-flex e-con-boxed e-con e-parent\" data-id=\"7a55977\" data-element_type=\"container\" data-settings=\"{&quot;background_background&quot;:&quot;gradient&quot;}\">\n\t\t\t\t\t<div class=\"e-con-inner\">\n\t\t<div class=\"elementor-element elementor-element-981de0e e-con-full e-flex e-con e-child\" data-id=\"981de0e\" data-element_type=\"container\">\n\t\t<div class=\"elementor-element elementor-element-fc52283 e-con-full e-flex e-con e-child\" data-id=\"fc52283\" data-element_type=\"container\">\n\t\t\t\t<div class=\"elementor-element elementor-element-d332136 elementor-widget elementor-widget-heading\" data-id=\"d332136\" data-element_type=\"widget\" data-widget_type=\"heading.default\">\n\t\t\t\t<div class=\"elementor-widget-container\">\n\t\t\t\t\t<p class=\"elementor-heading-title elementor-size-default\">Depuis la gen\u00e8se de Datawords, ses 6 fondateurs, avec leur diversit\u00e9 culturelle, ont la conviction que le multiculturalisme est cr\u00e9ateur de valeur. Nous pensons m\u00eame que c\u2019est la recette du succ\u00e8s d\u2019une entreprise d\u2019aujourd\u2019hui. Et le fait que Datawords connaisse la croissance depuis plus de 25 ans en est la meilleure preuve. C\u2019est pour cette raison que les valeurs qui guident nos prises de d\u00e9cision tiennent en deux mots :<\/p>\t\t\t\t<\/div>\n\t\t\t\t<\/div>\n\t\t\t\t<div class=\"elementor-element elementor-element-33d35c3 elementor-widget__width-initial elementor-widget elementor-widget-heading\" data-id=\"33d35c3\" data-element_type=\"widget\" data-widget_type=\"heading.default\">\n\t\t\t\t<div class=\"elementor-widget-container\">\n\t\t\t\t\t<h4 class=\"elementor-heading-title elementor-size-default\">EVERYONE MATTERS<\/h4>\t\t\t\t<\/div>\n\t\t\t\t<\/div>\n\t\t\t\t<div class=\"elementor-element elementor-element-6ee1c71 elementor-widget elementor-widget-heading\" data-id=\"6ee1c71\" data-element_type=\"widget\" data-widget_type=\"heading.default\">\n\t\t\t\t<div class=\"elementor-widget-container\">\n\t\t\t\t\t<p class=\"elementor-heading-title elementor-size-default\">Cette croyance nous met au d\u00e9fi de placer en premier lieu les besoins et le bien-\u00eatre de toutes nos parties prenantes.<\/p>\t\t\t\t<\/div>\n\t\t\t\t<\/div>\n\t\t\t\t<\/div>\n\t\t\t\t<\/div>\n\t\t\t\t\t<\/div>\n\t\t\t\t<\/div>\n\t\t<div class=\"elementor-element elementor-element-b4a6b37 notre-kredos e-flex e-con-boxed e-con e-parent\" data-id=\"b4a6b37\" data-element_type=\"container\" data-settings=\"{&quot;background_background&quot;:&quot;classic&quot;}\">\n\t\t\t\t\t<div class=\"e-con-inner\">\n\t\t<div class=\"elementor-element elementor-element-5f41411 e-flex e-con-boxed e-con e-child\" data-id=\"5f41411\" data-element_type=\"container\">\n\t\t\t\t\t<div class=\"e-con-inner\">\n\t\t\t\t<div class=\"elementor-element elementor-element-2582eb3 elementor-widget elementor-widget-heading\" data-id=\"2582eb3\" data-element_type=\"widget\" data-widget_type=\"heading.default\">\n\t\t\t\t<div class=\"elementor-widget-container\">\n\t\t\t\t\t<h2 class=\"elementor-heading-title elementor-size-default\">NOTRE<\/h2>\t\t\t\t<\/div>\n\t\t\t\t<\/div>\n\t\t\t\t<div class=\"elementor-element elementor-element-2c95db0 elementor-widget elementor-widget-heading\" data-id=\"2c95db0\" data-element_type=\"widget\" data-widget_type=\"heading.default\">\n\t\t\t\t<div class=\"elementor-widget-container\">\n\t\t\t\t\t<h2 class=\"elementor-heading-title elementor-size-default\">Kredo*<\/h2>\t\t\t\t<\/div>\n\t\t\t\t<\/div>\n\t\t\t\t\t<\/div>\n\t\t\t\t<\/div>\n\t\t<div class=\"elementor-element elementor-element-651c02d notre-kredo e-flex e-con-boxed e-con e-child\" data-id=\"651c02d\" data-element_type=\"container\">\n\t\t\t\t\t<div class=\"e-con-inner\">\n\t\t<div class=\"elementor-element elementor-element-ca0e590 e-con-full shape-content-right e-flex e-con e-child\" data-id=\"ca0e590\" data-element_type=\"container\">\n\t\t\t\t<div class=\"elementor-element elementor-element-ae1b8c0 employees-matter elementor-widget elementor-widget-image-box\" data-id=\"ae1b8c0\" data-element_type=\"widget\" data-widget_type=\"image-box.default\">\n\t\t\t\t<div class=\"elementor-widget-container\">\n\t\t\t\t\t<div class=\"elementor-image-box-wrapper\"><div class=\"elementor-image-box-content\"><h3 class=\"elementor-image-box-title\">Employees matter<\/h3><p class=\"elementor-image-box-description\">Chaque collaborateur du monde entier compte pour nous. La diversit\u00e9* de chacun, que ce soit par son origine, son genre, sa religion ou son expertise, chacun porte en lui une histoire, une intelligence, un potentiel unique qui m\u00e9ritent d'\u00eatre reconnus, partag\u00e9s.&nbsp;Nous pr\u00f4nons la n\u00e9cessit\u00e9 d'un respect mutuel et d'une \u00e9coute attentive. Nous pensons que&nbsp;chaque collaborateur est une pi\u00e8ce d'un puzzle complexe&nbsp;; qu\u2019individuellement et\/ou collectivement, il a le pouvoir de changer les choses. Nous devons nous assurer que chaque collaborateur trouve sa place pour exprimer pleinement son potentiel.<br>\n<span>*Notre bureau fran\u00e7ais compte plus de 50 nationalit\u00e9s, 80 langues parl\u00e9es et affiche un&nbsp;<a href=\"https:\/\/datawords.com\/wp-content\/uploads\/2025\/02\/250228-Datawords_5POINTS-1-scaled.jpg\">index \u00e9galit\u00e9 professionnelle 2025 de 89\/100.<\/a><span style=\"font-size: 18px\"><\/span><\/span><\/p><\/div><\/div>\t\t\t\t<\/div>\n\t\t\t\t<\/div>\n\t\t\t\t<\/div>\n\t\t<div class=\"elementor-element elementor-element-88adbbd e-con-full shape-content-right e-flex e-con e-child\" data-id=\"88adbbd\" data-element_type=\"container\">\n\t\t\t\t<div class=\"elementor-element elementor-element-cc97a7d employees-matter elementor-widget elementor-widget-image-box\" data-id=\"cc97a7d\" data-element_type=\"widget\" data-widget_type=\"image-box.default\">\n\t\t\t\t<div class=\"elementor-widget-container\">\n\t\t\t\t\t<div class=\"elementor-image-box-wrapper\"><div class=\"elementor-image-box-content\"><h3 class=\"elementor-image-box-title\">Clients matter<\/h3><p class=\"elementor-image-box-description\">Chacun de nos clients est important. Leur satisfaction et leur r\u00e9ussite sont notre priorit\u00e9 absolue.\u00a0Nous nous engageons \u00e0 offrir des produits et des services d'une qualit\u00e9 exceptionnelle\u00a0afin de transmettre un message pertinent pour chacun de leur consommateur ATAWADAC**. Nous nous effor\u00e7ons de\u00a0construire une relation de confiance avec tous\u00a0en nous adaptant continuellement aux \u00e9volutions technologiques du march\u00e9 et en innovant. Cette approche nous permet de r\u00e9pondre aux mieux \u00e0 leurs attentes. Quelles que soient leurs origines, nos clients doivent obtenir de nous les conditions d'un juste profit.<\/p><\/div><\/div>\t\t\t\t<\/div>\n\t\t\t\t<\/div>\n\t\t\t\t<\/div>\n\t\t<div class=\"elementor-element elementor-element-8c525d9 e-con-full shape-content-right e-flex e-con e-child\" data-id=\"8c525d9\" data-element_type=\"container\">\n\t\t\t\t<div class=\"elementor-element elementor-element-54d7702 employees-matter elementor-widget elementor-widget-image-box\" data-id=\"54d7702\" data-element_type=\"widget\" data-widget_type=\"image-box.default\">\n\t\t\t\t<div class=\"elementor-widget-container\">\n\t\t\t\t\t<div class=\"elementor-image-box-wrapper\"><div class=\"elementor-image-box-content\"><h3 class=\"elementor-image-box-title\">Communities matter<\/h3><p class=\"elementor-image-box-description\">Les communaut\u00e9s dans lesquelles nous vivons comptent pour le bien-\u00eatre de tous.\u00a0Nous devons les respecter et contribuer le plus possible \u00e0 maintenir leur \u00e9quilibre\u00a0en \u00e9tant de bons citoyens, en nous acquittant de notre juste part d\u2019imp\u00f4t et en utilisant notre ing\u00e9niosit\u00e9 multiculturelle pour agir socialement, prot\u00e9ger notre environnement et nos ressources naturelles.<\/p><\/div><\/div>\t\t\t\t<\/div>\n\t\t\t\t<\/div>\n\t\t\t\t<\/div>\n\t\t<div class=\"elementor-element elementor-element-0eeb1da e-con-full shape-content-right e-flex e-con e-child\" data-id=\"0eeb1da\" data-element_type=\"container\">\n\t\t\t\t<div class=\"elementor-element elementor-element-d755731 employees-matter elementor-widget elementor-widget-image-box\" data-id=\"d755731\" data-element_type=\"widget\" data-widget_type=\"image-box.default\">\n\t\t\t\t<div class=\"elementor-widget-container\">\n\t\t\t\t\t<div class=\"elementor-image-box-wrapper\"><div class=\"elementor-image-box-content\"><h3 class=\"elementor-image-box-title\">Shareholders matter<\/h3><p class=\"elementor-image-box-description\">Enfin, nos actionnaires comptent aussi pour nous !\u00a0Notre entreprise doit \u00eatre tourn\u00e9e vers un r\u00e9sultat \u00e9quitable. Nous sommes passionn\u00e9ment engag\u00e9s pour saisir ce qui commence.\u00a0Nous cr\u00e9ons de la valeur en investissant continuellement dans la performance multiculturelle. En agissant selon ces principes, nous assurerons \u00e0 nos actionnaires un juste revenu sur leur investissement.<\/p><\/div><\/div>\t\t\t\t<\/div>\n\t\t\t\t<\/div>\n\t\t\t\t<\/div>\n\t\t\t\t\t<\/div>\n\t\t\t\t<\/div>\n\t\t<div class=\"elementor-element elementor-element-bd2d54c e-flex e-con-boxed e-con e-child\" data-id=\"bd2d54c\" data-element_type=\"container\">\n\t\t\t\t\t<div class=\"e-con-inner\">\n\t\t\t\t<div class=\"elementor-element elementor-element-db486d6 elementor-widget__width-initial elementor-widget elementor-widget-heading\" data-id=\"db486d6\" data-element_type=\"widget\" data-widget_type=\"heading.default\">\n\t\t\t\t<div class=\"elementor-widget-container\">\n\t\t\t\t\t<p class=\"elementor-heading-title elementor-size-default\">* Credo en Esperanto, une langue internationale utilis\u00e9e par des personnes provenant d'au moins 120 pays \u00e0 travers le monde.<br>\u2028** AnyTime, AnyWhere, Any Device, Any Culture.<\/p>\t\t\t\t<\/div>\n\t\t\t\t<\/div>\n\t\t\t\t\t<\/div>\n\t\t\t\t<\/div>\n\t\t\t\t\t<\/div>\n\t\t\t\t<\/div>\n\t\t<div class=\"elementor-element elementor-element-9a2c19b multi-competence e-flex e-con-boxed e-con e-parent\" data-id=\"9a2c19b\" data-element_type=\"container\" id=\"alerte\" data-settings=\"{&quot;background_background&quot;:&quot;classic&quot;}\">\n\t\t\t\t\t<div class=\"e-con-inner\">\n\t\t<div class=\"elementor-element elementor-element-dc5e11b e-con-full e-flex e-con e-child\" data-id=\"dc5e11b\" data-element_type=\"container\">\n\t\t<div class=\"elementor-element elementor-element-e813355 e-con-full e-flex e-con e-child\" data-id=\"e813355\" data-element_type=\"container\">\n\t\t\t\t<div class=\"elementor-element elementor-element-c72a35e elementor-widget elementor-widget-heading\" data-id=\"c72a35e\" data-element_type=\"widget\" data-widget_type=\"heading.default\">\n\t\t\t\t<div class=\"elementor-widget-container\">\n\t\t\t\t\t<h2 class=\"elementor-heading-title elementor-size-default\">lanceur<\/h2>\t\t\t\t<\/div>\n\t\t\t\t<\/div>\n\t\t\t\t<div class=\"elementor-element elementor-element-b664013 elementor-widget elementor-widget-heading\" data-id=\"b664013\" data-element_type=\"widget\" data-widget_type=\"heading.default\">\n\t\t\t\t<div class=\"elementor-widget-container\">\n\t\t\t\t\t<h2 class=\"elementor-heading-title elementor-size-default\">d\u2019alerte<\/h2>\t\t\t\t<\/div>\n\t\t\t\t<\/div>\n\t\t<div class=\"elementor-element elementor-element-09cd86f e-con-full e-flex e-con e-child\" data-id=\"09cd86f\" data-element_type=\"container\">\n\t\t\t\t<div class=\"elementor-element elementor-element-3b6f710 elementor-widget elementor-widget-heading\" data-id=\"3b6f710\" data-element_type=\"widget\" data-widget_type=\"heading.default\">\n\t\t\t\t<div class=\"elementor-widget-container\">\n\t\t\t\t\t<h2 class=\"elementor-heading-title elementor-size-default\">Chez Datawords, chaque voix compte. Le respect mutuel et l\u2019\u00e9coute attentive sont essentiels \u00e0 notre succ\u00e8s.<\/h2>\t\t\t\t<\/div>\n\t\t\t\t<\/div>\n\t\t\t\t<div class=\"elementor-element elementor-element-4cd1caf elementor-widget elementor-widget-text-editor\" data-id=\"4cd1caf\" data-element_type=\"widget\" data-widget_type=\"text-editor.default\">\n\t\t\t\t<div class=\"elementor-widget-container\">\n\t\t\t\t\t\t\t\t\t<p>Nous nous engageons \u00e0 d\u00e9fendre les valeurs d\u2019\u00e9quit\u00e9 et de loyaut\u00e9 dans toutes nos actions. Il est de la responsabilit\u00e9 de chacun de nos employ\u00e9s et partenaires commerciaux de signaler tout manquement \u00e0 ces principes.<\/p>\t\t\t\t\t\t\t\t<\/div>\n\t\t\t\t<\/div>\n\t\t\t\t<div class=\"elementor-element elementor-element-44a63a6 elementor-widget elementor-widget-text-editor\" data-id=\"44a63a6\" data-element_type=\"widget\" data-widget_type=\"text-editor.default\">\n\t\t\t\t<div class=\"elementor-widget-container\">\n\t\t\t\t\t\t\t\t\t<p>Si vous \u00eates t\u00e9moins d\u2019une situation contraire \u00e0 l\u2019\u00e9thique, m\u00eame potentielle, nous vous encourageons \u00e0 la signaler via notre canal confidentiel. Ce dispositif garantit une communication totalement anonyme et prot\u00e9g\u00e9e. Ensemble, assurons-nous que notre environnement de travail reste s\u00fbr, respectueux et \u00e9quitable pour tous.<\/p>\t\t\t\t\t\t\t\t<\/div>\n\t\t\t\t<\/div>\n\t\t\t\t<\/div>\n\t\t\t\t<div class=\"elementor-element elementor-element-f4fc81f elementor-align-left btnall elementor-widget elementor-widget-button\" data-id=\"f4fc81f\" data-element_type=\"widget\" data-widget_type=\"button.default\">\n\t\t\t\t<div class=\"elementor-widget-container\">\n\t\t\t\t\t\t\t\t\t<div class=\"elementor-button-wrapper\">\n\t\t\t\t\t<a class=\"elementor-button elementor-button-link elementor-size-sm\" href=\"https:\/\/datawords.whistlelink.com\/\" target=\"_blank\" rel=\"noopener\">\n\t\t\t\t\t\t<span class=\"elementor-button-content-wrapper\">\n\t\t\t\t\t\t<span class=\"elementor-button-icon\">\n\t\t\t\t<i aria-hidden=\"true\" class=\"icon icon-arrow-right\"><\/i>\t\t\t<\/span>\n\t\t\t\t\t\t\t\t\t<span class=\"elementor-button-text\">Faire une signalement<\/span>\n\t\t\t\t\t<\/span>\n\t\t\t\t\t<\/a>\n\t\t\t\t<\/div>\n\t\t\t\t\t\t\t\t<\/div>\n\t\t\t\t<\/div>\n\t\t\t\t<\/div>\n\t\t\t\t<\/div>\n\t\t\t\t\t<\/div>\n\t\t\t\t<\/div>\n\t\t<div class=\"elementor-element elementor-element-edc4f84 multi-culter e-flex e-con-boxed e-con e-parent\" data-id=\"edc4f84\" data-element_type=\"container\" data-settings=\"{&quot;background_background&quot;:&quot;classic&quot;}\">\n\t\t\t\t\t<div class=\"e-con-inner\">\n\t\t<div class=\"elementor-element elementor-element-c6f1f5d e-con-full e-flex e-con e-child\" data-id=\"c6f1f5d\" data-element_type=\"container\">\n\t\t<div class=\"elementor-element elementor-element-94baf37 e-con-full e-flex e-con e-child\" data-id=\"94baf37\" data-element_type=\"container\">\n\t\t\t\t<div class=\"elementor-element elementor-element-b4eb35c elementor-widget elementor-widget-image\" data-id=\"b4eb35c\" data-element_type=\"widget\" data-widget_type=\"image.default\">\n\t\t\t\t<div class=\"elementor-widget-container\">\n\t\t\t\t\t\t\t\t\t\t\t\t\t\t\t<img fetchpriority=\"high\" decoding=\"async\" width=\"577\" height=\"577\" src=\"https:\/\/datawords.com\/wp-content\/uploads\/2026\/02\/team_datawords.avif\" class=\"attachment-full size-full wp-image-307323\" alt=\"\" srcset=\"https:\/\/datawords.com\/wp-content\/uploads\/2026\/02\/team_datawords.avif 577w, https:\/\/datawords.com\/wp-content\/uploads\/2026\/02\/team_datawords-300x300.avif 300w, https:\/\/datawords.com\/wp-content\/uploads\/2026\/02\/team_datawords-150x150.avif 150w\" sizes=\"(max-width: 577px) 100vw, 577px\" \/>\t\t\t\t\t\t\t\t\t\t\t\t\t\t\t<\/div>\n\t\t\t\t<\/div>\n\t\t\t\t<\/div>\n\t\t<div class=\"elementor-element elementor-element-427aacc e-con-full e-flex e-con e-child\" data-id=\"427aacc\" data-element_type=\"container\">\n\t\t\t\t<div class=\"elementor-element elementor-element-32f2838 elementor-widget elementor-widget-heading\" data-id=\"32f2838\" data-element_type=\"widget\" data-widget_type=\"heading.default\">\n\t\t\t\t<div class=\"elementor-widget-container\">\n\t\t\t\t\t<p class=\"elementor-heading-title elementor-size-default\">Rejoignez<\/p>\t\t\t\t<\/div>\n\t\t\t\t<\/div>\n\t\t\t\t<div class=\"elementor-element elementor-element-9bc6ddd elementor-widget elementor-widget-heading\" data-id=\"9bc6ddd\" data-element_type=\"widget\" data-widget_type=\"heading.default\">\n\t\t\t\t<div class=\"elementor-widget-container\">\n\t\t\t\t\t<h2 class=\"elementor-heading-title elementor-size-default\">notre \u00e9quipe<\/h2>\t\t\t\t<\/div>\n\t\t\t\t<\/div>\n\t\t\t\t<div class=\"elementor-element elementor-element-d57a82f elementor-widget elementor-widget-heading\" data-id=\"d57a82f\" data-element_type=\"widget\" data-widget_type=\"heading.default\">\n\t\t\t\t<div class=\"elementor-widget-container\">\n\t\t\t\t\t<h5 class=\"elementor-heading-title elementor-size-default\">Nous sommes une communaut\u00e9 de connecteurs !<\/h5>\t\t\t\t<\/div>\n\t\t\t\t<\/div>\n\t\t\t\t<div class=\"elementor-element elementor-element-8b807b8 elementor-widget__width-initial elementor-widget elementor-widget-heading\" data-id=\"8b807b8\" data-element_type=\"widget\" data-widget_type=\"heading.default\">\n\t\t\t\t<div class=\"elementor-widget-container\">\n\t\t\t\t\t<p class=\"elementor-heading-title elementor-size-default\">Nous connectons toutes les nouvelles technologies, nous connectons l'intelligence humaine et technologique, et nous cr\u00e9ons un environnement o\u00f9 la diff\u00e9rence est possible et cr\u00e9e de la valeur !<\/p>\t\t\t\t<\/div>\n\t\t\t\t<\/div>\n\t\t\t\t<\/div>\n\t\t\t\t<\/div>\n\t\t\t\t\t<\/div>\n\t\t\t\t<\/div>\n\t\t\t\t<\/div>\n\t\t","protected":false},"excerpt":{"rendered":"<p>Nos VALEURS NosVALEURS Depuis la gen\u00e8se de Datawords, ses 6 fondateurs, avec leur diversit\u00e9 culturelle, ont la conviction que le multiculturalisme est cr\u00e9ateur de valeur. Nous pensons m\u00eame que c\u2019est la recette du succ\u00e8s d\u2019une entreprise d\u2019aujourd\u2019hui. Et le fait que Datawords connaisse la croissance depuis plus de 25 ans en est la meilleure preuve. [&hellip;]<\/p>\n","protected":false},"author":1,"featured_media":0,"parent":0,"menu_order":0,"comment_status":"closed","ping_status":"closed","template":"","meta":{"_acf_changed":false,"content-type":"","footnotes":""},"class_list":["post-89486","page","type-page","status-publish","hentry"],"acf":[],"_links":{"self":[{"href":"https:\/\/datawords.com\/fr-ch\/wp-json\/wp\/v2\/pages\/89486","targetHints":{"allow":["GET"]}}],"collection":[{"href":"https:\/\/datawords.com\/fr-ch\/wp-json\/wp\/v2\/pages"}],"about":[{"href":"https:\/\/datawords.com\/fr-ch\/wp-json\/wp\/v2\/types\/page"}],"author":[{"embeddable":true,"href":"https:\/\/datawords.com\/fr-ch\/wp-json\/wp\/v2\/users\/1"}],"replies":[{"embeddable":true,"href":"https:\/\/datawords.com\/fr-ch\/wp-json\/wp\/v2\/comments?post=89486"}],"version-history":[{"count":0,"href":"https:\/\/datawords.com\/fr-ch\/wp-json\/wp\/v2\/pages\/89486\/revisions"}],"wp:attachment":[{"href":"https:\/\/datawords.com\/fr-ch\/wp-json\/wp\/v2\/media?parent=89486"}],"curies":[{"name":"wp","href":"https:\/\/api.w.org\/{rel}","templated":true}]}}