{"id":82188,"date":"2023-07-25T08:42:54","date_gmt":"2023-07-25T06:42:54","guid":{"rendered":"https:\/\/datawords.com\/carriere-travailler-chez-datawords\/"},"modified":"2026-02-06T11:11:42","modified_gmt":"2026-02-06T10:11:42","slug":"carriere-travailler-chez-datawords","status":"publish","type":"page","link":"https:\/\/datawords.com\/fr-ca\/carriere-travailler-chez-datawords\/","title":{"rendered":"Carri\u00e8re\/Travailler chez Datawords"},"content":{"rendered":"\t\t<div data-elementor-type=\"wp-page\" data-elementor-id=\"82188\" class=\"elementor elementor-82188 elementor-8154\" data-elementor-post-type=\"page\">\n\t\t\t\t<div class=\"elementor-element elementor-element-5e8ca05 e-flex e-con-boxed e-con e-parent\" data-id=\"5e8ca05\" data-element_type=\"container\" data-settings=\"{&quot;background_background&quot;:&quot;classic&quot;}\">\n\t\t\t\t\t<div class=\"e-con-inner\">\n\t\t<div class=\"elementor-element elementor-element-94e39cf e-con-full e-flex e-con e-child\" data-id=\"94e39cf\" data-element_type=\"container\">\n\t\t<div class=\"elementor-element elementor-element-cab7640 e-con-full e-flex e-con e-child\" data-id=\"cab7640\" data-element_type=\"container\">\n\t\t\t\t<div class=\"elementor-element elementor-element-a5bc51f textchange elementor-widget__width-initial elementor-widget-mobile__width-inherit elementor-widget elementor-widget-text-editor\" data-id=\"a5bc51f\" data-element_type=\"widget\" data-widget_type=\"text-editor.default\">\n\t\t\t\t<div class=\"elementor-widget-container\">\n\t\t\t\t\t\t\t\t\t<h1><strong>Travailler chez<\/strong><br \/>Datawords<\/h1>\t\t\t\t\t\t\t\t<\/div>\n\t\t\t\t<\/div>\n\t\t\t\t<\/div>\n\t\t\t\t<\/div>\n\t\t\t\t\t<\/div>\n\t\t\t\t<\/div>\n\t\t<div class=\"elementor-element elementor-element-676f5e3 nos-valeurs e-flex e-con-boxed e-con e-parent\" data-id=\"676f5e3\" data-element_type=\"container\" data-settings=\"{&quot;background_background&quot;:&quot;classic&quot;}\">\n\t\t\t\t\t<div class=\"e-con-inner\">\n\t\t<div class=\"elementor-element elementor-element-c1a5ecf e-con-full e-flex e-con e-child\" data-id=\"c1a5ecf\" data-element_type=\"container\">\n\t\t<div class=\"elementor-element elementor-element-23bd270 e-con-full e-flex e-con e-child\" data-id=\"23bd270\" data-element_type=\"container\">\n\t\t\t\t<div class=\"elementor-element elementor-element-dd83ec7 elementor-widget elementor-widget-heading\" data-id=\"dd83ec7\" data-element_type=\"widget\" data-widget_type=\"heading.default\">\n\t\t\t\t<div class=\"elementor-widget-container\">\n\t\t\t\t\t<p class=\"elementor-heading-title elementor-size-default\">Datawords est une entreprise port\u00e9e par des collaborateurs dont la mission est d\u2019offrir aux marques internationales des contenus localement pertinents n\u2019importe o\u00f9, n\u2019importe quand, quelles que soient la plateforme digitale utilis\u00e9e et la culture vis\u00e9e. Pour d\u00e9livrer la performance \u00e0 ses clients,\u00a0Datawords valorise la diversit\u00e9 des identit\u00e9s, des cultures, des valeurs, des modes de pens\u00e9e, des parcours ou des comp\u00e9tences.\u00a0C\u2019est ce que nous appelons le multiculturalisme.<br>\n<br>C\u2019est pour cette raison que\u00a0promouvoir la diff\u00e9rence est le fondement de notre politique de Ressources Humaines.\u00a0Alors, que vous soyez sp\u00e9cialiste du marketing num\u00e9rique, cr\u00e9atif, d\u00e9veloppeur, traducteur, chef de projet ou expert en search, social ou UX, quel que soit le pays d\u2019o\u00f9 vous venez, que vous soyez passionn\u00e9(e) d\u2019art dramatique ou de football, vous \u00eates bienvenu(e) !<\/p>\t\t\t\t<\/div>\n\t\t\t\t<\/div>\n\t\t\t\t<\/div>\n\t\t\t\t<\/div>\n\t\t\t\t\t<\/div>\n\t\t\t\t<\/div>\n\t\t<div class=\"elementor-element elementor-element-fa45ad0 every-one-matter e-flex e-con-boxed e-con e-parent\" data-id=\"fa45ad0\" data-element_type=\"container\" data-settings=\"{&quot;background_background&quot;:&quot;classic&quot;}\">\n\t\t\t\t\t<div class=\"e-con-inner\">\n\t\t<div class=\"elementor-element elementor-element-dbcdad0 e-con-full e-flex e-con e-child\" data-id=\"dbcdad0\" data-element_type=\"container\">\n\t\t<div class=\"elementor-element elementor-element-0702884 e-con-full travailler-chez-datawords e-flex e-con e-child\" data-id=\"0702884\" data-element_type=\"container\">\n\t\t\t\t<div class=\"elementor-element elementor-element-4fc4ab2 elementor-widget elementor-widget-image\" data-id=\"4fc4ab2\" data-element_type=\"widget\" data-widget_type=\"image.default\">\n\t\t\t\t<div class=\"elementor-widget-container\">\n\t\t\t\t\t\t\t\t\t\t\t\t\t\t\t<img fetchpriority=\"high\" decoding=\"async\" width=\"577\" height=\"650\" src=\"https:\/\/datawords.com\/wp-content\/uploads\/2026\/02\/matters.avif\" class=\"attachment-full size-full wp-image-307600\" alt=\"\" srcset=\"https:\/\/datawords.com\/wp-content\/uploads\/2026\/02\/matters.avif 577w, https:\/\/datawords.com\/wp-content\/uploads\/2026\/02\/matters-266x300.avif 266w\" sizes=\"(max-width: 577px) 100vw, 577px\" \/>\t\t\t\t\t\t\t\t\t\t\t\t\t\t\t<\/div>\n\t\t\t\t<\/div>\n\t\t\t\t<\/div>\n\t\t<div class=\"elementor-element elementor-element-56662c3 e-con-full e-flex e-con e-child\" data-id=\"56662c3\" data-element_type=\"container\">\n\t\t\t\t<div class=\"elementor-element elementor-element-511ff29 elementor-widget elementor-widget-heading\" data-id=\"511ff29\" data-element_type=\"widget\" data-widget_type=\"heading.default\">\n\t\t\t\t<div class=\"elementor-widget-container\">\n\t\t\t\t\t<p class=\"elementor-heading-title elementor-size-default\">Everyone<\/p>\t\t\t\t<\/div>\n\t\t\t\t<\/div>\n\t\t\t\t<div class=\"elementor-element elementor-element-0a7c701 elementor-widget elementor-widget-heading\" data-id=\"0a7c701\" data-element_type=\"widget\" data-widget_type=\"heading.default\">\n\t\t\t\t<div class=\"elementor-widget-container\">\n\t\t\t\t\t<h2 class=\"elementor-heading-title elementor-size-default\">matters<\/h2>\t\t\t\t<\/div>\n\t\t\t\t<\/div>\n\t\t\t\t<div class=\"elementor-element elementor-element-e9ce7b6 elementor-widget__width-initial elementor-widget elementor-widget-heading\" data-id=\"e9ce7b6\" data-element_type=\"widget\" data-widget_type=\"heading.default\">\n\t\t\t\t<div class=\"elementor-widget-container\">\n\t\t\t\t\t<p class=\"elementor-heading-title elementor-size-default\">Cette croyance nous met au d\u00e9fi de placer en premier lieu les besoins et le bien-\u00eatre de toutes nos parties prenantes.<\/p>\t\t\t\t<\/div>\n\t\t\t\t<\/div>\n\t\t\t\t<div class=\"elementor-element elementor-element-39d1abb elementor-widget__width-initial elementor-widget elementor-widget-heading\" data-id=\"39d1abb\" data-element_type=\"widget\" data-widget_type=\"heading.default\">\n\t\t\t\t<div class=\"elementor-widget-container\">\n\t\t\t\t\t<p class=\"elementor-heading-title elementor-size-default\">Depuis la gen\u00e8se de Datawords, ses 6 fondateurs, avec leur diversit\u00e9 culturelle, ont la conviction que le\u00a0multiculturalisme est cr\u00e9ateur de valeur.\u00a0Nous pensons m\u00eame que c\u2019est la recette du succ\u00e8s d\u2019une entreprise d\u2019aujourd\u2019hui. Et le fait que Datawords connaisse la croissance depuis plus de 25 ans en est la meilleure preuve.<\/p>\t\t\t\t<\/div>\n\t\t\t\t<\/div>\n\t\t\t\t<div class=\"elementor-element elementor-element-bf157cd elementor-align-left btnall elementor-widget elementor-widget-button\" data-id=\"bf157cd\" data-element_type=\"widget\" data-widget_type=\"button.default\">\n\t\t\t\t<div class=\"elementor-widget-container\">\n\t\t\t\t\t\t\t\t\t<div class=\"elementor-button-wrapper\">\n\t\t\t\t\t<a class=\"elementor-button elementor-button-link elementor-size-sm\" href=\"https:\/\/datawords.com\/fr-ca\/carrieres\/carriere-nos-valeurs\/\">\n\t\t\t\t\t\t<span class=\"elementor-button-content-wrapper\">\n\t\t\t\t\t\t<span class=\"elementor-button-icon\">\n\t\t\t\t<i aria-hidden=\"true\" class=\"icon icon-arrow-right\"><\/i>\t\t\t<\/span>\n\t\t\t\t\t\t\t\t\t<span class=\"elementor-button-text\">Notre kredo<\/span>\n\t\t\t\t\t<\/span>\n\t\t\t\t\t<\/a>\n\t\t\t\t<\/div>\n\t\t\t\t\t\t\t\t<\/div>\n\t\t\t\t<\/div>\n\t\t\t\t<\/div>\n\t\t\t\t<\/div>\n\t\t\t\t\t<\/div>\n\t\t\t\t<\/div>\n\t\t<div class=\"elementor-element elementor-element-859120a multi-competence e-flex e-con-boxed e-con e-parent\" data-id=\"859120a\" data-element_type=\"container\" data-settings=\"{&quot;background_background&quot;:&quot;classic&quot;}\">\n\t\t\t\t\t<div class=\"e-con-inner\">\n\t\t<div class=\"elementor-element elementor-element-21f0fa9 e-con-full e-flex e-con e-child\" data-id=\"21f0fa9\" data-element_type=\"container\">\n\t\t<div class=\"elementor-element elementor-element-8062504 e-con-full e-flex e-con e-child\" data-id=\"8062504\" data-element_type=\"container\">\n\t\t\t\t<div class=\"elementor-element elementor-element-1b8e057 elementor-widget elementor-widget-heading\" data-id=\"1b8e057\" data-element_type=\"widget\" data-widget_type=\"heading.default\">\n\t\t\t\t<div class=\"elementor-widget-container\">\n\t\t\t\t\t<h2 class=\"elementor-heading-title elementor-size-default\">Multi-<\/h2>\t\t\t\t<\/div>\n\t\t\t\t<\/div>\n\t\t\t\t<div class=\"elementor-element elementor-element-b3c08c5 elementor-widget elementor-widget-heading\" data-id=\"b3c08c5\" data-element_type=\"widget\" data-widget_type=\"heading.default\">\n\t\t\t\t<div class=\"elementor-widget-container\">\n\t\t\t\t\t<h2 class=\"elementor-heading-title elementor-size-default\">Comp\u00e9tence<\/h2>\t\t\t\t<\/div>\n\t\t\t\t<\/div>\n\t\t\t\t<div class=\"elementor-element elementor-element-ef7eac8 elementor-widget elementor-widget-text-editor\" data-id=\"ef7eac8\" data-element_type=\"widget\" data-widget_type=\"text-editor.default\">\n\t\t\t\t<div class=\"elementor-widget-container\">\n\t\t\t\t\t\t\t\t\t<p>Dans un monde de plus en plus digital, o\u00f9 les outils et les besoins \u00e9voluent en permanence, nos \u00e9quipes doivent disposer des meilleures comp\u00e9tences pour proposer \u00e0 nos clients des solutions technologiques avanc\u00e9es. C\u2019est pourquoi Datawords accompagne le d\u00e9veloppement de ses collaborateurs en leur proposant des projets divers, sur des plateformes multiples, aupr\u00e8s de clients vari\u00e9s. Ces exp\u00e9riences d\u2019apprentissage permettent de ma\u00eetriser les technologies les plus innovantes du march\u00e9 et, aux diff\u00e9rents experts, de rester \u00e0 la pointe dans leur domaine d\u2019expertise.<\/p>\t\t\t\t\t\t\t\t<\/div>\n\t\t\t\t<\/div>\n\t\t\t\t<\/div>\n\t\t\t\t<\/div>\n\t\t<div class=\"elementor-element elementor-element-0b8410a e-con-full e-flex e-con e-child\" data-id=\"0b8410a\" data-element_type=\"container\">\n\t\t<div class=\"elementor-element elementor-element-e90fb41 e-con-full e-flex e-con e-child\" data-id=\"e90fb41\" data-element_type=\"container\">\n\t\t\t\t<div class=\"elementor-element elementor-element-28a0359 elementor-widget elementor-widget-image\" data-id=\"28a0359\" data-element_type=\"widget\" data-widget_type=\"image.default\">\n\t\t\t\t<div class=\"elementor-widget-container\">\n\t\t\t\t\t\t\t\t\t\t\t\t\t\t\t<img decoding=\"async\" width=\"577\" height=\"650\" src=\"https:\/\/datawords.com\/wp-content\/uploads\/2026\/02\/competence.avif\" class=\"attachment-full size-full wp-image-307624\" alt=\"\" srcset=\"https:\/\/datawords.com\/wp-content\/uploads\/2026\/02\/competence.avif 577w, https:\/\/datawords.com\/wp-content\/uploads\/2026\/02\/competence-266x300.avif 266w\" sizes=\"(max-width: 577px) 100vw, 577px\" \/>\t\t\t\t\t\t\t\t\t\t\t\t\t\t\t<\/div>\n\t\t\t\t<\/div>\n\t\t\t\t<\/div>\n\t\t\t\t<\/div>\n\t\t\t\t\t<\/div>\n\t\t\t\t<\/div>\n\t\t<div class=\"elementor-element elementor-element-a1e777f multi-culter e-flex e-con-boxed e-con e-parent\" data-id=\"a1e777f\" data-element_type=\"container\" data-settings=\"{&quot;background_background&quot;:&quot;classic&quot;}\">\n\t\t\t\t\t<div class=\"e-con-inner\">\n\t\t<div class=\"elementor-element elementor-element-15fb898 e-con-full e-flex e-con e-child\" data-id=\"15fb898\" data-element_type=\"container\">\n\t\t<div class=\"elementor-element elementor-element-629bb1a e-con-full e-flex e-con e-child\" data-id=\"629bb1a\" data-element_type=\"container\">\n\t\t\t\t<div class=\"elementor-element elementor-element-1638fcc elementor-widget elementor-widget-image\" data-id=\"1638fcc\" data-element_type=\"widget\" data-widget_type=\"image.default\">\n\t\t\t\t<div class=\"elementor-widget-container\">\n\t\t\t\t\t\t\t\t\t\t\t\t\t\t\t<img decoding=\"async\" width=\"577\" height=\"650\" src=\"https:\/\/datawords.com\/wp-content\/uploads\/2026\/02\/culturelle.avif\" class=\"attachment-full size-full wp-image-307670\" alt=\"\" srcset=\"https:\/\/datawords.com\/wp-content\/uploads\/2026\/02\/culturelle.avif 577w, https:\/\/datawords.com\/wp-content\/uploads\/2026\/02\/culturelle-266x300.avif 266w\" sizes=\"(max-width: 577px) 100vw, 577px\" \/>\t\t\t\t\t\t\t\t\t\t\t\t\t\t\t<\/div>\n\t\t\t\t<\/div>\n\t\t\t\t<\/div>\n\t\t<div class=\"elementor-element elementor-element-1dbf8cd e-con-full e-flex e-con e-child\" data-id=\"1dbf8cd\" data-element_type=\"container\">\n\t\t\t\t<div class=\"elementor-element elementor-element-f40535f elementor-widget elementor-widget-heading\" data-id=\"f40535f\" data-element_type=\"widget\" data-widget_type=\"heading.default\">\n\t\t\t\t<div class=\"elementor-widget-container\">\n\t\t\t\t\t<h2 class=\"elementor-heading-title elementor-size-default\">Multi-<\/h2>\t\t\t\t<\/div>\n\t\t\t\t<\/div>\n\t\t\t\t<div class=\"elementor-element elementor-element-1ac963e elementor-widget elementor-widget-heading\" data-id=\"1ac963e\" data-element_type=\"widget\" data-widget_type=\"heading.default\">\n\t\t\t\t<div class=\"elementor-widget-container\">\n\t\t\t\t\t<h2 class=\"elementor-heading-title elementor-size-default\">Culturelle<\/h2>\t\t\t\t<\/div>\n\t\t\t\t<\/div>\n\t\t\t\t<div class=\"elementor-element elementor-element-4457fd5 elementor-widget elementor-widget-text-editor\" data-id=\"4457fd5\" data-element_type=\"widget\" data-widget_type=\"text-editor.default\">\n\t\t\t\t<div class=\"elementor-widget-container\">\n\t\t\t\t\t\t\t\t\t<p>Datawords est pr\u00e9sent en Europe, en Asie et en Am\u00e9rique du Nord avec 25 hubs, notamment Paris, Luxembourg, Berlin, Londres, Barcelone, Milan, S\u00e9oul, Hong Kong, Tokyo, Shanghai, Manille, New York et Miami. Au sein de chacun de ces bureaux, nous offrons \u00e0 nos collaborateurs une exp\u00e9rience internationale au quotidien. Les projets sur lesquels nous travaillons sont d\u2019envergure globale ; nos \u00e9quipes viennent des quatre coins du monde, nous parlons toutes les langues dans les couloirs de nos bureaux\u2026 Datawords, une entreprise 100 % multiculturelle.<\/p>\t\t\t\t\t\t\t\t<\/div>\n\t\t\t\t<\/div>\n\t\t\t\t<\/div>\n\t\t\t\t<\/div>\n\t\t\t\t\t<\/div>\n\t\t\t\t<\/div>\n\t\t\t\t<\/div>\n\t\t","protected":false},"excerpt":{"rendered":"<p>Travailler chezDatawords Datawords est une entreprise port\u00e9e par des collaborateurs dont la mission est d\u2019offrir aux marques internationales des contenus localement pertinents n\u2019importe o\u00f9, n\u2019importe quand, quelles que soient la plateforme digitale utilis\u00e9e et la culture vis\u00e9e. Pour d\u00e9livrer la performance \u00e0 ses clients,\u00a0Datawords valorise la diversit\u00e9 des identit\u00e9s, des cultures, des valeurs, des modes [&hellip;]<\/p>\n","protected":false},"author":1,"featured_media":0,"parent":0,"menu_order":0,"comment_status":"closed","ping_status":"closed","template":"","meta":{"_acf_changed":false,"content-type":"","footnotes":""},"class_list":["post-82188","page","type-page","status-publish","hentry"],"acf":[],"_links":{"self":[{"href":"https:\/\/datawords.com\/fr-ca\/wp-json\/wp\/v2\/pages\/82188","targetHints":{"allow":["GET"]}}],"collection":[{"href":"https:\/\/datawords.com\/fr-ca\/wp-json\/wp\/v2\/pages"}],"about":[{"href":"https:\/\/datawords.com\/fr-ca\/wp-json\/wp\/v2\/types\/page"}],"author":[{"embeddable":true,"href":"https:\/\/datawords.com\/fr-ca\/wp-json\/wp\/v2\/users\/1"}],"replies":[{"embeddable":true,"href":"https:\/\/datawords.com\/fr-ca\/wp-json\/wp\/v2\/comments?post=82188"}],"version-history":[{"count":0,"href":"https:\/\/datawords.com\/fr-ca\/wp-json\/wp\/v2\/pages\/82188\/revisions"}],"wp:attachment":[{"href":"https:\/\/datawords.com\/fr-ca\/wp-json\/wp\/v2\/media?parent=82188"}],"curies":[{"name":"wp","href":"https:\/\/api.w.org\/{rel}","templated":true}]}}