{"id":82186,"date":"2023-07-25T12:33:30","date_gmt":"2023-07-25T10:33:30","guid":{"rendered":"https:\/\/datawords.com\/carriere-nos-valeurs\/"},"modified":"2026-02-06T10:53:48","modified_gmt":"2026-02-06T09:53:48","slug":"carriere-nos-valeurs","status":"publish","type":"page","link":"https:\/\/datawords.com\/fr-ca\/carriere-nos-valeurs\/","title":{"rendered":"Carri\u00e8re\/Nos valeurs"},"content":{"rendered":"\t\t<div data-elementor-type=\"wp-page\" data-elementor-id=\"82186\" class=\"elementor elementor-82186 elementor-8463\" data-elementor-post-type=\"page\">\n\t\t\t\t<div class=\"elementor-element elementor-element-90233a4 e-flex e-con-boxed e-con e-parent\" data-id=\"90233a4\" data-element_type=\"container\" data-settings=\"{&quot;background_background&quot;:&quot;classic&quot;}\">\n\t\t\t\t\t<div class=\"e-con-inner\">\n\t\t<div class=\"elementor-element elementor-element-44878db e-con-full e-flex e-con e-child\" data-id=\"44878db\" data-element_type=\"container\">\n\t\t\t\t<div class=\"elementor-element elementor-element-17ab1f8 textchange elementor-widget__width-initial elementor-widget elementor-widget-text-editor\" data-id=\"17ab1f8\" data-element_type=\"widget\" data-widget_type=\"text-editor.default\">\n\t\t\t\t<div class=\"elementor-widget-container\">\n\t\t\t\t\t\t\t\t\t<p><strong>Nos<\/strong><br \/>VALEURS<\/p>\t\t\t\t\t\t\t\t<\/div>\n\t\t\t\t<\/div>\n\t\t\t\t<\/div>\n\t\t\t\t\t<\/div>\n\t\t\t\t<\/div>\n\t\t<div class=\"elementor-element elementor-element-e7ce534 nos-valeurs e-flex e-con-boxed e-con e-parent\" data-id=\"e7ce534\" data-element_type=\"container\" data-settings=\"{&quot;background_background&quot;:&quot;gradient&quot;}\">\n\t\t\t\t\t<div class=\"e-con-inner\">\n\t\t<div class=\"elementor-element elementor-element-f384ec8 e-con-full e-flex e-con e-child\" data-id=\"f384ec8\" data-element_type=\"container\">\n\t\t<div class=\"elementor-element elementor-element-823e972 e-con-full e-flex e-con e-child\" data-id=\"823e972\" data-element_type=\"container\">\n\t\t\t\t<div class=\"elementor-element elementor-element-e313512 elementor-widget elementor-widget-heading\" data-id=\"e313512\" data-element_type=\"widget\" data-widget_type=\"heading.default\">\n\t\t\t\t<div class=\"elementor-widget-container\">\n\t\t\t\t\t<p class=\"elementor-heading-title elementor-size-default\">Depuis la gen\u00e8se de Datawords, ses 6 fondateurs, avec leur diversit\u00e9 culturelle, ont la conviction que le multiculturalisme est cr\u00e9ateur de valeur. Nous pensons m\u00eame que c\u2019est la recette du succ\u00e8s d\u2019une entreprise d\u2019aujourd\u2019hui. Et le fait que Datawords connaisse la croissance depuis plus de 25 ans en est la meilleure preuve. C\u2019est pour cette raison que les valeurs qui guident nos prises de d\u00e9cision tiennent en deux mots :<\/p>\t\t\t\t<\/div>\n\t\t\t\t<\/div>\n\t\t\t\t<div class=\"elementor-element elementor-element-92a605e elementor-widget__width-initial elementor-widget elementor-widget-heading\" data-id=\"92a605e\" data-element_type=\"widget\" data-widget_type=\"heading.default\">\n\t\t\t\t<div class=\"elementor-widget-container\">\n\t\t\t\t\t<h4 class=\"elementor-heading-title elementor-size-default\">EVERYONE MATTERS<\/h4>\t\t\t\t<\/div>\n\t\t\t\t<\/div>\n\t\t\t\t<div class=\"elementor-element elementor-element-26cd02a elementor-widget elementor-widget-heading\" data-id=\"26cd02a\" data-element_type=\"widget\" data-widget_type=\"heading.default\">\n\t\t\t\t<div class=\"elementor-widget-container\">\n\t\t\t\t\t<p class=\"elementor-heading-title elementor-size-default\">Cette croyance nous met au d\u00e9fi de placer en premier lieu les besoins et le bien-\u00eatre de toutes nos parties prenantes.<\/p>\t\t\t\t<\/div>\n\t\t\t\t<\/div>\n\t\t\t\t<\/div>\n\t\t\t\t<\/div>\n\t\t\t\t\t<\/div>\n\t\t\t\t<\/div>\n\t\t<div class=\"elementor-element elementor-element-c594252 notre-kredos e-flex e-con-boxed e-con e-parent\" data-id=\"c594252\" data-element_type=\"container\" data-settings=\"{&quot;background_background&quot;:&quot;classic&quot;}\">\n\t\t\t\t\t<div class=\"e-con-inner\">\n\t\t<div class=\"elementor-element elementor-element-7ef7859 e-flex e-con-boxed e-con e-child\" data-id=\"7ef7859\" data-element_type=\"container\">\n\t\t\t\t\t<div class=\"e-con-inner\">\n\t\t\t\t<div class=\"elementor-element elementor-element-f5057c9 elementor-widget elementor-widget-heading\" data-id=\"f5057c9\" data-element_type=\"widget\" data-widget_type=\"heading.default\">\n\t\t\t\t<div class=\"elementor-widget-container\">\n\t\t\t\t\t<h2 class=\"elementor-heading-title elementor-size-default\">NOTRE<\/h2>\t\t\t\t<\/div>\n\t\t\t\t<\/div>\n\t\t\t\t<div class=\"elementor-element elementor-element-c70c269 elementor-widget elementor-widget-heading\" data-id=\"c70c269\" data-element_type=\"widget\" data-widget_type=\"heading.default\">\n\t\t\t\t<div class=\"elementor-widget-container\">\n\t\t\t\t\t<h2 class=\"elementor-heading-title elementor-size-default\">Kredo*<\/h2>\t\t\t\t<\/div>\n\t\t\t\t<\/div>\n\t\t\t\t\t<\/div>\n\t\t\t\t<\/div>\n\t\t<div class=\"elementor-element elementor-element-215fd02 notre-kredo e-flex e-con-boxed e-con e-child\" data-id=\"215fd02\" data-element_type=\"container\">\n\t\t\t\t\t<div class=\"e-con-inner\">\n\t\t<div class=\"elementor-element elementor-element-907cb09 e-con-full shape-content-right e-flex e-con e-child\" data-id=\"907cb09\" data-element_type=\"container\">\n\t\t\t\t<div class=\"elementor-element elementor-element-3d0bf39 employees-matter elementor-widget elementor-widget-image-box\" data-id=\"3d0bf39\" data-element_type=\"widget\" data-widget_type=\"image-box.default\">\n\t\t\t\t<div class=\"elementor-widget-container\">\n\t\t\t\t\t<div class=\"elementor-image-box-wrapper\"><div class=\"elementor-image-box-content\"><h3 class=\"elementor-image-box-title\">Employees matter<\/h3><p class=\"elementor-image-box-description\">Chaque collaborateur du monde entier compte pour nous. La diversit\u00e9* de chacun, que ce soit par son origine, son genre, sa religion ou son expertise, chacun porte en lui une histoire, une intelligence, un potentiel unique qui m\u00e9ritent d'\u00eatre reconnus, partag\u00e9s.&nbsp;Nous pr\u00f4nons la n\u00e9cessit\u00e9 d'un respect mutuel et d'une \u00e9coute attentive. Nous pensons que&nbsp;chaque collaborateur est une pi\u00e8ce d'un puzzle complexe&nbsp;; qu\u2019individuellement et\/ou collectivement, il a le pouvoir de changer les choses. Nous devons nous assurer que chaque collaborateur trouve sa place pour exprimer pleinement son potentiel.<br>\n<span>*Notre bureau fran\u00e7ais compte plus de 50 nationalit\u00e9s, 80 langues parl\u00e9es et affiche un&nbsp;<a href=\"https:\/\/datawords.com\/wp-content\/uploads\/2025\/02\/250228-Datawords_5POINTS-1-scaled.jpg\">index \u00e9galit\u00e9 professionnelle 2025 de 89\/100.<\/a><span style=\"font-size: 18px\"><\/span><\/span><\/p><\/div><\/div>\t\t\t\t<\/div>\n\t\t\t\t<\/div>\n\t\t\t\t<\/div>\n\t\t<div class=\"elementor-element elementor-element-9cc32a6 e-con-full shape-content-right e-flex e-con e-child\" data-id=\"9cc32a6\" data-element_type=\"container\">\n\t\t\t\t<div class=\"elementor-element elementor-element-e834a09 employees-matter elementor-widget elementor-widget-image-box\" data-id=\"e834a09\" data-element_type=\"widget\" data-widget_type=\"image-box.default\">\n\t\t\t\t<div class=\"elementor-widget-container\">\n\t\t\t\t\t<div class=\"elementor-image-box-wrapper\"><div class=\"elementor-image-box-content\"><h3 class=\"elementor-image-box-title\">Clients matter<\/h3><p class=\"elementor-image-box-description\">Chacun de nos clients est important. Leur satisfaction et leur r\u00e9ussite sont notre priorit\u00e9 absolue.\u00a0Nous nous engageons \u00e0 offrir des produits et des services d'une qualit\u00e9 exceptionnelle\u00a0afin de transmettre un message pertinent pour chacun de leur consommateur ATAWADAC**. Nous nous effor\u00e7ons de\u00a0construire une relation de confiance avec tous\u00a0en nous adaptant continuellement aux \u00e9volutions technologiques du march\u00e9 et en innovant. Cette approche nous permet de r\u00e9pondre aux mieux \u00e0 leurs attentes. Quelles que soient leurs origines, nos clients doivent obtenir de nous les conditions d'un juste profit.<\/p><\/div><\/div>\t\t\t\t<\/div>\n\t\t\t\t<\/div>\n\t\t\t\t<\/div>\n\t\t<div class=\"elementor-element elementor-element-35985e8 e-con-full shape-content-right e-flex e-con e-child\" data-id=\"35985e8\" data-element_type=\"container\">\n\t\t\t\t<div class=\"elementor-element elementor-element-dc4dee0 employees-matter elementor-widget elementor-widget-image-box\" data-id=\"dc4dee0\" data-element_type=\"widget\" data-widget_type=\"image-box.default\">\n\t\t\t\t<div class=\"elementor-widget-container\">\n\t\t\t\t\t<div class=\"elementor-image-box-wrapper\"><div class=\"elementor-image-box-content\"><h3 class=\"elementor-image-box-title\">Communities matter<\/h3><p class=\"elementor-image-box-description\">Les communaut\u00e9s dans lesquelles nous vivons comptent pour le bien-\u00eatre de tous.\u00a0Nous devons les respecter et contribuer le plus possible \u00e0 maintenir leur \u00e9quilibre\u00a0en \u00e9tant de bons citoyens, en nous acquittant de notre juste part d\u2019imp\u00f4t et en utilisant notre ing\u00e9niosit\u00e9 multiculturelle pour agir socialement, prot\u00e9ger notre environnement et nos ressources naturelles.<\/p><\/div><\/div>\t\t\t\t<\/div>\n\t\t\t\t<\/div>\n\t\t\t\t<\/div>\n\t\t<div class=\"elementor-element elementor-element-c739be5 e-con-full shape-content-right e-flex e-con e-child\" data-id=\"c739be5\" data-element_type=\"container\">\n\t\t\t\t<div class=\"elementor-element elementor-element-cf7adba employees-matter elementor-widget elementor-widget-image-box\" data-id=\"cf7adba\" data-element_type=\"widget\" data-widget_type=\"image-box.default\">\n\t\t\t\t<div class=\"elementor-widget-container\">\n\t\t\t\t\t<div class=\"elementor-image-box-wrapper\"><div class=\"elementor-image-box-content\"><h3 class=\"elementor-image-box-title\">Shareholders matter<\/h3><p class=\"elementor-image-box-description\">Enfin, nos actionnaires comptent aussi pour nous !\u00a0Notre entreprise doit \u00eatre tourn\u00e9e vers un r\u00e9sultat \u00e9quitable. Nous sommes passionn\u00e9ment engag\u00e9s pour saisir ce qui commence.\u00a0Nous cr\u00e9ons de la valeur en investissant continuellement dans la performance multiculturelle. En agissant selon ces principes, nous assurerons \u00e0 nos actionnaires un juste revenu sur leur investissement.<\/p><\/div><\/div>\t\t\t\t<\/div>\n\t\t\t\t<\/div>\n\t\t\t\t<\/div>\n\t\t\t\t\t<\/div>\n\t\t\t\t<\/div>\n\t\t<div class=\"elementor-element elementor-element-8a097f0 e-flex e-con-boxed e-con e-child\" data-id=\"8a097f0\" data-element_type=\"container\">\n\t\t\t\t\t<div class=\"e-con-inner\">\n\t\t\t\t<div class=\"elementor-element elementor-element-18bc7cb elementor-widget__width-initial elementor-widget elementor-widget-heading\" data-id=\"18bc7cb\" data-element_type=\"widget\" data-widget_type=\"heading.default\">\n\t\t\t\t<div class=\"elementor-widget-container\">\n\t\t\t\t\t<p class=\"elementor-heading-title elementor-size-default\">* Credo en Esperanto, une langue internationale utilis\u00e9e par des personnes provenant d'au moins 120 pays \u00e0 travers le monde.<br>\u2028** AnyTime, AnyWhere, Any Device, Any Culture.<\/p>\t\t\t\t<\/div>\n\t\t\t\t<\/div>\n\t\t\t\t\t<\/div>\n\t\t\t\t<\/div>\n\t\t\t\t\t<\/div>\n\t\t\t\t<\/div>\n\t\t<div class=\"elementor-element elementor-element-09b18cf multi-competence e-flex e-con-boxed e-con e-parent\" data-id=\"09b18cf\" data-element_type=\"container\" data-settings=\"{&quot;background_background&quot;:&quot;classic&quot;}\">\n\t\t\t\t\t<div class=\"e-con-inner\">\n\t\t<div class=\"elementor-element elementor-element-46a9c84 e-con-full e-flex e-con e-child\" data-id=\"46a9c84\" data-element_type=\"container\">\n\t\t<div class=\"elementor-element elementor-element-5fe36e2 e-con-full e-flex e-con e-child\" data-id=\"5fe36e2\" data-element_type=\"container\">\n\t\t\t\t<div class=\"elementor-element elementor-element-7152d0d elementor-widget elementor-widget-heading\" data-id=\"7152d0d\" data-element_type=\"widget\" data-widget_type=\"heading.default\">\n\t\t\t\t<div class=\"elementor-widget-container\">\n\t\t\t\t\t<h2 class=\"elementor-heading-title elementor-size-default\">lanceur<\/h2>\t\t\t\t<\/div>\n\t\t\t\t<\/div>\n\t\t\t\t<div class=\"elementor-element elementor-element-d003e9f elementor-widget elementor-widget-heading\" data-id=\"d003e9f\" data-element_type=\"widget\" data-widget_type=\"heading.default\">\n\t\t\t\t<div class=\"elementor-widget-container\">\n\t\t\t\t\t<h2 class=\"elementor-heading-title elementor-size-default\">d\u2019alerte<\/h2>\t\t\t\t<\/div>\n\t\t\t\t<\/div>\n\t\t<div class=\"elementor-element elementor-element-ff8d82b e-con-full e-flex e-con e-child\" data-id=\"ff8d82b\" data-element_type=\"container\">\n\t\t\t\t<div class=\"elementor-element elementor-element-fa6549a elementor-widget elementor-widget-heading\" data-id=\"fa6549a\" data-element_type=\"widget\" data-widget_type=\"heading.default\">\n\t\t\t\t<div class=\"elementor-widget-container\">\n\t\t\t\t\t<h2 class=\"elementor-heading-title elementor-size-default\">Chez Datawords, chaque voix compte. Le respect mutuel et l\u2019\u00e9coute attentive sont essentiels \u00e0 notre succ\u00e8s.<\/h2>\t\t\t\t<\/div>\n\t\t\t\t<\/div>\n\t\t\t\t<div class=\"elementor-element elementor-element-ec9b49d elementor-widget elementor-widget-text-editor\" data-id=\"ec9b49d\" data-element_type=\"widget\" data-widget_type=\"text-editor.default\">\n\t\t\t\t<div class=\"elementor-widget-container\">\n\t\t\t\t\t\t\t\t\t<p>Nous nous engageons \u00e0 d\u00e9fendre les valeurs d\u2019\u00e9quit\u00e9 et de loyaut\u00e9 dans toutes nos actions. Il est de la responsabilit\u00e9 de chacun de nos employ\u00e9s et partenaires commerciaux de signaler tout manquement \u00e0 ces principes.<\/p>\t\t\t\t\t\t\t\t<\/div>\n\t\t\t\t<\/div>\n\t\t\t\t<div class=\"elementor-element elementor-element-39cc185 elementor-widget elementor-widget-text-editor\" data-id=\"39cc185\" data-element_type=\"widget\" data-widget_type=\"text-editor.default\">\n\t\t\t\t<div class=\"elementor-widget-container\">\n\t\t\t\t\t\t\t\t\t<p>Si vous \u00eates t\u00e9moins d\u2019une situation contraire \u00e0 l\u2019\u00e9thique, m\u00eame potentielle, nous vous encourageons \u00e0 la signaler via notre canal confidentiel. Ce dispositif garantit une communication totalement anonyme et prot\u00e9g\u00e9e. Ensemble, assurons-nous que notre environnement de travail reste s\u00fbr, respectueux et \u00e9quitable pour tous.<\/p>\t\t\t\t\t\t\t\t<\/div>\n\t\t\t\t<\/div>\n\t\t\t\t<\/div>\n\t\t\t\t<div class=\"elementor-element elementor-element-5f30a11 elementor-align-left btnall elementor-widget elementor-widget-button\" data-id=\"5f30a11\" data-element_type=\"widget\" data-widget_type=\"button.default\">\n\t\t\t\t<div class=\"elementor-widget-container\">\n\t\t\t\t\t\t\t\t\t<div class=\"elementor-button-wrapper\">\n\t\t\t\t\t<a class=\"elementor-button elementor-button-link elementor-size-sm\" href=\"https:\/\/datawords.whistlelink.com\/\" target=\"_blank\" rel=\"noopener\">\n\t\t\t\t\t\t<span class=\"elementor-button-content-wrapper\">\n\t\t\t\t\t\t<span class=\"elementor-button-icon\">\n\t\t\t\t<i aria-hidden=\"true\" class=\"icon icon-arrow-right\"><\/i>\t\t\t<\/span>\n\t\t\t\t\t\t\t\t\t<span class=\"elementor-button-text\">Faire un signalement<\/span>\n\t\t\t\t\t<\/span>\n\t\t\t\t\t<\/a>\n\t\t\t\t<\/div>\n\t\t\t\t\t\t\t\t<\/div>\n\t\t\t\t<\/div>\n\t\t\t\t<\/div>\n\t\t\t\t<\/div>\n\t\t\t\t\t<\/div>\n\t\t\t\t<\/div>\n\t\t<div class=\"elementor-element elementor-element-e0e8637 multi-culter e-flex e-con-boxed e-con e-parent\" data-id=\"e0e8637\" data-element_type=\"container\" data-settings=\"{&quot;background_background&quot;:&quot;classic&quot;}\">\n\t\t\t\t\t<div class=\"e-con-inner\">\n\t\t<div class=\"elementor-element elementor-element-efaab7f e-con-full e-flex e-con e-child\" data-id=\"efaab7f\" data-element_type=\"container\">\n\t\t<div class=\"elementor-element elementor-element-480ecc8 e-con-full e-flex e-con e-child\" data-id=\"480ecc8\" data-element_type=\"container\">\n\t\t\t\t<div class=\"elementor-element elementor-element-9831f07 elementor-widget elementor-widget-image\" data-id=\"9831f07\" data-element_type=\"widget\" data-widget_type=\"image.default\">\n\t\t\t\t<div class=\"elementor-widget-container\">\n\t\t\t\t\t\t\t\t\t\t\t\t\t\t\t<img fetchpriority=\"high\" decoding=\"async\" width=\"577\" height=\"577\" src=\"https:\/\/datawords.com\/wp-content\/uploads\/2026\/02\/team_datawords.avif\" class=\"attachment-full size-full wp-image-307322\" alt=\"\" srcset=\"https:\/\/datawords.com\/wp-content\/uploads\/2026\/02\/team_datawords.avif 577w, https:\/\/datawords.com\/wp-content\/uploads\/2026\/02\/team_datawords-300x300.avif 300w, https:\/\/datawords.com\/wp-content\/uploads\/2026\/02\/team_datawords-150x150.avif 150w\" sizes=\"(max-width: 577px) 100vw, 577px\" \/>\t\t\t\t\t\t\t\t\t\t\t\t\t\t\t<\/div>\n\t\t\t\t<\/div>\n\t\t\t\t<\/div>\n\t\t<div class=\"elementor-element elementor-element-1f711f9 e-con-full e-flex e-con e-child\" data-id=\"1f711f9\" data-element_type=\"container\">\n\t\t\t\t<div class=\"elementor-element elementor-element-57f68da elementor-widget elementor-widget-heading\" data-id=\"57f68da\" data-element_type=\"widget\" data-widget_type=\"heading.default\">\n\t\t\t\t<div class=\"elementor-widget-container\">\n\t\t\t\t\t<p class=\"elementor-heading-title elementor-size-default\">Rejoignez<\/p>\t\t\t\t<\/div>\n\t\t\t\t<\/div>\n\t\t\t\t<div class=\"elementor-element elementor-element-c45e171 elementor-widget elementor-widget-heading\" data-id=\"c45e171\" data-element_type=\"widget\" data-widget_type=\"heading.default\">\n\t\t\t\t<div class=\"elementor-widget-container\">\n\t\t\t\t\t<h2 class=\"elementor-heading-title elementor-size-default\">notre \u00e9quipe<\/h2>\t\t\t\t<\/div>\n\t\t\t\t<\/div>\n\t\t\t\t<div class=\"elementor-element elementor-element-b35c064 elementor-widget elementor-widget-heading\" data-id=\"b35c064\" data-element_type=\"widget\" data-widget_type=\"heading.default\">\n\t\t\t\t<div class=\"elementor-widget-container\">\n\t\t\t\t\t<h5 class=\"elementor-heading-title elementor-size-default\">Nous sommes une communaut\u00e9 de connecteurs !<\/h5>\t\t\t\t<\/div>\n\t\t\t\t<\/div>\n\t\t\t\t<div class=\"elementor-element elementor-element-ecd4633 elementor-widget__width-initial elementor-widget elementor-widget-heading\" data-id=\"ecd4633\" data-element_type=\"widget\" data-widget_type=\"heading.default\">\n\t\t\t\t<div class=\"elementor-widget-container\">\n\t\t\t\t\t<p class=\"elementor-heading-title elementor-size-default\">Nous connectons toutes les nouvelles technologies, nous connectons l'intelligence humaine et technologique, et nous cr\u00e9ons un environnement o\u00f9 la diff\u00e9rence est possible et cr\u00e9e de la valeur !<\/p>\t\t\t\t<\/div>\n\t\t\t\t<\/div>\n\t\t\t\t<\/div>\n\t\t\t\t<\/div>\n\t\t\t\t\t<\/div>\n\t\t\t\t<\/div>\n\t\t\t\t<\/div>\n\t\t","protected":false},"excerpt":{"rendered":"<p>NosVALEURS Depuis la gen\u00e8se de Datawords, ses 6 fondateurs, avec leur diversit\u00e9 culturelle, ont la conviction que le multiculturalisme est cr\u00e9ateur de valeur. Nous pensons m\u00eame que c\u2019est la recette du succ\u00e8s d\u2019une entreprise d\u2019aujourd\u2019hui. Et le fait que Datawords connaisse la croissance depuis plus de 25 ans en est la meilleure preuve. C\u2019est pour [&hellip;]<\/p>\n","protected":false},"author":1,"featured_media":0,"parent":0,"menu_order":0,"comment_status":"closed","ping_status":"closed","template":"","meta":{"_acf_changed":false,"content-type":"","footnotes":""},"class_list":["post-82186","page","type-page","status-publish","hentry"],"acf":[],"_links":{"self":[{"href":"https:\/\/datawords.com\/fr-ca\/wp-json\/wp\/v2\/pages\/82186","targetHints":{"allow":["GET"]}}],"collection":[{"href":"https:\/\/datawords.com\/fr-ca\/wp-json\/wp\/v2\/pages"}],"about":[{"href":"https:\/\/datawords.com\/fr-ca\/wp-json\/wp\/v2\/types\/page"}],"author":[{"embeddable":true,"href":"https:\/\/datawords.com\/fr-ca\/wp-json\/wp\/v2\/users\/1"}],"replies":[{"embeddable":true,"href":"https:\/\/datawords.com\/fr-ca\/wp-json\/wp\/v2\/comments?post=82186"}],"version-history":[{"count":0,"href":"https:\/\/datawords.com\/fr-ca\/wp-json\/wp\/v2\/pages\/82186\/revisions"}],"wp:attachment":[{"href":"https:\/\/datawords.com\/fr-ca\/wp-json\/wp\/v2\/media?parent=82186"}],"curies":[{"name":"wp","href":"https:\/\/api.w.org\/{rel}","templated":true}]}}