{"id":288920,"date":"2025-06-11T12:19:03","date_gmt":"2025-06-11T10:19:03","guid":{"rendered":"https:\/\/datawords.com\/cookies-management\/"},"modified":"2026-02-04T14:18:46","modified_gmt":"2026-02-04T13:18:46","slug":"cookies-management","status":"publish","type":"page","link":"https:\/\/datawords.com\/fr-ca\/cookies-management\/","title":{"rendered":"Cookies management"},"content":{"rendered":"\t\t<div data-elementor-type=\"wp-page\" data-elementor-id=\"288920\" class=\"elementor elementor-288920 elementor-174309\" data-elementor-post-type=\"page\">\n\t\t\t\t<div class=\"elementor-element elementor-element-b85e366 e-flex e-con-boxed e-con e-parent\" data-id=\"b85e366\" data-element_type=\"container\" data-settings=\"{&quot;background_background&quot;:&quot;classic&quot;}\">\n\t\t\t\t\t<div class=\"e-con-inner\">\n\t\t<div class=\"elementor-element elementor-element-c658c1c e-con-full e-flex e-con e-child\" data-id=\"c658c1c\" data-element_type=\"container\">\n\t\t\t\t<div class=\"elementor-element elementor-element-4da5186 elementor-widget__width-inherit textchange elementor-widget elementor-widget-text-editor\" data-id=\"4da5186\" data-element_type=\"widget\" data-widget_type=\"text-editor.default\">\n\t\t\t\t<div class=\"elementor-widget-container\">\n\t\t\t\t\t\t\t\t\t<h1><strong>Gestion des <\/strong>cookies<\/h1>\t\t\t\t\t\t\t\t<\/div>\n\t\t\t\t<\/div>\n\t\t\t\t<\/div>\n\t\t<div class=\"elementor-element elementor-element-4552a39 e-con-full e-flex e-con e-child\" data-id=\"4552a39\" data-element_type=\"container\">\n\t\t\t\t<div class=\"elementor-element elementor-element-7ae5e0e elementor-widget__width-inherit textchange elementor-widget elementor-widget-text-editor\" data-id=\"7ae5e0e\" data-element_type=\"widget\" data-widget_type=\"text-editor.default\">\n\t\t\t\t<div class=\"elementor-widget-container\">\n\t\t\t\t\t\t\t\t\t<h2><strong>Qu&#8217;est-ce qu&#8217;<\/strong>un cookie ?<\/h2>\t\t\t\t\t\t\t\t<\/div>\n\t\t\t\t<\/div>\n\t\t\t\t<\/div>\n\t\t<div class=\"elementor-element elementor-element-b79eaf1 e-con-full e-flex e-con e-child\" data-id=\"b79eaf1\" data-element_type=\"container\">\n\t\t\t\t<div class=\"elementor-element elementor-element-62b0095 elementor-widget elementor-widget-heading\" data-id=\"62b0095\" data-element_type=\"widget\" data-widget_type=\"heading.default\">\n\t\t\t\t<div class=\"elementor-widget-container\">\n\t\t\t\t\t<p class=\"elementor-heading-title elementor-size-default\">Un cookie est un petit fichier informatique, ou \u00ab traceur \u00bb, qui est enregistr\u00e9 et lu, par exemple, lorsque vous visitez un site internet, lisez un courrier \u00e9lectronique, installez ou utilisez un logiciel ou une application mobile, quel que soit le type d'appareil utilis\u00e9 (ordinateur, smartphone, liseuse, console de jeux vid\u00e9o connect\u00e9e \u00e0 internet, etc.).\n<\/p>\t\t\t\t<\/div>\n\t\t\t\t<\/div>\n\t\t<div class=\"elementor-element elementor-element-eafeee7 e-con-full e-flex e-con e-child\" data-id=\"eafeee7\" data-element_type=\"container\">\n\t\t\t\t<div class=\"elementor-element elementor-element-0842730 elementor-widget__width-inherit textchange elementor-widget elementor-widget-text-editor\" data-id=\"0842730\" data-element_type=\"widget\" data-widget_type=\"text-editor.default\">\n\t\t\t\t<div class=\"elementor-widget-container\">\n\t\t\t\t\t\t\t\t\t<h2><strong>Qui d\u00e9finit<\/strong> ces cookies ?<\/h2>\t\t\t\t\t\t\t\t<\/div>\n\t\t\t\t<\/div>\n\t\t\t\t<\/div>\n\t\t\t\t<\/div>\n\t\t<div class=\"elementor-element elementor-element-f988d83 e-con-full e-flex e-con e-child\" data-id=\"f988d83\" data-element_type=\"container\">\n\t\t\t\t<div class=\"elementor-element elementor-element-3f6b179 elementor-widget elementor-widget-heading\" data-id=\"3f6b179\" data-element_type=\"widget\" data-widget_type=\"heading.default\">\n\t\t\t\t<div class=\"elementor-widget-container\">\n\t\t\t\t\t<p class=\"elementor-heading-title elementor-size-default\">Les cookies envoy\u00e9s sur votre appareil depuis notre site Web peuvent \u00eatre stock\u00e9s par Datawords ou par des tiers.\n<\/p>\t\t\t\t<\/div>\n\t\t\t\t<\/div>\n\t\t<div class=\"elementor-element elementor-element-438a8b0 e-con-full e-flex e-con e-child\" data-id=\"438a8b0\" data-element_type=\"container\">\n\t\t\t\t<div class=\"elementor-element elementor-element-94382dd elementor-widget__width-inherit textchange elementor-widget elementor-widget-text-editor\" data-id=\"94382dd\" data-element_type=\"widget\" data-widget_type=\"text-editor.default\">\n\t\t\t\t<div class=\"elementor-widget-container\">\n\t\t\t\t\t\t\t\t\t<h2><strong>Quels cookies<\/strong> utilisons-nous ?<\/h2>\t\t\t\t\t\t\t\t<\/div>\n\t\t\t\t<\/div>\n\t\t\t\t<\/div>\n\t\t\t\t<\/div>\n\t\t<div class=\"elementor-element elementor-element-04e629a e-con-full e-flex e-con e-child\" data-id=\"04e629a\" data-element_type=\"container\">\n\t\t\t\t<div class=\"elementor-element elementor-element-f544e4c elementor-widget elementor-widget-heading\" data-id=\"f544e4c\" data-element_type=\"widget\" data-widget_type=\"heading.default\">\n\t\t\t\t<div class=\"elementor-widget-container\">\n\t\t\t\t\t<p class=\"elementor-heading-title elementor-size-default\">Lorsque vous consultez l'une des pages de notre site web, nous pouvons, selon vos pr\u00e9f\u00e9rences, accepter d'enregistrer certains cookies sur votre appareil, nous permettant de le reconna\u00eetre pendant la dur\u00e9e de validit\u00e9 du cookie concern\u00e9. Le site web de Datawords utilise quatre types de cookies :\n<\/p>\t\t\t\t<\/div>\n\t\t\t\t<\/div>\n\t\t\t\t<\/div>\n\t\t<div class=\"elementor-element elementor-element-66fe452 e-con-full e-flex e-con e-child\" data-id=\"66fe452\" data-element_type=\"container\">\n\t\t\t\t<div class=\"elementor-element elementor-element-c79bb0a elementor-widget elementor-widget-image-box\" data-id=\"c79bb0a\" data-element_type=\"widget\" data-widget_type=\"image-box.default\">\n\t\t\t\t<div class=\"elementor-widget-container\">\n\t\t\t\t\t<div class=\"elementor-image-box-wrapper\"><div class=\"elementor-image-box-content\"><h3 class=\"elementor-image-box-title\">Cookies essentiels<\/h3><p class=\"elementor-image-box-description\">Ces cookies sont strictement n\u00e9cessaires au fonctionnement de notre site web. Notre site web ne peut pas fonctionner sans ces cookies.<\/p><\/div><\/div>\t\t\t\t<\/div>\n\t\t\t\t<\/div>\n\t\t\t\t<\/div>\n\t\t<div class=\"elementor-element elementor-element-83f47a4 e-con-full e-flex e-con e-child\" data-id=\"83f47a4\" data-element_type=\"container\">\n\t\t\t\t<div class=\"elementor-element elementor-element-7e93277 elementor-widget elementor-widget-image-box\" data-id=\"7e93277\" data-element_type=\"widget\" data-widget_type=\"image-box.default\">\n\t\t\t\t<div class=\"elementor-widget-container\">\n\t\t\t\t\t<div class=\"elementor-image-box-wrapper\"><div class=\"elementor-image-box-content\"><h3 class=\"elementor-image-box-title\">Cookies fonctionnels<\/h3><p class=\"elementor-image-box-description\">Ces cookies nous permettent de personnaliser et d'am\u00e9liorer votre exp\u00e9rience en facilitant et en acc\u00e9l\u00e9rant votre navigation sur notre site. Les cookies fonctionnels nous permettent de m\u00e9moriser vos pr\u00e9f\u00e9rences et de personnaliser vos visites.\n<\/p><\/div><\/div>\t\t\t\t<\/div>\n\t\t\t\t<\/div>\n\t\t\t\t<\/div>\n\t\t<div class=\"elementor-element elementor-element-05cebbc e-con-full e-flex e-con e-child\" data-id=\"05cebbc\" data-element_type=\"container\">\n\t\t\t\t<div class=\"elementor-element elementor-element-29c8a2a elementor-widget elementor-widget-image-box\" data-id=\"29c8a2a\" data-element_type=\"widget\" data-widget_type=\"image-box.default\">\n\t\t\t\t<div class=\"elementor-widget-container\">\n\t\t\t\t\t<div class=\"elementor-image-box-wrapper\"><div class=\"elementor-image-box-content\"><h3 class=\"elementor-image-box-title\">Cookies statistiques<\/h3><p class=\"elementor-image-box-description\">Les cookies statistiques nous aident \u00e0 comprendre comment les visiteurs acc\u00e8dent \u00e0 notre contenu, le lisent et interagissent avec celui-ci. Nous collectons des informations statistiques sur nos visiteurs, comme leur parcours avant d'acc\u00e9der \u00e0 nos diff\u00e9rentes pages. Nous utilisons ces cookies pour d\u00e9terminer le type de contenu le plus consult\u00e9 par nos visiteurs, ce qui nous permet d'am\u00e9liorer notre site web et son contenu.\n<\/p><\/div><\/div>\t\t\t\t<\/div>\n\t\t\t\t<\/div>\n\t\t\t\t<\/div>\n\t\t<div class=\"elementor-element elementor-element-44fe28d e-con-full e-flex e-con e-child\" data-id=\"44fe28d\" data-element_type=\"container\">\n\t\t\t\t<div class=\"elementor-element elementor-element-4b36224 elementor-widget elementor-widget-image-box\" data-id=\"4b36224\" data-element_type=\"widget\" data-widget_type=\"image-box.default\">\n\t\t\t\t<div class=\"elementor-widget-container\">\n\t\t\t\t\t<div class=\"elementor-image-box-wrapper\"><div class=\"elementor-image-box-content\"><h3 class=\"elementor-image-box-title\">Cookies marketing<\/h3><p class=\"elementor-image-box-description\">Des tiers utilisent des cookies propri\u00e9taires et tiers afin de :\n<\/p><\/div><\/div>\t\t\t\t<\/div>\n\t\t\t\t<\/div>\n\t\t\t\t<div class=\"elementor-element elementor-element-7e0e6ae elementor-icon-list--layout-traditional elementor-list-item-link-full_width elementor-widget elementor-widget-icon-list\" data-id=\"7e0e6ae\" data-element_type=\"widget\" data-widget_type=\"icon-list.default\">\n\t\t\t\t<div class=\"elementor-widget-container\">\n\t\t\t\t\t\t\t<ul class=\"elementor-icon-list-items\">\n\t\t\t\t\t\t\t<li class=\"elementor-icon-list-item\">\n\t\t\t\t\t\t\t\t\t\t\t<span class=\"elementor-icon-list-icon\">\n\t\t\t\t\t\t\t<i aria-hidden=\"true\" class=\"fas fa-circle\"><\/i>\t\t\t\t\t\t<\/span>\n\t\t\t\t\t\t\t\t\t\t<span class=\"elementor-icon-list-text\">affichez des publicit\u00e9s pertinentes en fonction de vos centres d'int\u00e9r\u00eat. C'est ce qu'on appelle la publicit\u00e9 comportementale en ligne (PCO).<\/span>\n\t\t\t\t\t\t\t\t\t<\/li>\n\t\t\t\t\t\t\t\t<li class=\"elementor-icon-list-item\">\n\t\t\t\t\t\t\t\t\t\t\t<span class=\"elementor-icon-list-icon\">\n\t\t\t\t\t\t\t<i aria-hidden=\"true\" class=\"fas fa-circle\"><\/i>\t\t\t\t\t\t<\/span>\n\t\t\t\t\t\t\t\t\t\t<span class=\"elementor-icon-list-text\">limitez le nombre de fois o\u00f9 vous voyez la m\u00eame publicit\u00e9 (limitation de fr\u00e9quence).<\/span>\n\t\t\t\t\t\t\t\t\t<\/li>\n\t\t\t\t\t\t\t\t<li class=\"elementor-icon-list-item\">\n\t\t\t\t\t\t\t\t\t\t\t<span class=\"elementor-icon-list-icon\">\n\t\t\t\t\t\t\t<i aria-hidden=\"true\" class=\"fas fa-circle\"><\/i>\t\t\t\t\t\t<\/span>\n\t\t\t\t\t\t\t\t\t\t<span class=\"elementor-icon-list-text\">mesurer l'efficacit\u00e9 de la publicit\u00e9 affich\u00e9e<\/span>\n\t\t\t\t\t\t\t\t\t<\/li>\n\t\t\t\t\t\t<\/ul>\n\t\t\t\t\t\t<\/div>\n\t\t\t\t<\/div>\n\t\t\t\t<div class=\"elementor-element elementor-element-94faed4 elementor-widget elementor-widget-heading\" data-id=\"94faed4\" data-element_type=\"widget\" data-widget_type=\"heading.default\">\n\t\t\t\t<div class=\"elementor-widget-container\">\n\t\t\t\t\t<p class=\"elementor-heading-title elementor-size-default\">Ces cookies sont li\u00e9s aux fonctionnalit\u00e9s de sites tiers. Veuillez noter que vous pouvez \u00e0 tout moment retirer votre consentement \u00e0 l'utilisation de cookies pour des contenus marketing personnalis\u00e9s.\n<\/p>\t\t\t\t<\/div>\n\t\t\t\t<\/div>\n\t\t\t\t<\/div>\n\t\t<div class=\"elementor-element elementor-element-db2f486 e-con-full e-flex e-con e-child\" data-id=\"db2f486\" data-element_type=\"container\">\n\t\t\t\t<div class=\"elementor-element elementor-element-c94bd10 elementor-widget__width-inherit textchange elementor-widget elementor-widget-text-editor\" data-id=\"c94bd10\" data-element_type=\"widget\" data-widget_type=\"text-editor.default\">\n\t\t\t\t<div class=\"elementor-widget-container\">\n\t\t\t\t\t\t\t\t\t<h2><strong>Comment choisir<\/strong> ces cookies ?<\/h2>\t\t\t\t\t\t\t\t<\/div>\n\t\t\t\t<\/div>\n\t\t\t\t<\/div>\n\t\t<div class=\"elementor-element elementor-element-5123588 e-con-full e-flex e-con e-child\" data-id=\"5123588\" data-element_type=\"container\">\n\t\t\t\t<div class=\"elementor-element elementor-element-3a675f4 elementor-widget elementor-widget-heading\" data-id=\"3a675f4\" data-element_type=\"widget\" data-widget_type=\"heading.default\">\n\t\t\t\t<div class=\"elementor-widget-container\">\n\t\t\t\t\t<p class=\"elementor-heading-title elementor-size-default\">Vous pouvez param\u00e9trer vos pr\u00e9f\u00e9rences concernant ces cookies dans le menu \u00ab Refuser \u00bb ou en configurant votre navigateur. Pour modifier vos pr\u00e9f\u00e9rences en mati\u00e8re de cookies sur ce site web, veuillez acc\u00e9der aux param\u00e8tres suivants en cliquant ici.\n<\/p>\t\t\t\t<\/div>\n\t\t\t\t<\/div>\n\t\t\t\t<div class=\"elementor-element elementor-element-69c9100 elementor-widget elementor-widget-heading\" data-id=\"69c9100\" data-element_type=\"widget\" data-widget_type=\"heading.default\">\n\t\t\t\t<div class=\"elementor-widget-container\">\n\t\t\t\t\t<p class=\"elementor-heading-title elementor-size-default\">Si vous d\u00e9cidez de configurer votre navigateur pour refuser le suivi par Google Analytics sur tous les sites web, veuillez consulter la page https:\/\/tools.google.com\/dlpage\/gaoptout. Vous y trouverez des informations sur un plug-in de navigateur pouvant \u00eatre install\u00e9 pour emp\u00eacher Google Analytics d'utiliser vos donn\u00e9es.\n<\/p>\t\t\t\t<\/div>\n\t\t\t\t<\/div>\n\t\t\t\t<\/div>\n\t\t\t\t\t<\/div>\n\t\t\t\t<\/div>\n\t\t\t\t<\/div>\n\t\t","protected":false},"excerpt":{"rendered":"<p>Gestion des cookies Qu&#8217;est-ce qu&#8217;un cookie ? Un cookie est un petit fichier informatique, ou \u00ab traceur \u00bb, qui est enregistr\u00e9 et lu, par exemple, lorsque vous visitez un site internet, lisez un courrier \u00e9lectronique, installez ou utilisez un logiciel ou une application mobile, quel que soit le type d&#8217;appareil utilis\u00e9 (ordinateur, smartphone, liseuse, console [&hellip;]<\/p>\n","protected":false},"author":2,"featured_media":0,"parent":0,"menu_order":0,"comment_status":"closed","ping_status":"closed","template":"","meta":{"_acf_changed":false,"content-type":"","footnotes":""},"class_list":["post-288920","page","type-page","status-publish","hentry"],"acf":[],"_links":{"self":[{"href":"https:\/\/datawords.com\/fr-ca\/wp-json\/wp\/v2\/pages\/288920","targetHints":{"allow":["GET"]}}],"collection":[{"href":"https:\/\/datawords.com\/fr-ca\/wp-json\/wp\/v2\/pages"}],"about":[{"href":"https:\/\/datawords.com\/fr-ca\/wp-json\/wp\/v2\/types\/page"}],"author":[{"embeddable":true,"href":"https:\/\/datawords.com\/fr-ca\/wp-json\/wp\/v2\/users\/2"}],"replies":[{"embeddable":true,"href":"https:\/\/datawords.com\/fr-ca\/wp-json\/wp\/v2\/comments?post=288920"}],"version-history":[{"count":0,"href":"https:\/\/datawords.com\/fr-ca\/wp-json\/wp\/v2\/pages\/288920\/revisions"}],"wp:attachment":[{"href":"https:\/\/datawords.com\/fr-ca\/wp-json\/wp\/v2\/media?parent=288920"}],"curies":[{"name":"wp","href":"https:\/\/api.w.org\/{rel}","templated":true}]}}