{"id":288885,"date":"2025-07-09T12:51:52","date_gmt":"2025-07-09T10:51:52","guid":{"rendered":"https:\/\/datawords.com\/creation-campagne\/"},"modified":"2026-03-03T14:51:19","modified_gmt":"2026-03-03T13:51:19","slug":"creation-campagne","status":"publish","type":"page","link":"https:\/\/datawords.com\/fr-ca\/creation-campagne\/","title":{"rendered":"Creation Campagne"},"content":{"rendered":"\t\t<div data-elementor-type=\"wp-page\" data-elementor-id=\"288885\" class=\"elementor elementor-288885 elementor-184884\" data-elementor-post-type=\"page\">\n\t\t\t\t<div class=\"elementor-element elementor-element-2b1b811 e-flex e-con-boxed e-con e-parent\" data-id=\"2b1b811\" data-element_type=\"container\" data-settings=\"{&quot;background_background&quot;:&quot;classic&quot;}\">\n\t\t\t\t\t<div class=\"e-con-inner\">\n\t\t<div class=\"elementor-element elementor-element-211a8b1 e-con-full e-flex e-con e-child\" data-id=\"211a8b1\" data-element_type=\"container\">\n\t\t\t\t<div class=\"elementor-element elementor-element-596868a textchange elementor-widget__width-initial elementor-widget-mobile__width-inherit elementor-widget elementor-widget-text-editor\" data-id=\"596868a\" data-element_type=\"widget\" data-widget_type=\"text-editor.default\">\n\t\t\t\t<div class=\"elementor-widget-container\">\n\t\t\t\t\t\t\t\t\t<h1><strong>Cr\u00e9ation de campagne<\/strong><br \/>Globale<\/h1>\t\t\t\t\t\t\t\t<\/div>\n\t\t\t\t<\/div>\n\t\t\t\t<\/div>\n\t\t\t\t\t<\/div>\n\t\t\t\t<\/div>\n\t\t<div class=\"elementor-element elementor-element-8ff7248 pourquoi-datawords e-flex e-con-boxed e-con e-parent\" data-id=\"8ff7248\" data-element_type=\"container\" data-settings=\"{&quot;background_background&quot;:&quot;classic&quot;}\">\n\t\t\t\t\t<div class=\"e-con-inner\">\n\t\t<div class=\"elementor-element elementor-element-ea60af2 e-con-full e-flex e-con e-child\" data-id=\"ea60af2\" data-element_type=\"container\">\n\t\t\t\t<div class=\"elementor-element elementor-element-7343839 elementor-widget-mobile__width-inherit elementor-widget elementor-widget-text-editor\" data-id=\"7343839\" data-element_type=\"widget\" data-widget_type=\"text-editor.default\">\n\t\t\t\t<div class=\"elementor-widget-container\">\n\t\t\t\t\t\t\t\t\t<p>Cr\u00e9er des campagnes de communication efficaces et pertinentes localement est un d\u00e9fi de taille, renforc\u00e9 par un monde globalis\u00e9 et marqu\u00e9 par l\u2019hyper-personnalisation et ses sp\u00e9cificit\u00e9s r\u00e9gionales.<\/p>\t\t\t\t\t\t\t\t<\/div>\n\t\t\t\t<\/div>\n\t\t\t\t<div class=\"elementor-element elementor-element-736dfe9 textchange elementor-widget-mobile__width-inherit elementor-hidden-mobile elementor-widget elementor-widget-text-editor\" data-id=\"736dfe9\" data-element_type=\"widget\" data-widget_type=\"text-editor.default\">\n\t\t\t\t<div class=\"elementor-widget-container\">\n\t\t\t\t\t\t\t\t\t<h2><strong>NOTRE<\/strong> EXPERTISE<\/h2>\t\t\t\t\t\t\t\t<\/div>\n\t\t\t\t<\/div>\n\t\t\t\t<div class=\"elementor-element elementor-element-09182ac textchange elementor-widget-mobile__width-inherit elementor-hidden-desktop elementor-hidden-tablet elementor-widget elementor-widget-text-editor\" data-id=\"09182ac\" data-element_type=\"widget\" data-widget_type=\"text-editor.default\">\n\t\t\t\t<div class=\"elementor-widget-container\">\n\t\t\t\t\t\t\t\t\t<h2><strong>NOTRE<\/strong> <br>EXPERTISE<\/h2>\t\t\t\t\t\t\t\t<\/div>\n\t\t\t\t<\/div>\n\t\t\t\t<div class=\"elementor-element elementor-element-d5bb76e elementor-widget-mobile__width-inherit elementor-widget elementor-widget-text-editor\" data-id=\"d5bb76e\" data-element_type=\"widget\" data-widget_type=\"text-editor.default\">\n\t\t\t\t<div class=\"elementor-widget-container\">\n\t\t\t\t\t\t\t\t\t<p>Nous \u00e9laborons des campagnes multiculturelles qui r\u00e9sonnent v\u00e9ritablement avec les publics locaux. Notre approche repose sur une compr\u00e9hension profonde des cultures et la cr\u00e9ation de contenus qui captivent et engagent chaque audience.<\/p>\t\t\t\t\t\t\t\t<\/div>\n\t\t\t\t<\/div>\n\t\t\t\t<\/div>\n\t\t<div class=\"elementor-element elementor-element-74e61a3 notre-expertise e-con-full e-flex e-con e-child\" data-id=\"74e61a3\" data-element_type=\"container\" data-settings=\"{&quot;background_background&quot;:&quot;classic&quot;}\">\n\t\t<div class=\"elementor-element elementor-element-2f1a5e5 e-con-full notre-kredo e-flex e-con e-child\" data-id=\"2f1a5e5\" data-element_type=\"container\" data-settings=\"{&quot;background_background&quot;:&quot;classic&quot;}\">\n\t\t<div class=\"elementor-element elementor-element-0b9a854 e-con-full shape-content-right e-flex e-con e-child\" data-id=\"0b9a854\" data-element_type=\"container\">\n\t\t\t\t<div class=\"elementor-element elementor-element-2a6ce01 elementor-widget elementor-widget-image-box\" data-id=\"2a6ce01\" data-element_type=\"widget\" data-widget_type=\"image-box.default\">\n\t\t\t\t<div class=\"elementor-widget-container\">\n\t\t\t\t\t<div class=\"elementor-image-box-wrapper\"><div class=\"elementor-image-box-content\"><h3 class=\"elementor-image-box-title\">Communication centr\u00e9e sur les cultures locales<\/h3><p class=\"elementor-image-box-description\">Nous analysons les donn\u00e9es locales pour cerner les attentes de chaque march\u00e9 et adapter l\u2019int\u00e9gralit\u00e9 de la campagne (strat\u00e9gie, cr\u00e9ation, contenus) aux particularit\u00e9s culturelles de vos publics cibles.<\/p><\/div><\/div>\t\t\t\t<\/div>\n\t\t\t\t<\/div>\n\t\t\t\t<\/div>\n\t\t<div class=\"elementor-element elementor-element-5440c8e e-con-full shape-content-right e-flex e-con e-child\" data-id=\"5440c8e\" data-element_type=\"container\" data-settings=\"{&quot;background_background&quot;:&quot;classic&quot;}\">\n\t\t\t\t<div class=\"elementor-element elementor-element-b88a678 elementor-widget elementor-widget-image-box\" data-id=\"b88a678\" data-element_type=\"widget\" data-widget_type=\"image-box.default\">\n\t\t\t\t<div class=\"elementor-widget-container\">\n\t\t\t\t\t<div class=\"elementor-image-box-wrapper\"><div class=\"elementor-image-box-content\"><h3 class=\"elementor-image-box-title\">Strat\u00e9gie cr\u00e9ative sur mesure<\/h3><p class=\"elementor-image-box-description\">Nous faisons bien plus que traduire des messages : nous cr\u00e9ons un concept global avec un impact \u00e9motionnel fort, modulable selon les sensibilit\u00e9s locales, et le d\u00e9ployons de mani\u00e8re coh\u00e9rente gr\u00e2ce \u00e0 notre r\u00e9seau international.<\/p><\/div><\/div>\t\t\t\t<\/div>\n\t\t\t\t<\/div>\n\t\t\t\t<\/div>\n\t\t<div class=\"elementor-element elementor-element-0be65e1 e-con-full shape-content-right e-flex e-con e-child\" data-id=\"0be65e1\" data-element_type=\"container\" data-settings=\"{&quot;background_background&quot;:&quot;classic&quot;}\">\n\t\t\t\t<div class=\"elementor-element elementor-element-e8ce321 elementor-widget elementor-widget-image-box\" data-id=\"e8ce321\" data-element_type=\"widget\" data-widget_type=\"image-box.default\">\n\t\t\t\t<div class=\"elementor-widget-container\">\n\t\t\t\t\t<div class=\"elementor-image-box-wrapper\"><div class=\"elementor-image-box-content\"><h3 class=\"elementor-image-box-title\">Cr\u00e9ation de contenu multicanal<\/h3><p class=\"elementor-image-box-description\">Nous cr\u00e9ons des campagnes multicanales (r\u00e9seaux sociaux, sites web, supports imprim\u00e9s, assets audiovisuels) en \u00e9troite collaboration avec les \u00e9quipes locales pour produire des visuels, vid\u00e9os et textes culturellement pertinents et engageants.<\/p><\/div><\/div>\t\t\t\t<\/div>\n\t\t\t\t<\/div>\n\t\t\t\t<\/div>\n\t\t<div class=\"elementor-element elementor-element-c3ef213 e-con-full shape-content-right e-flex e-con e-child\" data-id=\"c3ef213\" data-element_type=\"container\" data-settings=\"{&quot;background_background&quot;:&quot;classic&quot;}\">\n\t\t\t\t<div class=\"elementor-element elementor-element-e9facac elementor-widget elementor-widget-image-box\" data-id=\"e9facac\" data-element_type=\"widget\" data-widget_type=\"image-box.default\">\n\t\t\t\t<div class=\"elementor-widget-container\">\n\t\t\t\t\t<div class=\"elementor-image-box-wrapper\"><div class=\"elementor-image-box-content\"><h3 class=\"elementor-image-box-title\">Collaboration transversale avec les \u00e9quipes locales<\/h3><p class=\"elementor-image-box-description\">La r\u00e9ussite d\u2019une campagne de communication multiculturelle repose sur une collaboration \u00e9troite avec les \u00e9quipes locales (gestion des plannings, d\u00e9calage horaire). Nous ajustons contenus et messages pour concevoir des campagnes multiculturelles pertinentes qui c\u00e9l\u00e8brent la diversit\u00e9.<\/p><\/div><\/div>\t\t\t\t<\/div>\n\t\t\t\t<\/div>\n\t\t\t\t<\/div>\n\t\t<div class=\"elementor-element elementor-element-073d654 e-con-full shape-content-right e-flex e-con e-child\" data-id=\"073d654\" data-element_type=\"container\" data-settings=\"{&quot;background_background&quot;:&quot;classic&quot;}\">\n\t\t\t\t<div class=\"elementor-element elementor-element-568b044 elementor-widget elementor-widget-image-box\" data-id=\"568b044\" data-element_type=\"widget\" data-widget_type=\"image-box.default\">\n\t\t\t\t<div class=\"elementor-widget-container\">\n\t\t\t\t\t<div class=\"elementor-image-box-wrapper\"><div class=\"elementor-image-box-content\"><h3 class=\"elementor-image-box-title\">Innovation cr\u00e9ative et adaptation continue<\/h3><p class=\"elementor-image-box-description\">En veille permanente des tendances et innovations, nous adaptons nos strat\u00e9gies cr\u00e9atives en temps r\u00e9el, int\u00e9grons continuellement les retours et ajustons les contenus pour maximiser leur impact, r\u00e9pondant ainsi rapidement aux \u00e9volutions du march\u00e9 et aux attentes de nos partenaires.<\/p><\/div><\/div>\t\t\t\t<\/div>\n\t\t\t\t<\/div>\n\t\t\t\t<\/div>\n\t\t\t\t<\/div>\n\t\t\t\t<\/div>\n\t\t\t\t<div class=\"elementor-element elementor-element-e0dc999 elementor-widget-mobile__width-inherit elementor-hidden-desktop elementor-hidden-tablet elementor-hidden-mobile elementor-widget elementor-widget-text-editor\" data-id=\"e0dc999\" data-element_type=\"widget\" data-widget_type=\"text-editor.default\">\n\t\t\t\t<div class=\"elementor-widget-container\">\n\t\t\t\t\t\t\t\t\t<p>Cr\u00e9er des campagnes de communication efficaces et pertinentes localement est un d\u00e9fi de taille, renforc\u00e9 par un monde globalis\u00e9 et marqu\u00e9 par l\u2019hyper-personnalisation et ses sp\u00e9cificit\u00e9s r\u00e9gionales.<\/p>\t\t\t\t\t\t\t\t<\/div>\n\t\t\t\t<\/div>\n\t\t\t\t\t<\/div>\n\t\t\t\t<\/div>\n\t\t<div class=\"elementor-element elementor-element-749f5c5 elementor-hidden-desktop elementor-hidden-tablet elementor-hidden-mobile e-flex e-con-boxed e-con e-parent\" data-id=\"749f5c5\" data-element_type=\"container\" data-settings=\"{&quot;background_background&quot;:&quot;classic&quot;}\">\n\t\t\t\t\t<div class=\"e-con-inner\">\n\t\t<div class=\"elementor-element elementor-element-ef6588c e-con-full e-flex e-con e-child\" data-id=\"ef6588c\" data-element_type=\"container\">\n\t\t\t\t<div class=\"elementor-element elementor-element-58ccd04 textchange elementor-widget__width-initial elementor-widget-mobile__width-inherit elementor-widget elementor-widget-text-editor\" data-id=\"58ccd04\" data-element_type=\"widget\" data-widget_type=\"text-editor.default\">\n\t\t\t\t<div class=\"elementor-widget-container\">\n\t\t\t\t\t\t\t\t\t<h2><strong>campagne multiculturelle\n<br><\/strong>pour vichy<\/h2>\t\t\t\t\t\t\t\t<\/div>\n\t\t\t\t<\/div>\n\t\t\t\t<div class=\"elementor-element elementor-element-daa338d elementor-widget-mobile__width-inherit elementor-widget elementor-widget-text-editor\" data-id=\"daa338d\" data-element_type=\"widget\" data-widget_type=\"text-editor.default\">\n\t\t\t\t<div class=\"elementor-widget-container\">\n\t\t\t\t\t\t\t\t\t<p>Pour le lancement international de leur gamme de cr\u00e8me solaire, nous avons d\u00e9velopp\u00e9 une strat\u00e9gie cr\u00e9ative prenant en compte les sensibilit\u00e9s des diff\u00e9rents march\u00e9s. Nous avons cr\u00e9\u00e9 des contenus visuels et textuels qui ont \u00e9t\u00e9 soigneusement adapt\u00e9s pour r\u00e9sonner avec les publics locaux, tout en conservant une <a href=\"https:\/\/datawords.com\/vichy\/\"><span style=\"text-decoration: underline; color: white;\">coh\u00e9rence globale<\/span><\/a> de marque.<\/p>\t\t\t\t\t\t\t\t<\/div>\n\t\t\t\t<\/div>\n\t\t\t\t<\/div>\n\t\t<div class=\"elementor-element elementor-element-d14eaa0 e-con-full our_achievements_case e-flex e-con e-child\" data-id=\"d14eaa0\" data-element_type=\"container\" data-settings=\"{&quot;background_background&quot;:&quot;classic&quot;}\">\n\t\t<div class=\"elementor-element elementor-element-fe7009c e-con-full e-flex e-con e-child\" data-id=\"fe7009c\" data-element_type=\"container\">\n\t\t<div class=\"elementor-element elementor-element-bba844c e-con-full e-flex e-con e-child\" data-id=\"bba844c\" data-element_type=\"container\" data-settings=\"{&quot;background_background&quot;:&quot;video&quot;,&quot;background_play_on_mobile&quot;:&quot;yes&quot;}\">\n\t\t\t\t<div class=\"elementor-element elementor-element-c15dfd7 elementor-widget elementor-widget-image\" data-id=\"c15dfd7\" data-element_type=\"widget\" data-widget_type=\"image.default\">\n\t\t\t\t<div class=\"elementor-widget-container\">\n\t\t\t\t\t\t\t\t\t\t\t\t\t\t\t<img fetchpriority=\"high\" decoding=\"async\" width=\"591\" height=\"591\" src=\"https:\/\/datawords.com\/wp-content\/uploads\/2025\/07\/Frame-951-2.png\" class=\"attachment-full size-full wp-image-184925\" alt=\"\" srcset=\"https:\/\/datawords.com\/wp-content\/uploads\/2025\/07\/Frame-951-2.png 591w, https:\/\/datawords.com\/wp-content\/uploads\/2025\/07\/Frame-951-2-300x300.png 300w, https:\/\/datawords.com\/wp-content\/uploads\/2025\/07\/Frame-951-2-150x150.png 150w\" sizes=\"(max-width: 591px) 100vw, 591px\" \/>\t\t\t\t\t\t\t\t\t\t\t\t\t\t\t<\/div>\n\t\t\t\t<\/div>\n\t\t\t\t<\/div>\n\t\t\t\t<\/div>\n\t\t<div class=\"elementor-element elementor-element-a90947f cases-slider e-con-full e-flex e-con e-child\" data-id=\"a90947f\" data-element_type=\"container\">\n\t\t<div class=\"elementor-element elementor-element-2fc93c5 e-con-full e-flex e-con e-child\" data-id=\"2fc93c5\" data-element_type=\"container\">\n\t\t<div class=\"elementor-element elementor-element-26b0734 e-con-full e-flex e-con e-child\" data-id=\"26b0734\" data-element_type=\"container\" data-settings=\"{&quot;background_background&quot;:&quot;classic&quot;}\">\n\t\t\t\t<div class=\"elementor-element elementor-element-21bf425 elementor-widget elementor-widget-image\" data-id=\"21bf425\" data-element_type=\"widget\" data-widget_type=\"image.default\">\n\t\t\t\t<div class=\"elementor-widget-container\">\n\t\t\t\t\t\t\t\t\t\t\t\t\t\t\t<img decoding=\"async\" width=\"283\" height=\"284\" src=\"https:\/\/datawords.com\/wp-content\/uploads\/2024\/12\/Frame-936-3.png\" class=\"attachment-full size-full wp-image-180719\" alt=\"\" srcset=\"https:\/\/datawords.com\/wp-content\/uploads\/2024\/12\/Frame-936-3.png 283w, https:\/\/datawords.com\/wp-content\/uploads\/2024\/12\/Frame-936-3-150x150.png 150w\" sizes=\"(max-width: 283px) 100vw, 283px\" \/>\t\t\t\t\t\t\t\t\t\t\t\t\t\t\t<\/div>\n\t\t\t\t<\/div>\n\t\t\t\t<\/div>\n\t\t<div class=\"elementor-element elementor-element-80947f0 e-con-full elementor-hidden-mobile e-flex e-con e-child\" data-id=\"80947f0\" data-element_type=\"container\">\n\t\t\t\t<div class=\"elementor-element elementor-element-f3051ca elementor-widget elementor-widget-image\" data-id=\"f3051ca\" data-element_type=\"widget\" data-widget_type=\"image.default\">\n\t\t\t\t<div class=\"elementor-widget-container\">\n\t\t\t\t\t\t\t\t\t\t\t\t\t\t\t<img decoding=\"async\" width=\"282\" height=\"284\" src=\"https:\/\/datawords.com\/wp-content\/uploads\/2025\/07\/Rectangle-128-1.jpg\" class=\"attachment-full size-full wp-image-193683\" alt=\"\" srcset=\"https:\/\/datawords.com\/wp-content\/uploads\/2025\/07\/Rectangle-128-1.jpg 282w, https:\/\/datawords.com\/wp-content\/uploads\/2025\/07\/Rectangle-128-1-150x150.jpg 150w\" sizes=\"(max-width: 282px) 100vw, 282px\" \/>\t\t\t\t\t\t\t\t\t\t\t\t\t\t\t<\/div>\n\t\t\t\t<\/div>\n\t\t\t\t<\/div>\n\t\t\t\t<\/div>\n\t\t<div class=\"elementor-element elementor-element-19f912d e-con-full swiper-slider e-flex e-con e-child\" data-id=\"19f912d\" data-element_type=\"container\" data-settings=\"{&quot;background_background&quot;:&quot;classic&quot;}\">\n\t\t\t\t<div class=\"elementor-element elementor-element-c0278a8 elementor-vertical-align-top elementor-widget elementor-widget-image-box\" data-id=\"c0278a8\" data-element_type=\"widget\" data-widget_type=\"image-box.default\">\n\t\t\t\t<div class=\"elementor-widget-container\">\n\t\t\t\t\t<div class=\"elementor-image-box-wrapper\"><div class=\"elementor-image-box-content\"><h3 class=\"elementor-image-box-title\">Cas client<\/h3><p class=\"elementor-image-box-description\">D\u00e9velopper une strat\u00e9gie cr\u00e9ative prenant en compte les sensibilit\u00e9s des diff\u00e9rents march\u00e9s<\/p><\/div><\/div>\t\t\t\t<\/div>\n\t\t\t\t<\/div>\n\t\t\t\t<div class=\"elementor-element elementor-element-df80422 elementor-align-left elementor-widget__width-inherit elementor-widget elementor-widget-button\" data-id=\"df80422\" data-element_type=\"widget\" data-widget_type=\"button.default\">\n\t\t\t\t<div class=\"elementor-widget-container\">\n\t\t\t\t\t\t\t\t\t<div class=\"elementor-button-wrapper\">\n\t\t\t\t\t<a class=\"elementor-button elementor-button-link elementor-size-sm\" href=\"https:\/\/datawords.com\/fr-ca\/vichy\/\">\n\t\t\t\t\t\t<span class=\"elementor-button-content-wrapper\">\n\t\t\t\t\t\t<span class=\"elementor-button-icon\">\n\t\t\t\t<i aria-hidden=\"true\" class=\"icon icon-arrow-right\"><\/i>\t\t\t<\/span>\n\t\t\t\t\t\t\t\t\t<span class=\"elementor-button-text\">Lire la suite<\/span>\n\t\t\t\t\t<\/span>\n\t\t\t\t\t<\/a>\n\t\t\t\t<\/div>\n\t\t\t\t\t\t\t\t<\/div>\n\t\t\t\t<\/div>\n\t\t\t\t<\/div>\n\t\t\t\t<\/div>\n\t\t\t\t<\/div>\n\t\t\t\t<div class=\"elementor-element elementor-element-cf29302 elementor-align-right btnall elementor-mobile-align-center elementor-widget elementor-widget-button\" data-id=\"cf29302\" data-element_type=\"widget\" data-widget_type=\"button.default\">\n\t\t\t\t<div class=\"elementor-widget-container\">\n\t\t\t\t\t\t\t\t\t<div class=\"elementor-button-wrapper\">\n\t\t\t\t\t<a class=\"elementor-button elementor-button-link elementor-size-sm\" href=\"https:\/\/datawords.com\/fr-ca\/notre-actualite\/#cas\">\n\t\t\t\t\t\t<span class=\"elementor-button-content-wrapper\">\n\t\t\t\t\t\t<span class=\"elementor-button-icon\">\n\t\t\t\t<i aria-hidden=\"true\" class=\"icon icon-arrow-right\"><\/i>\t\t\t<\/span>\n\t\t\t\t\t\t\t\t\t<span class=\"elementor-button-text\">Voir tout<\/span>\n\t\t\t\t\t<\/span>\n\t\t\t\t\t<\/a>\n\t\t\t\t<\/div>\n\t\t\t\t\t\t\t\t<\/div>\n\t\t\t\t<\/div>\n\t\t\t\t\t<\/div>\n\t\t\t\t<\/div>\n\t\t<div class=\"elementor-element elementor-element-4af0788 e-flex e-con-boxed e-con e-parent\" data-id=\"4af0788\" data-element_type=\"container\" data-settings=\"{&quot;background_background&quot;:&quot;classic&quot;}\">\n\t\t\t\t\t<div class=\"e-con-inner\">\n\t\t<div class=\"elementor-element elementor-element-d331a55 e-con-full e-flex e-con e-child\" data-id=\"d331a55\" data-element_type=\"container\">\n\t\t\t\t<div class=\"elementor-element elementor-element-1e05d70 textchange elementor-widget__width-initial elementor-widget-mobile__width-inherit elementor-widget elementor-widget-text-editor\" data-id=\"1e05d70\" data-element_type=\"widget\" data-widget_type=\"text-editor.default\">\n\t\t\t\t<div class=\"elementor-widget-container\">\n\t\t\t\t\t\t\t\t\t<h2><strong>Passez \u00e0 la communication <\/strong><br>Globale<\/h2>\t\t\t\t\t\t\t\t<\/div>\n\t\t\t\t<\/div>\n\t\t\t\t<\/div>\n\t\t<div class=\"elementor-element elementor-element-91a0ebd e-con-full e-flex e-con e-child\" data-id=\"91a0ebd\" data-element_type=\"container\" data-settings=\"{&quot;background_background&quot;:&quot;video&quot;}\">\n\t\t\t\t<div class=\"elementor-element elementor-element-e30410a elementor-vertical-align-top elementor-widget elementor-widget-image-box\" data-id=\"e30410a\" data-element_type=\"widget\" data-widget_type=\"image-box.default\">\n\t\t\t\t<div class=\"elementor-widget-container\">\n\t\t\t\t\t<div class=\"elementor-image-box-wrapper\"><div class=\"elementor-image-box-content\"><h3 class=\"elementor-image-box-title\">Cr\u00e9ez des campagnes de communication multiculturelles efficaces.<\/h3><\/div><\/div>\t\t\t\t<\/div>\n\t\t\t\t<\/div>\n\t\t\t\t<div class=\"elementor-element elementor-element-098b592 elementor-align-left multiculturelle elementor-icon-list--layout-traditional elementor-list-item-link-full_width elementor-widget elementor-widget-icon-list\" data-id=\"098b592\" data-element_type=\"widget\" data-widget_type=\"icon-list.default\">\n\t\t\t\t<div class=\"elementor-widget-container\">\n\t\t\t\t\t\t\t<ul class=\"elementor-icon-list-items\">\n\t\t\t\t\t\t\t<li class=\"elementor-icon-list-item\">\n\t\t\t\t\t\t\t\t\t\t\t<span class=\"elementor-icon-list-icon\">\n\t\t\t\t\t\t\t<i aria-hidden=\"true\" class=\"fas fa-circle\"><\/i>\t\t\t\t\t\t<\/span>\n\t\t\t\t\t\t\t\t\t\t<span class=\"elementor-icon-list-text\">Compr\u00e9hension fine des sensibilit\u00e9s locales<\/span>\n\t\t\t\t\t\t\t\t\t<\/li>\n\t\t\t\t\t\t\t\t<li class=\"elementor-icon-list-item\">\n\t\t\t\t\t\t\t\t\t\t\t<span class=\"elementor-icon-list-icon\">\n\t\t\t\t\t\t\t<i aria-hidden=\"true\" class=\"fas fa-circle\"><\/i>\t\t\t\t\t\t<\/span>\n\t\t\t\t\t\t\t\t\t\t<span class=\"elementor-icon-list-text\">Strat\u00e9gie cr\u00e9ative robuste<\/span>\n\t\t\t\t\t\t\t\t\t<\/li>\n\t\t\t\t\t\t\t\t<li class=\"elementor-icon-list-item\">\n\t\t\t\t\t\t\t\t\t\t\t<span class=\"elementor-icon-list-icon\">\n\t\t\t\t\t\t\t<i aria-hidden=\"true\" class=\"fas fa-circle\"><\/i>\t\t\t\t\t\t<\/span>\n\t\t\t\t\t\t\t\t\t\t<span class=\"elementor-icon-list-text\">Collaboration \u00e9troite avec les \u00e9quipes locales<\/span>\n\t\t\t\t\t\t\t\t\t<\/li>\n\t\t\t\t\t\t<\/ul>\n\t\t\t\t\t\t<\/div>\n\t\t\t\t<\/div>\n\t\t\t\t<div class=\"elementor-element elementor-element-88b9c44 elementor-widget-mobile__width-inherit elementor-widget elementor-widget-text-editor\" data-id=\"88b9c44\" data-element_type=\"widget\" data-widget_type=\"text-editor.default\">\n\t\t\t\t<div class=\"elementor-widget-container\">\n\t\t\t\t\t\t\t\t\t<p>Chez Datawords, nous combinons ces \u00e9l\u00e9ments pour offrir \u00e0 nos clients des campagnes qui touchent v\u00e9ritablement chaque audience. En mettant la sp\u00e9cificit\u00e9 culturelle au c\u0153ur de notre processus cr\u00e9atif, nous aidons les marques \u00e0 se connecter profond\u00e9ment avec leurs publics, o\u00f9 qu\u2019ils se trouvent dans le monde.<\/p>\t\t\t\t\t\t\t\t<\/div>\n\t\t\t\t<\/div>\n\t\t\t\t<\/div>\n\t\t\t\t\t<\/div>\n\t\t\t\t<\/div>\n\t\t\t\t<\/div>\n\t\t","protected":false},"excerpt":{"rendered":"<p>Cr\u00e9ation de campagneGlobale Cr\u00e9er des campagnes de communication efficaces et pertinentes localement est un d\u00e9fi de taille, renforc\u00e9 par un monde globalis\u00e9 et marqu\u00e9 par l\u2019hyper-personnalisation et ses sp\u00e9cificit\u00e9s r\u00e9gionales. NOTRE EXPERTISE NOTRE EXPERTISE Nous \u00e9laborons des campagnes multiculturelles qui r\u00e9sonnent v\u00e9ritablement avec les publics locaux. Notre approche repose sur une compr\u00e9hension profonde des cultures [&hellip;]<\/p>\n","protected":false},"author":1,"featured_media":82185,"parent":0,"menu_order":0,"comment_status":"closed","ping_status":"closed","template":"","meta":{"_acf_changed":false,"content-type":"","footnotes":""},"class_list":["post-288885","page","type-page","status-publish","has-post-thumbnail","hentry"],"acf":[],"_links":{"self":[{"href":"https:\/\/datawords.com\/fr-ca\/wp-json\/wp\/v2\/pages\/288885","targetHints":{"allow":["GET"]}}],"collection":[{"href":"https:\/\/datawords.com\/fr-ca\/wp-json\/wp\/v2\/pages"}],"about":[{"href":"https:\/\/datawords.com\/fr-ca\/wp-json\/wp\/v2\/types\/page"}],"author":[{"embeddable":true,"href":"https:\/\/datawords.com\/fr-ca\/wp-json\/wp\/v2\/users\/1"}],"replies":[{"embeddable":true,"href":"https:\/\/datawords.com\/fr-ca\/wp-json\/wp\/v2\/comments?post=288885"}],"version-history":[{"count":6,"href":"https:\/\/datawords.com\/fr-ca\/wp-json\/wp\/v2\/pages\/288885\/revisions"}],"predecessor-version":[{"id":313582,"href":"https:\/\/datawords.com\/fr-ca\/wp-json\/wp\/v2\/pages\/288885\/revisions\/313582"}],"wp:featuredmedia":[{"embeddable":true,"href":"https:\/\/datawords.com\/fr-ca\/wp-json\/wp\/v2\/media\/82185"}],"wp:attachment":[{"href":"https:\/\/datawords.com\/fr-ca\/wp-json\/wp\/v2\/media?parent=288885"}],"curies":[{"name":"wp","href":"https:\/\/api.w.org\/{rel}","templated":true}]}}