{"id":30410,"date":"2023-06-30T10:50:36","date_gmt":"2023-06-30T08:50:36","guid":{"rendered":"https:\/\/datawords.com\/asesoramiento-en-transformacion-digital-y-multicultural\/"},"modified":"2025-09-10T19:36:56","modified_gmt":"2025-09-10T17:36:56","slug":"asesoramiento-en-transformacion-digital-y-multicultural","status":"publish","type":"page","link":"https:\/\/datawords.com\/es\/asesoramiento-en-transformacion-digital-y-multicultural\/","title":{"rendered":"Asesoramiento en transformaci\u00f3n digital y multicultural"},"content":{"rendered":"\t\t<div data-elementor-type=\"wp-page\" data-elementor-id=\"30410\" class=\"elementor elementor-30410 elementor-6527\" data-elementor-post-type=\"page\">\n\t\t\t\t<div class=\"elementor-element elementor-element-51a4af2 e-flex e-con-boxed e-con e-parent\" data-id=\"51a4af2\" data-element_type=\"container\" data-settings=\"{&quot;background_background&quot;:&quot;classic&quot;}\">\n\t\t\t\t\t<div class=\"e-con-inner\">\n\t\t<div class=\"elementor-element elementor-element-fe9d622 e-con-full e-flex e-con e-child\" data-id=\"fe9d622\" data-element_type=\"container\">\n\t\t\t\t<div class=\"elementor-element elementor-element-dd47dee textchange elementor-widget__width-initial elementor-hidden-desktop elementor-hidden-tablet elementor-widget elementor-widget-text-editor\" data-id=\"dd47dee\" data-element_type=\"widget\" data-widget_type=\"text-editor.default\">\n\t\t\t\t<div class=\"elementor-widget-container\">\n\t\t\t\t\t\t\t\t\t<h1><strong>\u00a1Aproveche el poder <\/strong><br>de la multiculturalidad!<\/h1>\t\t\t\t\t\t\t\t<\/div>\n\t\t\t\t<\/div>\n\t\t\t\t<div class=\"elementor-element elementor-element-718e6ea textchange elementor-widget__width-initial elementor-hidden-mobile elementor-widget elementor-widget-text-editor\" data-id=\"718e6ea\" data-element_type=\"widget\" data-widget_type=\"text-editor.default\">\n\t\t\t\t<div class=\"elementor-widget-container\">\n\t\t\t\t\t\t\t\t\t<h1><strong>\u00a1Aproveche el poder <\/strong>de la multiculturalidad!<\/h1>\t\t\t\t\t\t\t\t<\/div>\n\t\t\t\t<\/div>\n\t\t\t\t<\/div>\n\t\t\t\t\t<\/div>\n\t\t\t\t<\/div>\n\t\t<div class=\"elementor-element elementor-element-a31a12d nos-valeurs e-flex e-con-boxed e-con e-parent\" data-id=\"a31a12d\" data-element_type=\"container\" data-settings=\"{&quot;background_background&quot;:&quot;gradient&quot;}\">\n\t\t\t\t\t<div class=\"e-con-inner\">\n\t\t<div class=\"elementor-element elementor-element-debf878 e-con-full e-flex e-con e-child\" data-id=\"debf878\" data-element_type=\"container\">\n\t\t<div class=\"elementor-element elementor-element-88aef5e e-con-full e-flex e-con e-child\" data-id=\"88aef5e\" data-element_type=\"container\">\n\t\t\t\t<div class=\"elementor-element elementor-element-9794b18 elementor-widget elementor-widget-heading\" data-id=\"9794b18\" data-element_type=\"widget\" data-widget_type=\"heading.default\">\n\t\t\t\t<div class=\"elementor-widget-container\">\n\t\t\t\t\t<p class=\"elementor-heading-title elementor-size-default\">Producir continuamente contenidos a escala mundial y adaptarlos a cada cultura, encontrar una estructura organizativa eficaz para gestionar los contenidos y automatizar los ecosistemas digitales para lograr resultados m\u00e1s satisfactorios: estos son solo algunos de los retos que las marcas internacionales deben asumir si quieren seguir por la senda del crecimiento.\n\n<\/p>\t\t\t\t<\/div>\n\t\t\t\t<\/div>\n\t\t\t\t<div class=\"elementor-element elementor-element-9a3ddf0 elementor-widget elementor-widget-heading\" data-id=\"9a3ddf0\" data-element_type=\"widget\" data-widget_type=\"heading.default\">\n\t\t\t\t<div class=\"elementor-widget-container\">\n\t\t\t\t\t<p class=\"elementor-heading-title elementor-size-default\">En Datawords, nuestros consultores expertos en transformaci\u00f3n digital y multicultural trabajan en estrecha colaboraci\u00f3n con usted para definir soluciones personalizadas que respondan a sus retos digitales globales y locales. Le ayudamos a aprovechar el poder de la multiculturalidad, ya sea en t\u00e9rminos de organizaci\u00f3n, procesos, automatizaci\u00f3n o conectividad.\n\n<\/p>\t\t\t\t<\/div>\n\t\t\t\t<\/div>\n\t\t\t\t<\/div>\n\t\t\t\t<\/div>\n\t\t\t\t\t<\/div>\n\t\t\t\t<\/div>\n\t\t<div class=\"elementor-element elementor-element-de12e5d notre-kredos e-flex e-con-boxed e-con e-parent\" data-id=\"de12e5d\" data-element_type=\"container\" data-settings=\"{&quot;background_background&quot;:&quot;classic&quot;}\">\n\t\t\t\t\t<div class=\"e-con-inner\">\n\t\t<div class=\"elementor-element elementor-element-a87edfb e-flex e-con-boxed e-con e-child\" data-id=\"a87edfb\" data-element_type=\"container\">\n\t\t\t\t\t<div class=\"e-con-inner\">\n\t\t\t\t<div class=\"elementor-element elementor-element-aff143c elementor-widget elementor-widget-heading\" data-id=\"aff143c\" data-element_type=\"widget\" data-widget_type=\"heading.default\">\n\t\t\t\t<div class=\"elementor-widget-container\">\n\t\t\t\t\t<h2 class=\"elementor-heading-title elementor-size-default\">nuestra\n<\/h2>\t\t\t\t<\/div>\n\t\t\t\t<\/div>\n\t\t\t\t<div class=\"elementor-element elementor-element-1178b9d elementor-widget elementor-widget-heading\" data-id=\"1178b9d\" data-element_type=\"widget\" data-widget_type=\"heading.default\">\n\t\t\t\t<div class=\"elementor-widget-container\">\n\t\t\t\t\t<h2 class=\"elementor-heading-title elementor-size-default\"> experiencia<\/h2>\t\t\t\t<\/div>\n\t\t\t\t<\/div>\n\t\t\t\t\t<\/div>\n\t\t\t\t<\/div>\n\t\t<div class=\"elementor-element elementor-element-535113d notre-kredo e-flex e-con-boxed e-con e-child\" data-id=\"535113d\" data-element_type=\"container\">\n\t\t\t\t\t<div class=\"e-con-inner\">\n\t\t<div class=\"elementor-element elementor-element-3a9f64f e-con-full shape-content-right e-flex e-con e-child\" data-id=\"3a9f64f\" data-element_type=\"container\">\n\t\t\t\t<div class=\"elementor-element elementor-element-1558c6f employees-matter elementor-widget elementor-widget-image-box\" data-id=\"1558c6f\" data-element_type=\"widget\" data-widget_type=\"image-box.default\">\n\t\t\t\t<div class=\"elementor-widget-container\">\n\t\t\t\t\t<div class=\"elementor-image-box-wrapper\"><div class=\"elementor-image-box-content\"><h3 class=\"elementor-image-box-title\">Organizaci\u00f3n y procesos empresariales<\/h3><p class=\"elementor-image-box-description\">Colaboraremos con usted para crear una organizaci\u00f3n a medida y ayudarle a gestionar todos los procesos empresariales asociados (indicadores de gesti\u00f3n, operativos, de asistencia y de rendimiento) para que pueda ofrecer contenidos relevantes en cualquier momento y lugar, a trav\u00e9s de cualquier canal, en cualquier contexto cultural y en un tiempo r\u00e9cord.\n\n<\/p><\/div><\/div>\t\t\t\t<\/div>\n\t\t\t\t<\/div>\n\t\t\t\t<\/div>\n\t\t<div class=\"elementor-element elementor-element-0e153c4 e-con-full shape-content-right e-flex e-con e-child\" data-id=\"0e153c4\" data-element_type=\"container\">\n\t\t\t\t<div class=\"elementor-element elementor-element-e5d89bf employees-matter elementor-widget elementor-widget-image-box\" data-id=\"e5d89bf\" data-element_type=\"widget\" data-widget_type=\"image-box.default\">\n\t\t\t\t<div class=\"elementor-widget-container\">\n\t\t\t\t\t<div class=\"elementor-image-box-wrapper\"><div class=\"elementor-image-box-content\"><h3 class=\"elementor-image-box-title\">Inteligencia sem\u00e1ntica de marca<\/h3><p class=\"elementor-image-box-description\">Ayudamos a las marcas a crear su propia inteligencia sem\u00e1ntica: una aut\u00e9ntica memoria de traducci\u00f3n que incluye el tono distintivo y los elementos de vocabulario de cada contenido. De este modo, podr\u00e1 acelerar la adaptaci\u00f3n de sus contenidos a las realidades culturales locales, preservando al mismo tiempo la identidad de su marca.\n\n<\/p><\/div><\/div>\t\t\t\t<\/div>\n\t\t\t\t<\/div>\n\t\t\t\t<\/div>\n\t\t<div class=\"elementor-element elementor-element-e1563c1 e-con-full shape-content-right e-flex e-con e-child\" data-id=\"e1563c1\" data-element_type=\"container\">\n\t\t\t\t<div class=\"elementor-element elementor-element-a665454 employees-matter elementor-widget elementor-widget-image-box\" data-id=\"a665454\" data-element_type=\"widget\" data-widget_type=\"image-box.default\">\n\t\t\t\t<div class=\"elementor-widget-container\">\n\t\t\t\t\t<div class=\"elementor-image-box-wrapper\"><div class=\"elementor-image-box-content\"><h3 class=\"elementor-image-box-title\">Conectividad<\/h3><p class=\"elementor-image-box-description\">Identificamos las tecnolog\u00edas que deben integrarse en su ecosistema para que su organizaci\u00f3n pueda gestionar eficazmente un gran volumen de informaci\u00f3n sobre productos y recursos sem\u00e1nticos y visuales, con el fin de acelerar la comercializaci\u00f3n de sus contenidos digitales.\n\n<\/p><\/div><\/div>\t\t\t\t<\/div>\n\t\t\t\t<\/div>\n\t\t\t\t<\/div>\n\t\t<div class=\"elementor-element elementor-element-2af6c4d e-con-full shape-content-right e-flex e-con e-child\" data-id=\"2af6c4d\" data-element_type=\"container\">\n\t\t\t\t<div class=\"elementor-element elementor-element-fb3716e employees-matter elementor-widget elementor-widget-image-box\" data-id=\"fb3716e\" data-element_type=\"widget\" data-widget_type=\"image-box.default\">\n\t\t\t\t<div class=\"elementor-widget-container\">\n\t\t\t\t\t<div class=\"elementor-image-box-wrapper\"><div class=\"elementor-image-box-content\"><h3 class=\"elementor-image-box-title\">Automatizaci\u00f3n<\/h3><p class=\"elementor-image-box-description\">Trabajamos con las principales marcas internacionales para automatizar sus procesos creativos y comerciales utilizando modernas herramientas tecnol\u00f3gicas basadas en la inteligencia artificial y humana. Este enfoque crea una mayor coherencia de marca y una velocidad de ejecuci\u00f3n \u00f3ptima sin afectar a la calidad.\n\n<\/p><\/div><\/div>\t\t\t\t<\/div>\n\t\t\t\t<\/div>\n\t\t\t\t<\/div>\n\t\t\t\t\t<\/div>\n\t\t\t\t<\/div>\n\t\t\t\t\t<\/div>\n\t\t\t\t<\/div>\n\t\t\t\t<\/div>\n\t\t","protected":false},"excerpt":{"rendered":"<p>\u00a1Aproveche el poder de la multiculturalidad! \u00a1Aproveche el poder de la multiculturalidad! Producir continuamente contenidos a escala mundial y adaptarlos a cada cultura, encontrar una estructura organizativa eficaz para gestionar los contenidos y automatizar los ecosistemas digitales para lograr resultados m\u00e1s satisfactorios: estos son solo algunos de los retos que las marcas internacionales deben asumir [&hellip;]<\/p>\n","protected":false},"author":1,"featured_media":26976,"parent":0,"menu_order":0,"comment_status":"closed","ping_status":"closed","template":"","meta":{"_acf_changed":false,"content-type":"","footnotes":""},"class_list":["post-30410","page","type-page","status-publish","has-post-thumbnail","hentry"],"acf":[],"_links":{"self":[{"href":"https:\/\/datawords.com\/es\/wp-json\/wp\/v2\/pages\/30410","targetHints":{"allow":["GET"]}}],"collection":[{"href":"https:\/\/datawords.com\/es\/wp-json\/wp\/v2\/pages"}],"about":[{"href":"https:\/\/datawords.com\/es\/wp-json\/wp\/v2\/types\/page"}],"author":[{"embeddable":true,"href":"https:\/\/datawords.com\/es\/wp-json\/wp\/v2\/users\/1"}],"replies":[{"embeddable":true,"href":"https:\/\/datawords.com\/es\/wp-json\/wp\/v2\/comments?post=30410"}],"version-history":[{"count":0,"href":"https:\/\/datawords.com\/es\/wp-json\/wp\/v2\/pages\/30410\/revisions"}],"wp:featuredmedia":[{"embeddable":true,"href":"https:\/\/datawords.com\/es\/wp-json\/wp\/v2\/media\/26976"}],"wp:attachment":[{"href":"https:\/\/datawords.com\/es\/wp-json\/wp\/v2\/media?parent=30410"}],"curies":[{"name":"wp","href":"https:\/\/api.w.org\/{rel}","templated":true}]}}