{"id":30405,"date":"2023-06-29T13:45:10","date_gmt":"2023-06-29T11:45:10","guid":{"rendered":"https:\/\/datawords.com\/crecimiento-omnicanal-por-cultura\/"},"modified":"2025-12-03T14:52:48","modified_gmt":"2025-12-03T13:52:48","slug":"crecimiento-omnicanal-por-cultura","status":"publish","type":"page","link":"https:\/\/datawords.com\/es\/crecimiento-omnicanal-por-cultura\/","title":{"rendered":"Crecimiento omnicanal por cultura"},"content":{"rendered":"\t\t<div data-elementor-type=\"wp-page\" data-elementor-id=\"30405\" class=\"elementor elementor-30405 elementor-6413\" data-elementor-post-type=\"page\">\n\t\t\t\t<div class=\"elementor-element elementor-element-598c698 e-flex e-con-boxed e-con e-parent\" data-id=\"598c698\" data-element_type=\"container\" data-settings=\"{&quot;background_background&quot;:&quot;classic&quot;}\">\n\t\t\t\t\t<div class=\"e-con-inner\">\n\t\t<div class=\"elementor-element elementor-element-bc84de4 e-con-full e-flex e-con e-child\" data-id=\"bc84de4\" data-element_type=\"container\">\n\t\t\t\t<div class=\"elementor-element elementor-element-e2e6c60 textchange elementor-widget__width-initial elementor-hidden-desktop elementor-hidden-tablet elementor-widget elementor-widget-text-editor\" data-id=\"e2e6c60\" data-element_type=\"widget\" data-widget_type=\"text-editor.default\">\n\t\t\t\t<div class=\"elementor-widget-container\">\n\t\t\t\t\t\t\t\t\t<h1><strong> Amplifique la visibilidad local <\/strong>\n<br>con coherencia global<\/h1>\t\t\t\t\t\t\t\t<\/div>\n\t\t\t\t<\/div>\n\t\t\t\t<div class=\"elementor-element elementor-element-a08731f textchange elementor-widget__width-initial elementor-hidden-mobile elementor-widget elementor-widget-text-editor\" data-id=\"a08731f\" data-element_type=\"widget\" data-widget_type=\"text-editor.default\">\n\t\t\t\t<div class=\"elementor-widget-container\">\n\t\t\t\t\t\t\t\t\t<h1><strong> Amplifique la visibilidad local <\/strong><br>con coherencia global<\/br><\/h1>\t\t\t\t\t\t\t\t<\/div>\n\t\t\t\t<\/div>\n\t\t\t\t<\/div>\n\t\t\t\t\t<\/div>\n\t\t\t\t<\/div>\n\t\t<div class=\"elementor-element elementor-element-581ab2c nos-valeurs e-flex e-con-boxed e-con e-parent\" data-id=\"581ab2c\" data-element_type=\"container\" data-settings=\"{&quot;background_background&quot;:&quot;gradient&quot;}\">\n\t\t\t\t\t<div class=\"e-con-inner\">\n\t\t<div class=\"elementor-element elementor-element-84b5f48 e-con-full e-flex e-con e-child\" data-id=\"84b5f48\" data-element_type=\"container\">\n\t\t<div class=\"elementor-element elementor-element-d28d201 e-con-full e-flex e-con e-child\" data-id=\"d28d201\" data-element_type=\"container\">\n\t\t\t\t<div class=\"elementor-element elementor-element-d36ed50 elementor-widget elementor-widget-heading\" data-id=\"d36ed50\" data-element_type=\"widget\" data-widget_type=\"heading.default\">\n\t\t\t\t<div class=\"elementor-widget-container\">\n\t\t\t\t\t<p class=\"elementor-heading-title elementor-size-default\">Para una estrategia de comunicaci\u00f3n eficaz, es crucial establecer una relaci\u00f3n con cada comunidad\/cliente. Ahora bien, para las marcas internacionales es igual de importante no dejar que las diferencias culturales se interpongan en el camino del \u00e9xito.\n\n<\/p>\t\t\t\t<\/div>\n\t\t\t\t<\/div>\n\t\t\t\t<div class=\"elementor-element elementor-element-8c1ab91 elementor-widget elementor-widget-heading\" data-id=\"8c1ab91\" data-element_type=\"widget\" data-widget_type=\"heading.default\">\n\t\t\t\t<div class=\"elementor-widget-container\">\n\t\t\t\t\t<p class=\"elementor-heading-title elementor-size-default\">En Datawords, ofrecemos un servicio omnicanal completo para ayudar a nuestros clientes a posicionarse en cada mercado objetivo, utilizando estrategias adaptadas a las especificidades culturales locales para cada canal de comunicaci\u00f3n.\n\n<\/p>\t\t\t\t<\/div>\n\t\t\t\t<\/div>\n\t\t\t\t<\/div>\n\t\t\t\t<\/div>\n\t\t\t\t\t<\/div>\n\t\t\t\t<\/div>\n\t\t<div class=\"elementor-element elementor-element-1df06b5 notre-kredos e-flex e-con-boxed e-con e-parent\" data-id=\"1df06b5\" data-element_type=\"container\" data-settings=\"{&quot;background_background&quot;:&quot;classic&quot;}\">\n\t\t\t\t\t<div class=\"e-con-inner\">\n\t\t<div class=\"elementor-element elementor-element-0188398 e-flex e-con-boxed e-con e-child\" data-id=\"0188398\" data-element_type=\"container\">\n\t\t\t\t\t<div class=\"e-con-inner\">\n\t\t\t\t<div class=\"elementor-element elementor-element-ca313f3 elementor-widget elementor-widget-heading\" data-id=\"ca313f3\" data-element_type=\"widget\" data-widget_type=\"heading.default\">\n\t\t\t\t<div class=\"elementor-widget-container\">\n\t\t\t\t\t<h2 class=\"elementor-heading-title elementor-size-default\">nuestra <\/h2>\t\t\t\t<\/div>\n\t\t\t\t<\/div>\n\t\t\t\t<div class=\"elementor-element elementor-element-7f378f6 elementor-widget elementor-widget-heading\" data-id=\"7f378f6\" data-element_type=\"widget\" data-widget_type=\"heading.default\">\n\t\t\t\t<div class=\"elementor-widget-container\">\n\t\t\t\t\t<h2 class=\"elementor-heading-title elementor-size-default\">experiencia<\/h2>\t\t\t\t<\/div>\n\t\t\t\t<\/div>\n\t\t\t\t\t<\/div>\n\t\t\t\t<\/div>\n\t\t<div class=\"elementor-element elementor-element-2f46353 notre-kredo e-flex e-con-boxed e-con e-child\" data-id=\"2f46353\" data-element_type=\"container\">\n\t\t\t\t\t<div class=\"e-con-inner\">\n\t\t<div class=\"elementor-element elementor-element-06f9fca e-con-full shape-content-right e-flex e-con e-child\" data-id=\"06f9fca\" data-element_type=\"container\">\n\t\t\t\t<div class=\"elementor-element elementor-element-220c421 employees-matter elementor-widget elementor-widget-image-box\" data-id=\"220c421\" data-element_type=\"widget\" data-widget_type=\"image-box.default\">\n\t\t\t\t<div class=\"elementor-widget-container\">\n\t\t\t\t\t<div class=\"elementor-image-box-wrapper\"><div class=\"elementor-image-box-content\"><h3 class=\"elementor-image-box-title\">SEO<\/h3><p class=\"elementor-image-box-description\">Tomamos en consideraci\u00f3n sus realidades culturales y el ADN de su marca para recomendar una estrategia sem\u00e1ntica adaptada a cada mercado. Elaboramos el modelo de texto principal y lo adaptamos a cada filial; tambi\u00e9n redactamos contenidos editoriales y realizamos una estrategia de enlazado externo en local (\u00faltima milla) para impulsar el rendimiento de la marca y optimizar su posicionamiento en los buscadores y comercios electr\u00f3nicos de cada pa\u00eds<\/p><\/div><\/div>\t\t\t\t<\/div>\n\t\t\t\t<\/div>\n\t\t\t\t<\/div>\n\t\t<div class=\"elementor-element elementor-element-ac59271 e-con-full shape-content-right e-flex e-con e-child\" data-id=\"ac59271\" data-element_type=\"container\">\n\t\t\t\t<div class=\"elementor-element elementor-element-4f5ed38 employees-matter elementor-widget elementor-widget-image-box\" data-id=\"4f5ed38\" data-element_type=\"widget\" data-widget_type=\"image-box.default\">\n\t\t\t\t<div class=\"elementor-widget-container\">\n\t\t\t\t\t<div class=\"elementor-image-box-wrapper\"><div class=\"elementor-image-box-content\"><h3 class=\"elementor-image-box-title\">Publicidad de pago<\/h3><p class=\"elementor-image-box-description\">Ponemos a su disposici\u00f3n especialistas en publicidad de pago en m\u00e1s de 25 pa\u00edses para crear campa\u00f1as eficaces y localmente relevantes. Nos comprometemos a maximizar la tasa de conversi\u00f3n y la rentabilidad de su empresa, garantizando el mantenimiento de su imagen de marca en cada uno de los pa\u00edses mediante una estrategia global de SEO y de pago por clic.\n<\/p><\/div><\/div>\t\t\t\t<\/div>\n\t\t\t\t<\/div>\n\t\t\t\t<\/div>\n\t\t<div class=\"elementor-element elementor-element-1f99a5f e-con-full shape-content-right e-flex e-con e-child\" data-id=\"1f99a5f\" data-element_type=\"container\">\n\t\t\t\t<div class=\"elementor-element elementor-element-5359fc0 employees-matter elementor-widget elementor-widget-image-box\" data-id=\"5359fc0\" data-element_type=\"widget\" data-widget_type=\"image-box.default\">\n\t\t\t\t<div class=\"elementor-widget-container\">\n\t\t\t\t\t<div class=\"elementor-image-box-wrapper\"><div class=\"elementor-image-box-content\"><h3 class=\"elementor-image-box-title\">Redes sociales<\/h3><p class=\"elementor-image-box-description\">Nuestro enfoque multicultural implica que podemos ayudarle a elegir los medios sociales m\u00e1s relevantes para cada regi\u00f3n y a comprender mejor los c\u00f3digos culturales. Creamos contenidos globales y los adaptamos a sus filiales, al tiempo que planificamos y gestionamos localmente la moderaci\u00f3n y la reputaci\u00f3n digital. El resultado: una presencia eficaz y coherente en las redes sociales de cada uno de sus pa\u00edses.\n\n<\/p><\/div><\/div>\t\t\t\t<\/div>\n\t\t\t\t<\/div>\n\t\t\t\t<\/div>\n\t\t<div class=\"elementor-element elementor-element-65cc205 e-con-full shape-content-right e-flex e-con e-child\" data-id=\"65cc205\" data-element_type=\"container\">\n\t\t\t\t<div class=\"elementor-element elementor-element-86173f6 employees-matter elementor-widget elementor-widget-image-box\" data-id=\"86173f6\" data-element_type=\"widget\" data-widget_type=\"image-box.default\">\n\t\t\t\t<div class=\"elementor-widget-container\">\n\t\t\t\t\t<div class=\"elementor-image-box-wrapper\"><div class=\"elementor-image-box-content\"><h3 class=\"elementor-image-box-title\">Multiplataforma en directo<\/h3><p class=\"elementor-image-box-description\">Las retransmisiones en directo forman parte de las conversaciones con los consumidores. A trav\u00e9s de plataformas de chatbot y streaming, permiten ofrecer experiencias personalizadas. Trabajamos con nuestros clientes para comprender a su p\u00fablico local, proponer contenidos relevantes y ofrecer soluciones multiling\u00fces a medida e interconectables para proporcionar un servicio adaptado y coherencia de marca.\n\n<\/p><\/div><\/div>\t\t\t\t<\/div>\n\t\t\t\t<\/div>\n\t\t\t\t<\/div>\n\t\t\t\t\t<\/div>\n\t\t\t\t<\/div>\n\t\t\t\t\t<\/div>\n\t\t\t\t<\/div>\n\t\t\t\t<\/div>\n\t\t","protected":false},"excerpt":{"rendered":"<p>Amplifique la visibilidad local con coherencia global Amplifique la visibilidad local con coherencia global Para una estrategia de comunicaci\u00f3n eficaz, es crucial establecer una relaci\u00f3n con cada comunidad\/cliente. Ahora bien, para las marcas internacionales es igual de importante no dejar que las diferencias culturales se interpongan en el camino del \u00e9xito. En Datawords, ofrecemos un [&hellip;]<\/p>\n","protected":false},"author":42,"featured_media":26966,"parent":0,"menu_order":0,"comment_status":"closed","ping_status":"closed","template":"","meta":{"_acf_changed":false,"content-type":"","footnotes":""},"class_list":["post-30405","page","type-page","status-publish","has-post-thumbnail","hentry"],"acf":[],"_links":{"self":[{"href":"https:\/\/datawords.com\/es\/wp-json\/wp\/v2\/pages\/30405","targetHints":{"allow":["GET"]}}],"collection":[{"href":"https:\/\/datawords.com\/es\/wp-json\/wp\/v2\/pages"}],"about":[{"href":"https:\/\/datawords.com\/es\/wp-json\/wp\/v2\/types\/page"}],"author":[{"embeddable":true,"href":"https:\/\/datawords.com\/es\/wp-json\/wp\/v2\/users\/42"}],"replies":[{"embeddable":true,"href":"https:\/\/datawords.com\/es\/wp-json\/wp\/v2\/comments?post=30405"}],"version-history":[{"count":0,"href":"https:\/\/datawords.com\/es\/wp-json\/wp\/v2\/pages\/30405\/revisions"}],"wp:featuredmedia":[{"embeddable":true,"href":"https:\/\/datawords.com\/es\/wp-json\/wp\/v2\/media\/26966"}],"wp:attachment":[{"href":"https:\/\/datawords.com\/es\/wp-json\/wp\/v2\/media?parent=30405"}],"curies":[{"name":"wp","href":"https:\/\/api.w.org\/{rel}","templated":true}]}}