{"id":30242,"date":"2023-07-25T12:33:30","date_gmt":"2023-07-25T10:33:30","guid":{"rendered":"https:\/\/datawords.com\/empleo-nuestros-valores\/"},"modified":"2026-02-06T10:55:35","modified_gmt":"2026-02-06T09:55:35","slug":"nuestros-valores","status":"publish","type":"page","link":"https:\/\/datawords.com\/es\/nuestros-valores\/","title":{"rendered":"Empleo\/Nuestros valores"},"content":{"rendered":"\t\t<div data-elementor-type=\"wp-page\" data-elementor-id=\"30242\" class=\"elementor elementor-30242 elementor-8463\" data-elementor-post-type=\"page\">\n\t\t\t\t<div class=\"elementor-element elementor-element-0f6db79 e-flex e-con-boxed e-con e-parent\" data-id=\"0f6db79\" data-element_type=\"container\" data-settings=\"{&quot;background_background&quot;:&quot;classic&quot;}\">\n\t\t\t\t\t<div class=\"e-con-inner\">\n\t\t<div class=\"elementor-element elementor-element-fb96c1d e-con-full e-flex e-con e-child\" data-id=\"fb96c1d\" data-element_type=\"container\">\n\t\t\t\t<div class=\"elementor-element elementor-element-5620907 textchange elementor-widget__width-initial elementor-widget elementor-widget-text-editor\" data-id=\"5620907\" data-element_type=\"widget\" data-widget_type=\"text-editor.default\">\n\t\t\t\t<div class=\"elementor-widget-container\">\n\t\t\t\t\t\t\t\t\t<h1><strong>Nuestros<\/strong><br>\nVALores<\/h1>\t\t\t\t\t\t\t\t<\/div>\n\t\t\t\t<\/div>\n\t\t\t\t<\/div>\n\t\t\t\t\t<\/div>\n\t\t\t\t<\/div>\n\t\t<div class=\"elementor-element elementor-element-7a60c05 nos-valeurs e-flex e-con-boxed e-con e-parent\" data-id=\"7a60c05\" data-element_type=\"container\" data-settings=\"{&quot;background_background&quot;:&quot;gradient&quot;}\">\n\t\t\t\t\t<div class=\"e-con-inner\">\n\t\t<div class=\"elementor-element elementor-element-e568c93 e-con-full e-flex e-con e-child\" data-id=\"e568c93\" data-element_type=\"container\">\n\t\t<div class=\"elementor-element elementor-element-a635267 e-con-full e-flex e-con e-child\" data-id=\"a635267\" data-element_type=\"container\">\n\t\t\t\t<div class=\"elementor-element elementor-element-96755fa elementor-widget elementor-widget-heading\" data-id=\"96755fa\" data-element_type=\"widget\" data-widget_type=\"heading.default\">\n\t\t\t\t<div class=\"elementor-widget-container\">\n\t\t\t\t\t<p class=\"elementor-heading-title elementor-size-default\">Desde sus comienzos, los 6 fundadores de Datawords con su diversidad cultural han estado convencidos de que el multiculturalismo crea grandes valores. De hecho, creemos que es la receta del \u00e9xito en el mundo empresarial actual. Y el hecho de que Datawords lleve m\u00e1s de 20 a\u00f1os creciendo es la mejor prueba de ello. Por eso, los valores que gu\u00edan nuestra toma de decisiones pueden resumirse en lo siguiente: TODO EL MUNDO IMPORTA. Esta creencia nos reta a anteponer las necesidades y el bienestar de todas nuestras partes interesadas.\n\n<\/p>\t\t\t\t<\/div>\n\t\t\t\t<\/div>\n\t\t\t\t<div class=\"elementor-element elementor-element-76324c8 elementor-widget__width-initial elementor-widget elementor-widget-heading\" data-id=\"76324c8\" data-element_type=\"widget\" data-widget_type=\"heading.default\">\n\t\t\t\t<div class=\"elementor-widget-container\">\n\t\t\t\t\t<h4 class=\"elementor-heading-title elementor-size-default\">EVERYONE MATTERS<\/h4>\t\t\t\t<\/div>\n\t\t\t\t<\/div>\n\t\t\t\t<div class=\"elementor-element elementor-element-ab66109 elementor-widget elementor-widget-heading\" data-id=\"ab66109\" data-element_type=\"widget\" data-widget_type=\"heading.default\">\n\t\t\t\t<div class=\"elementor-widget-container\">\n\t\t\t\t\t<p class=\"elementor-heading-title elementor-size-default\">Esta creencia nos desaf\u00eda a poner en primer lugar las necesidades y el bienestar de todas nuestras partes interesadas.<\/p>\t\t\t\t<\/div>\n\t\t\t\t<\/div>\n\t\t\t\t<\/div>\n\t\t\t\t<\/div>\n\t\t\t\t\t<\/div>\n\t\t\t\t<\/div>\n\t\t<div class=\"elementor-element elementor-element-22b6d26 notre-kredos e-flex e-con-boxed e-con e-parent\" data-id=\"22b6d26\" data-element_type=\"container\" data-settings=\"{&quot;background_background&quot;:&quot;classic&quot;}\">\n\t\t\t\t\t<div class=\"e-con-inner\">\n\t\t<div class=\"elementor-element elementor-element-795a49c e-flex e-con-boxed e-con e-child\" data-id=\"795a49c\" data-element_type=\"container\">\n\t\t\t\t\t<div class=\"e-con-inner\">\n\t\t\t\t<div class=\"elementor-element elementor-element-a2b931f elementor-widget elementor-widget-heading\" data-id=\"a2b931f\" data-element_type=\"widget\" data-widget_type=\"heading.default\">\n\t\t\t\t<div class=\"elementor-widget-container\">\n\t\t\t\t\t<h2 class=\"elementor-heading-title elementor-size-default\">nuestro<\/h2>\t\t\t\t<\/div>\n\t\t\t\t<\/div>\n\t\t\t\t<div class=\"elementor-element elementor-element-79d7914 elementor-widget elementor-widget-heading\" data-id=\"79d7914\" data-element_type=\"widget\" data-widget_type=\"heading.default\">\n\t\t\t\t<div class=\"elementor-widget-container\">\n\t\t\t\t\t<h2 class=\"elementor-heading-title elementor-size-default\">Kredo*<\/h2>\t\t\t\t<\/div>\n\t\t\t\t<\/div>\n\t\t\t\t\t<\/div>\n\t\t\t\t<\/div>\n\t\t<div class=\"elementor-element elementor-element-33847bd notre-kredo e-flex e-con-boxed e-con e-child\" data-id=\"33847bd\" data-element_type=\"container\">\n\t\t\t\t\t<div class=\"e-con-inner\">\n\t\t<div class=\"elementor-element elementor-element-0943de8 e-con-full shape-content-right e-flex e-con e-child\" data-id=\"0943de8\" data-element_type=\"container\">\n\t\t\t\t<div class=\"elementor-element elementor-element-fae2698 employees-matter elementor-widget elementor-widget-image-box\" data-id=\"fae2698\" data-element_type=\"widget\" data-widget_type=\"image-box.default\">\n\t\t\t\t<div class=\"elementor-widget-container\">\n\t\t\t\t\t<div class=\"elementor-image-box-wrapper\"><div class=\"elementor-image-box-content\"><h3 class=\"elementor-image-box-title\">Employees matter<\/h3><p class=\"elementor-image-box-description\">Todos los empleados del mundo son importantes para nosotros. Sea cual sea su origen, g\u00e9nero, religi\u00f3n o experiencia, todo el mundo tiene una historia, una inteligencia y un potencial \u00fanicos que merecen ser reconocidos y compartidos. Defendemos la necesidad del respeto mutuo y la atenci\u00f3n. Creemos que cada empleado es una pieza de un complejo rompecabezas; que individual o colectivamente, tienen el poder de marcar la diferencia. Tenemos que asegurarnos de que cada empleado encuentre su lugar para que pueda desarrollar todo su potencial.<\/p><\/div><\/div>\t\t\t\t<\/div>\n\t\t\t\t<\/div>\n\t\t\t\t<\/div>\n\t\t<div class=\"elementor-element elementor-element-5966f95 e-con-full shape-content-right e-flex e-con e-child\" data-id=\"5966f95\" data-element_type=\"container\">\n\t\t\t\t<div class=\"elementor-element elementor-element-8c78385 employees-matter elementor-widget elementor-widget-image-box\" data-id=\"8c78385\" data-element_type=\"widget\" data-widget_type=\"image-box.default\">\n\t\t\t\t<div class=\"elementor-widget-container\">\n\t\t\t\t\t<div class=\"elementor-image-box-wrapper\"><div class=\"elementor-image-box-content\"><h3 class=\"elementor-image-box-title\">Clients matter<\/h3><p class=\"elementor-image-box-description\">Cada uno de nuestros clientes es importante. Su satisfacci\u00f3n y su \u00e9xito son nuestra m\u00e1xima prioridad. Nos comprometemos a ofrecer productos y servicios de alta calidad para transmitir un mensaje importante a cada uno de sus consumidores ATAWADAC*. Nos esforzamos por construir una relaci\u00f3n de confianza con todos innovando y adapt\u00e1ndonos continuamente a los avances tecnol\u00f3gicos del mercado. Este enfoque nos permite responder a sus expectativas con la mayor eficacia posible. Nuestros clientes, sea cual sea su origen, deben poder obtener de nosotros una retribuci\u00f3n justa.<\/p><\/div><\/div>\t\t\t\t<\/div>\n\t\t\t\t<\/div>\n\t\t\t\t<\/div>\n\t\t<div class=\"elementor-element elementor-element-bcffd97 e-con-full shape-content-right e-flex e-con e-child\" data-id=\"bcffd97\" data-element_type=\"container\">\n\t\t\t\t<div class=\"elementor-element elementor-element-f17507f employees-matter elementor-widget elementor-widget-image-box\" data-id=\"f17507f\" data-element_type=\"widget\" data-widget_type=\"image-box.default\">\n\t\t\t\t<div class=\"elementor-widget-container\">\n\t\t\t\t\t<div class=\"elementor-image-box-wrapper\"><div class=\"elementor-image-box-content\"><h3 class=\"elementor-image-box-title\">Communities matter<\/h3><p class=\"elementor-image-box-description\">Las comunidades en las que vivimos son importantes para el bienestar de todos. Debemos respetarlas y contribuir en la medida de lo posible a mantener su equilibrio siendo buenos ciudadanos, pagando nuestra parte justa de impuestos y utilizando nuestro ingenio multicultural para actuar con conciencia social y proteger nuestro medio ambiente y nuestros recursos naturales.\n\n<\/p><\/div><\/div>\t\t\t\t<\/div>\n\t\t\t\t<\/div>\n\t\t\t\t<\/div>\n\t\t<div class=\"elementor-element elementor-element-c84a950 e-con-full shape-content-right e-flex e-con e-child\" data-id=\"c84a950\" data-element_type=\"container\">\n\t\t\t\t<div class=\"elementor-element elementor-element-131e605 employees-matter elementor-widget elementor-widget-image-box\" data-id=\"131e605\" data-element_type=\"widget\" data-widget_type=\"image-box.default\">\n\t\t\t\t<div class=\"elementor-widget-container\">\n\t\t\t\t\t<div class=\"elementor-image-box-wrapper\"><div class=\"elementor-image-box-content\"><h3 class=\"elementor-image-box-title\">Shareholders matter<\/h3><p class=\"elementor-image-box-description\">Por \u00faltimo, \u00a1nuestros accionistas tambi\u00e9n son importantes para nosotros! Nuestra actividad debe constituir un resultado justo. Nos comprometemos totalmente con lo que acaba de empezar. Creamos un gran valor invirtiendo continuamente en el rendimiento multicultural. Actuando de acuerdo con estos principios, nos aseguraremos de que nuestros accionistas reciban un rendimiento justo por su inversi\u00f3n.\n\n<\/p><\/div><\/div>\t\t\t\t<\/div>\n\t\t\t\t<\/div>\n\t\t\t\t<\/div>\n\t\t\t\t\t<\/div>\n\t\t\t\t<\/div>\n\t\t<div class=\"elementor-element elementor-element-34e86bd e-flex e-con-boxed e-con e-child\" data-id=\"34e86bd\" data-element_type=\"container\">\n\t\t\t\t\t<div class=\"e-con-inner\">\n\t\t\t\t<div class=\"elementor-element elementor-element-94c6d76 elementor-widget__width-initial elementor-widget elementor-widget-heading\" data-id=\"94c6d76\" data-element_type=\"widget\" data-widget_type=\"heading.default\">\n\t\t\t\t<div class=\"elementor-widget-container\">\n\t\t\t\t\t<p class=\"elementor-heading-title elementor-size-default\">* Credo en Esperanto, un idioma internacional utilizado por personas de al menos 120 pa\u00edses en todo el mundo.<br>\u2028** AnyTime, AnyWhere, Any Device, Any Culture.<\/p>\t\t\t\t<\/div>\n\t\t\t\t<\/div>\n\t\t\t\t\t<\/div>\n\t\t\t\t<\/div>\n\t\t\t\t\t<\/div>\n\t\t\t\t<\/div>\n\t\t<div class=\"elementor-element elementor-element-92ec7bc multi-competence e-flex e-con-boxed e-con e-parent\" data-id=\"92ec7bc\" data-element_type=\"container\" data-settings=\"{&quot;background_background&quot;:&quot;classic&quot;}\">\n\t\t\t\t\t<div class=\"e-con-inner\">\n\t\t<div class=\"elementor-element elementor-element-a8a78fb e-con-full e-flex e-con e-child\" data-id=\"a8a78fb\" data-element_type=\"container\">\n\t\t<div class=\"elementor-element elementor-element-76459e9 e-con-full e-flex e-con e-child\" data-id=\"76459e9\" data-element_type=\"container\">\n\t\t\t\t<div class=\"elementor-element elementor-element-9e0985b elementor-widget elementor-widget-heading\" data-id=\"9e0985b\" data-element_type=\"widget\" data-widget_type=\"heading.default\">\n\t\t\t\t<div class=\"elementor-widget-container\">\n\t\t\t\t\t<h2 class=\"elementor-heading-title elementor-size-default\">Denunciante<\/h2>\t\t\t\t<\/div>\n\t\t\t\t<\/div>\n\t\t<div class=\"elementor-element elementor-element-f59f92b e-con-full e-flex e-con e-child\" data-id=\"f59f92b\" data-element_type=\"container\">\n\t\t\t\t<div class=\"elementor-element elementor-element-105e94f elementor-widget elementor-widget-heading\" data-id=\"105e94f\" data-element_type=\"widget\" data-widget_type=\"heading.default\">\n\t\t\t\t<div class=\"elementor-widget-container\">\n\t\t\t\t\t<h2 class=\"elementor-heading-title elementor-size-default\">En Datawords, creemos firmemente que cada voz cuenta y que el respeto mutuo y la escucha activa son esenciales para nuestro \u00e9xito.<\/h2>\t\t\t\t<\/div>\n\t\t\t\t<\/div>\n\t\t\t\t<div class=\"elementor-element elementor-element-851736c elementor-widget elementor-widget-text-editor\" data-id=\"851736c\" data-element_type=\"widget\" data-widget_type=\"text-editor.default\">\n\t\t\t\t<div class=\"elementor-widget-container\">\n\t\t\t\t\t\t\t\t\tNos comprometemos a defender los valores de igualdad y honestidad en todo lo que hacemos. Es responsabilidad de todos y cada uno de nuestros empleados y socios comerciales denunciar cualquier incumplimiento de estos principios.\t\t\t\t\t\t\t\t<\/div>\n\t\t\t\t<\/div>\n\t\t\t\t<div class=\"elementor-element elementor-element-e1b956e elementor-widget elementor-widget-text-editor\" data-id=\"e1b956e\" data-element_type=\"widget\" data-widget_type=\"text-editor.default\">\n\t\t\t\t<div class=\"elementor-widget-container\">\n\t\t\t\t\t\t\t\t\tSi presencia una situaci\u00f3n poco \u00e9tica, aunque sea potencial, le animamos a que la denuncie a trav\u00e9s de nuestro canal confidencial. Esto garantiza una comunicaci\u00f3n totalmente an\u00f3nima y segura. Juntos, velaremos para que nuestro entorno de trabajo siga siendo seguro, respetuoso y justo para todos.\n\n\t\t\t\t\t\t\t\t<\/div>\n\t\t\t\t<\/div>\n\t\t\t\t<\/div>\n\t\t\t\t<div class=\"elementor-element elementor-element-d658156 elementor-align-left btnall elementor-widget elementor-widget-button\" data-id=\"d658156\" data-element_type=\"widget\" data-widget_type=\"button.default\">\n\t\t\t\t<div class=\"elementor-widget-container\">\n\t\t\t\t\t\t\t\t\t<div class=\"elementor-button-wrapper\">\n\t\t\t\t\t<a class=\"elementor-button elementor-button-link elementor-size-sm\" href=\"https:\/\/datawords.whistlelink.com\/\" target=\"_blank\" rel=\"noopener\">\n\t\t\t\t\t\t<span class=\"elementor-button-content-wrapper\">\n\t\t\t\t\t\t<span class=\"elementor-button-icon\">\n\t\t\t\t<i aria-hidden=\"true\" class=\"icon icon-arrow-right\"><\/i>\t\t\t<\/span>\n\t\t\t\t\t\t\t\t\t<span class=\"elementor-button-text\">Denunciar una irregularidad<\/span>\n\t\t\t\t\t<\/span>\n\t\t\t\t\t<\/a>\n\t\t\t\t<\/div>\n\t\t\t\t\t\t\t\t<\/div>\n\t\t\t\t<\/div>\n\t\t\t\t<\/div>\n\t\t\t\t<\/div>\n\t\t\t\t\t<\/div>\n\t\t\t\t<\/div>\n\t\t<div class=\"elementor-element elementor-element-98f316b multi-culter e-flex e-con-boxed e-con e-parent\" data-id=\"98f316b\" data-element_type=\"container\" data-settings=\"{&quot;background_background&quot;:&quot;classic&quot;}\">\n\t\t\t\t\t<div class=\"e-con-inner\">\n\t\t<div class=\"elementor-element elementor-element-230b674 e-con-full e-flex e-con e-child\" data-id=\"230b674\" data-element_type=\"container\">\n\t\t<div class=\"elementor-element elementor-element-f35fb69 e-con-full e-flex e-con e-child\" data-id=\"f35fb69\" data-element_type=\"container\">\n\t\t\t\t<div class=\"elementor-element elementor-element-d314340 elementor-widget elementor-widget-image\" data-id=\"d314340\" data-element_type=\"widget\" data-widget_type=\"image.default\">\n\t\t\t\t<div class=\"elementor-widget-container\">\n\t\t\t\t\t\t\t\t\t\t\t\t\t\t\t<img fetchpriority=\"high\" decoding=\"async\" width=\"577\" height=\"577\" src=\"https:\/\/datawords.com\/wp-content\/uploads\/2026\/02\/team_datawords.avif\" class=\"attachment-full size-full wp-image-307330\" alt=\"\" srcset=\"https:\/\/datawords.com\/wp-content\/uploads\/2026\/02\/team_datawords.avif 577w, https:\/\/datawords.com\/wp-content\/uploads\/2026\/02\/team_datawords-300x300.avif 300w, https:\/\/datawords.com\/wp-content\/uploads\/2026\/02\/team_datawords-150x150.avif 150w\" sizes=\"(max-width: 577px) 100vw, 577px\" \/>\t\t\t\t\t\t\t\t\t\t\t\t\t\t\t<\/div>\n\t\t\t\t<\/div>\n\t\t\t\t<\/div>\n\t\t<div class=\"elementor-element elementor-element-533022e e-con-full e-flex e-con e-child\" data-id=\"533022e\" data-element_type=\"container\">\n\t\t\t\t<div class=\"elementor-element elementor-element-d95a96b elementor-widget elementor-widget-heading\" data-id=\"d95a96b\" data-element_type=\"widget\" data-widget_type=\"heading.default\">\n\t\t\t\t<div class=\"elementor-widget-container\">\n\t\t\t\t\t<p class=\"elementor-heading-title elementor-size-default\">\u00daNASE\n<\/p>\t\t\t\t<\/div>\n\t\t\t\t<\/div>\n\t\t\t\t<div class=\"elementor-element elementor-element-b466467 elementor-widget elementor-widget-heading\" data-id=\"b466467\" data-element_type=\"widget\" data-widget_type=\"heading.default\">\n\t\t\t\t<div class=\"elementor-widget-container\">\n\t\t\t\t\t<h2 class=\"elementor-heading-title elementor-size-default\">nuestro equipo<\/h2>\t\t\t\t<\/div>\n\t\t\t\t<\/div>\n\t\t\t\t<div class=\"elementor-element elementor-element-3a5ac6a elementor-widget elementor-widget-heading\" data-id=\"3a5ac6a\" data-element_type=\"widget\" data-widget_type=\"heading.default\">\n\t\t\t\t<div class=\"elementor-widget-container\">\n\t\t\t\t\t<h5 class=\"elementor-heading-title elementor-size-default\">\u00a1Somos una comunidad de conectores!<\/h5>\t\t\t\t<\/div>\n\t\t\t\t<\/div>\n\t\t\t\t<div class=\"elementor-element elementor-element-bdf0386 elementor-widget__width-initial elementor-widget elementor-widget-heading\" data-id=\"bdf0386\" data-element_type=\"widget\" data-widget_type=\"heading.default\">\n\t\t\t\t<div class=\"elementor-widget-container\">\n\t\t\t\t\t<p class=\"elementor-heading-title elementor-size-default\">Conectamos todas las nuevas tecnolog\u00edas, conectamos la inteligencia humana y tecnol\u00f3gica, \u00a1y creamos un entorno donde la diferencia es posible y genera valor!<\/p>\t\t\t\t<\/div>\n\t\t\t\t<\/div>\n\t\t\t\t<\/div>\n\t\t\t\t<\/div>\n\t\t\t\t\t<\/div>\n\t\t\t\t<\/div>\n\t\t\t\t<\/div>\n\t\t","protected":false},"excerpt":{"rendered":"<p>Nuestros VALores Desde sus comienzos, los 6 fundadores de Datawords con su diversidad cultural han estado convencidos de que el multiculturalismo crea grandes valores. De hecho, creemos que es la receta del \u00e9xito en el mundo empresarial actual. Y el hecho de que Datawords lleve m\u00e1s de 20 a\u00f1os creciendo es la mejor prueba de [&hellip;]<\/p>\n","protected":false},"author":1,"featured_media":0,"parent":0,"menu_order":0,"comment_status":"closed","ping_status":"closed","template":"","meta":{"_acf_changed":false,"content-type":"","footnotes":""},"class_list":["post-30242","page","type-page","status-publish","hentry"],"acf":[],"_links":{"self":[{"href":"https:\/\/datawords.com\/es\/wp-json\/wp\/v2\/pages\/30242","targetHints":{"allow":["GET"]}}],"collection":[{"href":"https:\/\/datawords.com\/es\/wp-json\/wp\/v2\/pages"}],"about":[{"href":"https:\/\/datawords.com\/es\/wp-json\/wp\/v2\/types\/page"}],"author":[{"embeddable":true,"href":"https:\/\/datawords.com\/es\/wp-json\/wp\/v2\/users\/1"}],"replies":[{"embeddable":true,"href":"https:\/\/datawords.com\/es\/wp-json\/wp\/v2\/comments?post=30242"}],"version-history":[{"count":0,"href":"https:\/\/datawords.com\/es\/wp-json\/wp\/v2\/pages\/30242\/revisions"}],"wp:attachment":[{"href":"https:\/\/datawords.com\/es\/wp-json\/wp\/v2\/media?parent=30242"}],"curies":[{"name":"wp","href":"https:\/\/api.w.org\/{rel}","templated":true}]}}