{"id":30237,"date":"2023-07-25T08:42:54","date_gmt":"2023-07-25T06:42:54","guid":{"rendered":"https:\/\/datawords.com\/empleo-trabajar-en-datawords\/"},"modified":"2026-02-06T11:15:33","modified_gmt":"2026-02-06T10:15:33","slug":"trabajar-en-datawords","status":"publish","type":"page","link":"https:\/\/datawords.com\/es\/trabajar-en-datawords\/","title":{"rendered":"Empleo\/Trabajar en Datawords"},"content":{"rendered":"\t\t<div data-elementor-type=\"wp-page\" data-elementor-id=\"30237\" class=\"elementor elementor-30237 elementor-8154\" data-elementor-post-type=\"page\">\n\t\t\t\t<div class=\"elementor-element elementor-element-6b3ea4f e-flex e-con-boxed e-con e-parent\" data-id=\"6b3ea4f\" data-element_type=\"container\" data-settings=\"{&quot;background_background&quot;:&quot;classic&quot;}\">\n\t\t\t\t\t<div class=\"e-con-inner\">\n\t\t<div class=\"elementor-element elementor-element-d852472 e-con-full e-flex e-con e-child\" data-id=\"d852472\" data-element_type=\"container\">\n\t\t<div class=\"elementor-element elementor-element-925f8e4 e-con-full e-flex e-con e-child\" data-id=\"925f8e4\" data-element_type=\"container\">\n\t\t\t\t<div class=\"elementor-element elementor-element-c461f91 textchange elementor-widget__width-initial elementor-widget-mobile__width-inherit elementor-widget elementor-widget-text-editor\" data-id=\"c461f91\" data-element_type=\"widget\" data-widget_type=\"text-editor.default\">\n\t\t\t\t<div class=\"elementor-widget-container\">\n\t\t\t\t\t\t\t\t\t<h1><strong>Trabajar en <\/strong><br>\nDatawords<\/h1>\t\t\t\t\t\t\t\t<\/div>\n\t\t\t\t<\/div>\n\t\t\t\t<\/div>\n\t\t\t\t<\/div>\n\t\t\t\t\t<\/div>\n\t\t\t\t<\/div>\n\t\t<div class=\"elementor-element elementor-element-5a1747a nos-valeurs e-flex e-con-boxed e-con e-parent\" data-id=\"5a1747a\" data-element_type=\"container\" data-settings=\"{&quot;background_background&quot;:&quot;classic&quot;}\">\n\t\t\t\t\t<div class=\"e-con-inner\">\n\t\t<div class=\"elementor-element elementor-element-9cac251 e-con-full e-flex e-con e-child\" data-id=\"9cac251\" data-element_type=\"container\">\n\t\t<div class=\"elementor-element elementor-element-8b13e49 e-con-full e-flex e-con e-child\" data-id=\"8b13e49\" data-element_type=\"container\">\n\t\t\t\t<div class=\"elementor-element elementor-element-6300b8e elementor-widget elementor-widget-heading\" data-id=\"6300b8e\" data-element_type=\"widget\" data-widget_type=\"heading.default\">\n\t\t\t\t<div class=\"elementor-widget-container\">\n\t\t\t\t\t<p class=\"elementor-heading-title elementor-size-default\">Datawords es una empresa dirigida por personas cuya misi\u00f3n es proporcionar a las marcas internacionales contenidos locales relevantes en cualquier lugar, en cualquier momento, sea cual sea la plataforma digital utilizada y sea cual sea la cultura de destino.\n\n<br>\n<br>Para ofrecer grandes resultados a sus clientes, Datawords valora la diversidad de identidades, culturas, valores, formas de pensar, trayectorias profesionales y competencias. Esto es lo que llamamos multiculturalismo.\nPor eso, promover la diferencia es el principio de nuestra pol\u00edtica de Recursos Humanos. As\u00ed pues, tanto si es un profesional del marketing digital, una persona creativa, un desarrollador, un traductor, un gestor de proyectos o un experto social, en b\u00fasquedas, o en UX, sea cual sea su pa\u00eds de origen, le apasione el teatro o el f\u00fatbol, \u00a1le damos la bienvenida!<\/p>\t\t\t\t<\/div>\n\t\t\t\t<\/div>\n\t\t\t\t<\/div>\n\t\t\t\t<\/div>\n\t\t\t\t\t<\/div>\n\t\t\t\t<\/div>\n\t\t<div class=\"elementor-element elementor-element-c93a16e every-one-matter e-flex e-con-boxed e-con e-parent\" data-id=\"c93a16e\" data-element_type=\"container\" data-settings=\"{&quot;background_background&quot;:&quot;classic&quot;}\">\n\t\t\t\t\t<div class=\"e-con-inner\">\n\t\t<div class=\"elementor-element elementor-element-afbdcd7 e-con-full e-flex e-con e-child\" data-id=\"afbdcd7\" data-element_type=\"container\">\n\t\t<div class=\"elementor-element elementor-element-a2eb4d8 e-con-full travailler-chez-datawords e-flex e-con e-child\" data-id=\"a2eb4d8\" data-element_type=\"container\">\n\t\t\t\t<div class=\"elementor-element elementor-element-3cfef46 elementor-widget elementor-widget-image\" data-id=\"3cfef46\" data-element_type=\"widget\" data-widget_type=\"image.default\">\n\t\t\t\t<div class=\"elementor-widget-container\">\n\t\t\t\t\t\t\t\t\t\t\t\t\t\t\t<img fetchpriority=\"high\" decoding=\"async\" width=\"577\" height=\"650\" src=\"https:\/\/datawords.com\/wp-content\/uploads\/2026\/02\/matters.avif\" class=\"attachment-full size-full wp-image-307608\" alt=\"\" srcset=\"https:\/\/datawords.com\/wp-content\/uploads\/2026\/02\/matters.avif 577w, https:\/\/datawords.com\/wp-content\/uploads\/2026\/02\/matters-266x300.avif 266w\" sizes=\"(max-width: 577px) 100vw, 577px\" \/>\t\t\t\t\t\t\t\t\t\t\t\t\t\t\t<\/div>\n\t\t\t\t<\/div>\n\t\t\t\t<\/div>\n\t\t<div class=\"elementor-element elementor-element-d14d849 e-con-full e-flex e-con e-child\" data-id=\"d14d849\" data-element_type=\"container\">\n\t\t\t\t<div class=\"elementor-element elementor-element-9908b2e elementor-widget elementor-widget-heading\" data-id=\"9908b2e\" data-element_type=\"widget\" data-widget_type=\"heading.default\">\n\t\t\t\t<div class=\"elementor-widget-container\">\n\t\t\t\t\t<p class=\"elementor-heading-title elementor-size-default\">Everyone<\/p>\t\t\t\t<\/div>\n\t\t\t\t<\/div>\n\t\t\t\t<div class=\"elementor-element elementor-element-7a1a5e6 elementor-widget elementor-widget-heading\" data-id=\"7a1a5e6\" data-element_type=\"widget\" data-widget_type=\"heading.default\">\n\t\t\t\t<div class=\"elementor-widget-container\">\n\t\t\t\t\t<h2 class=\"elementor-heading-title elementor-size-default\">matters<\/h2>\t\t\t\t<\/div>\n\t\t\t\t<\/div>\n\t\t\t\t<div class=\"elementor-element elementor-element-bf1e68b elementor-widget__width-initial elementor-widget elementor-widget-heading\" data-id=\"bf1e68b\" data-element_type=\"widget\" data-widget_type=\"heading.default\">\n\t\t\t\t<div class=\"elementor-widget-container\">\n\t\t\t\t\t<p class=\"elementor-heading-title elementor-size-default\">Esta creencia nos reta a anteponer las necesidades y el bienestar de todas nuestras partes interesadas.<\/p>\t\t\t\t<\/div>\n\t\t\t\t<\/div>\n\t\t\t\t<div class=\"elementor-element elementor-element-85afbc8 elementor-widget__width-initial elementor-widget elementor-widget-heading\" data-id=\"85afbc8\" data-element_type=\"widget\" data-widget_type=\"heading.default\">\n\t\t\t\t<div class=\"elementor-widget-container\">\n\t\t\t\t\t<p class=\"elementor-heading-title elementor-size-default\">Desde sus comienzos, los 6 fundadores de Datawords con su diversidad cultural han estado convencidos de que el multiculturalismo crea grandes valores. De hecho, creemos que es la receta del \u00e9xito en el mundo empresarial actual. Y el hecho de que Datawords lleve m\u00e1s de 25 a\u00f1os creciendo es la mejor prueba de ello.<\/p>\t\t\t\t<\/div>\n\t\t\t\t<\/div>\n\t\t\t\t<div class=\"elementor-element elementor-element-e3e833b elementor-align-left btnall elementor-widget elementor-widget-button\" data-id=\"e3e833b\" data-element_type=\"widget\" data-widget_type=\"button.default\">\n\t\t\t\t<div class=\"elementor-widget-container\">\n\t\t\t\t\t\t\t\t\t<div class=\"elementor-button-wrapper\">\n\t\t\t\t\t<a class=\"elementor-button elementor-button-link elementor-size-sm\" href=\"https:\/\/datawords.com\/es\/carrieres\/carriere-nos-valeurs\/\">\n\t\t\t\t\t\t<span class=\"elementor-button-content-wrapper\">\n\t\t\t\t\t\t<span class=\"elementor-button-icon\">\n\t\t\t\t<i aria-hidden=\"true\" class=\"icon icon-arrow-right\"><\/i>\t\t\t<\/span>\n\t\t\t\t\t\t\t\t\t<span class=\"elementor-button-text\">Nuestro kredo<\/span>\n\t\t\t\t\t<\/span>\n\t\t\t\t\t<\/a>\n\t\t\t\t<\/div>\n\t\t\t\t\t\t\t\t<\/div>\n\t\t\t\t<\/div>\n\t\t\t\t<\/div>\n\t\t\t\t<\/div>\n\t\t\t\t\t<\/div>\n\t\t\t\t<\/div>\n\t\t<div class=\"elementor-element elementor-element-60eb95c multi-competence e-flex e-con-boxed e-con e-parent\" data-id=\"60eb95c\" data-element_type=\"container\" data-settings=\"{&quot;background_background&quot;:&quot;classic&quot;}\">\n\t\t\t\t\t<div class=\"e-con-inner\">\n\t\t<div class=\"elementor-element elementor-element-5137d1d e-con-full e-flex e-con e-child\" data-id=\"5137d1d\" data-element_type=\"container\">\n\t\t<div class=\"elementor-element elementor-element-3b811e1 e-con-full e-flex e-con e-child\" data-id=\"3b811e1\" data-element_type=\"container\">\n\t\t\t\t<div class=\"elementor-element elementor-element-2202e89 elementor-widget elementor-widget-heading\" data-id=\"2202e89\" data-element_type=\"widget\" data-widget_type=\"heading.default\">\n\t\t\t\t<div class=\"elementor-widget-container\">\n\t\t\t\t\t<h2 class=\"elementor-heading-title elementor-size-default\">M\u00faltiple<\/h2>\t\t\t\t<\/div>\n\t\t\t\t<\/div>\n\t\t\t\t<div class=\"elementor-element elementor-element-59d4648 elementor-widget elementor-widget-heading\" data-id=\"59d4648\" data-element_type=\"widget\" data-widget_type=\"heading.default\">\n\t\t\t\t<div class=\"elementor-widget-container\">\n\t\t\t\t\t<h2 class=\"elementor-heading-title elementor-size-default\">competencia<\/h2>\t\t\t\t<\/div>\n\t\t\t\t<\/div>\n\t\t\t\t<div class=\"elementor-element elementor-element-3c9b0a8 elementor-widget elementor-widget-text-editor\" data-id=\"3c9b0a8\" data-element_type=\"widget\" data-widget_type=\"text-editor.default\">\n\t\t\t\t<div class=\"elementor-widget-container\">\n\t\t\t\t\t\t\t\t\tY en un mundo cada vez m\u00e1s digitalizado, en el que las herramientas y las necesidades evolucionan constantemente, nuestros equipos deben contar con las mejores competencias para ofrecer a nuestros clientes soluciones tecnol\u00f3gicas avanzadas. Por ello, Datawords apoya el desarrollo de sus empleados ofreci\u00e9ndoles una amplia gama de proyectos, en m\u00faltiples plataformas, con una gran variedad de clientes. Estas experiencias de aprendizaje permiten a nuestros expertos dominar las tecnolog\u00edas m\u00e1s innovadoras del mercado y mantenerse a la vanguardia en su campo de especializaci\u00f3n.\t\t\t\t\t\t\t\t<\/div>\n\t\t\t\t<\/div>\n\t\t\t\t<\/div>\n\t\t\t\t<\/div>\n\t\t<div class=\"elementor-element elementor-element-9e5b31f e-con-full e-flex e-con e-child\" data-id=\"9e5b31f\" data-element_type=\"container\">\n\t\t<div class=\"elementor-element elementor-element-5957d5f e-con-full e-flex e-con e-child\" data-id=\"5957d5f\" data-element_type=\"container\">\n\t\t\t\t<div class=\"elementor-element elementor-element-3e900bf elementor-widget elementor-widget-image\" data-id=\"3e900bf\" data-element_type=\"widget\" data-widget_type=\"image.default\">\n\t\t\t\t<div class=\"elementor-widget-container\">\n\t\t\t\t\t\t\t\t\t\t\t\t\t\t\t<img decoding=\"async\" width=\"577\" height=\"650\" src=\"https:\/\/datawords.com\/wp-content\/uploads\/2026\/02\/competence.avif\" class=\"attachment-full size-full wp-image-307632\" alt=\"\" srcset=\"https:\/\/datawords.com\/wp-content\/uploads\/2026\/02\/competence.avif 577w, https:\/\/datawords.com\/wp-content\/uploads\/2026\/02\/competence-266x300.avif 266w\" sizes=\"(max-width: 577px) 100vw, 577px\" \/>\t\t\t\t\t\t\t\t\t\t\t\t\t\t\t<\/div>\n\t\t\t\t<\/div>\n\t\t\t\t<\/div>\n\t\t\t\t<\/div>\n\t\t\t\t\t<\/div>\n\t\t\t\t<\/div>\n\t\t<div class=\"elementor-element elementor-element-ffa1726 multi-culter e-flex e-con-boxed e-con e-parent\" data-id=\"ffa1726\" data-element_type=\"container\" data-settings=\"{&quot;background_background&quot;:&quot;classic&quot;}\">\n\t\t\t\t\t<div class=\"e-con-inner\">\n\t\t<div class=\"elementor-element elementor-element-57fb0cb e-con-full e-flex e-con e-child\" data-id=\"57fb0cb\" data-element_type=\"container\">\n\t\t<div class=\"elementor-element elementor-element-bcdb962 e-con-full e-flex e-con e-child\" data-id=\"bcdb962\" data-element_type=\"container\">\n\t\t\t\t<div class=\"elementor-element elementor-element-ac8ef48 elementor-widget elementor-widget-image\" data-id=\"ac8ef48\" data-element_type=\"widget\" data-widget_type=\"image.default\">\n\t\t\t\t<div class=\"elementor-widget-container\">\n\t\t\t\t\t\t\t\t\t\t\t\t\t\t\t<img decoding=\"async\" width=\"577\" height=\"650\" src=\"https:\/\/datawords.com\/wp-content\/uploads\/2026\/02\/culturelle.avif\" class=\"attachment-full size-full wp-image-307678\" alt=\"\" srcset=\"https:\/\/datawords.com\/wp-content\/uploads\/2026\/02\/culturelle.avif 577w, https:\/\/datawords.com\/wp-content\/uploads\/2026\/02\/culturelle-266x300.avif 266w\" sizes=\"(max-width: 577px) 100vw, 577px\" \/>\t\t\t\t\t\t\t\t\t\t\t\t\t\t\t<\/div>\n\t\t\t\t<\/div>\n\t\t\t\t<\/div>\n\t\t<div class=\"elementor-element elementor-element-4675faa e-con-full e-flex e-con e-child\" data-id=\"4675faa\" data-element_type=\"container\">\n\t\t\t\t<div class=\"elementor-element elementor-element-a46b746 elementor-widget elementor-widget-heading\" data-id=\"a46b746\" data-element_type=\"widget\" data-widget_type=\"heading.default\">\n\t\t\t\t<div class=\"elementor-widget-container\">\n\t\t\t\t\t<h2 class=\"elementor-heading-title elementor-size-default\">multicultural<\/h2>\t\t\t\t<\/div>\n\t\t\t\t<\/div>\n\t\t\t\t<div class=\"elementor-element elementor-element-b749c98 elementor-widget elementor-widget-text-editor\" data-id=\"b749c98\" data-element_type=\"widget\" data-widget_type=\"text-editor.default\">\n\t\t\t\t<div class=\"elementor-widget-container\">\n\t\t\t\t\t\t\t\t\t<p>Datawords est\u00e1 presente en Europa, Asia y Norteam\u00e9rica, con 25 oficinas, entre ellas Par\u00eds, Luxemburgo, Berl\u00edn, Londres, Barcelona, Mil\u00e1n, Se\u00fal, Hong Kong, Tokio, Shangh\u00e1i, Manila, Nueva York y Miami. En cada una de estas oficinas, ofrecemos diariamente a nuestros empleados una experiencia internacional. Los proyectos en los que trabajamos tienen un alcance mundial; nuestros equipos proceden de los cuatro rincones del mundo, hablamos todos los idiomas en los pasillos de nuestras oficinas&#8230; Datawords, una empresa 100 % multicultural.<\/p>\t\t\t\t\t\t\t\t<\/div>\n\t\t\t\t<\/div>\n\t\t\t\t<\/div>\n\t\t\t\t<\/div>\n\t\t\t\t\t<\/div>\n\t\t\t\t<\/div>\n\t\t\t\t<\/div>\n\t\t","protected":false},"excerpt":{"rendered":"<p>Trabajar en Datawords Datawords es una empresa dirigida por personas cuya misi\u00f3n es proporcionar a las marcas internacionales contenidos locales relevantes en cualquier lugar, en cualquier momento, sea cual sea la plataforma digital utilizada y sea cual sea la cultura de destino. Para ofrecer grandes resultados a sus clientes, Datawords valora la diversidad de identidades, [&hellip;]<\/p>\n","protected":false},"author":1,"featured_media":0,"parent":0,"menu_order":0,"comment_status":"closed","ping_status":"closed","template":"","meta":{"_acf_changed":false,"content-type":"","footnotes":""},"class_list":["post-30237","page","type-page","status-publish","hentry"],"acf":[],"_links":{"self":[{"href":"https:\/\/datawords.com\/es\/wp-json\/wp\/v2\/pages\/30237","targetHints":{"allow":["GET"]}}],"collection":[{"href":"https:\/\/datawords.com\/es\/wp-json\/wp\/v2\/pages"}],"about":[{"href":"https:\/\/datawords.com\/es\/wp-json\/wp\/v2\/types\/page"}],"author":[{"embeddable":true,"href":"https:\/\/datawords.com\/es\/wp-json\/wp\/v2\/users\/1"}],"replies":[{"embeddable":true,"href":"https:\/\/datawords.com\/es\/wp-json\/wp\/v2\/comments?post=30237"}],"version-history":[{"count":0,"href":"https:\/\/datawords.com\/es\/wp-json\/wp\/v2\/pages\/30237\/revisions"}],"wp:attachment":[{"href":"https:\/\/datawords.com\/es\/wp-json\/wp\/v2\/media?parent=30237"}],"curies":[{"name":"wp","href":"https:\/\/api.w.org\/{rel}","templated":true}]}}