{"id":30217,"date":"2023-07-22T12:07:12","date_gmt":"2023-07-22T10:07:12","guid":{"rendered":"https:\/\/datawords.com\/declaracion-de-confidencialidad\/"},"modified":"2025-09-11T17:57:43","modified_gmt":"2025-09-11T15:57:43","slug":"gestion-de-datos-personales","status":"publish","type":"page","link":"https:\/\/datawords.com\/es\/gestion-de-datos-personales\/","title":{"rendered":"Gesti\u00f3n de datos personales"},"content":{"rendered":"\t\t<div data-elementor-type=\"wp-page\" data-elementor-id=\"30217\" class=\"elementor elementor-30217 elementor-8143\" data-elementor-post-type=\"page\">\n\t\t\t\t\t\t<section class=\"elementor-section elementor-top-section elementor-element elementor-element-21fe9a1 elementor-section-boxed elementor-section-height-default elementor-section-height-default\" data-id=\"21fe9a1\" data-element_type=\"section\" data-settings=\"{&quot;background_background&quot;:&quot;classic&quot;}\">\n\t\t\t\t\t\t<div class=\"elementor-container elementor-column-gap-default\">\n\t\t\t\t\t<div class=\"elementor-column elementor-col-100 elementor-top-column elementor-element elementor-element-947065b\" data-id=\"947065b\" data-element_type=\"column\" data-settings=\"{&quot;background_background&quot;:&quot;classic&quot;}\">\n\t\t\t<div class=\"elementor-widget-wrap elementor-element-populated\">\n\t\t\t\t\t\t<section class=\"elementor-section elementor-inner-section elementor-element elementor-element-5b3837d elementor-section-boxed elementor-section-height-default elementor-section-height-default\" data-id=\"5b3837d\" data-element_type=\"section\">\n\t\t\t\t\t\t<div class=\"elementor-container elementor-column-gap-default\">\n\t\t\t\t\t<div class=\"elementor-column elementor-col-100 elementor-inner-column elementor-element elementor-element-8341709\" data-id=\"8341709\" data-element_type=\"column\">\n\t\t\t<div class=\"elementor-widget-wrap elementor-element-populated\">\n\t\t\t\t\t\t<div class=\"elementor-element elementor-element-b73a44d textchange elementor-widget__width-initial elementor-widget elementor-widget-text-editor\" data-id=\"b73a44d\" data-element_type=\"widget\" data-widget_type=\"text-editor.default\">\n\t\t\t\t<div class=\"elementor-widget-container\">\n\t\t\t\t\t\t\t\t\t<h1><strong>POL\u00cdTICA DE<\/strong><br> DATOS PERSONALES<\/h1>\t\t\t\t\t\t\t\t<\/div>\n\t\t\t\t<\/div>\n\t\t\t\t\t<\/div>\n\t\t<\/div>\n\t\t\t\t\t<\/div>\n\t\t<\/section>\n\t\t\t\t\t<\/div>\n\t\t<\/div>\n\t\t\t\t\t<\/div>\n\t\t<\/section>\n\t\t<div class=\"elementor-element elementor-element-16e7449 e-flex e-con-boxed e-con e-parent\" data-id=\"16e7449\" data-element_type=\"container\" data-settings=\"{&quot;background_background&quot;:&quot;classic&quot;}\">\n\t\t\t\t\t<div class=\"e-con-inner\">\n\t\t\t\t<div class=\"elementor-element elementor-element-63b6913 elementor-widget elementor-widget-spacer\" data-id=\"63b6913\" data-element_type=\"widget\" data-widget_type=\"spacer.default\">\n\t\t\t\t<div class=\"elementor-widget-container\">\n\t\t\t\t\t\t\t<div class=\"elementor-spacer\">\n\t\t\t<div class=\"elementor-spacer-inner\"><\/div>\n\t\t<\/div>\n\t\t\t\t\t\t<\/div>\n\t\t\t\t<\/div>\n\t\t\t\t\t<\/div>\n\t\t\t\t<\/div>\n\t\t\t\t<section class=\"elementor-section elementor-top-section elementor-element elementor-element-925f314 whitetxt elementor-section-boxed elementor-section-height-default elementor-section-height-default\" data-id=\"925f314\" data-element_type=\"section\" data-settings=\"{&quot;background_background&quot;:&quot;classic&quot;}\">\n\t\t\t\t\t\t<div class=\"elementor-container elementor-column-gap-default\">\n\t\t\t\t\t<div class=\"elementor-column elementor-col-100 elementor-top-column elementor-element elementor-element-069d038\" data-id=\"069d038\" data-element_type=\"column\">\n\t\t\t<div class=\"elementor-widget-wrap elementor-element-populated\">\n\t\t\t\t\t\t<section class=\"elementor-section elementor-inner-section elementor-element elementor-element-9b8e581 elementor-section-boxed elementor-section-height-default elementor-section-height-default\" data-id=\"9b8e581\" data-element_type=\"section\">\n\t\t\t\t\t\t<div class=\"elementor-container elementor-column-gap-default\">\n\t\t\t\t\t<div class=\"elementor-column elementor-col-100 elementor-inner-column elementor-element elementor-element-11b2dd1\" data-id=\"11b2dd1\" data-element_type=\"column\">\n\t\t\t<div class=\"elementor-widget-wrap elementor-element-populated\">\n\t\t\t\t\t\t<div class=\"elementor-element elementor-element-a1f3b45 elementor-widget elementor-widget-heading\" data-id=\"a1f3b45\" data-element_type=\"widget\" data-widget_type=\"heading.default\">\n\t\t\t\t<div class=\"elementor-widget-container\">\n\t\t\t\t\t<p class=\"elementor-heading-title elementor-size-default\">Datawords conoce perfectamente la normativa que regula la protecci\u00f3n de datos personales. Teniendo esto en cuenta, nuestro objetivo es que toda la informaci\u00f3n sobre el tratamiento de datos que se realiza en nuestro sitio web sea lo m\u00e1s clara y accesible posible, ya sea una solicitud de informaci\u00f3n, la suscripci\u00f3n a nuestro bolet\u00edn de noticias o el env\u00edo de una solicitud.\n\n<\/p>\t\t\t\t<\/div>\n\t\t\t\t<\/div>\n\t\t\t\t<div class=\"elementor-element elementor-element-a051ea2 elementor-widget elementor-widget-heading\" data-id=\"a051ea2\" data-element_type=\"widget\" data-widget_type=\"heading.default\">\n\t\t\t\t<div class=\"elementor-widget-container\">\n\t\t\t\t\t<p class=\"elementor-heading-title elementor-size-default\">La pol\u00edtica de gesti\u00f3n de datos personales de Datawords tiene como objetivo informarle sobre el uso que se har\u00e1 de los datos recopilados a trav\u00e9s de este sitio web, as\u00ed como sobre sus derechos y la forma en que puede ejercerlos.\n\n<\/p>\t\t\t\t<\/div>\n\t\t\t\t<\/div>\n\t\t\t\t<div class=\"elementor-element elementor-element-a246af4 elementor-widget elementor-widget-heading\" data-id=\"a246af4\" data-element_type=\"widget\" data-widget_type=\"heading.default\">\n\t\t\t\t<div class=\"elementor-widget-container\">\n\t\t\t\t\t<p class=\"elementor-heading-title elementor-size-default\">Esta pol\u00edtica tambi\u00e9n refleja los principios de Datawords en cuanto a confidencialidad y seguridad de los datos. El tratamiento de datos es crucial para nuestro negocio, por lo que es imprescindible para Datawords que se lleve a cabo de forma segura y de acuerdo con sus deseos.\n\n\n<\/p>\t\t\t\t<\/div>\n\t\t\t\t<\/div>\n\t\t\t\t<div class=\"elementor-element elementor-element-18d72a3 elementor-widget elementor-widget-heading\" data-id=\"18d72a3\" data-element_type=\"widget\" data-widget_type=\"heading.default\">\n\t\t\t\t<div class=\"elementor-widget-container\">\n\t\t\t\t\t<p class=\"elementor-heading-title elementor-size-default\">Antes de confirmar la transmisi\u00f3n de sus datos personales a trav\u00e9s de nuestras secciones, debe leer y aceptar esta pol\u00edtica. Al aceptar, se compromete de manera clara e inequ\u00edvoca a que Datawords procese su solicitud utilizando los datos transmitidos para este fin.\n\n\n<\/p>\t\t\t\t<\/div>\n\t\t\t\t<\/div>\n\t\t\t\t<div class=\"elementor-element elementor-element-4997ade elementor-widget__width-inherit textchange elementor-widget elementor-widget-text-editor\" data-id=\"4997ade\" data-element_type=\"widget\" data-widget_type=\"text-editor.default\">\n\t\t\t\t<div class=\"elementor-widget-container\">\n\t\t\t\t\t\t\t\t\t<h2><strong>Compromisos de \n<\/strong> Datawords<\/h2>\t\t\t\t\t\t\t\t<\/div>\n\t\t\t\t<\/div>\n\t\t\t\t<div class=\"elementor-element elementor-element-ddd1591 elementor-widget elementor-widget-heading\" data-id=\"ddd1591\" data-element_type=\"widget\" data-widget_type=\"heading.default\">\n\t\t\t\t<div class=\"elementor-widget-container\">\n\t\t\t\t\t<p class=\"elementor-heading-title elementor-size-default\">Datawords se compromete a respetar la legislaci\u00f3n francesa relativa a los datos personales, en particular la Ley n.o 78-17, de 6 de enero de 1978, de inform\u00e1tica, archivos y libertades. Adem\u00e1s, Datawords se compromete a cumplir el Reglamento (UE) 2016\/679 del Parlamento Europeo y del Consejo, de 27 de abril de 2016, relativo a la protecci\u00f3n de las personas f\u00edsicas en lo que respecta al tratamiento de datos personales (RGPD), que entr\u00f3 en vigor el 25 de mayo de 2018.\n\n<\/p>\t\t\t\t<\/div>\n\t\t\t\t<\/div>\n\t\t\t\t<div class=\"elementor-element elementor-element-c1d2eca elementor-widget elementor-widget-heading\" data-id=\"c1d2eca\" data-element_type=\"widget\" data-widget_type=\"heading.default\">\n\t\t\t\t<div class=\"elementor-widget-container\">\n\t\t\t\t\t<p class=\"elementor-heading-title elementor-size-default\">Por lo tanto, nos comprometemos a utilizar los datos personales recibidos \u00fanicamente de acuerdo con los fines para los que fueron transmitidos.\n\n<\/p>\t\t\t\t<\/div>\n\t\t\t\t<\/div>\n\t\t\t\t<div class=\"elementor-element elementor-element-7f7ee2c elementor-widget elementor-widget-heading\" data-id=\"7f7ee2c\" data-element_type=\"widget\" data-widget_type=\"heading.default\">\n\t\t\t\t<div class=\"elementor-widget-container\">\n\t\t\t\t\t<p class=\"elementor-heading-title elementor-size-default\">Datawords tambi\u00e9n se compromete a poner en pr\u00e1ctica todas las medidas organizativas y t\u00e9cnicas necesarias para cumplir con los textos antes mencionados, y para garantizar la seguridad pertinente a los fines del tratamiento y a la naturaleza de los datos.\n\n<\/p>\t\t\t\t<\/div>\n\t\t\t\t<\/div>\n\t\t\t\t<div class=\"elementor-element elementor-element-a924e11 elementor-widget elementor-widget-heading\" data-id=\"a924e11\" data-element_type=\"widget\" data-widget_type=\"heading.default\">\n\t\t\t\t<div class=\"elementor-widget-container\">\n\t\t\t\t\t<p class=\"elementor-heading-title elementor-size-default\">Si tiene alguna pregunta sobre esta pol\u00edtica, p\u00f3ngase en contacto con Datawords en dpo@datawords.com.\n\n<\/p>\t\t\t\t<\/div>\n\t\t\t\t<\/div>\n\t\t\t\t<div class=\"elementor-element elementor-element-cec5e67 elementor-widget__width-inherit textchange elementor-widget elementor-widget-text-editor\" data-id=\"cec5e67\" data-element_type=\"widget\" data-widget_type=\"text-editor.default\">\n\t\t\t\t<div class=\"elementor-widget-container\">\n\t\t\t\t\t\t\t\t\t<h2><strong>\u00bfQui\u00e9n recopila <\/strong>sus datos?<\/h2>\t\t\t\t\t\t\t\t<\/div>\n\t\t\t\t<\/div>\n\t\t\t\t<div class=\"elementor-element elementor-element-a8220f9 elementor-widget elementor-widget-heading\" data-id=\"a8220f9\" data-element_type=\"widget\" data-widget_type=\"heading.default\">\n\t\t\t\t<div class=\"elementor-widget-container\">\n\t\t\t\t\t<p class=\"elementor-heading-title elementor-size-default\">Para recopilar los datos personales de los visitantes del sitio web, Datawords se responsabiliza del tratamiento y recopila dichos datos directamente.\n\n\n<\/p>\t\t\t\t<\/div>\n\t\t\t\t<\/div>\n\t\t\t\t<div class=\"elementor-element elementor-element-78cb5c3 elementor-widget elementor-widget-heading\" data-id=\"78cb5c3\" data-element_type=\"widget\" data-widget_type=\"heading.default\">\n\t\t\t\t<div class=\"elementor-widget-container\">\n\t\t\t\t\t<p class=\"elementor-heading-title elementor-size-default\">El domicilio social de Datawords se encuentra en la siguiente direcci\u00f3n:\n\n<br><br>\n\nDatawords<br>\n66 rue de Villiers<br>\n92300 Levallois-Perret<br>\nFrance<\/p>\t\t\t\t<\/div>\n\t\t\t\t<\/div>\n\t\t\t\t<div class=\"elementor-element elementor-element-02cc5fa elementor-widget elementor-widget-heading\" data-id=\"02cc5fa\" data-element_type=\"widget\" data-widget_type=\"heading.default\">\n\t\t\t\t<div class=\"elementor-widget-container\">\n\t\t\t\t\t<p class=\"elementor-heading-title elementor-size-default\">Datawords Datasia es una sociedad por acciones simplificada francesa inscrita en el Registro Mercantil de Nanterre con el n\u00famero 431 857 317, con un capital social de 127.960 euros.\n\n\n<\/p>\t\t\t\t<\/div>\n\t\t\t\t<\/div>\n\t\t\t\t<div class=\"elementor-element elementor-element-dfb0f14 elementor-widget__width-inherit textchange elementor-widget elementor-widget-text-editor\" data-id=\"dfb0f14\" data-element_type=\"widget\" data-widget_type=\"text-editor.default\">\n\t\t\t\t<div class=\"elementor-widget-container\">\n\t\t\t\t\t\t\t\t\t<h2><strong>\u00bfCu\u00e1l es la finalidad del tratamiento de<\/strong> datos personales?<\/h2>\t\t\t\t\t\t\t\t<\/div>\n\t\t\t\t<\/div>\n\t\t\t\t<div class=\"elementor-element elementor-element-f100ec5 elementor-widget elementor-widget-image-box\" data-id=\"f100ec5\" data-element_type=\"widget\" data-widget_type=\"image-box.default\">\n\t\t\t\t<div class=\"elementor-widget-container\">\n\t\t\t\t\t<div class=\"elementor-image-box-wrapper\"><div class=\"elementor-image-box-content\"><h3 class=\"elementor-image-box-title\">Datos personales transmitidos en nuestras fichas de contacto<\/h3><\/div><\/div>\t\t\t\t<\/div>\n\t\t\t\t<\/div>\n\t\t\t\t<div class=\"elementor-element elementor-element-dd8ea9e elementor-widget elementor-widget-heading\" data-id=\"dd8ea9e\" data-element_type=\"widget\" data-widget_type=\"heading.default\">\n\t\t\t\t<div class=\"elementor-widget-container\">\n\t\t\t\t\t<p class=\"elementor-heading-title elementor-size-default\">Los datos personales transmitidos en nuestra ficha de contacto son la informaci\u00f3n de contacto que usted decida compartir con nosotros. El objetivo de esta informaci\u00f3n es identificarle y permitirnos responderle a sus necesidades de la mejor manera posible.\n\n<\/p>\t\t\t\t<\/div>\n\t\t\t\t<\/div>\n\t\t\t\t<div class=\"elementor-element elementor-element-5b9b3ae elementor-widget elementor-widget-heading\" data-id=\"5b9b3ae\" data-element_type=\"widget\" data-widget_type=\"heading.default\">\n\t\t\t\t<div class=\"elementor-widget-container\">\n\t\t\t\t\t<p class=\"elementor-heading-title elementor-size-default\">En caso de que pueda enviarnos el archivo que desee para acompa\u00f1ar su solicitud a trav\u00e9s de nuestro sitio web, Datawords le recuerda que no es obligatorio. Sin embargo, si decide utilizar esta opci\u00f3n, es el \u00fanico responsable de la elecci\u00f3n de la informaci\u00f3n proporcionada en este documento. Ocurre lo mismo con el mensaje que puede escribir y adjuntar para la ocasi\u00f3n.\n\n<\/p>\t\t\t\t<\/div>\n\t\t\t\t<\/div>\n\t\t\t\t<div class=\"elementor-element elementor-element-f154f8e elementor-widget elementor-widget-heading\" data-id=\"f154f8e\" data-element_type=\"widget\" data-widget_type=\"heading.default\">\n\t\t\t\t<div class=\"elementor-widget-container\">\n\t\t\t\t\t<p class=\"elementor-heading-title elementor-size-default\">Si acepta transmitir sus datos personales a Datawords, tambi\u00e9n acepta que Datawords pueda utilizarlos dentro de los l\u00edmites de los fines detallados anteriormente.\n\n<\/p>\t\t\t\t<\/div>\n\t\t\t\t<\/div>\n\t\t\t\t<div class=\"elementor-element elementor-element-0261df5 elementor-widget elementor-widget-image-box\" data-id=\"0261df5\" data-element_type=\"widget\" data-widget_type=\"image-box.default\">\n\t\t\t\t<div class=\"elementor-widget-container\">\n\t\t\t\t\t<div class=\"elementor-image-box-wrapper\"><div class=\"elementor-image-box-content\"><h3 class=\"elementor-image-box-title\">Datos personales transmitidos en una solicitud<\/h3><\/div><\/div>\t\t\t\t<\/div>\n\t\t\t\t<\/div>\n\t\t\t\t<div class=\"elementor-element elementor-element-d1b80c4 elementor-widget elementor-widget-heading\" data-id=\"d1b80c4\" data-element_type=\"widget\" data-widget_type=\"heading.default\">\n\t\t\t\t<div class=\"elementor-widget-container\">\n\t\t\t\t\t<p class=\"elementor-heading-title elementor-size-default\">Todos los datos personales transmitidos a trav\u00e9s de nuestro sitio web como parte de un proceso de contrataci\u00f3n, es decir, su nombre y apellidos, su direcci\u00f3n de correo electr\u00f3nico, su CV y su carta de presentaci\u00f3n, se utilizan para analizar su solicitud con la mayor precisi\u00f3n posible y para ponernos en contacto con usted e informarle del resultado de nuestro proceso de selecci\u00f3n.\n\n\n<\/p>\t\t\t\t<\/div>\n\t\t\t\t<\/div>\n\t\t\t\t<div class=\"elementor-element elementor-element-da14521 elementor-widget elementor-widget-image-box\" data-id=\"da14521\" data-element_type=\"widget\" data-widget_type=\"image-box.default\">\n\t\t\t\t<div class=\"elementor-widget-container\">\n\t\t\t\t\t<div class=\"elementor-image-box-wrapper\"><div class=\"elementor-image-box-content\"><h3 class=\"elementor-image-box-title\">Datos personales transmitidos al suscribirse al bolet\u00edn de noticias<\/h3><\/div><\/div>\t\t\t\t<\/div>\n\t\t\t\t<\/div>\n\t\t\t\t<div class=\"elementor-element elementor-element-6b7886c elementor-widget elementor-widget-heading\" data-id=\"6b7886c\" data-element_type=\"widget\" data-widget_type=\"heading.default\">\n\t\t\t\t<div class=\"elementor-widget-container\">\n\t\t\t\t\t<p class=\"elementor-heading-title elementor-size-default\">Cuando nos env\u00ede sus datos personales para recibir nuestro bolet\u00edn de noticias, Datawords se compromete a utilizar esta informaci\u00f3n \u00fanicamente para los fines indicados. Puede darse de baja haciendo clic en el enlace correspondiente de cada bolet\u00edn.\n\n\n<\/p>\t\t\t\t<\/div>\n\t\t\t\t<\/div>\n\t\t\t\t<div class=\"elementor-element elementor-element-e31af6a elementor-widget__width-inherit textchange elementor-widget elementor-widget-text-editor\" data-id=\"e31af6a\" data-element_type=\"widget\" data-widget_type=\"text-editor.default\">\n\t\t\t\t<div class=\"elementor-widget-container\">\n\t\t\t\t\t\t\t\t\t<h2><strong> \u00bfSe instalan cookies en <\/strong>el sitio web de Datawords?\n\n<\/h2>\t\t\t\t\t\t\t\t<\/div>\n\t\t\t\t<\/div>\n\t\t\t\t<div class=\"elementor-element elementor-element-d554434 elementor-widget elementor-widget-text-editor\" data-id=\"d554434\" data-element_type=\"widget\" data-widget_type=\"text-editor.default\">\n\t\t\t\t<div class=\"elementor-widget-container\">\n\t\t\t\t\t\t\t\t\tDatawords coloca cookies en su sitio web. Estas permiten, entre otras cosas, hacer funcionar nuestro sitio, proporcionarnos informaci\u00f3n estad\u00edstica sobre su uso del mismo o comunicar informaci\u00f3n a terceros con fines de marketing. Para m\u00e1s informaci\u00f3n, le invitamos a consultar nuestra p\u00e1gina \u201cGesti\u00f3n de cookies\u201d.\n\t\t\t\t\t\t\t\t<\/div>\n\t\t\t\t<\/div>\n\t\t\t\t<div class=\"elementor-element elementor-element-4c3bc81 elementor-widget__width-inherit textchange elementor-widget elementor-widget-text-editor\" data-id=\"4c3bc81\" data-element_type=\"widget\" data-widget_type=\"text-editor.default\">\n\t\t\t\t<div class=\"elementor-widget-container\">\n\t\t\t\t\t\t\t\t\t<h2><strong>\u00bfCu\u00e1nto tiempo se almacenan<\/strong> sus datos?\n\n<\/h2>\t\t\t\t\t\t\t\t<\/div>\n\t\t\t\t<\/div>\n\t\t\t\t<div class=\"elementor-element elementor-element-715e25d elementor-widget elementor-widget-heading\" data-id=\"715e25d\" data-element_type=\"widget\" data-widget_type=\"heading.default\">\n\t\t\t\t<div class=\"elementor-widget-container\">\n\t\t\t\t\t<p class=\"elementor-heading-title elementor-size-default\">Todos los datos recogidos en nuestras \u00e1reas de contacto solo se conservan durante el tiempo necesario para alcanzar su(s) finalidad(es).\n\n<\/p>\t\t\t\t<\/div>\n\t\t\t\t<\/div>\n\t\t\t\t<div class=\"elementor-element elementor-element-b9a8310 elementor-widget elementor-widget-heading\" data-id=\"b9a8310\" data-element_type=\"widget\" data-widget_type=\"heading.default\">\n\t\t\t\t<div class=\"elementor-widget-container\">\n\t\t\t\t\t<p class=\"elementor-heading-title elementor-size-default\">Los datos enviados en relaci\u00f3n con una solicitud pueden conservarse (a) durante dos a\u00f1os para cualquier solicitud no aceptada que pueda ser relevante para una futura oferta de trabajo o (b) durante la duraci\u00f3n de nuestra colaboraci\u00f3n y hasta 5 o 10 a\u00f1os despu\u00e9s de su finalizaci\u00f3n. Los datos recopilados al inscribirse en nuestro bolet\u00edn de noticias se conservar\u00e1n mientras mantenga su consentimiento para la transmisi\u00f3n de dichos datos.\n\n\n<\/p>\t\t\t\t<\/div>\n\t\t\t\t<\/div>\n\t\t\t\t<div class=\"elementor-element elementor-element-2d62b5c elementor-widget__width-inherit textchange elementor-widget elementor-widget-text-editor\" data-id=\"2d62b5c\" data-element_type=\"widget\" data-widget_type=\"text-editor.default\">\n\t\t\t\t<div class=\"elementor-widget-container\">\n\t\t\t\t\t\t\t\t\t<h2><strong>\u00bfQui\u00e9n puede acceder a <\/strong>sus datos?\n<\/h2>\t\t\t\t\t\t\t\t<\/div>\n\t\t\t\t<\/div>\n\t\t\t\t<div class=\"elementor-element elementor-element-9f3eb41 elementor-widget elementor-widget-heading\" data-id=\"9f3eb41\" data-element_type=\"widget\" data-widget_type=\"heading.default\">\n\t\t\t\t<div class=\"elementor-widget-container\">\n\t\t\t\t\t<p class=\"elementor-heading-title elementor-size-default\">Solo podr\u00e1n acceder a sus datos las personas competentes e imprescindibles para su correcto tratamiento.\n\n<\/p>\t\t\t\t<\/div>\n\t\t\t\t<\/div>\n\t\t\t\t<div class=\"elementor-element elementor-element-c397c4e elementor-widget elementor-widget-heading\" data-id=\"c397c4e\" data-element_type=\"widget\" data-widget_type=\"heading.default\">\n\t\t\t\t<div class=\"elementor-widget-container\">\n\t\t\t\t\t<p class=\"elementor-heading-title elementor-size-default\">Datawords nunca vender\u00e1 sus datos. Solo se podr\u00e1n transmitir sus datos a un tercero bajo su consentimiento, para facilitar su experiencia en nuestro sitio web o como parte de la ejecuci\u00f3n de un contrato previamente firmado por usted.\n\n<\/p>\t\t\t\t<\/div>\n\t\t\t\t<\/div>\n\t\t\t\t<div class=\"elementor-element elementor-element-1acc648 elementor-widget__width-inherit textchange elementor-widget elementor-widget-text-editor\" data-id=\"1acc648\" data-element_type=\"widget\" data-widget_type=\"text-editor.default\">\n\t\t\t\t<div class=\"elementor-widget-container\">\n\t\t\t\t\t\t\t\t\t<h2><strong>\u00bfC\u00f3mo puede ejercer <\/strong>sus derechos?\n\n<\/h2>\t\t\t\t\t\t\t\t<\/div>\n\t\t\t\t<\/div>\n\t\t\t\t<div class=\"elementor-element elementor-element-67b0d77 elementor-widget elementor-widget-heading\" data-id=\"67b0d77\" data-element_type=\"widget\" data-widget_type=\"heading.default\">\n\t\t\t\t<div class=\"elementor-widget-container\">\n\t\t\t\t\t<p class=\"elementor-heading-title elementor-size-default\">Cuando acepta enviarnos sus datos, tiene derecho a acceder, rectificar, oponerse y suprimir el tratamiento de dichos datos.\n\n<\/p>\t\t\t\t<\/div>\n\t\t\t\t<\/div>\n\t\t\t\t<div class=\"elementor-element elementor-element-a5b1a3b elementor-widget elementor-widget-heading\" data-id=\"a5b1a3b\" data-element_type=\"widget\" data-widget_type=\"heading.default\">\n\t\t\t\t<div class=\"elementor-widget-container\">\n\t\t\t\t\t<p class=\"elementor-heading-title elementor-size-default\">De acuerdo con el RGPD, tiene derecho a acceder a sus datos personales, derecho de rectificaci\u00f3n y supresi\u00f3n de estos datos, derecho de limitaci\u00f3n del tratamiento de estos datos, derecho a la portabilidad de estos datos y derecho de oposici\u00f3n al tratamiento de estos datos.\n\n<\/p>\t\t\t\t<\/div>\n\t\t\t\t<\/div>\n\t\t\t\t<div class=\"elementor-element elementor-element-11eaada elementor-widget elementor-widget-heading\" data-id=\"11eaada\" data-element_type=\"widget\" data-widget_type=\"heading.default\">\n\t\t\t\t<div class=\"elementor-widget-container\">\n\t\t\t\t\t<p class=\"elementor-heading-title elementor-size-default\">Estos derechos pueden ejercerse enviando su solicitud por correo electr\u00f3nico a la siguiente direcci\u00f3n:\ndpo@datawordsdev.kinsta.cloud \nO por correo postal:<br>\nDatawords<br>\nDPO<br>\n66 rue de Villiers<br>\n92300 Levallois-Perret<br>\nFrance<\/p>\t\t\t\t<\/div>\n\t\t\t\t<\/div>\n\t\t\t\t<div class=\"elementor-element elementor-element-d0f358c elementor-widget elementor-widget-heading\" data-id=\"d0f358c\" data-element_type=\"widget\" data-widget_type=\"heading.default\">\n\t\t\t\t<div class=\"elementor-widget-container\">\n\t\t\t\t\t<p class=\"elementor-heading-title elementor-size-default\">Datawords se compromete a tomar las medidas necesarias lo antes posible tras la recepci\u00f3n de su solicitud y a notificarle cualquier tr\u00e1mite realizado.\n\n<\/p>\t\t\t\t<\/div>\n\t\t\t\t<\/div>\n\t\t\t\t<div class=\"elementor-element elementor-element-32c6bfe elementor-widget elementor-widget-heading\" data-id=\"32c6bfe\" data-element_type=\"widget\" data-widget_type=\"heading.default\">\n\t\t\t\t<div class=\"elementor-widget-container\">\n\t\t\t\t\t<p class=\"elementor-heading-title elementor-size-default\">Si se suscribe a nuestro bolet\u00edn de noticias, puede darse de baja en cualquier momento haciendo clic en el enlace que aparece en cada bolet\u00edn.\n\n<\/p>\t\t\t\t<\/div>\n\t\t\t\t<\/div>\n\t\t\t\t<div class=\"elementor-element elementor-element-711aa92 elementor-widget__width-inherit textchange elementor-widget elementor-widget-text-editor\" data-id=\"711aa92\" data-element_type=\"widget\" data-widget_type=\"text-editor.default\">\n\t\t\t\t<div class=\"elementor-widget-container\">\n\t\t\t\t\t\t\t\t\t<h2><strong>Cambios en <\/strong>esta pol\u00edtica\n<\/h2>\t\t\t\t\t\t\t\t<\/div>\n\t\t\t\t<\/div>\n\t\t\t\t<div class=\"elementor-element elementor-element-a846bbd elementor-widget elementor-widget-heading\" data-id=\"a846bbd\" data-element_type=\"widget\" data-widget_type=\"heading.default\">\n\t\t\t\t<div class=\"elementor-widget-container\">\n\t\t\t\t\t<p class=\"elementor-heading-title elementor-size-default\">Datawords se reserva el derecho de modificar y actualizar su pol\u00edtica de privacidad en cualquier momento de conformidad con la legislaci\u00f3n vigente.\n\n<\/p>\t\t\t\t<\/div>\n\t\t\t\t<\/div>\n\t\t\t\t\t<\/div>\n\t\t<\/div>\n\t\t\t\t\t<\/div>\n\t\t<\/section>\n\t\t\t\t\t<\/div>\n\t\t<\/div>\n\t\t\t\t\t<\/div>\n\t\t<\/section>\n\t\t\t\t<\/div>\n\t\t","protected":false},"excerpt":{"rendered":"<p>POL\u00cdTICA DE DATOS PERSONALES Datawords conoce perfectamente la normativa que regula la protecci\u00f3n de datos personales. Teniendo esto en cuenta, nuestro objetivo es que toda la informaci\u00f3n sobre el tratamiento de datos que se realiza en nuestro sitio web sea lo m\u00e1s clara y accesible posible, ya sea una solicitud de informaci\u00f3n, la suscripci\u00f3n a [&hellip;]<\/p>\n","protected":false},"author":42,"featured_media":0,"parent":0,"menu_order":0,"comment_status":"closed","ping_status":"closed","template":"","meta":{"_acf_changed":false,"content-type":"","footnotes":""},"class_list":["post-30217","page","type-page","status-publish","hentry"],"acf":[],"_links":{"self":[{"href":"https:\/\/datawords.com\/es\/wp-json\/wp\/v2\/pages\/30217","targetHints":{"allow":["GET"]}}],"collection":[{"href":"https:\/\/datawords.com\/es\/wp-json\/wp\/v2\/pages"}],"about":[{"href":"https:\/\/datawords.com\/es\/wp-json\/wp\/v2\/types\/page"}],"author":[{"embeddable":true,"href":"https:\/\/datawords.com\/es\/wp-json\/wp\/v2\/users\/42"}],"replies":[{"embeddable":true,"href":"https:\/\/datawords.com\/es\/wp-json\/wp\/v2\/comments?post=30217"}],"version-history":[{"count":0,"href":"https:\/\/datawords.com\/es\/wp-json\/wp\/v2\/pages\/30217\/revisions"}],"wp:attachment":[{"href":"https:\/\/datawords.com\/es\/wp-json\/wp\/v2\/media?parent=30217"}],"curies":[{"name":"wp","href":"https:\/\/api.w.org\/{rel}","templated":true}]}}