{"id":263309,"date":"2025-06-11T12:19:03","date_gmt":"2025-06-11T10:19:03","guid":{"rendered":"https:\/\/datawords.com\/cookies-management\/"},"modified":"2025-09-11T17:40:26","modified_gmt":"2025-09-11T15:40:26","slug":"cookies-management","status":"publish","type":"page","link":"https:\/\/datawords.com\/es\/cookies-management\/","title":{"rendered":"Cookies management"},"content":{"rendered":"\t\t<div data-elementor-type=\"wp-page\" data-elementor-id=\"263309\" class=\"elementor elementor-263309 elementor-174309\" data-elementor-post-type=\"page\">\n\t\t\t\t<div class=\"elementor-element elementor-element-78dc57a7 cookiebgshadow e-flex e-con-boxed e-con e-parent\" data-id=\"78dc57a7\" data-element_type=\"container\" data-settings=\"{&quot;background_background&quot;:&quot;classic&quot;}\">\n\t\t\t\t\t<div class=\"e-con-inner\">\n\t\t<div class=\"elementor-element elementor-element-6f9d596f e-con-full e-flex e-con e-child\" data-id=\"6f9d596f\" data-element_type=\"container\">\n\t\t\t\t<div class=\"elementor-element elementor-element-6e62e4a elementor-widget__width-inherit textchange elementor-widget elementor-widget-text-editor\" data-id=\"6e62e4a\" data-element_type=\"widget\" data-widget_type=\"text-editor.default\">\n\t\t\t\t<div class=\"elementor-widget-container\">\n\t\t\t\t\t\t\t\t\t<h1><strong>Gesti\u00f3n de <\/Strong>cookies\n<\/h1>\t\t\t\t\t\t\t\t<\/div>\n\t\t\t\t<\/div>\n\t\t\t\t<\/div>\n\t\t<div class=\"elementor-element elementor-element-1e16e105 e-con-full e-flex e-con e-child\" data-id=\"1e16e105\" data-element_type=\"container\">\n\t\t\t\t<div class=\"elementor-element elementor-element-94bf222 elementor-widget__width-inherit textchange elementor-widget elementor-widget-text-editor\" data-id=\"94bf222\" data-element_type=\"widget\" data-widget_type=\"text-editor.default\">\n\t\t\t\t<div class=\"elementor-widget-container\">\n\t\t\t\t\t\t\t\t\t<h2><strong>\u00bfQu\u00e9 es <\/strong>una cookie?<\/h2>\t\t\t\t\t\t\t\t<\/div>\n\t\t\t\t<\/div>\n\t\t\t\t<\/div>\n\t\t<div class=\"elementor-element elementor-element-2808596a e-con-full e-flex e-con e-child\" data-id=\"2808596a\" data-element_type=\"container\">\n\t\t\t\t<div class=\"elementor-element elementor-element-4ed52d19 elementor-widget elementor-widget-heading\" data-id=\"4ed52d19\" data-element_type=\"widget\" data-widget_type=\"heading.default\">\n\t\t\t\t<div class=\"elementor-widget-container\">\n\t\t\t\t\t<p class=\"elementor-heading-title elementor-size-default\">Una cookie es un peque\u00f1o archivo inform\u00e1tico o \"rastreador\" que se almacena y lee, por ejemplo, cuando usted visita un sitio web, lee un correo electr\u00f3nico, instala o utiliza un software o una aplicaci\u00f3n m\u00f3vil, independientemente del tipo de dispositivo utilizado (ordenador, smartphone, lector de libros electr\u00f3nicos, consola de videojuegos conectada a Internet, etc.).<\/p>\t\t\t\t<\/div>\n\t\t\t\t<\/div>\n\t\t<div class=\"elementor-element elementor-element-2c676784 e-con-full e-flex e-con e-child\" data-id=\"2c676784\" data-element_type=\"container\">\n\t\t\t\t<div class=\"elementor-element elementor-element-53c011c elementor-widget__width-inherit textchange elementor-widget elementor-widget-text-editor\" data-id=\"53c011c\" data-element_type=\"widget\" data-widget_type=\"text-editor.default\">\n\t\t\t\t<div class=\"elementor-widget-container\">\n\t\t\t\t\t\t\t\t\t<h2><strong>\u00bfQui\u00e9n establece <\/strong>estas cookies?<\/h2>\t\t\t\t\t\t\t\t<\/div>\n\t\t\t\t<\/div>\n\t\t\t\t<\/div>\n\t\t\t\t<\/div>\n\t\t<div class=\"elementor-element elementor-element-78f72d7 e-con-full e-flex e-con e-child\" data-id=\"78f72d7\" data-element_type=\"container\">\n\t\t\t\t<div class=\"elementor-element elementor-element-99b0a92 elementor-widget elementor-widget-heading\" data-id=\"99b0a92\" data-element_type=\"widget\" data-widget_type=\"heading.default\">\n\t\t\t\t<div class=\"elementor-widget-container\">\n\t\t\t\t\t<p class=\"elementor-heading-title elementor-size-default\">Las cookies enviadas a su dispositivo desde nuestro sitio web pueden ser almacenadas por Datawords o por terceros.\n\n<\/p>\t\t\t\t<\/div>\n\t\t\t\t<\/div>\n\t\t<div class=\"elementor-element elementor-element-27a0c25c e-con-full e-flex e-con e-child\" data-id=\"27a0c25c\" data-element_type=\"container\">\n\t\t\t\t<div class=\"elementor-element elementor-element-b594bcb elementor-widget__width-inherit textchange elementor-widget elementor-widget-text-editor\" data-id=\"b594bcb\" data-element_type=\"widget\" data-widget_type=\"text-editor.default\">\n\t\t\t\t<div class=\"elementor-widget-container\">\n\t\t\t\t\t\t\t\t\t<h2><strong>\u00bfQu\u00e9 cookies<\/Strong> utilizamos?<\/h2>\t\t\t\t\t\t\t\t<\/div>\n\t\t\t\t<\/div>\n\t\t\t\t<\/div>\n\t\t\t\t<\/div>\n\t\t<div class=\"elementor-element elementor-element-a2d2ec7 e-con-full e-flex e-con e-child\" data-id=\"a2d2ec7\" data-element_type=\"container\">\n\t\t\t\t<div class=\"elementor-element elementor-element-73a06066 elementor-widget elementor-widget-heading\" data-id=\"73a06066\" data-element_type=\"widget\" data-widget_type=\"heading.default\">\n\t\t\t\t<div class=\"elementor-widget-container\">\n\t\t\t\t\t<p class=\"elementor-heading-title elementor-size-default\">Cuando visita una de las p\u00e1ginas de nuestro sitio web, es posible que, en funci\u00f3n de sus preferencias, se acceda a almacenar determinadas cookies en su dispositivo, lo que nos permitir\u00e1 el reconocimiento del mismo durante el periodo de validez de la cookie en cuesti\u00f3n. El sitio Datawords utiliza 4 categor\u00edas de cookies:\n\n<\/p>\t\t\t\t<\/div>\n\t\t\t\t<\/div>\n\t\t\t\t<\/div>\n\t\t<div class=\"elementor-element elementor-element-4c027252 e-con-full e-flex e-con e-child\" data-id=\"4c027252\" data-element_type=\"container\">\n\t\t\t\t<div class=\"elementor-element elementor-element-0652c6b elementor-widget elementor-widget-image-box\" data-id=\"0652c6b\" data-element_type=\"widget\" data-widget_type=\"image-box.default\">\n\t\t\t\t<div class=\"elementor-widget-container\">\n\t\t\t\t\t<div class=\"elementor-image-box-wrapper\"><div class=\"elementor-image-box-content\"><h3 class=\"elementor-image-box-title\">Cookies esenciales<\/h3><p class=\"elementor-image-box-description\">Estas cookies son estrictamente necesarias para el funcionamiento de nuestro sitio web. Nuestro sitio web no puede funcionar sin estas cookies.\n\n<\/p><\/div><\/div>\t\t\t\t<\/div>\n\t\t\t\t<\/div>\n\t\t\t\t<\/div>\n\t\t<div class=\"elementor-element elementor-element-48a26ac2 e-con-full e-flex e-con e-child\" data-id=\"48a26ac2\" data-element_type=\"container\">\n\t\t\t\t<div class=\"elementor-element elementor-element-adbb40e elementor-widget elementor-widget-image-box\" data-id=\"adbb40e\" data-element_type=\"widget\" data-widget_type=\"image-box.default\">\n\t\t\t\t<div class=\"elementor-widget-container\">\n\t\t\t\t\t<div class=\"elementor-image-box-wrapper\"><div class=\"elementor-image-box-content\"><h3 class=\"elementor-image-box-title\">Cookies funcionales<\/h3><p class=\"elementor-image-box-description\">Estas cookies nos permiten personalizar y mejorar la experiencia facilitando y acelerando su navegaci\u00f3n por nuestro sitio web. Las cookies de funcionamiento nos permiten mantener sus preferencias como visitante y personalizar sus visitas.\n\n<\/p><\/div><\/div>\t\t\t\t<\/div>\n\t\t\t\t<\/div>\n\t\t\t\t<\/div>\n\t\t<div class=\"elementor-element elementor-element-6aad4a8f e-con-full e-flex e-con e-child\" data-id=\"6aad4a8f\" data-element_type=\"container\">\n\t\t\t\t<div class=\"elementor-element elementor-element-aa84cc8 elementor-widget elementor-widget-image-box\" data-id=\"aa84cc8\" data-element_type=\"widget\" data-widget_type=\"image-box.default\">\n\t\t\t\t<div class=\"elementor-widget-container\">\n\t\t\t\t\t<div class=\"elementor-image-box-wrapper\"><div class=\"elementor-image-box-content\"><h3 class=\"elementor-image-box-title\">Cookies estad\u00edsticas<\/h3><p class=\"elementor-image-box-description\">Las cookies estad\u00edsticas nos ayudan a comprender c\u00f3mo los visitantes acceden o leen nuestro contenido e interact\u00faan con nuestro sitio web. Recopilamos informaci\u00f3n estad\u00edstica sobre nuestros visitantes, como la forma en que navegan por nuestro sitio web antes de acceder a las distintas p\u00e1ginas. Utilizamos estas cookies para determinar qu\u00e9 tipo de contenido consultan m\u00e1s nuestros visitantes, lo que nos permite mejorar nuestro sitio web y su contenido.\n\n<\/p><\/div><\/div>\t\t\t\t<\/div>\n\t\t\t\t<\/div>\n\t\t\t\t<\/div>\n\t\t<div class=\"elementor-element elementor-element-75e30f53 e-con-full e-flex e-con e-child\" data-id=\"75e30f53\" data-element_type=\"container\">\n\t\t\t\t<div class=\"elementor-element elementor-element-b92442d elementor-widget elementor-widget-image-box\" data-id=\"b92442d\" data-element_type=\"widget\" data-widget_type=\"image-box.default\">\n\t\t\t\t<div class=\"elementor-widget-container\">\n\t\t\t\t\t<div class=\"elementor-image-box-wrapper\"><div class=\"elementor-image-box-content\"><h3 class=\"elementor-image-box-title\">Cookies de marketing<\/h3><p class=\"elementor-image-box-description\">Los proveedores utilizan cookies propias y de terceros para:\n<\/p><\/div><\/div>\t\t\t\t<\/div>\n\t\t\t\t<\/div>\n\t\t\t\t<div class=\"elementor-element elementor-element-5ea2edd5 elementor-icon-list--layout-traditional elementor-list-item-link-full_width elementor-widget elementor-widget-icon-list\" data-id=\"5ea2edd5\" data-element_type=\"widget\" data-widget_type=\"icon-list.default\">\n\t\t\t\t<div class=\"elementor-widget-container\">\n\t\t\t\t\t\t\t<ul class=\"elementor-icon-list-items\">\n\t\t\t\t\t\t\t<li class=\"elementor-icon-list-item\">\n\t\t\t\t\t\t\t\t\t\t\t<span class=\"elementor-icon-list-icon\">\n\t\t\t\t\t\t\t<i aria-hidden=\"true\" class=\"fas fa-circle\"><\/i>\t\t\t\t\t\t<\/span>\n\t\t\t\t\t\t\t\t\t\t<span class=\"elementor-icon-list-text\">ayudar a mostrar anuncios que sean relevantes para usted en funci\u00f3n de sus campos de inter\u00e9s. Esto se conoce como publicidad conductual en l\u00ednea (Online Behavioural Advertising, OBA).<\/span>\n\t\t\t\t\t\t\t\t\t<\/li>\n\t\t\t\t\t\t\t\t<li class=\"elementor-icon-list-item\">\n\t\t\t\t\t\t\t\t\t\t\t<span class=\"elementor-icon-list-icon\">\n\t\t\t\t\t\t\t<i aria-hidden=\"true\" class=\"fas fa-circle\"><\/i>\t\t\t\t\t\t<\/span>\n\t\t\t\t\t\t\t\t\t\t<span class=\"elementor-icon-list-text\">restringir el n\u00famero de veces que reproduce el mismo anuncio (limitaci\u00f3n de frecuencia).<\/span>\n\t\t\t\t\t\t\t\t\t<\/li>\n\t\t\t\t\t\t\t\t<li class=\"elementor-icon-list-item\">\n\t\t\t\t\t\t\t\t\t\t\t<span class=\"elementor-icon-list-icon\">\n\t\t\t\t\t\t\t<i aria-hidden=\"true\" class=\"fas fa-circle\"><\/i>\t\t\t\t\t\t<\/span>\n\t\t\t\t\t\t\t\t\t\t<span class=\"elementor-icon-list-text\">medir la efectividad de los anuncios que se muestran.<\/span>\n\t\t\t\t\t\t\t\t\t<\/li>\n\t\t\t\t\t\t<\/ul>\n\t\t\t\t\t\t<\/div>\n\t\t\t\t<\/div>\n\t\t\t\t<div class=\"elementor-element elementor-element-5d59d44c elementor-widget elementor-widget-heading\" data-id=\"5d59d44c\" data-element_type=\"widget\" data-widget_type=\"heading.default\">\n\t\t\t\t<div class=\"elementor-widget-container\">\n\t\t\t\t\t<p class=\"elementor-heading-title elementor-size-default\">Estas cookies est\u00e1n vinculadas al funcionamiento de sitios de terceros. Tenga en cuenta que puede revocar su consentimiento al uso de cookies para contenidos de marketing personalizados en cualquier momento.\n\n<\/p>\t\t\t\t<\/div>\n\t\t\t\t<\/div>\n\t\t\t\t<\/div>\n\t\t<div class=\"elementor-element elementor-element-634efc75 e-con-full e-flex e-con e-child\" data-id=\"634efc75\" data-element_type=\"container\">\n\t\t\t\t<div class=\"elementor-element elementor-element-d92ae11 elementor-widget__width-inherit textchange elementor-widget elementor-widget-text-editor\" data-id=\"d92ae11\" data-element_type=\"widget\" data-widget_type=\"text-editor.default\">\n\t\t\t\t<div class=\"elementor-widget-container\">\n\t\t\t\t\t\t\t\t\t<h2><strong>\u00bfC\u00f3mo puede elegir<\/strong> estas cookies?\n<\/h2>\t\t\t\t\t\t\t\t<\/div>\n\t\t\t\t<\/div>\n\t\t\t\t<\/div>\n\t\t<div class=\"elementor-element elementor-element-41d04918 e-con-full e-flex e-con e-child\" data-id=\"41d04918\" data-element_type=\"container\">\n\t\t\t\t<div class=\"elementor-element elementor-element-3332e445 elementor-widget elementor-widget-heading\" data-id=\"3332e445\" data-element_type=\"widget\" data-widget_type=\"heading.default\">\n\t\t\t\t<div class=\"elementor-widget-container\">\n\t\t\t\t\t<p class=\"elementor-heading-title elementor-size-default\">Puede establecer sus preferencias para estas cookies en el aviso de cookies haciendo clic en \u201cRechazar\u201d o configurando su navegador. Para poder modificar sus preferencias sobre cookies desde este sitio web, acceda a la siguiente configuraci\u00f3n haciendo clic aqu\u00ed.\n<\/p>\t\t\t\t<\/div>\n\t\t\t\t<\/div>\n\t\t\t\t<div class=\"elementor-element elementor-element-3e9fbdb1 elementor-widget elementor-widget-heading\" data-id=\"3e9fbdb1\" data-element_type=\"widget\" data-widget_type=\"heading.default\">\n\t\t\t\t<div class=\"elementor-widget-container\">\n\t\t\t\t\t<p class=\"elementor-heading-title elementor-size-default\">Si decide configurar su navegador para rechazar el seguimiento de Google Analytics en todos los sitios web, visite https:\/\/tools.google.com\/dlpage\/gaoptout. En este sitio encontrar\u00e1 informaci\u00f3n sobre un complemento que puede instalarse para evitar que Google Analytics utilice sus datos.\n<\/p>\t\t\t\t<\/div>\n\t\t\t\t<\/div>\n\t\t\t\t<\/div>\n\t\t\t\t\t<\/div>\n\t\t\t\t<\/div>\n\t\t<div class=\"elementor-element elementor-element-d5528bc e-con-full btm_cook e-flex e-con e-parent\" data-id=\"d5528bc\" data-element_type=\"container\" data-settings=\"{&quot;background_background&quot;:&quot;classic&quot;}\">\n\t\t\t\t<\/div>\n\t\t\t\t<\/div>\n\t\t","protected":false},"excerpt":{"rendered":"<p>Gesti\u00f3n de cookies \u00bfQu\u00e9 es una cookie? Una cookie es un peque\u00f1o archivo inform\u00e1tico o &#8220;rastreador&#8221; que se almacena y lee, por ejemplo, cuando usted visita un sitio web, lee un correo electr\u00f3nico, instala o utiliza un software o una aplicaci\u00f3n m\u00f3vil, independientemente del tipo de dispositivo utilizado (ordenador, smartphone, lector de libros electr\u00f3nicos, consola [&hellip;]<\/p>\n","protected":false},"author":42,"featured_media":0,"parent":0,"menu_order":0,"comment_status":"closed","ping_status":"closed","template":"","meta":{"_acf_changed":false,"content-type":"","footnotes":""},"class_list":["post-263309","page","type-page","status-publish","hentry"],"acf":[],"_links":{"self":[{"href":"https:\/\/datawords.com\/es\/wp-json\/wp\/v2\/pages\/263309","targetHints":{"allow":["GET"]}}],"collection":[{"href":"https:\/\/datawords.com\/es\/wp-json\/wp\/v2\/pages"}],"about":[{"href":"https:\/\/datawords.com\/es\/wp-json\/wp\/v2\/types\/page"}],"author":[{"embeddable":true,"href":"https:\/\/datawords.com\/es\/wp-json\/wp\/v2\/users\/42"}],"replies":[{"embeddable":true,"href":"https:\/\/datawords.com\/es\/wp-json\/wp\/v2\/comments?post=263309"}],"version-history":[{"count":0,"href":"https:\/\/datawords.com\/es\/wp-json\/wp\/v2\/pages\/263309\/revisions"}],"wp:attachment":[{"href":"https:\/\/datawords.com\/es\/wp-json\/wp\/v2\/media?parent=263309"}],"curies":[{"name":"wp","href":"https:\/\/api.w.org\/{rel}","templated":true}]}}