{"id":34180,"date":"2023-07-22T12:10:27","date_gmt":"2023-07-22T10:10:27","guid":{"rendered":"https:\/\/datawords.com\/informacion-legal\/"},"modified":"2025-11-14T13:58:09","modified_gmt":"2025-11-14T12:58:09","slug":"informacion-legal","status":"publish","type":"page","link":"https:\/\/datawords.com\/es-mx\/informacion-legal\/","title":{"rendered":"Informaci\u00f3n legal"},"content":{"rendered":"\t\t<div data-elementor-type=\"wp-page\" data-elementor-id=\"34180\" class=\"elementor elementor-34180 elementor-8148\" data-elementor-post-type=\"page\">\n\t\t\t\t\t\t<section class=\"elementor-section elementor-top-section elementor-element elementor-element-8bebf8b duisc_shadow elementor-section-boxed elementor-section-height-default elementor-section-height-default\" data-id=\"8bebf8b\" data-element_type=\"section\" data-settings=\"{&quot;background_background&quot;:&quot;classic&quot;}\">\n\t\t\t\t\t\t<div class=\"elementor-container elementor-column-gap-default\">\n\t\t\t\t\t<div class=\"elementor-column elementor-col-100 elementor-top-column elementor-element elementor-element-ba8475e\" data-id=\"ba8475e\" data-element_type=\"column\">\n\t\t\t<div class=\"elementor-widget-wrap elementor-element-populated\">\n\t\t\t\t\t\t<section class=\"elementor-section elementor-inner-section elementor-element elementor-element-52a56ec elementor-section-boxed elementor-section-height-default elementor-section-height-default\" data-id=\"52a56ec\" data-element_type=\"section\">\n\t\t\t\t\t\t<div class=\"elementor-container elementor-column-gap-default\">\n\t\t\t\t\t<div class=\"elementor-column elementor-col-100 elementor-inner-column elementor-element elementor-element-b496beb\" data-id=\"b496beb\" data-element_type=\"column\">\n\t\t\t<div class=\"elementor-widget-wrap elementor-element-populated\">\n\t\t\t\t<div class=\"elementor-element elementor-element-a5d70c8 e-flex e-con-boxed e-con e-parent\" data-id=\"a5d70c8\" data-element_type=\"container\">\n\t\t\t\t\t<div class=\"e-con-inner\">\n\t\t\t\t<div class=\"elementor-element elementor-element-4dca88b textchange elementor-widget__width-initial elementor-widget elementor-widget-text-editor\" data-id=\"4dca88b\" data-element_type=\"widget\" data-widget_type=\"text-editor.default\">\n\t\t\t\t<div class=\"elementor-widget-container\">\n\t\t\t\t\t\t\t\t\t<h1><strong>INFORMACI\u00d3N <\/strong>LEGAL\n<\/h1>\t\t\t\t\t\t\t\t<\/div>\n\t\t\t\t<\/div>\n\t\t\t\t\t<\/div>\n\t\t\t\t<\/div>\n\t\t\t\t<div class=\"elementor-element elementor-element-f978f42 elementor-widget elementor-widget-heading\" data-id=\"f978f42\" data-element_type=\"widget\" data-widget_type=\"heading.default\">\n\t\t\t\t<div class=\"elementor-widget-container\">\n\t\t\t\t\t<p class=\"elementor-heading-title elementor-size-default\">El sitio Datawords (en adelante, \"el sitio\") es propiedad de Datawords Datasia, sociedad del grupo Datawords (en adelante, \"Datawords\"), con domicilio social en 66 rue de Villiers, 92300 Levallois-Perret, Francia, con un capital de 127.960\u20ac, inscrita en el Registro Mercantil de Nanterre con el n\u00famero 431 857 317, IVA FR96431857317.\n\n<\/p>\t\t\t\t<\/div>\n\t\t\t\t<\/div>\n\t\t<div class=\"elementor-element elementor-element-1d30315 e-grid e-con-full e-con e-parent\" data-id=\"1d30315\" data-element_type=\"container\">\n\t\t<div class=\"elementor-element elementor-element-d421366 e-con-full bxgra e-flex e-con e-child\" data-id=\"d421366\" data-element_type=\"container\" data-settings=\"{&quot;background_background&quot;:&quot;classic&quot;}\">\n\t\t\t\t<div class=\"elementor-element elementor-element-eb30304 elementor-widget elementor-widget-heading\" data-id=\"eb30304\" data-element_type=\"widget\" data-widget_type=\"heading.default\">\n\t\t\t\t<div class=\"elementor-widget-container\">\n\t\t\t\t\t<h2 class=\"elementor-heading-title elementor-size-default\">El sitio est\u00e1 gestionado por:\n<\/h2>\t\t\t\t<\/div>\n\t\t\t\t<\/div>\n\t\t\t\t<div class=\"elementor-element elementor-element-5602a8d elementor-widget elementor-widget-heading\" data-id=\"5602a8d\" data-element_type=\"widget\" data-widget_type=\"heading.default\">\n\t\t\t\t<div class=\"elementor-widget-container\">\n\t\t\t\t\t<p class=\"elementor-heading-title elementor-size-default\">OVH<br>\n2, rue Kellerman<br>59100 ROUBAIX<br>FRANCE<br>\nEl centro de datos est\u00e1 situado en Gravelines: <a href=\"https:\/\/www.societe.com\/etablissement\/ovh-42476141900052-4a.html\" target=\"_blank\" rel=\"noopener\">https:\/\/www.societe.com\/etablissement\/ovh-42476141900052-4a.html<\/a><br><\/p>\t\t\t\t<\/div>\n\t\t\t\t<\/div>\n\t\t\t\t<\/div>\n\t\t<div class=\"elementor-element elementor-element-2af2f72 e-con-full bxgra e-flex e-con e-child\" data-id=\"2af2f72\" data-element_type=\"container\" data-settings=\"{&quot;background_background&quot;:&quot;classic&quot;}\">\n\t\t\t\t<div class=\"elementor-element elementor-element-140a9cd elementor-widget elementor-widget-heading\" data-id=\"140a9cd\" data-element_type=\"widget\" data-widget_type=\"heading.default\">\n\t\t\t\t<div class=\"elementor-widget-container\">\n\t\t\t\t\t<h2 class=\"elementor-heading-title elementor-size-default\">El sitio es desarrollado por:<\/h2>\t\t\t\t<\/div>\n\t\t\t\t<\/div>\n\t\t\t\t<div class=\"elementor-element elementor-element-6c024aa elementor-widget elementor-widget-heading\" data-id=\"6c024aa\" data-element_type=\"widget\" data-widget_type=\"heading.default\">\n\t\t\t\t<div class=\"elementor-widget-container\">\n\t\t\t\t\t<p class=\"elementor-heading-title elementor-size-default\">Desarrollador: Serkan Sahin <br> Responsable: Alexandre Crazover <br>Correo electr\u00f3nico: <span>dpo@datawords.com<\/span><br> Tel: +33 1 75 33 80 80<\/p>\t\t\t\t<\/div>\n\t\t\t\t<\/div>\n\t\t\t\t<\/div>\n\t\t\t\t<\/div>\n\t\t\t\t<div class=\"elementor-element elementor-element-375a7a9 elementor-widget elementor-widget-heading\" data-id=\"375a7a9\" data-element_type=\"widget\" data-widget_type=\"heading.default\">\n\t\t\t\t<div class=\"elementor-widget-container\">\n\t\t\t\t\t<p class=\"elementor-heading-title elementor-size-default\">Esta informaci\u00f3n incluye las condiciones de uso del sitio por parte de los usuarios.\n\n<\/p>\t\t\t\t<\/div>\n\t\t\t\t<\/div>\n\t\t<div class=\"elementor-element elementor-element-05631ab e-con-full e-flex e-con e-parent\" data-id=\"05631ab\" data-element_type=\"container\">\n\t\t\t\t<div class=\"elementor-element elementor-element-091c427 elementor-widget elementor-widget-heading\" data-id=\"091c427\" data-element_type=\"widget\" data-widget_type=\"heading.default\">\n\t\t\t\t<div class=\"elementor-widget-container\">\n\t\t\t\t\t<h2 class=\"elementor-heading-title elementor-size-default\">Condiciones <\/h2>\t\t\t\t<\/div>\n\t\t\t\t<\/div>\n\t\t\t\t<div class=\"elementor-element elementor-element-9db2972 elementor-widget elementor-widget-heading\" data-id=\"9db2972\" data-element_type=\"widget\" data-widget_type=\"heading.default\">\n\t\t\t\t<div class=\"elementor-widget-container\">\n\t\t\t\t\t<h2 class=\"elementor-heading-title elementor-size-default\">de uso<\/h2>\t\t\t\t<\/div>\n\t\t\t\t<\/div>\n\t\t\t\t<\/div>\n\t\t\t\t<div class=\"elementor-element elementor-element-84ad762 elementor-widget elementor-widget-heading\" data-id=\"84ad762\" data-element_type=\"widget\" data-widget_type=\"heading.default\">\n\t\t\t\t<div class=\"elementor-widget-container\">\n\t\t\t\t\t<p class=\"elementor-heading-title elementor-size-default\">El sitio de Datawords describe las actividades de la agencia y presenta a sus equipos.\n\n<\/p>\t\t\t\t<\/div>\n\t\t\t\t<\/div>\n\t\t\t\t<div class=\"elementor-element elementor-element-6d5b48e elementor-widget elementor-widget-heading\" data-id=\"6d5b48e\" data-element_type=\"widget\" data-widget_type=\"heading.default\">\n\t\t\t\t<div class=\"elementor-widget-container\">\n\t\t\t\t\t<p class=\"elementor-heading-title elementor-size-default\">Se considera que todo usuario que acceda y navegue por el sitio ha aceptado estas condiciones de uso y debe cumplirlas.\n\n<\/p>\t\t\t\t<\/div>\n\t\t\t\t<\/div>\n\t\t\t\t<div class=\"elementor-element elementor-element-b111836 elementor-widget elementor-widget-heading\" data-id=\"b111836\" data-element_type=\"widget\" data-widget_type=\"heading.default\">\n\t\t\t\t<div class=\"elementor-widget-container\">\n\t\t\t\t\t<p class=\"elementor-heading-title elementor-size-default\">Estas condiciones de uso no se aplican a los m\u00f3dulos integrados en el sitio que permiten la comunicaci\u00f3n con sitios y plataformas de terceros que han determinado sus propias condiciones de uso. Invitamos a todos los usuarios a familiarizarse con las condiciones de uso de estos m\u00f3dulos poni\u00e9ndose en contacto con sus respectivos responsables.\n\n<\/p>\t\t\t\t<\/div>\n\t\t\t\t<\/div>\n\t\t\t\t<div class=\"elementor-element elementor-element-3576c78 elementor-widget elementor-widget-heading\" data-id=\"3576c78\" data-element_type=\"widget\" data-widget_type=\"heading.default\">\n\t\t\t\t<div class=\"elementor-widget-container\">\n\t\t\t\t\t<p class=\"elementor-heading-title elementor-size-default\">Estas condiciones pueden ser modificadas en cualquier momento. Cualquier modificaci\u00f3n ser\u00e1 publicada en el sitio y se considerar\u00e1 que cualquier usuario que acceda al sitio despu\u00e9s de su publicaci\u00f3n habr\u00e1 aceptado dichas modificaciones.\n\n<\/p>\t\t\t\t<\/div>\n\t\t\t\t<\/div>\n\t\t\t\t<div class=\"elementor-element elementor-element-e01362c elementor-widget elementor-widget-heading\" data-id=\"e01362c\" data-element_type=\"widget\" data-widget_type=\"heading.default\">\n\t\t\t\t<div class=\"elementor-widget-container\">\n\t\t\t\t\t<p class=\"elementor-heading-title elementor-size-default\">Las presentes condiciones de uso se rigen por la legislaci\u00f3n francesa y cualquier litigio relativo a su aplicaci\u00f3n e interpretaci\u00f3n se someter\u00e1 al tribunal de Comercio de Par\u00eds.\n\n<\/p>\t\t\t\t<\/div>\n\t\t\t\t<\/div>\n\t\t<div class=\"elementor-element elementor-element-99d4c29 e-con-full e-flex e-con e-parent\" data-id=\"99d4c29\" data-element_type=\"container\">\n\t\t\t\t<div class=\"elementor-element elementor-element-3851488 elementor-widget elementor-widget-heading\" data-id=\"3851488\" data-element_type=\"widget\" data-widget_type=\"heading.default\">\n\t\t\t\t<div class=\"elementor-widget-container\">\n\t\t\t\t\t<h2 class=\"elementor-heading-title elementor-size-default\">Propiedad\n\n<\/h2>\t\t\t\t<\/div>\n\t\t\t\t<\/div>\n\t\t\t\t<div class=\"elementor-element elementor-element-3646df2 elementor-widget elementor-widget-heading\" data-id=\"3646df2\" data-element_type=\"widget\" data-widget_type=\"heading.default\">\n\t\t\t\t<div class=\"elementor-widget-container\">\n\t\t\t\t\t<h2 class=\"elementor-heading-title elementor-size-default\"> intelectual<\/h2>\t\t\t\t<\/div>\n\t\t\t\t<\/div>\n\t\t\t\t<\/div>\n\t\t\t\t<div class=\"elementor-element elementor-element-00c8b01 elementor-widget elementor-widget-heading\" data-id=\"00c8b01\" data-element_type=\"widget\" data-widget_type=\"heading.default\">\n\t\t\t\t<div class=\"elementor-widget-container\">\n\t\t\t\t\t<p class=\"elementor-heading-title elementor-size-default\">Todos los elementos y contenidos del sitio de Datawords est\u00e1n protegidos por la ley de propiedad intelectual, incluidos, entre otros, logotipos, marcas comerciales, fotos, v\u00eddeos, textos, dibujos, gr\u00e1ficos y presentaciones.\n\n<\/p>\t\t\t\t<\/div>\n\t\t\t\t<\/div>\n\t\t\t\t<div class=\"elementor-element elementor-element-0cf85a7 elementor-widget elementor-widget-heading\" data-id=\"0cf85a7\" data-element_type=\"widget\" data-widget_type=\"heading.default\">\n\t\t\t\t<div class=\"elementor-widget-container\">\n\t\t\t\t\t<p class=\"elementor-heading-title elementor-size-default\">Cualquier reproducci\u00f3n, distribuci\u00f3n, copia, adaptaci\u00f3n o cita total o parcial de este sitio, en cualquier soporte y para cualquier fin, est\u00e1 estrictamente prohibida sin la autorizaci\u00f3n previa del titular de los derechos, Datawords, salvo que se indique lo contrario.\n\n<\/p>\t\t\t\t<\/div>\n\t\t\t\t<\/div>\n\t\t\t\t<div class=\"elementor-element elementor-element-8a7d750 elementor-widget elementor-widget-heading\" data-id=\"8a7d750\" data-element_type=\"widget\" data-widget_type=\"heading.default\">\n\t\t\t\t<div class=\"elementor-widget-container\">\n\t\t\t\t\t<p class=\"elementor-heading-title elementor-size-default\">Datawords rechaza expl\u00edcitamente que todo o parte del contenido de su sitio, o cualquiera de los elementos que lo componen o que se publican en \u00e9l, sea utilizado por cualquier forma de inteligencia artificial.\n\n<\/p>\t\t\t\t<\/div>\n\t\t\t\t<\/div>\n\t\t<div class=\"elementor-element elementor-element-6e0ab3d e-con-full e-flex e-con e-parent\" data-id=\"6e0ab3d\" data-element_type=\"container\">\n\t\t\t\t<div class=\"elementor-element elementor-element-47e3db4 elementor-widget elementor-widget-heading\" data-id=\"47e3db4\" data-element_type=\"widget\" data-widget_type=\"heading.default\">\n\t\t\t\t<div class=\"elementor-widget-container\">\n\t\t\t\t\t<h2 class=\"elementor-heading-title elementor-size-default\">Enlaces entre el sitio de Datawords \n<\/h2>\t\t\t\t<\/div>\n\t\t\t\t<\/div>\n\t\t\t\t<div class=\"elementor-element elementor-element-f3cc6bb elementor-widget elementor-widget-heading\" data-id=\"f3cc6bb\" data-element_type=\"widget\" data-widget_type=\"heading.default\">\n\t\t\t\t<div class=\"elementor-widget-container\">\n\t\t\t\t\t<h2 class=\"elementor-heading-title elementor-size-default\">y sitios externos\n<\/h2>\t\t\t\t<\/div>\n\t\t\t\t<\/div>\n\t\t\t\t<\/div>\n\t\t\t\t<div class=\"elementor-element elementor-element-512e69c elementor-widget elementor-widget-heading\" data-id=\"512e69c\" data-element_type=\"widget\" data-widget_type=\"heading.default\">\n\t\t\t\t<div class=\"elementor-widget-container\">\n\t\t\t\t\t<p class=\"elementor-heading-title elementor-size-default\">Cualquier enlace desde un sitio externo al sitio de Datawords est\u00e1 sujeto a la autorizaci\u00f3n previa de Datawords, que se reserva el derecho de emprender acciones legales contra cualquier infractor. Sin embargo, la oferta de aplicaciones y m\u00f3dulos que ofrezcan esta posibilidad requiere una autorizaci\u00f3n de Datawords.\n\n<\/p>\t\t\t\t<\/div>\n\t\t\t\t<\/div>\n\t\t\t\t<div class=\"elementor-element elementor-element-bc1e0c3 elementor-widget elementor-widget-heading\" data-id=\"bc1e0c3\" data-element_type=\"widget\" data-widget_type=\"heading.default\">\n\t\t\t\t<div class=\"elementor-widget-container\">\n\t\t\t\t\t<p class=\"elementor-heading-title elementor-size-default\">Datawords no asume ninguna responsabilidad por los enlaces a este sitio desde sitios externos y no puede presumirse que est\u00e9 asociado con el contenido de dichos sitios de terceros por el mero hecho de la existencia de tales enlaces.\n\n<\/p>\t\t\t\t<\/div>\n\t\t\t\t<\/div>\n\t\t\t\t<div class=\"elementor-element elementor-element-8a7c1ec elementor-widget elementor-widget-heading\" data-id=\"8a7c1ec\" data-element_type=\"widget\" data-widget_type=\"heading.default\">\n\t\t\t\t<div class=\"elementor-widget-container\">\n\t\t\t\t\t<p class=\"elementor-heading-title elementor-size-default\">El sitio contiene enlaces a otros sitios del grupo Datawords, sitios asociados y\/o sitios de terceros. Datawords no ejerce ning\u00fan control sobre estos sitios de terceros y no se hace responsable en ning\u00fan caso de su contenido ni de sus condiciones de uso, especialmente en lo que respecta a la privacidad. Datawords no se hace responsable en ning\u00fan caso de los da\u00f1os sufridos en un sitio al que uno de sus usuarios haya sido redirigido.\n\n<\/p>\t\t\t\t<\/div>\n\t\t\t\t<\/div>\n\t\t\t\t<div class=\"elementor-element elementor-element-61c360a elementor-widget elementor-widget-heading\" data-id=\"61c360a\" data-element_type=\"widget\" data-widget_type=\"heading.default\">\n\t\t\t\t<div class=\"elementor-widget-container\">\n\t\t\t\t\t<p class=\"elementor-heading-title elementor-size-default\">Datawords tampoco se hace responsable en ning\u00fan caso del contenido de los sitios externos accesibles desde el sitio.\n\n<\/p>\t\t\t\t<\/div>\n\t\t\t\t<\/div>\n\t\t\t\t<div class=\"elementor-element elementor-element-974eaaf elementor-widget elementor-widget-heading\" data-id=\"974eaaf\" data-element_type=\"widget\" data-widget_type=\"heading.default\">\n\t\t\t\t<div class=\"elementor-widget-container\">\n\t\t\t\t\t<h2 class=\"elementor-heading-title elementor-size-default\">RESPONSABILIDAD<\/h2>\t\t\t\t<\/div>\n\t\t\t\t<\/div>\n\t\t\t\t<div class=\"elementor-element elementor-element-7ea8611 elementor-widget elementor-widget-heading\" data-id=\"7ea8611\" data-element_type=\"widget\" data-widget_type=\"heading.default\">\n\t\t\t\t<div class=\"elementor-widget-container\">\n\t\t\t\t\t<p class=\"elementor-heading-title elementor-size-default\">Datawords actualiza regularmente el contenido y los sistemas del sitio para garantizar que los usuarios puedan acceder y utilizar el sitio en las mejores condiciones posibles.\n\n<\/p>\t\t\t\t<\/div>\n\t\t\t\t<\/div>\n\t\t\t\t<div class=\"elementor-element elementor-element-6cf5430 elementor-widget elementor-widget-heading\" data-id=\"6cf5430\" data-element_type=\"widget\" data-widget_type=\"heading.default\">\n\t\t\t\t<div class=\"elementor-widget-container\">\n\t\t\t\t\t<p class=\"elementor-heading-title elementor-size-default\">Sin embargo, Datawords no puede garantizar en tiempo real que el contenido publicado en el sitio est\u00e9 actualizado, sea exhaustivo, exacto o completo.\n\n<\/p>\t\t\t\t<\/div>\n\t\t\t\t<\/div>\n\t\t\t\t<div class=\"elementor-element elementor-element-58c3249 elementor-widget elementor-widget-heading\" data-id=\"58c3249\" data-element_type=\"widget\" data-widget_type=\"heading.default\">\n\t\t\t\t<div class=\"elementor-widget-container\">\n\t\t\t\t\t<p class=\"elementor-heading-title elementor-size-default\">Los usuarios son totalmente conscientes de que el contenido del sitio se proporciona \u00fanicamente de manera informativa.\n\n<\/p>\t\t\t\t<\/div>\n\t\t\t\t<\/div>\n\t\t\t\t<div class=\"elementor-element elementor-element-2c128e3 elementor-widget elementor-widget-heading\" data-id=\"2c128e3\" data-element_type=\"widget\" data-widget_type=\"heading.default\">\n\t\t\t\t<div class=\"elementor-widget-container\">\n\t\t\t\t\t<p class=\"elementor-heading-title elementor-size-default\">Datawords no se hace responsable de los inconvenientes o da\u00f1os causados a un usuario por la acci\u00f3n de un tercero que haya utilizado, por procedimientos t\u00e9cnicos no autorizados, la informaci\u00f3n publicada en el sitio. No obstante, la empresa se compromete a utilizar todos los medios disponibles para luchar contra cualquier acci\u00f3n de este tipo, aunque est\u00e9 limitada por las restricciones inherentes a Internet.\n\n<\/p>\t\t\t\t<\/div>\n\t\t\t\t<\/div>\n\t\t\t\t<div class=\"elementor-element elementor-element-2ffcccb elementor-widget elementor-widget-heading\" data-id=\"2ffcccb\" data-element_type=\"widget\" data-widget_type=\"heading.default\">\n\t\t\t\t<div class=\"elementor-widget-container\">\n\t\t\t\t\t<p class=\"elementor-heading-title elementor-size-default\">La empresa no se responsabiliza de los da\u00f1os sufridos, en particular en cuanto a la calidad de la red de Internet y\/o de las configuraciones t\u00e9cnicas.\n\n<\/p>\t\t\t\t<\/div>\n\t\t\t\t<\/div>\n\t\t\t\t<div class=\"elementor-element elementor-element-c508eb8 elementor-widget elementor-widget-heading\" data-id=\"c508eb8\" data-element_type=\"widget\" data-widget_type=\"heading.default\">\n\t\t\t\t<div class=\"elementor-widget-container\">\n\t\t\t\t\t<p class=\"elementor-heading-title elementor-size-default\">El sitio se ha desarrollado en un entorno t\u00e9cnico elegido por Datawords que se actualiza para garantizar la accesibilidad. No obstante, Datawords no garantiza en ning\u00fan caso la accesibilidad total del sitio ni la ausencia de errores o fallos inform\u00e1ticos. Si un usuario encuentra alg\u00fan problema durante su navegaci\u00f3n por el sitio, le rogamos que lo comunique al administrador del sitio web por correo electr\u00f3nico, si bien Datawords no tiene la obligaci\u00f3n de resolver dicho problema.\n\n<\/p>\t\t\t\t<\/div>\n\t\t\t\t<\/div>\n\t\t\t\t<div class=\"elementor-element elementor-element-363a27b elementor-widget elementor-widget-heading\" data-id=\"363a27b\" data-element_type=\"widget\" data-widget_type=\"heading.default\">\n\t\t\t\t<div class=\"elementor-widget-container\">\n\t\t\t\t\t<p class=\"elementor-heading-title elementor-size-default\">Datawords no se responsabiliza de ning\u00fan mal funcionamiento, error inform\u00e1tico o deterioro de cualquier m\u00f3dulo externo, o causado por este m\u00f3dulo externo, que permita la comunicaci\u00f3n con sitios\/plataformas externas cuya gesti\u00f3n y control sean exclusivos de estos m\u00f3dulos.\n\n<\/p>\t\t\t\t<\/div>\n\t\t\t\t<\/div>\n\t\t\t\t<div class=\"elementor-element elementor-element-d765844 elementor-widget elementor-widget-heading\" data-id=\"d765844\" data-element_type=\"widget\" data-widget_type=\"heading.default\">\n\t\t\t\t<div class=\"elementor-widget-container\">\n\t\t\t\t\t<p class=\"elementor-heading-title elementor-size-default\">Datawords tendr\u00e1 derecho a emprender acciones legales contra cualquier persona que, por cualquier medio, cause da\u00f1os al sitio Datawords, ya sea a su estructura t\u00e9cnica o al contenido publicado (copia ilegal, pirater\u00eda, env\u00edo de un archivo malicioso, etc.).\n\n<\/p>\t\t\t\t<\/div>\n\t\t\t\t<\/div>\n\t\t\t\t<div class=\"elementor-element elementor-element-60ba7d0 elementor-widget elementor-widget-heading\" data-id=\"60ba7d0\" data-element_type=\"widget\" data-widget_type=\"heading.default\">\n\t\t\t\t<div class=\"elementor-widget-container\">\n\t\t\t\t\t<p class=\"elementor-heading-title elementor-size-default\">\u00a9 Datawords 2025<\/p>\t\t\t\t<\/div>\n\t\t\t\t<\/div>\n\t\t\t\t\t<\/div>\n\t\t<\/div>\n\t\t\t\t\t<\/div>\n\t\t<\/section>\n\t\t\t\t\t<\/div>\n\t\t<\/div>\n\t\t\t\t\t<\/div>\n\t\t<\/section>\n\t\t\t\t<\/div>\n\t\t","protected":false},"excerpt":{"rendered":"<p>INFORMACI\u00d3N LEGAL El sitio Datawords (en adelante, &#8220;el sitio&#8221;) es propiedad de Datawords Datasia, sociedad del grupo Datawords (en adelante, &#8220;Datawords&#8221;), con domicilio social en 66 rue de Villiers, 92300 Levallois-Perret, Francia, con un capital de 127.960\u20ac, inscrita en el Registro Mercantil de Nanterre con el n\u00famero 431 857 317, IVA FR96431857317. El sitio est\u00e1 [&hellip;]<\/p>\n","protected":false},"author":42,"featured_media":0,"parent":0,"menu_order":0,"comment_status":"closed","ping_status":"closed","template":"","meta":{"_acf_changed":false,"content-type":"","footnotes":""},"class_list":["post-34180","page","type-page","status-publish","hentry"],"acf":[],"_links":{"self":[{"href":"https:\/\/datawords.com\/es-mx\/wp-json\/wp\/v2\/pages\/34180","targetHints":{"allow":["GET"]}}],"collection":[{"href":"https:\/\/datawords.com\/es-mx\/wp-json\/wp\/v2\/pages"}],"about":[{"href":"https:\/\/datawords.com\/es-mx\/wp-json\/wp\/v2\/types\/page"}],"author":[{"embeddable":true,"href":"https:\/\/datawords.com\/es-mx\/wp-json\/wp\/v2\/users\/42"}],"replies":[{"embeddable":true,"href":"https:\/\/datawords.com\/es-mx\/wp-json\/wp\/v2\/comments?post=34180"}],"version-history":[{"count":0,"href":"https:\/\/datawords.com\/es-mx\/wp-json\/wp\/v2\/pages\/34180\/revisions"}],"wp:attachment":[{"href":"https:\/\/datawords.com\/es-mx\/wp-json\/wp\/v2\/media?parent=34180"}],"curies":[{"name":"wp","href":"https:\/\/api.w.org\/{rel}","templated":true}]}}