{"id":34133,"date":"2023-06-29T10:22:48","date_gmt":"2023-06-29T08:22:48","guid":{"rendered":"https:\/\/datawords.com\/campana-de-comunicacion-multicultural\/"},"modified":"2025-11-14T13:22:17","modified_gmt":"2025-11-14T12:22:17","slug":"campana-de-comunicacion-multicultural","status":"publish","type":"page","link":"https:\/\/datawords.com\/es-mx\/campana-de-comunicacion-multicultural\/","title":{"rendered":"Campa\u00f1a de comunicaci\u00f3n multicultural"},"content":{"rendered":"\t\t<div data-elementor-type=\"wp-page\" data-elementor-id=\"34133\" class=\"elementor elementor-34133 elementor-6375\" data-elementor-post-type=\"page\">\n\t\t\t\t<div class=\"elementor-element elementor-element-fdfade8 e-flex e-con-boxed e-con e-parent\" data-id=\"fdfade8\" data-element_type=\"container\" data-settings=\"{&quot;background_background&quot;:&quot;video&quot;,&quot;background_play_on_mobile&quot;:&quot;yes&quot;,&quot;background_video_link&quot;:&quot;https:\\\/\\\/datawords.com\\\/wp-content\\\/uploads\\\/2025\\\/07\\\/showreel_87s_part_of_datawords-1080p.mp4&quot;}\">\n\t\t\t\t\t<div class=\"e-con-inner\">\n\t\t<div class=\"elementor-background-video-container\" aria-hidden=\"true\">\n\t\t\t\t\t\t\t<video class=\"elementor-background-video-hosted\" autoplay muted playsinline loop><\/video>\n\t\t\t\t\t<\/div><div class=\"elementor-element elementor-element-d1f0d06 e-con-full e-flex e-con e-child\" data-id=\"d1f0d06\" data-element_type=\"container\">\n\t\t\t\t<div class=\"elementor-element elementor-element-f9b44da textchange elementor-widget__width-initial elementor-hidden-desktop elementor-hidden-tablet elementor-widget elementor-widget-text-editor\" data-id=\"f9b44da\" data-element_type=\"widget\" data-widget_type=\"text-editor.default\">\n\t\t\t\t<div class=\"elementor-widget-container\">\n\t\t\t\t\t\t\t\t\t<h1><strong>\u00a1Cree contenido que llegue al coraz\u00f3n<\/strong> <br>de cada cultura!<\/h1>\t\t\t\t\t\t\t\t<\/div>\n\t\t\t\t<\/div>\n\t\t\t\t<div class=\"elementor-element elementor-element-8a23934 textchange elementor-widget__width-initial elementor-hidden-mobile elementor-widget elementor-widget-text-editor\" data-id=\"8a23934\" data-element_type=\"widget\" data-widget_type=\"text-editor.default\">\n\t\t\t\t<div class=\"elementor-widget-container\">\n\t\t\t\t\t\t\t\t\t<h1><strong>\u00a1Cree contenido que llegue al coraz\u00f3n<\/strong> de cada cultura!<\/h1>\t\t\t\t\t\t\t\t<\/div>\n\t\t\t\t<\/div>\n\t\t\t\t<\/div>\n\t\t\t\t\t<\/div>\n\t\t\t\t<\/div>\n\t\t<div class=\"elementor-element elementor-element-c2af794 nos-valeurs e-flex e-con-boxed e-con e-parent\" data-id=\"c2af794\" data-element_type=\"container\" data-settings=\"{&quot;background_background&quot;:&quot;gradient&quot;}\">\n\t\t\t\t\t<div class=\"e-con-inner\">\n\t\t<div class=\"elementor-element elementor-element-fe99e3a e-con-full e-flex e-con e-child\" data-id=\"fe99e3a\" data-element_type=\"container\">\n\t\t<div class=\"elementor-element elementor-element-80469f7 e-con-full e-flex e-con e-child\" data-id=\"80469f7\" data-element_type=\"container\">\n\t\t\t\t<div class=\"elementor-element elementor-element-277cb8b elementor-widget elementor-widget-heading\" data-id=\"277cb8b\" data-element_type=\"widget\" data-widget_type=\"heading.default\">\n\t\t\t\t<div class=\"elementor-widget-container\">\n\t\t\t\t\t<p class=\"elementor-heading-title elementor-size-default\">Los consumidores no recuerdan necesariamente lo que les ha dicho, pero s\u00ed las emociones que les ha hecho sentir. Ahora bien, \u00a1las emociones est\u00e1n directamente relacionadas con la cultura!\n\n<\/p>\t\t\t\t<\/div>\n\t\t\t\t<\/div>\n\t\t\t\t<div class=\"elementor-element elementor-element-a56dd40 elementor-widget__width-initial elementor-widget elementor-widget-heading\" data-id=\"a56dd40\" data-element_type=\"widget\" data-widget_type=\"heading.default\">\n\t\t\t\t<div class=\"elementor-widget-container\">\n\t\t\t\t\t<h4 class=\"elementor-heading-title elementor-size-default\">Por este motivo, en Datawords creamos y adaptamos contenidos de marca que revelan las sensibilidades emocionales espec\u00edficas de cada cultura desde cualquier lugar, en cualquier momento y en cualquier canal.\n\n<\/h4>\t\t\t\t<\/div>\n\t\t\t\t<\/div>\n\t\t\t\t<\/div>\n\t\t\t\t<\/div>\n\t\t\t\t\t<\/div>\n\t\t\t\t<\/div>\n\t\t<div class=\"elementor-element elementor-element-53daeb0 notre-kredos e-flex e-con-boxed e-con e-parent\" data-id=\"53daeb0\" data-element_type=\"container\" data-settings=\"{&quot;background_background&quot;:&quot;classic&quot;}\">\n\t\t\t\t\t<div class=\"e-con-inner\">\n\t\t<div class=\"elementor-element elementor-element-dfab75f e-flex e-con-boxed e-con e-child\" data-id=\"dfab75f\" data-element_type=\"container\">\n\t\t\t\t\t<div class=\"e-con-inner\">\n\t\t\t\t<div class=\"elementor-element elementor-element-ac68d24 elementor-widget elementor-widget-heading\" data-id=\"ac68d24\" data-element_type=\"widget\" data-widget_type=\"heading.default\">\n\t\t\t\t<div class=\"elementor-widget-container\">\n\t\t\t\t\t<h2 class=\"elementor-heading-title elementor-size-default\">NUESTRO\n<\/h2>\t\t\t\t<\/div>\n\t\t\t\t<\/div>\n\t\t\t\t<div class=\"elementor-element elementor-element-070c74e elementor-widget elementor-widget-heading\" data-id=\"070c74e\" data-element_type=\"widget\" data-widget_type=\"heading.default\">\n\t\t\t\t<div class=\"elementor-widget-container\">\n\t\t\t\t\t<h2 class=\"elementor-heading-title elementor-size-default\">ENFOQUE<\/h2>\t\t\t\t<\/div>\n\t\t\t\t<\/div>\n\t\t\t\t\t<\/div>\n\t\t\t\t<\/div>\n\t\t<div class=\"elementor-element elementor-element-3eb19b2 notre-kredo e-flex e-con-boxed e-con e-child\" data-id=\"3eb19b2\" data-element_type=\"container\">\n\t\t\t\t\t<div class=\"e-con-inner\">\n\t\t<div class=\"elementor-element elementor-element-3f85060 e-con-full shape-content-right e-flex e-con e-child\" data-id=\"3f85060\" data-element_type=\"container\">\n\t\t\t\t<div class=\"elementor-element elementor-element-9b36823 employees-matter elementor-widget elementor-widget-image-box\" data-id=\"9b36823\" data-element_type=\"widget\" data-widget_type=\"image-box.default\">\n\t\t\t\t<div class=\"elementor-widget-container\">\n\t\t\t\t\t<div class=\"elementor-image-box-wrapper\"><div class=\"elementor-image-box-content\"><h3 class=\"elementor-image-box-title\">La singularidad cultural como centro de la creaci\u00f3n<\/h3><p class=\"elementor-image-box-description\">Gracias a la recopilaci\u00f3n y el an\u00e1lisis de datos locales en m\u00e1s de 25 pa\u00edses, somos capaces de comprender las caracter\u00edsticas espec\u00edficas de sus mercados. A continuaci\u00f3n, recomendamos una estrategia creativa y una producci\u00f3n de contenidos adecuadas para satisfacer las necesidades de adaptaci\u00f3n cultural. Ofrecemos asistencia desde el inicio del proyecto hasta la implantaci\u00f3n de los contenidos, en m\u00e1s de 160 pa\u00edses. Gracias a nuestra organizaci\u00f3n descentralizada, gestionamos la \u00faltima etapa (o \"\u00faltima milla\") de la creaci\u00f3n local, teniendo en cuenta los condicionantes globales.\n\n<\/p><\/div><\/div>\t\t\t\t<\/div>\n\t\t\t\t<\/div>\n\t\t\t\t<\/div>\n\t\t<div class=\"elementor-element elementor-element-e315bf2 e-con-full shape-content-right e-flex e-con e-child\" data-id=\"e315bf2\" data-element_type=\"container\">\n\t\t\t\t<div class=\"elementor-element elementor-element-7345aa1 employees-matter elementor-widget elementor-widget-image-box\" data-id=\"7345aa1\" data-element_type=\"widget\" data-widget_type=\"image-box.default\">\n\t\t\t\t<div class=\"elementor-widget-container\">\n\t\t\t\t\t<div class=\"elementor-image-box-wrapper\"><div class=\"elementor-image-box-content\"><h3 class=\"elementor-image-box-title\">Un estudio multicultural en el coraz\u00f3n de nuestro modelo<\/h3><p class=\"elementor-image-box-description\">Con el fin de reforzar la imagen de su marca en todas las culturas, contamos con instalaciones para la producci\u00f3n y postproducci\u00f3n (audio, foto y v\u00eddeo) en todos los continentes. Estos estudios no solo le permitir\u00e1n llevar a cabo sus proyectos internacionales, sino tambi\u00e9n responder con gran rapidez a las necesidades de sus equipos locales, manteniendo al mismo tiempo la coherencia de marca.\n\n<\/p><\/div><\/div>\t\t\t\t<\/div>\n\t\t\t\t<\/div>\n\t\t\t\t<\/div>\n\t\t\t\t\t<\/div>\n\t\t\t\t<\/div>\n\t\t\t\t\t<\/div>\n\t\t\t\t<\/div>\n\t\t<div class=\"elementor-element elementor-element-56779f3 e-flex e-con-boxed e-con e-parent\" data-id=\"56779f3\" data-element_type=\"container\" data-settings=\"{&quot;background_background&quot;:&quot;classic&quot;}\">\n\t\t\t\t\t<div class=\"e-con-inner\">\n\t\t<div class=\"elementor-element elementor-element-7c9dc92 e-con-full e-flex e-con e-child\" data-id=\"7c9dc92\" data-element_type=\"container\" data-settings=\"{&quot;background_background&quot;:&quot;gradient&quot;}\">\n\t\t\t\t<div class=\"elementor-element elementor-element-7e9296a elementor-widget elementor-widget-image\" data-id=\"7e9296a\" data-element_type=\"widget\" data-widget_type=\"image.default\">\n\t\t\t\t<div class=\"elementor-widget-container\">\n\t\t\t\t\t\t\t\t\t\t\t\t\t\t\t<img decoding=\"async\" width=\"84\" height=\"63\" src=\"https:\/\/datawords.com\/wp-content\/uploads\/2025\/10\/2-3.png\" class=\"attachment-full size-full wp-image-280164\" alt=\"\" \/>\t\t\t\t\t\t\t\t\t\t\t\t\t\t\t<\/div>\n\t\t\t\t<\/div>\n\t\t\t\t<div class=\"elementor-element elementor-element-d9c8cdb elementor-widget elementor-widget-heading\" data-id=\"d9c8cdb\" data-element_type=\"widget\" data-widget_type=\"heading.default\">\n\t\t\t\t<div class=\"elementor-widget-container\">\n\t\t\t\t\t<p class=\"elementor-heading-title elementor-size-default\">Al integrar los datos multiculturales desde la fase de creaci\u00f3n, impulsamos el crecimiento internacional de las marcas manteniendo la coherencia global.\n\n<\/p>\t\t\t\t<\/div>\n\t\t\t\t<\/div>\n\t\t\t\t<div class=\"elementor-element elementor-element-c23a36c elementor-widget__width-auto elementor-widget elementor-widget-heading\" data-id=\"c23a36c\" data-element_type=\"widget\" data-widget_type=\"heading.default\">\n\t\t\t\t<div class=\"elementor-widget-container\">\n\t\t\t\t\t<h2 class=\"elementor-heading-title elementor-size-default\">J\u00e9r\u00f4me Houdry<\/h2>\t\t\t\t<\/div>\n\t\t\t\t<\/div>\n\t\t\t\t<div class=\"elementor-element elementor-element-0e96b02 elementor-widget elementor-widget-heading\" data-id=\"0e96b02\" data-element_type=\"widget\" data-widget_type=\"heading.default\">\n\t\t\t\t<div class=\"elementor-widget-container\">\n\t\t\t\t\t<p class=\"elementor-heading-title elementor-size-default\">Director General de 87 Seconds*\n<\/p>\t\t\t\t<\/div>\n\t\t\t\t<\/div>\n\t\t\t\t<div class=\"elementor-element elementor-element-4713631 elementor-widget elementor-widget-heading\" data-id=\"4713631\" data-element_type=\"widget\" data-widget_type=\"heading.default\">\n\t\t\t\t<div class=\"elementor-widget-container\">\n\t\t\t\t\t<p class=\"elementor-heading-title elementor-size-default\">* Agencia creativa de Datawords\n<\/p>\t\t\t\t<\/div>\n\t\t\t\t<\/div>\n\t\t\t\t<\/div>\n\t\t\t\t\t<\/div>\n\t\t\t\t<\/div>\n\t\t\t\t<\/div>\n\t\t","protected":false},"excerpt":{"rendered":"<p>\u00a1Cree contenido que llegue al coraz\u00f3n de cada cultura! \u00a1Cree contenido que llegue al coraz\u00f3n de cada cultura! Los consumidores no recuerdan necesariamente lo que les ha dicho, pero s\u00ed las emociones que les ha hecho sentir. Ahora bien, \u00a1las emociones est\u00e1n directamente relacionadas con la cultura! Por este motivo, en Datawords creamos y adaptamos [&hellip;]<\/p>\n","protected":false},"author":42,"featured_media":34139,"parent":0,"menu_order":0,"comment_status":"closed","ping_status":"closed","template":"","meta":{"_acf_changed":false,"content-type":"","footnotes":""},"class_list":["post-34133","page","type-page","status-publish","has-post-thumbnail","hentry"],"acf":[],"_links":{"self":[{"href":"https:\/\/datawords.com\/es-mx\/wp-json\/wp\/v2\/pages\/34133","targetHints":{"allow":["GET"]}}],"collection":[{"href":"https:\/\/datawords.com\/es-mx\/wp-json\/wp\/v2\/pages"}],"about":[{"href":"https:\/\/datawords.com\/es-mx\/wp-json\/wp\/v2\/types\/page"}],"author":[{"embeddable":true,"href":"https:\/\/datawords.com\/es-mx\/wp-json\/wp\/v2\/users\/42"}],"replies":[{"embeddable":true,"href":"https:\/\/datawords.com\/es-mx\/wp-json\/wp\/v2\/comments?post=34133"}],"version-history":[{"count":0,"href":"https:\/\/datawords.com\/es-mx\/wp-json\/wp\/v2\/pages\/34133\/revisions"}],"wp:featuredmedia":[{"embeddable":true,"href":"https:\/\/datawords.com\/es-mx\/wp-json\/wp\/v2\/media\/34139"}],"wp:attachment":[{"href":"https:\/\/datawords.com\/es-mx\/wp-json\/wp\/v2\/media?parent=34133"}],"curies":[{"name":"wp","href":"https:\/\/api.w.org\/{rel}","templated":true}]}}