{"id":294038,"date":"2025-07-09T13:32:11","date_gmt":"2025-07-09T11:32:11","guid":{"rendered":"https:\/\/datawords.com\/chat-bot\/"},"modified":"2025-12-03T10:04:23","modified_gmt":"2025-12-03T09:04:23","slug":"chat-bot","status":"publish","type":"page","link":"https:\/\/datawords.com\/es-mx\/chat-bot\/","title":{"rendered":"Chat Bot"},"content":{"rendered":"\t\t<div data-elementor-type=\"wp-page\" data-elementor-id=\"294038\" class=\"elementor elementor-294038 elementor-185052\" data-elementor-post-type=\"page\">\n\t\t\t\t<div class=\"elementor-element elementor-element-2b1b811 e-flex e-con-boxed e-con e-parent\" data-id=\"2b1b811\" data-element_type=\"container\" data-settings=\"{&quot;background_background&quot;:&quot;classic&quot;}\">\n\t\t\t\t\t<div class=\"e-con-inner\">\n\t\t<div class=\"elementor-element elementor-element-211a8b1 e-con-full e-flex e-con e-child\" data-id=\"211a8b1\" data-element_type=\"container\">\n\t\t\t\t<div class=\"elementor-element elementor-element-596868a textchange elementor-widget__width-initial elementor-widget-mobile__width-inherit elementor-hidden-mobile elementor-widget elementor-widget-text-editor\" data-id=\"596868a\" data-element_type=\"widget\" data-widget_type=\"text-editor.default\">\n\t\t\t\t<div class=\"elementor-widget-container\">\n\t\t\t\t\t\t\t\t\t<h1>Compromiso del cliente <strong><br>y herramientas conversacionales<\/strong><\/h1>\t\t\t\t\t\t\t\t<\/div>\n\t\t\t\t<\/div>\n\t\t\t\t<div class=\"elementor-element elementor-element-2945dd2 textchange elementor-widget__width-initial elementor-widget-mobile__width-inherit elementor-hidden-desktop elementor-hidden-tablet elementor-widget elementor-widget-text-editor\" data-id=\"2945dd2\" data-element_type=\"widget\" data-widget_type=\"text-editor.default\">\n\t\t\t\t<div class=\"elementor-widget-container\">\n\t\t\t\t\t\t\t\t\t<h1>Compromiso del cliente <strong>y herramientas conversacionales<\/strong><\/h1>\t\t\t\t\t\t\t\t<\/div>\n\t\t\t\t<\/div>\n\t\t\t\t<\/div>\n\t\t\t\t\t<\/div>\n\t\t\t\t<\/div>\n\t\t<div class=\"elementor-element elementor-element-8ff7248 pourquoi-datawords e-flex e-con-boxed e-con e-parent\" data-id=\"8ff7248\" data-element_type=\"container\" data-settings=\"{&quot;background_background&quot;:&quot;classic&quot;}\">\n\t\t\t\t\t<div class=\"e-con-inner\">\n\t\t<div class=\"elementor-element elementor-element-ea60af2 e-con-full e-flex e-con e-child\" data-id=\"ea60af2\" data-element_type=\"container\">\n\t\t\t\t<div class=\"elementor-element elementor-element-486e42e elementor-widget-mobile__width-inherit elementor-widget elementor-widget-text-editor\" data-id=\"486e42e\" data-element_type=\"widget\" data-widget_type=\"text-editor.default\">\n\t\t\t\t<div class=\"elementor-widget-container\">\n\t\t\t\t\t\t\t\t\tEn un panorama digital en constante cambio en el que las empresas dan cada vez m\u00e1s importancia a la interacci\u00f3n con el cliente, el comercio conversacional se ha convertido en una estrategia esencial para interactuar con los consumidores de una forma m\u00e1s personalizada y atractiva: asistentes de chat en directo en los sitios de comercio electr\u00f3nico, clienteling en aplicaciones de mensajer\u00eda para tiendas minoristas, automatizaci\u00f3n de marketing y CRM a trav\u00e9s de chatbots y mucho m\u00e1s.\t\t\t\t\t\t\t\t<\/div>\n\t\t\t\t<\/div>\n\t\t\t\t<div class=\"elementor-element elementor-element-736dfe9 textchange elementor-widget__width-initial elementor-widget-mobile__width-inherit elementor-hidden-desktop elementor-hidden-tablet elementor-widget elementor-widget-text-editor\" data-id=\"736dfe9\" data-element_type=\"widget\" data-widget_type=\"text-editor.default\">\n\t\t\t\t<div class=\"elementor-widget-container\">\n\t\t\t\t\t\t\t\t\t<h2><strong>nuestra<\/strong>\nexperiencia<\/h2> \t\t\t\t\t\t\t\t<\/div>\n\t\t\t\t<\/div>\n\t\t\t\t<div class=\"elementor-element elementor-element-afba9d8 textchange elementor-widget__width-initial elementor-widget-mobile__width-inherit elementor-hidden-mobile elementor-widget elementor-widget-text-editor\" data-id=\"afba9d8\" data-element_type=\"widget\" data-widget_type=\"text-editor.default\">\n\t\t\t\t<div class=\"elementor-widget-container\">\n\t\t\t\t\t\t\t\t\t<h2><strong>Nuestra<\/strong> Experiencia<\/h2>\t\t\t\t\t\t\t\t<\/div>\n\t\t\t\t<\/div>\n\t\t\t\t<div class=\"elementor-element elementor-element-d5bb76e elementor-widget-mobile__width-inherit elementor-widget elementor-widget-text-editor\" data-id=\"d5bb76e\" data-element_type=\"widget\" data-widget_type=\"text-editor.default\">\n\t\t\t\t<div class=\"elementor-widget-container\">\n\t\t\t\t\t\t\t\t\tAprovechando tecnolog\u00edas como el procesamiento del lenguaje natural, el reconocimiento del habla y la inteligencia artificial generativa (IA generativa), estamos explotando el potencial del comercio conversacional para reforzar la presencia de la marca y aumentar las ventas a trav\u00e9s de plataformas de mensajer\u00eda instant\u00e1nea.\n\n\t\t\t\t\t\t\t\t<\/div>\n\t\t\t\t<\/div>\n\t\t\t\t<\/div>\n\t\t<div class=\"elementor-element elementor-element-74e61a3 notre-expertise e-con-full e-flex e-con e-child\" data-id=\"74e61a3\" data-element_type=\"container\" data-settings=\"{&quot;background_background&quot;:&quot;classic&quot;}\">\n\t\t<div class=\"elementor-element elementor-element-2f1a5e5 e-con-full notre-kredo e-flex e-con e-child\" data-id=\"2f1a5e5\" data-element_type=\"container\" data-settings=\"{&quot;background_background&quot;:&quot;classic&quot;}\">\n\t\t<div class=\"elementor-element elementor-element-0b9a854 e-con-full shape-content-right e-flex e-con e-child\" data-id=\"0b9a854\" data-element_type=\"container\" data-settings=\"{&quot;background_background&quot;:&quot;classic&quot;}\">\n\t\t\t\t<div class=\"elementor-element elementor-element-2a6ce01 elementor-widget elementor-widget-image-box\" data-id=\"2a6ce01\" data-element_type=\"widget\" data-widget_type=\"image-box.default\">\n\t\t\t\t<div class=\"elementor-widget-container\">\n\t\t\t\t\t<div class=\"elementor-image-box-wrapper\"><div class=\"elementor-image-box-content\"><h3 class=\"elementor-image-box-title\">Soluciones omnicanal flexibles<\/h3><p class=\"elementor-image-box-description\">Con Whatsquare, nuestra filial especializada en comercio conversacional y l\u00edder del mercado de chatbots en Asia, podemos ofrecerle soluciones multiling\u00fces que faciliten las interacciones con sus clientes en todas las plataformas de mensajer\u00eda relevantes, como WhatsApp, Facebook Messenger, LINE, KaKao Talk, WeChat, iMessage, SMS, etc..<br><br>\nAdem\u00e1s de la completa funcionalidad lista para usar, la soluci\u00f3n omnicanal es totalmente personalizable con integraciones de sistemas, incluidos CRM, comercio electr\u00f3nico, POS y RA, adaptadas a la sofisticada y prestigiosa experiencia del cliente de cada marca.<\/p><\/div><\/div>\t\t\t\t<\/div>\n\t\t\t\t<\/div>\n\t\t\t\t<\/div>\n\t\t<div class=\"elementor-element elementor-element-5440c8e e-con-full shape-content-right e-flex e-con e-child\" data-id=\"5440c8e\" data-element_type=\"container\" data-settings=\"{&quot;background_background&quot;:&quot;classic&quot;}\">\n\t\t\t\t<div class=\"elementor-element elementor-element-b88a678 elementor-widget elementor-widget-image-box\" data-id=\"b88a678\" data-element_type=\"widget\" data-widget_type=\"image-box.default\">\n\t\t\t\t<div class=\"elementor-widget-container\">\n\t\t\t\t\t<div class=\"elementor-image-box-wrapper\"><div class=\"elementor-image-box-content\"><h3 class=\"elementor-image-box-title\">Chatbots inteligentes y personalizados<\/h3><p class=\"elementor-image-box-description\">Los chatbots se han convertido en herramientas esenciales para optimizar la experiencia del cliente en las aplicaciones de mensajer\u00eda. Gracias a la inteligencia artificial y a los avanzados algoritmos de personalizaci\u00f3n, nuestros chatbots pueden: Proporcionar respuestas r\u00e1pidas y pertinentes a las preguntas de los usuarios, recomendar productos y servicios adaptados a sus necesidades, guiar a los clientes a trav\u00e9s del proceso de compra, recopilar informaci\u00f3n sobre las preferencias de los clientes, e\nIniciar las transacciones.<\/p><\/div><\/div>\t\t\t\t<\/div>\n\t\t\t\t<\/div>\n\t\t\t\t<\/div>\n\t\t<div class=\"elementor-element elementor-element-0be65e1 e-con-full shape-content-right e-flex e-con e-child\" data-id=\"0be65e1\" data-element_type=\"container\" data-settings=\"{&quot;background_background&quot;:&quot;classic&quot;}\">\n\t\t\t\t<div class=\"elementor-element elementor-element-e8ce321 elementor-widget elementor-widget-image-box\" data-id=\"e8ce321\" data-element_type=\"widget\" data-widget_type=\"image-box.default\">\n\t\t\t\t<div class=\"elementor-widget-container\">\n\t\t\t\t\t<div class=\"elementor-image-box-wrapper\"><div class=\"elementor-image-box-content\"><h3 class=\"elementor-image-box-title\">Enfoque integral centrado en el usuario<\/h3><p class=\"elementor-image-box-description\">El usuario es el centro de nuestro enfoque del comercio conversacional. Al comprender las necesidades, preferencias y comportamientos de los consumidores, somos capaces de dise\u00f1ar itinerarios para los clientes y crear experiencias de usuario que refuercen el v\u00ednculo entre su marca y sus clientes, desde el descubrimiento hasta el compromiso, la conversi\u00f3n y la recompra. Tanto si se trata de proporcionar un servicio de atenci\u00f3n al cliente eficaz, ofrecer recomendaciones personalizadas o contar historias convincentes, nuestras soluciones de comercio conversacional est\u00e1n dise\u00f1adas para a\u00f1adir valor a cada interacci\u00f3n.\n<\/p><\/div><\/div>\t\t\t\t<\/div>\n\t\t\t\t<\/div>\n\t\t\t\t<\/div>\n\t\t<div class=\"elementor-element elementor-element-c3ef213 e-con-full shape-content-right e-flex e-con e-child\" data-id=\"c3ef213\" data-element_type=\"container\" data-settings=\"{&quot;background_background&quot;:&quot;classic&quot;}\">\n\t\t\t\t<div class=\"elementor-element elementor-element-e9facac elementor-widget elementor-widget-image-box\" data-id=\"e9facac\" data-element_type=\"widget\" data-widget_type=\"image-box.default\">\n\t\t\t\t<div class=\"elementor-widget-container\">\n\t\t\t\t\t<div class=\"elementor-image-box-wrapper\"><div class=\"elementor-image-box-content\"><h3 class=\"elementor-image-box-title\">Conversaciones fluidas impulsadas por la IA<\/h3><p class=\"elementor-image-box-description\">Nuestras soluciones \u00fanicas evolucionan con las necesidades de su empresa y de sus clientes. Gracias al an\u00e1lisis en profundidad de los datos y a las perspectivas en tiempo real, podemos optimizar continuamente el rendimiento de sus chatbots y adaptar nuestra estrategia en funci\u00f3n de las tendencias del mercado y de los comentarios de los usuarios.\n<\/p><\/div><\/div>\t\t\t\t<\/div>\n\t\t\t\t<\/div>\n\t\t\t\t<\/div>\n\t\t\t\t<\/div>\n\t\t\t\t<\/div>\n\t\t\t\t\t<\/div>\n\t\t\t\t<\/div>\n\t\t<div class=\"elementor-element elementor-element-4af0788 e-flex e-con-boxed e-con e-parent\" data-id=\"4af0788\" data-element_type=\"container\" data-settings=\"{&quot;background_background&quot;:&quot;classic&quot;}\">\n\t\t\t\t\t<div class=\"e-con-inner\">\n\t\t<div class=\"elementor-element elementor-element-d331a55 e-con-full e-flex e-con e-child\" data-id=\"d331a55\" data-element_type=\"container\">\n\t\t\t\t<div class=\"elementor-element elementor-element-1e05d70 textchange elementor-widget__width-initial elementor-widget-mobile__width-inherit elementor-widget elementor-widget-text-editor\" data-id=\"1e05d70\" data-element_type=\"widget\" data-widget_type=\"text-editor.default\">\n\t\t\t\t<div class=\"elementor-widget-container\">\n\t\t\t\t\t\t\t\t\t<h2>Por qu\u00e9 el Comercio <strong>Conversacional<\/strong><\/h2>\t\t\t\t\t\t\t\t<\/div>\n\t\t\t\t<\/div>\n\t\t\t\t<\/div>\n\t\t<div class=\"elementor-element elementor-element-91a0ebd e-con-full e-flex e-con e-child\" data-id=\"91a0ebd\" data-element_type=\"container\" data-settings=\"{&quot;background_background&quot;:&quot;video&quot;}\">\n\t\t\t\t<div class=\"elementor-element elementor-element-e30410a elementor-vertical-align-top elementor-widget elementor-widget-image-box\" data-id=\"e30410a\" data-element_type=\"widget\" data-widget_type=\"image-box.default\">\n\t\t\t\t<div class=\"elementor-widget-container\">\n\t\t\t\t\t<div class=\"elementor-image-box-wrapper\"><div class=\"elementor-image-box-content\"><h3 class=\"elementor-image-box-title\">Orquestamos campa\u00f1as precisas en redes sociales para generar compromiso y valor con:<\/h3><\/div><\/div>\t\t\t\t<\/div>\n\t\t\t\t<\/div>\n\t\t\t\t<div class=\"elementor-element elementor-element-098b592 elementor-align-left multiculturelle elementor-icon-list--layout-traditional elementor-list-item-link-full_width elementor-widget elementor-widget-icon-list\" data-id=\"098b592\" data-element_type=\"widget\" data-widget_type=\"icon-list.default\">\n\t\t\t\t<div class=\"elementor-widget-container\">\n\t\t\t\t\t\t\t<ul class=\"elementor-icon-list-items\">\n\t\t\t\t\t\t\t<li class=\"elementor-icon-list-item\">\n\t\t\t\t\t\t\t\t\t\t\t<span class=\"elementor-icon-list-icon\">\n\t\t\t\t\t\t\t<i aria-hidden=\"true\" class=\"fas fa-circle\"><\/i>\t\t\t\t\t\t<\/span>\n\t\t\t\t\t\t\t\t\t\t<span class=\"elementor-icon-list-text\">Fidelizaci\u00f3n de clientes: las interacciones personalizadas mejoran la retenci\u00f3n de clientes. Cada intercambio forma parte de un di\u00e1logo continuo entre el cliente y la marca, mejorando la experiencia del cliente y fomentando el compromiso.<\/span>\n\t\t\t\t\t\t\t\t\t<\/li>\n\t\t\t\t\t\t\t\t<li class=\"elementor-icon-list-item\">\n\t\t\t\t\t\t\t\t\t\t\t<span class=\"elementor-icon-list-icon\">\n\t\t\t\t\t\t\t<i aria-hidden=\"true\" class=\"fas fa-circle\"><\/i>\t\t\t\t\t\t<\/span>\n\t\t\t\t\t\t\t\t\t\t<span class=\"elementor-icon-list-text\">Incentivos de venta: al despertar el inter\u00e9s en el momento adecuado, las herramientas conversacionales en l\u00ednea impulsan las ventas, sobre todo al ofrecer sugerencias de productos relevantes y promociones espec\u00edficas a trav\u00e9s de chatbots o widgets.<\/span>\n\t\t\t\t\t\t\t\t\t<\/li>\n\t\t\t\t\t\t\t\t<li class=\"elementor-icon-list-item\">\n\t\t\t\t\t\t\t\t\t\t\t<span class=\"elementor-icon-list-icon\">\n\t\t\t\t\t\t\t<i aria-hidden=\"true\" class=\"fas fa-circle\"><\/i>\t\t\t\t\t\t<\/span>\n\t\t\t\t\t\t\t\t\t\t<span class=\"elementor-icon-list-text\">Datos conversacionales de los clientes: las conversaciones con los clientes son una fuente de informaci\u00f3n valiosa. Alimentan los modelos ling\u00fc\u00edsticos de los chatbots y proporcionan informaci\u00f3n sobre las preferencias de los consumidores. Cuando se utilizan de forma segura, estos datos permiten personalizar las experiencias de los clientes y reforzar su fidelidad.<\/span>\n\t\t\t\t\t\t\t\t\t<\/li>\n\t\t\t\t\t\t\t\t<li class=\"elementor-icon-list-item\">\n\t\t\t\t\t\t\t\t\t\t\t<span class=\"elementor-icon-list-icon\">\n\t\t\t\t\t\t\t<i aria-hidden=\"true\" class=\"fas fa-circle\"><\/i>\t\t\t\t\t\t<\/span>\n\t\t\t\t\t\t\t\t\t\t<span class=\"elementor-icon-list-text\">Cualificaci\u00f3n de clientes potenciales: la automatizaci\u00f3n ayuda a cualificar a los clientes potenciales y a dirigir las conversaciones hacia la persona adecuada. Los formularios integrados recogen informaci\u00f3n para garantizar interacciones pertinentes y eficaces.<\/span>\n\t\t\t\t\t\t\t\t\t<\/li>\n\t\t\t\t\t\t\t\t<li class=\"elementor-icon-list-item\">\n\t\t\t\t\t\t\t\t\t\t\t<span class=\"elementor-icon-list-icon\">\n\t\t\t\t\t\t\t<i aria-hidden=\"true\" class=\"fas fa-circle\"><\/i>\t\t\t\t\t\t<\/span>\n\t\t\t\t\t\t\t\t\t\t<span class=\"elementor-icon-list-text\">Reducci\u00f3n de abandono de la cesta de la compra: el comercio conversacional ayuda a reducir el abandono de la cesta de la compra proporcionando asistencia instant\u00e1nea y manteniendo el compromiso durante todo el proceso de compra. La mensajer\u00eda es accesible en las p\u00e1ginas de comercio electr\u00f3nico y se env\u00edan mensajes proactivos para animar a completar la compra.<\/span>\n\t\t\t\t\t\t\t\t\t<\/li>\n\t\t\t\t\t\t<\/ul>\n\t\t\t\t\t\t<\/div>\n\t\t\t\t<\/div>\n\t\t\t\t<div class=\"elementor-element elementor-element-88b9c44 elementor-widget-mobile__width-inherit elementor-widget elementor-widget-text-editor\" data-id=\"88b9c44\" data-element_type=\"widget\" data-widget_type=\"text-editor.default\">\n\t\t\t\t<div class=\"elementor-widget-container\">\n\t\t\t\t\t\t\t\t\tTanto si desea mejorar su servicio de atenci\u00f3n al cliente, aumentar las ventas o reforzar la fidelidad de sus clientes, Datawords le proporciona las herramientas y los recursos que necesita para alcanzar sus objetivos. P\u00f3ngase en contacto con nosotros hoy mismo para saber c\u00f3mo podemos ayudarle a convertir las interacciones con sus clientes en oportunidades de crecimiento.\n\t\t\t\t\t\t\t\t<\/div>\n\t\t\t\t<\/div>\n\t\t\t\t<\/div>\n\t\t\t\t\t<\/div>\n\t\t\t\t<\/div>\n\t\t\t\t<\/div>\n\t\t","protected":false},"excerpt":{"rendered":"<p>Compromiso del cliente y herramientas conversacionales Compromiso del cliente y herramientas conversacionales En un panorama digital en constante cambio en el que las empresas dan cada vez m\u00e1s importancia a la interacci\u00f3n con el cliente, el comercio conversacional se ha convertido en una estrategia esencial para interactuar con los consumidores de una forma m\u00e1s personalizada [&hellip;]<\/p>\n","protected":false},"author":1,"featured_media":34139,"parent":0,"menu_order":0,"comment_status":"closed","ping_status":"closed","template":"","meta":{"_acf_changed":false,"content-type":"","footnotes":""},"class_list":["post-294038","page","type-page","status-publish","has-post-thumbnail","hentry"],"acf":[],"_links":{"self":[{"href":"https:\/\/datawords.com\/es-mx\/wp-json\/wp\/v2\/pages\/294038","targetHints":{"allow":["GET"]}}],"collection":[{"href":"https:\/\/datawords.com\/es-mx\/wp-json\/wp\/v2\/pages"}],"about":[{"href":"https:\/\/datawords.com\/es-mx\/wp-json\/wp\/v2\/types\/page"}],"author":[{"embeddable":true,"href":"https:\/\/datawords.com\/es-mx\/wp-json\/wp\/v2\/users\/1"}],"replies":[{"embeddable":true,"href":"https:\/\/datawords.com\/es-mx\/wp-json\/wp\/v2\/comments?post=294038"}],"version-history":[{"count":0,"href":"https:\/\/datawords.com\/es-mx\/wp-json\/wp\/v2\/pages\/294038\/revisions"}],"wp:featuredmedia":[{"embeddable":true,"href":"https:\/\/datawords.com\/es-mx\/wp-json\/wp\/v2\/media\/34139"}],"wp:attachment":[{"href":"https:\/\/datawords.com\/es-mx\/wp-json\/wp\/v2\/media?parent=294038"}],"curies":[{"name":"wp","href":"https:\/\/api.w.org\/{rel}","templated":true}]}}