{"id":294036,"date":"2025-07-09T09:03:35","date_gmt":"2025-07-09T07:03:35","guid":{"rendered":"https:\/\/datawords.com\/culture-et-ia\/"},"modified":"2025-07-09T09:03:35","modified_gmt":"2025-07-09T07:03:35","slug":"culture-et-ia","status":"publish","type":"page","link":"https:\/\/datawords.com\/es-mx\/culture-et-ia\/","title":{"rendered":"Culture et IA"},"content":{"rendered":"\t\t<div data-elementor-type=\"wp-page\" data-elementor-id=\"294036\" class=\"elementor elementor-294036 elementor-179482\" data-elementor-post-type=\"page\">\n\t\t\t\t<div class=\"elementor-element elementor-element-10b03ce e-flex e-con-boxed e-con e-parent\" data-id=\"10b03ce\" data-element_type=\"container\" data-settings=\"{&quot;background_background&quot;:&quot;classic&quot;}\">\n\t\t\t\t\t<div class=\"e-con-inner\">\n\t\t<div class=\"elementor-element elementor-element-d8108be e-con-full e-flex e-con e-child\" data-id=\"d8108be\" data-element_type=\"container\">\n\t\t\t\t<div class=\"elementor-element elementor-element-58fd393 textchange elementor-widget elementor-widget-text-editor\" data-id=\"58fd393\" data-element_type=\"widget\" data-widget_type=\"text-editor.default\">\n\t\t\t\t<div class=\"elementor-widget-container\">\n\t\t\t\t\t\t\t\t\t<h1><strong>Cree contenidos<br>m\u00e1s r\u00e1pidamente <\/strong><br>y a gran escala<\/h1>\t\t\t\t\t\t\t\t<\/div>\n\t\t\t\t<\/div>\n\t\t\t\t<\/div>\n\t\t\t\t\t<\/div>\n\t\t\t\t<\/div>\n\t\t<div class=\"elementor-element elementor-element-fa219da content-ai e-flex e-con-boxed e-con e-parent\" data-id=\"fa219da\" data-element_type=\"container\" data-settings=\"{&quot;background_background&quot;:&quot;classic&quot;}\">\n\t\t\t\t\t<div class=\"e-con-inner\">\n\t\t<div class=\"elementor-element elementor-element-348586eb e-con-full e-flex e-con e-child\" data-id=\"348586eb\" data-element_type=\"container\">\n\t\t<div class=\"elementor-element elementor-element-4c7f3c7a e-con-full e-flex e-con e-child\" data-id=\"4c7f3c7a\" data-element_type=\"container\">\n\t\t\t\t<div class=\"elementor-element elementor-element-20b58a40 elementor-widget__width-initial elementor-widget elementor-widget-heading\" data-id=\"20b58a40\" data-element_type=\"widget\" data-widget_type=\"heading.default\">\n\t\t\t\t<div class=\"elementor-widget-container\">\n\t\t\t\t\t<p class=\"elementor-heading-title elementor-size-default\">En Datawords, combinamos la velocidad de la IA con la delicadeza de la inteligencia emocional para ayudar a las marcas internacionales a crear, desplegar y gestionar contenidos que conecten a personas de todo el mundo.\n<\/p>\t\t\t\t<\/div>\n\t\t\t\t<\/div>\n\t\t\t\t<div class=\"elementor-element elementor-element-82cd5a6 elementor-widget__width-initial elementor-widget elementor-widget-heading\" data-id=\"82cd5a6\" data-element_type=\"widget\" data-widget_type=\"heading.default\">\n\t\t\t\t<div class=\"elementor-widget-container\">\n\t\t\t\t\t<h4 class=\"elementor-heading-title elementor-size-default\">\u00bfPor qu\u00e9 las marcas internacionales tienen dificultades con el contenido internacional?<\/h4>\t\t\t\t<\/div>\n\t\t\t\t<\/div>\n\t\t\t\t<div class=\"elementor-element elementor-element-39795f5 elementor-widget__width-initial elementor-widget elementor-widget-heading\" data-id=\"39795f5\" data-element_type=\"widget\" data-widget_type=\"heading.default\">\n\t\t\t\t<div class=\"elementor-widget-container\">\n\t\t\t\t\t<p class=\"elementor-heading-title elementor-size-default\">Sus equipos est\u00e1n bajo presi\u00f3n para producir m\u00e1s y m\u00e1s contenido: m\u00e1s r\u00e1pido, m\u00e1s barato y en m\u00e1s plataformas. Cuando el contenido consigue establecer una conexi\u00f3n, genera fidelidad, conversi\u00f3n y crecimiento global. Ah\u00ed es donde entramos nosotros.<\/p>\t\t\t\t<\/div>\n\t\t\t\t<\/div>\n\t\t\t\t<div class=\"elementor-element elementor-element-20ae45d elementor-widget__width-initial elementor-widget elementor-widget-heading\" data-id=\"20ae45d\" data-element_type=\"widget\" data-widget_type=\"heading.default\">\n\t\t\t\t<div class=\"elementor-widget-container\">\n\t\t\t\t\t<p class=\"elementor-heading-title elementor-size-default\">Con Datawords, puede crear y adaptar contenidos que hablen el idioma correcto y expresen la emoci\u00f3n adecuada, est\u00e9n donde est\u00e9n sus clientes.<\/p>\t\t\t\t<\/div>\n\t\t\t\t<\/div>\n\t\t\t\t<div class=\"elementor-element elementor-element-f0de0d5 elementor-widget__width-initial elementor-widget elementor-widget-heading\" data-id=\"f0de0d5\" data-element_type=\"widget\" data-widget_type=\"heading.default\">\n\t\t\t\t<div class=\"elementor-widget-container\">\n\t\t\t\t\t<h4 class=\"elementor-heading-title elementor-size-default\">Organizar IA + inteligencia emocional: un modelo a medida para el rendimiento<\/h4>\t\t\t\t<\/div>\n\t\t\t\t<\/div>\n\t\t\t\t<div class=\"elementor-element elementor-element-9147aec elementor-widget__width-initial elementor-widget elementor-widget-heading\" data-id=\"9147aec\" data-element_type=\"widget\" data-widget_type=\"heading.default\">\n\t\t\t\t<div class=\"elementor-widget-container\">\n\t\t\t\t\t<p class=\"elementor-heading-title elementor-size-default\">En Datawords, hacemos algo m\u00e1s que generar contenidos. Con m\u00e1s de 25\u00a0a\u00f1os de experiencia trabajando con algunas de las marcas m\u00e1s importantes del mundo, nuestra fuerza reside en reunir a las personas, las tecnolog\u00edas y los procesos adecuados para crear, adaptar y ofrecer contenidos de alto rendimiento en cualquier parte del mundo.<\/p>\t\t\t\t<\/div>\n\t\t\t\t<\/div>\n\t\t\t\t<\/div>\n\t\t\t\t<\/div>\n\t\t\t\t\t<\/div>\n\t\t\t\t<\/div>\n\t\t<div class=\"elementor-element elementor-element-330f142 shape-about e-flex e-con-boxed e-con e-parent\" data-id=\"330f142\" data-element_type=\"container\" data-settings=\"{&quot;background_background&quot;:&quot;classic&quot;}\">\n\t\t\t\t\t<div class=\"e-con-inner\">\n\t\t<div class=\"elementor-element elementor-element-e65f2e8 e-con-full e-flex e-con e-child\" data-id=\"e65f2e8\" data-element_type=\"container\">\n\t\t\t\t<div class=\"elementor-element elementor-element-6c251d5 elementor-widget elementor-widget-heading\" data-id=\"6c251d5\" data-element_type=\"widget\" data-widget_type=\"heading.default\">\n\t\t\t\t<div class=\"elementor-widget-container\">\n\t\t\t\t\t<h2 class=\"elementor-heading-title elementor-size-default\">nuestro<\/h2>\t\t\t\t<\/div>\n\t\t\t\t<\/div>\n\t\t\t\t<div class=\"elementor-element elementor-element-6d48d7c elementor-widget elementor-widget-heading\" data-id=\"6d48d7c\" data-element_type=\"widget\" data-widget_type=\"heading.default\">\n\t\t\t\t<div class=\"elementor-widget-container\">\n\t\t\t\t\t<h2 class=\"elementor-heading-title elementor-size-default\"> enfoque<\/h2>\t\t\t\t<\/div>\n\t\t\t\t<\/div>\n\t\t\t\t<\/div>\n\t\t<div class=\"elementor-element elementor-element-bea44dc e-con-full notre-approche e-flex e-con e-child\" data-id=\"bea44dc\" data-element_type=\"container\">\n\t\t<div class=\"elementor-element elementor-element-f1a26f6 e-con-full shape-content-right e-flex e-con e-child\" data-id=\"f1a26f6\" data-element_type=\"container\">\n\t\t\t\t<div class=\"elementor-element elementor-element-8a95eab elementor-widget elementor-widget-image-box\" data-id=\"8a95eab\" data-element_type=\"widget\" data-widget_type=\"image-box.default\">\n\t\t\t\t<div class=\"elementor-widget-container\">\n\t\t\t\t\t<div class=\"elementor-image-box-wrapper\"><div class=\"elementor-image-box-content\"><h3 class=\"elementor-image-box-title\">THINK<\/h3><p class=\"elementor-image-box-description\">Empezamos analizando su ecosistema de contenidos, canales, audiencias y pila tecnol\u00f3gica para dise\u00f1ar un modelo de localizaci\u00f3n personalizado y optimizado para la eficiencia.<\/p><\/div><\/div>\t\t\t\t<\/div>\n\t\t\t\t<\/div>\n\t\t\t\t<\/div>\n\t\t<div class=\"elementor-element elementor-element-df8a991 e-con-full shape-content-right e-flex e-con e-child\" data-id=\"df8a991\" data-element_type=\"container\" data-settings=\"{&quot;background_background&quot;:&quot;classic&quot;}\">\n\t\t\t\t<div class=\"elementor-element elementor-element-069b5cb elementor-widget elementor-widget-image-box\" data-id=\"069b5cb\" data-element_type=\"widget\" data-widget_type=\"image-box.default\">\n\t\t\t\t<div class=\"elementor-widget-container\">\n\t\t\t\t\t<div class=\"elementor-image-box-wrapper\"><div class=\"elementor-image-box-content\"><h3 class=\"elementor-image-box-title\">SHAPE<\/h3><p class=\"elementor-image-box-description\">Combinamos tecnolog\u00edas de vanguardia (LLM, API, integraciones) con nuestra red de expertos culturales nativos para construir una soluci\u00f3n inteligente, escalable y localmente relevante.<\/p><\/div><\/div>\t\t\t\t<\/div>\n\t\t\t\t<\/div>\n\t\t\t\t<\/div>\n\t\t<div class=\"elementor-element elementor-element-580da3d e-con-full shape-content-right e-flex e-con e-child\" data-id=\"580da3d\" data-element_type=\"container\" data-settings=\"{&quot;background_background&quot;:&quot;classic&quot;}\">\n\t\t\t\t<div class=\"elementor-element elementor-element-9022644 elementor-widget elementor-widget-image-box\" data-id=\"9022644\" data-element_type=\"widget\" data-widget_type=\"image-box.default\">\n\t\t\t\t<div class=\"elementor-widget-container\">\n\t\t\t\t\t<div class=\"elementor-image-box-wrapper\"><div class=\"elementor-image-box-content\"><h3 class=\"elementor-image-box-title\">DELIVER<\/h3><p class=\"elementor-image-box-description\">Supervisamos las operaciones diarias y optimizamos continuamente el rendimiento: creamos, adaptamos y gestionamos hasta 10\u00a0000 activos por semana en todos los mercados.<\/p><\/div><\/div>\t\t\t\t<\/div>\n\t\t\t\t<\/div>\n\t\t\t\t<\/div>\n\t\t\t\t<\/div>\n\t\t\t\t<div class=\"elementor-element elementor-element-ea93d6e elementor-align-right btnall elementor-mobile-align-center elementor-widget elementor-widget-button\" data-id=\"ea93d6e\" data-element_type=\"widget\" data-widget_type=\"button.default\">\n\t\t\t\t<div class=\"elementor-widget-container\">\n\t\t\t\t\t\t\t\t\t<div class=\"elementor-button-wrapper\">\n\t\t\t\t\t<a class=\"elementor-button elementor-button-link elementor-size-sm\" href=\"https:\/\/datawords.com\/es\/methodologie\/\">\n\t\t\t\t\t\t<span class=\"elementor-button-content-wrapper\">\n\t\t\t\t\t\t<span class=\"elementor-button-icon\">\n\t\t\t\t<i aria-hidden=\"true\" class=\"icon icon-arrow-right\"><\/i>\t\t\t<\/span>\n\t\t\t\t\t\t\t\t\t<span class=\"elementor-button-text\">Nuestra metodolog\u00eda<\/span>\n\t\t\t\t\t<\/span>\n\t\t\t\t\t<\/a>\n\t\t\t\t<\/div>\n\t\t\t\t\t\t\t\t<\/div>\n\t\t\t\t<\/div>\n\t\t\t\t\t<\/div>\n\t\t\t\t<\/div>\n\t\t<div class=\"elementor-element elementor-element-b70fbf6 pourquoi-datawords e-flex e-con-boxed e-con e-parent\" data-id=\"b70fbf6\" data-element_type=\"container\" data-settings=\"{&quot;background_background&quot;:&quot;classic&quot;}\">\n\t\t\t\t\t<div class=\"e-con-inner\">\n\t\t<div class=\"elementor-element elementor-element-234fa44e e-con-full e-flex e-con e-child\" data-id=\"234fa44e\" data-element_type=\"container\">\n\t\t\t\t<div class=\"elementor-element elementor-element-33857b5 elementor-widget elementor-widget-heading\" data-id=\"33857b5\" data-element_type=\"widget\" data-widget_type=\"heading.default\">\n\t\t\t\t<div class=\"elementor-widget-container\">\n\t\t\t\t\t<h2 class=\"elementor-heading-title elementor-size-default\">\u00bfPor qu\u00e9 <\/h2>\t\t\t\t<\/div>\n\t\t\t\t<\/div>\n\t\t\t\t<div class=\"elementor-element elementor-element-2ec5df9 elementor-widget elementor-widget-heading\" data-id=\"2ec5df9\" data-element_type=\"widget\" data-widget_type=\"heading.default\">\n\t\t\t\t<div class=\"elementor-widget-container\">\n\t\t\t\t\t<h2 class=\"elementor-heading-title elementor-size-default\">datawords?<\/h2>\t\t\t\t<\/div>\n\t\t\t\t<\/div>\n\t\t\t\t<\/div>\n\t\t<div class=\"elementor-element elementor-element-e8c6510 e-con-full bxgra-main e-flex e-con e-child\" data-id=\"e8c6510\" data-element_type=\"container\" data-settings=\"{&quot;background_background&quot;:&quot;classic&quot;}\">\n\t\t<div class=\"elementor-element elementor-element-bbcfc0c e-flex e-con-boxed e-con e-child\" data-id=\"bbcfc0c\" data-element_type=\"container\">\n\t\t\t\t\t<div class=\"e-con-inner\">\n\t\t<div class=\"elementor-element elementor-element-86e87db e-con-full pourquoi-datawords-blog e-flex e-con e-child\" data-id=\"86e87db\" data-element_type=\"container\">\n\t\t\t\t<div class=\"elementor-element elementor-element-6fa0a19 elementor-widget__width-inherit elementor-widget elementor-widget-heading\" data-id=\"6fa0a19\" data-element_type=\"widget\" data-widget_type=\"heading.default\">\n\t\t\t\t<div class=\"elementor-widget-container\">\n\t\t\t\t\t<h2 class=\"elementor-heading-title elementor-size-default\">+10 000<\/h2>\t\t\t\t<\/div>\n\t\t\t\t<\/div>\n\t\t\t\t<\/div>\n\t\t\t\t<div class=\"elementor-element elementor-element-51b5f7b elementor-widget__width-initial pourquoi-datawords-blog elementor-hidden-mobile elementor-widget elementor-widget-heading\" data-id=\"51b5f7b\" data-element_type=\"widget\" data-widget_type=\"heading.default\">\n\t\t\t\t<div class=\"elementor-widget-container\">\n\t\t\t\t\t<h2 class=\"elementor-heading-title elementor-size-default\">assets creados y gestionados por semana<\/h2>\t\t\t\t<\/div>\n\t\t\t\t<\/div>\n\t\t\t\t<div class=\"elementor-element elementor-element-f00a0db elementor-widget__width-initial pourquoi-datawords-blog elementor-hidden-desktop elementor-hidden-tablet elementor-widget elementor-widget-heading\" data-id=\"f00a0db\" data-element_type=\"widget\" data-widget_type=\"heading.default\">\n\t\t\t\t<div class=\"elementor-widget-container\">\n\t\t\t\t\t<h2 class=\"elementor-heading-title elementor-size-default\">assets creados y gestionados<br>por semana<\/h2>\t\t\t\t<\/div>\n\t\t\t\t<\/div>\n\t\t\t\t\t<\/div>\n\t\t\t\t<\/div>\n\t\t\t\t<\/div>\n\t\t<div class=\"elementor-element elementor-element-3811a91 e-con-full e-flex e-con e-child\" data-id=\"3811a91\" data-element_type=\"container\" data-settings=\"{&quot;background_background&quot;:&quot;classic&quot;}\">\n\t\t<div class=\"elementor-element elementor-element-032942f e-con-full e-flex e-con e-child\" data-id=\"032942f\" data-element_type=\"container\" data-settings=\"{&quot;background_background&quot;:&quot;classic&quot;}\">\n\t\t<div class=\"elementor-element elementor-element-84a8d57 e-con-full bxgra1 e-flex e-con e-child\" data-id=\"84a8d57\" data-element_type=\"container\">\n\t\t\t\t<div class=\"elementor-element elementor-element-56873fa elementor-widget elementor-widget-heading\" data-id=\"56873fa\" data-element_type=\"widget\" data-widget_type=\"heading.default\">\n\t\t\t\t<div class=\"elementor-widget-container\">\n\t\t\t\t\t<h2 class=\"elementor-heading-title elementor-size-default\">x3<\/h2>\t\t\t\t<\/div>\n\t\t\t\t<\/div>\n\t\t\t\t<div class=\"elementor-element elementor-element-4d865b3 elementor-widget elementor-widget-heading\" data-id=\"4d865b3\" data-element_type=\"widget\" data-widget_type=\"heading.default\">\n\t\t\t\t<div class=\"elementor-widget-container\">\n\t\t\t\t\t<p class=\"elementor-heading-title elementor-size-default\">time-to-market acelerado<\/p>\t\t\t\t<\/div>\n\t\t\t\t<\/div>\n\t\t\t\t<\/div>\n\t\t<div class=\"elementor-element elementor-element-6ed952e e-con-full bxgra3 e-flex e-con e-child\" data-id=\"6ed952e\" data-element_type=\"container\">\n\t\t\t\t<div class=\"elementor-element elementor-element-a42e090 elementor-widget elementor-widget-heading\" data-id=\"a42e090\" data-element_type=\"widget\" data-widget_type=\"heading.default\">\n\t\t\t\t<div class=\"elementor-widget-container\">\n\t\t\t\t\t<h2 class=\"elementor-heading-title elementor-size-default\">95%<\/h2>\t\t\t\t<\/div>\n\t\t\t\t<\/div>\n\t\t\t\t<div class=\"elementor-element elementor-element-bcabb8e elementor-widget-mobile__width-inherit elementor-widget elementor-widget-heading\" data-id=\"bcabb8e\" data-element_type=\"widget\" data-widget_type=\"heading.default\">\n\t\t\t\t<div class=\"elementor-widget-container\">\n\t\t\t\t\t<p class=\"elementor-heading-title elementor-size-default\">assets utilizados en local<\/p>\t\t\t\t<\/div>\n\t\t\t\t<\/div>\n\t\t\t\t<\/div>\n\t\t\t\t<\/div>\n\t\t<div class=\"elementor-element elementor-element-3edb7e4 e-con-full e-flex e-con e-child\" data-id=\"3edb7e4\" data-element_type=\"container\">\n\t\t<div class=\"elementor-element elementor-element-9f46c83 e-con-full bxgra2 e-flex e-con e-child\" data-id=\"9f46c83\" data-element_type=\"container\">\n\t\t\t\t<div class=\"elementor-element elementor-element-a4f9940 elementor-widget elementor-widget-heading\" data-id=\"a4f9940\" data-element_type=\"widget\" data-widget_type=\"heading.default\">\n\t\t\t\t<div class=\"elementor-widget-container\">\n\t\t\t\t\t<h2 class=\"elementor-heading-title elementor-size-default\">-30%<\/h2>\t\t\t\t<\/div>\n\t\t\t\t<\/div>\n\t\t\t\t<div class=\"elementor-element elementor-element-c3023ff elementor-widget elementor-widget-heading\" data-id=\"c3023ff\" data-element_type=\"widget\" data-widget_type=\"heading.default\">\n\t\t\t\t<div class=\"elementor-widget-container\">\n\t\t\t\t\t<p class=\"elementor-heading-title elementor-size-default\">costo por asset localizado<\/p>\t\t\t\t<\/div>\n\t\t\t\t<\/div>\n\t\t\t\t<\/div>\n\t\t<div class=\"elementor-element elementor-element-055f5ec e-con-full bxgra4 e-flex e-con e-child\" data-id=\"055f5ec\" data-element_type=\"container\">\n\t\t\t\t<div class=\"elementor-element elementor-element-391597f elementor-widget elementor-widget-heading\" data-id=\"391597f\" data-element_type=\"widget\" data-widget_type=\"heading.default\">\n\t\t\t\t<div class=\"elementor-widget-container\">\n\t\t\t\t\t<h2 class=\"elementor-heading-title elementor-size-default\">+160<\/h2>\t\t\t\t<\/div>\n\t\t\t\t<\/div>\n\t\t\t\t<div class=\"elementor-element elementor-element-5e5072c elementor-widget elementor-widget-heading\" data-id=\"5e5072c\" data-element_type=\"widget\" data-widget_type=\"heading.default\">\n\t\t\t\t<div class=\"elementor-widget-container\">\n\t\t\t\t\t<p class=\"elementor-heading-title elementor-size-default\">culturas cubiertas<\/p>\t\t\t\t<\/div>\n\t\t\t\t<\/div>\n\t\t\t\t<\/div>\n\t\t\t\t<\/div>\n\t\t\t\t<\/div>\n\t\t\t\t\t<\/div>\n\t\t\t\t<\/div>\n\t\t\t\t<\/div>\n\t\t","protected":false},"excerpt":{"rendered":"<p>Cree contenidosm\u00e1s r\u00e1pidamente y a gran escala En Datawords, combinamos la velocidad de la IA con la delicadeza de la inteligencia emocional para ayudar a las marcas internacionales a crear, desplegar y gestionar contenidos que conecten a personas de todo el mundo. \u00bfPor qu\u00e9 las marcas internacionales tienen dificultades con el contenido internacional? Sus equipos [&hellip;]<\/p>\n","protected":false},"author":1,"featured_media":0,"parent":0,"menu_order":0,"comment_status":"closed","ping_status":"closed","template":"elementor_header_footer","meta":{"_acf_changed":false,"content-type":"","footnotes":""},"class_list":["post-294036","page","type-page","status-publish","hentry"],"acf":[],"_links":{"self":[{"href":"https:\/\/datawords.com\/es-mx\/wp-json\/wp\/v2\/pages\/294036","targetHints":{"allow":["GET"]}}],"collection":[{"href":"https:\/\/datawords.com\/es-mx\/wp-json\/wp\/v2\/pages"}],"about":[{"href":"https:\/\/datawords.com\/es-mx\/wp-json\/wp\/v2\/types\/page"}],"author":[{"embeddable":true,"href":"https:\/\/datawords.com\/es-mx\/wp-json\/wp\/v2\/users\/1"}],"replies":[{"embeddable":true,"href":"https:\/\/datawords.com\/es-mx\/wp-json\/wp\/v2\/comments?post=294036"}],"version-history":[{"count":0,"href":"https:\/\/datawords.com\/es-mx\/wp-json\/wp\/v2\/pages\/294036\/revisions"}],"wp:attachment":[{"href":"https:\/\/datawords.com\/es-mx\/wp-json\/wp\/v2\/media?parent=294036"}],"curies":[{"name":"wp","href":"https:\/\/api.w.org\/{rel}","templated":true}]}}