{"id":162935,"date":"2023-07-22T12:07:12","date_gmt":"2023-07-22T10:07:12","guid":{"rendered":"https:\/\/datawords.com\/personal-data-management\/"},"modified":"2025-10-17T15:16:31","modified_gmt":"2025-10-17T13:16:31","slug":"personal-data-management","status":"publish","type":"page","link":"https:\/\/datawords.com\/en-sg\/personal-data-management\/","title":{"rendered":"Personal data management"},"content":{"rendered":"\t\t<div data-elementor-type=\"wp-page\" data-elementor-id=\"162935\" class=\"elementor elementor-162935 elementor-8143\" data-elementor-post-type=\"page\">\n\t\t\t\t\t\t<section class=\"elementor-section elementor-top-section elementor-element elementor-element-0638b34 elementor-section-boxed elementor-section-height-default elementor-section-height-default\" data-id=\"0638b34\" data-element_type=\"section\" data-settings=\"{&quot;background_background&quot;:&quot;classic&quot;}\">\n\t\t\t\t\t\t<div class=\"elementor-container elementor-column-gap-default\">\n\t\t\t\t\t<div class=\"elementor-column elementor-col-100 elementor-top-column elementor-element elementor-element-0a14a7e\" data-id=\"0a14a7e\" data-element_type=\"column\" data-settings=\"{&quot;background_background&quot;:&quot;classic&quot;}\">\n\t\t\t<div class=\"elementor-widget-wrap elementor-element-populated\">\n\t\t\t\t\t\t<section class=\"elementor-section elementor-inner-section elementor-element elementor-element-3c3f7cf elementor-section-boxed elementor-section-height-default elementor-section-height-default\" data-id=\"3c3f7cf\" data-element_type=\"section\">\n\t\t\t\t\t\t<div class=\"elementor-container elementor-column-gap-default\">\n\t\t\t\t\t<div class=\"elementor-column elementor-col-100 elementor-inner-column elementor-element elementor-element-3558635\" data-id=\"3558635\" data-element_type=\"column\">\n\t\t\t<div class=\"elementor-widget-wrap elementor-element-populated\">\n\t\t\t\t\t\t<div class=\"elementor-element elementor-element-741e0b2 elementor-widget elementor-widget-heading\" data-id=\"741e0b2\" data-element_type=\"widget\" data-widget_type=\"heading.default\">\n\t\t\t\t<div class=\"elementor-widget-container\">\n\t\t\t\t\t<h1 class=\"elementor-heading-title elementor-size-default\">Personal data management<\/h1>\t\t\t\t<\/div>\n\t\t\t\t<\/div>\n\t\t\t\t\t<\/div>\n\t\t<\/div>\n\t\t\t\t\t<\/div>\n\t\t<\/section>\n\t\t\t\t\t<\/div>\n\t\t<\/div>\n\t\t\t\t\t<\/div>\n\t\t<\/section>\n\t\t\t\t<section class=\"elementor-section elementor-top-section elementor-element elementor-element-47e0447 whitetxt elementor-section-boxed elementor-section-height-default elementor-section-height-default\" data-id=\"47e0447\" data-element_type=\"section\" data-settings=\"{&quot;background_background&quot;:&quot;classic&quot;}\">\n\t\t\t\t\t\t<div class=\"elementor-container elementor-column-gap-default\">\n\t\t\t\t\t<div class=\"elementor-column elementor-col-100 elementor-top-column elementor-element elementor-element-bba19c9\" data-id=\"bba19c9\" data-element_type=\"column\">\n\t\t\t<div class=\"elementor-widget-wrap elementor-element-populated\">\n\t\t\t\t\t\t<section class=\"elementor-section elementor-inner-section elementor-element elementor-element-af25890 elementor-section-boxed elementor-section-height-default elementor-section-height-default\" data-id=\"af25890\" data-element_type=\"section\">\n\t\t\t\t\t\t<div class=\"elementor-container elementor-column-gap-default\">\n\t\t\t\t\t<div class=\"elementor-column elementor-col-100 elementor-inner-column elementor-element elementor-element-a8f0d5c\" data-id=\"a8f0d5c\" data-element_type=\"column\">\n\t\t\t<div class=\"elementor-widget-wrap elementor-element-populated\">\n\t\t\t\t\t\t<div class=\"elementor-element elementor-element-70fba19 elementor-widget elementor-widget-heading\" data-id=\"70fba19\" data-element_type=\"widget\" data-widget_type=\"heading.default\">\n\t\t\t\t<div class=\"elementor-widget-container\">\n\t\t\t\t\t<p class=\"elementor-heading-title elementor-size-default\">Datawords is fully aware of regulations governing the protection of personal data. With this in mind, we aim to make all information relating to data processing carried out via our website as clear and accessible as possible, whether it relates to a simple information request, a subscription to our newsletter or an application for a job with us. <\/p>\t\t\t\t<\/div>\n\t\t\t\t<\/div>\n\t\t\t\t<div class=\"elementor-element elementor-element-e5b7bbc elementor-widget elementor-widget-heading\" data-id=\"e5b7bbc\" data-element_type=\"widget\" data-widget_type=\"heading.default\">\n\t\t\t\t<div class=\"elementor-widget-container\">\n\t\t\t\t\t<p class=\"elementor-heading-title elementor-size-default\">The purpose of Datawords\u2019 personal data protection policy is to inform you about how the data collected via this website will be used, as well as about your rights and how you can exercise them.<\/p>\t\t\t\t<\/div>\n\t\t\t\t<\/div>\n\t\t\t\t<div class=\"elementor-element elementor-element-c430ce8 elementor-widget elementor-widget-heading\" data-id=\"c430ce8\" data-element_type=\"widget\" data-widget_type=\"heading.default\">\n\t\t\t\t<div class=\"elementor-widget-container\">\n\t\t\t\t\t<p class=\"elementor-heading-title elementor-size-default\">This policy also reflects Datawords' principles of confidentiality and data security. Data processing is crucial to Datawords, so it's essential for our business that it's carried out securely and in accordance with your wishes. <\/p>\t\t\t\t<\/div>\n\t\t\t\t<\/div>\n\t\t\t\t<div class=\"elementor-element elementor-element-75d7e5e elementor-widget elementor-widget-heading\" data-id=\"75d7e5e\" data-element_type=\"widget\" data-widget_type=\"heading.default\">\n\t\t\t\t<div class=\"elementor-widget-container\">\n\t\t\t\t\t<p class=\"elementor-heading-title elementor-size-default\">Before confirming the submission of your personal data via our website, you agree to read and accept this policy. By accepting, you are giving your clear and unequivocal consent for Datawords to process your request using the data submitted for this purpose. <\/p>\t\t\t\t<\/div>\n\t\t\t\t<\/div>\n\t\t\t\t<div class=\"elementor-element elementor-element-74a411a elementor-widget elementor-widget-heading\" data-id=\"74a411a\" data-element_type=\"widget\" data-widget_type=\"heading.default\">\n\t\t\t\t<div class=\"elementor-widget-container\">\n\t\t\t\t\t<p class=\"elementor-heading-title elementor-size-default\">Datawords' commitments<\/p>\t\t\t\t<\/div>\n\t\t\t\t<\/div>\n\t\t\t\t<div class=\"elementor-element elementor-element-f562208 elementor-widget elementor-widget-heading\" data-id=\"f562208\" data-element_type=\"widget\" data-widget_type=\"heading.default\">\n\t\t\t\t<div class=\"elementor-widget-container\">\n\t\t\t\t\t<p class=\"elementor-heading-title elementor-size-default\">Datawords commits to compliance with French legislation relating to personal data, in particular law no. 78-17 of January 6, 1978 on data processing, data files and individual liberties. In addition, Datawords is committed to complying with the General Data Protection Regulation (GDPR) 2016\/679 of the European Parliament and of the Council of April 27, 2016, which has been in force since May 25, 2018. <\/p>\t\t\t\t<\/div>\n\t\t\t\t<\/div>\n\t\t\t\t<div class=\"elementor-element elementor-element-ca4572f elementor-widget elementor-widget-heading\" data-id=\"ca4572f\" data-element_type=\"widget\" data-widget_type=\"heading.default\">\n\t\t\t\t<div class=\"elementor-widget-container\">\n\t\t\t\t\t<p class=\"elementor-heading-title elementor-size-default\">We therefore undertake to use the personal data we receive only in accordance with the purposes for which it was submitted.<\/p>\t\t\t\t<\/div>\n\t\t\t\t<\/div>\n\t\t\t\t<div class=\"elementor-element elementor-element-21b0cb7 elementor-widget elementor-widget-heading\" data-id=\"21b0cb7\" data-element_type=\"widget\" data-widget_type=\"heading.default\">\n\t\t\t\t<div class=\"elementor-widget-container\">\n\t\t\t\t\t<p class=\"elementor-heading-title elementor-size-default\">Datawords also commits to put in place all the organizational and technical measures necessary to comply with the aforementioned texts, and to ensure a level of security appropriate to the purposes of the processing and the nature of the data.<\/p>\t\t\t\t<\/div>\n\t\t\t\t<\/div>\n\t\t\t\t<div class=\"elementor-element elementor-element-df354d3 elementor-widget elementor-widget-heading\" data-id=\"df354d3\" data-element_type=\"widget\" data-widget_type=\"heading.default\">\n\t\t\t\t<div class=\"elementor-widget-container\">\n\t\t\t\t\t<p class=\"elementor-heading-title elementor-size-default\">If you have any questions about this policy, please contact Datawords at dpo@datawordsdev.kinsta.cloud.<\/p>\t\t\t\t<\/div>\n\t\t\t\t<\/div>\n\t\t\t\t<div class=\"elementor-element elementor-element-7e52794 elementor-widget elementor-widget-heading\" data-id=\"7e52794\" data-element_type=\"widget\" data-widget_type=\"heading.default\">\n\t\t\t\t<div class=\"elementor-widget-container\">\n\t\t\t\t\t<p class=\"elementor-heading-title elementor-size-default\">Who collects your data?<\/p>\t\t\t\t<\/div>\n\t\t\t\t<\/div>\n\t\t\t\t<div class=\"elementor-element elementor-element-04fd3c4 elementor-widget elementor-widget-heading\" data-id=\"04fd3c4\" data-element_type=\"widget\" data-widget_type=\"heading.default\">\n\t\t\t\t<div class=\"elementor-widget-container\">\n\t\t\t\t\t<p class=\"elementor-heading-title elementor-size-default\">For the collection of personal data of its visitors via its website, Datawords acts as data controller and directly collects said data.<\/p>\t\t\t\t<\/div>\n\t\t\t\t<\/div>\n\t\t\t\t<div class=\"elementor-element elementor-element-e58dcc7 elementor-widget elementor-widget-heading\" data-id=\"e58dcc7\" data-element_type=\"widget\" data-widget_type=\"heading.default\">\n\t\t\t\t<div class=\"elementor-widget-container\">\n\t\t\t\t\t<p class=\"elementor-heading-title elementor-size-default\">Datawords' registered office is located at the following address:<br><br>\n\nDatawords<br>\n66 rue de Villiers<br>\n92300 Levallois-Perret<br>\nFrance<\/p>\t\t\t\t<\/div>\n\t\t\t\t<\/div>\n\t\t\t\t<div class=\"elementor-element elementor-element-00bfb6f elementor-widget elementor-widget-heading\" data-id=\"00bfb6f\" data-element_type=\"widget\" data-widget_type=\"heading.default\">\n\t\t\t\t<div class=\"elementor-widget-container\">\n\t\t\t\t\t<p class=\"elementor-heading-title elementor-size-default\">Datawords Datasia is a soci\u00e9t\u00e9 par actions simplifi\u00e9e (simplified joint stock company) registered with the Nanterre Trade and Companies Register under number 431 857 317, with share capital of \u20ac127,960.00.<\/p>\t\t\t\t<\/div>\n\t\t\t\t<\/div>\n\t\t\t\t<div class=\"elementor-element elementor-element-dbe4fd1 elementor-widget elementor-widget-heading\" data-id=\"dbe4fd1\" data-element_type=\"widget\" data-widget_type=\"heading.default\">\n\t\t\t\t<div class=\"elementor-widget-container\">\n\t\t\t\t\t<p class=\"elementor-heading-title elementor-size-default\">For what purpose does Datawords collect your personal data?\n<\/p>\t\t\t\t<\/div>\n\t\t\t\t<\/div>\n\t\t\t\t<div class=\"elementor-element elementor-element-64058fb elementor-widget elementor-widget-heading\" data-id=\"64058fb\" data-element_type=\"widget\" data-widget_type=\"heading.default\">\n\t\t\t\t<div class=\"elementor-widget-container\">\n\t\t\t\t\t<p class=\"elementor-heading-title elementor-size-default\">Personal data submitted within our contact tab<\/p>\t\t\t\t<\/div>\n\t\t\t\t<\/div>\n\t\t\t\t<div class=\"elementor-element elementor-element-b30839c elementor-widget elementor-widget-heading\" data-id=\"b30839c\" data-element_type=\"widget\" data-widget_type=\"heading.default\">\n\t\t\t\t<div class=\"elementor-widget-container\">\n\t\t\t\t\t<p class=\"elementor-heading-title elementor-size-default\">The personal data submitted within our contact tab is the contact information you choose to share with us. The purpose of this information is to identify you and to enable us to come back to you with the best possible understanding of your needs. <\/p>\t\t\t\t<\/div>\n\t\t\t\t<\/div>\n\t\t\t\t<div class=\"elementor-element elementor-element-2990812 elementor-widget elementor-widget-heading\" data-id=\"2990812\" data-element_type=\"widget\" data-widget_type=\"heading.default\">\n\t\t\t\t<div class=\"elementor-widget-container\">\n\t\t\t\t\t<p class=\"elementor-heading-title elementor-size-default\">If you are able to send us the file of your choice to support your request via our website, Datawords would like to remind you that this is in no way compulsory. However, if you decide to use this option, you are entirely responsible for choosing the information provided in this document. The same applies to the message you can write and attach alongside the request.  <\/p>\t\t\t\t<\/div>\n\t\t\t\t<\/div>\n\t\t\t\t<div class=\"elementor-element elementor-element-563a85d elementor-widget elementor-widget-heading\" data-id=\"563a85d\" data-element_type=\"widget\" data-widget_type=\"heading.default\">\n\t\t\t\t<div class=\"elementor-widget-container\">\n\t\t\t\t\t<p class=\"elementor-heading-title elementor-size-default\">When you agree to submit your personal data to Datawords, you also agree that Datawords may use this data within the limits of the purposes detailed above.<\/p>\t\t\t\t<\/div>\n\t\t\t\t<\/div>\n\t\t\t\t<div class=\"elementor-element elementor-element-5aa4b66 elementor-widget elementor-widget-heading\" data-id=\"5aa4b66\" data-element_type=\"widget\" data-widget_type=\"heading.default\">\n\t\t\t\t<div class=\"elementor-widget-container\">\n\t\t\t\t\t<p class=\"elementor-heading-title elementor-size-default\">Personal data submitted as part of a job application<\/p>\t\t\t\t<\/div>\n\t\t\t\t<\/div>\n\t\t\t\t<div class=\"elementor-element elementor-element-11a0e70 elementor-widget elementor-widget-heading\" data-id=\"11a0e70\" data-element_type=\"widget\" data-widget_type=\"heading.default\">\n\t\t\t\t<div class=\"elementor-widget-container\">\n\t\t\t\t\t<p class=\"elementor-heading-title elementor-size-default\">All personal data submitted via our website as part of a recruitment process, i.e. your surname(s) and first name(s), e-mail address, CV and cover letter, are used to analyze your application as accurately as possible and to contact you to inform you of the outcome of our recruitment process.<\/p>\t\t\t\t<\/div>\n\t\t\t\t<\/div>\n\t\t\t\t<div class=\"elementor-element elementor-element-5e908cd elementor-widget elementor-widget-heading\" data-id=\"5e908cd\" data-element_type=\"widget\" data-widget_type=\"heading.default\">\n\t\t\t\t<div class=\"elementor-widget-container\">\n\t\t\t\t\t<p class=\"elementor-heading-title elementor-size-default\">Personal data submitted as part of a newsletter subscription<\/p>\t\t\t\t<\/div>\n\t\t\t\t<\/div>\n\t\t\t\t<div class=\"elementor-element elementor-element-c6edb29 elementor-widget elementor-widget-heading\" data-id=\"c6edb29\" data-element_type=\"widget\" data-widget_type=\"heading.default\">\n\t\t\t\t<div class=\"elementor-widget-container\">\n\t\t\t\t\t<p class=\"elementor-heading-title elementor-size-default\">When you send us your personal data in order to receive our newsletter, Datawords uses this information only for the stated purpose. You can unsubscribe by clicking on the appropriate link in each newsletter. <\/p>\t\t\t\t<\/div>\n\t\t\t\t<\/div>\n\t\t\t\t<div class=\"elementor-element elementor-element-d8bf93d elementor-widget elementor-widget-heading\" data-id=\"d8bf93d\" data-element_type=\"widget\" data-widget_type=\"heading.default\">\n\t\t\t\t<div class=\"elementor-widget-container\">\n\t\t\t\t\t<p class=\"elementor-heading-title elementor-size-default\">Does the Datawords website use cookies?<\/p>\t\t\t\t<\/div>\n\t\t\t\t<\/div>\n\t\t\t\t<div class=\"elementor-element elementor-element-6b5993d elementor-widget elementor-widget-text-editor\" data-id=\"6b5993d\" data-element_type=\"widget\" data-widget_type=\"text-editor.default\">\n\t\t\t\t<div class=\"elementor-widget-container\">\n\t\t\t\t\t\t\t\t\t<p>Datawords uses cookies on its website. This allows our website to function properly, to obtain statistical information about your website usage, and to pass on information to third parties for marketing purposes. For more information, please visit our &#8220;<a href=\"https:\/\/datawords.com\/en-int\/cookies-management\/\">Cookies management<\/a>&#8221;\u00a0page<\/p>\t\t\t\t\t\t\t\t<\/div>\n\t\t\t\t<\/div>\n\t\t\t\t<div class=\"elementor-element elementor-element-e2ea5bd elementor-widget elementor-widget-heading\" data-id=\"e2ea5bd\" data-element_type=\"widget\" data-widget_type=\"heading.default\">\n\t\t\t\t<div class=\"elementor-widget-container\">\n\t\t\t\t\t<p class=\"elementor-heading-title elementor-size-default\">How long is your data stored?<\/p>\t\t\t\t<\/div>\n\t\t\t\t<\/div>\n\t\t\t\t<div class=\"elementor-element elementor-element-4b36ba8 elementor-widget elementor-widget-heading\" data-id=\"4b36ba8\" data-element_type=\"widget\" data-widget_type=\"heading.default\">\n\t\t\t\t<div class=\"elementor-widget-container\">\n\t\t\t\t\t<p class=\"elementor-heading-title elementor-size-default\">All data collected in our contact forms is kept only as long as is necessary to fulfil the purpose(s) for which it was collected.<\/p>\t\t\t\t<\/div>\n\t\t\t\t<\/div>\n\t\t\t\t<div class=\"elementor-element elementor-element-8106abf elementor-widget elementor-widget-heading\" data-id=\"8106abf\" data-element_type=\"widget\" data-widget_type=\"heading.default\">\n\t\t\t\t<div class=\"elementor-widget-container\">\n\t\t\t\t\t<p class=\"elementor-heading-title elementor-size-default\">Data submitted as part of a job application may be kept (a) for two years in the case of any unsuccessful application that may be relevant to a future job offer or (b) for the duration of our collaboration and up to 5 to 10 years after its end. The data collected when you subscribe to our newsletter will be kept for as long as you give your consent to the submission of this data.  \n<\/p>\t\t\t\t<\/div>\n\t\t\t\t<\/div>\n\t\t\t\t<div class=\"elementor-element elementor-element-faf5709 elementor-widget elementor-widget-heading\" data-id=\"faf5709\" data-element_type=\"widget\" data-widget_type=\"heading.default\">\n\t\t\t\t<div class=\"elementor-widget-container\">\n\t\t\t\t\t<p class=\"elementor-heading-title elementor-size-default\">Who can access your data?<\/p>\t\t\t\t<\/div>\n\t\t\t\t<\/div>\n\t\t\t\t<div class=\"elementor-element elementor-element-79e3be8 elementor-widget elementor-widget-heading\" data-id=\"79e3be8\" data-element_type=\"widget\" data-widget_type=\"heading.default\">\n\t\t\t\t<div class=\"elementor-widget-container\">\n\t\t\t\t\t<p class=\"elementor-heading-title elementor-size-default\">Only competent persons essential to the proper processing of your data may access it.<\/p>\t\t\t\t<\/div>\n\t\t\t\t<\/div>\n\t\t\t\t<div class=\"elementor-element elementor-element-40a1bde elementor-widget elementor-widget-heading\" data-id=\"40a1bde\" data-element_type=\"widget\" data-widget_type=\"heading.default\">\n\t\t\t\t<div class=\"elementor-widget-container\">\n\t\t\t\t\t<p class=\"elementor-heading-title elementor-size-default\">Datawords will never sell your data. Any communication of your data to a third party will only be done with your consent, to improve your experience on our website or within the framework of the implementation of a contract previously signed by you. <\/p>\t\t\t\t<\/div>\n\t\t\t\t<\/div>\n\t\t\t\t<div class=\"elementor-element elementor-element-027dbe4 elementor-widget elementor-widget-heading\" data-id=\"027dbe4\" data-element_type=\"widget\" data-widget_type=\"heading.default\">\n\t\t\t\t<div class=\"elementor-widget-container\">\n\t\t\t\t\t<p class=\"elementor-heading-title elementor-size-default\">How to exercise your rights?<\/p>\t\t\t\t<\/div>\n\t\t\t\t<\/div>\n\t\t\t\t<div class=\"elementor-element elementor-element-bcd9ed4 elementor-widget elementor-widget-heading\" data-id=\"bcd9ed4\" data-element_type=\"widget\" data-widget_type=\"heading.default\">\n\t\t\t\t<div class=\"elementor-widget-container\">\n\t\t\t\t\t<p class=\"elementor-heading-title elementor-size-default\">When you agree to provide us with your data, you have the right to access, rectify, oppose and delete the processing of said data.<\/p>\t\t\t\t<\/div>\n\t\t\t\t<\/div>\n\t\t\t\t<div class=\"elementor-element elementor-element-8d75a11 elementor-widget elementor-widget-heading\" data-id=\"8d75a11\" data-element_type=\"widget\" data-widget_type=\"heading.default\">\n\t\t\t\t<div class=\"elementor-widget-container\">\n\t\t\t\t\t<p class=\"elementor-heading-title elementor-size-default\">In accordance with GDPR you have a right of access to your personal data, a right to rectify and delete this data, a right to limit the processing of this data, a right to the portability of this data and a right to object to its processing.<\/p>\t\t\t\t<\/div>\n\t\t\t\t<\/div>\n\t\t\t\t<div class=\"elementor-element elementor-element-700b4d1 elementor-widget elementor-widget-heading\" data-id=\"700b4d1\" data-element_type=\"widget\" data-widget_type=\"heading.default\">\n\t\t\t\t<div class=\"elementor-widget-container\">\n\t\t\t\t\t<p class=\"elementor-heading-title elementor-size-default\">These rights may be exercised by sending your request by e-mail to the following address:\ndpo@datawordsdev.kinsta.cloud \nor by post to:<br>\nDatawords<br>\nDPO<br>\n66 rue de Villiers<br>\n92300 Levallois-Perret<br>\nFrance<\/p>\t\t\t\t<\/div>\n\t\t\t\t<\/div>\n\t\t\t\t<div class=\"elementor-element elementor-element-3920a90 elementor-widget elementor-widget-heading\" data-id=\"3920a90\" data-element_type=\"widget\" data-widget_type=\"heading.default\">\n\t\t\t\t<div class=\"elementor-widget-container\">\n\t\t\t\t\t<p class=\"elementor-heading-title elementor-size-default\">Datawords commits to take all necessary steps as soon as possible after receipt of your request and to notify you of any action taken.<\/p>\t\t\t\t<\/div>\n\t\t\t\t<\/div>\n\t\t\t\t<div class=\"elementor-element elementor-element-115aa8f elementor-widget elementor-widget-heading\" data-id=\"115aa8f\" data-element_type=\"widget\" data-widget_type=\"heading.default\">\n\t\t\t\t<div class=\"elementor-widget-container\">\n\t\t\t\t\t<p class=\"elementor-heading-title elementor-size-default\">If you have subscribed to our newsletter, you can unsubscribe at any time by clicking on the link in each newsletter.<\/p>\t\t\t\t<\/div>\n\t\t\t\t<\/div>\n\t\t\t\t<div class=\"elementor-element elementor-element-59a53f9 elementor-widget elementor-widget-heading\" data-id=\"59a53f9\" data-element_type=\"widget\" data-widget_type=\"heading.default\">\n\t\t\t\t<div class=\"elementor-widget-container\">\n\t\t\t\t\t<p class=\"elementor-heading-title elementor-size-default\">Changes to this policy<\/p>\t\t\t\t<\/div>\n\t\t\t\t<\/div>\n\t\t\t\t<div class=\"elementor-element elementor-element-c992917 elementor-widget elementor-widget-heading\" data-id=\"c992917\" data-element_type=\"widget\" data-widget_type=\"heading.default\">\n\t\t\t\t<div class=\"elementor-widget-container\">\n\t\t\t\t\t<p class=\"elementor-heading-title elementor-size-default\">Datawords reserves the right to modify and update its privacy policy at any time in accordance with applicable law.<\/p>\t\t\t\t<\/div>\n\t\t\t\t<\/div>\n\t\t\t\t\t<\/div>\n\t\t<\/div>\n\t\t\t\t\t<\/div>\n\t\t<\/section>\n\t\t\t\t\t<\/div>\n\t\t<\/div>\n\t\t\t\t\t<\/div>\n\t\t<\/section>\n\t\t\t\t<\/div>\n\t\t","protected":false},"excerpt":{"rendered":"<p>Personal data management Datawords is fully aware of regulations governing the protection of personal data. With this in mind, we aim to make all information relating to data processing carried out via our website as clear and accessible as possible, whether it relates to a simple information request, a subscription to our newsletter or an [&hellip;]<\/p>\n","protected":false},"author":42,"featured_media":0,"parent":0,"menu_order":0,"comment_status":"closed","ping_status":"closed","template":"","meta":{"_acf_changed":false,"content-type":"","footnotes":""},"class_list":["post-162935","page","type-page","status-publish","hentry"],"acf":[],"_links":{"self":[{"href":"https:\/\/datawords.com\/en-sg\/wp-json\/wp\/v2\/pages\/162935","targetHints":{"allow":["GET"]}}],"collection":[{"href":"https:\/\/datawords.com\/en-sg\/wp-json\/wp\/v2\/pages"}],"about":[{"href":"https:\/\/datawords.com\/en-sg\/wp-json\/wp\/v2\/types\/page"}],"author":[{"embeddable":true,"href":"https:\/\/datawords.com\/en-sg\/wp-json\/wp\/v2\/users\/42"}],"replies":[{"embeddable":true,"href":"https:\/\/datawords.com\/en-sg\/wp-json\/wp\/v2\/comments?post=162935"}],"version-history":[{"count":0,"href":"https:\/\/datawords.com\/en-sg\/wp-json\/wp\/v2\/pages\/162935\/revisions"}],"wp:attachment":[{"href":"https:\/\/datawords.com\/en-sg\/wp-json\/wp\/v2\/media?parent=162935"}],"curies":[{"name":"wp","href":"https:\/\/api.w.org\/{rel}","templated":true}]}}