{"id":61738,"date":"2023-07-22T12:07:12","date_gmt":"2023-07-22T10:07:12","guid":{"rendered":"https:\/\/datawords.com\/personal-data-management\/"},"modified":"2025-11-20T03:19:01","modified_gmt":"2025-11-20T02:19:01","slug":"personal-data-management","status":"publish","type":"page","link":"https:\/\/datawords.com\/en-hk\/personal-data-management\/","title":{"rendered":"Personal data management"},"content":{"rendered":"\t\t<div data-elementor-type=\"wp-page\" data-elementor-id=\"61738\" class=\"elementor elementor-61738 elementor-8143\" data-elementor-post-type=\"page\">\n\t\t\t\t\t\t<section class=\"elementor-section elementor-top-section elementor-element elementor-element-04decbd elementor-section-boxed elementor-section-height-default elementor-section-height-default\" data-id=\"04decbd\" data-element_type=\"section\" data-settings=\"{&quot;background_background&quot;:&quot;classic&quot;}\">\n\t\t\t\t\t\t<div class=\"elementor-container elementor-column-gap-default\">\n\t\t\t\t\t<div class=\"elementor-column elementor-col-100 elementor-top-column elementor-element elementor-element-240b729\" data-id=\"240b729\" data-element_type=\"column\" data-settings=\"{&quot;background_background&quot;:&quot;classic&quot;}\">\n\t\t\t<div class=\"elementor-widget-wrap elementor-element-populated\">\n\t\t\t\t\t\t<section class=\"elementor-section elementor-inner-section elementor-element elementor-element-53f972e elementor-section-boxed elementor-section-height-default elementor-section-height-default\" data-id=\"53f972e\" data-element_type=\"section\">\n\t\t\t\t\t\t<div class=\"elementor-container elementor-column-gap-default\">\n\t\t\t\t\t<div class=\"elementor-column elementor-col-100 elementor-inner-column elementor-element elementor-element-60da7e2\" data-id=\"60da7e2\" data-element_type=\"column\">\n\t\t\t<div class=\"elementor-widget-wrap elementor-element-populated\">\n\t\t\t\t\t\t<div class=\"elementor-element elementor-element-7e73149 elementor-widget__width-inherit textchange elementor-widget elementor-widget-text-editor\" data-id=\"7e73149\" data-element_type=\"widget\" data-widget_type=\"text-editor.default\">\n\t\t\t\t<div class=\"elementor-widget-container\">\n\t\t\t\t\t\t\t\t\t<h1>Personal data <strong><br>management\u200b<\/strong><\/h1>\t\t\t\t\t\t\t\t<\/div>\n\t\t\t\t<\/div>\n\t\t\t\t\t<\/div>\n\t\t<\/div>\n\t\t\t\t\t<\/div>\n\t\t<\/section>\n\t\t\t\t\t<\/div>\n\t\t<\/div>\n\t\t\t\t\t<\/div>\n\t\t<\/section>\n\t\t\t\t<section class=\"elementor-section elementor-top-section elementor-element elementor-element-8dd7432 whitetxt elementor-section-boxed elementor-section-height-default elementor-section-height-default\" data-id=\"8dd7432\" data-element_type=\"section\" data-settings=\"{&quot;background_background&quot;:&quot;classic&quot;}\">\n\t\t\t\t\t\t<div class=\"elementor-container elementor-column-gap-default\">\n\t\t\t\t\t<div class=\"elementor-column elementor-col-100 elementor-top-column elementor-element elementor-element-fe787a2\" data-id=\"fe787a2\" data-element_type=\"column\">\n\t\t\t<div class=\"elementor-widget-wrap elementor-element-populated\">\n\t\t\t\t\t\t<section class=\"elementor-section elementor-inner-section elementor-element elementor-element-0d8c22f elementor-section-boxed elementor-section-height-default elementor-section-height-default\" data-id=\"0d8c22f\" data-element_type=\"section\">\n\t\t\t\t\t\t<div class=\"elementor-container elementor-column-gap-default\">\n\t\t\t\t\t<div class=\"elementor-column elementor-col-100 elementor-inner-column elementor-element elementor-element-909f3cc\" data-id=\"909f3cc\" data-element_type=\"column\">\n\t\t\t<div class=\"elementor-widget-wrap elementor-element-populated\">\n\t\t\t\t\t\t<div class=\"elementor-element elementor-element-02636d3 elementor-widget elementor-widget-heading\" data-id=\"02636d3\" data-element_type=\"widget\" data-widget_type=\"heading.default\">\n\t\t\t\t<div class=\"elementor-widget-container\">\n\t\t\t\t\t<p class=\"elementor-heading-title elementor-size-default\">Datawords is fully aware of regulations governing the protection of personal data. With this in mind, we aim to make all information relating to data processing carried out via our website as clear and accessible as possible, whether it relates to a simple information request, a subscription to our newsletter or an application for a job with us. <\/p>\t\t\t\t<\/div>\n\t\t\t\t<\/div>\n\t\t\t\t<div class=\"elementor-element elementor-element-f3ad74c elementor-widget elementor-widget-heading\" data-id=\"f3ad74c\" data-element_type=\"widget\" data-widget_type=\"heading.default\">\n\t\t\t\t<div class=\"elementor-widget-container\">\n\t\t\t\t\t<p class=\"elementor-heading-title elementor-size-default\">The purpose of Datawords\u2019 personal data protection policy is to inform you about how the data collected via this website will be used, as well as about your rights and how you can exercise them.<\/p>\t\t\t\t<\/div>\n\t\t\t\t<\/div>\n\t\t\t\t<div class=\"elementor-element elementor-element-2bfa97b elementor-widget elementor-widget-heading\" data-id=\"2bfa97b\" data-element_type=\"widget\" data-widget_type=\"heading.default\">\n\t\t\t\t<div class=\"elementor-widget-container\">\n\t\t\t\t\t<p class=\"elementor-heading-title elementor-size-default\">This policy also reflects Datawords' principles of confidentiality and data security. Data processing is crucial to Datawords, so it's essential for our business that it's carried out securely and in accordance with your wishes. <\/p>\t\t\t\t<\/div>\n\t\t\t\t<\/div>\n\t\t\t\t<div class=\"elementor-element elementor-element-9d57128 elementor-widget elementor-widget-heading\" data-id=\"9d57128\" data-element_type=\"widget\" data-widget_type=\"heading.default\">\n\t\t\t\t<div class=\"elementor-widget-container\">\n\t\t\t\t\t<p class=\"elementor-heading-title elementor-size-default\">Before confirming the submission of your personal data via our website, you agree to read and accept this policy. By accepting, you are giving your clear and unequivocal consent for Datawords to process your request using the data submitted for this purpose. <\/p>\t\t\t\t<\/div>\n\t\t\t\t<\/div>\n\t\t\t\t<div class=\"elementor-element elementor-element-e4a384a elementor-widget__width-inherit textchange elementor-widget elementor-widget-text-editor\" data-id=\"e4a384a\" data-element_type=\"widget\" data-widget_type=\"text-editor.default\">\n\t\t\t\t<div class=\"elementor-widget-container\">\n\t\t\t\t\t\t\t\t\t<h2><strong>Datawords&#8217;<\/strong> <br>commitments<\/h2>\t\t\t\t\t\t\t\t<\/div>\n\t\t\t\t<\/div>\n\t\t\t\t<div class=\"elementor-element elementor-element-7218a61 elementor-widget elementor-widget-heading\" data-id=\"7218a61\" data-element_type=\"widget\" data-widget_type=\"heading.default\">\n\t\t\t\t<div class=\"elementor-widget-container\">\n\t\t\t\t\t<p class=\"elementor-heading-title elementor-size-default\">Datawords commits to compliance with French legislation relating to personal data, in particular law no. 78-17 of January 6, 1978 on data processing, data files and individual liberties. In addition, Datawords is committed to complying with the General Data Protection Regulation (GDPR) 2016\/679 of the European Parliament and of the Council of April 27, 2016, which has been in force since May 25, 2018. <\/p>\t\t\t\t<\/div>\n\t\t\t\t<\/div>\n\t\t\t\t<div class=\"elementor-element elementor-element-58c9179 elementor-widget elementor-widget-heading\" data-id=\"58c9179\" data-element_type=\"widget\" data-widget_type=\"heading.default\">\n\t\t\t\t<div class=\"elementor-widget-container\">\n\t\t\t\t\t<p class=\"elementor-heading-title elementor-size-default\">We therefore undertake to use the personal data we receive only in accordance with the purposes for which it was submitted.<\/p>\t\t\t\t<\/div>\n\t\t\t\t<\/div>\n\t\t\t\t<div class=\"elementor-element elementor-element-d83f89e elementor-widget elementor-widget-heading\" data-id=\"d83f89e\" data-element_type=\"widget\" data-widget_type=\"heading.default\">\n\t\t\t\t<div class=\"elementor-widget-container\">\n\t\t\t\t\t<p class=\"elementor-heading-title elementor-size-default\">Datawords also commits to put in place all the organizational and technical measures necessary to comply with the aforementioned texts, and to ensure a level of security appropriate to the purposes of the processing and the nature of the data.<\/p>\t\t\t\t<\/div>\n\t\t\t\t<\/div>\n\t\t\t\t<div class=\"elementor-element elementor-element-3085f16 elementor-widget elementor-widget-heading\" data-id=\"3085f16\" data-element_type=\"widget\" data-widget_type=\"heading.default\">\n\t\t\t\t<div class=\"elementor-widget-container\">\n\t\t\t\t\t<p class=\"elementor-heading-title elementor-size-default\">If you have any questions about this policy, please contact Datawords at dpo@datawordsdev.kinsta.cloud.<\/p>\t\t\t\t<\/div>\n\t\t\t\t<\/div>\n\t\t\t\t<div class=\"elementor-element elementor-element-3547c5b elementor-widget__width-inherit textchange elementor-widget elementor-widget-text-editor\" data-id=\"3547c5b\" data-element_type=\"widget\" data-widget_type=\"text-editor.default\">\n\t\t\t\t<div class=\"elementor-widget-container\">\n\t\t\t\t\t\t\t\t\t<h2><strong>Who collects<\/strong><br>your data?<\/h2>\t\t\t\t\t\t\t\t<\/div>\n\t\t\t\t<\/div>\n\t\t\t\t<div class=\"elementor-element elementor-element-3ed435f elementor-widget elementor-widget-heading\" data-id=\"3ed435f\" data-element_type=\"widget\" data-widget_type=\"heading.default\">\n\t\t\t\t<div class=\"elementor-widget-container\">\n\t\t\t\t\t<p class=\"elementor-heading-title elementor-size-default\">For the collection of personal data of its visitors via its website, Datawords acts as data controller and directly collects said data.<\/p>\t\t\t\t<\/div>\n\t\t\t\t<\/div>\n\t\t\t\t<div class=\"elementor-element elementor-element-ca64811 elementor-widget elementor-widget-heading\" data-id=\"ca64811\" data-element_type=\"widget\" data-widget_type=\"heading.default\">\n\t\t\t\t<div class=\"elementor-widget-container\">\n\t\t\t\t\t<p class=\"elementor-heading-title elementor-size-default\">Datawords' registered office is located at the following address:<br><br>\n\nDatawords<br>\n66 rue de Villiers<br>\n92300 Levallois-Perret<br>\nFrance<\/p>\t\t\t\t<\/div>\n\t\t\t\t<\/div>\n\t\t\t\t<div class=\"elementor-element elementor-element-1619b5c elementor-widget elementor-widget-heading\" data-id=\"1619b5c\" data-element_type=\"widget\" data-widget_type=\"heading.default\">\n\t\t\t\t<div class=\"elementor-widget-container\">\n\t\t\t\t\t<p class=\"elementor-heading-title elementor-size-default\">Datawords Datasia is a soci\u00e9t\u00e9 par actions simplifi\u00e9e (simplified joint stock company) registered with the Nanterre Trade and Companies Register under number 431 857 317, with share capital of \u20ac127,960.00.<\/p>\t\t\t\t<\/div>\n\t\t\t\t<\/div>\n\t\t\t\t<div class=\"elementor-element elementor-element-59b09f0 elementor-widget__width-inherit textchange elementor-widget elementor-widget-text-editor\" data-id=\"59b09f0\" data-element_type=\"widget\" data-widget_type=\"text-editor.default\">\n\t\t\t\t<div class=\"elementor-widget-container\">\n\t\t\t\t\t\t\t\t\t<h2><strong>Why does Datawords<\/strong><br> collect your data?<\/h2>\t\t\t\t\t\t\t\t<\/div>\n\t\t\t\t<\/div>\n\t\t\t\t<div class=\"elementor-element elementor-element-e9a3634 elementor-widget elementor-widget-heading\" data-id=\"e9a3634\" data-element_type=\"widget\" data-widget_type=\"heading.default\">\n\t\t\t\t<div class=\"elementor-widget-container\">\n\t\t\t\t\t<h3 class=\"elementor-heading-title elementor-size-default\">Personal data submitted within our contact tab<\/h3>\t\t\t\t<\/div>\n\t\t\t\t<\/div>\n\t\t\t\t<div class=\"elementor-element elementor-element-ebf4beb elementor-widget elementor-widget-heading\" data-id=\"ebf4beb\" data-element_type=\"widget\" data-widget_type=\"heading.default\">\n\t\t\t\t<div class=\"elementor-widget-container\">\n\t\t\t\t\t<p class=\"elementor-heading-title elementor-size-default\">The personal data submitted within our contact tab is the contact information you choose to share with us. The purpose of this information is to identify you and to enable us to come back to you with the best possible understanding of your needs. <\/p>\t\t\t\t<\/div>\n\t\t\t\t<\/div>\n\t\t\t\t<div class=\"elementor-element elementor-element-849fc50 elementor-widget elementor-widget-heading\" data-id=\"849fc50\" data-element_type=\"widget\" data-widget_type=\"heading.default\">\n\t\t\t\t<div class=\"elementor-widget-container\">\n\t\t\t\t\t<p class=\"elementor-heading-title elementor-size-default\">If you are able to send us the file of your choice to support your request via our website, Datawords would like to remind you that this is in no way compulsory. However, if you decide to use this option, you are entirely responsible for choosing the information provided in this document. The same applies to the message you can write and attach alongside the request.  <\/p>\t\t\t\t<\/div>\n\t\t\t\t<\/div>\n\t\t\t\t<div class=\"elementor-element elementor-element-6170bc1 elementor-widget elementor-widget-heading\" data-id=\"6170bc1\" data-element_type=\"widget\" data-widget_type=\"heading.default\">\n\t\t\t\t<div class=\"elementor-widget-container\">\n\t\t\t\t\t<p class=\"elementor-heading-title elementor-size-default\">When you agree to submit your personal data to Datawords, you also agree that Datawords may use this data within the limits of the purposes detailed above.<\/p>\t\t\t\t<\/div>\n\t\t\t\t<\/div>\n\t\t\t\t<div class=\"elementor-element elementor-element-fe0bca3 elementor-widget elementor-widget-heading\" data-id=\"fe0bca3\" data-element_type=\"widget\" data-widget_type=\"heading.default\">\n\t\t\t\t<div class=\"elementor-widget-container\">\n\t\t\t\t\t<h3 class=\"elementor-heading-title elementor-size-default\">Personal data submitted as part of a job application<\/h3>\t\t\t\t<\/div>\n\t\t\t\t<\/div>\n\t\t\t\t<div class=\"elementor-element elementor-element-2950db6 elementor-widget elementor-widget-heading\" data-id=\"2950db6\" data-element_type=\"widget\" data-widget_type=\"heading.default\">\n\t\t\t\t<div class=\"elementor-widget-container\">\n\t\t\t\t\t<p class=\"elementor-heading-title elementor-size-default\">All personal data submitted via our website as part of a recruitment process, i.e. your surname(s) and first name(s), e-mail address, CV and cover letter, are used to analyze your application as accurately as possible and to contact you to inform you of the outcome of our recruitment process.<\/p>\t\t\t\t<\/div>\n\t\t\t\t<\/div>\n\t\t\t\t<div class=\"elementor-element elementor-element-17447d8 elementor-widget elementor-widget-heading\" data-id=\"17447d8\" data-element_type=\"widget\" data-widget_type=\"heading.default\">\n\t\t\t\t<div class=\"elementor-widget-container\">\n\t\t\t\t\t<h3 class=\"elementor-heading-title elementor-size-default\">Personal data submitted as part of a newsletter subscription<\/h3>\t\t\t\t<\/div>\n\t\t\t\t<\/div>\n\t\t\t\t<div class=\"elementor-element elementor-element-b79eab1 elementor-widget elementor-widget-heading\" data-id=\"b79eab1\" data-element_type=\"widget\" data-widget_type=\"heading.default\">\n\t\t\t\t<div class=\"elementor-widget-container\">\n\t\t\t\t\t<p class=\"elementor-heading-title elementor-size-default\">When you send us your personal data in order to receive our newsletter, Datawords uses this information only for the stated purpose. You can unsubscribe by clicking on the appropriate link in each newsletter. <\/p>\t\t\t\t<\/div>\n\t\t\t\t<\/div>\n\t\t\t\t<div class=\"elementor-element elementor-element-cfad32d elementor-widget__width-inherit textchange elementor-widget elementor-widget-text-editor\" data-id=\"cfad32d\" data-element_type=\"widget\" data-widget_type=\"text-editor.default\">\n\t\t\t\t<div class=\"elementor-widget-container\">\n\t\t\t\t\t\t\t\t\t<h2><strong>Does the Datawords website<\/strong> use cookies?<\/h2>\t\t\t\t\t\t\t\t<\/div>\n\t\t\t\t<\/div>\n\t\t\t\t<div class=\"elementor-element elementor-element-f8b83e2 elementor-widget elementor-widget-text-editor\" data-id=\"f8b83e2\" data-element_type=\"widget\" data-widget_type=\"text-editor.default\">\n\t\t\t\t<div class=\"elementor-widget-container\">\n\t\t\t\t\t\t\t\t\t<p>Datawords uses cookies on its website. This allows our website to function properly, to obtain statistical information about your website usage, and to pass on information to third parties for marketing purposes. For more information, please visit our &#8220;<a href=\"https:\/\/datawords.com\/en-uk\/cookies-management\/\">Cookies management<\/a>&#8221;\u00a0page<\/p>\t\t\t\t\t\t\t\t<\/div>\n\t\t\t\t<\/div>\n\t\t\t\t<div class=\"elementor-element elementor-element-0031bdb elementor-widget__width-inherit textchange elementor-widget elementor-widget-text-editor\" data-id=\"0031bdb\" data-element_type=\"widget\" data-widget_type=\"text-editor.default\">\n\t\t\t\t<div class=\"elementor-widget-container\">\n\t\t\t\t\t\t\t\t\t<h2><strong>How long is your<\/strong><br>data stored?<\/h2>\t\t\t\t\t\t\t\t<\/div>\n\t\t\t\t<\/div>\n\t\t\t\t<div class=\"elementor-element elementor-element-de2eea4 elementor-widget elementor-widget-heading\" data-id=\"de2eea4\" data-element_type=\"widget\" data-widget_type=\"heading.default\">\n\t\t\t\t<div class=\"elementor-widget-container\">\n\t\t\t\t\t<p class=\"elementor-heading-title elementor-size-default\">All data collected in our contact forms is kept only as long as is necessary to fulfil the purpose(s) for which it was collected.<\/p>\t\t\t\t<\/div>\n\t\t\t\t<\/div>\n\t\t\t\t<div class=\"elementor-element elementor-element-fc45b24 elementor-widget elementor-widget-heading\" data-id=\"fc45b24\" data-element_type=\"widget\" data-widget_type=\"heading.default\">\n\t\t\t\t<div class=\"elementor-widget-container\">\n\t\t\t\t\t<p class=\"elementor-heading-title elementor-size-default\">Data submitted as part of a job application may be kept (a) for two years in the case of any unsuccessful application that may be relevant to a future job offer or (b) for the duration of our collaboration and up to 5 to 10 years after its end. The data collected when you subscribe to our newsletter will be kept for as long as you give your consent to the submission of this data.  \n<\/p>\t\t\t\t<\/div>\n\t\t\t\t<\/div>\n\t\t\t\t<div class=\"elementor-element elementor-element-65ca608 elementor-widget__width-inherit textchange elementor-widget elementor-widget-text-editor\" data-id=\"65ca608\" data-element_type=\"widget\" data-widget_type=\"text-editor.default\">\n\t\t\t\t<div class=\"elementor-widget-container\">\n\t\t\t\t\t\t\t\t\t<h2><strong>Who can access<\/strong><br>your data?<\/h2>\t\t\t\t\t\t\t\t<\/div>\n\t\t\t\t<\/div>\n\t\t\t\t<div class=\"elementor-element elementor-element-b457345 elementor-widget elementor-widget-heading\" data-id=\"b457345\" data-element_type=\"widget\" data-widget_type=\"heading.default\">\n\t\t\t\t<div class=\"elementor-widget-container\">\n\t\t\t\t\t<p class=\"elementor-heading-title elementor-size-default\">Only competent persons essential to the proper processing of your data may access it.<\/p>\t\t\t\t<\/div>\n\t\t\t\t<\/div>\n\t\t\t\t<div class=\"elementor-element elementor-element-81fbd4a elementor-widget elementor-widget-heading\" data-id=\"81fbd4a\" data-element_type=\"widget\" data-widget_type=\"heading.default\">\n\t\t\t\t<div class=\"elementor-widget-container\">\n\t\t\t\t\t<p class=\"elementor-heading-title elementor-size-default\">Datawords will never sell your data. Any communication of your data to a third party will only be done with your consent, to improve your experience on our website or within the framework of the implementation of a contract previously signed by you. <\/p>\t\t\t\t<\/div>\n\t\t\t\t<\/div>\n\t\t\t\t<div class=\"elementor-element elementor-element-ba56011 elementor-widget__width-inherit textchange elementor-widget elementor-widget-text-editor\" data-id=\"ba56011\" data-element_type=\"widget\" data-widget_type=\"text-editor.default\">\n\t\t\t\t<div class=\"elementor-widget-container\">\n\t\t\t\t\t\t\t\t\t<h2><strong>How to exercise<\/strong><br>your rights?<\/h2>\t\t\t\t\t\t\t\t<\/div>\n\t\t\t\t<\/div>\n\t\t\t\t<div class=\"elementor-element elementor-element-22590a3 elementor-widget elementor-widget-heading\" data-id=\"22590a3\" data-element_type=\"widget\" data-widget_type=\"heading.default\">\n\t\t\t\t<div class=\"elementor-widget-container\">\n\t\t\t\t\t<p class=\"elementor-heading-title elementor-size-default\">When you agree to provide us with your data, you have the right to access, rectify, oppose and delete the processing of said data.<\/p>\t\t\t\t<\/div>\n\t\t\t\t<\/div>\n\t\t\t\t<div class=\"elementor-element elementor-element-7c8457c elementor-widget elementor-widget-heading\" data-id=\"7c8457c\" data-element_type=\"widget\" data-widget_type=\"heading.default\">\n\t\t\t\t<div class=\"elementor-widget-container\">\n\t\t\t\t\t<p class=\"elementor-heading-title elementor-size-default\">In accordance with GDPR you have a right of access to your personal data, a right to rectify and delete this data, a right to limit the processing of this data, a right to the portability of this data and a right to object to its processing.<\/p>\t\t\t\t<\/div>\n\t\t\t\t<\/div>\n\t\t\t\t<div class=\"elementor-element elementor-element-444e883 elementor-widget elementor-widget-heading\" data-id=\"444e883\" data-element_type=\"widget\" data-widget_type=\"heading.default\">\n\t\t\t\t<div class=\"elementor-widget-container\">\n\t\t\t\t\t<p class=\"elementor-heading-title elementor-size-default\">These rights may be exercised by sending your request by e-mail to the following address:\ndpo@datawordsdev.kinsta.cloud \nor by post to:<br>\nDatawords<br>\nDPO<br>\n66 rue de Villiers<br>\n92300 Levallois-Perret<br>\nFrance<\/p>\t\t\t\t<\/div>\n\t\t\t\t<\/div>\n\t\t\t\t<div class=\"elementor-element elementor-element-5df0dac elementor-widget elementor-widget-heading\" data-id=\"5df0dac\" data-element_type=\"widget\" data-widget_type=\"heading.default\">\n\t\t\t\t<div class=\"elementor-widget-container\">\n\t\t\t\t\t<p class=\"elementor-heading-title elementor-size-default\">Datawords commits to take all necessary steps as soon as possible after receipt of your request and to notify you of any action taken.<\/p>\t\t\t\t<\/div>\n\t\t\t\t<\/div>\n\t\t\t\t<div class=\"elementor-element elementor-element-b0bfeb5 elementor-widget elementor-widget-heading\" data-id=\"b0bfeb5\" data-element_type=\"widget\" data-widget_type=\"heading.default\">\n\t\t\t\t<div class=\"elementor-widget-container\">\n\t\t\t\t\t<p class=\"elementor-heading-title elementor-size-default\">If you have subscribed to our newsletter, you can unsubscribe at any time by clicking on the link in each newsletter.<\/p>\t\t\t\t<\/div>\n\t\t\t\t<\/div>\n\t\t\t\t<div class=\"elementor-element elementor-element-bd6d92a elementor-widget__width-inherit textchange elementor-widget elementor-widget-text-editor\" data-id=\"bd6d92a\" data-element_type=\"widget\" data-widget_type=\"text-editor.default\">\n\t\t\t\t<div class=\"elementor-widget-container\">\n\t\t\t\t\t\t\t\t\t<h2><strong>Changes to<\/strong><br>this policy<\/h2>\t\t\t\t\t\t\t\t<\/div>\n\t\t\t\t<\/div>\n\t\t\t\t<div class=\"elementor-element elementor-element-52de60b elementor-widget elementor-widget-heading\" data-id=\"52de60b\" data-element_type=\"widget\" data-widget_type=\"heading.default\">\n\t\t\t\t<div class=\"elementor-widget-container\">\n\t\t\t\t\t<p class=\"elementor-heading-title elementor-size-default\">Datawords reserves the right to modify and update its privacy policy at any time in accordance with applicable law.<\/p>\t\t\t\t<\/div>\n\t\t\t\t<\/div>\n\t\t\t\t\t<\/div>\n\t\t<\/div>\n\t\t\t\t\t<\/div>\n\t\t<\/section>\n\t\t\t\t\t<\/div>\n\t\t<\/div>\n\t\t\t\t\t<\/div>\n\t\t<\/section>\n\t\t\t\t<\/div>\n\t\t","protected":false},"excerpt":{"rendered":"<p>Personal data management\u200b Datawords is fully aware of regulations governing the protection of personal data. With this in mind, we aim to make all information relating to data processing carried out via our website as clear and accessible as possible, whether it relates to a simple information request, a subscription to our newsletter or an [&hellip;]<\/p>\n","protected":false},"author":42,"featured_media":0,"parent":0,"menu_order":0,"comment_status":"closed","ping_status":"closed","template":"","meta":{"_acf_changed":false,"content-type":"","footnotes":""},"class_list":["post-61738","page","type-page","status-publish","hentry"],"acf":[],"_links":{"self":[{"href":"https:\/\/datawords.com\/en-hk\/wp-json\/wp\/v2\/pages\/61738","targetHints":{"allow":["GET"]}}],"collection":[{"href":"https:\/\/datawords.com\/en-hk\/wp-json\/wp\/v2\/pages"}],"about":[{"href":"https:\/\/datawords.com\/en-hk\/wp-json\/wp\/v2\/types\/page"}],"author":[{"embeddable":true,"href":"https:\/\/datawords.com\/en-hk\/wp-json\/wp\/v2\/users\/42"}],"replies":[{"embeddable":true,"href":"https:\/\/datawords.com\/en-hk\/wp-json\/wp\/v2\/comments?post=61738"}],"version-history":[{"count":0,"href":"https:\/\/datawords.com\/en-hk\/wp-json\/wp\/v2\/pages\/61738\/revisions"}],"wp:attachment":[{"href":"https:\/\/datawords.com\/en-hk\/wp-json\/wp\/v2\/media?parent=61738"}],"curies":[{"name":"wp","href":"https:\/\/api.w.org\/{rel}","templated":true}]}}