{"id":30084,"date":"2023-06-29T13:45:10","date_gmt":"2023-06-29T11:45:10","guid":{"rendered":"https:\/\/datawords.com\/omnichannel-leistung-nach-kultur\/"},"modified":"2026-02-04T08:35:25","modified_gmt":"2026-02-04T07:35:25","slug":"omnichannel-wachstum-nach-kultur","status":"publish","type":"page","link":"https:\/\/datawords.com\/de\/omnichannel-wachstum-nach-kultur\/","title":{"rendered":"Omnichannel-Wachstum nach Kultur"},"content":{"rendered":"\t\t<div data-elementor-type=\"wp-page\" data-elementor-id=\"30084\" class=\"elementor elementor-30084 elementor-6413\" data-elementor-post-type=\"page\">\n\t\t\t\t<div class=\"elementor-element elementor-element-396a781 e-flex e-con-boxed e-con e-parent\" data-id=\"396a781\" data-element_type=\"container\" data-settings=\"{&quot;background_background&quot;:&quot;classic&quot;}\">\n\t\t\t\t\t<div class=\"e-con-inner\">\n\t\t<div class=\"elementor-element elementor-element-ebcbeb4 e-con-full e-flex e-con e-child\" data-id=\"ebcbeb4\" data-element_type=\"container\">\n\t\t\t\t<div class=\"elementor-element elementor-element-9d5dea9 textchange elementor-widget__width-initial elementor-hidden-desktop elementor-hidden-tablet elementor-widget elementor-widget-text-editor\" data-id=\"9d5dea9\" data-element_type=\"widget\" data-widget_type=\"text-editor.default\">\n\t\t\t\t<div class=\"elementor-widget-container\">\n\t\t\t\t\t\t\t\t\tLokale Sichtbarkeit<strong><br> mit globaler Koh\u00e4renz steigern<\/strong>\t\t\t\t\t\t\t\t<\/div>\n\t\t\t\t<\/div>\n\t\t\t\t<div class=\"elementor-element elementor-element-c6922b6 textchange elementor-widget__width-initial elementor-hidden-mobile elementor-widget elementor-widget-text-editor\" data-id=\"c6922b6\" data-element_type=\"widget\" data-widget_type=\"text-editor.default\">\n\t\t\t\t<div class=\"elementor-widget-container\">\n\t\t\t\t\t\t\t\t\tLokale Sichtbarkeit<strong><br> mit globaler Koh\u00e4renz steigern<\/strong>\t\t\t\t\t\t\t\t<\/div>\n\t\t\t\t<\/div>\n\t\t\t\t<\/div>\n\t\t\t\t\t<\/div>\n\t\t\t\t<\/div>\n\t\t<div class=\"elementor-element elementor-element-ff06d09 e-flex e-con-boxed e-con e-parent\" data-id=\"ff06d09\" data-element_type=\"container\" data-settings=\"{&quot;background_background&quot;:&quot;gradient&quot;}\">\n\t\t\t\t\t<div class=\"e-con-inner\">\n\t\t<div class=\"elementor-element elementor-element-8c6f540 e-con-full e-flex e-con e-child\" data-id=\"8c6f540\" data-element_type=\"container\">\n\t\t<div class=\"elementor-element elementor-element-3712b48 e-con-full e-flex e-con e-child\" data-id=\"3712b48\" data-element_type=\"container\">\n\t\t\t\t<div class=\"elementor-element elementor-element-b08a0c1 elementor-widget elementor-widget-heading\" data-id=\"b08a0c1\" data-element_type=\"widget\" data-widget_type=\"heading.default\">\n\t\t\t\t<div class=\"elementor-widget-container\">\n\t\t\t\t\t<p class=\"elementor-heading-title elementor-size-default\">F\u00fcr eine effektive Kommunikationsstrategie ist es entscheidend, eine Beziehung zu jeder Gemeinschaft \/ jedem Kunden aufzubauen. F\u00fcr internationale Marken ist es jedoch ebenso wichtig, die Leistung nicht durch kulturelle Unterschiede beeintr\u00e4chtigen zu lassen.<\/p>\t\t\t\t<\/div>\n\t\t\t\t<\/div>\n\t\t\t\t<div class=\"elementor-element elementor-element-44cf5d8 elementor-widget elementor-widget-heading\" data-id=\"44cf5d8\" data-element_type=\"widget\" data-widget_type=\"heading.default\">\n\t\t\t\t<div class=\"elementor-widget-container\">\n\t\t\t\t\t<p class=\"elementor-heading-title elementor-size-default\">Bei Datawords bieten wir eine umfassende Omnichannel-Dienstleistung, die unseren Kunden hilft, in jedem Zielmarkt zu expandieren. Daf\u00fcr setzen wir f\u00fcr jeden Kommunikationskanal auf Strategien, die auf die lokalen kulturellen Besonderheiten zugeschnitten sind.<\/p>\t\t\t\t<\/div>\n\t\t\t\t<\/div>\n\t\t\t\t<\/div>\n\t\t\t\t<\/div>\n\t\t\t\t\t<\/div>\n\t\t\t\t<\/div>\n\t\t<div class=\"elementor-element elementor-element-569912b notre-kredos e-flex e-con-boxed e-con e-parent\" data-id=\"569912b\" data-element_type=\"container\" data-settings=\"{&quot;background_background&quot;:&quot;classic&quot;}\">\n\t\t\t\t\t<div class=\"e-con-inner\">\n\t\t<div class=\"elementor-element elementor-element-0be36e2 e-flex e-con-boxed e-con e-child\" data-id=\"0be36e2\" data-element_type=\"container\">\n\t\t\t\t\t<div class=\"e-con-inner\">\n\t\t\t\t<div class=\"elementor-element elementor-element-db030d0 elementor-widget elementor-widget-heading\" data-id=\"db030d0\" data-element_type=\"widget\" data-widget_type=\"heading.default\">\n\t\t\t\t<div class=\"elementor-widget-container\">\n\t\t\t\t\t<h2 class=\"elementor-heading-title elementor-size-default\">UNSER\n<\/h2>\t\t\t\t<\/div>\n\t\t\t\t<\/div>\n\t\t\t\t<div class=\"elementor-element elementor-element-d5e42b0 elementor-widget elementor-widget-heading\" data-id=\"d5e42b0\" data-element_type=\"widget\" data-widget_type=\"heading.default\">\n\t\t\t\t<div class=\"elementor-widget-container\">\n\t\t\t\t\t<h2 class=\"elementor-heading-title elementor-size-default\">SAVOIR-FAIRE<\/h2>\t\t\t\t<\/div>\n\t\t\t\t<\/div>\n\t\t\t\t\t<\/div>\n\t\t\t\t<\/div>\n\t\t<div class=\"elementor-element elementor-element-e35e450 notre-kredo e-flex e-con-boxed e-con e-child\" data-id=\"e35e450\" data-element_type=\"container\">\n\t\t\t\t\t<div class=\"e-con-inner\">\n\t\t<div class=\"elementor-element elementor-element-a575d92 e-con-full shape-content-right e-flex e-con e-child\" data-id=\"a575d92\" data-element_type=\"container\">\n\t\t\t\t<div class=\"elementor-element elementor-element-df02ed3 employees-matter elementor-widget elementor-widget-image-box\" data-id=\"df02ed3\" data-element_type=\"widget\" data-widget_type=\"image-box.default\">\n\t\t\t\t<div class=\"elementor-widget-container\">\n\t\t\t\t\t<div class=\"elementor-image-box-wrapper\"><div class=\"elementor-image-box-content\"><h3 class=\"elementor-image-box-title\">SEO<\/h3><p class=\"elementor-image-box-description\">Wir ber\u00fccksichtigen Ihre kulturellen Gegebenheiten und die DNA Ihrer Marke, indem wir Ihnen eine semantische Strategie empfehlen, die sich an jeden Markt anpassen l\u00e4sst. Wir erstellen die Haupttextvorlage sowie deren Anpassung f\u00fcr jede Niederlassung. Au\u00dferdem verfassen wir redaktionelle Inhalte und f\u00fchren lokales (letzte Meile) Netlinking durch, um die Markenleistung zu steigern, um Ihre Platzierung in Suchmaschinen und bei Online-H\u00e4ndlern in jedem Land zu optimieren.<\/p><\/div><\/div>\t\t\t\t<\/div>\n\t\t\t\t<\/div>\n\t\t\t\t<\/div>\n\t\t<div class=\"elementor-element elementor-element-20e1ecb e-con-full shape-content-right e-flex e-con e-child\" data-id=\"20e1ecb\" data-element_type=\"container\">\n\t\t\t\t<div class=\"elementor-element elementor-element-15532bd employees-matter elementor-widget elementor-widget-image-box\" data-id=\"15532bd\" data-element_type=\"widget\" data-widget_type=\"image-box.default\">\n\t\t\t\t<div class=\"elementor-widget-container\">\n\t\t\t\t\t<div class=\"elementor-image-box-wrapper\"><div class=\"elementor-image-box-content\"><h3 class=\"elementor-image-box-title\">Paid Media<\/h3><p class=\"elementor-image-box-description\">Wir stellen Ihnen Expert:innen f\u00fcr bezahlte Werbung zur Verf\u00fcgung, die in \u00fcber 25 L\u00e4ndern ans\u00e4ssig sind, um effektive und lokal relevante Medienkampagnen zu erstellen. Auf diese Weise verpflichten wir uns, die Konversion und Rentabilit\u00e4t Ihres Unternehmens zu maximieren und gleichzeitig sicherzustellen, dass Ihr Markenimage in jedem Ihrer L\u00e4nder durch eine globale SEO- und Pay-per-Click-Strategie erhalten bleibt.<\/p><\/div><\/div>\t\t\t\t<\/div>\n\t\t\t\t<\/div>\n\t\t\t\t<\/div>\n\t\t<div class=\"elementor-element elementor-element-dbafa7d e-con-full shape-content-right e-flex e-con e-child\" data-id=\"dbafa7d\" data-element_type=\"container\">\n\t\t\t\t<div class=\"elementor-element elementor-element-ceb5200 employees-matter elementor-widget elementor-widget-image-box\" data-id=\"ceb5200\" data-element_type=\"widget\" data-widget_type=\"image-box.default\">\n\t\t\t\t<div class=\"elementor-widget-container\">\n\t\t\t\t\t<div class=\"elementor-image-box-wrapper\"><div class=\"elementor-image-box-content\"><h3 class=\"elementor-image-box-title\">Soziale Netzwerke<\/h3><p class=\"elementor-image-box-description\">Dank unseres multikulturellen Ansatzes k\u00f6nnen wir Ihnen helfen, die f\u00fcr die jeweilige Region relevantesten sozialen Medien auszuw\u00e4hlen und die kulturellen Codes besser zu verstehen. Wir erstellen globale Inhalte und passen sie f\u00fcr Ihre Niederlassungen an, w\u00e4hrend wir die Moderation und die Online-Reputation lokal planen und verwalten. Das Ergebnis: ein effektiver und einheitlicher Auftritt in sozialen Netzwerken in jedem Ihrer L\u00e4nder.<\/p><\/div><\/div>\t\t\t\t<\/div>\n\t\t\t\t<\/div>\n\t\t\t\t<\/div>\n\t\t<div class=\"elementor-element elementor-element-7cec80d e-con-full shape-content-right e-flex e-con e-child\" data-id=\"7cec80d\" data-element_type=\"container\">\n\t\t\t\t<div class=\"elementor-element elementor-element-204c172 employees-matter elementor-widget elementor-widget-image-box\" data-id=\"204c172\" data-element_type=\"widget\" data-widget_type=\"image-box.default\">\n\t\t\t\t<div class=\"elementor-widget-container\">\n\t\t\t\t\t<div class=\"elementor-image-box-wrapper\"><div class=\"elementor-image-box-content\"><h3 class=\"elementor-image-box-title\">Plattform\u00fcbergreifendes Live-Streaming<\/h3><p class=\"elementor-image-box-description\">Das Live-Streaming ist Teil eines Konversationsprinzips mit den Verbraucher:innen. \u00dcber Chatbot- und Streaming-Plattformen ist es m\u00f6glich, personalisierte Erlebnisse anzubieten. Wir arbeiten mit unseren Kunden zusammen, um ihre lokalen Zielgruppen zu verstehen, relevante Inhalte anzubieten und ma\u00dfgeschneiderte, mehrsprachige und vernetzbare L\u00f6sungen anzubieten. So gew\u00e4hrleisten wir einen angepassten Service und Markenkonsistenz.<\/p><\/div><\/div>\t\t\t\t<\/div>\n\t\t\t\t<\/div>\n\t\t\t\t<\/div>\n\t\t\t\t\t<\/div>\n\t\t\t\t<\/div>\n\t\t\t\t\t<\/div>\n\t\t\t\t<\/div>\n\t\t\t\t<\/div>\n\t\t","protected":false},"excerpt":{"rendered":"<p>Lokale Sichtbarkeit mit globaler Koh\u00e4renz steigernLokale Sichtbarkeit mit globaler Koh\u00e4renz steigern F\u00fcr eine effektive Kommunikationsstrategie ist es entscheidend, eine Beziehung zu jeder Gemeinschaft \/ jedem Kunden aufzubauen. F\u00fcr internationale Marken ist es jedoch ebenso wichtig, die Leistung nicht durch kulturelle Unterschiede beeintr\u00e4chtigen zu lassen. Bei Datawords bieten wir eine umfassende Omnichannel-Dienstleistung, die unseren Kunden hilft, [&hellip;]<\/p>\n","protected":false},"author":1,"featured_media":26960,"parent":0,"menu_order":0,"comment_status":"closed","ping_status":"closed","template":"","meta":{"_acf_changed":false,"content-type":"","footnotes":""},"class_list":["post-30084","page","type-page","status-publish","has-post-thumbnail","hentry"],"acf":[],"_links":{"self":[{"href":"https:\/\/datawords.com\/de\/wp-json\/wp\/v2\/pages\/30084","targetHints":{"allow":["GET"]}}],"collection":[{"href":"https:\/\/datawords.com\/de\/wp-json\/wp\/v2\/pages"}],"about":[{"href":"https:\/\/datawords.com\/de\/wp-json\/wp\/v2\/types\/page"}],"author":[{"embeddable":true,"href":"https:\/\/datawords.com\/de\/wp-json\/wp\/v2\/users\/1"}],"replies":[{"embeddable":true,"href":"https:\/\/datawords.com\/de\/wp-json\/wp\/v2\/comments?post=30084"}],"version-history":[{"count":0,"href":"https:\/\/datawords.com\/de\/wp-json\/wp\/v2\/pages\/30084\/revisions"}],"wp:featuredmedia":[{"embeddable":true,"href":"https:\/\/datawords.com\/de\/wp-json\/wp\/v2\/media\/26960"}],"wp:attachment":[{"href":"https:\/\/datawords.com\/de\/wp-json\/wp\/v2\/media?parent=30084"}],"curies":[{"name":"wp","href":"https:\/\/api.w.org\/{rel}","templated":true}]}}