{"id":30026,"date":"2023-07-25T08:42:54","date_gmt":"2023-07-25T06:42:54","guid":{"rendered":"https:\/\/datawords.com\/karrieren-bei-datawords-arbeiten\/"},"modified":"2026-02-06T11:12:28","modified_gmt":"2026-02-06T10:12:28","slug":"bei-datawords-arbeiten","status":"publish","type":"page","link":"https:\/\/datawords.com\/de\/bei-datawords-arbeiten\/","title":{"rendered":"Karrieren \/ Bei Datawords arbeiten"},"content":{"rendered":"\t\t<div data-elementor-type=\"wp-page\" data-elementor-id=\"30026\" class=\"elementor elementor-30026 elementor-8154\" data-elementor-post-type=\"page\">\n\t\t\t\t<div class=\"elementor-element elementor-element-015dcb9 e-flex e-con-boxed e-con e-parent\" data-id=\"015dcb9\" data-element_type=\"container\" data-settings=\"{&quot;background_background&quot;:&quot;classic&quot;}\">\n\t\t\t\t\t<div class=\"e-con-inner\">\n\t\t<div class=\"elementor-element elementor-element-eb73aeb e-con-full e-flex e-con e-child\" data-id=\"eb73aeb\" data-element_type=\"container\">\n\t\t<div class=\"elementor-element elementor-element-33f8cfb e-con-full e-flex e-con e-child\" data-id=\"33f8cfb\" data-element_type=\"container\">\n\t\t\t\t<div class=\"elementor-element elementor-element-be0940c textchange elementor-widget__width-initial elementor-widget-mobile__width-inherit elementor-widget elementor-widget-text-editor\" data-id=\"be0940c\" data-element_type=\"widget\" data-widget_type=\"text-editor.default\">\n\t\t\t\t<div class=\"elementor-widget-container\">\n\t\t\t\t\t\t\t\t\t<h1><strong>Bei Datawords<br><\/strong>\narbeiten<h1>\t\t\t\t\t\t\t\t<\/div>\n\t\t\t\t<\/div>\n\t\t\t\t<\/div>\n\t\t\t\t<\/div>\n\t\t\t\t\t<\/div>\n\t\t\t\t<\/div>\n\t\t<div class=\"elementor-element elementor-element-4d3f890 nos-valeurs e-flex e-con-boxed e-con e-parent\" data-id=\"4d3f890\" data-element_type=\"container\" data-settings=\"{&quot;background_background&quot;:&quot;classic&quot;}\">\n\t\t\t\t\t<div class=\"e-con-inner\">\n\t\t<div class=\"elementor-element elementor-element-0c2e6e6 e-con-full e-flex e-con e-child\" data-id=\"0c2e6e6\" data-element_type=\"container\">\n\t\t<div class=\"elementor-element elementor-element-3cf0e6f e-con-full e-flex e-con e-child\" data-id=\"3cf0e6f\" data-element_type=\"container\">\n\t\t\t\t<div class=\"elementor-element elementor-element-92b0b34 elementor-widget elementor-widget-heading\" data-id=\"92b0b34\" data-element_type=\"widget\" data-widget_type=\"heading.default\">\n\t\t\t\t<div class=\"elementor-widget-container\">\n\t\t\t\t\t<p class=\"elementor-heading-title elementor-size-default\">Datawords ist ein von Mitarbeitern gef\u00fchrtes Unternehmen, das es sich zur Aufgabe gemacht hat, internationalen Marken lokal relevante Inhalte zu liefern \u2013 \u00fcberall und jederzeit, unabh\u00e4ngig von der verwendeten digitalen Plattform und der Zielkultur.\n\nUm den eigenen Kunden hochwertige Leistungen zu liefern, achtet Datawords sehr auf die Vielfalt der Identit\u00e4ten, Kulturen, Werte, Denkweisen, Hintergr\u00fcnde und Kompetenzen. Das nennen wir Multikulturalismus.<br>\n<br>Aus diesem Grund ist die F\u00f6rderung von Unterschieden die Grundlage unserer Personalpolitik. Ob Sie nun digitale:r Marketingspezialist:in, Sch\u00f6pfer:in, Entwickler:in, \u00dcbersetzer:in, Projektmanager:in oder Expert:in f\u00fcr Search, Social Media oder UX sind, ob Sie sich f\u00fcr Schauspielkunst oder Fu\u00dfball begeistern und aus welchem Land Sie auch kommen \u2013 bei uns sind Sie herzlich willkommen!<\/p>\t\t\t\t<\/div>\n\t\t\t\t<\/div>\n\t\t\t\t<\/div>\n\t\t\t\t<\/div>\n\t\t\t\t\t<\/div>\n\t\t\t\t<\/div>\n\t\t<div class=\"elementor-element elementor-element-ac24cdb every-one-matter e-flex e-con-boxed e-con e-parent\" data-id=\"ac24cdb\" data-element_type=\"container\" data-settings=\"{&quot;background_background&quot;:&quot;classic&quot;}\">\n\t\t\t\t\t<div class=\"e-con-inner\">\n\t\t<div class=\"elementor-element elementor-element-5398463 e-con-full e-flex e-con e-child\" data-id=\"5398463\" data-element_type=\"container\">\n\t\t<div class=\"elementor-element elementor-element-b0a3c49 e-con-full travailler-chez-datawords e-flex e-con e-child\" data-id=\"b0a3c49\" data-element_type=\"container\">\n\t\t\t\t<div class=\"elementor-element elementor-element-c8f42a5 elementor-widget elementor-widget-image\" data-id=\"c8f42a5\" data-element_type=\"widget\" data-widget_type=\"image.default\">\n\t\t\t\t<div class=\"elementor-widget-container\">\n\t\t\t\t\t\t\t\t\t\t\t\t\t\t\t<img fetchpriority=\"high\" decoding=\"async\" width=\"577\" height=\"650\" src=\"https:\/\/datawords.com\/wp-content\/uploads\/2026\/02\/matters.avif\" class=\"attachment-full size-full wp-image-307602\" alt=\"\" srcset=\"https:\/\/datawords.com\/wp-content\/uploads\/2026\/02\/matters.avif 577w, https:\/\/datawords.com\/wp-content\/uploads\/2026\/02\/matters-266x300.avif 266w\" sizes=\"(max-width: 577px) 100vw, 577px\" \/>\t\t\t\t\t\t\t\t\t\t\t\t\t\t\t<\/div>\n\t\t\t\t<\/div>\n\t\t\t\t<\/div>\n\t\t<div class=\"elementor-element elementor-element-7323ca1 e-con-full e-flex e-con e-child\" data-id=\"7323ca1\" data-element_type=\"container\">\n\t\t\t\t<div class=\"elementor-element elementor-element-cd0aa8e elementor-widget elementor-widget-heading\" data-id=\"cd0aa8e\" data-element_type=\"widget\" data-widget_type=\"heading.default\">\n\t\t\t\t<div class=\"elementor-widget-container\">\n\t\t\t\t\t<p class=\"elementor-heading-title elementor-size-default\">Everyone<\/p>\t\t\t\t<\/div>\n\t\t\t\t<\/div>\n\t\t\t\t<div class=\"elementor-element elementor-element-81dd527 elementor-widget elementor-widget-heading\" data-id=\"81dd527\" data-element_type=\"widget\" data-widget_type=\"heading.default\">\n\t\t\t\t<div class=\"elementor-widget-container\">\n\t\t\t\t\t<h2 class=\"elementor-heading-title elementor-size-default\">matters<\/h2>\t\t\t\t<\/div>\n\t\t\t\t<\/div>\n\t\t\t\t<div class=\"elementor-element elementor-element-42ebba1 elementor-widget__width-initial elementor-widget elementor-widget-heading\" data-id=\"42ebba1\" data-element_type=\"widget\" data-widget_type=\"heading.default\">\n\t\t\t\t<div class=\"elementor-widget-container\">\n\t\t\t\t\t<p class=\"elementor-heading-title elementor-size-default\">Diese \u00dcberzeugung stellt uns vor die Herausforderung, die Bed\u00fcrfnisse und das Wohlergehen aller Beteiligten an erste Stelle zu setzen.<\/p>\t\t\t\t<\/div>\n\t\t\t\t<\/div>\n\t\t\t\t<div class=\"elementor-element elementor-element-286dcdd elementor-widget__width-initial elementor-widget elementor-widget-heading\" data-id=\"286dcdd\" data-element_type=\"widget\" data-widget_type=\"heading.default\">\n\t\t\t\t<div class=\"elementor-widget-container\">\n\t\t\t\t\t<p class=\"elementor-heading-title elementor-size-default\">Seit der Gr\u00fcndung von Datawords sind die sechs Gr\u00fcnder mit ihrer kulturellen Vielfalt davon \u00fcberzeugt, dass Multikulturalismus Werte schafft. Wir sind sogar der Meinung, dass dies f\u00fcr heutige Unternehmen das Erfolgsrezept ist. Und die Tatsache, dass Datawords seit \u00fcber 20 Jahren w\u00e4chst, ist der beste Beweis daf\u00fcr.<\/p>\t\t\t\t<\/div>\n\t\t\t\t<\/div>\n\t\t\t\t<div class=\"elementor-element elementor-element-f52c393 elementor-align-left btnall elementor-widget elementor-widget-button\" data-id=\"f52c393\" data-element_type=\"widget\" data-widget_type=\"button.default\">\n\t\t\t\t<div class=\"elementor-widget-container\">\n\t\t\t\t\t\t\t\t\t<div class=\"elementor-button-wrapper\">\n\t\t\t\t\t<a class=\"elementor-button elementor-button-link elementor-size-sm\" href=\"https:\/\/datawords.com\/de\/carrieres\/carriere-nos-valeurs\/\">\n\t\t\t\t\t\t<span class=\"elementor-button-content-wrapper\">\n\t\t\t\t\t\t<span class=\"elementor-button-icon\">\n\t\t\t\t<i aria-hidden=\"true\" class=\"icon icon-arrow-right\"><\/i>\t\t\t<\/span>\n\t\t\t\t\t\t\t\t\t<span class=\"elementor-button-text\">Unser Kredo<\/span>\n\t\t\t\t\t<\/span>\n\t\t\t\t\t<\/a>\n\t\t\t\t<\/div>\n\t\t\t\t\t\t\t\t<\/div>\n\t\t\t\t<\/div>\n\t\t\t\t<\/div>\n\t\t\t\t<\/div>\n\t\t\t\t\t<\/div>\n\t\t\t\t<\/div>\n\t\t<div class=\"elementor-element elementor-element-79faff6 multi-competence e-flex e-con-boxed e-con e-parent\" data-id=\"79faff6\" data-element_type=\"container\" data-settings=\"{&quot;background_background&quot;:&quot;classic&quot;}\">\n\t\t\t\t\t<div class=\"e-con-inner\">\n\t\t<div class=\"elementor-element elementor-element-0a95c7a e-con-full e-flex e-con e-child\" data-id=\"0a95c7a\" data-element_type=\"container\">\n\t\t<div class=\"elementor-element elementor-element-59c93c5 e-con-full e-flex e-con e-child\" data-id=\"59c93c5\" data-element_type=\"container\">\n\t\t\t\t<div class=\"elementor-element elementor-element-9fe36f9 elementor-widget elementor-widget-heading\" data-id=\"9fe36f9\" data-element_type=\"widget\" data-widget_type=\"heading.default\">\n\t\t\t\t<div class=\"elementor-widget-container\">\n\t\t\t\t\t<h2 class=\"elementor-heading-title elementor-size-default\">Multi-<\/h2>\t\t\t\t<\/div>\n\t\t\t\t<\/div>\n\t\t\t\t<div class=\"elementor-element elementor-element-e71e624 elementor-widget elementor-widget-heading\" data-id=\"e71e624\" data-element_type=\"widget\" data-widget_type=\"heading.default\">\n\t\t\t\t<div class=\"elementor-widget-container\">\n\t\t\t\t\t<h2 class=\"elementor-heading-title elementor-size-default\">kompetenz\n<\/h2>\t\t\t\t<\/div>\n\t\t\t\t<\/div>\n\t\t\t\t<div class=\"elementor-element elementor-element-abfb75a elementor-widget elementor-widget-text-editor\" data-id=\"abfb75a\" data-element_type=\"widget\" data-widget_type=\"text-editor.default\">\n\t\t\t\t<div class=\"elementor-widget-container\">\n\t\t\t\t\t\t\t\t\tIn einer zunehmend digitalen Welt, in der sich die Werkzeuge und Anforderungen st\u00e4ndig weiterentwickeln, m\u00fcssen unsere Teams \u00fcber die besten F\u00e4higkeiten verf\u00fcgen, um unseren Kunden fortschrittliche technologische L\u00f6sungen anbieten zu k\u00f6nnen. Aus diesem Grund unterst\u00fctzt Datawords die Entwicklung der eigenen Mitarbeitenden, indem das Unternehmen ihnen verschiedene Projekte auf mehreren Plattformen und bei unterschiedlichen Kunden anbietet. Diese Lernerfahrungen erm\u00f6glichen unserem Personal, die innovativsten Technologien auf dem Markt zu meistern, und den einzelnen Experten, in ihrem jeweiligen Fachgebiet an der Spitze zu bleiben.\t\t\t\t\t\t\t\t<\/div>\n\t\t\t\t<\/div>\n\t\t\t\t<\/div>\n\t\t\t\t<\/div>\n\t\t<div class=\"elementor-element elementor-element-0bbea68 e-con-full e-flex e-con e-child\" data-id=\"0bbea68\" data-element_type=\"container\">\n\t\t<div class=\"elementor-element elementor-element-da2dc6f e-con-full e-flex e-con e-child\" data-id=\"da2dc6f\" data-element_type=\"container\">\n\t\t\t\t<div class=\"elementor-element elementor-element-360083c elementor-widget elementor-widget-image\" data-id=\"360083c\" data-element_type=\"widget\" data-widget_type=\"image.default\">\n\t\t\t\t<div class=\"elementor-widget-container\">\n\t\t\t\t\t\t\t\t\t\t\t\t\t\t\t<img decoding=\"async\" width=\"577\" height=\"650\" src=\"https:\/\/datawords.com\/wp-content\/uploads\/2026\/02\/competence.avif\" class=\"attachment-full size-full wp-image-307626\" alt=\"\" srcset=\"https:\/\/datawords.com\/wp-content\/uploads\/2026\/02\/competence.avif 577w, https:\/\/datawords.com\/wp-content\/uploads\/2026\/02\/competence-266x300.avif 266w\" sizes=\"(max-width: 577px) 100vw, 577px\" \/>\t\t\t\t\t\t\t\t\t\t\t\t\t\t\t<\/div>\n\t\t\t\t<\/div>\n\t\t\t\t<\/div>\n\t\t\t\t<\/div>\n\t\t\t\t\t<\/div>\n\t\t\t\t<\/div>\n\t\t<div class=\"elementor-element elementor-element-6001fca multi-culter e-flex e-con-boxed e-con e-parent\" data-id=\"6001fca\" data-element_type=\"container\" data-settings=\"{&quot;background_background&quot;:&quot;classic&quot;}\">\n\t\t\t\t\t<div class=\"e-con-inner\">\n\t\t<div class=\"elementor-element elementor-element-a0e2178 e-con-full e-flex e-con e-child\" data-id=\"a0e2178\" data-element_type=\"container\">\n\t\t<div class=\"elementor-element elementor-element-28a62bd e-con-full e-flex e-con e-child\" data-id=\"28a62bd\" data-element_type=\"container\">\n\t\t\t\t<div class=\"elementor-element elementor-element-062dbd1 elementor-widget elementor-widget-image\" data-id=\"062dbd1\" data-element_type=\"widget\" data-widget_type=\"image.default\">\n\t\t\t\t<div class=\"elementor-widget-container\">\n\t\t\t\t\t\t\t\t\t\t\t\t\t\t\t<img decoding=\"async\" width=\"577\" height=\"650\" src=\"https:\/\/datawords.com\/wp-content\/uploads\/2026\/02\/culturelle.avif\" class=\"attachment-full size-full wp-image-307672\" alt=\"\" srcset=\"https:\/\/datawords.com\/wp-content\/uploads\/2026\/02\/culturelle.avif 577w, https:\/\/datawords.com\/wp-content\/uploads\/2026\/02\/culturelle-266x300.avif 266w\" sizes=\"(max-width: 577px) 100vw, 577px\" \/>\t\t\t\t\t\t\t\t\t\t\t\t\t\t\t<\/div>\n\t\t\t\t<\/div>\n\t\t\t\t<\/div>\n\t\t<div class=\"elementor-element elementor-element-dfd771e e-con-full e-flex e-con e-child\" data-id=\"dfd771e\" data-element_type=\"container\">\n\t\t\t\t<div class=\"elementor-element elementor-element-c5bbf63 elementor-widget elementor-widget-heading\" data-id=\"c5bbf63\" data-element_type=\"widget\" data-widget_type=\"heading.default\">\n\t\t\t\t<div class=\"elementor-widget-container\">\n\t\t\t\t\t<h2 class=\"elementor-heading-title elementor-size-default\">Multi-<\/h2>\t\t\t\t<\/div>\n\t\t\t\t<\/div>\n\t\t\t\t<div class=\"elementor-element elementor-element-8604e53 elementor-widget elementor-widget-heading\" data-id=\"8604e53\" data-element_type=\"widget\" data-widget_type=\"heading.default\">\n\t\t\t\t<div class=\"elementor-widget-container\">\n\t\t\t\t\t<h2 class=\"elementor-heading-title elementor-size-default\">kulturell<\/h2>\t\t\t\t<\/div>\n\t\t\t\t<\/div>\n\t\t\t\t<div class=\"elementor-element elementor-element-5297282 elementor-widget elementor-widget-text-editor\" data-id=\"5297282\" data-element_type=\"widget\" data-widget_type=\"text-editor.default\">\n\t\t\t\t<div class=\"elementor-widget-container\">\n\t\t\t\t\t\t\t\t\t<p>Datawords ist mit 25 Hubs in Europa, Asien und Nordamerika vertreten, darunter in Paris, Luxemburg, Berlin, London, Barcelona, Mailand, Seoul, Hongkong, Tokio, Schanghai, Manila, New York und Miami. In jedem dieser B\u00fcros bieten wir unseren Mitarbeitenden t\u00e4glich eine internationale Erfahrung. Die Projekte, an denen wir arbeiten, sind von globaler Tragweite, unsere Teams stammen aus allen Ecken der Welt, und wir sprechen in den Fluren unserer B\u00fcros eine Vielzahl an Sprachen &#8230; Datawords ist zu 100 % ein multikulturelles Unternehmen.<\/p>\t\t\t\t\t\t\t\t<\/div>\n\t\t\t\t<\/div>\n\t\t\t\t<\/div>\n\t\t\t\t<\/div>\n\t\t\t\t\t<\/div>\n\t\t\t\t<\/div>\n\t\t\t\t<\/div>\n\t\t","protected":false},"excerpt":{"rendered":"<p>Bei Datawords arbeiten Datawords ist ein von Mitarbeitern gef\u00fchrtes Unternehmen, das es sich zur Aufgabe gemacht hat, internationalen Marken lokal relevante Inhalte zu liefern \u2013 \u00fcberall und jederzeit, unabh\u00e4ngig von der verwendeten digitalen Plattform und der Zielkultur. Um den eigenen Kunden hochwertige Leistungen zu liefern, achtet Datawords sehr auf die Vielfalt der Identit\u00e4ten, Kulturen, Werte, [&hellip;]<\/p>\n","protected":false},"author":1,"featured_media":0,"parent":0,"menu_order":0,"comment_status":"closed","ping_status":"closed","template":"","meta":{"_acf_changed":false,"content-type":"","footnotes":""},"class_list":["post-30026","page","type-page","status-publish","hentry"],"acf":[],"_links":{"self":[{"href":"https:\/\/datawords.com\/de\/wp-json\/wp\/v2\/pages\/30026","targetHints":{"allow":["GET"]}}],"collection":[{"href":"https:\/\/datawords.com\/de\/wp-json\/wp\/v2\/pages"}],"about":[{"href":"https:\/\/datawords.com\/de\/wp-json\/wp\/v2\/types\/page"}],"author":[{"embeddable":true,"href":"https:\/\/datawords.com\/de\/wp-json\/wp\/v2\/users\/1"}],"replies":[{"embeddable":true,"href":"https:\/\/datawords.com\/de\/wp-json\/wp\/v2\/comments?post=30026"}],"version-history":[{"count":0,"href":"https:\/\/datawords.com\/de\/wp-json\/wp\/v2\/pages\/30026\/revisions"}],"wp:attachment":[{"href":"https:\/\/datawords.com\/de\/wp-json\/wp\/v2\/media?parent=30026"}],"curies":[{"name":"wp","href":"https:\/\/api.w.org\/{rel}","templated":true}]}}