{"id":29961,"date":"2023-07-22T12:10:27","date_gmt":"2023-07-22T10:10:27","guid":{"rendered":"https:\/\/datawords.com\/?page_id=29961"},"modified":"2025-09-17T16:35:54","modified_gmt":"2025-09-17T14:35:54","slug":"rechtliche-hinweise","status":"publish","type":"page","link":"https:\/\/datawords.com\/de\/rechtliche-hinweise\/","title":{"rendered":"Rechtliche Hinweise"},"content":{"rendered":"\t\t<div data-elementor-type=\"wp-page\" data-elementor-id=\"29961\" class=\"elementor elementor-29961 elementor-8148\" data-elementor-post-type=\"page\">\n\t\t\t\t\t\t<section class=\"elementor-section elementor-top-section elementor-element elementor-element-a79b8b8 duisc_shadow elementor-section-boxed elementor-section-height-default elementor-section-height-default\" data-id=\"a79b8b8\" data-element_type=\"section\" data-settings=\"{&quot;background_background&quot;:&quot;classic&quot;}\">\n\t\t\t\t\t\t<div class=\"elementor-container elementor-column-gap-default\">\n\t\t\t\t\t<div class=\"elementor-column elementor-col-100 elementor-top-column elementor-element elementor-element-e740f95\" data-id=\"e740f95\" data-element_type=\"column\">\n\t\t\t<div class=\"elementor-widget-wrap elementor-element-populated\">\n\t\t\t\t\t\t<section class=\"elementor-section elementor-inner-section elementor-element elementor-element-ccc8111 elementor-section-boxed elementor-section-height-default elementor-section-height-default\" data-id=\"ccc8111\" data-element_type=\"section\">\n\t\t\t\t\t\t<div class=\"elementor-container elementor-column-gap-default\">\n\t\t\t\t\t<div class=\"elementor-column elementor-col-100 elementor-inner-column elementor-element elementor-element-6bbe7c8\" data-id=\"6bbe7c8\" data-element_type=\"column\">\n\t\t\t<div class=\"elementor-widget-wrap elementor-element-populated\">\n\t\t\t\t<div class=\"elementor-element elementor-element-1573bd6 e-flex e-con-boxed e-con e-parent\" data-id=\"1573bd6\" data-element_type=\"container\">\n\t\t\t\t\t<div class=\"e-con-inner\">\n\t\t\t\t<div class=\"elementor-element elementor-element-25ca6ab textchange elementor-widget__width-initial elementor-widget elementor-widget-text-editor\" data-id=\"25ca6ab\" data-element_type=\"widget\" data-widget_type=\"text-editor.default\">\n\t\t\t\t<div class=\"elementor-widget-container\">\n\t\t\t\t\t\t\t\t\t<strong>RECHTLICHE<\/strong> HINWEISE\n\t\t\t\t\t\t\t\t<\/div>\n\t\t\t\t<\/div>\n\t\t\t\t\t<\/div>\n\t\t\t\t<\/div>\n\t\t\t\t<div class=\"elementor-element elementor-element-1c02345 elementor-widget elementor-widget-heading\" data-id=\"1c02345\" data-element_type=\"widget\" data-widget_type=\"heading.default\">\n\t\t\t\t<div class=\"elementor-widget-container\">\n\t\t\t\t\t<p class=\"elementor-heading-title elementor-size-default\">Die Website von <u>Datawords<\/u> (nachfolgend die Website) ist Eigentum von Datawords Datasia, einem Unternehmen der Datawords Gruppe (nachfolgend Datawords) mit Sitz in 66 Rue de Villiers, 92300 Levallois-Perret und mit einem Kapital von 127.960,00 \u20ac, eingetragen im Handelsregister von Nanterre unter der Nummer 431.857.317, MwSt-Nr. FR96431857317.\n<\/p>\t\t\t\t<\/div>\n\t\t\t\t<\/div>\n\t\t<div class=\"elementor-element elementor-element-06cf287 e-grid e-con-full e-con e-parent\" data-id=\"06cf287\" data-element_type=\"container\">\n\t\t<div class=\"elementor-element elementor-element-e31d75f e-con-full bxgra e-flex e-con e-child\" data-id=\"e31d75f\" data-element_type=\"container\" data-settings=\"{&quot;background_background&quot;:&quot;classic&quot;}\">\n\t\t\t\t<div class=\"elementor-element elementor-element-fbd0183 elementor-widget elementor-widget-heading\" data-id=\"fbd0183\" data-element_type=\"widget\" data-widget_type=\"heading.default\">\n\t\t\t\t<div class=\"elementor-widget-container\">\n\t\t\t\t\t<h2 class=\"elementor-heading-title elementor-size-default\">Die Website wird gehostet von:<\/h2>\t\t\t\t<\/div>\n\t\t\t\t<\/div>\n\t\t\t\t<div class=\"elementor-element elementor-element-453c54b elementor-widget elementor-widget-heading\" data-id=\"453c54b\" data-element_type=\"widget\" data-widget_type=\"heading.default\">\n\t\t\t\t<div class=\"elementor-widget-container\">\n\t\t\t\t\t<p class=\"elementor-heading-title elementor-size-default\">OVH<br>\n2, rue Kellerman<br>59100 ROUBAIX<br>FRANCE<br>\nDas Datenzentrum befindet sich in Gravelines: https:\/\/www.societe.com\/etablissement\/ovh-42476141900052-4a.html\n\n<\/p>\t\t\t\t<\/div>\n\t\t\t\t<\/div>\n\t\t\t\t<\/div>\n\t\t<div class=\"elementor-element elementor-element-3722231 e-con-full bxgra e-flex e-con e-child\" data-id=\"3722231\" data-element_type=\"container\" data-settings=\"{&quot;background_background&quot;:&quot;classic&quot;}\">\n\t\t\t\t<div class=\"elementor-element elementor-element-abcae5b elementor-widget elementor-widget-heading\" data-id=\"abcae5b\" data-element_type=\"widget\" data-widget_type=\"heading.default\">\n\t\t\t\t<div class=\"elementor-widget-container\">\n\t\t\t\t\t<h2 class=\"elementor-heading-title elementor-size-default\">Die Website wurde entwickelt von:<\/h2>\t\t\t\t<\/div>\n\t\t\t\t<\/div>\n\t\t\t\t<div class=\"elementor-element elementor-element-9deff00 elementor-widget elementor-widget-heading\" data-id=\"9deff00\" data-element_type=\"widget\" data-widget_type=\"heading.default\">\n\t\t\t\t<div class=\"elementor-widget-container\">\n\t\t\t\t\t<p class=\"elementor-heading-title elementor-size-default\">Entwickler: Serkan Sahin <br> Verantwortlicher: Alexandre Crazover <br> E-Mail: <span>dpo@datawords.com<\/span><br> Tel: +33 1 75 33 80 80<\/p>\t\t\t\t<\/div>\n\t\t\t\t<\/div>\n\t\t\t\t<\/div>\n\t\t\t\t<\/div>\n\t\t\t\t<div class=\"elementor-element elementor-element-0d91827 elementor-widget elementor-widget-heading\" data-id=\"0d91827\" data-element_type=\"widget\" data-widget_type=\"heading.default\">\n\t\t\t\t<div class=\"elementor-widget-container\">\n\t\t\t\t\t<p class=\"elementor-heading-title elementor-size-default\">Diese Hinweise enthalten die Bedingungen f\u00fcr die Nutzung der Website durch die Nutzer.\n\n<\/p>\t\t\t\t<\/div>\n\t\t\t\t<\/div>\n\t\t<div class=\"elementor-element elementor-element-b78dec4 e-con-full e-flex e-con e-parent\" data-id=\"b78dec4\" data-element_type=\"container\">\n\t\t\t\t<div class=\"elementor-element elementor-element-5bb2a64 elementor-widget elementor-widget-heading\" data-id=\"5bb2a64\" data-element_type=\"widget\" data-widget_type=\"heading.default\">\n\t\t\t\t<div class=\"elementor-widget-container\">\n\t\t\t\t\t<h2 class=\"elementor-heading-title elementor-size-default\">NUTZUNGSBEDINGUNG <strong> der Website<\/strong><\/h2>\t\t\t\t<\/div>\n\t\t\t\t<\/div>\n\t\t\t\t<\/div>\n\t\t\t\t<div class=\"elementor-element elementor-element-ea83777 elementor-widget elementor-widget-heading\" data-id=\"ea83777\" data-element_type=\"widget\" data-widget_type=\"heading.default\">\n\t\t\t\t<div class=\"elementor-widget-container\">\n\t\t\t\t\t<p class=\"elementor-heading-title elementor-size-default\">Die Website von Datawords pr\u00e4sentiert die Aktivit\u00e4ten der Agentur und stellt ihre Teams vor.\n\n<\/p>\t\t\t\t<\/div>\n\t\t\t\t<\/div>\n\t\t\t\t<div class=\"elementor-element elementor-element-3103067 elementor-widget elementor-widget-heading\" data-id=\"3103067\" data-element_type=\"widget\" data-widget_type=\"heading.default\">\n\t\t\t\t<div class=\"elementor-widget-container\">\n\t\t\t\t\t<p class=\"elementor-heading-title elementor-size-default\">Es wird davon ausgegangen, dass jeder Nutzer, der auf die Website zugreift und auf dieser navigiert, die vorliegenden Nutzungsbedingungen akzeptiert hat und sich verpflichtet, diese einzuhalten.\n\n<\/p>\t\t\t\t<\/div>\n\t\t\t\t<\/div>\n\t\t\t\t<div class=\"elementor-element elementor-element-af8788e elementor-widget elementor-widget-heading\" data-id=\"af8788e\" data-element_type=\"widget\" data-widget_type=\"heading.default\">\n\t\t\t\t<div class=\"elementor-widget-container\">\n\t\t\t\t\t<p class=\"elementor-heading-title elementor-size-default\">Diese Nutzungsbedingungen gelten nicht f\u00fcr die in die Website integrierten Module zur Kommunikation mit Websites und Plattformen Dritter, die ihre eigenen Nutzungsbedingungen festgelegt haben. Wir empfehlen jedem Nutzer, die Nutzungsbedingungen dieser Module bei den jeweiligen Herausgebern zu lesen.<\/p>\t\t\t\t<\/div>\n\t\t\t\t<\/div>\n\t\t\t\t<div class=\"elementor-element elementor-element-4f28bfa elementor-widget elementor-widget-heading\" data-id=\"4f28bfa\" data-element_type=\"widget\" data-widget_type=\"heading.default\">\n\t\t\t\t<div class=\"elementor-widget-container\">\n\t\t\t\t\t<p class=\"elementor-heading-title elementor-size-default\">Die vorliegenden Bedingungen k\u00f6nnen jederzeit ge\u00e4ndert werden. Alle \u00c4nderungen werden auf der Website ver\u00f6ffentlicht. Es wird davon ausgegangen, dass jeder Nutzer, der nach der Ver\u00f6ffentlichung auf die Website zugreift, die \u00c4nderungen akzeptiert.\n\n<\/p>\t\t\t\t<\/div>\n\t\t\t\t<\/div>\n\t\t\t\t<div class=\"elementor-element elementor-element-43baf94 elementor-widget elementor-widget-heading\" data-id=\"43baf94\" data-element_type=\"widget\" data-widget_type=\"heading.default\">\n\t\t\t\t<div class=\"elementor-widget-container\">\n\t\t\t\t\t<p class=\"elementor-heading-title elementor-size-default\">Die vorliegenden Nutzungsbedingungen unterliegen dem franz\u00f6sischen Recht. Alle Streitigkeiten, die sich insbesondere auf ihre Anwendung und Auslegung beziehen, werden vor dem Handelsgericht von Paris verhandelt.<\/p>\t\t\t\t<\/div>\n\t\t\t\t<\/div>\n\t\t<div class=\"elementor-element elementor-element-b168578 e-con-full e-flex e-con e-parent\" data-id=\"b168578\" data-element_type=\"container\">\n\t\t\t\t<div class=\"elementor-element elementor-element-4ff8c77 elementor-widget elementor-widget-heading\" data-id=\"4ff8c77\" data-element_type=\"widget\" data-widget_type=\"heading.default\">\n\t\t\t\t<div class=\"elementor-widget-container\">\n\t\t\t\t\t<h2 class=\"elementor-heading-title elementor-size-default\">Geistiges\n\n<\/h2>\t\t\t\t<\/div>\n\t\t\t\t<\/div>\n\t\t\t\t<div class=\"elementor-element elementor-element-f2e3221 elementor-widget elementor-widget-heading\" data-id=\"f2e3221\" data-element_type=\"widget\" data-widget_type=\"heading.default\">\n\t\t\t\t<div class=\"elementor-widget-container\">\n\t\t\t\t\t<h2 class=\"elementor-heading-title elementor-size-default\"> Eigentum<\/h2>\t\t\t\t<\/div>\n\t\t\t\t<\/div>\n\t\t\t\t<\/div>\n\t\t\t\t<div class=\"elementor-element elementor-element-3afe850 elementor-widget elementor-widget-heading\" data-id=\"3afe850\" data-element_type=\"widget\" data-widget_type=\"heading.default\">\n\t\t\t\t<div class=\"elementor-widget-container\">\n\t\t\t\t\t<p class=\"elementor-heading-title elementor-size-default\">Alle Elemente und Inhalte, aus denen die Website von Datawords besteht, sind durch geistiges Eigentum gesch\u00fctzt, einschlie\u00dflich, aber nicht beschr\u00e4nkt auf Logos, Marken, Fotos, Videos, Texte, Zeichnungen, Grafiken und Pr\u00e4sentationen.<\/p>\t\t\t\t<\/div>\n\t\t\t\t<\/div>\n\t\t\t\t<div class=\"elementor-element elementor-element-4f79a50 elementor-widget elementor-widget-heading\" data-id=\"4f79a50\" data-element_type=\"widget\" data-widget_type=\"heading.default\">\n\t\t\t\t<div class=\"elementor-widget-container\">\n\t\t\t\t\t<p class=\"elementor-heading-title elementor-size-default\">Jegliche Vervielf\u00e4ltigung, Verbreitung, Kopie, Anpassung oder Zitierung der gesamten Website oder von Teilen davon, auf welchem Medium und f\u00fcr welchen Zweck auch immer, ist ohne die vorherige Genehmigung des Rechteinhabers Datawords strengstens untersagt, sofern nicht anders angegeben.<\/p>\t\t\t\t<\/div>\n\t\t\t\t<\/div>\n\t\t\t\t<div class=\"elementor-element elementor-element-021a42e elementor-widget elementor-widget-heading\" data-id=\"021a42e\" data-element_type=\"widget\" data-widget_type=\"heading.default\">\n\t\t\t\t<div class=\"elementor-widget-container\">\n\t\t\t\t\t<p class=\"elementor-heading-title elementor-size-default\">Datawords lehnt es ausdr\u00fccklich ab, dass der gesamte Inhalt der Website oder Teile davon oder bestimmte Elemente, aus denen die Website besteht oder die dort ver\u00f6ffentlicht werden, unabh\u00e4ngig von ihrer Art durch k\u00fcnstliche Intelligenz genutzt werden.<\/p>\t\t\t\t<\/div>\n\t\t\t\t<\/div>\n\t\t<div class=\"elementor-element elementor-element-cabae30 e-con-full e-flex e-con e-parent\" data-id=\"cabae30\" data-element_type=\"container\">\n\t\t\t\t<div class=\"elementor-element elementor-element-414e831 elementor-widget elementor-widget-heading\" data-id=\"414e831\" data-element_type=\"widget\" data-widget_type=\"heading.default\">\n\t\t\t\t<div class=\"elementor-widget-container\">\n\t\t\t\t\t<h2 class=\"elementor-heading-title elementor-size-default\">Links zu externen\n<\/h2>\t\t\t\t<\/div>\n\t\t\t\t<\/div>\n\t\t\t\t<div class=\"elementor-element elementor-element-e3736cd elementor-widget elementor-widget-heading\" data-id=\"e3736cd\" data-element_type=\"widget\" data-widget_type=\"heading.default\">\n\t\t\t\t<div class=\"elementor-widget-container\">\n\t\t\t\t\t<h2 class=\"elementor-heading-title elementor-size-default\">Websites<\/h2>\t\t\t\t<\/div>\n\t\t\t\t<\/div>\n\t\t\t\t<\/div>\n\t\t\t\t<div class=\"elementor-element elementor-element-5c2fe5f elementor-widget elementor-widget-heading\" data-id=\"5c2fe5f\" data-element_type=\"widget\" data-widget_type=\"heading.default\">\n\t\t\t\t<div class=\"elementor-widget-container\">\n\t\t\t\t\t<p class=\"elementor-heading-title elementor-size-default\">Jeder Link von einer externen Website zur Website von Datawords bedarf der vorherigen Genehmigung durch Datawords. Das Unternehmen beh\u00e4lt sich das Recht vor, gegen jedes Zuwiderhandeln vorzugehen. Die Bereitstellung von Anwendungen und Modulen, die diese M\u00f6glichkeit bieten, stellt jedoch eine Genehmigung von Datawords dar.<\/p>\t\t\t\t<\/div>\n\t\t\t\t<\/div>\n\t\t\t\t<div class=\"elementor-element elementor-element-3c031d0 elementor-widget elementor-widget-heading\" data-id=\"3c031d0\" data-element_type=\"widget\" data-widget_type=\"heading.default\">\n\t\t\t\t<div class=\"elementor-widget-container\">\n\t\t\t\t\t<p class=\"elementor-heading-title elementor-size-default\">Datawords \u00fcbernimmt keine Verantwortung f\u00fcr Links auf externen Websites, die auf die eigene Website verweisen, und kann in keinem Fall aufgrund der blo\u00dfen Existenz eines solchen Hyperlinks mit dem Inhalt der externen Website in Verbindung gebracht werden.<\/p>\t\t\t\t<\/div>\n\t\t\t\t<\/div>\n\t\t\t\t<div class=\"elementor-element elementor-element-fb4a033 elementor-widget elementor-widget-heading\" data-id=\"fb4a033\" data-element_type=\"widget\" data-widget_type=\"heading.default\">\n\t\t\t\t<div class=\"elementor-widget-container\">\n\t\t\t\t\t<p class=\"elementor-heading-title elementor-size-default\">Die Website enth\u00e4lt Links zu anderen Websites der Datawords Gruppe, zu Partner-Websites und\/oder zu Websites Dritter. Datawords hat keine Kontrolle \u00fcber diese externen Websites und kann in keinem Fall f\u00fcr deren Inhalt oder Nutzungsbedingungen, insbesondere hinsichtlich des Datenschutzes, verantwortlich gemacht werden. Datawords kann in keinem Fall f\u00fcr Sch\u00e4den haftbar gemacht werden, die auf einer Website entstanden sind, auf die ein Nutzer von Datawords weitergeleitet wurde.<\/p>\t\t\t\t<\/div>\n\t\t\t\t<\/div>\n\t\t\t\t<div class=\"elementor-element elementor-element-4103970 elementor-widget elementor-widget-heading\" data-id=\"4103970\" data-element_type=\"widget\" data-widget_type=\"heading.default\">\n\t\t\t\t<div class=\"elementor-widget-container\">\n\t\t\t\t\t<p class=\"elementor-heading-title elementor-size-default\">In keinem Fall macht sich Datawords die Inhalte der auf diese Weise zug\u00e4nglichen externen Websites zu eigen.\n<\/p>\t\t\t\t<\/div>\n\t\t\t\t<\/div>\n\t\t\t\t<div class=\"elementor-element elementor-element-2ba6592 elementor-widget elementor-widget-heading\" data-id=\"2ba6592\" data-element_type=\"widget\" data-widget_type=\"heading.default\">\n\t\t\t\t<div class=\"elementor-widget-container\">\n\t\t\t\t\t<h2 class=\"elementor-heading-title elementor-size-default\"><strong>HAFTUNG<\/strong><\/h2>\t\t\t\t<\/div>\n\t\t\t\t<\/div>\n\t\t\t\t<div class=\"elementor-element elementor-element-ed38170 elementor-widget elementor-widget-heading\" data-id=\"ed38170\" data-element_type=\"widget\" data-widget_type=\"heading.default\">\n\t\t\t\t<div class=\"elementor-widget-container\">\n\t\t\t\t\t<p class=\"elementor-heading-title elementor-size-default\">Datawords aktualisiert regelm\u00e4\u00dfig den Inhalt und die Anwendungen auf der Website, um den Nutzern den Zugang und die Nutzung der Website unter optimalen Bedingungen zu erm\u00f6glichen.\n\n<\/p>\t\t\t\t<\/div>\n\t\t\t\t<\/div>\n\t\t\t\t<div class=\"elementor-element elementor-element-271a85c elementor-widget elementor-widget-heading\" data-id=\"271a85c\" data-element_type=\"widget\" data-widget_type=\"heading.default\">\n\t\t\t\t<div class=\"elementor-widget-container\">\n\t\t\t\t\t<p class=\"elementor-heading-title elementor-size-default\">Datawords kann jedoch keine Garantie f\u00fcr die Aktualit\u00e4t, Vollst\u00e4ndigkeit und Genauigkeit der auf der Website ver\u00f6ffentlichten Inhalte in Echtzeit \u00fcbernehmen.\n\n<\/p>\t\t\t\t<\/div>\n\t\t\t\t<\/div>\n\t\t\t\t<div class=\"elementor-element elementor-element-9c45d6a elementor-widget elementor-widget-heading\" data-id=\"9c45d6a\" data-element_type=\"widget\" data-widget_type=\"heading.default\">\n\t\t\t\t<div class=\"elementor-widget-container\">\n\t\t\t\t\t<p class=\"elementor-heading-title elementor-size-default\">Der Nutzer ist sich in diesem Zusammenhang bewusst, dass die Inhalte auf der Website nur als Anhaltspunkt dienen.\n\n<\/p>\t\t\t\t<\/div>\n\t\t\t\t<\/div>\n\t\t\t\t<div class=\"elementor-element elementor-element-b9e3840 elementor-widget elementor-widget-heading\" data-id=\"b9e3840\" data-element_type=\"widget\" data-widget_type=\"heading.default\">\n\t\t\t\t<div class=\"elementor-widget-container\">\n\t\t\t\t\t<p class=\"elementor-heading-title elementor-size-default\">Datawords kann nicht f\u00fcr Unannehmlichkeiten oder Sch\u00e4den haftbar gemacht werden, die einem Nutzer durch die Handlungen eines Dritten entstehen, der durch unlautere technische Mittel die auf der Website ver\u00f6ffentlichten Informationen verwendet hat. Das Unternehmen versichert jedoch, dass es alle ihm zur Verf\u00fcgung stehenden Mittel einsetzt, um gegen solche Aktionen vorzugehen, wobei es jedoch durch die mit dem Internet einhergehenden Grenzen eingeschr\u00e4nkt ist.<\/p>\t\t\t\t<\/div>\n\t\t\t\t<\/div>\n\t\t\t\t<div class=\"elementor-element elementor-element-1f414e7 elementor-widget elementor-widget-heading\" data-id=\"1f414e7\" data-element_type=\"widget\" data-widget_type=\"heading.default\">\n\t\t\t\t<div class=\"elementor-widget-container\">\n\t\t\t\t\t<p class=\"elementor-heading-title elementor-size-default\">Das Unternehmen kann nicht f\u00fcr Sch\u00e4den haftbar gemacht werden, die insbesondere aufgrund der Qualit\u00e4t des Internets und\/oder der technischen Konfigurationen entstehen.<\/p>\t\t\t\t<\/div>\n\t\t\t\t<\/div>\n\t\t\t\t<div class=\"elementor-element elementor-element-76167da elementor-widget elementor-widget-heading\" data-id=\"76167da\" data-element_type=\"widget\" data-widget_type=\"heading.default\">\n\t\t\t\t<div class=\"elementor-widget-container\">\n\t\t\t\t\t<p class=\"elementor-heading-title elementor-size-default\">Die Website wurde in einer von Datawords gew\u00e4hlten technischen Umgebung entwickelt und wird aktualisiert, um ihre Zug\u00e4nglichkeit zu gew\u00e4hrleisten. Datawords garantiert jedoch keinesfalls eine vollst\u00e4ndige Zug\u00e4nglichkeit der Website oder das Nichtvorhandensein von Fehlern und Bugs. Jeder Internetnutzer, der auf Schwierigkeiten bei der Navigation st\u00f6\u00dft, wird gebeten, den Webmaster per E-Mail dar\u00fcber zu informieren. Datawords ist in diesem Rahmen jedoch nicht verpflichtet, diese Schwierigkeiten zu beheben.<\/p>\t\t\t\t<\/div>\n\t\t\t\t<\/div>\n\t\t\t\t<div class=\"elementor-element elementor-element-051ffad elementor-widget elementor-widget-heading\" data-id=\"051ffad\" data-element_type=\"widget\" data-widget_type=\"heading.default\">\n\t\t\t\t<div class=\"elementor-widget-container\">\n\t\t\t\t\t<p class=\"elementor-heading-title elementor-size-default\">Datawords haftet weder f\u00fcr Funktionsst\u00f6rungen, Bugs und Besch\u00e4digungen von externen Modulen, die die Kommunikation mit externen Websites\/Plattformen erm\u00f6glichen, noch f\u00fcr Funktionsst\u00f6rungen, Bugs und Besch\u00e4digungen, die durch diese externen Module verursacht werden. Die entsprechenden externen Websites\/Plattformen sind allein f\u00fcr die Verwaltung und Kontrolle dieser Module verantwortlich.<\/p>\t\t\t\t<\/div>\n\t\t\t\t<\/div>\n\t\t\t\t<div class=\"elementor-element elementor-element-b21fa78 elementor-widget elementor-widget-heading\" data-id=\"b21fa78\" data-element_type=\"widget\" data-widget_type=\"heading.default\">\n\t\t\t\t<div class=\"elementor-widget-container\">\n\t\t\t\t\t<p class=\"elementor-heading-title elementor-size-default\">Datawords ist berechtigt, gegen jede Person vorzugehen, die die Website von Datawords auf welche Weise auch immer beeintr\u00e4chtigt (unerlaubtes Kopieren, Hacking, Versenden einer b\u00f6sartigen Datei usw.). Dies betrifft sowohl die technische Struktur als auch die ver\u00f6ffentlichten Inhalte.<\/p>\t\t\t\t<\/div>\n\t\t\t\t<\/div>\n\t\t\t\t<div class=\"elementor-element elementor-element-112b6b4 elementor-widget elementor-widget-heading\" data-id=\"112b6b4\" data-element_type=\"widget\" data-widget_type=\"heading.default\">\n\t\t\t\t<div class=\"elementor-widget-container\">\n\t\t\t\t\t<p class=\"elementor-heading-title elementor-size-default\">\u00a9 Datawords 2025<\/p>\t\t\t\t<\/div>\n\t\t\t\t<\/div>\n\t\t\t\t\t<\/div>\n\t\t<\/div>\n\t\t\t\t\t<\/div>\n\t\t<\/section>\n\t\t\t\t\t<\/div>\n\t\t<\/div>\n\t\t\t\t\t<\/div>\n\t\t<\/section>\n\t\t\t\t<\/div>\n\t\t","protected":false},"excerpt":{"rendered":"<p>RECHTLICHE HINWEISE Die Website von Datawords (nachfolgend die Website) ist Eigentum von Datawords Datasia, einem Unternehmen der Datawords Gruppe (nachfolgend Datawords) mit Sitz in 66 Rue de Villiers, 92300 Levallois-Perret und mit einem Kapital von 127.960,00 \u20ac, eingetragen im Handelsregister von Nanterre unter der Nummer 431.857.317, MwSt-Nr. FR96431857317. Die Website wird gehostet von: OVH 2, [&hellip;]<\/p>\n","protected":false},"author":1,"featured_media":0,"parent":0,"menu_order":0,"comment_status":"closed","ping_status":"closed","template":"","meta":{"_acf_changed":false,"content-type":"","footnotes":""},"class_list":["post-29961","page","type-page","status-publish","hentry"],"acf":[],"_links":{"self":[{"href":"https:\/\/datawords.com\/de\/wp-json\/wp\/v2\/pages\/29961","targetHints":{"allow":["GET"]}}],"collection":[{"href":"https:\/\/datawords.com\/de\/wp-json\/wp\/v2\/pages"}],"about":[{"href":"https:\/\/datawords.com\/de\/wp-json\/wp\/v2\/types\/page"}],"author":[{"embeddable":true,"href":"https:\/\/datawords.com\/de\/wp-json\/wp\/v2\/users\/1"}],"replies":[{"embeddable":true,"href":"https:\/\/datawords.com\/de\/wp-json\/wp\/v2\/comments?post=29961"}],"version-history":[{"count":0,"href":"https:\/\/datawords.com\/de\/wp-json\/wp\/v2\/pages\/29961\/revisions"}],"wp:attachment":[{"href":"https:\/\/datawords.com\/de\/wp-json\/wp\/v2\/media?parent=29961"}],"curies":[{"name":"wp","href":"https:\/\/api.w.org\/{rel}","templated":true}]}}