{"id":82234,"date":"2023-07-22T12:10:27","date_gmt":"2023-07-22T10:10:27","guid":{"rendered":"https:\/\/datawords.com\/rechtliche-hinweise\/"},"modified":"2025-10-09T08:51:39","modified_gmt":"2025-10-09T06:51:39","slug":"rechtliche-hinweise","status":"publish","type":"page","link":"https:\/\/datawords.com\/de-ch\/rechtliche-hinweise\/","title":{"rendered":"Rechtliche Hinweise"},"content":{"rendered":"\t\t<div data-elementor-type=\"wp-page\" data-elementor-id=\"82234\" class=\"elementor elementor-82234 elementor-8148\" data-elementor-post-type=\"page\">\n\t\t\t\t<div class=\"elementor-element elementor-element-c3e877c cookiebgshadow e-flex e-con-boxed e-con e-parent\" data-id=\"c3e877c\" data-element_type=\"container\" data-settings=\"{&quot;background_background&quot;:&quot;classic&quot;}\">\n\t\t\t\t\t<div class=\"e-con-inner\">\n\t\t<div class=\"elementor-element elementor-element-f5cd993 e-con-full e-flex e-con e-child\" data-id=\"f5cd993\" data-element_type=\"container\">\n\t\t\t\t<div class=\"elementor-element elementor-element-3207be0 elementor-widget__width-inherit textchange elementor-widget elementor-widget-text-editor\" data-id=\"3207be0\" data-element_type=\"widget\" data-widget_type=\"text-editor.default\">\n\t\t\t\t<div class=\"elementor-widget-container\">\n\t\t\t\t\t\t\t\t\t<h1><strong>VERWALTUNG VON<\/strong> cookies<\/h1>\t\t\t\t\t\t\t\t<\/div>\n\t\t\t\t<\/div>\n\t\t\t\t<\/div>\n\t\t<div class=\"elementor-element elementor-element-8c96d49 e-con-full e-flex e-con e-child\" data-id=\"8c96d49\" data-element_type=\"container\">\n\t\t\t\t<div class=\"elementor-element elementor-element-68db09a elementor-widget__width-inherit textchange elementor-widget elementor-widget-text-editor\" data-id=\"68db09a\" data-element_type=\"widget\" data-widget_type=\"text-editor.default\">\n\t\t\t\t<div class=\"elementor-widget-container\">\n\t\t\t\t\t\t\t\t\t<h2><strong>Was ist<\/strong><br \/>ein Cookie?<\/h2>\t\t\t\t\t\t\t\t<\/div>\n\t\t\t\t<\/div>\n\t\t\t\t<\/div>\n\t\t<div class=\"elementor-element elementor-element-29cce39 e-con-full e-flex e-con e-child\" data-id=\"29cce39\" data-element_type=\"container\">\n\t\t\t\t<div class=\"elementor-element elementor-element-81bbcb8 elementor-widget elementor-widget-heading\" data-id=\"81bbcb8\" data-element_type=\"widget\" data-widget_type=\"heading.default\">\n\t\t\t\t<div class=\"elementor-widget-container\">\n\t\t\t\t\t<p class=\"elementor-heading-title elementor-size-default\">Ein Cookie ist eine kleine Computerdatei, ein Tracer, der z. B. beim Besuch einer Website, beim Lesen einer E-Mail, bei der Installation oder Nutzung einer Software oder einer mobilen Anwendung abgelegt und gelesen wird, und zwar unabh\u00e4ngig von der Art des verwendeten Endger\u00e4ts (Computer, Smartphone, digitaler E-Reader, internetf\u00e4hige Videospielkonsole usw.).\n\n<\/p>\t\t\t\t<\/div>\n\t\t\t\t<\/div>\n\t\t<div class=\"elementor-element elementor-element-f4a1c8b e-con-full e-flex e-con e-child\" data-id=\"f4a1c8b\" data-element_type=\"container\">\n\t\t\t\t<div class=\"elementor-element elementor-element-e564572 elementor-widget__width-inherit textchange elementor-widget elementor-widget-text-editor\" data-id=\"e564572\" data-element_type=\"widget\" data-widget_type=\"text-editor.default\">\n\t\t\t\t<div class=\"elementor-widget-container\">\n\t\t\t\t\t\t\t\t\t<h2><strong>Von wem werden<\/strong><br>diese Cookies platziert?<\/h2>\t\t\t\t\t\t\t\t<\/div>\n\t\t\t\t<\/div>\n\t\t\t\t<\/div>\n\t\t\t\t<\/div>\n\t\t<div class=\"elementor-element elementor-element-92c6d70 e-con-full e-flex e-con e-child\" data-id=\"92c6d70\" data-element_type=\"container\">\n\t\t\t\t<div class=\"elementor-element elementor-element-faf5bb1 elementor-widget elementor-widget-heading\" data-id=\"faf5bb1\" data-element_type=\"widget\" data-widget_type=\"heading.default\">\n\t\t\t\t<div class=\"elementor-widget-container\">\n\t\t\t\t\t<p class=\"elementor-heading-title elementor-size-default\">Cookies, die von unserer Website an Ihr Endger\u00e4t gesendet werden, k\u00f6nnen von Datawords oder von Dritten platziert werden.\n\n<\/p>\t\t\t\t<\/div>\n\t\t\t\t<\/div>\n\t\t<div class=\"elementor-element elementor-element-f5c5e13 e-con-full e-flex e-con e-child\" data-id=\"f5c5e13\" data-element_type=\"container\">\n\t\t\t\t<div class=\"elementor-element elementor-element-b9efb96 elementor-widget__width-inherit textchange elementor-widget elementor-widget-text-editor\" data-id=\"b9efb96\" data-element_type=\"widget\" data-widget_type=\"text-editor.default\">\n\t\t\t\t<div class=\"elementor-widget-container\">\n\t\t\t\t\t\t\t\t\t<h2><strong>Welche Cookies<\/strong><br>verwenden wir?<\/h2>\t\t\t\t\t\t\t\t<\/div>\n\t\t\t\t<\/div>\n\t\t\t\t<\/div>\n\t\t\t\t<\/div>\n\t\t<div class=\"elementor-element elementor-element-ba4d0fe e-con-full e-flex e-con e-child\" data-id=\"ba4d0fe\" data-element_type=\"container\">\n\t\t\t\t<div class=\"elementor-element elementor-element-21359c4 elementor-widget elementor-widget-heading\" data-id=\"21359c4\" data-element_type=\"widget\" data-widget_type=\"heading.default\">\n\t\t\t\t<div class=\"elementor-widget-container\">\n\t\t\t\t\t<p class=\"elementor-heading-title elementor-size-default\">Wenn Sie sich auf einer der Seiten unserer Website anmelden, k\u00f6nnen wir je nach Ihren Einstellungen bestimmte Cookies auf Ihrem Endger\u00e4t ablegen, die es uns erm\u00f6glichen, Ihr Endger\u00e4t w\u00e4hrend der G\u00fcltigkeitsdauer des jeweiligen Cookies wiederzuerkennen. Die Website von Datawords verwendet 4 Kategorien von Cookies:\n\n<\/p>\t\t\t\t<\/div>\n\t\t\t\t<\/div>\n\t\t\t\t<\/div>\n\t\t<div class=\"elementor-element elementor-element-b4b7705 e-con-full e-flex e-con e-child\" data-id=\"b4b7705\" data-element_type=\"container\">\n\t\t\t\t<div class=\"elementor-element elementor-element-8e0c303 elementor-widget elementor-widget-image-box\" data-id=\"8e0c303\" data-element_type=\"widget\" data-widget_type=\"image-box.default\">\n\t\t\t\t<div class=\"elementor-widget-container\">\n\t\t\t\t\t<div class=\"elementor-image-box-wrapper\"><div class=\"elementor-image-box-content\"><h3 class=\"elementor-image-box-title\">Erforderliche Cookies<\/h3><p class=\"elementor-image-box-description\">Diese Cookies sind f\u00fcr das Funktionieren unserer Website unbedingt erforderlich. Unsere Website kann ohne diese Cookies nicht funktionieren.\n<\/p><\/div><\/div>\t\t\t\t<\/div>\n\t\t\t\t<\/div>\n\t\t\t\t<\/div>\n\t\t<div class=\"elementor-element elementor-element-9d5a981 e-con-full e-flex e-con e-child\" data-id=\"9d5a981\" data-element_type=\"container\">\n\t\t\t\t<div class=\"elementor-element elementor-element-6236c05 elementor-widget elementor-widget-image-box\" data-id=\"6236c05\" data-element_type=\"widget\" data-widget_type=\"image-box.default\">\n\t\t\t\t<div class=\"elementor-widget-container\">\n\t\t\t\t\t<div class=\"elementor-image-box-wrapper\"><div class=\"elementor-image-box-content\"><h3 class=\"elementor-image-box-title\">Funktionale Cookies<\/h3><p class=\"elementor-image-box-description\">Diese Cookies erm\u00f6glichen es uns, Ihre Erfahrung zu personalisieren und zu verbessern, indem wir Ihre Navigation auf unserer Website vereinfachen und beschleunigen. Funktionale Cookies erm\u00f6glichen es uns, Ihre Pr\u00e4ferenzen zu speichern und Ihre Besuche zu personalisieren.\n\n<\/p><\/div><\/div>\t\t\t\t<\/div>\n\t\t\t\t<\/div>\n\t\t\t\t<\/div>\n\t\t<div class=\"elementor-element elementor-element-072c83f e-con-full e-flex e-con e-child\" data-id=\"072c83f\" data-element_type=\"container\">\n\t\t\t\t<div class=\"elementor-element elementor-element-aa9e559 elementor-widget elementor-widget-image-box\" data-id=\"aa9e559\" data-element_type=\"widget\" data-widget_type=\"image-box.default\">\n\t\t\t\t<div class=\"elementor-widget-container\">\n\t\t\t\t\t<div class=\"elementor-image-box-wrapper\"><div class=\"elementor-image-box-content\"><h3 class=\"elementor-image-box-title\">Statistische Cookies<\/h3><p class=\"elementor-image-box-description\">Statistische Cookies helfen uns zu verstehen, wie Besucher auf unsere Inhalte zugreifen oder sie lesen und wie sie mit unserer Website interagieren. Wir sammeln statistische Informationen \u00fcber unsere Besucher, z. B. wie sie unsere Website besucht haben, bevor sie auf die verschiedenen Seiten zugreifen. Wir verwenden diese Cookies, um festzustellen, welche Art von Inhalt unsere Besucher am h\u00e4ufigsten aufrufen, wodurch wir unsere Website und ihren Inhalt verbessern k\u00f6nnen.\n\n<\/p><\/div><\/div>\t\t\t\t<\/div>\n\t\t\t\t<\/div>\n\t\t\t\t<\/div>\n\t\t<div class=\"elementor-element elementor-element-6151ad9 e-con-full e-flex e-con e-child\" data-id=\"6151ad9\" data-element_type=\"container\">\n\t\t\t\t<div class=\"elementor-element elementor-element-1b679fa elementor-widget elementor-widget-image-box\" data-id=\"1b679fa\" data-element_type=\"widget\" data-widget_type=\"image-box.default\">\n\t\t\t\t<div class=\"elementor-widget-container\">\n\t\t\t\t\t<div class=\"elementor-image-box-wrapper\"><div class=\"elementor-image-box-content\"><h3 class=\"elementor-image-box-title\">Marketing-Cookies<\/h3><p class=\"elementor-image-box-description\">Dritte verwenden First-Party- und Third-Party-Cookies unter anderem, um:\n<\/p><\/div><\/div>\t\t\t\t<\/div>\n\t\t\t\t<\/div>\n\t\t\t\t<div class=\"elementor-element elementor-element-15545ad elementor-icon-list--layout-traditional elementor-list-item-link-full_width elementor-widget elementor-widget-icon-list\" data-id=\"15545ad\" data-element_type=\"widget\" data-widget_type=\"icon-list.default\">\n\t\t\t\t<div class=\"elementor-widget-container\">\n\t\t\t\t\t\t\t<ul class=\"elementor-icon-list-items\">\n\t\t\t\t\t\t\t<li class=\"elementor-icon-list-item\">\n\t\t\t\t\t\t\t\t\t\t\t<span class=\"elementor-icon-list-icon\">\n\t\t\t\t\t\t\t<i aria-hidden=\"true\" class=\"fas fa-circle\"><\/i>\t\t\t\t\t\t<\/span>\n\t\t\t\t\t\t\t\t\t\t<span class=\"elementor-icon-list-text\">Hilfe bei der Anzeige von Werbung, die f\u00fcr Sie aufgrund Ihrer Interessen relevant ist. Dies wird oft als Online-Behavioral Advertising (OBA) bezeichnet.<\/span>\n\t\t\t\t\t\t\t\t\t<\/li>\n\t\t\t\t\t\t\t\t<li class=\"elementor-icon-list-item\">\n\t\t\t\t\t\t\t\t\t\t\t<span class=\"elementor-icon-list-icon\">\n\t\t\t\t\t\t\t<i aria-hidden=\"true\" class=\"fas fa-circle\"><\/i>\t\t\t\t\t\t<\/span>\n\t\t\t\t\t\t\t\t\t\t<span class=\"elementor-icon-list-text\">Begrenzung, wie oft dieselbe Werbung angezeigt wird (Frequency Capping).<\/span>\n\t\t\t\t\t\t\t\t\t<\/li>\n\t\t\t\t\t\t\t\t<li class=\"elementor-icon-list-item\">\n\t\t\t\t\t\t\t\t\t\t\t<span class=\"elementor-icon-list-icon\">\n\t\t\t\t\t\t\t<i aria-hidden=\"true\" class=\"fas fa-circle\"><\/i>\t\t\t\t\t\t<\/span>\n\t\t\t\t\t\t\t\t\t\t<span class=\"elementor-icon-list-text\">Messung der Wirksamkeit der geschalteten Werbung. <\/span>\n\t\t\t\t\t\t\t\t\t<\/li>\n\t\t\t\t\t\t<\/ul>\n\t\t\t\t\t\t<\/div>\n\t\t\t\t<\/div>\n\t\t\t\t<div class=\"elementor-element elementor-element-279ac65 elementor-widget elementor-widget-heading\" data-id=\"279ac65\" data-element_type=\"widget\" data-widget_type=\"heading.default\">\n\t\t\t\t<div class=\"elementor-widget-container\">\n\t\t\t\t\t<p class=\"elementor-heading-title elementor-size-default\">Diese Cookies sind mit Funktionen von Websites Dritter verkn\u00fcpft. Bitte beachten Sie, dass Sie Ihre Zustimmung zum Setzen von Cookies f\u00fcr personalisierte Marketinginhalte jederzeit widerrufen k\u00f6nnen.<\/p>\t\t\t\t<\/div>\n\t\t\t\t<\/div>\n\t\t\t\t<\/div>\n\t\t<div class=\"elementor-element elementor-element-25c1b42 e-con-full e-flex e-con e-child\" data-id=\"25c1b42\" data-element_type=\"container\">\n\t\t\t\t<div class=\"elementor-element elementor-element-2262264 elementor-widget__width-inherit textchange elementor-widget elementor-widget-text-editor\" data-id=\"2262264\" data-element_type=\"widget\" data-widget_type=\"text-editor.default\">\n\t\t\t\t<div class=\"elementor-widget-container\">\n\t\t\t\t\t\t\t\t\t<h2><strong>Wie k\u00f6nnen Sie<\/strong><br>diese Cookies ausw\u00e4hlen?<\/h2>\t\t\t\t\t\t\t\t<\/div>\n\t\t\t\t<\/div>\n\t\t\t\t<\/div>\n\t\t<div class=\"elementor-element elementor-element-35c45c6 e-con-full e-flex e-con e-child\" data-id=\"35c45c6\" data-element_type=\"container\">\n\t\t\t\t<div class=\"elementor-element elementor-element-17099c0 elementor-widget elementor-widget-heading\" data-id=\"17099c0\" data-element_type=\"widget\" data-widget_type=\"heading.default\">\n\t\t\t\t<div class=\"elementor-widget-container\">\n\t\t\t\t\t<p class=\"elementor-heading-title elementor-size-default\">Sie k\u00f6nnen Ihre Cookie-Pr\u00e4ferenzen einstellen, indem Sie auf dem Cookie-Banner auf \u201eAblehnen\u201c klicken oder indem Sie Ihren Browser konfigurieren. Um Ihre Cookie-Pr\u00e4ferenzen von dieser Website aus zu \u00e4ndern, gehen Sie bitte zu den folgenden Einstellungen.\n<\/p>\t\t\t\t<\/div>\n\t\t\t\t<\/div>\n\t\t\t\t<div class=\"elementor-element elementor-element-a2fdc30 elementor-widget elementor-widget-heading\" data-id=\"a2fdc30\" data-element_type=\"widget\" data-widget_type=\"heading.default\">\n\t\t\t\t<div class=\"elementor-widget-container\">\n\t\t\t\t\t<p class=\"elementor-heading-title elementor-size-default\">Wenn Sie Ihren Browser so konfigurieren m\u00f6chten, dass er die Verfolgung durch Google Analytics auf allen Websites ablehnt, besuchen Sie bitte https:\/\/tools.google.com\/dlpage\/gaoptout. Auf dieser Website finden Sie Informationen \u00fcber ein Plug-in f\u00fcr den Browser, mit dem Sie die Nutzung Ihrer Daten durch Google Analytics verhindern k\u00f6nnen.\n<\/p>\t\t\t\t<\/div>\n\t\t\t\t<\/div>\n\t\t\t\t<\/div>\n\t\t\t\t\t<\/div>\n\t\t\t\t<\/div>\n\t\t<div class=\"elementor-element elementor-element-ac89b77 e-con-full btm_cook e-flex e-con e-parent\" data-id=\"ac89b77\" data-element_type=\"container\" data-settings=\"{&quot;background_background&quot;:&quot;classic&quot;}\">\n\t\t\t\t<\/div>\n\t\t\t\t<\/div>\n\t\t","protected":false},"excerpt":{"rendered":"<p>VERWALTUNG VON cookies Was istein Cookie? Ein Cookie ist eine kleine Computerdatei, ein Tracer, der z. B. beim Besuch einer Website, beim Lesen einer E-Mail, bei der Installation oder Nutzung einer Software oder einer mobilen Anwendung abgelegt und gelesen wird, und zwar unabh\u00e4ngig von der Art des verwendeten Endger\u00e4ts (Computer, Smartphone, digitaler E-Reader, internetf\u00e4hige Videospielkonsole [&hellip;]<\/p>\n","protected":false},"author":1,"featured_media":0,"parent":0,"menu_order":0,"comment_status":"closed","ping_status":"closed","template":"","meta":{"_acf_changed":false,"content-type":"","footnotes":""},"class_list":["post-82234","page","type-page","status-publish","hentry"],"acf":[],"_links":{"self":[{"href":"https:\/\/datawords.com\/de-ch\/wp-json\/wp\/v2\/pages\/82234","targetHints":{"allow":["GET"]}}],"collection":[{"href":"https:\/\/datawords.com\/de-ch\/wp-json\/wp\/v2\/pages"}],"about":[{"href":"https:\/\/datawords.com\/de-ch\/wp-json\/wp\/v2\/types\/page"}],"author":[{"embeddable":true,"href":"https:\/\/datawords.com\/de-ch\/wp-json\/wp\/v2\/users\/1"}],"replies":[{"embeddable":true,"href":"https:\/\/datawords.com\/de-ch\/wp-json\/wp\/v2\/comments?post=82234"}],"version-history":[{"count":0,"href":"https:\/\/datawords.com\/de-ch\/wp-json\/wp\/v2\/pages\/82234\/revisions"}],"wp:attachment":[{"href":"https:\/\/datawords.com\/de-ch\/wp-json\/wp\/v2\/media?parent=82234"}],"curies":[{"name":"wp","href":"https:\/\/api.w.org\/{rel}","templated":true}]}}