{"id":82225,"date":"2023-06-29T10:22:48","date_gmt":"2023-06-29T08:22:48","guid":{"rendered":"https:\/\/datawords.com\/multikulturelle-kommunikationskampagne\/"},"modified":"2026-02-06T07:23:43","modified_gmt":"2026-02-06T06:23:43","slug":"multikulturelle-kommunikationskampagne","status":"publish","type":"page","link":"https:\/\/datawords.com\/de-ch\/multikulturelle-kommunikationskampagne\/","title":{"rendered":"Multikulturelle Kommunikationskampagne"},"content":{"rendered":"\t\t<div data-elementor-type=\"wp-page\" data-elementor-id=\"82225\" class=\"elementor elementor-82225 elementor-6375\" data-elementor-post-type=\"page\">\n\t\t\t\t<div class=\"elementor-element elementor-element-3cc4b87 e-flex e-con-boxed e-con e-parent\" data-id=\"3cc4b87\" data-element_type=\"container\" data-settings=\"{&quot;background_background&quot;:&quot;video&quot;,&quot;background_play_on_mobile&quot;:&quot;yes&quot;,&quot;background_video_link&quot;:&quot;https:\\\/\\\/datawords.com\\\/wp-content\\\/uploads\\\/2025\\\/07\\\/showreel_87s_part_of_datawords-1080p.mp4&quot;}\">\n\t\t\t\t\t<div class=\"e-con-inner\">\n\t\t<div class=\"elementor-background-video-container\" aria-hidden=\"true\">\n\t\t\t\t\t\t\t<video class=\"elementor-background-video-hosted\" autoplay muted playsinline loop><\/video>\n\t\t\t\t\t<\/div><div class=\"elementor-element elementor-element-cfe4432 e-con-full e-flex e-con e-child\" data-id=\"cfe4432\" data-element_type=\"container\">\n\t\t\t\t<div class=\"elementor-element elementor-element-59bac55 textchange elementor-widget__width-initial elementor-hidden-desktop elementor-hidden-tablet elementor-widget elementor-widget-text-editor\" data-id=\"59bac55\" data-element_type=\"widget\" data-widget_type=\"text-editor.default\">\n\t\t\t\t<div class=\"elementor-widget-container\">\n\t\t\t\t\t\t\t\t\t<strong>Inhalte schaffen, die Kulturen<\/strong> ins Herz treffen!\t\t\t\t\t\t\t\t<\/div>\n\t\t\t\t<\/div>\n\t\t\t\t<div class=\"elementor-element elementor-element-f80288d textchange elementor-widget__width-initial elementor-hidden-mobile elementor-widget elementor-widget-text-editor\" data-id=\"f80288d\" data-element_type=\"widget\" data-widget_type=\"text-editor.default\">\n\t\t\t\t<div class=\"elementor-widget-container\">\n\t\t\t\t\t\t\t\t\t<p><strong>Inhalte schaffen, die Kulturen<\/strong><br \/>ins Herz treffen!<\/p>\t\t\t\t\t\t\t\t<\/div>\n\t\t\t\t<\/div>\n\t\t\t\t<\/div>\n\t\t\t\t\t<\/div>\n\t\t\t\t<\/div>\n\t\t<div class=\"elementor-element elementor-element-11870e3 e-flex e-con-boxed e-con e-parent\" data-id=\"11870e3\" data-element_type=\"container\">\n\t\t\t\t\t<div class=\"e-con-inner\">\n\t\t<div class=\"elementor-element elementor-element-341ce1a e-con-full e-flex e-con e-child\" data-id=\"341ce1a\" data-element_type=\"container\">\n\t\t<div class=\"elementor-element elementor-element-4a776ad e-con-full e-flex e-con e-child\" data-id=\"4a776ad\" data-element_type=\"container\">\n\t\t\t\t<div class=\"elementor-element elementor-element-b2b9519 elementor-widget elementor-widget-heading\" data-id=\"b2b9519\" data-element_type=\"widget\" data-widget_type=\"heading.default\">\n\t\t\t\t<div class=\"elementor-widget-container\">\n\t\t\t\t\t<p class=\"elementor-heading-title elementor-size-default\">Kund:innen erinnern sich vielleicht nicht an jede Botschaft, die sie h\u00f6ren, doch die Gef\u00fchle, die diese Botschaften ausl\u00f6sen, pr\u00e4gen sich tief ein. Gef\u00fchle und Emotionen sind dabei untrennbar mit kulturellen Werten verbunden!<\/p>\t\t\t\t<\/div>\n\t\t\t\t<\/div>\n\t\t\t\t<div class=\"elementor-element elementor-element-f8015c0 elementor-widget__width-initial elementor-widget elementor-widget-heading\" data-id=\"f8015c0\" data-element_type=\"widget\" data-widget_type=\"heading.default\">\n\t\t\t\t<div class=\"elementor-widget-container\">\n\t\t\t\t\t<h4 class=\"elementor-heading-title elementor-size-default\">Aus diesem Grund entwickeln und passen wir bei Datawords Markeninhalte so an, dass sie die kulturellen und emotionalen Besonderheiten ber\u00fccksichtigen - jederzeit, \u00fcberall und auf jedem Kanal.<\/h4>\t\t\t\t<\/div>\n\t\t\t\t<\/div>\n\t\t\t\t<\/div>\n\t\t\t\t<\/div>\n\t\t\t\t\t<\/div>\n\t\t\t\t<\/div>\n\t\t<div class=\"elementor-element elementor-element-262a341 notre-kredos e-flex e-con-boxed e-con e-parent\" data-id=\"262a341\" data-element_type=\"container\" data-settings=\"{&quot;background_background&quot;:&quot;classic&quot;}\">\n\t\t\t\t\t<div class=\"e-con-inner\">\n\t\t<div class=\"elementor-element elementor-element-95ff9cc e-flex e-con-boxed e-con e-child\" data-id=\"95ff9cc\" data-element_type=\"container\">\n\t\t\t\t\t<div class=\"e-con-inner\">\n\t\t\t\t<div class=\"elementor-element elementor-element-8bb4687 elementor-widget elementor-widget-heading\" data-id=\"8bb4687\" data-element_type=\"widget\" data-widget_type=\"heading.default\">\n\t\t\t\t<div class=\"elementor-widget-container\">\n\t\t\t\t\t<h2 class=\"elementor-heading-title elementor-size-default\">Unser<\/h2>\t\t\t\t<\/div>\n\t\t\t\t<\/div>\n\t\t\t\t<div class=\"elementor-element elementor-element-853d533 elementor-widget elementor-widget-heading\" data-id=\"853d533\" data-element_type=\"widget\" data-widget_type=\"heading.default\">\n\t\t\t\t<div class=\"elementor-widget-container\">\n\t\t\t\t\t<h2 class=\"elementor-heading-title elementor-size-default\">Ansatz<\/h2>\t\t\t\t<\/div>\n\t\t\t\t<\/div>\n\t\t\t\t\t<\/div>\n\t\t\t\t<\/div>\n\t\t<div class=\"elementor-element elementor-element-a494af5 notre-kredo e-flex e-con-boxed e-con e-child\" data-id=\"a494af5\" data-element_type=\"container\">\n\t\t\t\t\t<div class=\"e-con-inner\">\n\t\t<div class=\"elementor-element elementor-element-851c254 e-con-full shape-content-right e-flex e-con e-child\" data-id=\"851c254\" data-element_type=\"container\">\n\t\t\t\t<div class=\"elementor-element elementor-element-4cb2005 employees-matter elementor-widget elementor-widget-image-box\" data-id=\"4cb2005\" data-element_type=\"widget\" data-widget_type=\"image-box.default\">\n\t\t\t\t<div class=\"elementor-widget-container\">\n\t\t\t\t\t<div class=\"elementor-image-box-wrapper\"><div class=\"elementor-image-box-content\"><h3 class=\"elementor-image-box-title\">Kulturelle Besonderheit im Zentrum<\/h3><p class=\"elementor-image-box-description\">Durch das Sammeln und Analysieren lokaler Daten in \u00fcber 25 L\u00e4ndern sind wir in der Lage, die Besonderheiten Ihrer M\u00e4rkte zu verstehen. Anschlie\u00dfend empfehlen wir eine geeignete Kreativstrategie sowie eine Inhaltsproduktion, die den kulturellen Besonderheiten gerecht wird. Wir begleiten Sie vom Beginn des Projekts bis zur Einf\u00fchrung Ihrer Inhalte in \u00fcber 160 L\u00e4ndern. Dank unserer dezentralen Organisation verwalten wir den letzten Schritt (oder die \u201eletzte Meile\u201c) der lokalen Produktion unter Ber\u00fccksichtigung der globalen Einschr\u00e4nkungen.<\/p><\/div><\/div>\t\t\t\t<\/div>\n\t\t\t\t<\/div>\n\t\t\t\t<\/div>\n\t\t<div class=\"elementor-element elementor-element-122f72e e-con-full shape-content-right e-flex e-con e-child\" data-id=\"122f72e\" data-element_type=\"container\">\n\t\t\t\t<div class=\"elementor-element elementor-element-2e4126e employees-matter elementor-widget elementor-widget-image-box\" data-id=\"2e4126e\" data-element_type=\"widget\" data-widget_type=\"image-box.default\">\n\t\t\t\t<div class=\"elementor-widget-container\">\n\t\t\t\t\t<div class=\"elementor-image-box-wrapper\"><div class=\"elementor-image-box-content\"><h3 class=\"elementor-image-box-title\">Ein multikulturelles Studio im Zentrum unseres Modells<\/h3><p class=\"elementor-image-box-description\">Um Ihr Markenimage in jeder Kultur zu st\u00e4rken, verf\u00fcgen wir auf jedem Kontinent \u00fcber interne Einrichtungen f\u00fcr die Produktion und Postproduktion (Audio, Foto und Video). Diese Studios helfen Ihnen, Ihre internationalen Projekte zu realisieren, aber auch sehr schnell auf die Bed\u00fcrfnisse Ihrer lokalen Teams zu reagieren und dabei Markenkonsistenz zu wahren.<\/p><\/div><\/div>\t\t\t\t<\/div>\n\t\t\t\t<\/div>\n\t\t\t\t<\/div>\n\t\t\t\t\t<\/div>\n\t\t\t\t<\/div>\n\t\t\t\t\t<\/div>\n\t\t\t\t<\/div>\n\t\t<div class=\"elementor-element elementor-element-7f40dc2 e-flex e-con-boxed e-con e-parent\" data-id=\"7f40dc2\" data-element_type=\"container\" data-settings=\"{&quot;background_background&quot;:&quot;classic&quot;}\">\n\t\t\t\t\t<div class=\"e-con-inner\">\n\t\t<div class=\"elementor-element elementor-element-8243ed7 e-con-full e-flex e-con e-child\" data-id=\"8243ed7\" data-element_type=\"container\" data-settings=\"{&quot;background_background&quot;:&quot;gradient&quot;}\">\n\t\t\t\t<div class=\"elementor-element elementor-element-7d89af0 elementor-widget elementor-widget-image\" data-id=\"7d89af0\" data-element_type=\"widget\" data-widget_type=\"image.default\">\n\t\t\t\t<div class=\"elementor-widget-container\">\n\t\t\t\t\t\t\t\t\t\t\t\t\t\t\t<img decoding=\"async\" width=\"84\" height=\"63\" src=\"https:\/\/datawords.com\/wp-content\/uploads\/2025\/10\/2-3.png\" class=\"attachment-full size-full wp-image-280158\" alt=\"\" \/>\t\t\t\t\t\t\t\t\t\t\t\t\t\t\t<\/div>\n\t\t\t\t<\/div>\n\t\t\t\t<div class=\"elementor-element elementor-element-912d38d elementor-widget elementor-widget-heading\" data-id=\"912d38d\" data-element_type=\"widget\" data-widget_type=\"heading.default\">\n\t\t\t\t<div class=\"elementor-widget-container\">\n\t\t\t\t\t<p class=\"elementor-heading-title elementor-size-default\">Indem wir multikulturelle Daten bereits in der kreativen Phase einbeziehen, f\u00f6rdern wir das internationale Markenwachstum, w\u00e4hrend wir gleichzeitig eine globale Konsistenz aufrechterhalten.<\/p>\t\t\t\t<\/div>\n\t\t\t\t<\/div>\n\t\t\t\t<div class=\"elementor-element elementor-element-3de909a elementor-widget__width-auto elementor-widget elementor-widget-heading\" data-id=\"3de909a\" data-element_type=\"widget\" data-widget_type=\"heading.default\">\n\t\t\t\t<div class=\"elementor-widget-container\">\n\t\t\t\t\t<h2 class=\"elementor-heading-title elementor-size-default\">J\u00e9r\u00f4me Houdry<\/h2>\t\t\t\t<\/div>\n\t\t\t\t<\/div>\n\t\t\t\t<div class=\"elementor-element elementor-element-51a4aff elementor-widget elementor-widget-heading\" data-id=\"51a4aff\" data-element_type=\"widget\" data-widget_type=\"heading.default\">\n\t\t\t\t<div class=\"elementor-widget-container\">\n\t\t\t\t\t<p class=\"elementor-heading-title elementor-size-default\">Gesch\u00e4ftsf\u00fchrer von 87 Seconds*<\/p>\t\t\t\t<\/div>\n\t\t\t\t<\/div>\n\t\t\t\t<div class=\"elementor-element elementor-element-89a4ffc elementor-widget elementor-widget-heading\" data-id=\"89a4ffc\" data-element_type=\"widget\" data-widget_type=\"heading.default\">\n\t\t\t\t<div class=\"elementor-widget-container\">\n\t\t\t\t\t<p class=\"elementor-heading-title elementor-size-default\">*Kreativagentur von Datawords<\/p>\t\t\t\t<\/div>\n\t\t\t\t<\/div>\n\t\t\t\t<\/div>\n\t\t\t\t\t<\/div>\n\t\t\t\t<\/div>\n\t\t\t\t<\/div>\n\t\t","protected":false},"excerpt":{"rendered":"<p>Inhalte schaffen, die Kulturen ins Herz treffen! Inhalte schaffen, die Kulturenins Herz treffen! Kund:innen erinnern sich vielleicht nicht an jede Botschaft, die sie h\u00f6ren, doch die Gef\u00fchle, die diese Botschaften ausl\u00f6sen, pr\u00e4gen sich tief ein. Gef\u00fchle und Emotionen sind dabei untrennbar mit kulturellen Werten verbunden! Aus diesem Grund entwickeln und passen wir bei Datawords Markeninhalte [&hellip;]<\/p>\n","protected":false},"author":42,"featured_media":82227,"parent":0,"menu_order":0,"comment_status":"closed","ping_status":"closed","template":"","meta":{"_acf_changed":false,"content-type":"","footnotes":""},"class_list":["post-82225","page","type-page","status-publish","has-post-thumbnail","hentry"],"acf":[],"_links":{"self":[{"href":"https:\/\/datawords.com\/de-ch\/wp-json\/wp\/v2\/pages\/82225","targetHints":{"allow":["GET"]}}],"collection":[{"href":"https:\/\/datawords.com\/de-ch\/wp-json\/wp\/v2\/pages"}],"about":[{"href":"https:\/\/datawords.com\/de-ch\/wp-json\/wp\/v2\/types\/page"}],"author":[{"embeddable":true,"href":"https:\/\/datawords.com\/de-ch\/wp-json\/wp\/v2\/users\/42"}],"replies":[{"embeddable":true,"href":"https:\/\/datawords.com\/de-ch\/wp-json\/wp\/v2\/comments?post=82225"}],"version-history":[{"count":0,"href":"https:\/\/datawords.com\/de-ch\/wp-json\/wp\/v2\/pages\/82225\/revisions"}],"wp:featuredmedia":[{"embeddable":true,"href":"https:\/\/datawords.com\/de-ch\/wp-json\/wp\/v2\/media\/82227"}],"wp:attachment":[{"href":"https:\/\/datawords.com\/de-ch\/wp-json\/wp\/v2\/media?parent=82225"}],"curies":[{"name":"wp","href":"https:\/\/api.w.org\/{rel}","templated":true}]}}