{"id":82220,"date":"2023-07-25T12:33:30","date_gmt":"2023-07-25T10:33:30","guid":{"rendered":"https:\/\/datawords.com\/karrieren-unsere-werte\/"},"modified":"2026-02-06T10:51:13","modified_gmt":"2026-02-06T09:51:13","slug":"karrieren-unsere-werte","status":"publish","type":"page","link":"https:\/\/datawords.com\/de-ch\/karrieren-unsere-werte\/","title":{"rendered":"Karrieren \/ Unsere Werte"},"content":{"rendered":"\t\t<div data-elementor-type=\"wp-page\" data-elementor-id=\"82220\" class=\"elementor elementor-82220 elementor-8463\" data-elementor-post-type=\"page\">\n\t\t\t\t<div class=\"elementor-element elementor-element-6275f08 e-flex e-con-boxed e-con e-parent\" data-id=\"6275f08\" data-element_type=\"container\" data-settings=\"{&quot;background_background&quot;:&quot;classic&quot;}\">\n\t\t\t\t\t<div class=\"e-con-inner\">\n\t\t<div class=\"elementor-element elementor-element-72bb404 e-con-full e-flex e-con e-child\" data-id=\"72bb404\" data-element_type=\"container\">\n\t\t\t\t<div class=\"elementor-element elementor-element-522dbe8 textchange elementor-widget__width-initial elementor-hidden-mobile elementor-widget elementor-widget-text-editor\" data-id=\"522dbe8\" data-element_type=\"widget\" data-widget_type=\"text-editor.default\">\n\t\t\t\t<div class=\"elementor-widget-container\">\n\t\t\t\t\t\t\t\t\t<h1><strong>Unsere<br> <\/strong>Werte<\/h1>\t\t\t\t\t\t\t\t<\/div>\n\t\t\t\t<\/div>\n\t\t\t\t<div class=\"elementor-element elementor-element-e08fc18 textchange elementor-widget__width-initial elementor-hidden-desktop elementor-hidden-tablet elementor-widget elementor-widget-text-editor\" data-id=\"e08fc18\" data-element_type=\"widget\" data-widget_type=\"text-editor.default\">\n\t\t\t\t<div class=\"elementor-widget-container\">\n\t\t\t\t\t\t\t\t\t<h1><strong>Unsere<br> <\/strong>Werte<\/h1>\t\t\t\t\t\t\t\t<\/div>\n\t\t\t\t<\/div>\n\t\t\t\t<\/div>\n\t\t\t\t\t<\/div>\n\t\t\t\t<\/div>\n\t\t<div class=\"elementor-element elementor-element-af93c1b nos-valeurs e-flex e-con-boxed e-con e-parent\" data-id=\"af93c1b\" data-element_type=\"container\" data-settings=\"{&quot;background_background&quot;:&quot;gradient&quot;}\">\n\t\t\t\t\t<div class=\"e-con-inner\">\n\t\t<div class=\"elementor-element elementor-element-8471bf7 e-con-full e-flex e-con e-child\" data-id=\"8471bf7\" data-element_type=\"container\">\n\t\t<div class=\"elementor-element elementor-element-d2b7c3f e-con-full e-flex e-con e-child\" data-id=\"d2b7c3f\" data-element_type=\"container\">\n\t\t\t\t<div class=\"elementor-element elementor-element-1f4fbe9 elementor-widget elementor-widget-heading\" data-id=\"1f4fbe9\" data-element_type=\"widget\" data-widget_type=\"heading.default\">\n\t\t\t\t<div class=\"elementor-widget-container\">\n\t\t\t\t\t<p class=\"elementor-heading-title elementor-size-default\">Seit der Gr\u00fcndung von Datawords sind die sechs Gr\u00fcnder mit ihrer kulturellen Vielfalt davon \u00fcberzeugt, dass Multikulturalismus Werte schafft. Wir sind sogar der Meinung, dass dies f\u00fcr heutige Unternehmen das Erfolgsrezept ist. Und die Tatsache, dass Datawords seit \u00fcber 20 Jahren w\u00e4chst, ist der beste Beweis daf\u00fcr. Aus diesem Grund lassen sich die Werte, die unsere Entscheidungsfindung leiten, in drei Worten zusammenfassen: JEDER IST WICHTIG. Diese \u00dcberzeugung stellt uns vor die Herausforderung, die Bed\u00fcrfnisse und das Wohlergehen aller Beteiligten an erste Stelle zu setzen.<\/p>\t\t\t\t<\/div>\n\t\t\t\t<\/div>\n\t\t\t\t<div class=\"elementor-element elementor-element-7305cb7 elementor-widget__width-initial elementor-widget elementor-widget-heading\" data-id=\"7305cb7\" data-element_type=\"widget\" data-widget_type=\"heading.default\">\n\t\t\t\t<div class=\"elementor-widget-container\">\n\t\t\t\t\t<h4 class=\"elementor-heading-title elementor-size-default\">EVERYONE MATTERS<\/h4>\t\t\t\t<\/div>\n\t\t\t\t<\/div>\n\t\t\t\t<div class=\"elementor-element elementor-element-0156f6d elementor-widget elementor-widget-heading\" data-id=\"0156f6d\" data-element_type=\"widget\" data-widget_type=\"heading.default\">\n\t\t\t\t<div class=\"elementor-widget-container\">\n\t\t\t\t\t<p class=\"elementor-heading-title elementor-size-default\">Dieser Grundsatz fordert uns heraus, die Bed\u00fcrfnisse und das Wohlergehen aller unserer Stakeholder an erste Stelle zu setzen.<\/p>\t\t\t\t<\/div>\n\t\t\t\t<\/div>\n\t\t\t\t<\/div>\n\t\t\t\t<\/div>\n\t\t\t\t\t<\/div>\n\t\t\t\t<\/div>\n\t\t<div class=\"elementor-element elementor-element-3b4b8ea notre-kredos e-flex e-con-boxed e-con e-parent\" data-id=\"3b4b8ea\" data-element_type=\"container\" data-settings=\"{&quot;background_background&quot;:&quot;classic&quot;}\">\n\t\t\t\t\t<div class=\"e-con-inner\">\n\t\t<div class=\"elementor-element elementor-element-d2386d0 e-flex e-con-boxed e-con e-child\" data-id=\"d2386d0\" data-element_type=\"container\">\n\t\t\t\t\t<div class=\"e-con-inner\">\n\t\t\t\t<div class=\"elementor-element elementor-element-b9d4d6a elementor-widget elementor-widget-heading\" data-id=\"b9d4d6a\" data-element_type=\"widget\" data-widget_type=\"heading.default\">\n\t\t\t\t<div class=\"elementor-widget-container\">\n\t\t\t\t\t<h2 class=\"elementor-heading-title elementor-size-default\">UNSER<\/h2>\t\t\t\t<\/div>\n\t\t\t\t<\/div>\n\t\t\t\t<div class=\"elementor-element elementor-element-9680ddf elementor-widget elementor-widget-heading\" data-id=\"9680ddf\" data-element_type=\"widget\" data-widget_type=\"heading.default\">\n\t\t\t\t<div class=\"elementor-widget-container\">\n\t\t\t\t\t<h2 class=\"elementor-heading-title elementor-size-default\">Kredo*<\/h2>\t\t\t\t<\/div>\n\t\t\t\t<\/div>\n\t\t\t\t\t<\/div>\n\t\t\t\t<\/div>\n\t\t<div class=\"elementor-element elementor-element-1f2a206 notre-kredo e-flex e-con-boxed e-con e-child\" data-id=\"1f2a206\" data-element_type=\"container\">\n\t\t\t\t\t<div class=\"e-con-inner\">\n\t\t<div class=\"elementor-element elementor-element-a06bc05 e-con-full shape-content-right e-flex e-con e-child\" data-id=\"a06bc05\" data-element_type=\"container\">\n\t\t\t\t<div class=\"elementor-element elementor-element-c72aacf employees-matter elementor-widget elementor-widget-image-box\" data-id=\"c72aacf\" data-element_type=\"widget\" data-widget_type=\"image-box.default\">\n\t\t\t\t<div class=\"elementor-widget-container\">\n\t\t\t\t\t<div class=\"elementor-image-box-wrapper\"><div class=\"elementor-image-box-content\"><h3 class=\"elementor-image-box-title\">Employees matter<\/h3><p class=\"elementor-image-box-description\">Jede Mitarbeiterin und jeder Mitarbeiter auf der ganzen Welt ist f\u00fcr uns wichtig. Unabh\u00e4ngig von Herkunft, Geschlecht, Religion oder Fachkenntnissen tr\u00e4gt jeder seine eigene Geschichte, seine Intelligenz und sein einzigartiges Potenzial in sich, die es verdienen, anerkannt zu werden. Wir haben uns gegenseitigem Respekt und aufmerksamem Zuh\u00f6ren verschrieben. Wir glauben, dass jede:r Mitarbeitende Teil eines komplexen Puzzles ist und er oder sie als Einzelner oder auch alle gemeinsam als Gruppe die M\u00f6glichkeit haben, Dinge zu ver\u00e4ndern. Wir m\u00fcssen sicherstellen, dass jede:r Mitarbeitende seinen oder ihren Platz findet, um sein oder ihr eigenes Potenzial vollst\u00e4ndig entfalten zu k\u00f6nnen.<\/p><\/div><\/div>\t\t\t\t<\/div>\n\t\t\t\t<\/div>\n\t\t\t\t<\/div>\n\t\t<div class=\"elementor-element elementor-element-5f46ec7 e-con-full shape-content-right e-flex e-con e-child\" data-id=\"5f46ec7\" data-element_type=\"container\">\n\t\t\t\t<div class=\"elementor-element elementor-element-db954aa employees-matter elementor-widget elementor-widget-image-box\" data-id=\"db954aa\" data-element_type=\"widget\" data-widget_type=\"image-box.default\">\n\t\t\t\t<div class=\"elementor-widget-container\">\n\t\t\t\t\t<div class=\"elementor-image-box-wrapper\"><div class=\"elementor-image-box-content\"><h3 class=\"elementor-image-box-title\">Clients matter<\/h3><p class=\"elementor-image-box-description\">Jeder unserer Kunden ist wichtig. Ihre Zufriedenheit und ihr Erfolg haben f\u00fcr uns oberste Priorit\u00e4t. Wir verpflichten uns, Produkte und Services von au\u00dfergew\u00f6hnlicher Qualit\u00e4t anzubieten, um allen ATAWADAC**-Verbraucher:innen dieser Kunden eine relevante Botschaft zu vermitteln. Wir bem\u00fchen uns, zu allen eine vertrauensvolle Beziehung aufzubauen, indem wir uns kontinuierlich an die technologischen Entwicklungen des Marktes anpassen und innovativ t\u00e4tig sind. Dieser Ansatz erm\u00f6glicht uns, die Erwartungen unserer Kunden bestm\u00f6glich zu erf\u00fcllen. Unabh\u00e4ngig von ihrer Herkunft m\u00fcssen unsere Kunden von uns die Bedingungen f\u00fcr einen fairen Gewinn erhalten.<\/p><\/div><\/div>\t\t\t\t<\/div>\n\t\t\t\t<\/div>\n\t\t\t\t<\/div>\n\t\t<div class=\"elementor-element elementor-element-0a3197c e-con-full shape-content-right e-flex e-con e-child\" data-id=\"0a3197c\" data-element_type=\"container\">\n\t\t\t\t<div class=\"elementor-element elementor-element-0cec1fb employees-matter elementor-widget elementor-widget-image-box\" data-id=\"0cec1fb\" data-element_type=\"widget\" data-widget_type=\"image-box.default\">\n\t\t\t\t<div class=\"elementor-widget-container\">\n\t\t\t\t\t<div class=\"elementor-image-box-wrapper\"><div class=\"elementor-image-box-content\"><h3 class=\"elementor-image-box-title\">Communities matter<\/h3><p class=\"elementor-image-box-description\">Die Gemeinschaften, in denen wir leben, sind f\u00fcr das Wohlergehen aller von Bedeutung. Daher ist es unsere Aufgabe, diese zu respektieren und als gute B\u00fcrger so viel wie m\u00f6glich zu ihrem Gleichgewicht beizutragen, indem wir unseren gerechten Anteil an Steuern zahlen und unseren multikulturellen Einfallsreichtum f\u00fcr soziales Handeln und den Schutz unserer Umwelt und unserer nat\u00fcrlichen Ressourcen nutzen.<\/p><\/div><\/div>\t\t\t\t<\/div>\n\t\t\t\t<\/div>\n\t\t\t\t<\/div>\n\t\t<div class=\"elementor-element elementor-element-fc0ba9f e-con-full shape-content-right e-flex e-con e-child\" data-id=\"fc0ba9f\" data-element_type=\"container\">\n\t\t\t\t<div class=\"elementor-element elementor-element-6142732 employees-matter elementor-widget elementor-widget-image-box\" data-id=\"6142732\" data-element_type=\"widget\" data-widget_type=\"image-box.default\">\n\t\t\t\t<div class=\"elementor-widget-container\">\n\t\t\t\t\t<div class=\"elementor-image-box-wrapper\"><div class=\"elementor-image-box-content\"><h3 class=\"elementor-image-box-title\">Shareholders matter<\/h3><p class=\"elementor-image-box-description\">Und schlie\u00dflich sind uns auch unsere Aktion\u00e4re und Aktion\u00e4rinnen wichtig! Unser Unternehmen muss auf ein faires Ergebnis ausgerichtet sein. Wir engagieren uns leidenschaftlich daf\u00fcr, neue M\u00f6glichkeiten zu ergreifen. Wir schaffen Werte, indem wir kontinuierlich in multikulturelle Leistung investieren. Indem wir nach diesen Prinzipien handeln, stellen wir sicher, dass unsere Aktion\u00e4re einen fairen Ertrag aus ihrer Investition erhalten.<\/p><\/div><\/div>\t\t\t\t<\/div>\n\t\t\t\t<\/div>\n\t\t\t\t<\/div>\n\t\t\t\t\t<\/div>\n\t\t\t\t<\/div>\n\t\t<div class=\"elementor-element elementor-element-371b1f5 e-flex e-con-boxed e-con e-child\" data-id=\"371b1f5\" data-element_type=\"container\">\n\t\t\t\t\t<div class=\"e-con-inner\">\n\t\t\t\t<div class=\"elementor-element elementor-element-d613070 elementor-widget__width-initial elementor-widget elementor-widget-heading\" data-id=\"d613070\" data-element_type=\"widget\" data-widget_type=\"heading.default\">\n\t\t\t\t<div class=\"elementor-widget-container\">\n\t\t\t\t\t<p class=\"elementor-heading-title elementor-size-default\">*Credo auf Esperanto, einer internationalen Sprache, die von Menschen aus mindestens 120 L\u00e4ndern auf der ganzen Welt gesprochen wird. <br>\u2028** AnyTime, AnyWhere, Any Device, Any Culture.<\/p>\t\t\t\t<\/div>\n\t\t\t\t<\/div>\n\t\t\t\t\t<\/div>\n\t\t\t\t<\/div>\n\t\t\t\t\t<\/div>\n\t\t\t\t<\/div>\n\t\t<div class=\"elementor-element elementor-element-e6165fa multi-competence e-flex e-con-boxed e-con e-parent\" data-id=\"e6165fa\" data-element_type=\"container\" id=\"alert\" data-settings=\"{&quot;background_background&quot;:&quot;classic&quot;}\">\n\t\t\t\t\t<div class=\"e-con-inner\">\n\t\t<div class=\"elementor-element elementor-element-73ab52e e-con-full e-flex e-con e-child\" data-id=\"73ab52e\" data-element_type=\"container\">\n\t\t<div class=\"elementor-element elementor-element-ab44427 e-con-full e-flex e-con e-child\" data-id=\"ab44427\" data-element_type=\"container\">\n\t\t\t\t<div class=\"elementor-element elementor-element-21af77f elementor-widget elementor-widget-heading\" data-id=\"21af77f\" data-element_type=\"widget\" data-widget_type=\"heading.default\">\n\t\t\t\t<div class=\"elementor-widget-container\">\n\t\t\t\t\t<h2 class=\"elementor-heading-title elementor-size-default\">Whistle<\/h2>\t\t\t\t<\/div>\n\t\t\t\t<\/div>\n\t\t\t\t<div class=\"elementor-element elementor-element-b9f46c6 elementor-widget elementor-widget-heading\" data-id=\"b9f46c6\" data-element_type=\"widget\" data-widget_type=\"heading.default\">\n\t\t\t\t<div class=\"elementor-widget-container\">\n\t\t\t\t\t<h2 class=\"elementor-heading-title elementor-size-default\">blower<\/h2>\t\t\t\t<\/div>\n\t\t\t\t<\/div>\n\t\t<div class=\"elementor-element elementor-element-a9e9e86 e-con-full e-flex e-con e-child\" data-id=\"a9e9e86\" data-element_type=\"container\">\n\t\t\t\t<div class=\"elementor-element elementor-element-0a74da3 elementor-widget elementor-widget-heading\" data-id=\"0a74da3\" data-element_type=\"widget\" data-widget_type=\"heading.default\">\n\t\t\t\t<div class=\"elementor-widget-container\">\n\t\t\t\t\t<h2 class=\"elementor-heading-title elementor-size-default\">Bei Datawords z\u00e4hlt jede Stimme. Respekt und Zuh\u00f6ren sind entscheidend f\u00fcr unseren Erfolg.<\/h2>\t\t\t\t<\/div>\n\t\t\t\t<\/div>\n\t\t\t\t<div class=\"elementor-element elementor-element-4ee4f7d elementor-widget elementor-widget-text-editor\" data-id=\"4ee4f7d\" data-element_type=\"widget\" data-widget_type=\"text-editor.default\">\n\t\t\t\t<div class=\"elementor-widget-container\">\n\t\t\t\t\t\t\t\t\tWir verpflichten uns, die Werte Fairness und Loyalit\u00e4t im Rahmen all unserer Handlungen zu verteidigen. Es liegt in der Verantwortung jedes einzelnen unserer Mitarbeitenden und Gesch\u00e4ftspartner, Verst\u00f6\u00dfe gegen diese Prinzipien zu melden.\t\t\t\t\t\t\t\t<\/div>\n\t\t\t\t<\/div>\n\t\t\t\t<div class=\"elementor-element elementor-element-7a323e7 elementor-widget elementor-widget-text-editor\" data-id=\"7a323e7\" data-element_type=\"widget\" data-widget_type=\"text-editor.default\">\n\t\t\t\t<div class=\"elementor-widget-container\">\n\t\t\t\t\t\t\t\t\tWenn Sie Zeuge einer ethischen unvertretbaren Situation werden, auch wenn es sich nur um einen potenziellen Vorfall handelt, m\u00f6chten wir Sie dazu ermutigen, diese Situation \u00fcber unsere vertrauliche Meldestelle zu melden. Diese Meldestelle gew\u00e4hrleistet eine v\u00f6llig anonyme und gesch\u00fctzte Kommunikation. Lassen Sie uns gemeinsam sicherstellen, dass unser Arbeitsumfeld sicher, respektvoll und fair f\u00fcr uns alle bleibt.\t\t\t\t\t\t\t\t<\/div>\n\t\t\t\t<\/div>\n\t\t\t\t<\/div>\n\t\t\t\t<div class=\"elementor-element elementor-element-b4b7850 elementor-align-left btnall elementor-widget elementor-widget-button\" data-id=\"b4b7850\" data-element_type=\"widget\" data-widget_type=\"button.default\">\n\t\t\t\t<div class=\"elementor-widget-container\">\n\t\t\t\t\t\t\t\t\t<div class=\"elementor-button-wrapper\">\n\t\t\t\t\t<a class=\"elementor-button elementor-button-link elementor-size-sm\" href=\"https:\/\/datawords.whistlelink.com\/\" target=\"_blank\" rel=\"noopener\">\n\t\t\t\t\t\t<span class=\"elementor-button-content-wrapper\">\n\t\t\t\t\t\t<span class=\"elementor-button-icon\">\n\t\t\t\t<i aria-hidden=\"true\" class=\"icon icon-arrow-right\"><\/i>\t\t\t<\/span>\n\t\t\t\t\t\t\t\t\t<span class=\"elementor-button-text\">Eine Meldung machen<\/span>\n\t\t\t\t\t<\/span>\n\t\t\t\t\t<\/a>\n\t\t\t\t<\/div>\n\t\t\t\t\t\t\t\t<\/div>\n\t\t\t\t<\/div>\n\t\t\t\t<\/div>\n\t\t\t\t<\/div>\n\t\t\t\t\t<\/div>\n\t\t\t\t<\/div>\n\t\t<div class=\"elementor-element elementor-element-622b602 multi-culter e-flex e-con-boxed e-con e-parent\" data-id=\"622b602\" data-element_type=\"container\" data-settings=\"{&quot;background_background&quot;:&quot;classic&quot;}\">\n\t\t\t\t\t<div class=\"e-con-inner\">\n\t\t<div class=\"elementor-element elementor-element-7f442c7 e-con-full e-flex e-con e-child\" data-id=\"7f442c7\" data-element_type=\"container\">\n\t\t<div class=\"elementor-element elementor-element-5e91c08 e-con-full e-flex e-con e-child\" data-id=\"5e91c08\" data-element_type=\"container\">\n\t\t\t\t<div class=\"elementor-element elementor-element-716d06a elementor-widget elementor-widget-image\" data-id=\"716d06a\" data-element_type=\"widget\" data-widget_type=\"image.default\">\n\t\t\t\t<div class=\"elementor-widget-container\">\n\t\t\t\t\t\t\t\t\t\t\t\t\t\t\t<img fetchpriority=\"high\" decoding=\"async\" width=\"577\" height=\"577\" src=\"https:\/\/datawords.com\/wp-content\/uploads\/2026\/02\/team_datawords.avif\" class=\"attachment-full size-full wp-image-307313\" alt=\"\" srcset=\"https:\/\/datawords.com\/wp-content\/uploads\/2026\/02\/team_datawords.avif 577w, https:\/\/datawords.com\/wp-content\/uploads\/2026\/02\/team_datawords-300x300.avif 300w, https:\/\/datawords.com\/wp-content\/uploads\/2026\/02\/team_datawords-150x150.avif 150w\" sizes=\"(max-width: 577px) 100vw, 577px\" \/>\t\t\t\t\t\t\t\t\t\t\t\t\t\t\t<\/div>\n\t\t\t\t<\/div>\n\t\t\t\t<\/div>\n\t\t<div class=\"elementor-element elementor-element-5b2f38e e-con-full e-flex e-con e-child\" data-id=\"5b2f38e\" data-element_type=\"container\">\n\t\t\t\t<div class=\"elementor-element elementor-element-3d03002 elementor-widget elementor-widget-heading\" data-id=\"3d03002\" data-element_type=\"widget\" data-widget_type=\"heading.default\">\n\t\t\t\t<div class=\"elementor-widget-container\">\n\t\t\t\t\t<p class=\"elementor-heading-title elementor-size-default\">KOMMEN SIE <\/p>\t\t\t\t<\/div>\n\t\t\t\t<\/div>\n\t\t\t\t<div class=\"elementor-element elementor-element-79a85e3 elementor-widget elementor-widget-heading\" data-id=\"79a85e3\" data-element_type=\"widget\" data-widget_type=\"heading.default\">\n\t\t\t\t<div class=\"elementor-widget-container\">\n\t\t\t\t\t<h2 class=\"elementor-heading-title elementor-size-default\">ZU UNS<\/h2>\t\t\t\t<\/div>\n\t\t\t\t<\/div>\n\t\t\t\t<div class=\"elementor-element elementor-element-99dd5fb elementor-widget elementor-widget-heading\" data-id=\"99dd5fb\" data-element_type=\"widget\" data-widget_type=\"heading.default\">\n\t\t\t\t<div class=\"elementor-widget-container\">\n\t\t\t\t\t<h5 class=\"elementor-heading-title elementor-size-default\">Wir sind eine Gemeinschaft von Verbindern!<\/h5>\t\t\t\t<\/div>\n\t\t\t\t<\/div>\n\t\t\t\t<div class=\"elementor-element elementor-element-f2cd8a2 elementor-widget__width-initial elementor-widget elementor-widget-heading\" data-id=\"f2cd8a2\" data-element_type=\"widget\" data-widget_type=\"heading.default\">\n\t\t\t\t<div class=\"elementor-widget-container\">\n\t\t\t\t\t<p class=\"elementor-heading-title elementor-size-default\">Wir verbinden neue Technologien, wir verbinden menschliche und technologische Intelligenz und schaffen ein Umfeld, in dem Unterschiede m\u00f6glich sind und echten Mehrwert schaffen!\n<\/p>\t\t\t\t<\/div>\n\t\t\t\t<\/div>\n\t\t\t\t<\/div>\n\t\t\t\t<\/div>\n\t\t\t\t\t<\/div>\n\t\t\t\t<\/div>\n\t\t\t\t<\/div>\n\t\t","protected":false},"excerpt":{"rendered":"<p>Unsere Werte Unsere Werte Seit der Gr\u00fcndung von Datawords sind die sechs Gr\u00fcnder mit ihrer kulturellen Vielfalt davon \u00fcberzeugt, dass Multikulturalismus Werte schafft. Wir sind sogar der Meinung, dass dies f\u00fcr heutige Unternehmen das Erfolgsrezept ist. Und die Tatsache, dass Datawords seit \u00fcber 20 Jahren w\u00e4chst, ist der beste Beweis daf\u00fcr. Aus diesem Grund lassen [&hellip;]<\/p>\n","protected":false},"author":1,"featured_media":0,"parent":0,"menu_order":0,"comment_status":"closed","ping_status":"closed","template":"","meta":{"_acf_changed":false,"content-type":"","footnotes":""},"class_list":["post-82220","page","type-page","status-publish","hentry"],"acf":[],"_links":{"self":[{"href":"https:\/\/datawords.com\/de-ch\/wp-json\/wp\/v2\/pages\/82220","targetHints":{"allow":["GET"]}}],"collection":[{"href":"https:\/\/datawords.com\/de-ch\/wp-json\/wp\/v2\/pages"}],"about":[{"href":"https:\/\/datawords.com\/de-ch\/wp-json\/wp\/v2\/types\/page"}],"author":[{"embeddable":true,"href":"https:\/\/datawords.com\/de-ch\/wp-json\/wp\/v2\/users\/1"}],"replies":[{"embeddable":true,"href":"https:\/\/datawords.com\/de-ch\/wp-json\/wp\/v2\/comments?post=82220"}],"version-history":[{"count":0,"href":"https:\/\/datawords.com\/de-ch\/wp-json\/wp\/v2\/pages\/82220\/revisions"}],"wp:attachment":[{"href":"https:\/\/datawords.com\/de-ch\/wp-json\/wp\/v2\/media?parent=82220"}],"curies":[{"name":"wp","href":"https:\/\/api.w.org\/{rel}","templated":true}]}}