{"id":82215,"date":"2023-06-30T10:50:36","date_gmt":"2023-06-30T08:50:36","guid":{"rendered":"https:\/\/datawords.com\/beratung-bei-der-digitalen-transformation\/"},"modified":"2025-10-08T17:07:30","modified_gmt":"2025-10-08T15:07:30","slug":"beratung-bei-der-digitalen-transformation","status":"publish","type":"page","link":"https:\/\/datawords.com\/de-ch\/beratung-bei-der-digitalen-transformation\/","title":{"rendered":"Beratung bei der digitalen Transformation"},"content":{"rendered":"\t\t<div data-elementor-type=\"wp-page\" data-elementor-id=\"82215\" class=\"elementor elementor-82215 elementor-6527\" data-elementor-post-type=\"page\">\n\t\t\t\t<div class=\"elementor-element elementor-element-b2d8f0e e-flex e-con-boxed e-con e-parent\" data-id=\"b2d8f0e\" data-element_type=\"container\" data-settings=\"{&quot;background_background&quot;:&quot;classic&quot;}\">\n\t\t\t\t\t<div class=\"e-con-inner\">\n\t\t<div class=\"elementor-element elementor-element-9da9a41 e-con-full e-flex e-con e-child\" data-id=\"9da9a41\" data-element_type=\"container\">\n\t\t\t\t<div class=\"elementor-element elementor-element-041b785 textchange elementor-widget__width-initial elementor-hidden-desktop elementor-hidden-tablet elementor-widget elementor-widget-text-editor\" data-id=\"041b785\" data-element_type=\"widget\" data-widget_type=\"text-editor.default\">\n\t\t\t\t<div class=\"elementor-widget-container\">\n\t\t\t\t\t\t\t\t\t<strong>Die Kraft der<br> <\/strong> Multikulturalit\u00e4t nutzen!\t\t\t\t\t\t\t\t<\/div>\n\t\t\t\t<\/div>\n\t\t\t\t<div class=\"elementor-element elementor-element-6b3e71e textchange elementor-widget__width-initial elementor-hidden-mobile elementor-widget elementor-widget-text-editor\" data-id=\"6b3e71e\" data-element_type=\"widget\" data-widget_type=\"text-editor.default\">\n\t\t\t\t<div class=\"elementor-widget-container\">\n\t\t\t\t\t\t\t\t\t<strong>Die Kraft der<br> <\/strong> Multikulturalit\u00e4t nutzen!\t\t\t\t\t\t\t\t<\/div>\n\t\t\t\t<\/div>\n\t\t\t\t<\/div>\n\t\t\t\t\t<\/div>\n\t\t\t\t<\/div>\n\t\t<div class=\"elementor-element elementor-element-e58ccb6 e-flex e-con-boxed e-con e-parent\" data-id=\"e58ccb6\" data-element_type=\"container\" data-settings=\"{&quot;background_background&quot;:&quot;gradient&quot;}\">\n\t\t\t\t\t<div class=\"e-con-inner\">\n\t\t<div class=\"elementor-element elementor-element-e1808c7 e-con-full e-flex e-con e-child\" data-id=\"e1808c7\" data-element_type=\"container\">\n\t\t<div class=\"elementor-element elementor-element-4dd4249 e-con-full e-flex e-con e-child\" data-id=\"4dd4249\" data-element_type=\"container\">\n\t\t\t\t<div class=\"elementor-element elementor-element-a624e21 elementor-widget elementor-widget-heading\" data-id=\"a624e21\" data-element_type=\"widget\" data-widget_type=\"heading.default\">\n\t\t\t\t<div class=\"elementor-widget-container\">\n\t\t\t\t\t<p class=\"elementor-heading-title elementor-size-default\">Kontinuierlich Inhalte auf globaler Ebene produzieren und an die jeweilige Kultur anpassen, eine effiziente Organisationsstruktur f\u00fcr die Verwaltung der Inhalte finden, digitale \u00d6kosysteme f\u00fcr mehr Leistung automatisieren: Dies sind die Herausforderungen, denen sich internationale Marken stellen m\u00fcssen, um im Rennen um Wachstum mithalten zu k\u00f6nnen.<\/p>\t\t\t\t<\/div>\n\t\t\t\t<\/div>\n\t\t\t\t<div class=\"elementor-element elementor-element-0b2507c elementor-widget elementor-widget-heading\" data-id=\"0b2507c\" data-element_type=\"widget\" data-widget_type=\"heading.default\">\n\t\t\t\t<div class=\"elementor-widget-container\">\n\t\t\t\t\t<p class=\"elementor-heading-title elementor-size-default\">Bei Datawords arbeiten unsere Beratungsteams, die Experten f\u00fcr multikulturelle digitale Transformation sind, eng mit Ihnen zusammen, um ma\u00dfgeschneiderte L\u00f6sungen f\u00fcr Ihre globalen und lokalen digitalen Herausforderungen zu entwickeln. Wir helfen Ihnen dabei, die St\u00e4rke der Multikulturalit\u00e4t zu nutzen, sei es in Bezug auf Organisation, Prozesse, Automatisierung oder Konnektivit\u00e4t.\n<\/p>\t\t\t\t<\/div>\n\t\t\t\t<\/div>\n\t\t\t\t<\/div>\n\t\t\t\t<\/div>\n\t\t\t\t\t<\/div>\n\t\t\t\t<\/div>\n\t\t<div class=\"elementor-element elementor-element-1ff1f15 e-flex e-con-boxed e-con e-parent\" data-id=\"1ff1f15\" data-element_type=\"container\" data-settings=\"{&quot;background_background&quot;:&quot;classic&quot;}\">\n\t\t\t\t\t<div class=\"e-con-inner\">\n\t\t<div class=\"elementor-element elementor-element-0ff5155 e-flex e-con-boxed e-con e-child\" data-id=\"0ff5155\" data-element_type=\"container\">\n\t\t\t\t\t<div class=\"e-con-inner\">\n\t\t\t\t<div class=\"elementor-element elementor-element-29aad47 elementor-widget elementor-widget-heading\" data-id=\"29aad47\" data-element_type=\"widget\" data-widget_type=\"heading.default\">\n\t\t\t\t<div class=\"elementor-widget-container\">\n\t\t\t\t\t<h2 class=\"elementor-heading-title elementor-size-default\">Unser<\/h2>\t\t\t\t<\/div>\n\t\t\t\t<\/div>\n\t\t\t\t<div class=\"elementor-element elementor-element-adb510b elementor-widget elementor-widget-heading\" data-id=\"adb510b\" data-element_type=\"widget\" data-widget_type=\"heading.default\">\n\t\t\t\t<div class=\"elementor-widget-container\">\n\t\t\t\t\t<h2 class=\"elementor-heading-title elementor-size-default\">SAVOIR-FAIRE<\/h2>\t\t\t\t<\/div>\n\t\t\t\t<\/div>\n\t\t\t\t\t<\/div>\n\t\t\t\t<\/div>\n\t\t<div class=\"elementor-element elementor-element-ff1ec96 notre-kredo e-flex e-con-boxed e-con e-child\" data-id=\"ff1ec96\" data-element_type=\"container\">\n\t\t\t\t\t<div class=\"e-con-inner\">\n\t\t<div class=\"elementor-element elementor-element-dc7d571 e-con-full shape-content-right e-flex e-con e-child\" data-id=\"dc7d571\" data-element_type=\"container\">\n\t\t\t\t<div class=\"elementor-element elementor-element-8e365f5 employees-matter elementor-widget elementor-widget-image-box\" data-id=\"8e365f5\" data-element_type=\"widget\" data-widget_type=\"image-box.default\">\n\t\t\t\t<div class=\"elementor-widget-container\">\n\t\t\t\t\t<div class=\"elementor-image-box-wrapper\"><div class=\"elementor-image-box-content\"><h3 class=\"elementor-image-box-title\">Organisation und Gesch\u00e4ftprozesse<\/h3><p class=\"elementor-image-box-description\">Wir arbeiten mit Ihnen zusammen, um eine kundenspezifische Organisation zu entwickeln und Sie bei der Verwaltung aller damit verbundenen Gesch\u00e4ftsprozesse (Management, Betrieb, Support, Leistungsindikatoren) zu unterst\u00fctzen, damit Sie in Rekordzeit relevante Inhalte \u00fcberall, zu jeder Zeit und \u00fcber jeden Kontaktpunkt verbreiten k\u00f6nnen, unabh\u00e4ngig vom kulturellen Kontext.<\/p><\/div><\/div>\t\t\t\t<\/div>\n\t\t\t\t<\/div>\n\t\t\t\t<\/div>\n\t\t<div class=\"elementor-element elementor-element-a3228de e-con-full shape-content-right e-flex e-con e-child\" data-id=\"a3228de\" data-element_type=\"container\">\n\t\t\t\t<div class=\"elementor-element elementor-element-a17e6f1 employees-matter elementor-widget elementor-widget-image-box\" data-id=\"a17e6f1\" data-element_type=\"widget\" data-widget_type=\"image-box.default\">\n\t\t\t\t<div class=\"elementor-widget-container\">\n\t\t\t\t\t<div class=\"elementor-image-box-wrapper\"><div class=\"elementor-image-box-content\"><h3 class=\"elementor-image-box-title\">Semantische Markenintelligenz<\/h3><p class=\"elementor-image-box-description\">Wir helfen Marken dabei, ihre eigene passgenaue semantische Intelligenz zu schaffen: ein echtes Translation Memory, das f\u00fcr jeden Inhalt den unverwechselbaren Tonfall und das passende Vokabular enth\u00e4lt. So k\u00f6nnen Sie die Anpassung Ihrer Inhalte an lokale kulturelle Gegebenheiten beschleunigen und gleichzeitig Ihre Markenidentit\u00e4t bewahren.<\/p><\/div><\/div>\t\t\t\t<\/div>\n\t\t\t\t<\/div>\n\t\t\t\t<\/div>\n\t\t<div class=\"elementor-element elementor-element-582f16b e-con-full shape-content-right e-flex e-con e-child\" data-id=\"582f16b\" data-element_type=\"container\">\n\t\t\t\t<div class=\"elementor-element elementor-element-6958fd2 employees-matter elementor-widget elementor-widget-image-box\" data-id=\"6958fd2\" data-element_type=\"widget\" data-widget_type=\"image-box.default\">\n\t\t\t\t<div class=\"elementor-widget-container\">\n\t\t\t\t\t<div class=\"elementor-image-box-wrapper\"><div class=\"elementor-image-box-content\"><h3 class=\"elementor-image-box-title\">Konnektivit\u00e4t<\/h3><p class=\"elementor-image-box-description\">Wir ermitteln die Technologien, die mit Ihrem \u00d6kosystem verbunden werden m\u00fcssen, damit Ihre Organisation eine gro\u00dfe Menge an Produktinformationen, semantischen und visuellen Ressourcen effizient verwalten kann, um die Time-to-Market f\u00fcr Ihre digitalen Inhalte zu beschleunigen.<\/p><\/div><\/div>\t\t\t\t<\/div>\n\t\t\t\t<\/div>\n\t\t\t\t<\/div>\n\t\t<div class=\"elementor-element elementor-element-6f9f2cb e-con-full shape-content-right e-flex e-con e-child\" data-id=\"6f9f2cb\" data-element_type=\"container\">\n\t\t\t\t<div class=\"elementor-element elementor-element-db7369b employees-matter elementor-widget elementor-widget-image-box\" data-id=\"db7369b\" data-element_type=\"widget\" data-widget_type=\"image-box.default\">\n\t\t\t\t<div class=\"elementor-widget-container\">\n\t\t\t\t\t<div class=\"elementor-image-box-wrapper\"><div class=\"elementor-image-box-content\"><h3 class=\"elementor-image-box-title\">Automatisierung<\/h3><p class=\"elementor-image-box-description\">Wir arbeiten mit den gr\u00f6\u00dften internationalen Marken zusammen, um ihre kreativen und gesch\u00e4ftlichen Prozesse mithilfe moderner technologischer Tools, die auf k\u00fcnstlicher und menschlicher Intelligenz basieren, zu automatisieren. Dies schafft eine bessere Markenkonsistenz und eine optimierte Geschwindigkeit bei der Ausf\u00fchrung, ohne die Qualit\u00e4t zu beeintr\u00e4chtigen.<\/p><\/div><\/div>\t\t\t\t<\/div>\n\t\t\t\t<\/div>\n\t\t\t\t<\/div>\n\t\t\t\t\t<\/div>\n\t\t\t\t<\/div>\n\t\t\t\t\t<\/div>\n\t\t\t\t<\/div>\n\t\t\t\t<\/div>\n\t\t","protected":false},"excerpt":{"rendered":"<p>Die Kraft der Multikulturalit\u00e4t nutzen!Die Kraft der Multikulturalit\u00e4t nutzen! Kontinuierlich Inhalte auf globaler Ebene produzieren und an die jeweilige Kultur anpassen, eine effiziente Organisationsstruktur f\u00fcr die Verwaltung der Inhalte finden, digitale \u00d6kosysteme f\u00fcr mehr Leistung automatisieren: Dies sind die Herausforderungen, denen sich internationale Marken stellen m\u00fcssen, um im Rennen um Wachstum mithalten zu k\u00f6nnen. Bei [&hellip;]<\/p>\n","protected":false},"author":42,"featured_media":82217,"parent":0,"menu_order":0,"comment_status":"closed","ping_status":"closed","template":"","meta":{"_acf_changed":false,"content-type":"","footnotes":""},"class_list":["post-82215","page","type-page","status-publish","has-post-thumbnail","hentry"],"acf":[],"_links":{"self":[{"href":"https:\/\/datawords.com\/de-ch\/wp-json\/wp\/v2\/pages\/82215","targetHints":{"allow":["GET"]}}],"collection":[{"href":"https:\/\/datawords.com\/de-ch\/wp-json\/wp\/v2\/pages"}],"about":[{"href":"https:\/\/datawords.com\/de-ch\/wp-json\/wp\/v2\/types\/page"}],"author":[{"embeddable":true,"href":"https:\/\/datawords.com\/de-ch\/wp-json\/wp\/v2\/users\/42"}],"replies":[{"embeddable":true,"href":"https:\/\/datawords.com\/de-ch\/wp-json\/wp\/v2\/comments?post=82215"}],"version-history":[{"count":0,"href":"https:\/\/datawords.com\/de-ch\/wp-json\/wp\/v2\/pages\/82215\/revisions"}],"wp:featuredmedia":[{"embeddable":true,"href":"https:\/\/datawords.com\/de-ch\/wp-json\/wp\/v2\/media\/82217"}],"wp:attachment":[{"href":"https:\/\/datawords.com\/de-ch\/wp-json\/wp\/v2\/media?parent=82215"}],"curies":[{"name":"wp","href":"https:\/\/api.w.org\/{rel}","templated":true}]}}