{"id":283061,"date":"2025-07-09T09:03:35","date_gmt":"2025-07-09T07:03:35","guid":{"rendered":"https:\/\/datawords.com\/kultur-und-ki\/"},"modified":"2025-07-09T09:03:35","modified_gmt":"2025-07-09T07:03:35","slug":"kultur-und-ki","status":"publish","type":"page","link":"https:\/\/datawords.com\/de-ch\/kultur-und-ki\/","title":{"rendered":"Kultur und KI"},"content":{"rendered":"\t\t<div data-elementor-type=\"wp-page\" data-elementor-id=\"283061\" class=\"elementor elementor-283061 elementor-179482\" data-elementor-post-type=\"page\">\n\t\t\t\t<div class=\"elementor-element elementor-element-10b03ce e-flex e-con-boxed e-con e-parent\" data-id=\"10b03ce\" data-element_type=\"container\" data-settings=\"{&quot;background_background&quot;:&quot;classic&quot;}\">\n\t\t\t\t\t<div class=\"e-con-inner\">\n\t\t<div class=\"elementor-element elementor-element-d8108be e-con-full e-flex e-con e-child\" data-id=\"d8108be\" data-element_type=\"container\">\n\t\t\t\t<div class=\"elementor-element elementor-element-58fd393 textchange elementor-widget elementor-widget-text-editor\" data-id=\"58fd393\" data-element_type=\"widget\" data-widget_type=\"text-editor.default\">\n\t\t\t\t<div class=\"elementor-widget-container\">\n\t\t\t\t\t\t\t\t\t<h1><strong>Inhalte schneller und in gro\u00dfem<\/strong> Ma\u00dfstab erstellen<\/h1>\n\t\t\t\t\t\t\t\t<\/div>\n\t\t\t\t<\/div>\n\t\t\t\t<\/div>\n\t\t\t\t\t<\/div>\n\t\t\t\t<\/div>\n\t\t<div class=\"elementor-element elementor-element-fa219da e-flex e-con-boxed e-con e-parent\" data-id=\"fa219da\" data-element_type=\"container\" data-settings=\"{&quot;background_background&quot;:&quot;classic&quot;}\">\n\t\t\t\t\t<div class=\"e-con-inner\">\n\t\t<div class=\"elementor-element elementor-element-348586eb e-con-full e-flex e-con e-child\" data-id=\"348586eb\" data-element_type=\"container\">\n\t\t<div class=\"elementor-element elementor-element-4c7f3c7a e-con-full e-flex e-con e-child\" data-id=\"4c7f3c7a\" data-element_type=\"container\">\n\t\t\t\t<div class=\"elementor-element elementor-element-20b58a40 elementor-widget__width-initial elementor-widget elementor-widget-heading\" data-id=\"20b58a40\" data-element_type=\"widget\" data-widget_type=\"heading.default\">\n\t\t\t\t<div class=\"elementor-widget-container\">\n\t\t\t\t\t<p class=\"elementor-heading-title elementor-size-default\">Bei Datawords kombinieren wir die Schnelligkeit von KI mit dem Feingef\u00fchl emotionaler Intelligenz, um internationalen Marken dabei zu helfen, Inhalte zu erstellen, zu implementieren und zu managen, die Menschen auf der ganzen Welt vernetzen.<\/p>\t\t\t\t<\/div>\n\t\t\t\t<\/div>\n\t\t\t\t<div class=\"elementor-element elementor-element-82cd5a6 elementor-widget__width-initial elementor-widget elementor-widget-heading\" data-id=\"82cd5a6\" data-element_type=\"widget\" data-widget_type=\"heading.default\">\n\t\t\t\t<div class=\"elementor-widget-container\">\n\t\t\t\t\t<h4 class=\"elementor-heading-title elementor-size-default\">Warum tun sich internationale Marken so schwer mit internationalem Content?<\/h4>\t\t\t\t<\/div>\n\t\t\t\t<\/div>\n\t\t\t\t<div class=\"elementor-element elementor-element-39795f5 elementor-widget__width-initial elementor-widget elementor-widget-heading\" data-id=\"39795f5\" data-element_type=\"widget\" data-widget_type=\"heading.default\">\n\t\t\t\t<div class=\"elementor-widget-container\">\n\t\t\t\t\t<p class=\"elementor-heading-title elementor-size-default\">Ihre Teams stehen unter enormen Druck, immer mehr Content zu produzieren: schneller, g\u00fcnstiger und auf immer mehr Plattformen. Fesselnde und \u00fcberzeugende Inhalte f\u00fchren zu Kundenbindung, Konversion und weltweitem Wachstum. Genau hier kommen wir ins Spiel.<\/p>\t\t\t\t<\/div>\n\t\t\t\t<\/div>\n\t\t\t\t<div class=\"elementor-element elementor-element-20ae45d elementor-widget__width-initial elementor-widget elementor-widget-heading\" data-id=\"20ae45d\" data-element_type=\"widget\" data-widget_type=\"heading.default\">\n\t\t\t\t<div class=\"elementor-widget-container\">\n\t\t\t\t\t<p class=\"elementor-heading-title elementor-size-default\">Mit Datawords k\u00f6nnen Sie Content erstellen und anpassen, der die richtige Sprache spricht und die richtigen Emotionen vermittelt, wo auch immer sich Ihre Kunden befinden.<\/p>\t\t\t\t<\/div>\n\t\t\t\t<\/div>\n\t\t\t\t<div class=\"elementor-element elementor-element-f0de0d5 elementor-widget__width-initial elementor-widget elementor-widget-heading\" data-id=\"f0de0d5\" data-element_type=\"widget\" data-widget_type=\"heading.default\">\n\t\t\t\t<div class=\"elementor-widget-container\">\n\t\t\t\t\t<h4 class=\"elementor-heading-title elementor-size-default\">KI + emotionale Intelligenz: Ma\u00dfgeschneidertes Modell f\u00fcr bessere Performance<\/h4>\t\t\t\t<\/div>\n\t\t\t\t<\/div>\n\t\t\t\t<div class=\"elementor-element elementor-element-9147aec elementor-widget__width-initial elementor-widget elementor-widget-heading\" data-id=\"9147aec\" data-element_type=\"widget\" data-widget_type=\"heading.default\">\n\t\t\t\t<div class=\"elementor-widget-container\">\n\t\t\t\t\t<p class=\"elementor-heading-title elementor-size-default\">Bei Datawords generieren wir nicht nur Inhalte. Mit mehr als 25\u00a0Jahren Erfahrung in der Zusammenarbeit mit den gr\u00f6\u00dften internationalen Marken liegt unsere besondere St\u00e4rke darin, dass wir die richtigen Personen, die richtigen Technologien und die richtigen Prozesse zusammenbringen, um Inhalte zu erstellen, anzupassen und bereitzustellen, die \u00fcberall auf der Welt erfolgreich sind.<\/p>\t\t\t\t<\/div>\n\t\t\t\t<\/div>\n\t\t\t\t<\/div>\n\t\t\t\t<\/div>\n\t\t\t\t\t<\/div>\n\t\t\t\t<\/div>\n\t\t<div class=\"elementor-element elementor-element-330f142 shape-about e-flex e-con-boxed e-con e-parent\" data-id=\"330f142\" data-element_type=\"container\" data-settings=\"{&quot;background_background&quot;:&quot;classic&quot;}\">\n\t\t\t\t\t<div class=\"e-con-inner\">\n\t\t<div class=\"elementor-element elementor-element-e65f2e8 e-con-full e-flex e-con e-child\" data-id=\"e65f2e8\" data-element_type=\"container\">\n\t\t\t\t<div class=\"elementor-element elementor-element-6c251d5 elementor-widget elementor-widget-heading\" data-id=\"6c251d5\" data-element_type=\"widget\" data-widget_type=\"heading.default\">\n\t\t\t\t<div class=\"elementor-widget-container\">\n\t\t\t\t\t<h2 class=\"elementor-heading-title elementor-size-default\">Unser\n<\/h2>\t\t\t\t<\/div>\n\t\t\t\t<\/div>\n\t\t\t\t<div class=\"elementor-element elementor-element-6d48d7c elementor-widget elementor-widget-heading\" data-id=\"6d48d7c\" data-element_type=\"widget\" data-widget_type=\"heading.default\">\n\t\t\t\t<div class=\"elementor-widget-container\">\n\t\t\t\t\t<h2 class=\"elementor-heading-title elementor-size-default\">Ansatz<\/h2>\t\t\t\t<\/div>\n\t\t\t\t<\/div>\n\t\t\t\t<\/div>\n\t\t<div class=\"elementor-element elementor-element-bea44dc e-con-full notre-approche e-flex e-con e-child\" data-id=\"bea44dc\" data-element_type=\"container\">\n\t\t<div class=\"elementor-element elementor-element-f1a26f6 e-con-full shape-content-right e-flex e-con e-child\" data-id=\"f1a26f6\" data-element_type=\"container\">\n\t\t\t\t<div class=\"elementor-element elementor-element-8a95eab elementor-widget elementor-widget-image-box\" data-id=\"8a95eab\" data-element_type=\"widget\" data-widget_type=\"image-box.default\">\n\t\t\t\t<div class=\"elementor-widget-container\">\n\t\t\t\t\t<div class=\"elementor-image-box-wrapper\"><div class=\"elementor-image-box-content\"><h3 class=\"elementor-image-box-title\">THINK<\/h3><p class=\"elementor-image-box-description\">Zun\u00e4chst analysieren wir Ihre Content-Umgebung, Ihre Kan\u00e4le, Ihre Zielgruppen und Ihren Tech-Stack, um ein ma\u00dfgeschneidertes Lokalisierungsmodell zu entwickeln, das auf effiziente Weise optimiert ist.<\/p><\/div><\/div>\t\t\t\t<\/div>\n\t\t\t\t<\/div>\n\t\t\t\t<\/div>\n\t\t<div class=\"elementor-element elementor-element-df8a991 e-con-full shape-content-right e-flex e-con e-child\" data-id=\"df8a991\" data-element_type=\"container\" data-settings=\"{&quot;background_background&quot;:&quot;classic&quot;}\">\n\t\t\t\t<div class=\"elementor-element elementor-element-069b5cb elementor-widget elementor-widget-image-box\" data-id=\"069b5cb\" data-element_type=\"widget\" data-widget_type=\"image-box.default\">\n\t\t\t\t<div class=\"elementor-widget-container\">\n\t\t\t\t\t<div class=\"elementor-image-box-wrapper\"><div class=\"elementor-image-box-content\"><h3 class=\"elementor-image-box-title\">SHAPE<\/h3><p class=\"elementor-image-box-description\">Wir kombinieren modernste Technologien (LLMs, API, Integrationen) mit unserem Netzwerk an muttersprachlichen kulturellen Experten, um eine intelligente, skalierbare und lokal relevante L\u00f6sung zu entwickeln.<\/p><\/div><\/div>\t\t\t\t<\/div>\n\t\t\t\t<\/div>\n\t\t\t\t<\/div>\n\t\t<div class=\"elementor-element elementor-element-580da3d e-con-full shape-content-right e-flex e-con e-child\" data-id=\"580da3d\" data-element_type=\"container\" data-settings=\"{&quot;background_background&quot;:&quot;classic&quot;}\">\n\t\t\t\t<div class=\"elementor-element elementor-element-9022644 elementor-widget elementor-widget-image-box\" data-id=\"9022644\" data-element_type=\"widget\" data-widget_type=\"image-box.default\">\n\t\t\t\t<div class=\"elementor-widget-container\">\n\t\t\t\t\t<div class=\"elementor-image-box-wrapper\"><div class=\"elementor-image-box-content\"><h3 class=\"elementor-image-box-title\">DELIVER<\/h3><p class=\"elementor-image-box-description\">Wir \u00fcberwachen die Abl\u00e4ufe tagt\u00e4glich und optimieren fortlaufend die Performance: Erstellung, Anpassung und Management von bis zu 10.000\u00a0Assets pro Woche auf allen M\u00e4rkten.<\/p><\/div><\/div>\t\t\t\t<\/div>\n\t\t\t\t<\/div>\n\t\t\t\t<\/div>\n\t\t\t\t<\/div>\n\t\t\t\t<div class=\"elementor-element elementor-element-ea93d6e elementor-align-right btnall elementor-mobile-align-center elementor-widget elementor-widget-button\" data-id=\"ea93d6e\" data-element_type=\"widget\" data-widget_type=\"button.default\">\n\t\t\t\t<div class=\"elementor-widget-container\">\n\t\t\t\t\t\t\t\t\t<div class=\"elementor-button-wrapper\">\n\t\t\t\t\t<a class=\"elementor-button elementor-button-link elementor-size-sm\" href=\"https:\/\/datawords.com\/de\/methodologie\/\">\n\t\t\t\t\t\t<span class=\"elementor-button-content-wrapper\">\n\t\t\t\t\t\t<span class=\"elementor-button-icon\">\n\t\t\t\t<i aria-hidden=\"true\" class=\"icon icon-arrow-right\"><\/i>\t\t\t<\/span>\n\t\t\t\t\t\t\t\t\t<span class=\"elementor-button-text\">Unsere Methodik<\/span>\n\t\t\t\t\t<\/span>\n\t\t\t\t\t<\/a>\n\t\t\t\t<\/div>\n\t\t\t\t\t\t\t\t<\/div>\n\t\t\t\t<\/div>\n\t\t\t\t\t<\/div>\n\t\t\t\t<\/div>\n\t\t<div class=\"elementor-element elementor-element-b70fbf6 pourquoi-datawords e-flex e-con-boxed e-con e-parent\" data-id=\"b70fbf6\" data-element_type=\"container\" data-settings=\"{&quot;background_background&quot;:&quot;classic&quot;}\">\n\t\t\t\t\t<div class=\"e-con-inner\">\n\t\t<div class=\"elementor-element elementor-element-234fa44e e-con-full e-flex e-con e-child\" data-id=\"234fa44e\" data-element_type=\"container\">\n\t\t\t\t<div class=\"elementor-element elementor-element-33857b5 elementor-widget elementor-widget-heading\" data-id=\"33857b5\" data-element_type=\"widget\" data-widget_type=\"heading.default\">\n\t\t\t\t<div class=\"elementor-widget-container\">\n\t\t\t\t\t<h2 class=\"elementor-heading-title elementor-size-default\">Warum<\/h2>\t\t\t\t<\/div>\n\t\t\t\t<\/div>\n\t\t\t\t<div class=\"elementor-element elementor-element-2ec5df9 elementor-widget elementor-widget-heading\" data-id=\"2ec5df9\" data-element_type=\"widget\" data-widget_type=\"heading.default\">\n\t\t\t\t<div class=\"elementor-widget-container\">\n\t\t\t\t\t<h2 class=\"elementor-heading-title elementor-size-default\">datawords ?<\/h2>\t\t\t\t<\/div>\n\t\t\t\t<\/div>\n\t\t\t\t<\/div>\n\t\t<div class=\"elementor-element elementor-element-e8c6510 e-con-full bxgra-main e-flex e-con e-child\" data-id=\"e8c6510\" data-element_type=\"container\" data-settings=\"{&quot;background_background&quot;:&quot;classic&quot;}\">\n\t\t<div class=\"elementor-element elementor-element-bbcfc0c e-flex e-con-boxed e-con e-child\" data-id=\"bbcfc0c\" data-element_type=\"container\">\n\t\t\t\t\t<div class=\"e-con-inner\">\n\t\t<div class=\"elementor-element elementor-element-86e87db e-con-full pourquoi-datawords-blog e-flex e-con e-child\" data-id=\"86e87db\" data-element_type=\"container\">\n\t\t\t\t<div class=\"elementor-element elementor-element-6fa0a19 elementor-widget__width-inherit elementor-widget elementor-widget-heading\" data-id=\"6fa0a19\" data-element_type=\"widget\" data-widget_type=\"heading.default\">\n\t\t\t\t<div class=\"elementor-widget-container\">\n\t\t\t\t\t<h2 class=\"elementor-heading-title elementor-size-default\">+10 000<\/h2>\t\t\t\t<\/div>\n\t\t\t\t<\/div>\n\t\t\t\t<\/div>\n\t\t\t\t<div class=\"elementor-element elementor-element-51b5f7b elementor-widget__width-initial pourquoi-datawords-blog elementor-widget elementor-widget-heading\" data-id=\"51b5f7b\" data-element_type=\"widget\" data-widget_type=\"heading.default\">\n\t\t\t\t<div class=\"elementor-widget-container\">\n\t\t\t\t\t<h2 class=\"elementor-heading-title elementor-size-default\">Assets werden jede Woche erstellt <br>und verwaltet<\/h2>\t\t\t\t<\/div>\n\t\t\t\t<\/div>\n\t\t\t\t\t<\/div>\n\t\t\t\t<\/div>\n\t\t\t\t<\/div>\n\t\t<div class=\"elementor-element elementor-element-3811a91 e-con-full e-flex e-con e-child\" data-id=\"3811a91\" data-element_type=\"container\" data-settings=\"{&quot;background_background&quot;:&quot;classic&quot;}\">\n\t\t<div class=\"elementor-element elementor-element-032942f e-con-full e-flex e-con e-child\" data-id=\"032942f\" data-element_type=\"container\" data-settings=\"{&quot;background_background&quot;:&quot;classic&quot;}\">\n\t\t<div class=\"elementor-element elementor-element-84a8d57 e-con-full bxgra1 e-flex e-con e-child\" data-id=\"84a8d57\" data-element_type=\"container\">\n\t\t\t\t<div class=\"elementor-element elementor-element-56873fa elementor-widget elementor-widget-heading\" data-id=\"56873fa\" data-element_type=\"widget\" data-widget_type=\"heading.default\">\n\t\t\t\t<div class=\"elementor-widget-container\">\n\t\t\t\t\t<h2 class=\"elementor-heading-title elementor-size-default\">x3<\/h2>\t\t\t\t<\/div>\n\t\t\t\t<\/div>\n\t\t\t\t<div class=\"elementor-element elementor-element-4d865b3 elementor-widget elementor-widget-heading\" data-id=\"4d865b3\" data-element_type=\"widget\" data-widget_type=\"heading.default\">\n\t\t\t\t<div class=\"elementor-widget-container\">\n\t\t\t\t\t<p class=\"elementor-heading-title elementor-size-default\">schnellere Time-to-Market<\/p>\t\t\t\t<\/div>\n\t\t\t\t<\/div>\n\t\t\t\t<\/div>\n\t\t<div class=\"elementor-element elementor-element-6ed952e e-con-full bxgra3 e-flex e-con e-child\" data-id=\"6ed952e\" data-element_type=\"container\">\n\t\t\t\t<div class=\"elementor-element elementor-element-a42e090 elementor-widget elementor-widget-heading\" data-id=\"a42e090\" data-element_type=\"widget\" data-widget_type=\"heading.default\">\n\t\t\t\t<div class=\"elementor-widget-container\">\n\t\t\t\t\t<h2 class=\"elementor-heading-title elementor-size-default\">95%<\/h2>\t\t\t\t<\/div>\n\t\t\t\t<\/div>\n\t\t\t\t<div class=\"elementor-element elementor-element-bcabb8e elementor-widget elementor-widget-heading\" data-id=\"bcabb8e\" data-element_type=\"widget\" data-widget_type=\"heading.default\">\n\t\t\t\t<div class=\"elementor-widget-container\">\n\t\t\t\t\t<p class=\"elementor-heading-title elementor-size-default\">lokal genutzter Assets<\/p>\t\t\t\t<\/div>\n\t\t\t\t<\/div>\n\t\t\t\t<\/div>\n\t\t\t\t<\/div>\n\t\t<div class=\"elementor-element elementor-element-3edb7e4 e-con-full e-flex e-con e-child\" data-id=\"3edb7e4\" data-element_type=\"container\">\n\t\t<div class=\"elementor-element elementor-element-9f46c83 e-con-full bxgra2 e-flex e-con e-child\" data-id=\"9f46c83\" data-element_type=\"container\">\n\t\t\t\t<div class=\"elementor-element elementor-element-a4f9940 elementor-widget elementor-widget-heading\" data-id=\"a4f9940\" data-element_type=\"widget\" data-widget_type=\"heading.default\">\n\t\t\t\t<div class=\"elementor-widget-container\">\n\t\t\t\t\t<h2 class=\"elementor-heading-title elementor-size-default\">-30%<\/h2>\t\t\t\t<\/div>\n\t\t\t\t<\/div>\n\t\t\t\t<div class=\"elementor-element elementor-element-c3023ff elementor-widget elementor-widget-heading\" data-id=\"c3023ff\" data-element_type=\"widget\" data-widget_type=\"heading.default\">\n\t\t\t\t<div class=\"elementor-widget-container\">\n\t\t\t\t\t<p class=\"elementor-heading-title elementor-size-default\">Einsparung<\/p>\t\t\t\t<\/div>\n\t\t\t\t<\/div>\n\t\t\t\t<\/div>\n\t\t<div class=\"elementor-element elementor-element-055f5ec e-con-full bxgra4 e-flex e-con e-child\" data-id=\"055f5ec\" data-element_type=\"container\">\n\t\t\t\t<div class=\"elementor-element elementor-element-391597f elementor-widget elementor-widget-heading\" data-id=\"391597f\" data-element_type=\"widget\" data-widget_type=\"heading.default\">\n\t\t\t\t<div class=\"elementor-widget-container\">\n\t\t\t\t\t<h2 class=\"elementor-heading-title elementor-size-default\">+160<\/h2>\t\t\t\t<\/div>\n\t\t\t\t<\/div>\n\t\t\t\t<div class=\"elementor-element elementor-element-5e5072c elementor-widget elementor-widget-heading\" data-id=\"5e5072c\" data-element_type=\"widget\" data-widget_type=\"heading.default\">\n\t\t\t\t<div class=\"elementor-widget-container\">\n\t\t\t\t\t<p class=\"elementor-heading-title elementor-size-default\">abgedeckte Kulturen<\/p>\t\t\t\t<\/div>\n\t\t\t\t<\/div>\n\t\t\t\t<\/div>\n\t\t\t\t<\/div>\n\t\t\t\t<\/div>\n\t\t\t\t\t<\/div>\n\t\t\t\t<\/div>\n\t\t\t\t<\/div>\n\t\t","protected":false},"excerpt":{"rendered":"<p>Inhalte schneller und in gro\u00dfem Ma\u00dfstab erstellen Bei Datawords kombinieren wir die Schnelligkeit von KI mit dem Feingef\u00fchl emotionaler Intelligenz, um internationalen Marken dabei zu helfen, Inhalte zu erstellen, zu implementieren und zu managen, die Menschen auf der ganzen Welt vernetzen. Warum tun sich internationale Marken so schwer mit internationalem Content? Ihre Teams stehen unter [&hellip;]<\/p>\n","protected":false},"author":1,"featured_media":0,"parent":0,"menu_order":0,"comment_status":"closed","ping_status":"closed","template":"","meta":{"_acf_changed":false,"content-type":"","footnotes":""},"class_list":["post-283061","page","type-page","status-publish","hentry"],"acf":[],"_links":{"self":[{"href":"https:\/\/datawords.com\/de-ch\/wp-json\/wp\/v2\/pages\/283061","targetHints":{"allow":["GET"]}}],"collection":[{"href":"https:\/\/datawords.com\/de-ch\/wp-json\/wp\/v2\/pages"}],"about":[{"href":"https:\/\/datawords.com\/de-ch\/wp-json\/wp\/v2\/types\/page"}],"author":[{"embeddable":true,"href":"https:\/\/datawords.com\/de-ch\/wp-json\/wp\/v2\/users\/1"}],"replies":[{"embeddable":true,"href":"https:\/\/datawords.com\/de-ch\/wp-json\/wp\/v2\/comments?post=283061"}],"version-history":[{"count":0,"href":"https:\/\/datawords.com\/de-ch\/wp-json\/wp\/v2\/pages\/283061\/revisions"}],"wp:attachment":[{"href":"https:\/\/datawords.com\/de-ch\/wp-json\/wp\/v2\/media?parent=283061"}],"curies":[{"name":"wp","href":"https:\/\/api.w.org\/{rel}","templated":true}]}}