{"id":283060,"date":"2025-07-09T12:51:52","date_gmt":"2025-07-09T10:51:52","guid":{"rendered":"https:\/\/datawords.com\/kampagnenkreation\/"},"modified":"2026-03-03T14:45:56","modified_gmt":"2026-03-03T13:45:56","slug":"kampagnenkreation","status":"publish","type":"page","link":"https:\/\/datawords.com\/de-ch\/kampagnenkreation\/","title":{"rendered":"Kampagnenkreation"},"content":{"rendered":"\t\t<div data-elementor-type=\"wp-page\" data-elementor-id=\"283060\" class=\"elementor elementor-283060 elementor-184884\" data-elementor-post-type=\"page\">\n\t\t\t\t<div class=\"elementor-element elementor-element-2b1b811 e-flex e-con-boxed e-con e-parent\" data-id=\"2b1b811\" data-element_type=\"container\" data-settings=\"{&quot;background_background&quot;:&quot;classic&quot;}\">\n\t\t\t\t\t<div class=\"e-con-inner\">\n\t\t<div class=\"elementor-element elementor-element-211a8b1 e-con-full e-flex e-con e-child\" data-id=\"211a8b1\" data-element_type=\"container\">\n\t\t\t\t<div class=\"elementor-element elementor-element-596868a textchange elementor-widget__width-initial elementor-widget-mobile__width-inherit elementor-widget elementor-widget-text-editor\" data-id=\"596868a\" data-element_type=\"widget\" data-widget_type=\"text-editor.default\">\n\t\t\t\t<div class=\"elementor-widget-container\">\n\t\t\t\t\t\t\t\t\t<h1><strong>Kreation globaler<\/strong><br>\nKampagnen<\/h1>\t\t\t\t\t\t\t\t<\/div>\n\t\t\t\t<\/div>\n\t\t\t\t<\/div>\n\t\t\t\t\t<\/div>\n\t\t\t\t<\/div>\n\t\t<div class=\"elementor-element elementor-element-8ff7248 pourquoi-datawords e-flex e-con-boxed e-con e-parent\" data-id=\"8ff7248\" data-element_type=\"container\" data-settings=\"{&quot;background_background&quot;:&quot;classic&quot;}\">\n\t\t\t\t\t<div class=\"e-con-inner\">\n\t\t<div class=\"elementor-element elementor-element-ea60af2 e-con-full e-flex e-con e-child\" data-id=\"ea60af2\" data-element_type=\"container\">\n\t\t\t\t<div class=\"elementor-element elementor-element-7343839 elementor-widget-mobile__width-inherit elementor-widget elementor-widget-text-editor\" data-id=\"7343839\" data-element_type=\"widget\" data-widget_type=\"text-editor.default\">\n\t\t\t\t<div class=\"elementor-widget-container\">\n\t\t\t\t\t\t\t\t\t<p>Wirksame Kommunikationskampagnen zu entwickeln, die auch lokal relevant sind, ist eine gro\u00dfe Herausforderung, verst\u00e4rkt durch eine globalisierte Welt, die von Hyper-Personalisierung und regionalen Besonderheiten gepr\u00e4gt ist.<\/p>\t\t\t\t\t\t\t\t<\/div>\n\t\t\t\t<\/div>\n\t\t\t\t<div class=\"elementor-element elementor-element-736dfe9 textchange elementor-widget-mobile__width-inherit elementor-hidden-mobile elementor-widget elementor-widget-text-editor\" data-id=\"736dfe9\" data-element_type=\"widget\" data-widget_type=\"text-editor.default\">\n\t\t\t\t<div class=\"elementor-widget-container\">\n\t\t\t\t\t\t\t\t\t<h2><strong>UNSERE<\/strong> EXPERTISE<\/h2>\t\t\t\t\t\t\t\t<\/div>\n\t\t\t\t<\/div>\n\t\t\t\t<div class=\"elementor-element elementor-element-09182ac textchange elementor-widget-mobile__width-inherit elementor-hidden-desktop elementor-hidden-tablet elementor-widget elementor-widget-text-editor\" data-id=\"09182ac\" data-element_type=\"widget\" data-widget_type=\"text-editor.default\">\n\t\t\t\t<div class=\"elementor-widget-container\">\n\t\t\t\t\t\t\t\t\t<h2><strong>UNSERE<\/strong> EXPERTISE<\/h2>\t\t\t\t\t\t\t\t<\/div>\n\t\t\t\t<\/div>\n\t\t\t\t<div class=\"elementor-element elementor-element-d5bb76e elementor-widget-mobile__width-inherit elementor-widget elementor-widget-text-editor\" data-id=\"d5bb76e\" data-element_type=\"widget\" data-widget_type=\"text-editor.default\">\n\t\t\t\t<div class=\"elementor-widget-container\">\n\t\t\t\t\t\t\t\t\tWir entwickeln multikulturelle Kampagnen, die wirklich mit den lokalen Zielgruppen in Resonanz treten. Unser Ansatz basiert auf einem tiefen Verst\u00e4ndnis der Kulturen und der Erstellung von Inhalten, die jede Zielgruppe fesseln und einbeziehen.\n\t\t\t\t\t\t\t\t<\/div>\n\t\t\t\t<\/div>\n\t\t\t\t<\/div>\n\t\t<div class=\"elementor-element elementor-element-74e61a3 notre-expertise e-con-full e-flex e-con e-child\" data-id=\"74e61a3\" data-element_type=\"container\" data-settings=\"{&quot;background_background&quot;:&quot;classic&quot;}\">\n\t\t<div class=\"elementor-element elementor-element-2f1a5e5 e-con-full notre-kredo e-flex e-con e-child\" data-id=\"2f1a5e5\" data-element_type=\"container\" data-settings=\"{&quot;background_background&quot;:&quot;classic&quot;}\">\n\t\t<div class=\"elementor-element elementor-element-0b9a854 e-con-full shape-content-right e-flex e-con e-child\" data-id=\"0b9a854\" data-element_type=\"container\">\n\t\t\t\t<div class=\"elementor-element elementor-element-2a6ce01 elementor-widget elementor-widget-image-box\" data-id=\"2a6ce01\" data-element_type=\"widget\" data-widget_type=\"image-box.default\">\n\t\t\t\t<div class=\"elementor-widget-container\">\n\t\t\t\t\t<div class=\"elementor-image-box-wrapper\"><div class=\"elementor-image-box-content\"><h3 class=\"elementor-image-box-title\">Kommunikation mit Fokus auf lokale Kulturen<\/h3><p class=\"elementor-image-box-description\">Wir analysieren lokale Daten, um die Erwartungen jedes Marktes zu verstehen und die gesamte Kampagne (Strategie, Kreation, Inhalte) an die kulturellen Besonderheiten Ihrer Zielgruppen anzupassen.\n<\/p><\/div><\/div>\t\t\t\t<\/div>\n\t\t\t\t<\/div>\n\t\t\t\t<\/div>\n\t\t<div class=\"elementor-element elementor-element-5440c8e e-con-full shape-content-right e-flex e-con e-child\" data-id=\"5440c8e\" data-element_type=\"container\" data-settings=\"{&quot;background_background&quot;:&quot;classic&quot;}\">\n\t\t\t\t<div class=\"elementor-element elementor-element-b88a678 elementor-widget elementor-widget-image-box\" data-id=\"b88a678\" data-element_type=\"widget\" data-widget_type=\"image-box.default\">\n\t\t\t\t<div class=\"elementor-widget-container\">\n\t\t\t\t\t<div class=\"elementor-image-box-wrapper\"><div class=\"elementor-image-box-content\"><h3 class=\"elementor-image-box-title\">Ma\u00dfgeschneiderte kreative Strategie<\/h3><p class=\"elementor-image-box-description\">Wir \u00fcbersetzen Botschaften nicht nur, sondern entwickeln ein globales Konzept mit starker emotionaler Wirkung, das sich an lokale Sensibilit\u00e4ten anpassen l\u00e4sst \u2013 und setzen es dank unseres internationalen Netzwerks koh\u00e4rent um.<\/p><\/div><\/div>\t\t\t\t<\/div>\n\t\t\t\t<\/div>\n\t\t\t\t<\/div>\n\t\t<div class=\"elementor-element elementor-element-0be65e1 e-con-full shape-content-right e-flex e-con e-child\" data-id=\"0be65e1\" data-element_type=\"container\" data-settings=\"{&quot;background_background&quot;:&quot;classic&quot;}\">\n\t\t\t\t<div class=\"elementor-element elementor-element-e8ce321 elementor-widget elementor-widget-image-box\" data-id=\"e8ce321\" data-element_type=\"widget\" data-widget_type=\"image-box.default\">\n\t\t\t\t<div class=\"elementor-widget-container\">\n\t\t\t\t\t<div class=\"elementor-image-box-wrapper\"><div class=\"elementor-image-box-content\"><h3 class=\"elementor-image-box-title\">Multichannel-Content-Erstellung<\/h3><p class=\"elementor-image-box-description\">Wir entwickeln Multichannel-Kampagnen (Social Media, Websites, Printmedien, audiovisuelle Assets) in enger Zusammenarbeit mit lokalen Teams, um visuelle, audiovisuelle und textliche Inhalte zu produzieren, die kulturell relevant und \u00fcberzeugend sind.<\/p><\/div><\/div>\t\t\t\t<\/div>\n\t\t\t\t<\/div>\n\t\t\t\t<\/div>\n\t\t<div class=\"elementor-element elementor-element-c3ef213 e-con-full shape-content-right e-flex e-con e-child\" data-id=\"c3ef213\" data-element_type=\"container\" data-settings=\"{&quot;background_background&quot;:&quot;classic&quot;}\">\n\t\t\t\t<div class=\"elementor-element elementor-element-e9facac elementor-widget elementor-widget-image-box\" data-id=\"e9facac\" data-element_type=\"widget\" data-widget_type=\"image-box.default\">\n\t\t\t\t<div class=\"elementor-widget-container\">\n\t\t\t\t\t<div class=\"elementor-image-box-wrapper\"><div class=\"elementor-image-box-content\"><h3 class=\"elementor-image-box-title\">Zusammenarbeit mit lokalen Teams<\/h3><p class=\"elementor-image-box-description\">Der Erfolg einer multikulturellen Kommunikationskampagne beruht auf enger Zusammenarbeit mit den lokalen Teams (Zeitplanung, Zeitverschiebung). Wir passen Inhalte und Botschaften an, um relevante, vielf\u00e4ltige und kulturell nuancierte Kampagnen zu schaffen.\n<\/p><\/div><\/div>\t\t\t\t<\/div>\n\t\t\t\t<\/div>\n\t\t\t\t<\/div>\n\t\t<div class=\"elementor-element elementor-element-073d654 e-con-full shape-content-right e-flex e-con e-child\" data-id=\"073d654\" data-element_type=\"container\" data-settings=\"{&quot;background_background&quot;:&quot;classic&quot;}\">\n\t\t\t\t<div class=\"elementor-element elementor-element-568b044 elementor-widget elementor-widget-image-box\" data-id=\"568b044\" data-element_type=\"widget\" data-widget_type=\"image-box.default\">\n\t\t\t\t<div class=\"elementor-widget-container\">\n\t\t\t\t\t<div class=\"elementor-image-box-wrapper\"><div class=\"elementor-image-box-content\"><h3 class=\"elementor-image-box-title\">Kreative Innovation und kontinuierliche Anpassung<\/h3><p class=\"elementor-image-box-description\">Durch st\u00e4ndige Beobachtung von Trends und Innovationen passen wir unsere kreativen Strategien in Echtzeit an, integrieren kontinuierlich Feedback und justieren Inhalte, um ihre Wirkung zu maximieren \u2013 und so schnell auf Marktver\u00e4nderungen und die Erwartungen unserer Partner zu reagieren.<\/p><\/div><\/div>\t\t\t\t<\/div>\n\t\t\t\t<\/div>\n\t\t\t\t<\/div>\n\t\t\t\t<\/div>\n\t\t\t\t<\/div>\n\t\t\t\t<div class=\"elementor-element elementor-element-e0dc999 elementor-widget-mobile__width-inherit elementor-hidden-desktop elementor-hidden-tablet elementor-hidden-mobile elementor-widget elementor-widget-text-editor\" data-id=\"e0dc999\" data-element_type=\"widget\" data-widget_type=\"text-editor.default\">\n\t\t\t\t<div class=\"elementor-widget-container\">\n\t\t\t\t\t\t\t\t\tLokal relevante Kommunikationskampagnen zu entwickeln, ist eine Herausforderung in einer globalisierten Welt voller Hyper-Personalisierung und regionaler Besonderheiten.\t\t\t\t\t\t\t\t<\/div>\n\t\t\t\t<\/div>\n\t\t\t\t\t<\/div>\n\t\t\t\t<\/div>\n\t\t<div class=\"elementor-element elementor-element-749f5c5 elementor-hidden-desktop elementor-hidden-tablet elementor-hidden-mobile e-flex e-con-boxed e-con e-parent\" data-id=\"749f5c5\" data-element_type=\"container\" data-settings=\"{&quot;background_background&quot;:&quot;classic&quot;}\">\n\t\t\t\t\t<div class=\"e-con-inner\">\n\t\t<div class=\"elementor-element elementor-element-ef6588c e-con-full e-flex e-con e-child\" data-id=\"ef6588c\" data-element_type=\"container\">\n\t\t\t\t<div class=\"elementor-element elementor-element-58ccd04 textchange elementor-widget__width-initial elementor-widget-mobile__width-inherit elementor-widget elementor-widget-text-editor\" data-id=\"58ccd04\" data-element_type=\"widget\" data-widget_type=\"text-editor.default\">\n\t\t\t\t<div class=\"elementor-widget-container\">\n\t\t\t\t\t\t\t\t\t<h2><strong>Multikulturelle Kampagne\n<br>\n<\/strong>f\u00fcr Vichy<\/h2>\n\t\t\t\t\t\t\t\t<\/div>\n\t\t\t\t<\/div>\n\t\t\t\t<div class=\"elementor-element elementor-element-daa338d elementor-widget-mobile__width-inherit elementor-widget elementor-widget-text-editor\" data-id=\"daa338d\" data-element_type=\"widget\" data-widget_type=\"text-editor.default\">\n\t\t\t\t<div class=\"elementor-widget-container\">\n\t\t\t\t\t\t\t\t\tF\u00fcr den internationalen Launch ihrer Sonnenschutzlinie haben wir eine kreative Strategie entwickelt, die die Sensibilit\u00e4ten der verschiedenen M\u00e4rkte ber\u00fccksichtigt.\nWir haben visuelle und textliche Inhalte erstellt, die sorgf\u00e4ltig an die lokalen Zielgruppen angepasst wurden, und gleichzeitig eine globale Markenkoh\u00e4renz gewahrt.\t\t\t\t\t\t\t\t<\/div>\n\t\t\t\t<\/div>\n\t\t\t\t<\/div>\n\t\t<div class=\"elementor-element elementor-element-d14eaa0 e-con-full our_achievements_case e-flex e-con e-child\" data-id=\"d14eaa0\" data-element_type=\"container\" data-settings=\"{&quot;background_background&quot;:&quot;classic&quot;}\">\n\t\t<div class=\"elementor-element elementor-element-fe7009c e-con-full e-flex e-con e-child\" data-id=\"fe7009c\" data-element_type=\"container\">\n\t\t<div class=\"elementor-element elementor-element-bba844c e-con-full e-flex e-con e-child\" data-id=\"bba844c\" data-element_type=\"container\" data-settings=\"{&quot;background_background&quot;:&quot;video&quot;,&quot;background_play_on_mobile&quot;:&quot;yes&quot;}\">\n\t\t\t\t<div class=\"elementor-element elementor-element-c15dfd7 elementor-widget elementor-widget-image\" data-id=\"c15dfd7\" data-element_type=\"widget\" data-widget_type=\"image.default\">\n\t\t\t\t<div class=\"elementor-widget-container\">\n\t\t\t\t\t\t\t\t\t\t\t\t\t\t\t<img fetchpriority=\"high\" decoding=\"async\" width=\"591\" height=\"591\" src=\"https:\/\/datawords.com\/wp-content\/uploads\/2025\/07\/Frame-951-2.png\" class=\"attachment-full size-full wp-image-184916\" alt=\"\" srcset=\"https:\/\/datawords.com\/wp-content\/uploads\/2025\/07\/Frame-951-2.png 591w, https:\/\/datawords.com\/wp-content\/uploads\/2025\/07\/Frame-951-2-300x300.png 300w, https:\/\/datawords.com\/wp-content\/uploads\/2025\/07\/Frame-951-2-150x150.png 150w\" sizes=\"(max-width: 591px) 100vw, 591px\" \/>\t\t\t\t\t\t\t\t\t\t\t\t\t\t\t<\/div>\n\t\t\t\t<\/div>\n\t\t\t\t<\/div>\n\t\t\t\t<\/div>\n\t\t<div class=\"elementor-element elementor-element-a90947f cases-slider e-con-full e-flex e-con e-child\" data-id=\"a90947f\" data-element_type=\"container\">\n\t\t<div class=\"elementor-element elementor-element-2fc93c5 e-con-full e-flex e-con e-child\" data-id=\"2fc93c5\" data-element_type=\"container\">\n\t\t<div class=\"elementor-element elementor-element-26b0734 e-con-full e-flex e-con e-child\" data-id=\"26b0734\" data-element_type=\"container\" data-settings=\"{&quot;background_background&quot;:&quot;classic&quot;}\">\n\t\t\t\t<div class=\"elementor-element elementor-element-21bf425 elementor-widget elementor-widget-image\" data-id=\"21bf425\" data-element_type=\"widget\" data-widget_type=\"image.default\">\n\t\t\t\t<div class=\"elementor-widget-container\">\n\t\t\t\t\t\t\t\t\t\t\t\t\t\t\t<img decoding=\"async\" width=\"283\" height=\"284\" src=\"https:\/\/datawords.com\/wp-content\/uploads\/2024\/12\/Frame-936-3.png\" class=\"attachment-full size-full wp-image-180710\" alt=\"\" srcset=\"https:\/\/datawords.com\/wp-content\/uploads\/2024\/12\/Frame-936-3.png 283w, https:\/\/datawords.com\/wp-content\/uploads\/2024\/12\/Frame-936-3-150x150.png 150w\" sizes=\"(max-width: 283px) 100vw, 283px\" \/>\t\t\t\t\t\t\t\t\t\t\t\t\t\t\t<\/div>\n\t\t\t\t<\/div>\n\t\t\t\t<\/div>\n\t\t<div class=\"elementor-element elementor-element-80947f0 e-con-full elementor-hidden-mobile e-flex e-con e-child\" data-id=\"80947f0\" data-element_type=\"container\">\n\t\t\t\t<div class=\"elementor-element elementor-element-f3051ca elementor-widget elementor-widget-image\" data-id=\"f3051ca\" data-element_type=\"widget\" data-widget_type=\"image.default\">\n\t\t\t\t<div class=\"elementor-widget-container\">\n\t\t\t\t\t\t\t\t\t\t\t\t\t\t\t<img decoding=\"async\" width=\"282\" height=\"284\" src=\"https:\/\/datawords.com\/wp-content\/uploads\/2025\/07\/Rectangle-128-1.jpg\" class=\"attachment-full size-full wp-image-193674\" alt=\"\" srcset=\"https:\/\/datawords.com\/wp-content\/uploads\/2025\/07\/Rectangle-128-1.jpg 282w, https:\/\/datawords.com\/wp-content\/uploads\/2025\/07\/Rectangle-128-1-150x150.jpg 150w\" sizes=\"(max-width: 282px) 100vw, 282px\" \/>\t\t\t\t\t\t\t\t\t\t\t\t\t\t\t<\/div>\n\t\t\t\t<\/div>\n\t\t\t\t<\/div>\n\t\t\t\t<\/div>\n\t\t<div class=\"elementor-element elementor-element-19f912d e-con-full swiper-slider e-flex e-con e-child\" data-id=\"19f912d\" data-element_type=\"container\" data-settings=\"{&quot;background_background&quot;:&quot;classic&quot;}\">\n\t\t\t\t<div class=\"elementor-element elementor-element-c0278a8 elementor-vertical-align-top elementor-widget elementor-widget-image-box\" data-id=\"c0278a8\" data-element_type=\"widget\" data-widget_type=\"image-box.default\">\n\t\t\t\t<div class=\"elementor-widget-container\">\n\t\t\t\t\t<div class=\"elementor-image-box-wrapper\"><div class=\"elementor-image-box-content\"><h3 class=\"elementor-image-box-title\">Kundenbeispiel<\/h3><p class=\"elementor-image-box-description\">Eine kreative Strategie entwickeln, die die Sensibilit\u00e4ten der verschiedenen M\u00e4rkte ber\u00fccksichtigt<\/p><\/div><\/div>\t\t\t\t<\/div>\n\t\t\t\t<\/div>\n\t\t\t\t<div class=\"elementor-element elementor-element-df80422 elementor-align-left elementor-widget__width-inherit elementor-widget elementor-widget-button\" data-id=\"df80422\" data-element_type=\"widget\" data-widget_type=\"button.default\">\n\t\t\t\t<div class=\"elementor-widget-container\">\n\t\t\t\t\t\t\t\t\t<div class=\"elementor-button-wrapper\">\n\t\t\t\t\t<a class=\"elementor-button elementor-button-link elementor-size-sm\" href=\"https:\/\/datawords.com\/de-ch\/vichy\/\">\n\t\t\t\t\t\t<span class=\"elementor-button-content-wrapper\">\n\t\t\t\t\t\t<span class=\"elementor-button-icon\">\n\t\t\t\t<i aria-hidden=\"true\" class=\"icon icon-arrow-right\"><\/i>\t\t\t<\/span>\n\t\t\t\t\t\t\t\t\t<span class=\"elementor-button-text\">Mehr anzeigen<\/span>\n\t\t\t\t\t<\/span>\n\t\t\t\t\t<\/a>\n\t\t\t\t<\/div>\n\t\t\t\t\t\t\t\t<\/div>\n\t\t\t\t<\/div>\n\t\t\t\t<\/div>\n\t\t\t\t<\/div>\n\t\t\t\t<\/div>\n\t\t\t\t<div class=\"elementor-element elementor-element-cf29302 elementor-align-right btnall elementor-mobile-align-center elementor-widget elementor-widget-button\" data-id=\"cf29302\" data-element_type=\"widget\" data-widget_type=\"button.default\">\n\t\t\t\t<div class=\"elementor-widget-container\">\n\t\t\t\t\t\t\t\t\t<div class=\"elementor-button-wrapper\">\n\t\t\t\t\t<a class=\"elementor-button elementor-button-link elementor-size-sm\" href=\"https:\/\/datawords.com\/de-ch\/unsere-neuigkeiten\/#cas\">\n\t\t\t\t\t\t<span class=\"elementor-button-content-wrapper\">\n\t\t\t\t\t\t<span class=\"elementor-button-icon\">\n\t\t\t\t<i aria-hidden=\"true\" class=\"icon icon-arrow-right\"><\/i>\t\t\t<\/span>\n\t\t\t\t\t\t\t\t\t<span class=\"elementor-button-text\">Alle anzeigen<\/span>\n\t\t\t\t\t<\/span>\n\t\t\t\t\t<\/a>\n\t\t\t\t<\/div>\n\t\t\t\t\t\t\t\t<\/div>\n\t\t\t\t<\/div>\n\t\t\t\t\t<\/div>\n\t\t\t\t<\/div>\n\t\t<div class=\"elementor-element elementor-element-4af0788 e-flex e-con-boxed e-con e-parent\" data-id=\"4af0788\" data-element_type=\"container\" data-settings=\"{&quot;background_background&quot;:&quot;classic&quot;}\">\n\t\t\t\t\t<div class=\"e-con-inner\">\n\t\t<div class=\"elementor-element elementor-element-d331a55 e-con-full e-flex e-con e-child\" data-id=\"d331a55\" data-element_type=\"container\">\n\t\t\t\t<div class=\"elementor-element elementor-element-1e05d70 textchange elementor-widget__width-initial elementor-widget-mobile__width-inherit elementor-widget elementor-widget-text-editor\" data-id=\"1e05d70\" data-element_type=\"widget\" data-widget_type=\"text-editor.default\">\n\t\t\t\t<div class=\"elementor-widget-container\">\n\t\t\t\t\t\t\t\t\t<h2><strong>Wechseln Sie zur globalen<\/strong>\nKommunikation<\/h2>\n\t\t\t\t\t\t\t\t<\/div>\n\t\t\t\t<\/div>\n\t\t\t\t<\/div>\n\t\t<div class=\"elementor-element elementor-element-91a0ebd e-con-full e-flex e-con e-child\" data-id=\"91a0ebd\" data-element_type=\"container\" data-settings=\"{&quot;background_background&quot;:&quot;video&quot;}\">\n\t\t\t\t<div class=\"elementor-element elementor-element-e30410a elementor-vertical-align-top elementor-widget elementor-widget-image-box\" data-id=\"e30410a\" data-element_type=\"widget\" data-widget_type=\"image-box.default\">\n\t\t\t\t<div class=\"elementor-widget-container\">\n\t\t\t\t\t<div class=\"elementor-image-box-wrapper\"><div class=\"elementor-image-box-content\"><h3 class=\"elementor-image-box-title\">Wirkungsvolle multikulturelle Kampagnen entwickeln<\/h3><\/div><\/div>\t\t\t\t<\/div>\n\t\t\t\t<\/div>\n\t\t\t\t<div class=\"elementor-element elementor-element-098b592 elementor-align-left multiculturelle elementor-icon-list--layout-traditional elementor-list-item-link-full_width elementor-widget elementor-widget-icon-list\" data-id=\"098b592\" data-element_type=\"widget\" data-widget_type=\"icon-list.default\">\n\t\t\t\t<div class=\"elementor-widget-container\">\n\t\t\t\t\t\t\t<ul class=\"elementor-icon-list-items\">\n\t\t\t\t\t\t\t<li class=\"elementor-icon-list-item\">\n\t\t\t\t\t\t\t\t\t\t\t<span class=\"elementor-icon-list-icon\">\n\t\t\t\t\t\t\t<i aria-hidden=\"true\" class=\"fas fa-circle\"><\/i>\t\t\t\t\t\t<\/span>\n\t\t\t\t\t\t\t\t\t\t<span class=\"elementor-icon-list-text\">Tiefes Verst\u00e4ndnis lokaler Sensibilit\u00e4ten<\/span>\n\t\t\t\t\t\t\t\t\t<\/li>\n\t\t\t\t\t\t\t\t<li class=\"elementor-icon-list-item\">\n\t\t\t\t\t\t\t\t\t\t\t<span class=\"elementor-icon-list-icon\">\n\t\t\t\t\t\t\t<i aria-hidden=\"true\" class=\"fas fa-circle\"><\/i>\t\t\t\t\t\t<\/span>\n\t\t\t\t\t\t\t\t\t\t<span class=\"elementor-icon-list-text\">Robuste kreative Strategie<\/span>\n\t\t\t\t\t\t\t\t\t<\/li>\n\t\t\t\t\t\t\t\t<li class=\"elementor-icon-list-item\">\n\t\t\t\t\t\t\t\t\t\t\t<span class=\"elementor-icon-list-icon\">\n\t\t\t\t\t\t\t<i aria-hidden=\"true\" class=\"fas fa-circle\"><\/i>\t\t\t\t\t\t<\/span>\n\t\t\t\t\t\t\t\t\t\t<span class=\"elementor-icon-list-text\">Enge Zusammenarbeit mit lokalen Teams<\/span>\n\t\t\t\t\t\t\t\t\t<\/li>\n\t\t\t\t\t\t<\/ul>\n\t\t\t\t\t\t<\/div>\n\t\t\t\t<\/div>\n\t\t\t\t<div class=\"elementor-element elementor-element-88b9c44 elementor-widget-mobile__width-inherit elementor-widget elementor-widget-text-editor\" data-id=\"88b9c44\" data-element_type=\"widget\" data-widget_type=\"text-editor.default\">\n\t\t\t\t<div class=\"elementor-widget-container\">\n\t\t\t\t\t\t\t\t\tBei Datawords kombinieren wir all diese Elemente, um unseren Kunden Kampagnen zu liefern, die jede Zielgruppe wirklich erreichen.\nIndem wir kulturelle Spezifika ins Zentrum unseres kreativen Prozesses stellen, helfen wir Marken, sich tief mit ihren Zielgruppen zu verbinden \u2013 \u00fcberall auf der Welt.\t\t\t\t\t\t\t\t<\/div>\n\t\t\t\t<\/div>\n\t\t\t\t<\/div>\n\t\t\t\t\t<\/div>\n\t\t\t\t<\/div>\n\t\t\t\t<\/div>\n\t\t","protected":false},"excerpt":{"rendered":"<p>Kreation globaler Kampagnen Wirksame Kommunikationskampagnen zu entwickeln, die auch lokal relevant sind, ist eine gro\u00dfe Herausforderung, verst\u00e4rkt durch eine globalisierte Welt, die von Hyper-Personalisierung und regionalen Besonderheiten gepr\u00e4gt ist. UNSERE EXPERTISE UNSERE EXPERTISE Wir entwickeln multikulturelle Kampagnen, die wirklich mit den lokalen Zielgruppen in Resonanz treten. Unser Ansatz basiert auf einem tiefen Verst\u00e4ndnis der Kulturen [&hellip;]<\/p>\n","protected":false},"author":1,"featured_media":82227,"parent":0,"menu_order":0,"comment_status":"closed","ping_status":"closed","template":"","meta":{"_acf_changed":false,"content-type":"","footnotes":""},"class_list":["post-283060","page","type-page","status-publish","has-post-thumbnail","hentry"],"acf":[],"_links":{"self":[{"href":"https:\/\/datawords.com\/de-ch\/wp-json\/wp\/v2\/pages\/283060","targetHints":{"allow":["GET"]}}],"collection":[{"href":"https:\/\/datawords.com\/de-ch\/wp-json\/wp\/v2\/pages"}],"about":[{"href":"https:\/\/datawords.com\/de-ch\/wp-json\/wp\/v2\/types\/page"}],"author":[{"embeddable":true,"href":"https:\/\/datawords.com\/de-ch\/wp-json\/wp\/v2\/users\/1"}],"replies":[{"embeddable":true,"href":"https:\/\/datawords.com\/de-ch\/wp-json\/wp\/v2\/comments?post=283060"}],"version-history":[{"count":3,"href":"https:\/\/datawords.com\/de-ch\/wp-json\/wp\/v2\/pages\/283060\/revisions"}],"predecessor-version":[{"id":313541,"href":"https:\/\/datawords.com\/de-ch\/wp-json\/wp\/v2\/pages\/283060\/revisions\/313541"}],"wp:featuredmedia":[{"embeddable":true,"href":"https:\/\/datawords.com\/de-ch\/wp-json\/wp\/v2\/media\/82227"}],"wp:attachment":[{"href":"https:\/\/datawords.com\/de-ch\/wp-json\/wp\/v2\/media?parent=283060"}],"curies":[{"name":"wp","href":"https:\/\/api.w.org\/{rel}","templated":true}]}}